{"id":62657,"date":"2023-04-18T16:07:45","date_gmt":"2023-04-18T23:07:45","guid":{"rendered":"https:\/\/www.squareone.ca\/soutien\/bases-assurance-conseils\/primes\/cote-assurance"},"modified":"2025-06-19T12:05:52","modified_gmt":"2025-06-19T19:05:52","slug":"cote-assurance","status":"publish","type":"page","link":"https:\/\/www.squareone.ca\/fr\/centres-ressources\/bases-assurance\/cote-assurance","title":{"rendered":"Initiation \u00e0 votre cote d\u2019assurance"},"content":{"rendered":"<section id='intro' class=\"bg-shape-split bg-sub-page-hero\">\r\n    <div class=\"bg-position\">\r\n        <div class=\"container-fluid\">\r\n            <div class=\"row align-items-center\">\r\n                <div class=\"col-12 col-lg-8\">\r\n                    <h1>Initiation \u00e0 votre cote d\u2019assurance<\/h1>\r\n  <strong>Article r\u00e9dig\u00e9 par l'\u00e9quipe de Square One<\/strong>\r\n\t\t\t\t\t<p><strong>\u00c9valu\u00e9 par <a href=\"\/fr\/a-propos-de-nous\/experts\/rena-novotny\" title=\"Experte : Rena Novotny\">Rena Novotny<\/a><\/strong><\/p>\r\n\t\t\t\t\t<p class=\"pb-4\" style=\"margin-top:-24px\">Mis \u00e0 jour le 18 juin 2024<\/p>\t\t\t\t\r\n                <\/div>\r\n            <\/div>\r\n\r\n            <div class=\"row\">\r\n                <div class=\"col-lg-8\">\r\n                    <p class=\"display-4\">Si vous \u00eates comme bon nombre d\u2019entre nous, vous examinez les solutions <a href=\"\/fr\/habitation\" title=\"Assurance habitation\">d\u2019assurance habitation<\/a> offertes sur le march\u00e9. Parmi les facteurs \u00e0 prendre en consid\u00e9ration, on retrouve les primes, le traitement des r\u00e9clamations, la fiabilit\u00e9, la possibilit\u00e9 de communiquer avec un repr\u00e9sentant en temps opportun et la facilit\u00e9 d\u2019obtenir une soumission ou une police en ligne, en personne ou au t\u00e9l\u00e9phone.<\/p>\r\n                    <p class=\"display-4\">Tous ces facteurs et d\u2019autres peuvent vous aider \u00e0 d\u00e9terminer la compagnie \u00e0 qui vous voulez confier l\u2019assurance de vos possessions pr\u00e9cieuses. <\/p>\r\n                    <p class=\"pt-2\"><img loading=\"lazy\" decoding=\"async\" src=\"https:\/\/cdn.squareone.ca\/wp-content\/uploads\/2012\/03\/30071433\/Green-checklist-e1350517756621.jpg\" title=\"Initiation \u00e0 votre cote d\u2019assurance\" alt=\"Liste de v\u00e9rification \u00e0 cochets verts\" width=\"248\" height=\"186\" class=\"img-fluid\" rel=\"noopener noreferrer\" \/><\/p>\r\n                <\/div>\r\n\r\n                <div class=\"col-lg-3 offset-lg-1\">          \r\n                    <p class=\"mb-2 display-4 pt-4 pt-lg-0 pt-mb-0\"><strong>Th\u00e8mes<\/strong><\/p>\r\n                        <ul class=\"list-unstyled link-list display-4\">\r\n                            <li><a href='#basics'>Les bases<\/a><\/li>\r\n                            <li><a href='#current'>Assurance actuelle<\/a><\/li>\r\n                            <li><a href='#denied'>Couverture refus\u00e9e<\/a><\/li>\r\n                            <li><a href='#non-payment'>Probl\u00e8mes de d\u00e9faut de paiement<\/a><\/li>\r\n                            <li><a href='#claims'>Ant\u00e9c\u00e9dents de r\u00e9clamations<\/a><\/li>\r\n                            <li><a href='#credit'>Pointage de cr\u00e9dit<\/a><\/li>\r\n                        <\/ul>\r\n                <\/div>\r\n            <\/div>  \r\n        <\/div>\r\n    <\/div>\r\n    <div class=\"bg-bottom\"><\/div>\r\n<\/section>\r\n\r\n\r\n<section>\r\n    <div class=\"container-fluid py-6\">\r\n        <div class=\"row\">\r\n            <div class=\"col-12 col-lg-8\">\r\n\r\n <div class=\"row pb-6\">\r\n                    <div class=\"col-12\">\r\n                        <div class=\"card review\" style='background-color:#FFE0C9'>\r\n                            <div class=\"card-body\">\r\n                                <p class=\"h3\">L&rsquo;essentiel<\/p>\r\n                                <ul class='mb-0'>\r\n                                    <li>Les primes d&rsquo;assurance sont calcul\u00e9es en fonction de plusieurs facteurs individuels qui dans leur ensemble donnent la cote d&rsquo;assurance.<\/li>\r\n                                    <li>Les objets ayant un risque plus \u00e9lev\u00e9 affichent des primes plus hautes.<\/li>\r\n                                <\/ul>\r\n                            <\/div>\r\n                        <\/div>\r\n                    <\/div>\r\n\t\t\t\r\n\t\t\t<h2 id=\"basics\">Qu\u2019est-ce qu\u2019une cote d\u2019assurance?<\/h2>\r\n\t\t\t<p>Vous vous demandez comment les fournisseurs d\u2019assurance d\u00e9terminent les primes? Chaque fois qu\u2019un fournisseur d\u2019assurance d\u00e9livre une nouvelle police, il prend un risque calcul\u00e9, car il doit recueillir suffisamment de primes pour r\u00e9gler les r\u00e9clamations accept\u00e9es au cours de l\u2019ann\u00e9e. Les assureurs examinent de nombreux facteurs afin de d\u00e9terminer une prime, comme l\u2019\u00e2ge et l\u2019\u00e9tat du domicile \u00e0 assurer, en plus de certains facteurs concernant le propri\u00e9taire occupant ou le propri\u00e9taire bailleur. Globalement, ces facteurs font partie de la cote d\u2019assurance qui aide \u00e0 d\u00e9terminer votre prime.<\/p>\r\n\t\t\t\r\n\t\t\t<h3 id=\"current\">Avez-vous actuellement une police d\u2019assurance?<\/h3>\r\n\t\t\t<p>Sur le plan statistique, le comportement pass\u00e9 est un indicateur solide du comportement futur. Si vous avez une police d\u2019assurance habitation en vigueur et vous pr\u00e9sentez rarement des r\u00e9clamations, un \u00e9ventuel fournisseur d\u2019assurance saura qu\u2019il y a moins de chances que vous pr\u00e9sentez des r\u00e9clamations \u00e0 l\u2019avenir, ce qui pourrait donner lieu \u00e0 une prime r\u00e9duite. Un dossier sans r\u00e9clamations d\u00e9montre que vous \u00eates un propri\u00e9taire occupant ou locataire responsable qui \u00e9vite d\u2019endommager sa propri\u00e9t\u00e9 et qui entretient ses possessions.<\/p>\r\n\t\t\t<p>Si vous n\u2019avez pas une police d\u2019assurance habitation en vigueur, pas de souci\u00a0: il ne s\u2019agit pas d\u2019une condition pr\u00e9alable pour souscrire une police d\u2019assurance habitation. Tout le monde souscrit une police d\u2019assurance pour la premi\u00e8re fois \u00e0 un moment donn\u00e9! Dans la plupart des cas, le fait de ne pas avoir des ant\u00e9c\u00e9dents d\u2019assurance ne touchera que la prime et, dans certains cas, les franchises ou les limitations de couverture auxquelles vous \u00eates admissible pour votre premi\u00e8re police.<\/p>\r\n\t\t\t\r\n\t\t\t<h3 id=\"denied\">La couverture vous a-t-elle \u00e9t\u00e9 refus\u00e9e par un autre assureur?<\/h3>\r\n\t\t\t<p>Si votre fournisseur d\u2019assurance habitation existant refuse de renouveler votre police, votre nouveau fournisseur d\u2019assurance habitation aura quelques questions suppl\u00e9mentaires \u00e0 vous poser. Il y a de nombreuses raisons banales pour lesquelles vous pouvez vous trouver dans cette situation. Peut-\u00eatre vous avez achet\u00e9 une maison neuve dans une zone dans laquelle votre fournisseur n\u2019offre pas de service. Ou un fournisseur d\u00e9cide de ne plus assurer certains types d\u2019habitations. Dans ces situations, vous pourrez trouver un nouveau fournisseur d\u2019assurance habitation sans trop d\u2019ennuis.<\/p>\r\n\t\t\t<p>Par ailleurs, il est possible qu\u2019un fournisseur d\u2019assurance habitation cesse de vous assurer si vous pr\u00e9sentez plusieurs r\u00e9clamations pendant une courte p\u00e9riode. Ou vous commencez \u00e0 utiliser votre habitation \u00e0 des fins professionnelles, comme la location \u00e0 court terme, et l\u2019assureur ne veut pas assurer le nouveau risque. Dans ce cas, le nouveau fournisseur d\u2019assurance voudra connaitre tous les d\u00e9tails afin de d\u00e9terminer si ses lignes directrices de souscription lui permettra de vous offrir une police.<\/p>\r\n\t\t\t\r\n\t\t\t<h3 id=\"non-payment\">Votre police a-t-elle \u00e9t\u00e9 r\u00e9sili\u00e9e par un assureur pour d\u00e9faut de paiement?<\/h3>\r\n\t\t\t<p>Si un fournisseur d\u2019assurance a r\u00e9sili\u00e9 votre police par le pass\u00e9 pour le d\u00e9faut de paiement d\u2019une prime, il est possible que le nouveau fournisseur d\u2019assurance vous pose des questions suppl\u00e9mentaires. Encore une fois, il y a des circonstances banales qui pourraient vous mettre dans cette situation, comme l\u2019usurpation d\u2019identit\u00e9 ou une carte de cr\u00e9dit compromise. Toutefois, si votre police a \u00e9t\u00e9 r\u00e9sili\u00e9e pour d\u00e9faut de paiement en raison des paiements tardifs fr\u00e9quents, il est probable que certains fournisseurs d\u2019assurance habitation ne voudront pas vous assurer. Sinon, on insistera que vous fassiez des paiements int\u00e9graux et non mensuels.<\/p>\r\n\r\n\t\t\t<p>Une id\u00e9e re\u00e7ue courante c\u2019est que si vous ne voulez plus de police d\u2019assurance, vous cessez de r\u00e9gler la prime et la police sera donc r\u00e9sili\u00e9e. Ceci est \u00e0 \u00e9viter! La r\u00e9siliation pour d\u00e9faut de paiement peut rendre la souscription d\u2019assurance ou la possibilit\u00e9 de paiements mensuels plus difficile \u00e0 obtenir \u00e0 l\u2019avenir. Si vous n\u2019avez plus besoin de votre police, informez votre fournisseur d\u2019assurance\u00a0: vous avez le droit de r\u00e9silier votre police sur demande en tout temps.<\/p>\r\n\r\n\r\n            <\/div>\r\n        <\/div>\r\n    <\/div>\r\n<\/section>\r\n\r\n\t<section class=\"bg-transparent\">\n\t\t<img decoding=\"async\" src=\"\/sales\/images\/bgs\/bg-mid-page-cta-general-top.svg\" style=\"width: 100%; vertical-align: bottom; position: relative; top: 1px\"\/>\n\t\t\n\t\t<div class=\"bg-darkTeal py-3\">\t\t\t\n\t\t\t<div class=\"container-fluid\">\n\t\t\t\t<div class=\"row d-flex align-items-center pb-5\">\n\t\t\t\t\t<div class=\"col-12 col-md-8 offset-md-2 px-lg-5 pb-5 pb-lg-0\">\n\t\t\t\t\t\t<div class=\"h6 mb-4 text-primary text-uppercase text-center\">\n\t\t\t\t\t\t\tCela ne prend que 5\u00a0minutes \n\t\t\t\t\t\t<\/div>\t\t\n\t\t\t\t\t\t\t\t\t\t\t\n\t\t\t\t\t\t<p class=\"lead px-lg-5 text-white\">\n\t\t\t\t\t\t\t<strong class=\"d-inline-block text-uc-first\">Pr\u00eat \u00e0 obtenir une soumission en ligne? <\/strong> Votre temps est aussi pr\u00e9cieux que vos possessions. Obtenez une soumission d'assurance habitation en <strong>5 minutes<\/strong>. C\u2019est moins de temps qu\u2019il n\u2019en faut pour faire la file pour un caf\u00e9.\n\t\t\t\t\t\t<\/p>\t\t\t\n\t\n\t\t\t\t\t\t<div id=\"sq1-qw-9a2e5a01cf99\" class=\"sq1-quote-widget mb-4 text-white\" data-quote-widget-type=\"HOME\" data-has-custom-text=\"true\">\n\t\t\t\t\t\t\t<div class=\"input-group input-group-focus-within bg-white my-4\">\n\t\t\t\t\t\t\t\t<div>\n\t\t\t\t\t\t\t\t\t<div class=\"input-group-text\">\n\t\t\t\t\t\t\t\t\t\t<i class=\"fa fa-map-marker d-block text-black\"><\/i>\n\t\t\t\t\t\t\t\t\t<\/div>\n\t\t\t\t\t\t\t\t<\/div>\n\t\t\t\t\t\t\t\t<input type=\"text\" class=\"form-control\" style=\"padding: 10px;\" placeholder=\"Enter an address\" aria-label=\"Inscrivez votre adresse pour obtenir une soumission\"\/>\n\t\t\t\t\t\t\t\t<div>\n\t\t\t\t\t\t\t\t\t<button class=\"btn btn-primary\">Obtenir une soumission en ligne d\u00e8s maintenant<\/button>\n\t\t\t\t\t\t\t\t<\/div>\n\t\t\t\t\t\t\t<\/div>\n\t\t\t\t\t\t<\/div>\n\t\t\t\t\t\t\n\t\t\t\t\t\t<p class=\"small text-white\">Avant de commencer, veuillez lire notre <a href=\"https:\/\/www.squareone.ca\/fr\/politique-confidentialite\" target=\"_blank\" rel=\"noreferrer noopener\">Politique de confidentialit\u00e9<\/a> et nos <a href=\"https:\/\/www.squareone.ca\/fr\/conditions-utilisation\" target=\"_blank\" rel=\"noreferrer noopener\">Conditions d\u2019utilisation<\/a>.<\/p>\t\n\t\n\t\t\t\t\t\t<script type=\"text\/javascript\">\n\t\t\t\t\t\t(function() {\n\t\t\t\t\t\t\tdocument.addEventListener('soiMiscJsLoaded', function() {\n\t\t\t\t\t\t        $(document).ready(function() {\n\t\t\t\t\t\t\t\t\tsoiQuoteWidget.processFormWidget('\/sales\/index.php\/json_quote_widget?rand=' +Math.random(), 'qwContainer'); \/\/populate quoting widget with content from symfony.\n\t\t\t\t\t\t\t\t});\n\t\t\t\t\t\t\t});\n\t\t\t\t\t\t})();\n\t\t\t\t\t\t<\/script>\n\t\t\t\t\t<\/div>\n\t\t\t\t<\/div>\n\t\t\t<\/div>\n\t\t<\/div>\n\t\t\n\t\t<img decoding=\"async\" src=\"\/sales\/images\/bgs\/bg-mid-page-cta-general-bottom.svg\" style=\"width: 100%; vertical-align: top\"\/>\t\t\n\t<\/section>\r\n\r\n<section>\r\n    <div class=\"container-fluid py-6\">\r\n        <div class=\"row\">\r\n            <div class=\"col-12 col-lg-8\">\r\n\r\n\r\n\t\t\t<h3 id=\"claims\">Avez-vous pr\u00e9sent\u00e9 des r\u00e9clamations par le pass\u00e9?<\/h3>\r\n\t\t\t<p>Vers le d\u00e9but de l\u2019article, nous avons constat\u00e9 que le comportement pass\u00e9 est un indicateur solide du comportement futur. Pour cette raison, votre <a href=\"\/fr\/soutien\/faq-assurances#claims\" title=\"Questions fr\u00e9quemment pos\u00e9es sur l\u2019assurance, r\u00e9clamations\">dossier de r\u00e9clamations<\/a> est l\u2019un des facteurs pris en consid\u00e9ration par les fournisseurs d\u2019assurance habitation. Sur le plan statistique, un client qui a pr\u00e9sent\u00e9 des r\u00e9clamations par le pass\u00e9 est plus susceptible \u00e0 en pr\u00e9senter \u00e0 l\u2019avenir. R\u00e9sultat\u00a0: l\u2019assureur exigera une prime plus \u00e9lev\u00e9e pour r\u00e9cup\u00e9rer l\u2019argent requis pour r\u00e9gler des r\u00e9clamations futures.<\/p>\r\n\t\t\t<p>Si vous recherchez une police moins dispendieuse, vous avez int\u00e9r\u00eat \u00e0 \u00eatre honn\u00eate au sujet de vos r\u00e9clamations ant\u00e9rieures. La plupart des compagnies d\u2019assurance utilisent l\u2019Habitational Insurance Tracking System (HITS) pour rechercher des r\u00e9clamations que vous auriez pr\u00e9sent\u00e9es. Entre autres, cet outil saisit les sinistres que vous avez initialement d\u00e9clar\u00e9s, mais que vous avez par la suite d\u00e9cid\u00e9 de ne pas pr\u00e9senter. Si votre fournisseur d\u2019assurance vous interroge sur les r\u00e9clamations ant\u00e9rieures et vous ne r\u00e9pondez pas sinc\u00e8rement, votre police peut \u00eatre r\u00e9sili\u00e9e et vos r\u00e9clamations peuvent \u00eatre refus\u00e9es. Vous ne voulez pas vous trouver dans cette situation; vous pouvez \u00e9viter des ennuis en r\u00e9pondant aux questions honn\u00eatement. De cette mani\u00e8re, votre nouveau fournisseur d\u2019assurance peut calculer la prime avec exactitude et si jamais vous pr\u00e9sentez une r\u00e9clamation, vous aurez plus de chances de recevoir un r\u00e8glement.<\/p>\r\n\t\t\t\r\n\t\t\t<h3>Y a-t-il eu des sinistres ant\u00e9rieurs dans votre habitation?<\/h3>\r\n\t\t\t<p>Parfois, les ant\u00e9c\u00e9dents des r\u00e9clamations d\u2019une habitation peut indiquer si l\u2019habitation elle-m\u00eame pr\u00e9sente plus de risque de certains types de sinistres. Par exemple, si un syst\u00e8me d\u2019\u00e9gouts vieillissant est \u00e0 l\u2019origine de nombreuses <a href=\"\/fr\/habitation\/refoulement-eau\" title=\"Assurance contre le refoulement d\u2019eau\">r\u00e9clamations pour le refoulement d\u2019eau<\/a>, il est raisonnable de supposer qu\u2019une prime plus \u00e9lev\u00e9e est requise pour r\u00e9gler les r\u00e9clamations futures probables.<\/p>\r\n\t\t\t\r\n\r\n\t\t\t<h3 id=\"credit\">Avez-vous un pointage de cr\u00e9dit solide?<\/h3>\r\n\t\t\t<p>De nombreuses compagnies d\u2019assurance effectuent une <a href=\"\/fr\/centres-ressources\/lexique-assurance\/verification-credit\" title=\"D\u00e9finition : v\u00e9rification de cr\u00e9dit\">v\u00e9rification de cr\u00e9dit<\/a> secondaire sur les clients. Sur le plan statistique, il est moins probable qu\u2019une personne ayant un pointage de cr\u00e9dit solide pr\u00e9sente une r\u00e9clamation d\u2019assurance habitation. Cela signifie qu\u2019un fournisseur d\u2019assurance habitation peut offrir une prime moins \u00e9lev\u00e9e, car il est plus probable que le client pr\u00e9sente moins de r\u00e9clamations ou des r\u00e9clamations mineures \u00e0 l\u2019avenir.<\/p>\r\n\t\t\t\r\n\t\t\t<p>Chez Square One, nous effectuons une v\u00e9rification de cr\u00e9dit \u00ab\u00a0secondaire\u00a0\u00bb qui n\u2019a aucune incidence sur votre pointage de cr\u00e9dit.<\/p>\r\n\r\n\t\t\t<p><strong>Vous voulez en savoir plus?<\/strong> Consultez notre <a href=\"\/fr\/centres-ressources\/bases-assurance\" title=\"Centre de ressources : bases de l\u2019assurance habitation\">Centre de ressources&nbsp;: bases de l\u2019assurance habitation<\/a> pour acc\u00e9der \u00e0 des dizaines d\u2019articles pratiques pour vous guider sur les tenants et aboutissants de l\u2019assurance habitation. Ensuite, <a href=\"\/fr\/soumission-assurance-habitation-en-ligne\" title=\"Obtenir une soumission d\u2019assurance habitation en ligne\">obtenez une soumission d'assurance habitation en ligne<\/a> en moins de 5\u00a0minutes et d\u00e9couvrez \u00e0 quel point l\u2019assurance habitation personnalis\u00e9e peut \u00eatre abordable.<\/p>\r\n\r\n\t\t\t<div class=\"row py-3\">\r\n<div class=\"col-12\">\r\n<div class=\"card review\" style=\"box-shadow: 0 2px 4px rgba(0,0,0,0.07);background-color:#f4f4f4;\">\r\n<div class=\"card-body\">\r\n\t<p class=\"text-primary h4\">\u00c0 propos de l\u2019experte&nbsp;: Rena Novotny<\/p>\r\n\t<p>Rena a commenc\u00e9 sa carri\u00e8re de 23&nbsp;ans \u00e0 titre d\u2019experte en sinistres ind\u00e9pendante o\u00f9 elle s\u2019est sp\u00e9cialis\u00e9e dans les sinistres complexes, de responsabilit\u00e9 civile et de risque sp\u00e9cial. \u00c0 titre de gestionnaire de succursale, Rena embauchait, formait, encadrait et entra\u00eenait plusieurs experts en sinistres. Elle poursuit des \u00e9tudes sup\u00e9rieures \u00e0 temps partiel en neuro-psychologie et traumatisme dans le but d\u2019apprendre comment les deux conditions pourraient toucher l\u2019engagement de l\u2019assur\u00e9 quant aux sinistres catastrophiques. Titulaire d\u2019une ma\u00eetrise en analyse et gestion de conflits, Rena est munie des d\u00e9signations CRM, PAA et d\u2019un certificat en expertise en r\u00e8glement de sinistres, niveau&nbsp;3.<\/p>\r\n\t\r\n<\/div>\r\n<\/div>\r\n<\/div>\r\n<\/div>\r\n\r\n\t\t<\/div>\r\n    <\/div>\r\n<\/div>\r\n<\/section>\r\n<script type=\"application\/ld+json\">\r\n{\r\n  \"@context\": \"https:\/\/schema.org\",\r\n  \"@type\": \"WebPage\",\r\n  \"mainEntityOfPage\": {\r\n    \"@type\": \"Article\",\r\n    \"@id\": \"https:\/\/www.squareone.ca\/fr\/centres-ressources\/bases-assurance\/cote-assurance\"\r\n  },\r\n  \"author\": [\r\n    {\r\n      \"@type\": \"Person\",\r\n      \"name\": \"Square One team\"\r\n    }\r\n  ],\r\n  \"reviewedBy\": [\r\n    {\r\n      \"@type\": \"Person\",\r\n      \"name\": \"Rena Novotny\",\r\n      \"url\": \"https:\/\/www.squareone.ca\/fr\/a-propos-de-nous\/experts\/rena-novotny\"\r\n    }\r\n  ],\r\n  \"headline\": \"Initiation \u00e0 votre cote d\u2019assurance\",\r\n  \"datePublished\": \"\",\r\n  \"dateModified\": \"\",\r\n  \"inLanguage\": \"fr-CA\",\r\n  \"isAccessibleForFree\": true\r\n}\r\n<\/script>\r\n<script type=\"application\/ld+json\">\r\n{\r\n  \"@context\": \"https:\/\/schema.org\",\r\n  \"@type\": \"FAQPage\",\r\n  \"mainEntity\": {\r\n    \"@type\": \"Question\",\r\n    \"name\": \"Qu'est-ce qu'une cote d\u2019assurance?\",\r\n    \"acceptedAnswer\": {\r\n      \"@type\": \"Answer\",\r\n      \"text\": \"Chaque fois qu\u2019un fournisseur d\u2019assurance d\u00e9livre une nouvelle police, il prend un risque calcul\u00e9\u00a0: il doit recueillir suffisamment de primes pour r\u00e9gler les r\u00e9clamations accept\u00e9es au cours de l\u2019ann\u00e9e. Les assureurs examinent de nombreux facteurs afin de d\u00e9terminer la prime, comme l\u2019\u00e2ge et l\u2019\u00e9tat du domicile, en plus de certains facteurs concernant le propri\u00e9taire occupant ou le propri\u00e9taire bailleur. Globalement, ces facteurs font partie de la cote d\u2019assurance qui aide \u00e0 d\u00e9terminer votre prime.\"\r\n    }\r\n  }\r\n}\r\n<\/script>","protected":false},"excerpt":{"rendered":"<p>Initiation \u00e0 votre cote d\u2019assurance \u00c9valu\u00e9 par Rena Novotny Si vous \u00eates comme bon nombre d\u2019entre nous, vous examinez les solutions d\u2019assurance habitation offertes sur le march\u00e9. Parmi les facteurs \u00e0 prendre en consid\u00e9ration, on retrouve les primes, le traitement des r\u00e9clamations, la fiabilit\u00e9, la possibilit\u00e9 de communiquer avec un repr\u00e9sentant en temps opportun et [&hellip;]<\/p>\n","protected":false},"author":2,"featured_media":0,"parent":50045,"menu_order":15,"comment_status":"open","ping_status":"open","template":"page-article-new.php","meta":{"_acf_changed":false,"footnotes":""},"class_list":["post-62657","page","type-page","status-publish","hentry"],"acf":[],"_links":{"self":[{"href":"https:\/\/www.squareone.ca\/fr\/wp-json\/wp\/v2\/pages\/62657","targetHints":{"allow":["GET"]}}],"collection":[{"href":"https:\/\/www.squareone.ca\/fr\/wp-json\/wp\/v2\/pages"}],"about":[{"href":"https:\/\/www.squareone.ca\/fr\/wp-json\/wp\/v2\/types\/page"}],"author":[{"embeddable":true,"href":"https:\/\/www.squareone.ca\/fr\/wp-json\/wp\/v2\/users\/2"}],"replies":[{"embeddable":true,"href":"https:\/\/www.squareone.ca\/fr\/wp-json\/wp\/v2\/comments?post=62657"}],"version-history":[{"count":8,"href":"https:\/\/www.squareone.ca\/fr\/wp-json\/wp\/v2\/pages\/62657\/revisions"}],"predecessor-version":[{"id":75617,"href":"https:\/\/www.squareone.ca\/fr\/wp-json\/wp\/v2\/pages\/62657\/revisions\/75617"}],"up":[{"embeddable":true,"href":"https:\/\/www.squareone.ca\/fr\/wp-json\/wp\/v2\/pages\/50045"}],"wp:attachment":[{"href":"https:\/\/www.squareone.ca\/fr\/wp-json\/wp\/v2\/media?parent=62657"}],"curies":[{"name":"wp","href":"https:\/\/api.w.org\/{rel}","templated":true}]}}