{"id":62890,"date":"2023-05-26T10:44:36","date_gmt":"2023-05-26T17:44:36","guid":{"rendered":"https:\/\/www.squareone.ca\/centres-ressources\/proprietaires-maisons-et-coproprietes\/astuces-entretien-piscine"},"modified":"2025-09-23T15:57:21","modified_gmt":"2025-09-23T22:57:21","slug":"astuces-entretien-piscine","status":"publish","type":"page","link":"https:\/\/www.squareone.ca\/fr\/centres-ressources\/proprietaire-occupant\/astuces-entretien-piscine","title":{"rendered":"Astuces et tuyaux pour l\u2019entretien de piscine"},"content":{"rendered":"<section id='intro' class=\"bg-shape-split bg-sub-page-hero\">\r\n    <div class=\"bg-position\">\r\n        <div class=\"container-fluid\">\r\n            <div class=\"row align-items-center\">\r\n                <div class=\"col-12 col-lg-8\">\r\n                    <h1>Astuces et tuyaux pour l\u2019entretien de piscine<\/h1>\r\n                    <strong>Article r\u00e9dig\u00e9 par l'\u00e9quipe de Square One<\/strong>\r\n                    <p><\/p>\r\n                    <p class=\"pb-4\" style=\"margin-top:-24px\">Mis \u00e0 jour le 18 ao\u00fbt 2025<\/p>\r\n                <\/div>\r\n            <\/div>\r\n\r\n            <div class=\"row\">\r\n                <div class=\"col-lg-8\">\r\n                    <p class=\"display-4\">En beau temps, qui ne veut pas passer une journ\u00e9e au bord d\u2019une piscine sous le soleil? Une piscine creus\u00e9e bien entretenue est l\u2019endroit id\u00e9al pour vous d\u00e9tendre, assis sur la <a href=\"https:\/\/www.squareone.ca\/fr\/centres-ressources\/connaitre-votre-habitation\/initiation-aux-terrasses-et-aux-patios\">terrasse<\/a>, une boisson fra\u00eeche \u00e0 la main sous le soleil.<\/p>\r\n                <p class=\"display-4\">Une piscine est \u00e9galement un bel espace pour socialiser. Vos amis aimeront une f\u00eate autour de la piscine\u00a0: certains de vos invit\u00e9s danseront sur la terrasse sous la lumi\u00e8re des lanternes, alors que d\u2019autres joueront au volley dans la piscine ou relaxeront sur une chaise longue gonflable. Les enfants et leurs amis viendront en masse chez vous pour s\u2019amuser dans la piscine et l\u2019arri\u00e8re-cour.<\/p>\r\n                    <p class=\"pt-2\"><img decoding=\"async\" src=\"https:\/\/cdn.squareone.ca\/wp-content\/uploads\/2021\/10\/05132536\/Pool-Maintenance-Tips-and-Tricks.jpg\" alt=\"Une famille dans la piscine avec papa, maman et enfants.\" width=\"248px\" class=\"img-fluid\" rel=\"noopener noreferrer\" \/><\/p>\r\n                <\/div>\r\n\r\n                <div class=\"col-lg-3 offset-lg-1\">\r\n                    <p class=\"mb-2 display-4 pt-4 pt-lg-0 pt-mb-0\"><strong>Th\u00e8mes<\/strong><\/p>\r\n                    <ul class=\"list-unstyled link-list display-4\">\r\n                        <li><a href='#Cleaning'>Nettoyage de la piscine<\/a><\/li>\r\n                        <li><a href='#Filters'>Filtres de piscine<\/a><\/li>\r\n                        <li><a href='#Chemicals'>Produits chimiques pour piscine<\/a><\/li>\r\n                        <li><a href='#Solar-cover'>Couvertures solaires pour piscine<\/a><\/li>\r\n                        <li><a href='#Swimwear'>Maillots de bain<\/a><\/li>\r\n                    <\/ul>\r\n                <\/div>\r\n            <\/div>  \r\n        <\/div>\r\n    <\/div>\r\n    <div class=\"bg-bottom\"><\/div>\r\n<\/section>\r\n\r\n\r\n<section>\r\n<div class=\"container-fluid py-6\">\r\n    <div class=\"row\">\r\n        <div class=\"col-12 col-lg-8\">\r\n\r\n\t\t\t<h2 id=\"Cleaning\">Nettoyage de la piscine<\/h2>\r\n                <img decoding=\"async\" loading=\"lazy\" src=\"https:\/\/cdn.squareone.ca\/wp-content\/uploads\/2016\/08\/26064850\/Pool-Cleaning.jpg\" title=\"Nettoyage de la piscine\" alt=\"Une personne nettoie une piscine creus\u00e9e \u00e0 l\u2019aide d\u2019un ramasse-feuilles\" width=\"800\" height=\"533\" class=\"img-fluid mb-5\" \/>\r\n            <p>Le nettoyage r\u00e9gulier est important pour entretenir la piscine. Place \u00e0 l&rsquo;\u00e9cumage et au frottage. \u00c9cumez les feuilles et les d\u00e9chets de la surface de l\u2019eau tous les jours pour emp\u00eacher les t\u00e2ches ou les obstructions. Gagnez du temps en vous servant d\u2019un aspirateur robot pour nettoyer le fond de la piscine. Frottez les murs de la piscine et les marches une fois tous les quinze jours \u00e0 l\u2019aide d\u2019une brosse de piscine pour emp\u00eacher l\u2019accumulation des algues, surtout dans les endroits \u00e0 faible circulation comme les coins et autour des \u00e9chelles.<\/p>\r\n\t\t\t\r\n            <p>Bien que l\u2019\u00e9cumage enl\u00e8ve la majorit\u00e9 des d\u00e9chets sur la surface, il est facile de rater des particules comme le poil et le sable. Pour optimiser l\u2019efficacit\u00e9 de l\u2019\u00e9cumeur, emballez un collant autour du panier de l\u2019\u00e9cumeur, car les mailles du collant aideront \u00e0 attraper les d\u00e9chets plus petits qui \u00e9chappent \u00e0 l\u2019\u00e9cumeur.<\/p>\r\n\r\n            <h3>Une balle de tennis dans la piscine?<\/h3>\r\n            <p>Lorsque les gens entrent dans une piscine, ils laissent dans l\u2019eau des huiles et des produits chimiques issus de la cr\u00e8me solaire, du maquillage et du lait corporel. Voici une petite astuce\u00a0: jetez une balle de tennis dans la piscine. Les fibres d\u2019une balle de tennis absorbent les huiles, ce qui aide \u00e0 nettoyer l\u2019eau.<\/p>\r\n\r\n            <h3>Piscine creus\u00e9e<\/h3>\r\n\t\t\t<p>Le fait d\u2019\u00eatre propri\u00e9taire d\u2019une piscine creus\u00e9e est agr\u00e9able, mais elle requiert un entretien constant pour assurer sa propret\u00e9, sa s\u00e9curit\u00e9 et son fonctionnement. Soyez assidu dans l&rsquo;entretien de votre piscine, mais n&rsquo;oubliez pas : cela ne doit pas n\u00e9cessairement \u00eatre une corv\u00e9e.<\/p>\r\n\t\t\t\r\n\t\t\t<p>Programmez une inspection professionnelle annuelle de votre piscine. Avant l\u2019inspection, v\u00e9rifiez s\u2019il y a des trous dans la toile, des odeurs ou des bruits d\u2019\u00e9quipement \u00e9tranges. Bien que vous ne puissiez pas r\u00e9gler chaque probl\u00e8me vous-m\u00eame, le fait de rep\u00e9rer les petits probl\u00e8mes peut vous \u00e9pargner des r\u00e9parations dispendieuses plus tard.<\/p>\r\n\r\n\r\n            <h2 id=\"Filters\">Filtre de piscine<\/h2>\r\n\t\t\t\r\n\t\t\t<p>Le filtre de votre piscine est essentiel pour enlever les impuret\u00e9s et pour privil\u00e9gier une eau claire. Nettoyez hebdomadairement le panier du filtre en suivant les \u00e9tapes ci-dessous\u00a0:<\/p>\r\n\t\t\t<ul>\r\n\t\t\t\t<li>\u00c9teignez le filtre<\/li>\r\n\t\t\t\t<li>Enlevez le couvercle du filtre<\/li>\r\n\t\t\t\t<li>Sortez et nettoyez le panier<\/li>\r\n\t\t\t<\/ul>\r\n\t\t\t\r\n\t\t\t<p>Une fois par mois, nettoyez les tuyaux du syst\u00e8me de filtre en r\u00e9glant les contr\u00f4les \u00e0 lavage \u00e0 contre-courant, en enlevant et nettoyant le panier des feuilles; ensuite, faites fonctionner la pompe jusqu\u2019\u00e0 ce que l\u2019eau claire coule du tuyau d\u2019\u00e9chappement. Le lavage \u00e0 contre-courant r\u00e9gulier aide \u00e0 maintenir la bonne circulation de l\u2019eau et emp\u00eache les obstructions qui peuvent provoquer l\u2019eau nuageuse ou la croissance des algues.<\/p>\r\n\t\t\t\r\n\t\t\t            <\/div>\r\n        <\/div>\r\n    <\/div>\r\n<\/section>\r\n\r\n\t<section class=\"bg-transparent\">\n\t\t<img decoding=\"async\" src=\"\/sales\/images\/bgs\/bg-mid-page-cta-general-top.svg\" style=\"width: 100%; vertical-align: bottom; position: relative; top: 1px\"\/>\n\t\t\n\t\t<div class=\"bg-darkTeal py-3\">\t\t\t\n\t\t\t<div class=\"container-fluid\">\n\t\t\t\t<div class=\"row d-flex align-items-center pb-5\">\n\t\t\t\t\t<div class=\"col-12 col-md-8 offset-md-2 px-lg-5 pb-5 pb-lg-0\">\n\t\t\t\t\t\t<div class=\"h6 mb-4 text-primary text-uppercase text-center\">\n\t\t\t\t\t\t\tCela ne prend que 5\u00a0minutes \n\t\t\t\t\t\t<\/div>\t\t\n\t\t\t\t\t\t\t\t\t\t\t\n\t\t\t\t\t\t<p class=\"lead px-lg-5 text-white\">\n\t\t\t\t\t\t\t<strong class=\"d-inline-block text-uc-first\">Pr\u00eat \u00e0 obtenir une soumission en ligne? <\/strong> Votre temps est aussi pr\u00e9cieux que vos possessions. Obtenez une soumission d'assurance habitation en <strong>5 minutes<\/strong>. C\u2019est moins de temps qu\u2019il n\u2019en faut pour faire la file pour un caf\u00e9.\n\t\t\t\t\t\t<\/p>\t\t\t\n\t\n\t\t\t\t\t\t<div id=\"sq1-qw-2b44458cbbb6\" class=\"sq1-quote-widget mb-4 text-white\" data-quote-widget-type=\"HOME\" data-has-custom-text=\"true\">\n\t\t\t\t\t\t\t<div class=\"input-group input-group-focus-within bg-white my-4\">\n\t\t\t\t\t\t\t\t<div>\n\t\t\t\t\t\t\t\t\t<div class=\"input-group-text\">\n\t\t\t\t\t\t\t\t\t\t<i class=\"fa fa-map-marker d-block text-black\"><\/i>\n\t\t\t\t\t\t\t\t\t<\/div>\n\t\t\t\t\t\t\t\t<\/div>\n\t\t\t\t\t\t\t\t<input type=\"text\" class=\"form-control\" style=\"padding: 10px;\" placeholder=\"Enter an address\" aria-label=\"Inscrivez votre adresse pour obtenir une soumission\"\/>\n\t\t\t\t\t\t\t\t<div>\n\t\t\t\t\t\t\t\t\t<button class=\"btn btn-primary\">Obtenir une soumission en ligne d\u00e8s maintenant<\/button>\n\t\t\t\t\t\t\t\t<\/div>\n\t\t\t\t\t\t\t<\/div>\n\t\t\t\t\t\t<\/div>\n\t\t\t\t\t\t\n\t\t\t\t\t\t<p class=\"small text-white\">Avant de commencer, veuillez lire notre <a href=\"https:\/\/www.squareone.ca\/fr\/politique-confidentialite\" target=\"_blank\" rel=\"noreferrer noopener\">Politique de confidentialit\u00e9<\/a> et nos <a href=\"https:\/\/www.squareone.ca\/fr\/conditions-utilisation\" target=\"_blank\" rel=\"noreferrer noopener\">Conditions d\u2019utilisation<\/a>.<\/p>\t\n\t\n\t\t\t\t\t\t<script type=\"text\/javascript\">\n\t\t\t\t\t\t(function() {\n\t\t\t\t\t\t\tdocument.addEventListener('soiMiscJsLoaded', function() {\n\t\t\t\t\t\t        $(document).ready(function() {\n\t\t\t\t\t\t\t\t\tsoiQuoteWidget.processFormWidget('\/sales\/index.php\/json_quote_widget?rand=' +Math.random(), 'qwContainer'); \/\/populate quoting widget with content from symfony.\n\t\t\t\t\t\t\t\t});\n\t\t\t\t\t\t\t});\n\t\t\t\t\t\t})();\n\t\t\t\t\t\t<\/script>\n\t\t\t\t\t<\/div>\n\t\t\t\t<\/div>\n\t\t\t<\/div>\n\t\t<\/div>\n\t\t\n\t\t<img decoding=\"async\" src=\"\/sales\/images\/bgs\/bg-mid-page-cta-general-bottom.svg\" style=\"width: 100%; vertical-align: top\"\/>\t\t\n\t<\/section>\r\n\r\n<section>\r\n    <div class=\"container-fluid py-6\">\r\n        <div class=\"row\">\r\n            <div class=\"col-12 col-lg-8\">\r\n\r\n\r\n            <h2 id=\"Chemicals\">Produits chimiques pour piscine<\/h2>\r\n\t\t\t<p>Le maintien des produits chimiques \u00e9quilibr\u00e9s dans la piscine est essentiel pour la nage s\u00e9curitaire et l\u2019eau claire. Testez r\u00e9guli\u00e8rement l\u2019eau de votre piscine, id\u00e9alement une ou deux fois par semaine \u00e0 l\u2019aide d\u2019une trousse de test que vous pouvez trouver dans tout magasin de fourniture de piscine. Il est important de surveiller les niveaux d\u2019acide cyanurique, de chlore libre, de pH, d\u2019alcalinit\u00e9 totale et de duret\u00e9 calcique. Ajustez-les au besoin afin de privil\u00e9gier l\u2019\u00e9quilibre de l\u2019eau. L\u2019eau \u00e9quilibr\u00e9e devrait \u00eatre limpide, inodore, et ne pas d\u00e9poser de r\u00e9sidus sur la peau.<\/p>\r\n\t\t\t\r\n\t\t\t<p>Si vous avez besoin d\u2019augmenter le niveau de pH ou d\u2019alcalinit\u00e9 de la piscine, le bicarbonate de soude constitue une solution de rechange efficace et abordable comparativement \u00e0 des produits chimiques normaux. Vous pouvez l\u2019utiliser gramme par gramme \u00e0 la place des agrandisseurs d\u2019alcalinit\u00e9.<\/p>\r\n\t\t\t\r\n\t\t\t<p>N\u2019oubliez pas d\u2019appliquer un traitement choc \u00e0 votre piscine tous les quinze jours, surtout apr\u00e8s l\u2019utilisation fr\u00e9quente ou les temp\u00eates, afin d\u2019\u00e9liminer les bact\u00e9ries et les contaminants. Suivez toujours les instructions du produit et appliquez le traitement choc le soir pour \u00e9viter la lumi\u00e8re du soleil.<\/p>\r\n\r\n\r\n            <h2 id=\"Solar-cover\">Couverture de piscine solaire<\/h2>\r\n\t\t\t<p>Le fait de chauffer la piscine peut augmenter les frais \u00e9nerg\u00e9tiques, mais une couverture solaire aide \u00e0 minimiser la perte de chaleur en r\u00e9duisant l\u2019\u00e9vaporation. Pour la plupart, la chaleur \u00e9chappe par l\u2019\u00e9vaporation; une couverture solaire est une mani\u00e8re \u00e9co\u00e9nerg\u00e9tique de maintenir une temp\u00e9rature confortable et de baisser votre facture d\u2019Hydro.<\/p>\r\n\r\n\r\n            <h2 id=\"Swimwear\">Maillots de bain<\/h2>\r\n                <img decoding=\"async\" loading=\"lazy\" src=\"https:\/\/cdn.squareone.ca\/wp-content\/uploads\/2016\/08\/26065230\/Pool-Swimwear.jpg\" title=\"Pool Swimwear\" alt=\"Un p\u00e8re et sa fille sautent dans une piscine, une femme au premier plan assise sur le bord de la piscine.\" width=\"800\" height=\"533\" class=\"img-fluid mb-5\" \/>\r\n\t\t\t<p>Encouragez tout le monde \u00e0 porter des maillots de bain de qualit\u00e9. \u00c0 la diff\u00e9rence des v\u00eatements normaux, les maillots de bain sont con\u00e7us pour ne pas perdre des fibres ou saigner des teintures, ce qui peut augmenter le besoin de nettoyage et des ajustements chimiques. Le fait d\u2019imposer le port des maillots de bain aide \u00e0 conserver la propret\u00e9 de votre piscine et \u00e0 r\u00e9duire l\u2019entretien.<\/p>\r\n\t\t\t\r\n\t\t\t<p>En suivant ces tuyaux pour l\u2019entretien de piscine, vous trouverez que la <a href=\"https:\/\/www.squareone.ca\/fr\/centres-ressources\/proprietaire-occupant\/femeture-piscine-apres-ete\">fin de la saison de piscine<\/a> peut \u00eatre aussi agr\u00e9able que le d\u00e9but, avec de l\u2019eau scintillante et moins de tracas.<\/p>\r\n            <p><strong>Vous voulez en savoir plus?<\/strong> Consultez notre <a href=\"\/fr\/centres-ressources\/proprietaire-occupant\" title=\"Centre de ressources : propri\u00e9taire occupant\">Centre de ressources&nbsp;: propri\u00e9taire occupant<\/a> pour acc\u00e9der \u00e0 des articles pour vous guider sur la vie de propri\u00e9taire. Ensuite, <a href=\"\/fr\/soumission-assurance-habitation-en-ligne\" title=\"Obtenir une soumission d\u2019assurance habitation en ligne\">obtenez une soumission d'assurance habitation en ligne<\/a> en moins de 5\u00a0minutes et d\u00e9couvrez \u00e0 quel point l\u2019assurance habitation personnalis\u00e9e peut \u00eatre abordable.<\/p>\r\n\t\t\t\r\n        <\/div>\r\n    <\/div>\r\n<\/div>\r\n<\/section>\r\n<script type=\"application\/ld+json\">\r\n{\r\n  \"@context\": \"https:\/\/schema.org\",\r\n  \"@type\": \"WebPage\",\r\n  \"mainEntityOfPage\": {\r\n    \"@type\": \"Article\",\r\n    \"@id\": \"https:\/\/www.squareone.ca\/fr\/centres-ressources\/proprietaire-occupant\/astuces-entretien-piscine\"\r\n  },\r\n  \"author\": {\r\n    \"@type\": \"Person\",\r\n    \"name\": \"Square One team\"\r\n  },\r\n  \"headline\": \"Astuces et tuyaux pour l\u2019entretien de piscine\",\r\n  \"datePublished\": \"2025-08-20\",\r\n  \"dateModified\": \"2025-09-02\",\r\n  \"inLanguage\": \"fr-CA\",\r\n  \"isAccessibleForFree\": true\r\n}\r\n<\/script>","protected":false},"excerpt":{"rendered":"<p>Astuces et tuyaux pour l\u2019entretien de piscine En beau temps, qui ne veut pas passer une journ\u00e9e au bord d\u2019une piscine sous le soleil? Une piscine creus\u00e9e bien entretenue est l\u2019endroit id\u00e9al pour vous d\u00e9tendre, assis sur la terrasse, une boisson fra\u00eeche \u00e0 la main sous le soleil. Une piscine est \u00e9galement un bel espace [&hellip;]<\/p>\n","protected":false},"author":2,"featured_media":62895,"parent":48241,"menu_order":0,"comment_status":"closed","ping_status":"closed","template":"page-article-new.php","meta":{"_acf_changed":false,"footnotes":""},"class_list":["post-62890","page","type-page","status-publish","has-post-thumbnail","hentry"],"acf":[],"_links":{"self":[{"href":"https:\/\/www.squareone.ca\/fr\/wp-json\/wp\/v2\/pages\/62890","targetHints":{"allow":["GET"]}}],"collection":[{"href":"https:\/\/www.squareone.ca\/fr\/wp-json\/wp\/v2\/pages"}],"about":[{"href":"https:\/\/www.squareone.ca\/fr\/wp-json\/wp\/v2\/types\/page"}],"author":[{"embeddable":true,"href":"https:\/\/www.squareone.ca\/fr\/wp-json\/wp\/v2\/users\/2"}],"replies":[{"embeddable":true,"href":"https:\/\/www.squareone.ca\/fr\/wp-json\/wp\/v2\/comments?post=62890"}],"version-history":[{"count":13,"href":"https:\/\/www.squareone.ca\/fr\/wp-json\/wp\/v2\/pages\/62890\/revisions"}],"predecessor-version":[{"id":76933,"href":"https:\/\/www.squareone.ca\/fr\/wp-json\/wp\/v2\/pages\/62890\/revisions\/76933"}],"up":[{"embeddable":true,"href":"https:\/\/www.squareone.ca\/fr\/wp-json\/wp\/v2\/pages\/48241"}],"wp:featuredmedia":[{"embeddable":true,"href":"https:\/\/www.squareone.ca\/fr\/wp-json\/wp\/v2\/media\/62895"}],"wp:attachment":[{"href":"https:\/\/www.squareone.ca\/fr\/wp-json\/wp\/v2\/media?parent=62890"}],"curies":[{"name":"wp","href":"https:\/\/api.w.org\/{rel}","templated":true}]}}