{"id":62914,"date":"2023-05-29T15:59:31","date_gmt":"2023-05-29T22:59:31","guid":{"rendered":"https:\/\/www.squareone.ca\/centres-ressources\/proprietaires-maisons-et-coproprietes\/amenagement-paysager-et-equipement-jardinage"},"modified":"2026-04-17T10:37:23","modified_gmt":"2026-04-17T17:37:23","slug":"amenagement-paysager-et-equipement-jardinage","status":"publish","type":"page","link":"https:\/\/www.squareone.ca\/fr\/centres-ressources\/proprietaire-occupant\/assurer-amenagement-paysager","title":{"rendered":"Comment assurer l\u2019am\u00e9nagement paysager, les cl\u00f4tures et l\u2019\u00e9quipement de jardinage"},"content":{"rendered":"<section id='intro' class=\"bg-shape-split bg-sub-page-hero\">\r\n    <div class=\"bg-position\">\r\n        <div class=\"container-fluid\">\r\n            <div class=\"row align-items-center\">\r\n                <div class=\"col-12 col-lg-8\">\r\n                    <h1>Comment assurer l\u2019am\u00e9nagement paysager, les cl\u00f4tures et l\u2019\u00e9quipement de jardinage<\/h1>\r\n <strong>Article r\u00e9dig\u00e9 par l'\u00e9quipe de Square One<\/strong>\r\n<p><strong>Article \u00e9valu\u00e9 par <a href=\"\/fr\/a-propos-de-nous\/experts\/daniel-mirkovic\" title=\"Expert : Daniel Mirkovic\">Daniel Mirkovic<\/a><\/strong><\/p>\r\n                   <p class=\"pb-4\" style=\"margin-top:-24px\">Mis \u00e0 jour le 18 avril 2026<\/p>\r\n                <\/div>\r\n            <\/div>\r\n\r\n            <div class=\"row\">\r\n                <div class=\"col-lg-8\">\r\n                    <p class=\"display-4\">La plupart des fournisseurs d\u2019assurance offrent de la couverture pour les cl\u00f4tures, l\u2019am\u00e9nagement paysager et l\u2019\u00e9quipement de jardinage. Cette couverture prot\u00e8ge vos arbres, vos arbustes, votre pelouse et votre tondeuse contre les pertes et dommages. Toutefois, il est important de savoir ce qui est inclus et exclu, car la couverture varie selon le fournisseur.<\/p>\r\n                    <p class=\"display-4\">Si vous \u00eates propri\u00e9taire d\u2019une maison, vous avez probablement une pelouse (et des arbres et une cl\u00f4ture ou deux), ainsi que l\u2019\u00e9quipement requis pour <a rel=\"noopener noreferrer\" target=\"_blank\" href=\"https:\/\/www.stihl.fr\/fr\/conseils-tutoriels\/nettoyage-exterieur\/nettoyage-exterieur-maison\/nettoyage-exterieur-maison\" title=\"Nettoyage ext\u00e9rieur de la maison\">entretenir l\u2019ext\u00e9rieur de la maison.<\/a> Savez-vous qu\u2019il est possible que ces articles soient couverts par votre <a href=\"\/fr\/habitation\" title=\"assurance habitation\">police d\u2019assurance habitation<\/a>?<\/p>\r\n                    <p class=\"pt-2\"><img decoding=\"async\" loading=\"lazy\" src=\"https:\/\/cdn.squareone.ca\/wp-content\/uploads\/2023\/05\/30110309\/assurer-amenagement-paysager.png\" alt=\"Un jardin\" width=\"248px\" class=\"img-fluid\" rel=\"noopener noreferrer\" \/><\/p>\r\n                                    <\/div>\r\n\r\n                <div class=\"col-lg-3 offset-lg-1\">\r\n                    <p class=\"mb-2 display-4 pt-4 pt-lg-0 pt-mb-0\"><strong>Th\u00e8mes<\/strong><\/p>\r\n                    <ul class=\"list-unstyled link-list display-4\">\r\n                        <li><a href=\"#coverage-provided\">Combien de couverture est offerte?<\/a><\/li>\r\n                        <li><a href=\"#landscaping-damage-covered\">Les dommages \u00e0 l\u2019am\u00e9nagement paysager sont-ils couverts par l\u2019assurance habitation?<\/a><\/li>\r\n                        <li><a href=\"#gardening-equipment\">Couverture pour l\u2019\u00e9quipement de jardinage<\/a><\/li>\r\n                        <li><a href=\"#FAQ\">Questions fr\u00e9quemment pos\u00e9es<\/a><\/li>\r\n                    <\/ul>\r\n                <\/div>\r\n            <\/div>  \r\n        <\/div>\r\n    <\/div>\r\n    <div class=\"bg-bottom\"><\/div>\r\n<\/section>\r\n\r\n<section>\r\n<div class=\"container-fluid py-6\">\r\n    <div class=\"row\">\r\n        <div class=\"col-12 col-lg-8\">\r\n            <h2 id=\"coverage-provided\">Combien de couverture est offerte?<\/h2>\r\n            <p>La plupart des fournisseurs d\u2019assurance habitation couvrent l\u2019am\u00e9nagement paysager et l\u2019\u00e9quipement de jardinage. Cependant, ce qui est couvert (et pour combien) n\u2019est pas facile \u00e0 d\u00e9finir. L\u2019\u00e9quipement de jardinage (comme les tondeuses, les souffleuses et les pelles) est g\u00e9n\u00e9ralement inclus \u00e0 titre de biens meubles. Or, les syst\u00e8mes d\u2019extincteurs automatiques permanents s\u2019inscrivent g\u00e9n\u00e9ralement dans le cadre de la couverture pour b\u00e2timent et les cl\u00f4tures font partie de la couverture pour d\u00e9pendances. Les arbres\/arbustes sont souvent admissibles \u00e0 5\u00a0% de la valeur de la maison, avec une limitation de 500\u00a0$ ou 1\u00a0000\u00a0$ par arbre ou arbuste.<\/p>\r\n            <p>C&rsquo;est clair commel&rsquo;eau de roche, non?<\/p>\r\n            <p>Square One privil\u00e9gie une approche beaucoup plus simple\u00a0: nous r\u00e9unissons les d\u00e9pendances, les cl\u00f4tures et l\u2019am\u00e9nagement paysager en une seule couverture facultative. Le meilleur dans tout cela? Vous choisissez le montant de couverture dont vous avez besoin.<\/p>\r\n\r\n\r\n            <h2 id=\"landscaping-damage-covered\">Les dommages \u00e0 l\u2019am\u00e9nagement paysager sont-ils couverts par l\u2019assurance habitation?<\/h2>\r\n            <p>La couverture pour l\u2019am\u00e9nagement paysager est souvent limit\u00e9e \u00e0 des dommages caus\u00e9s par certains sinistres, comme l\u2019incendie, la foudre ou le vol. Par exemple, si votre arbre est abattu par une temp\u00eate, il est possible que l\u2019abattage ou le remplacement de l\u2019arbre ne soit pas admissible \u00e0 la couverture. De plus, les pertes ou dommages d\u00e9coulant de la s\u00e9cheresse, de la maladie, de l\u2019eau ou du poids de la glace et de la neige pourraient \u00eatre exclus. <\/p>\r\n            <p>Cependant, les dommages \u00e0 votre am\u00e9nagement paysager d\u00e9coulant de <a rel=\"noopener noreferrer\" target=\"_blank\" href=\"https:\/\/www.arboplus.ca\/blog\/arboriculture\/le-prix-dun-abattage-darbre.html\" title=\"Le prix d\u2019un abattage d\u2019arbre\">l\u2019abattage d\u2019un arbre<\/a> ou \u00e0 des structures (comme un cabanon qui tombe sur un rosier, par exemple) sont habituellement couverts, tout comme les dommages provoqu\u00e9s par un conducteur imprudent. <\/p>\r\n            <p>Pour d\u00e9couvrir ce qui est couvert et ce qui est exclu, v\u00e9rifiez votre assurance habitation ou communiquez avec votre fournisseur.<\/p>\r\n\t\t\t\r\n\t\t\t<\/div>\r\n        <\/div>\r\n    <\/div>\r\n<\/section>\r\n\r\n\t<section class=\"bg-transparent\">\n\t\t<img decoding=\"async\" src=\"\/sales\/images\/bgs\/bg-mid-page-cta-general-top.svg\" style=\"width: 100%; vertical-align: bottom; position: relative; top: 1px\"\/>\n\t\t\n\t\t<div class=\"bg-darkTeal py-3\">\t\t\t\n\t\t\t<div class=\"container-fluid\">\n\t\t\t\t<div class=\"row d-flex align-items-center pb-5\">\n\t\t\t\t\t<div class=\"col-12 col-md-8 offset-md-2 px-lg-5 pb-5 pb-lg-0\">\n\t\t\t\t\t\t<div class=\"h6 mb-4 text-primary text-uppercase text-center\">\n\t\t\t\t\t\t\tCela ne prend que 5\u00a0minutes \n\t\t\t\t\t\t<\/div>\t\t\n\t\t\t\t\t\t\t\t\t\t\t\n\t\t\t\t\t\t<p class=\"lead px-lg-5 text-white\">\n\t\t\t\t\t\t\t<strong class=\"d-inline-block text-uc-first\">Pr\u00eat \u00e0 obtenir une soumission en ligne? <\/strong> Votre temps est aussi pr\u00e9cieux que vos possessions. Obtenez une soumission d'assurance habitation en <strong>5 minutes<\/strong>. C\u2019est moins de temps qu\u2019il n\u2019en faut pour faire la file pour un caf\u00e9.\n\t\t\t\t\t\t<\/p>\t\t\t\n\t\n\t\t\t\t\t\t<div id=\"sq1-qw-c9057be7ed43\" class=\"sq1-quote-widget mb-4 text-white\" data-quote-widget-type=\"HOME\" data-has-custom-text=\"true\">\n\t\t\t\t\t\t\t<div class=\"input-group input-group-focus-within bg-white my-4\">\n\t\t\t\t\t\t\t\t<div>\n\t\t\t\t\t\t\t\t\t<div class=\"input-group-text\">\n\t\t\t\t\t\t\t\t\t\t<i class=\"fa fa-map-marker d-block text-black\"><\/i>\n\t\t\t\t\t\t\t\t\t<\/div>\n\t\t\t\t\t\t\t\t<\/div>\n\t\t\t\t\t\t\t\t<input type=\"text\" class=\"form-control\" style=\"padding: 10px;\" placeholder=\"Enter an address\" aria-label=\"Inscrivez votre adresse pour obtenir une soumission\"\/>\n\t\t\t\t\t\t\t\t<div>\n\t\t\t\t\t\t\t\t\t<button class=\"btn btn-primary\">Obtenir une soumission en ligne d\u00e8s maintenant<\/button>\n\t\t\t\t\t\t\t\t<\/div>\n\t\t\t\t\t\t\t<\/div>\n\t\t\t\t\t\t<\/div>\n\t\t\t\t\t\t\n\t\t\t\t\t\t<p class=\"small text-white\">Avant de commencer, veuillez lire notre <a href=\"https:\/\/www.squareone.ca\/fr\/politique-confidentialite\" target=\"_blank\" rel=\"noreferrer noopener\">Politique de confidentialit\u00e9<\/a> et nos <a href=\"https:\/\/www.squareone.ca\/fr\/conditions-utilisation\" target=\"_blank\" rel=\"noreferrer noopener\">Conditions d\u2019utilisation<\/a>.<\/p>\t\n\t\n\t\t\t\t\t\t<script type=\"text\/javascript\">\n\t\t\t\t\t\t(function() {\n\t\t\t\t\t\t\tdocument.addEventListener('soiMiscJsLoaded', function() {\n\t\t\t\t\t\t        $(document).ready(function() {\n\t\t\t\t\t\t\t\t\tsoiQuoteWidget.processFormWidget('\/sales\/index.php\/json_quote_widget?rand=' +Math.random(), 'qwContainer'); \/\/populate quoting widget with content from symfony.\n\t\t\t\t\t\t\t\t});\n\t\t\t\t\t\t\t});\n\t\t\t\t\t\t})();\n\t\t\t\t\t\t<\/script>\n\t\t\t\t\t<\/div>\n\t\t\t\t<\/div>\n\t\t\t<\/div>\n\t\t<\/div>\n\t\t\n\t\t<img decoding=\"async\" src=\"\/sales\/images\/bgs\/bg-mid-page-cta-general-bottom.svg\" style=\"width: 100%; vertical-align: top\"\/>\t\t\n\t<\/section>\r\n\r\n<section>\r\n<div class=\"container-fluid py-6\">\r\n<div class=\"row\">\r\n<div class=\"col-12 col-lg-8\">\r\n\r\n            <h2 id=\"gardening-equipment\">L&rsquo;\u00e9quipement de jardinage<\/h2>\r\n            <p>L\u2019entretien de l\u2019ext\u00e9rieur de votre maison peut co\u00fbter des milliers de dollars. Pour cette raison, il est important de savoir si votre police offre une couverture ad\u00e9quate.<\/p>\r\n\r\n            <p>Chez Square One, l\u2019\u00e9quipement de jardinage est automatiquement inclus en vertu de <a href=\"\/fr\/biens-meubles\" title=\"Biens meubles\">l\u2019assurance biens meubles<\/a>. Si vous avez investi du temps et de l\u2019argent dans votre jardin, vous avez int\u00e9r\u00eat \u00e0 communiquer avec un agent en assurance de dommages agr\u00e9\u00e9 pour assurer une couverture ad\u00e9quate.<\/p>\r\n\r\n\r\n            <h2 id=\"FAQ\">Questions fr\u00e9quemment pos\u00e9es<\/h2>\r\n\r\n            <h3>Mes d\u00e9pendances sont-elles admissibles \u00e0 la couverture?<\/h3>\r\n            <p>Les d\u00e9pendances sont des structures non attenantes \u00e0 la maison. Par cons\u00e9quent, elles seront couvertes dans le cadre de l\u2019assurance facultative D\u00e9pendances, Cl\u00f4tures et Am\u00e9nagement paysager. Assurez-vous de communiquer avec votre fournisseur d\u2019assurance habitation si vous n\u2019\u00eates pas certain des couvertures de votre police.<\/p>\r\n            <p>Chez Square One, vous n\u2019\u00eates pas oblig\u00e9 d\u2019assurer les d\u00e9pendances, c\u2019est votre choix. \u00c0 mesure que vous effectuez votre soumission en assurance habitation, vous pouvez personnaliser votre couverture pour les d\u00e9pendances selon le montant que vous d\u00e9sirez.<\/p>\r\n\r\n            <h3>Ma cl\u00f4ture est-elle prot\u00e9g\u00e9e contre les actes de vandalisme? <\/h3>\r\n            <p>Ce n\u2019est pas tous les fournisseurs qui offrent une couverture pour les actes de vandalisme. Toutefois, chez Square One, vous pouvez dormir sur les deux oreilles, car nous offrons une protection contre tous les types de sinistres majeurs, y compris le vandalisme.<\/p>\r\n\r\n            <h3>Pour combien devrais-je assurer mon jardin? <\/h3>\r\n            <p>C\u2019est difficile de r\u00e9pondre \u00e0 cette question, car le montant de couverture doit tenir en compte la taille du jardin, les installations et les plantes. Souvent, les gens sous-estiment la valeur de leur cl\u00f4ture et de leur pelouse, donc il est envisageable <a href=\"\/fr\/centres-ressources\/bases-assurance\/remplacement-biens-meubles\" Title=\"Comprendre la couverture pour le r\u00e8glement selon la valeur \u00e0 neuf\">d\u2019estimer le co\u00fbt de r\u00e9paration ou de reconstruction<\/a> avant de s\u00e9lectionner votre limitation de couverture. Vous pouvez consulter un centre de r\u00e9novation de domicile ou de jardinage, ou parler avec un paysagiste ou un arboriculteur.<\/p>\r\n            <p>Vous avez \u00e9galement int\u00e9r\u00eat \u00e0 confirmer la d\u00e9finition d\u2019am\u00e9nagement paysager dans le cadre de votre police. Chez Square One, la d\u00e9finition d\u2019am\u00e9nagement paysager comprend les murs de sout\u00e8nement, les jardins de rocaille et tout am\u00e9nagement paysager, ainsi que les arbres, les arbustes, les pelouses et les jardins.<\/p>\r\n            <p>Pour vous donner une id\u00e9e des limitations de couverture, une enqu\u00eate de 2012 qui analysait 10\u00a0ans de donn\u00e9es de r\u00e9clamations en assurance de jardin a d\u00e9termin\u00e9 que la r\u00e9clamation d\u2019\u00e9t\u00e9 moyenne \u00e9tait de 850\u00a0livres (1\u00a0300\u00a0$ en chiffres de 2018).<\/p>\r\n\r\n            <p>Si vous n\u2019\u00eates pas certain de la couverture dont vous avez besoin, communiquez avec votre fournisseur d\u2019assurance habitation pour obtenir de plus amples renseignements.<\/p>\r\n\t\t\t\r\n<p><strong>Vous voulez en savoir plus?<\/strong> Consultez notre <a href=\"\/fr\/centres-ressources\/proprietaire-occupant\" title=\"Centre de ressources : propri\u00e9taire occupant\">Centre de ressources&nbsp;: propri\u00e9taire occupant<\/a> pour acc\u00e9der \u00e0 des articles pour vous guider sur la vie de propri\u00e9taire. Ensuite, <a href=\"\/fr\/soumission-assurance-habitation-en-ligne\" title=\"Obtenir une soumission d\u2019assurance habitation en ligne\">obtenez une soumission d'assurance habitation en ligne<\/a> en moins de 5\u00a0minutes et d\u00e9couvrez \u00e0 quel point l\u2019assurance habitation personnalis\u00e9e peut \u00eatre abordable.<\/p>\r\n<div class=\"row py-3\">\r\n<div class=\"col-12\">\r\n<div class=\"card review\" style=\"box-shadow: 0 2px 4px rgba(0,0,0,0.07);background-color:#f4f4f4;\">\r\n<div class=\"card-body\">\r\n\t<p class=\"text-primary h4\">\u00c0 propos de l\u2019expert&nbsp;: Daniel Mirkovic<\/p>\r\n\t<p>Cofondateur de Square One comptant plus de 25&nbsp;ans dans le secteur de l\u2019assurance, Daniel \u00e9tait vice-pr\u00e9sident des services d\u2019assurance et de voyage de la British Columbia Automobile Association (BCAA). Daniel est titulaire d'un baccalaur\u00e9at \u00e8s commerce et d'une ma\u00eetrise \u00e8s administration des affaires, tous deux obtenus \u00e0 la Sauder School of Business de l'universit\u00e9 de la Colombie-Britannique. Daniel est muni de la d\u00e9signation CAAC et d\u2019un certificat en assurance de dommages niveau&nbsp;3 en Colombie-Britannique, en Alberta, en Saskatchewan, au Manitoba et en Ontario.<\/p>\r\n<\/div>\r\n<\/div>\r\n<\/div>\r\n<\/div>\r\n\r\n<\/div>\r\n<\/div>\r\n<\/div>\r\n<\/section>\r\n<script type=\"application\/ld+json\">\r\n{\r\n  \"@context\": \"https:\/\/schema.org\",\r\n  \"@type\": \"WebPage\",\r\n  \"mainEntityOfPage\": {\r\n    \"@type\": \"Article\",\r\n    \"@id\": \"https:\/\/www.squareone.ca\/fr\/centres-ressources\/proprietaire-occupant\/assurer-amenagement-paysager\"\r\n  },\r\n  \"author\": [\r\n    {\r\n      \"@type\": \"Person\",\r\n      \"name\": \"Square One team\"\r\n    }\r\n  ],\r\n  \"headline\": \"Comment assurer l\u2019am\u00e9nagement paysager, les cl\u00f4tures et l\u2019\u00e9quipement de jardinage\",\r\n  \"datePublished\": \"\",\r\n  \"dateModified\": \"\",\r\n  \"inLanguage\": \"fr-CA\",\r\n  \"isAccessibleForFree\": true\r\n}\r\n<\/script>\r\n<script type=\"application\/ld+json\">\r\n{\r\n  \"@context\": \"https:\/\/schema.org\",\r\n  \"@type\": \"FAQPage\",\r\n  \"mainEntity\": [{\r\n    \"@type\": \"Question\",\r\n    \"name\": \"Les dommages \u00e0 l\u2019am\u00e9nagement paysager sont-ils couverts par l\u2019assurance habitation?\",\r\n    \"acceptedAnswer\": {\r\n      \"@type\": \"Answer\",\r\n      \"text\": \"La couverture pour l\u2019am\u00e9nagement paysager est souvent limit\u00e9e \u00e0 des dommages caus\u00e9s par certains sinistres, comme l\u2019incendie, la foudre ou le vol. Par exemple, si votre arbre est abattu par une temp\u00eate, il est possible que l\u2019abattage ou le remplacement de l\u2019arbre ne soit pas admissible \u00e0 la couverture. De plus, les pertes ou dommages d\u00e9coulant de la s\u00e9cheresse, de la maladie, de l\u2019eau ou du poids de la glace et de la neige pourraient \u00eatre exclus. Cependant, les dommages \u00e0 votre am\u00e9nagement paysager d\u00e9coulant de l\u2019abattage d\u2019un arbre ou \u00e0 des structures (comme un cabanon qui tombe sur un rosier, par exemple) sont habituellement couverts, tout comme les dommages provoqu\u00e9s par un conducteur imprudent.\"\r\n    }\r\n  },{\r\n    \"@type\": \"Question\",\r\n    \"name\": \"Pour combien devrais-je assurer mon jardin?\",\r\n    \"acceptedAnswer\": {\r\n      \"@type\": \"Answer\",\r\n      \"text\": \"C\u2019est difficile de r\u00e9pondre \u00e0 cette question, car le montant de couverture doit tenir en compte la taille du jardin, les installations et les plantes. Souvent, les gens sous-estiment la valeur de leur cl\u00f4ture et de leur pelouse, donc il est envisageable d\u2019estimer le co\u00fbt de r\u00e9paration ou de reconstruction avant de s\u00e9lectionner votre limitation de couverture. Vous pouvez consulter un centre de r\u00e9novation de domicile ou de jardinage, ou parler avec un paysagiste ou un arboriculteur.\"\r\n    }\r\n  }]\r\n}\r\n<\/script>","protected":false},"excerpt":{"rendered":"<p>Comment assurer l\u2019am\u00e9nagement paysager, les cl\u00f4tures et l\u2019\u00e9quipement de jardinage Article \u00e9valu\u00e9 par Daniel Mirkovic La plupart des fournisseurs d\u2019assurance offrent de la couverture pour les cl\u00f4tures, l\u2019am\u00e9nagement paysager et l\u2019\u00e9quipement de jardinage. Cette couverture prot\u00e8ge vos arbres, vos arbustes, votre pelouse et votre tondeuse contre les pertes et dommages. Toutefois, il est important de [&hellip;]<\/p>\n","protected":false},"author":2,"featured_media":62920,"parent":48241,"menu_order":0,"comment_status":"open","ping_status":"closed","template":"page-article-new.php","meta":{"_acf_changed":false,"footnotes":""},"class_list":["post-62914","page","type-page","status-publish","has-post-thumbnail","hentry"],"acf":[],"_links":{"self":[{"href":"https:\/\/www.squareone.ca\/fr\/wp-json\/wp\/v2\/pages\/62914","targetHints":{"allow":["GET"]}}],"collection":[{"href":"https:\/\/www.squareone.ca\/fr\/wp-json\/wp\/v2\/pages"}],"about":[{"href":"https:\/\/www.squareone.ca\/fr\/wp-json\/wp\/v2\/types\/page"}],"author":[{"embeddable":true,"href":"https:\/\/www.squareone.ca\/fr\/wp-json\/wp\/v2\/users\/2"}],"replies":[{"embeddable":true,"href":"https:\/\/www.squareone.ca\/fr\/wp-json\/wp\/v2\/comments?post=62914"}],"version-history":[{"count":10,"href":"https:\/\/www.squareone.ca\/fr\/wp-json\/wp\/v2\/pages\/62914\/revisions"}],"predecessor-version":[{"id":78962,"href":"https:\/\/www.squareone.ca\/fr\/wp-json\/wp\/v2\/pages\/62914\/revisions\/78962"}],"up":[{"embeddable":true,"href":"https:\/\/www.squareone.ca\/fr\/wp-json\/wp\/v2\/pages\/48241"}],"wp:featuredmedia":[{"embeddable":true,"href":"https:\/\/www.squareone.ca\/fr\/wp-json\/wp\/v2\/media\/62920"}],"wp:attachment":[{"href":"https:\/\/www.squareone.ca\/fr\/wp-json\/wp\/v2\/media?parent=62914"}],"curies":[{"name":"wp","href":"https:\/\/api.w.org\/{rel}","templated":true}]}}