{"id":62970,"date":"2023-06-05T10:24:14","date_gmt":"2023-06-05T17:24:14","guid":{"rendered":"https:\/\/www.squareone.ca\/centres-ressources\/proprietaires-maisons-et-coproprietes\/entretien-arriere-cour"},"modified":"2026-03-09T14:28:28","modified_gmt":"2026-03-09T21:28:28","slug":"entretien-arriere-cour","status":"publish","type":"page","link":"https:\/\/www.squareone.ca\/fr\/centres-ressources\/proprietaire-occupant\/entretien-arriere-cour","title":{"rendered":"Comment pr\u00e9parer votre arri\u00e8re-cour pour l\u2019\u00e9t\u00e9"},"content":{"rendered":"<section id='intro' class=\"bg-shape-split bg-sub-page-hero\">\r\n    <div class=\"bg-position\">\r\n        <div class=\"container-fluid\">\r\n            <div class=\"row align-items-center\">\r\n                <div class=\"col-12 col-lg-8\">\r\n                    <h1>Comment pr\u00e9parer votre arri\u00e8re-cour pour l\u2019\u00e9t\u00e9<\/h1>\r\n  <strong>Article r\u00e9dig\u00e9 par <a href=\"\/fr\/a-propos-de-nous\/contributeurs#anthony-michael\" title=\"Auteur : Anthony Michael\">Anthony Michael<\/a><\/strong>\r\n                    <p><\/p>\r\n                    <p class=\"pb-4\" style=\"margin-top:-24px\">Mis \u00e0 jour le 18 juin 2024<\/p>\r\n                <\/div>\r\n            <\/div>\r\n\r\n            <div class=\"row\">\r\n                <div class=\"col-lg-8\">\r\n\r\n                    <p class=\"display-4\">Avec l\u2019arriv\u00e9e du printemps et le beau temps, vous avez h\u00e2te de profiter de la vie en plein air. Une arri\u00e8re-cour vous donne l\u2019occasion d\u2019organiser des barbecues, de relaxer sur un hamac ou de lire tranquillement un livre. Si vous avez la main verte, vous pouvez pousser vos propres fruits et l\u00e9gumes dans le potager.<\/p>\r\n\r\n                    <p class=\"display-4\">Mais avant de faire quoi que ce soit, il faut pr\u00e9parer l\u2019arri\u00e8re-cour pour le beau temps. Lisez la suite pour d\u00e9couvrir des tuyaux pratiques qui vous aideront \u00e0 pr\u00e9parer votre arri\u00e8re-cour (surtout la pelouse et les cl\u00f4tures) pour le printemps et l\u2019\u00e9t\u00e9.<\/p>\r\n\r\n                    <p class=\"pt-2\"><img decoding=\"async\" src=\"https:\/\/cdn.squareone.ca\/wp-content\/uploads\/2023\/05\/15144316\/yard-fence-lawn-maintenance.jpg\" title=\"Entretien de printemps et d\u2019\u00e9t\u00e9 pour l\u2019arri\u00e8re-cour, les cl\u00f4tures et la pelouse\" alt=\"Une arri\u00e8re-cour avec pelouse, terrasse de bois, cl\u00f4ture noire et cabanon rouge\" width=\"248px\" class=\"img-fluid\" rel=\"noopener noreferrer\"\/><\/p>\r\n\r\n                <\/div>\r\n\r\n                <div class=\"col-lg-3 offset-lg-1\">          \r\n                    <p class=\"mb-2 display-4 pt-4 pt-lg-0 pt-mb-0\"><strong>Th\u00e8mes<\/strong><\/p>\r\n                        <ul class=\"list-unstyled link-list display-4\">\r\n                            <li><a href='#general-maintenance'>Entretien g\u00e9n\u00e9ral<\/a><\/li>\r\n                            <li><a href='#lawn-maintenance'>Entretien de la pelouse<\/a><\/li>\r\n                                <ul class=\"display-6\">\r\n                                    <li type=\"disc\" style=\"font-size:18px\"><a href=\"#mowing\">Tonte de la pelouse<\/a><\/li>\r\n                                    <li type=\"disc\" style=\"font-size:18px\"><a href=\"#watering\">Arrosage<\/a><\/li>\r\n                                    <li type=\"disc\" style=\"font-size:18px\"><a href=\"#weeding\">D\u00e9sherbage<\/a><\/li>\r\n                                <\/ul>\r\n                                <li><a href='#fence-maintenance'>Entretien des cl\u00f4tures<\/a><\/li>\r\n                                <ul class=\"display-6\">\r\n                                    <li type=\"disc\" style=\"font-size:18px\"><a href=\"#inspection\">Inspection annuelle<\/a><\/li>\r\n                                    <li type=\"disc\" style=\"font-size:18px\"><a href=\"#painting\">Peinture<\/a><\/li>\r\n                                    <li type=\"disc\" style=\"font-size:18px\"><a href=\"#long-term\">Entretien \u00e0 long terme<\/a><\/li>\r\n                                <\/ul>\r\n                            <li><a href='#home-insurance'>Consid\u00e9rations en assurance habitation<\/a><\/li>\r\n                            <li><a href=\"#FAQs\">Questions fr\u00e9quemment pos\u00e9es<\/a><\/li>\r\n                        <\/ul>\r\n                <\/div>\r\n            <\/div>  \r\n        <\/div>\r\n    <\/div>\r\n    <div class=\"bg-bottom\"><\/div>\r\n<\/section>\r\n<section>\r\n    <div class=\"container-fluid py-6\">\r\n        <div class=\"row\">\r\n            <div class=\"col-12 col-lg-8\">\r\n\r\n                <h2 id=\"general-maintenance\">Entretien g\u00e9n\u00e9ral<\/h2>\r\n\r\n                        <p>Avant de commencer vos projets d\u2019arri\u00e8re-cour, il faut d\u00e9terminer si votre propri\u00e9t\u00e9 a subi des dommages au cours de l\u2019hiver.<\/p>\r\n\r\n                        <ul class=\"mb-0\">\r\n                        <li>V\u00e9rifiez la fondation de la maison pour des fissures ou des signes de l\u2019infiltration de l\u2019eau.<\/li>\r\n                        <li>V\u00e9rifiez les cl\u00f4tures pour des dommages.<\/li>\r\n                        <li>Inspectez les goutti\u00e8res pour d\u00e9terminer s\u2019il y a des dommages ou de l\u2019obstruction et nettoyez-les au besoin.<\/li>\r\n                        <li>Enlevez les d\u00e9chets qui se sont accumul\u00e9s dans l\u2019arri\u00e8re-cour.<\/li>\r\n                        <\/ul>\r\n\r\n                        <div class=\"row py-6\">\r\n                            <div class=\"col-12\">\r\n                                <div class=\"card review\" style='background-color:#B5E0EB'>\r\n                                    <div class=\"card-body\">\r\n                                        \r\n                                        <p class=\"display-4\"><strong>Tuyau<\/strong><\/p>\r\n\r\n                                        <p>S\u2019il y a des arbustes ou petits arbres pr\u00e8s de la maison, vous devriez les abattre, car leurs racines peuvent endommager la fondation.<\/p>\r\n\r\n                                    <\/div>\r\n                                <\/div>\r\n                            <\/div>\r\n                        <\/div>\r\n\r\n                <h2 id=\"lawn-maintenance\">Entretien de la pelouse<\/h2>\r\n\r\n                        <p>\u00c9tant donn\u00e9 que la pelouse est la vedette de votre arri\u00e8re-cour, vous avez int\u00e9r\u00eat \u00e0 l\u2019entretenir. M\u00eame si vous n\u2019\u00eates pas un paysagiste chevronn\u00e9, vous pouvez tirer profit de votre pelouse en suivant les conseils de base ci-dessous.<\/p>\r\n\r\n                    <h3 id=\"mowing\">Tonte de la pelouse<\/h3>\r\n\r\n                        <p>Votre pelouse cro\u00eetra rapidement alors que la temp\u00e9rature monte; c\u2019est le moment de sortir la tondeuse. Avez-vous une tondeuse \u00e0 essence? Avez-vous pens\u00e9 \u00e0 obtenir une tondeuse \u00e0 batterie, une solution \u00e9cologique?<\/p>\r\n\r\n                        <p>Avec une tondeuse \u00e0 batterie, plus besoin de vous occuper de l\u2019essence et de l\u2019huile ou de lutter avec la corde de d\u00e9marrage. Il suffit d\u2019avoir une batterie charg\u00e9e \u00e0 port\u00e9e de main et le tour est jou\u00e9! Qui plus est, les tondeuses \u00e0 batterie font moins de bruit et sont g\u00e9n\u00e9ralement plus faciles \u00e0 man\u0153uvrer.<\/p>\r\n\r\n                        <p>La tondeuse que vous utilisez d\u00e9pend de la superficie de votre cour. Si vous avez une grande cour qui prend plus d\u2019une heure \u00e0 tondre, il est possible qu\u2019une tondeuse \u00e0 batterie n\u2019ait pas assez de charge pour durer le temps requis. Dans ce cas, une tondeuse \u00e0 essence ferait l\u2019affaire.<\/p>\r\n\r\n                        <p>\u00c9vitez de tondre la pelouse si le gazon est toujours mouill\u00e9 et ne tondez jamais la pelouse pendant la pluie. Non seulement le gazon mouill\u00e9 endommage la tondeuse, vous courez le risque de glisser et de vous exposer aux lames de la tondeuse ou de vous \u00e9lectrocuter (si vous utilisez une tondeuse \u00e0 batterie).<\/p>\r\n\r\n                        <img decoding=\"async\" src=\"https:\/\/cdn.squareone.ca\/wp-content\/uploads\/2023\/05\/15144312\/lawn-mower.jpg\" title=\"Tondeuse\" alt=\"Image \u00e0 vol d\u2019oiseau d\u2019une tondeuse \u00e9lectrique verte sur le gazon fra\u00eechement tondu\" class=\"mb-5 img-fluid\" width=\"800\" height=\"400\" loading=\"lazy\"\/>\r\n\r\n                    <h3 id=\"watering\">Arrosage<\/h3>\r\n\r\n                        <p>Les meilleurs moments pour arroser la pelouse sont l\u2019aube et le cr\u00e9puscule. Il suffit d\u2019arroser le gazon pendant 20\u00a0minutes, deux fois par semaine, car la pelouse requiert de 2,5\u00a0cm \u00e0 4\u00a0cm d\u2019eau par semaine. Afin de conserver de l\u2019eau, la plupart des municipalit\u00e9s limitent les jours et le nombre de fois que vous pouvez arroser la pelouse durant les mois d\u2019\u00e9t\u00e9. Si vous n\u2019\u00eates pas certain, consultez votre municipalit\u00e9.<\/p>\r\n\r\n                    <h3 id=\"weeding\">D\u00e9sherbage<\/h3>\r\n\r\n                        <p>Les mauvaises herbes sont des plantes envahissantes qui disputent l\u2019espace, l\u2019eau et les substances nutritives avec les autres plantes dans l\u2019arri\u00e8re-cour. Par cons\u00e9quent, il est important de les arracher dans la mesure du possible. Le meilleur moment de le faire c\u2019est apr\u00e8s la pluie ou apr\u00e8s l\u2019arrosage du gazon, car la terre est plus molle et souple.<\/p>\r\n\r\n                        <p class=\"mb-0\">Il y a divers outils que vous pouvez utiliser pour le d\u00e9sherbage (y compris vos mains), comme le couteau de jardin ou la binette de jardin. Peu importe l\u2019outil employ\u00e9, assurez-vous d\u2019arracher la mauvaise herbe et ses racines, sinon la mauvaise herbe repoussera.<\/p>\r\n\r\n                        <div class=\"row py-6\">\r\n                            <div class=\"col-12\">\r\n                                <div class=\"card review\" style='background-color:#B5E0EB'>\r\n                                    <div class=\"card-body\">\r\n                                        \r\n                                        <p class=\"display-4\"><strong>Tuyau<\/strong><\/p>\r\n\r\n                                        <p>N\u2019arrachez pas les pissenlits. En fait, les pissenlits sont b\u00e9n\u00e9fiques\u00a0: ses racines d\u00e9compactent et a\u00e8rent la terre. De plus, les pissenlits sont un engrais naturel\u00a0: leurs racines tirent des substances nutritives de la terre, comme le calcium, au profit des autres plantes.<\/p>\r\n\r\n                                    <\/div>\r\n                                <\/div>\r\n                            <\/div>\r\n                        <\/div>\r\n\r\n           <\/div>\r\n        <\/div>\r\n    <\/div>\r\n<\/section>\r\n\r\n\t<section class=\"bg-transparent\">\n\t\t<img decoding=\"async\" src=\"\/sales\/images\/bgs\/bg-mid-page-cta-general-top.svg\" style=\"width: 100%; vertical-align: bottom; position: relative; top: 1px\"\/>\n\t\t\n\t\t<div class=\"bg-darkTeal py-3\">\t\t\t\n\t\t\t<div class=\"container-fluid\">\n\t\t\t\t<div class=\"row d-flex align-items-center pb-5\">\n\t\t\t\t\t<div class=\"col-12 col-md-8 offset-md-2 px-lg-5 pb-5 pb-lg-0\">\n\t\t\t\t\t\t<div class=\"h6 mb-4 text-primary text-uppercase text-center\">\n\t\t\t\t\t\t\tCela ne prend que 5\u00a0minutes \n\t\t\t\t\t\t<\/div>\t\t\n\t\t\t\t\t\t\t\t\t\t\t\n\t\t\t\t\t\t<p class=\"lead px-lg-5 text-white\">\n\t\t\t\t\t\t\t<strong class=\"d-inline-block text-uc-first\">Pr\u00eat \u00e0 obtenir une soumission en ligne? <\/strong> Votre temps est aussi pr\u00e9cieux que vos possessions. Obtenez une soumission d'assurance habitation en <strong>5 minutes<\/strong>. C\u2019est moins de temps qu\u2019il n\u2019en faut pour faire la file pour un caf\u00e9.\n\t\t\t\t\t\t<\/p>\t\t\t\n\t\n\t\t\t\t\t\t<div id=\"sq1-qw-97ced4e89e20\" class=\"sq1-quote-widget mb-4 text-white\" data-quote-widget-type=\"HOME\" data-has-custom-text=\"true\">\n\t\t\t\t\t\t\t<div class=\"input-group input-group-focus-within bg-white my-4\">\n\t\t\t\t\t\t\t\t<div>\n\t\t\t\t\t\t\t\t\t<div class=\"input-group-text\">\n\t\t\t\t\t\t\t\t\t\t<i class=\"fa fa-map-marker d-block text-black\"><\/i>\n\t\t\t\t\t\t\t\t\t<\/div>\n\t\t\t\t\t\t\t\t<\/div>\n\t\t\t\t\t\t\t\t<input type=\"text\" class=\"form-control\" style=\"padding: 10px;\" placeholder=\"Enter an address\" aria-label=\"Inscrivez votre adresse pour obtenir une soumission\"\/>\n\t\t\t\t\t\t\t\t<div>\n\t\t\t\t\t\t\t\t\t<button class=\"btn btn-primary\">Obtenir une soumission en ligne d\u00e8s maintenant<\/button>\n\t\t\t\t\t\t\t\t<\/div>\n\t\t\t\t\t\t\t<\/div>\n\t\t\t\t\t\t<\/div>\n\t\t\t\t\t\t\n\t\t\t\t\t\t<p class=\"small text-white\">Avant de commencer, veuillez lire notre <a href=\"https:\/\/www.squareone.ca\/fr\/politique-confidentialite\" target=\"_blank\" rel=\"noreferrer noopener\">Politique de confidentialit\u00e9<\/a> et nos <a href=\"https:\/\/www.squareone.ca\/fr\/conditions-utilisation\" target=\"_blank\" rel=\"noreferrer noopener\">Conditions d\u2019utilisation<\/a>.<\/p>\t\n\t\n\t\t\t\t\t\t<script type=\"text\/javascript\">\n\t\t\t\t\t\t(function() {\n\t\t\t\t\t\t\tdocument.addEventListener('soiMiscJsLoaded', function() {\n\t\t\t\t\t\t        $(document).ready(function() {\n\t\t\t\t\t\t\t\t\tsoiQuoteWidget.processFormWidget('\/sales\/index.php\/json_quote_widget?rand=' +Math.random(), 'qwContainer'); \/\/populate quoting widget with content from symfony.\n\t\t\t\t\t\t\t\t});\n\t\t\t\t\t\t\t});\n\t\t\t\t\t\t})();\n\t\t\t\t\t\t<\/script>\n\t\t\t\t\t<\/div>\n\t\t\t\t<\/div>\n\t\t\t<\/div>\n\t\t<\/div>\n\t\t\n\t\t<img decoding=\"async\" src=\"\/sales\/images\/bgs\/bg-mid-page-cta-general-bottom.svg\" style=\"width: 100%; vertical-align: top\"\/>\t\t\n\t<\/section>\r\n\r\n<section>\r\n    <div class=\"container-fluid py-6\">\r\n        <div class=\"row\">\r\n            <div class=\"col-12 col-lg-8\">\r\n\r\n                <h2 id=\"fence-maintenance\">Entretien des cl\u00f4tures<\/h2>\r\n\r\n                        <p>Une cl\u00f4ture de bois donne \u00e0 votre cour style et intimit\u00e9, mais seulement si vous l\u2019entretenez correctement.<\/p>\r\n\r\n                        <p>Une cl\u00f4ture bien entretenue devrait durer de 8 \u00e0 15\u00a0ans. Vos cl\u00f4tures sont expos\u00e9es \u00e0 l\u2019humidit\u00e9 et aux insectes, qui provoquent la pourriture de la structure. Vous ne voulez pas que vos invit\u00e9s voient des planches de bois manquantes ou des clous desserr\u00e9s!<\/p>\r\n\r\n                    <h3 id=\"inspection\">Inspection annuelle<\/h3>\r\n\r\n                        <p>Tous les ans, vous devez examiner les cl\u00f4tures pour des signes de dommages ou de d\u00e9t\u00e9rioration, comme les planches bris\u00e9es et des clous ou vis desserr\u00e9s. Si vous d\u00e9celez des fissures dans le bois, vous pouvez emp\u00eacher la d\u00e9t\u00e9rioration suppl\u00e9mentaire en appliquant une colle \u00e0 bois \u00e9tanche.<\/p>\r\n\r\n                    <h3 id=\"painting\">Peinture et teinture<\/h3>\r\n\r\n                        <p>Si vous venez d\u2019installer une cl\u00f4ture, vous devriez attendre un an avant de la teindre ou peinturer. \u00c9tant donn\u00e9 que le bois est trait\u00e9 sous pression, le bois et les produits chimiques requi\u00e8rent du temps pour se s\u00e9cher. Vous ne voulez pas faciliter la p\u00e9n\u00e9tration de l\u2019eau, qui peut pourrir le bois.<\/p>\r\n\r\n                        <p>Tous les 3 \u00e0 5\u00a0ans, vous devriez repeinturer ou reteindre les cl\u00f4tures. Les teintures pour ext\u00e9rieur bas\u00e9es sur l\u2019huile ou la peinture au latex prolongent la vie du bois, et emp\u00eachent la p\u00e9n\u00e9tration de l\u2019eau et la d\u00e9t\u00e9rioration. Il faut laisser le bois s\u00e9cher pendant une semaine avant d\u2019appliquer une teinture ou du mastic.<\/p>\r\n\r\n                    <h3 id=\"long-term\">Entretien \u00e0 plus long terme<\/h3>\r\n\r\n                        <p>Le bois trait\u00e9 sous pression peut toujours gonfler, se contracter, se fissurer ou gauchir. R\u00e9sultat\u00a0: vous devez entretenir vos cl\u00f4tures tous les 2 ou 3\u00a0ans. Le fait de r\u00e9duire l\u2019exposition de vos cl\u00f4tures \u00e0 l\u2019eau prolongera la vie de la structure. Faites en sorte que l\u2019eau des arroseurs ne touche pas les cl\u00f4tures, ce qui peut provoquer la croissance de la mousse. Emp\u00eachez que les vignes ou les arbustes poussent sur les cl\u00f4tures, car ces plantes p\u00e8sent et permettent l\u2019infiltration de l\u2019eau.<\/p>\r\n\r\n                        <p>Tous les 3 \u00e0 5\u00a0ans, il faut enlever la terre, la mousse et la moisissure. Si vous voyez de la <a href=\"https:\/\/www.squareone.ca\/fr\/centres-ressources\/securite-domiciliaire-personnelle\/moisissure\" title=\"La moisissure et votre habitation\">moisissure<\/a>, appliquez \u00e0 la cl\u00f4ture une solution de quatre parts de d\u00e9tergent doux et d\u2019une part d\u2019eau de Javel. Apr\u00e8s une heure, lavez la cl\u00f4ture afin de tuer des spores de moisissure.<\/p>\r\n\r\n                <h2 id=\"home-insurance\">Consid\u00e9rations en assurance habitation<\/h2>\r\n\r\n                        <p>Square One offre une couverture facultative pour les <a href=\"https:\/\/www.squareone.ca\/resource-centres\/insurance-glossary\/detached-structures\" title=\"D\u00e9finition : d\u00e9pendances\">d\u00e9pendances<\/a>, les cl\u00f4tures et l\u2019am\u00e9nagement paysager. Les d\u00e9pendances comprennent des choses comme les cabanons et les pavillons de jardin, alors que <a href=\"https:\/\/www.squareone.ca\/resource-centres\/homeowner\/insuring-your-landscaping\" title=\"Comment assurer l\u2019am\u00e9nagement paysager, les cl\u00f4tures et l\u2019\u00e9quipement de jardinage\">l\u2019am\u00e9nagement paysager<\/a> comprend les arbres, les arbustes, les plantes et la pelouse. Cependant, l\u2019assurance ne couvrira pas les dommages provoqu\u00e9s par la maladie, la s\u00e9cheresse, l\u2019eau, le vent, la gr\u00eale ou le poids de la neige ou de la glace.<\/p>\r\n\r\n                        <p>L\u2019entretien de la cour arri\u00e8re est \u00e9galement important en ce qui concerne l\u2019assurance responsabilit\u00e9 civile. N\u2019oubliez pas que vous pourriez \u00eatre tenu responsable si l\u2019un de vos invit\u00e9s se blesse en tr\u00e9buchant sur un tuyau de jardin ou en marchant sur un clou.<\/p>\r\n\r\n<p>L&rsquo;assurance habitation exclut les dommages caus\u00e9s par les animaux nuisibles, y compris les souris ou les termites. Dans cette optique, un peu d&rsquo;entretien ext\u00e9rieur peut \u00e9galement emp\u00eacher que ces animaux endommagent votre maison.<\/p>\r\n\r\n                <h2 id=\"FAQs\">Questions fr\u00e9quemment pos\u00e9es<\/h2>\r\n\r\n                    <h3>Quelle est la hauteur id\u00e9ale pour ma pelouse?<\/h3>\r\n\r\n                        <p>Vous ne voulez pas tondre la pelouse trop bas. G\u00e9n\u00e9ralement, vous ne devriez pas couper plus d\u2019un tiers de la hauteur du brin d\u2019herbe. Si vous coupez trop bas, vous exposez la vo\u00fbte du gazon au soleil ou \u00e0 la chaleur, ce qui peut augmenter la croissance de la mauvaise herbe. Le gazon plus haut retient plus d\u2019eau, produit plus de chlorophylle et fournit de l\u2019ombre pour la terre.<\/p> \r\n\r\n                        <p>Employez le r\u00e9glage de 3\u00a0pouces (7,62\u00a0cm) de la tondeuse. Vous pouvez changer le r\u00e9glage en d\u00e9pla\u00e7ant le levier ajustable pr\u00e8s de la roue d\u2019avant. Plus vous coupez haut, plus les racines du gazon s\u2019\u00e9tendent dans le sol. Les racines d\u2019un brin d\u2019herbe d\u2019un pouce de hauteur ne s\u2019\u00e9tendent que trois pouces dans le sol, alors que les racines d\u2019un brin d\u2019herbe de trois pouces de hauteur s\u2019\u00e9tendent neuf pouces. Des racines profondes se traduisent par une pelouse plus saine et r\u00e9sistante.<\/p>\r\n\r\n                        <p>Pour la derni\u00e8re tonte de la saison, il est envisageable de tondre le gazon \u00e0 une hauteur de deux pouces en pr\u00e9paration du temps plus froid.<\/p>\r\n\r\n                    <h3>Combien co\u00fbte une cl\u00f4ture de bois?<\/h3>\r\n\r\n                        <p>Les frais d\u2019installation d\u2019une cl\u00f4ture de bois d\u00e9pendent de plusieurs facteurs, comme le type de bois, la hauteur de la cl\u00f4ture, la r\u00e9gion, si vous faites le travail vous-m\u00eame ou non et si vous partagez les frais avec vos voisins. Nous vous recommandons d\u2019obtenir une estimation aupr\u00e8s d\u2019un entrepreneur professionnel.<\/p>\r\n\r\n                    <h3>Peut-on manger les pissenlits?<\/h3>\r\n\r\n                        <p>Oui! Les pissenlits sont une excellente source de vitamines et de min\u00e9raux, comme les vitamines A, C et K. Ces plantes contiennent plusieurs antioxydants qui prot\u00e8gent les cellules de votre corps. En outre, les pissenlits r\u00e9duisent l\u2019inflammation, et aident \u00e0 g\u00e9rer l\u2019hypertension et \u00e0 baisser le cholest\u00e9rol. Vous pouvez verser les pissenlits et ses fleurs dans une salade en vous assurant que la plante n\u2019a pas \u00e9t\u00e9 expos\u00e9e aux produits chimiques.<\/p>\r\n\r\n                        <p><strong>Vous voulez en savoir plus?<\/strong> Consultez notre <a href=\"\/fr\/centres-ressources\/proprietaire-occupant\" title=\"Centre de ressources : propri\u00e9taire occupant\">Centre de ressources&nbsp;: propri\u00e9taire occupant<\/a> pour acc\u00e9der \u00e0 des articles pour vous guider sur la vie de propri\u00e9taire. Ensuite, <a href=\"\/fr\/soumission-assurance-habitation-en-ligne\" title=\"Obtenir une soumission d\u2019assurance habitation en ligne\">obtenez une soumission d'assurance habitation en ligne<\/a> en moins de 5\u00a0minutes et d\u00e9couvrez \u00e0 quel point l\u2019assurance habitation personnalis\u00e9e peut \u00eatre abordable.<\/p>\r\n\r\n            <\/div>\r\n        <\/div>\r\n    <\/div>\r\n<\/section>\r\n<script type=\"application\/ld+json\">\r\n{\r\n  \"@context\": \"https:\/\/schema.org\",\r\n   \"@type\": \"WebPage\",\r\n  \"mainEntityOfPage\": {\r\n    \"@type\": \"Article\",\r\n    \"@id\": \"https:\/\/www.squareone.ca\/fr\/centres-ressources\/proprietaire-occupant\/entretien-arriere-cour\"\r\n  },\r\n  \"author\": [\r\n    {\r\n      \"@type\": \"Person\",\r\n      \"name\": \"Anthony Michael\",\r\n      \"url\": \"https:\/\/www.squareone.ca\/fr\/a-propos-de-nous\/membres-equipe#anthony-michael\"\r\n    }\r\n  ],\r\n  \"headline\": \"Comment pr\u00e9parer votre arri\u00e8re-cour pour l\u2019\u00e9t\u00e9\",\r\n  \"datePublished\": \"\",\r\n  \"dateModified\": \"\",\r\n  \"inLanguage\": \"fr-CA\",\r\n  \"isAccessibleForFree\": true\r\n}\r\n<\/script>\r\n<script type=\"application\/ld+json\">\r\n{\r\n  \"@context\": \"https:\/\/schema.org\",\r\n  \"@type\": \"FAQPage\",\r\n  \"mainEntity\": [{\r\n    \"@type\": \"Question\",\r\n    \"name\": \"Quelle est la hauteur id\u00e9ale pour ma pelouse?\",\r\n    \"acceptedAnswer\": {\r\n      \"@type\": \"Answer\",\r\n      \"text\": \"Vous ne voulez pas tondre la pelouse trop bas. G\u00e9n\u00e9ralement, vous ne devriez pas couper plus d\u2019un tiers de la hauteur du brin d\u2019herbe. Si vous coupez trop bas, vous exposez la vo\u00fbte du gazon au soleil ou \u00e0 la chaleur, ce qui peut augmenter la croissance de la mauvaise herbe. Le gazon plus haut retient plus d\u2019eau, produit plus de chlorophylle et fournit de l\u2019ombre pour la terre. Employez le r\u00e9glage de 3\u00a0pouces (7,62\u00a0cm) de la tondeuse. Vous pouvez changer le r\u00e9glage en d\u00e9pla\u00e7ant le levier ajustable pr\u00e8s de la roue d\u2019avant. Plus vous coupez haut, plus les racines du gazon s\u2019\u00e9tendent dans le sol. Les racines d\u2019un brin d\u2019herbe d\u2019un pouce de hauteur ne s\u2019\u00e9tendent que trois pouces dans le sol, alors que les racines d\u2019un brin d\u2019herbe de trois pouces de hauteur s\u2019\u00e9tendent neuf pouces. Des racines profondes se traduisent par une pelouse plus saine et r\u00e9sistante. Pour la derni\u00e8re tonte de la saison, il est envisageable de tondre le gazon \u00e0 une hauteur de deux pouces en pr\u00e9paration du temps plus froid.\"\r\n    }\r\n  },{\r\n    \"@type\": \"Question\",\r\n    \"name\": \"Combien co\u00fbte une cl\u00f4ture de bois?\",\r\n    \"acceptedAnswer\": {\r\n      \"@type\": \"Answer\",\r\n      \"text\": \"Les frais d\u2019installation d\u2019une cl\u00f4ture de bois d\u00e9pendent de plusieurs facteurs, comme le type de bois, la hauteur de la cl\u00f4ture, la r\u00e9gion, si vous faites le travail vous-m\u00eame ou non et si vous partagez les frais avec vos voisins. Nous vous recommandons d\u2019obtenir une estimation aupr\u00e8s d\u2019un entrepreneur professionnel.\"\r\n    }\r\n  },{\r\n    \"@type\": \"Question\",\r\n    \"name\": \"Peut-on manger les pissenlits?\",\r\n    \"acceptedAnswer\": {\r\n      \"@type\": \"Answer\",\r\n      \"text\": \"Oui! Les pissenlits sont une excellente source de vitamines et de min\u00e9raux, comme les vitamines A, C et K. Ces plantes contiennent plusieurs antioxydants qui prot\u00e8gent les cellules de votre corps. En outre, les pissenlits r\u00e9duisent l\u2019inflammation, et aident \u00e0 g\u00e9rer l\u2019hypertension et \u00e0 baisser le cholest\u00e9rol. Vous pouvez verser les pissenlits et ses fleurs dans une salade en vous assurant que la plante n\u2019a pas \u00e9t\u00e9 expos\u00e9e aux produits chimiques.\"\r\n    }\r\n  }]\r\n}\r\n<\/script>","protected":false},"excerpt":{"rendered":"<p>Comment pr\u00e9parer votre arri\u00e8re-cour pour l\u2019\u00e9t\u00e9 Avec l\u2019arriv\u00e9e du printemps et le beau temps, vous avez h\u00e2te de profiter de la vie en plein air. Une arri\u00e8re-cour vous donne l\u2019occasion d\u2019organiser des barbecues, de relaxer sur un hamac ou de lire tranquillement un livre. Si vous avez la main verte, vous pouvez pousser vos propres [&hellip;]<\/p>\n","protected":false},"author":20,"featured_media":62840,"parent":48241,"menu_order":0,"comment_status":"closed","ping_status":"closed","template":"page-article-new.php","meta":{"_acf_changed":false,"footnotes":""},"class_list":["post-62970","page","type-page","status-publish","has-post-thumbnail","hentry"],"acf":[],"_links":{"self":[{"href":"https:\/\/www.squareone.ca\/fr\/wp-json\/wp\/v2\/pages\/62970","targetHints":{"allow":["GET"]}}],"collection":[{"href":"https:\/\/www.squareone.ca\/fr\/wp-json\/wp\/v2\/pages"}],"about":[{"href":"https:\/\/www.squareone.ca\/fr\/wp-json\/wp\/v2\/types\/page"}],"author":[{"embeddable":true,"href":"https:\/\/www.squareone.ca\/fr\/wp-json\/wp\/v2\/users\/20"}],"replies":[{"embeddable":true,"href":"https:\/\/www.squareone.ca\/fr\/wp-json\/wp\/v2\/comments?post=62970"}],"version-history":[{"count":11,"href":"https:\/\/www.squareone.ca\/fr\/wp-json\/wp\/v2\/pages\/62970\/revisions"}],"predecessor-version":[{"id":78495,"href":"https:\/\/www.squareone.ca\/fr\/wp-json\/wp\/v2\/pages\/62970\/revisions\/78495"}],"up":[{"embeddable":true,"href":"https:\/\/www.squareone.ca\/fr\/wp-json\/wp\/v2\/pages\/48241"}],"wp:featuredmedia":[{"embeddable":true,"href":"https:\/\/www.squareone.ca\/fr\/wp-json\/wp\/v2\/media\/62840"}],"wp:attachment":[{"href":"https:\/\/www.squareone.ca\/fr\/wp-json\/wp\/v2\/media?parent=62970"}],"curies":[{"name":"wp","href":"https:\/\/api.w.org\/{rel}","templated":true}]}}