{"id":63092,"date":"2023-06-16T15:59:46","date_gmt":"2023-06-16T22:59:46","guid":{"rendered":"https:\/\/www.squareone.ca\/centres-ressources\/lexique-assurance\/definition-police"},"modified":"2026-01-28T10:23:03","modified_gmt":"2026-01-28T18:23:03","slug":"definition-police","status":"publish","type":"page","link":"https:\/\/www.squareone.ca\/fr\/centres-ressources\/lexique-assurance\/police","title":{"rendered":"D\u00e9finition : police"},"content":{"rendered":"<section id='intro' class=\"bg-shape-split bg-sub-page-hero\">\r\n\t<div class=\"bg-position\">\r\n\t\t<div class=\"container-fluid\">\r\n\t\t\t<div class=\"row align-items-center\">\r\n\t\t\t\t<div class=\"col-12 col-lg-8\">                \r\n\t\t\t\t\t<h1>Police<\/h1>\r\n\t\t\t\t\t<strong>Article r\u00e9dig\u00e9 par <a href=\"\/fr\/a-propos-de-nous\/contributeurs#seamus-mckale\" title=\"Auteur : Seamus McKale\">Seamus McKale<\/a><\/strong>\r\n                                        <p class=\"pb-3\"><strong>Article \u00e9valu\u00e9 par <a href=\"\/fr\/a-propos-de-nous\/experts\/daniel-mirkovic\" title=\"Expert : Daniel Mirkovic\">Daniel Mirkovic<\/a><\/strong><\/p> \r\n\t\t\t\t\t<p class=\"pb-4\" style=\"margin-top:-24px\">Mis \u00e0 jour le 6 novembre 2025<\/p>\r\n\t\t\t\t<\/div>\r\n\t\t\t<\/div>\r\n\r\n\t\t\t<div class=\"row\">\r\n\t\t\t\t<div class=\"col-lg-8\">\r\n\t\t\t\t\t<p class='mb-0'>Nom<\/p>\r\n\t\t\t\t\t<p>po-lice | p\u0254lis<\/p>\r\n\t\t\t\t\t<p class=\"display-4\"><strong><span class='text-orange'>Definition\u00a0:<\/span> le contrat d\u2019assurance entre un assureur et un assur\u00e9.<\/strong><\/p>\r\n\t\t\t\t\t<p class=\"display-4\"><i>Michel a soigneusement examin\u00e9 sa nouvelle <strong>police<\/strong> d\u2019assurance.<\/i><\/p>                   \r\n\t\t\t\t<\/div>\r\n\r\n\t\t\t\t<div class=\"col-lg-3 offset-lg-1\">          \r\n\t\t\t\t\t<p class=\"mb-2 display-4 pt-4 pt-lg-0 pt-mb-0\"><strong>Th\u00e8mes<\/strong><\/p>\r\n\t\t\t\t\t<ul class=\"list-unstyled link-list display-4\">\r\n\t\t\t\t\t\t<li><a href='#policy'>Qu\u2019est-ce qu\u2019une police?<\/a><\/li>\r\n\t\t\t\t\t\t<li><a href='#reading'>Lecture du libell\u00e9 de la police<\/a><\/li>\r\n\t\t\t\t\t\t<li><a href='#insurance'>L\u2019assurance expliqu\u00e9e<\/a><\/li>\r\n\t\t\t\t\t<\/ul>\r\n\t\t\t\t<\/div>\r\n\t\t\t<\/div>  \r\n\t\t<\/div>\r\n\t<\/div>\r\n\t<div class=\"bg-bottom\"><\/div>\r\n<\/section>\r\n\r\n<section>\r\n    <div class=\"container-fluid py-6\">\r\n        <div class=\"row\">\r\n            <div class=\"col-12 col-lg-8\">\r\n                <div class=\"row pb-6\">\r\n                    <div class=\"col-12\">\r\n                        <div class=\"card review\" style='background-color:#FFE0C9'>\r\n                            <div class=\"card-body\">\r\n                                <p class=\"h3\">L\u2019essentiel<\/p>\r\n                                <ul class='mb-0'>\r\n\t\t\t\t\t<li>Une police d\u2019assurance est un contrat entre une compagnie d\u2019assurance (l\u2019assureur) et un client (l\u2019assur\u00e9).<\/li>\r\n\t\t\t\t\t<li>Les polices de chaque compagnie diff\u00e8rent l\u00e9g\u00e8rement, mais elles r\u00e9unissent les m\u00eames \u00e9l\u00e9ments pour la plupart.<\/li>\r\n\t\t\t\t\t<li>L\u2019assurance met en commun les primes de tous les assur\u00e9s pour r\u00e9gler les sinistres subis par les assur\u00e9s.<\/li>\r\n                                <\/ul>\r\n                            <\/div>\r\n                        <\/div>\r\n                    <\/div>\r\n                <\/div>\r\n\r\n\t\t\t\t<h2 id=\"policy\">Qu\u2019est-ce qu\u2019une police d\u2019assurance?<\/h2>\r\n\t\t\t\t<p>Une police d\u2019assurance est un contrat entre un assureur et un assur\u00e9.<\/p>\r\n\t\t\t\t<p>L\u2019assureur est la compagnie d\u2019assurance. C\u2019est elle qui convient de r\u00e9gler les <a href='\/fr\/centres-ressources\/lexique-assurance\/reclamation' title=\"D\u00e9finition : r\u00e9clamation\">r\u00e9clamations<\/a>. L\u2019assur\u00e9 est la personne qui souscrit la police. La police prot\u00e8ge son habitation et ses possessions.<\/p>\r\n\t\t\t\t<p>Une police d\u2019assurance d\u00e9crit les types de sinistres que l\u2019assureur convient de r\u00e9gler et les diverses obligations des deux parties (l\u2019assureur et l\u2019assur\u00e9). <\/p>\r\n\t\t\t\t<p>Un contrat d\u2019assurance est bas\u00e9 sur le principe de <a href='https:\/\/www.cisdl.org\/wp-content\/uploads\/2018\/05\/Conf%C3%A9rence-Charles-D-Gonthier-Louis-LeBel.pdf' title=\"Le principe de bonne foi en droit civile qu\u00e9b\u00e9cois\" target='_blank' rel=\"noopener noreferrer\">la plus absolue bonne foi<\/a>. Cela signifie que les deux parties vis\u00e9es par le contrat (la compagnie d\u2019assurance et la personne souscrivant la police) doivent \u00eatre honn\u00eates sur tous les d\u00e9tails qui pourraient influencer le contrat.<\/p>\r\n\t\t\t\t<p>Une compagnie d\u2019assurance doit elle aussi \u00eatre transparente sur tous les d\u00e9tails du contrat d\u2019assurance. Chez Square One, nous publions notre contrat de police sur Internet pour que le public puisse le lire avant de souscrire une police. L\u2019assur\u00e9, en revanche, doit r\u00e9pondre honn\u00eatement et compl\u00e8tement \u00e0 toutes les questions de la part de la compagnie d\u2019assurance.<\/p>\r\n\t\t\t\t<p>Si l\u2019une des parties ne respecte pas ses obligations, le principe de la plus absolue bonne foi n\u2019est pas respect\u00e9e.<\/p>\r\n\t\t\t\t<p>La plupart des contrats en assurance habitation ne durent qu\u2019un an. Cela signifie que les couvertures d\u2019une police ne changent pas pendant un an (\u00e0 moins que l\u2019assur\u00e9 demande une modification). Dans le m\u00eame ordre d\u2019id\u00e9es, <a href='\/fr\/centres-ressources\/lexique-assurance\/prime' title=\"D\u00e9finition : prime\">la prime<\/a> ne change pas.<\/p> \r\n\t\t\t\t<p>\u00c0 la fin de l\u2019ann\u00e9e, la compagnie d\u2019assurance enverra au client un avis de r\u00e9\u00e9valuation indiquant s\u2019il y a des changements de couverture ou de prime. Si, apr\u00e8s avoir re\u00e7u l\u2019avis de r\u00e9\u00e9valuation, l\u2019assur\u00e9 continue de payer la nouvelle prime, on juge que celui-ci accepte la r\u00e9\u00e9valuation. \u00c0 noter\u00a0: il est important de s\u2019assurer qu\u2019un propri\u00e9taire occupant ne finit pas involontairement sans protection si l\u2019avis de r\u00e9\u00e9valuation est perdu dans la poste ou s\u2019il oublie de demander la couverture pour un an de plus.<\/p>\r\n\t\t\t\t<p>Un assur\u00e9 peut modifier ou r\u00e9silier une police en tout temps, m\u00eame en milieu du terme de la police. La compagnie d\u2019assurance ne peut pas r\u00e9silier une police avant la fin du terme, \u00e0 l\u2019exception de certains cas (comme un client qui ne paie pas sa prime).<\/p>\r\n\r\n\r\n\r\n\t\t\t\t<h2 id=\"reading\">Comment lis-je le libell\u00e9 de ma police?<\/h2>\r\n\t\t\t\t<p>Au sein du secteur de l\u2019assurance, on observe des diff\u00e9rences entre les documents de police offerts par les compagnies d\u2019assurance. Toutefois, la plupart des polices comprennent les m\u00eames \u00e9l\u00e9ments de base.<\/p>\r\n\t\t\t\t<p>Le texte d\u2019un contrat d\u2019assurance s\u2019appelle couramment libell\u00e9 de police. Ce terme est synonyme de \u00ab\u00a0police\u00a0\u00bb.<\/p>\r\n\t\t\t\t<p>Une police typique de Square One comprend neuf articles ou sections. D\u2019autres assureurs combinent certains articles ou les organisent diff\u00e9remment, mais les polices d\u2019assurance habitation comprennent plus ou moins la m\u00eame information.<\/p>\r\n\t\t\t\t<p>Chez Square One, nous r\u00e9digeons notre libell\u00e9 de police en un fran\u00e7ais simple. En fait, notre police est plus facile \u00e0 comprendre que de nombreux contrats. \u00c0 titre d\u2019assur\u00e9, vous avez int\u00e9r\u00eat \u00e0 lire et \u00e0 comprendre votre police d\u2019assurance afin de bien comprendre les couvertures (garanties) auxquelles vous \u00eates admissible. En cas de doute, n\u2019h\u00e9sitez pas \u00e0 communiquer avec votre fournisseur d\u2019assurance pour obtenir des pr\u00e9cisions.<\/p>\r\n\t\t\t\t<p>Voici les articles d\u2019une police d\u2019assurance de Square One ainsi que leur contenu\u00a0:<\/p>\r\n\t\t\t\t<ul>\r\n\t\t\t\t\t<li><p><strong>Nature et \u00e9tendue de l\u2019assurance.<\/strong> Cet article d\u00e9crit l\u2019entente de base entre l\u2019assureur et l\u2019assur\u00e9\u00a0: l\u2019assur\u00e9 paie la prime et l\u2019assureur r\u00e8gle les sinistres assur\u00e9s.<\/p><\/li>\r\n\t\t\t\t\t<li><p><strong>D\u00e9finitions.<\/strong> Cet article d\u00e9finit les termes importants qu\u2019on retrouve dans la police.<\/p><\/li>\r\n\t\t\t\t\t<li><p><strong>Garanties pour les dommages aux biens.<\/strong> Dans cette section, vous trouverez des descriptions sur les types de biens assur\u00e9s par la police et les conditions de couverture. Les conditions comprennent les types de sinistres ou dommages assurables, la fa\u00e7on dont l\u2019assureur calcule les montants des r\u00e8glements et les limitations pour les diff\u00e9rents types de biens.<\/p><\/li>\r\n\t\t\t\t\t<li><p><strong>Garanties pour les frais de subsistance suppl\u00e9mentaires.<\/strong> Cet article d\u00e9crit les couvertures offertes aux assur\u00e9s qui doivent quitter les lieux assur\u00e9s. Les frais suppl\u00e9mentaires que vous devez engager si vous \u00eates oblig\u00e9 de quitter votre logement s\u2019inscrivent dans le cadre de cet article.<\/p><\/li> \r\n\t\t\t\t\t<li><p><strong>Responsabilit\u00e9 civile et du fait des lieux.<\/strong> Cet article explique les couvertures qui prot\u00e8gent l\u2019assur\u00e9 lorsqu\u2019il est tenu responsable des dommages mat\u00e9riels ou corporels.<\/p><\/li>\r\n\t\t\t\t\t<li><p><strong>Garantie pour protection juridique.<\/strong> Square One offre une <a href=\"\/fr\/habitation\/protection-juridique\" title=\"Assurance protection juridique de Square One\">assurance protection juridique<\/a> facultative qui offre une protection financi\u00e8re suppl\u00e9mentaire pour certains probl\u00e8mes juridiques et un acc\u00e8s \u00e0 un service juridique t\u00e9l\u00e9phonique. Veuillez noter que cette garantie n\u2019est pas offerte au Qu\u00e9bec. Si vous choisissez cette garantie, vous la verrez ici.<\/p><\/li>\r\n\t\t\t\t\t<li><p><strong>Exclusions.<\/strong> Les polices d\u2019assurance habitation souscrites par Square One sont <a href='\/fr\/habitation\/comprehensive' title=\"Square One : polices tous risques\">tous risques<\/a>, ce qui signifie qu\u2019elles couvrent tous les types de sinistres, sauf les sinistres sp\u00e9cifiquement exclus dans la police. Dans cette section, vous trouverez les biens et les risques qui ne sont pas couverts par votre police.<\/p><\/li>\r\n\t\t\t\t\t<li><p><strong>Franchises.<\/strong> Cet article \u00e9num\u00e8re les diff\u00e9rentes franchises qui s\u2019appliquent \u00e0 la police ainsi que les conditions dans lesquelles chacune d\u2019entre elles s\u2019applique.<\/p><\/li>\r\n\t\t\t\t\t<li><p><strong>Conditions suppl\u00e9mentaires et annexes.<\/strong> Ce dernier article comprend toutes les conditions diverses qui s\u2018appliquent \u00e0 la police enti\u00e8re. Entre autres, vous trouverez ici les dispositions l\u00e9gales, qui sont les conditions impos\u00e9es par la loi sur tous les contrats d\u2019assurance. Les dispositions l\u00e9gales sont les m\u00eames, peu importe la compagnie d\u2019assurance. Les annexes sont des sections suppl\u00e9mentaires ajout\u00e9es \u00e0 la fin du libell\u00e9 de la police. Par exemple, si vous souscrivez la garantie pour copropri\u00e9taires de Square One, le libell\u00e9 de cette couverture para\u00eetra dans les annexes.<\/p><\/li>\r\n\t\t\t\t<\/ul>\r\n\r\n\t\t\t\t<h2 id=\"insurance\">L\u2019assurance expliqu\u00e9e<\/h2>\r\n\t\t\t\t<p>L\u2019assurance met en commun les primes per\u00e7ues de tous les clients. Ces fonds servent \u00e0 couvrir les r\u00e9clamations des clients qui subissent des sinistres.<\/p>\r\n\t\t\t\t<p>Dans cette optique, chaque compagnie d\u2019assurance emploie des actuaires qui font des pr\u00e9dictions d\u00e9taill\u00e9es sur le montant des fonds requis pour r\u00e9gler les r\u00e9clamations chaque ann\u00e9e. En fonction de ces pr\u00e9dictions, les actuaires calculent le montant d\u2019argent \u00e0 percevoir des clients.<\/p>\r\n\t\t\t\t<p>Bien entendu, tous les clients ne paient pas la m\u00eame prime. Les primes varient de client en client en raison de diff\u00e9rents facteurs. Cela dit, l\u2019habitation elle-m\u00eame est le risque le plus important. Les clients vivant dans une habitation \u00e0 plus grand risque de subir un sinistre paient des primes plus \u00e9lev\u00e9es.<\/p>\r\n\t\t\t\t<p>Chaque compagnie d\u2019assurance a ses propres m\u00e9thodes de calcul du risque. Elles prennent en consid\u00e9ration des facteurs comme l\u2019\u00e2ge de l\u2019habitation, le type de construction, l\u2019emplacement, les tendances climatiques locales, le risque de tremblement de terre et les statistiques de criminalit\u00e9, entre autres. En fonction de ces calculs, l\u2019assureur d\u00e9termine la prime requise pour accepter le risque repr\u00e9sent\u00e9 par l\u2019habitation. Si le client accepte la prime et les conditions du contrat, l\u2019assureur lui d\u00e9livrera un contrat d\u2019assurance. <\/p>\r\n\t\t\t\t<p>L\u2019assurance fonctionne selon ces principes de base.<\/p>\r\n\r\n\t\t\t\t<p><strong>Vous recherchez une d\u00e9finition en assurance?<\/strong> Consultez notre <a href=\"\/fr\/centres-ressources\/lexique-assurance\" title=\"Centre de ressources : lexique de l'assurance\">Centre de ressources&nbsp;: lexique de l\u2019assurance<\/a> pour acc\u00e9der \u00e0 des d\u00e9finitions faciles \u00e0 comprendre des termes les plus courants de l'assurance. Ensuite, <a href=\"\/fr\/soumission-assurance-habitation-en-ligne\" title=\"Obtenir une soumission d\u2019assurance habitation en ligne\">obtenez une soumission d'assurance habitation en ligne<\/a> en moins de 5\u00a0minutes et d\u00e9couvrez \u00e0 quel point l\u2019assurance habitation personnalis\u00e9e peut \u00eatre abordable.<\/p>\r\n\r\n\t\t\t\t<div class=\"row py-3\">\r\n<div class=\"col-12\">\r\n<div class=\"card review\" style=\"box-shadow: 0 2px 4px rgba(0,0,0,0.07);background-color:#f4f4f4;\">\r\n<div class=\"card-body\">\r\n\t<p class=\"text-primary h4\">\u00c0 propos de l\u2019expert&nbsp;: Daniel Mirkovic<\/p>\r\n\t<p>Cofondateur de Square One comptant plus de 25&nbsp;ans dans le secteur de l\u2019assurance, Daniel \u00e9tait vice-pr\u00e9sident des services d\u2019assurance et de voyage de la British Columbia Automobile Association (BCAA). Daniel est titulaire d'un baccalaur\u00e9at \u00e8s commerce et d'une ma\u00eetrise \u00e8s administration des affaires, tous deux obtenus \u00e0 la Sauder School of Business de l'universit\u00e9 de la Colombie-Britannique. Daniel est muni de la d\u00e9signation CAAC et d\u2019un certificat en assurance de dommages niveau&nbsp;3 en Colombie-Britannique, en Alberta, en Saskatchewan, au Manitoba et en Ontario.<\/p>\r\n<\/div>\r\n<\/div>\r\n<\/div>\r\n<\/div>\r\n\r\n\t\t\t<\/div>\r\n\t\t<\/div>\r\n\t<\/div>\r\n<\/section>\r\n<script type=\"application\/ld+json\">\r\n{\r\n  \"@context\": \"https:\/\/schema.org\",\r\n  \"@graph\": [\r\n    {\r\n      \"@type\": [\"WebPage\", \"DefinedTerm\"],\r\n      \"@id\": \"https:\/\/www.squareone.ca\/fr\/centres-ressources\/lexique-assurance\/police\",\r\n      \"url\": \"https:\/\/www.squareone.ca\/fr\/centres-ressources\/lexique-assurance\/police\",\r\n      \"inLanguage\": \"fr-CA\",\r\n      \"isAccessibleForFree\": true,\r\n      \"name\": \"Police\",\r\n      \"description\": \"Le contrat d\u2019assurance entre un assureur et un assur\u00e9.\",\r\n      \"inDefinedTermSet\": {\r\n        \"@type\": \"DefinedTermSet\",\r\n        \"name\": \"Lexique de l\u2019assurance de Square One\",\r\n        \"url\": \"https:\/\/www.squareone.ca\/fr\/centres-ressources\/lexique-assurance\"\r\n      },\r\n      \"publisher\": {\r\n        \"@id\": \"https:\/\/www.squareone.ca\/fr\"\r\n      },\r\n      \"author\": {\r\n        \"@id\": \"#seamus-mckale\"\r\n      },\r\n      \"reviewedBy\": {\r\n        \"@id\": \"https:\/\/www.squareone.ca\/fr\/a-propos-de-nous\/experts\/daniel-mirkovic\"\r\n      }\r\n    },\r\n    {\r\n      \"@type\": \"InsuranceAgency\",\r\n      \"@id\": \"https:\/\/www.squareone.ca\/fr\",\r\n      \"name\": \"Assurances Square One\",\r\n      \"url\": \"https:\/\/www.squareone.ca\/fr\",\r\n      \"logo\": \"https:\/\/cdn.squareone.ca\/wp-content\/uploads\/2021\/04\/09094743\/square-one-logomark-default-md-1.png\",\r\n      \"address\": {\r\n        \"@type\": \"PostalAddress\",\r\n        \"streetAddress\": \"1410-650 W Georgia St\",\r\n        \"addressLocality\": \"Vancouver\",\r\n        \"addressRegion\": \"BC\",\r\n        \"postalCode\": \"V6B 4N8\",\r\n        \"addressCountry\": \"CA\"\r\n      },\r\n      \"telephone\": \"+1-855-331-6933\",\r\n      \"areaServed\": [\"BC\", \"AB\", \"SK\", \"MB\", \"ON\", \"QC\"],\r\n      \"feesAndCommissionsSpecification\": \"https:\/\/www.squareone.ca\/fr\/transparence\"\r\n    },\r\n    {\r\n      \"@type\": \"Person\",\r\n      \"@id\": \"#seamus-mckale\",\r\n      \"name\": \"Seamus McKale\",\r\n      \"url\": \"https:\/\/www.squareone.ca\/fr\/a-propos-de-nous\/membres-equipe#seamus-mckale\",\r\n      \"description\": \"Seamus a 15 ans d\u2019exp\u00e9rience en marketing, avec sp\u00e9cialisation en publicit\u00e9 multim\u00e9dia, r\u00e9daction technique et contenu sur l\u2019assurance personnelle.\",\r\n      \"jobTitle\": \"Sp\u00e9cialiste de marketing de contenu\",\r\n      \"worksFor\": {\r\n        \"@id\": \"https:\/\/www.squareone.ca\/fr\"\r\n      },\r\n      \"hasCredential\": [\r\n        {\r\n          \"@type\": \"EducationalOccupationalCredential\",\r\n          \"name\": \"Certificat en assurance de dommages de la C.-B., niveau 1\"\r\n        },\r\n        {\r\n          \"@type\": \"EducationalOccupationalCredential\",\r\n          \"name\": \"Certificat en assurance de dommages de l\u2019Ontario\"\r\n        }\r\n      ],\r\n      \"knowsAbout\": [\r\n        \"Marketing\",\r\n        \"Publicit\u00e9 multim\u00e9dia\",\r\n        \"R\u00e9daction technique\",\r\n        \"Assurance des particuliers\"\r\n      ],\r\n      \"sameAs\": [\r\n        \"https:\/\/www.linkedin.com\/in\/seamus-m-83801a2b\/\"\r\n      ]\r\n    },\r\n    {\r\n      \"@type\": \"Person\",\r\n      \"@id\": \"https:\/\/www.squareone.ca\/fr\/a-propos-de-nous\/experts\/daniel-mirkovic\",\r\n      \"name\": \"Daniel Mirkovic\",\r\n      \"url\": \"https:\/\/www.squareone.ca\/fr\/a-propos-de-nous\/experts\/daniel-mirkovic\",\r\n      \"description\": \"Daniel poss\u00e8de de vastes connaissances en assurance, acquises au cours de plus de 25 ans d\u2019exprience dans le secteur.\",\r\n      \"jobTitle\": \"Cofondateur et PDG\",\r\n      \"worksFor\": {\r\n        \"@id\": \"https:\/\/www.squareone.ca\/fr\"\r\n      },\r\n      \"alumniOf\": {\r\n        \"@type\": \"CollegeOrUniversity\",\r\n        \"name\": \"Sauder School of Business at the University of British Columbia\"\r\n      },\r\n      \"hasCredential\": [\r\n        {\r\n          \"@type\": \"EducationalOccupationalCredential\",\r\n          \"name\": \"Courtier d\u2019assurance agr\u00e9\u00e9 du Canada (CAAC)\"\r\n        },\r\n        {\r\n          \"@type\": \"EducationalOccupationalCredential\",\r\n          \"name\": \"Certificat en assurance de dommages, niveau 3 (BC, AB, SK, MB, ON)\"\r\n        }\r\n      ],\r\n      \"knowsAbout\": [\r\n        \"Assurance propri\u00e9taire occupant\",\r\n        \"Assurance locataire\",\r\n        \"Assurance copropri\u00e9taire\",\r\n        \"Assurance auto\",\r\n        \"Assurance automobile de collection\",\r\n        \"Assurance maladie\",\r\n        \"Assurance-vie\",\r\n        \"L\u2019assurance invalidit\u00e9 de longue dur\u00e9e\",\r\n        \"Assurance v\u00e9t\u00e9rinaire\",\r\n        \"Assurance-voyage\",\r\n        \"Planification d\u2019affaires et strat\u00e9gique\",\r\n        \"Publicit\u00e9 s'adressant directement aux consommateurs\",\r\n        \"D\u00e9veloppement des produits\",\r\n        \"Conception de l\u2019exp\u00e9rience des utilisateurs\"\r\n      ],\r\n      \"sameAs\": [\r\n        \"https:\/\/www.linkedin.com\/in\/danielmirkovic\"\r\n      ]\r\n    },\r\n    {\r\n      \"@type\": \"FAQPage\",\r\n      \"mainEntity\": [\r\n        {\r\n          \"@type\": \"Question\",\r\n          \"name\": \"Qu'est-ce qu'une police d\u2019assurance?\",\r\n          \"acceptedAnswer\": {\r\n            \"@type\": \"Answer\",\r\n            \"text\": \"Une police d\u2019assurance est un contrat entre un assureur et un assur\u00e9. L\u2019assureur est la compagnie d\u2019assurance. Elle convient de r\u00e9gler les r\u00e9clamations. L\u2019assur\u00e9 est la personne qui souscrit la police. La police prot\u00e8ge son habitation et ses possessions. Une police d\u2019assurance d\u00e9crit le type de sinistres que l\u2019assureur convient de r\u00e9gler et les diverses obligations des deux parties (l\u2019assureur et l\u2019assur\u00e9).\"\r\n          }\r\n        },\r\n        {\r\n          \"@type\": \"Question\",\r\n          \"name\": \"L\u2019assurance expliqu\u00e9e\",\r\n          \"acceptedAnswer\": {\r\n            \"@type\": \"Answer\",\r\n            \"text\": \"L\u2019assurance met en commun les primes de tous les clients pour couvrir les sinistres subis par une minorit\u00e9 de clients. Dans cette optique, chaque compagnie d\u2019assurance emploie des actuaires qui font des pr\u00e9dictions d\u00e9taill\u00e9es sur le montant de fonds requis pour r\u00e9gler les r\u00e9clamations chaque ann\u00e9e. En fonction de ces pr\u00e9dictions, les actuaires calculent le montant d\u2019argent \u00e0 percevoir des clients. Bien entendu, tous les clients ne paient pas la m\u00eame prime. Les primes varient de client en client en raison de diff\u00e9rents facteurs. Cela dit, l\u2019habitation elle-m\u00eame est le risque le plus important. Les clients vivant dans une habitation \u00e0 plus grand risque de subir un sinistre paient des primes plus \u00e9lev\u00e9es. Chaque compagnie d\u2019assurance a ses propres m\u00e9thodes de calcul du risque. Elles prennent en consid\u00e9ration des facteurs comme l\u2019\u00e2ge de l\u2019habitation, le type de construction, l\u2019emplacement, les tendances climatiques locales, le risque de tremblement de terre et les statistiques de criminalit\u00e9, entre autres. En fonction de ces calculs, l\u2019assureur d\u00e9termine la prime requise pour accepter le risque repr\u00e9sent\u00e9 par l\u2019habitation. Si le client accepte la prime et les conditions du contrat, l\u2019assureur lui d\u00e9livrera un contrat d\u2019assurance.\"\r\n          }\r\n        }\r\n      ]\r\n    }\r\n  ]\r\n}\r\n<\/script>\r\n","protected":false},"excerpt":{"rendered":"<p>Police Article \u00e9valu\u00e9 par Daniel Mirkovic Nom po-lice | p\u0254lis Definition\u00a0: le contrat d\u2019assurance entre un assureur et un assur\u00e9. Michel a soigneusement examin\u00e9 sa nouvelle police d\u2019assurance. Th\u00e8mes Qu\u2019est-ce qu\u2019une police? Lecture du libell\u00e9 de la police L\u2019assurance expliqu\u00e9e L\u2019essentiel Une police d\u2019assurance est un contrat entre une compagnie d\u2019assurance (l\u2019assureur) et un client [&hellip;]<\/p>\n","protected":false},"author":2,"featured_media":0,"parent":53157,"menu_order":0,"comment_status":"closed","ping_status":"closed","template":"page-article-new.php","meta":{"_acf_changed":false,"footnotes":""},"class_list":["post-63092","page","type-page","status-publish","hentry"],"acf":[],"_links":{"self":[{"href":"https:\/\/www.squareone.ca\/fr\/wp-json\/wp\/v2\/pages\/63092","targetHints":{"allow":["GET"]}}],"collection":[{"href":"https:\/\/www.squareone.ca\/fr\/wp-json\/wp\/v2\/pages"}],"about":[{"href":"https:\/\/www.squareone.ca\/fr\/wp-json\/wp\/v2\/types\/page"}],"author":[{"embeddable":true,"href":"https:\/\/www.squareone.ca\/fr\/wp-json\/wp\/v2\/users\/2"}],"replies":[{"embeddable":true,"href":"https:\/\/www.squareone.ca\/fr\/wp-json\/wp\/v2\/comments?post=63092"}],"version-history":[{"count":16,"href":"https:\/\/www.squareone.ca\/fr\/wp-json\/wp\/v2\/pages\/63092\/revisions"}],"predecessor-version":[{"id":78106,"href":"https:\/\/www.squareone.ca\/fr\/wp-json\/wp\/v2\/pages\/63092\/revisions\/78106"}],"up":[{"embeddable":true,"href":"https:\/\/www.squareone.ca\/fr\/wp-json\/wp\/v2\/pages\/53157"}],"wp:attachment":[{"href":"https:\/\/www.squareone.ca\/fr\/wp-json\/wp\/v2\/media?parent=63092"}],"curies":[{"name":"wp","href":"https:\/\/api.w.org\/{rel}","templated":true}]}}