{"id":63114,"date":"2023-06-20T10:23:35","date_gmt":"2023-06-20T17:23:35","guid":{"rendered":"https:\/\/www.squareone.ca\/centres-ressources\/lexique-assurance\/definition-disposition"},"modified":"2026-03-18T13:54:52","modified_gmt":"2026-03-18T20:54:52","slug":"definition-disposition","status":"publish","type":"page","link":"https:\/\/www.squareone.ca\/fr\/centres-ressources\/lexique-assurance\/disposition","title":{"rendered":"D\u00e9finition : disposition"},"content":{"rendered":"<section id='intro' class=\"bg-shape-split bg-sub-page-hero\">\r\n    <div class=\"bg-position\">\r\n        <div class=\"container-fluid\">\r\n            <div class=\"row align-items-center\">\r\n                <div class=\"col-12 col-lg-8\">                \r\n                    <h1>Disposition<\/h1>\r\n                    <strong>Article r\u00e9dig\u00e9 par <a href=\"\/fr\/a-propos-de-nous\/contributeurs#seamus-mckale\" title=\"Auteur : Seamus McKale\">Seamus McKale<\/a><\/strong>\r\n                    <p class=\"pb-3\"><strong>Article \u00e9valu\u00e9 par <a href=\"https:\/\/www.squareone.ca\/about-us\/experts\/daniel-mirkovic\" title=\"Expert : Daniel Mirkovic\">Daniel Mirkovic<\/a><\/strong><\/p> \r\n                    <p class=\"pb-4\" style=\"margin-top:-24px\">Mis \u00e0 jour le 18 septembre 2025<\/p>\r\n                <\/div>\r\n            <\/div>\r\n\r\n            <div class=\"row\">\r\n                <div class=\"col-lg-8\">\r\n                    <p class='mb-0'>Nom<\/p>\r\n                    <p> dis-po-si-tion | dispozisj\u0254\u0303<\/p>\r\n                    <p class=\"display-4\"><strong><span class='text-orange'>D\u00e9finition\u00a0:<\/span> une section d\u2019un contrat qui traite d\u2019un th\u00e8me particulier.<\/strong><\/p>\r\n                    <p class=\"display-4\"><i>Certains contrats d\u2019assurance comprennent une <strong>disposition<\/strong> relativement \u00e0 la coassurance.<\/i><\/p>              \r\n                <\/div>\r\n\r\n                <div class=\"col-lg-3 offset-lg-1\">          \r\n                    <p class=\"mb-2 display-4 pt-4 pt-lg-0 pt-mb-0\"><strong>Th\u00e8mes<\/strong><\/p>\r\n                    <ul class=\"list-unstyled link-list display-4\">\r\n                        <li><a href='#what-is-a-clause'>Qu\u2019est-ce qu\u2019une disposition?<\/a><\/li>            \r\n                        <li><a href='#insurance'>Les dispositions et l\u2019assurance<\/a><\/li>\r\n                    <\/ul>\r\n                <\/div>\r\n            <\/div>  \r\n        <\/div>\r\n    <\/div>\r\n    <div class=\"bg-bottom\"><\/div>\r\n<\/section>\r\n\r\n<section>\r\n    <div class=\"container-fluid py-6\">\r\n        <div class=\"row\">\r\n            <div class=\"col-12 col-lg-8\">\r\n                <div class=\"row pb-6\">\r\n                    <div class=\"col-12\">\r\n                        <div class=\"card review\" style='background-color:#FFE0C9'>\r\n                            <div class=\"card-body\">\r\n                                <p class=\"h3\">L\u2019essentiel<\/p>\r\n                                <ul class='mb-0'>\r\n                                   <li>Dans les contrats l\u00e9gaux (y compris les polices d\u2019assurance), les dispositions sont des articles et des sous-articles au sein du contrat qui traitent des th\u00e8mes sp\u00e9cifiques.<\/li>\r\n                                   <li>Les dispositions d\u00e9crivent les obligations de chaque partie en vertu de la police.<\/li>\r\n                                   <li>Il n\u2019y a aucun format fixe pour les dispositions; c\u2019est le r\u00e9dacteur du contrat qui d\u00e9termine le formatage.<\/li>\r\n                                <\/ul>\r\n                            <\/div>\r\n                        <\/div>\r\n                    <\/div>\r\n                <\/div>\r\n            <h2 id=\"what-is-a-clause\">Qu\u2019est-ce qu\u2019une disposition?<\/h2>\r\n\r\n                <p>Dans un contrat l\u00e9gal (y compris une <a href=\/fr='https:\/\/www.squareone.ca\/resource-centres\/insurance-glossary\/policy'>police d\u2019assurance<\/a>), une disposition est un article qui traite d\u2019un th\u00e8me sp\u00e9cifique. Policy\u00a0\u00bb>insurance policy<\/a>), a clause is a section that deals with a specific subject. Chaque disposition expose les \u00e9l\u00e9ments d\u2019entente entre les parties vis\u00e9es par le contrat.<\/p>\r\n\r\n                <p>Les dispositions n\u2019ont pas une longueur particuli\u00e8re ou un format sp\u00e9cifique. Certaines dispositions sont d\u2019un simple paragraphe, alors que d\u2019autres comprennent plusieurs pages. Cela d\u00e9pend de la quantit\u00e9 de d\u00e9tails requise dans chaque article du contrat.<\/p>\r\n\r\n                <p>Chaque disposition comprend des d\u00e9tails sur les obligations des parties et les cons\u00e9quences du manque du respect des dispositions.<\/p>\r\n\r\n                <p>Certains types de dispositions se trouvent dans de nombreux contrats. Les dispositions les plus courantes sont les suivantes\u00a0:<\/p>\r\n\r\n                <ul>\r\n                    <li><strong>P\u00e9riode de limitation. <\/strong>Le d\u00e9lai de prescription \u00e9tablit l\u2019\u00e9ch\u00e9ancier des parties vis\u00e9es par le contrat pour entamer une action en justice si l\u2019autre partie ne respecte pas ses obligations en vertu du contrat.<\/li>\r\n                    <li><strong>Arbitrage. <\/strong>Une disposition relativement \u00e0 l\u2019arbitrage d\u00e9crit quand et comment les parties peuvent r\u00e9soudre des diff\u00e9rends \u00e0 l\u2019aide de <a href=\"https:\/\/educaloi.qc.ca\/capsules\/conflits-dautres-options-que-le-proces\/\" title=\"R\u00e9gler un conflit : choisir la n\u00e9gociation, la m\u00e9diation, la conciliation ou l\u2019arbitrage\" rel=\"noopener noreferrer\" target=\"_blank\">l\u2019arbitrage<\/a> au lieu d\u2019aller au tribunal.<\/li> \r\n                    <li><strong>Divisibilit\u00e9. <\/strong>Une disposition de divisibilit\u00e9 explique que les conditions d\u2019un contrat sont ind\u00e9pendantes les unes des autres et que ces conditions demeurent en vigueur, m\u00eame si d\u2019autres parties du contrat sont r\u00e9sili\u00e9es.<\/li>\r\n                    <li><strong>Indemnisation. <\/strong>Dans une disposition <a href=\"https:\/\/www.squareone.ca\/resource-centres\/insurance-glossary\/indemnity\" title=\"D\u00e9finition : indemnit\u00e9\">d\u2019indemnisation<\/a>, une partie accepte de couvrir les pertes subies par une autre partie. Cela est \u00e9galement la fonction principale d\u2019une police d\u2019assurance.<\/li>\r\n                    <li><strong>Force majeure. <\/strong>La disposition de force majeure (Act of God en anglais) \u00e9tablit les conditions dans lesquelles les parties du contrat ne sont plus oblig\u00e9es de s\u2019y conformer en raison des circonstances au-del\u00e0 du contr\u00f4le des parties (comme les catastrophes naturelles ou la guerre).<\/li>\r\n                <\/ul>\r\n\r\n                <p>Bien que celles-ci constituent des dispositions courantes, elles ne sont pas forc\u00e9ment identiques de contrat \u00e0 contrat.<\/p>\r\n\r\n                <p>Il n\u2019existe aucune norme pour d\u00e9signer les diff\u00e9rentes dispositions dans un contrat, mais vous verrez des formules assez courantes. Dans les contrats, on emploie souvent un syst\u00e8me num\u00e9rique pour s\u00e9parer les dispositions. Les dispositions peuvent \u00eatre sous-divis\u00e9es en sous-dispositions qui ont des syst\u00e8mes de num\u00e9rotation s\u00e9par\u00e9s. Souvent, on emploie les lettres ou les chiffres romains pour distinguer les sous-dispositions du syst\u00e8me de num\u00e9rotation des dispositions principales.<\/p>\r\n\r\n                <p class=\"mb-0\">Voici la disposition d\u2019un contrat typique\u00a0:<\/p>\r\n\r\n                <div class=\"row py-4\">\r\n                    <div class=\"col-12\">\r\n                        <div class=\"card review\" style='background-color:#B5E0EB'>\r\n                            <div class=\"card-body\">\r\n                                <p class=\"display-4\"><strong>Exemple<\/strong><\/p>\r\n                                <ul>\r\n                                    <li type=\"1\"><strong>Disposition\u00a01<\/strong>\r\n                                    <ul>\r\n                                        <li type=\"a\">Sous-disposition\r\n                                        <ul>\r\n                                            <li type=\"i\">Sous-sous-disposition<\/li>\r\n                                            <li type=\"i\">Sous-sous-disposition<\/li>\r\n                                        <\/ul>\r\n                                    <\/li>\r\n                                        <li type=\"a\">Sous-disposition<\/li>\r\n                                        <li type=\"a\">Sous-disposition<\/li>\r\n                                    <\/ul>\r\n                                    <\/li>\r\n                                <li type=\"1\"><strong>Disposition\u00a02<\/strong>\r\n                                        <ul>\r\n                                            <li type=\"a\" start=\"1\">Sous-disposition<\/li>\r\n                                            <li type=\"a\">Sous-disposition<\/li>\r\n                                            <li type=\"a\">Sous-disposition<\/li>\r\n                                        <\/ul>\r\n                                    <\/li>\r\n                                <\/ul>\r\n                            <\/div>\r\n                        <\/div>\r\n                    <\/div>\r\n                <\/div>\r\n\r\n                <p>En th\u00e9orie, cela rend le contrat plus facile \u00e0 lire. Toutefois, si vous n\u2019avez pas l\u2019habitude de lire les contrats, il est possible que vous vous perdiez, surtout si le contrat a plusieurs sous-dispositions.<\/p>\r\n\r\n                <p class=\"mb-0\">Parfois, une sous-disposition est tout simplement une phrase tr\u00e8s longue divis\u00e9e en plusieurs articles afin de faciliter la lecture. Si une disposition ou une sous-disposition fait partie d\u2019une phrase plus longue seulement, elle s\u2019appelle <strong>disposition accessoire\u00a0:<\/strong><\/p>\r\n\r\n                <div class=\"row py-4\">\r\n                    <div class=\"col-12\">\r\n                        <div class=\"card review\" style='background-color:#B5E0EB'>\r\n                            <div class=\"card-body\">\r\n                                <p class=\"display-4\"><strong>Exemple<\/strong><\/p>\r\n                                <ul>\r\n                                    <li type=\"1\"><strong>Disposition\u00a01\u00a0 dispositions explicatives<\/strong><\/li>\r\n                                        <ul>\r\n                                        <li type=\"a\">Le lecteur du pr\u00e9sent exemple devra, en lisant l\u2019exemple\u00a0:<\/li>\r\n                                            <ul>\r\n                                            <li type=\"i\">pouvoir expliquer comment les dispositions et les sous-dispositions fonctionnent;<\/li>\r\n                                            <li type=\"i\">pouvoir expliquer la diff\u00e9rence entre une disposition et une disposition accessoire; et<\/li>\r\n                                            <li type=\"i\">continue sa lecture pour apprendre davantage sur les dispositions.<\/li>\r\n                                            <\/ul>\r\n                                        <\/ul>\r\n                                <\/ul>\r\n                            <\/div>\r\n                        <\/div>\r\n                    <\/div>\r\n                <\/div>\r\n\r\n                <p>Dans l&rsquo;exemple ci-dessus, les articles a, i, ii et iii sont tous des sous-dispositions; i, ii et iii sont \u00e9galement des dispositions accessoires.<\/p>\r\n\r\n                <h2 id=\"insurance\">Les dispositions en assurance<\/h2>\r\n\r\n                <p>Une police d\u2019assurance est un contrat. Comme les autres contrats, les polices comprennent des dispositions. Dans le cadre d\u2019une police d\u2019assurance habitation, vous trouverez des articles qui traitent des <a href=\"https:\/\/www.squareone.ca\/resource-centres\/insurance-glossary\/peril\" title=\"D\u00e9finition : risque\">risques<\/a>, exclusions, franchises et <a href=\"https:\/\/www.squareone.ca\/resource-centres\/insurance-glossary\/limit\" title=\"D\u00e9finition : limitation\">limitations<\/a>, entre autres.<\/p> \r\n\r\n                <p>Chaque fournisseur r\u00e9dige ses polices diff\u00e9remment. Cependant, au Canada, certaines dispositions dans les polices d\u2019assurance sont requises par la loi.<\/p>\r\n\r\n                <p>Par exemple, si vous avez une hypoth\u00e8que, votre police d\u2019assurance habitation comprendra quelque version de la <a href=\"https:\/\/steinmonast.ca\/en\/news-and-resources\/la-police-dassurance-et-la-clause-de-garantie-hypothecaire-des-contrats-distincts-et-des-couvertures-differentes\/\" title=\"Clause type relative aux garanties hypoth\u00e9caires\" rel=\"noopener noreferrer\" target=\"_blank\">Clause type relative aux garanties hypoth\u00e9caires<\/a>. L\u2019objectif principal de cette disposition est de prot\u00e9ger le pr\u00eateur hypoth\u00e9caire si le propri\u00e9taire occupant fait quelque chose qui annule sa propre couverture (comme endommager volontairement la maison.<\/p>\r\n\r\n                <p>Requises par la loi, les dispositions l\u00e9gales sont monnaie courante dans les polices d\u2019assurance habitation. Celles-ci d\u00e9crivent ce qui se passe en cas de fausse d\u00e9claration, les modalit\u00e9s de r\u00e9siliation et les obligations des titulaires de police apr\u00e8s un sinistre, entre autres.<\/p>\r\n\r\n                <p><strong>Vous recherchez une d\u00e9finition en assurance?<\/strong> Consultez notre <a href=\"\/fr\/centres-ressources\/lexique-assurance\" title=\"Centre de ressources : lexique de l'assurance\">Centre de ressources&nbsp;: lexique de l\u2019assurance<\/a> pour acc\u00e9der \u00e0 des d\u00e9finitions faciles \u00e0 comprendre des termes les plus courants de l'assurance. Ensuite, <a href=\"\/fr\/soumission-assurance-habitation-en-ligne\" title=\"Obtenir une soumission d\u2019assurance habitation en ligne\">obtenez une soumission d'assurance habitation en ligne<\/a> en moins de 5\u00a0minutes et d\u00e9couvrez \u00e0 quel point l\u2019assurance habitation personnalis\u00e9e peut \u00eatre abordable.<\/p>\r\n\r\n                <div class=\"row py-3\">\r\n<div class=\"col-12\">\r\n<div class=\"card review\" style=\"box-shadow: 0 2px 4px rgba(0,0,0,0.07);background-color:#f4f4f4;\">\r\n<div class=\"card-body\">\r\n\t<p class=\"text-primary h4\">\u00c0 propos de l\u2019expert&nbsp;: Daniel Mirkovic<\/p>\r\n\t<p>Cofondateur de Square One comptant plus de 25&nbsp;ans dans le secteur de l\u2019assurance, Daniel \u00e9tait vice-pr\u00e9sident des services d\u2019assurance et de voyage de la British Columbia Automobile Association (BCAA). Daniel est titulaire d'un baccalaur\u00e9at \u00e8s commerce et d'une ma\u00eetrise \u00e8s administration des affaires, tous deux obtenus \u00e0 la Sauder School of Business de l'universit\u00e9 de la Colombie-Britannique. Daniel est muni de la d\u00e9signation CAAC et d\u2019un certificat en assurance de dommages niveau&nbsp;3 en Colombie-Britannique, en Alberta, en Saskatchewan, au Manitoba et en Ontario.<\/p>\r\n<\/div>\r\n<\/div>\r\n<\/div>\r\n<\/div>\r\n\r\n            <\/div>\r\n        <\/div>\r\n    <\/div>\r\n<\/section>\r\n<script type=\"application\/ld+json\">\r\n{\r\n  \"@context\": \"https:\/\/schema.org\",\r\n  \"@graph\": [\r\n    {\r\n      \"@type\": [\"WebPage\", \"DefinedTerm\"],\r\n      \"@id\": \"https:\/\/www.squareone.ca\/centres-ressources\/lexique-assurance\/disposition\",\r\n      \"url\": \"https:\/\/www.squareone.ca\/centres-ressources\/lexique-assurance\/disposition\",\r\n      \"inLanguage\": \"fr-CA\",\r\n      \"isAccessibleForFree\": true,\r\n      \"name\": \"Disposition\",\r\n      \"description\": \"une section d\u2019un contrat qui traite d\u2019un th\u00e8me particulier.\",\r\n      \"inDefinedTermSet\": {\r\n        \"@type\": \"DefinedTermSet\",\r\n        \"name\": \"Lexique de l\u2019assurance de Square One\",\r\n        \"url\": \"https:\/\/www.squareone.ca\/fr\/centres-ressources\/lexique-assurance\"\r\n      },\r\n      \"publisher\": {\r\n        \"@id\": \"https:\/\/www.squareone.ca\/fr\"\r\n      },\r\n      \"author\": {\r\n        \"@id\": \"#seamus-mckale\"\r\n      },\r\n      \"reviewedBy\": {\r\n        \"@id\": \"https:\/\/www.squareone.ca\/fr\/a-propos-de-nous\/experts\/daniel-mirkovic#person\"\r\n      }\r\n    },\r\n    {\r\n      \"@type\": \"InsuranceAgency\",\r\n      \"@id\": \"https:\/\/www.squareone.ca\/fr\",\r\n      \"name\": \"Assurances Square One\",\r\n      \"url\": \"https:\/\/www.squareone.ca\/fr\",\r\n      \"logo\": \"https:\/\/cdn.squareone.ca\/wp-content\/uploads\/2021\/04\/09094743\/square-one-logomark-default-md-1.png\",\r\n      \"address\": {\r\n        \"@type\": \"PostalAddress\",\r\n        \"streetAddress\": \"1410-650 W Georgia St\",\r\n        \"addressLocality\": \"Vancouver\",\r\n        \"addressRegion\": \"BC\",\r\n        \"postalCode\": \"V6B 4N8\",\r\n        \"addressCountry\": \"CA\"\r\n      },\r\n      \"telephone\": \"+1-855-331-6933\",\r\n      \"areaServed\": [\"BC\", \"AB\", \"SK\", \"MB\", \"ON\", \"QC\"],\r\n      \"feesAndCommissionsSpecification\": \"https:\/\/www.squareone.ca\/fr\/transparence\"\r\n    },\r\n    {\r\n      \"@type\": \"Person\",\r\n      \"@id\": \"#seamus-mckale\",\r\n      \"name\": \"Seamus McKale\",\r\n      \"url\": \"https:\/\/www.squareone.ca\/fr\/a-propos-de-nous\/membres-equipe#seamus-mckale\",\r\n      \"description\": \"Seamus a 15 ans d\u2019exp\u00e9rience en marketing, avec sp\u00e9cialisation en publicit\u00e9 multim\u00e9dia, r\u00e9daction technique et contenu sur l\u2019assurance personnelle.\",\r\n      \"jobTitle\": \"Sp\u00e9cialiste de marketing de contenu\",\r\n      \"worksFor\": {\r\n        \"@id\": \"https:\/\/www.squareone.ca\/fr\"\r\n      },\r\n      \"hasCredential\": [\r\n        {\r\n          \"@type\": \"EducationalOccupationalCredential\",\r\n          \"name\": \"Certificat en assurance de dommages de la C.-B., niveau 1\"\r\n        },\r\n        {\r\n          \"@type\": \"EducationalOccupationalCredential\",\r\n          \"name\": \"Certificat en assurance de dommages de l\u2019Ontario\"\r\n        }\r\n      ],\r\n      \"knowsAbout\": [\r\n        \"Marketing\",\r\n        \"Publicit\u00e9 multim\u00e9dia\",\r\n        \"R\u00e9daction technique\",\r\n        \"Assurance des particuliers\"\r\n      ],\r\n      \"sameAs\": [\r\n        \"https:\/\/www.linkedin.com\/in\/seamus-m-83801a2b\/\"\r\n      ]\r\n    },\r\n    {\r\n      \"@type\": \"Person\",\r\n      \"@id\": \"https:\/\/www.squareone.ca\/fr\/a-propos-de-nous\/experts\/daniel-mirkovic#person\",\r\n      \"name\": \"Daniel Mirkovic\",\r\n      \"url\": \"https:\/\/www.squareone.ca\/fr\/a-propos-de-nous\/experts\/daniel-mirkovic\",\r\n      \"description\": \"Daniel poss\u00e8de de vastes connaissances en assurance, acquises au cours de plus de 25 ans d\u2019exprience dans le secteur.\",\r\n      \"jobTitle\": \"Cofondateur et PDG\",\r\n      \"worksFor\": {\r\n        \"@id\": \"https:\/\/www.squareone.ca\/fr\"\r\n      },\r\n      \"alumniOf\": {\r\n        \"@type\": \"CollegeOrUniversity\",\r\n        \"name\": \"Sauder School of Business at the University of British Columbia\"\r\n      },\r\n      \"hasCredential\": [\r\n        {\r\n          \"@type\": \"EducationalOccupationalCredential\",\r\n          \"name\": \"Courtier d\u2019assurance agr\u00e9\u00e9 du Canada (CAAC)\"\r\n        },\r\n        {\r\n          \"@type\": \"EducationalOccupationalCredential\",\r\n          \"name\": \"Certificat en assurance de dommages, niveau 3 (BC, AB, SK, MB, ON)\"\r\n        }\r\n      ],\r\n      \"knowsAbout\": [\r\n        \"Assurance propri\u00e9taire occupant\",\r\n        \"Assurance locataire\",\r\n        \"Assurance copropri\u00e9taire\",\r\n        \"Assurance auto\",\r\n        \"Assurance automobile de collection\",\r\n        \"Assurance maladie\",\r\n        \"Assurance-vie\",\r\n        \"L\u2019assurance invalidit\u00e9 de longue dur\u00e9e\",\r\n        \"Assurance v\u00e9t\u00e9rinaire\",\r\n        \"Assurance-voyage\",\r\n        \"Planification d\u2019affaires et strat\u00e9gique\",\r\n        \"Publicit\u00e9 s'adressant directement aux consommateurs\",\r\n        \"D\u00e9veloppement des produits\",\r\n        \"Conception de l\u2019exp\u00e9rience des utilisateurs\"\r\n      ],\r\n      \"sameAs\": [\r\n        \"https:\/\/www.linkedin.com\/in\/danielmirkovic\"\r\n      ]\r\n    },\r\n    {\r\n      \"@type\": \"FAQPage\",\r\n      \"mainEntity\": {\r\n        \"@type\": \"Question\",\r\n        \"name\": \"Qu\u2019est-ce qu\u2019une disposition?\",\r\n        \"acceptedAnswer\": {\r\n          \"@type\": \"Answer\",\r\n          \"text\": \"Dans un contrat l\u00e9gal (y compris une <a href=\/fr='https:\/\/www.squareone.ca\/resource-centres\/insurance-glossary\/policy'>police d\u2019assurance<\/a>), une disposition est un article qui traite d\u2019un th\u00e8me sp\u00e9cifique. Chaque disposition expose les \u00e9l\u00e9ments d\u2019entente entre les parties vis\u00e9es par le contrat. Les dispositions n\u2019ont pas une longueur particuli\u00e8re ou un format sp\u00e9cifique. Certaines dispositions sont d\u2019un simple paragraphe, alors que d\u2019autres comprennent plusieurs pages. Cela d\u00e9pend de la quantit\u00e9 de d\u00e9tails requise dans chaque article du contrat. Chaque disposition comprend des d\u00e9tails sur les obligations des parties vis\u00e9es par le contrat et les cons\u00e9quences du manque du respect des dispositions.\"\r\n        }\r\n      }\r\n    }\r\n  ]\r\n}\r\n<\/script>","protected":false},"excerpt":{"rendered":"<p>Disposition Article \u00e9valu\u00e9 par Daniel Mirkovic Nom dis-po-si-tion | dispozisj\u0254\u0303 D\u00e9finition\u00a0: une section d\u2019un contrat qui traite d\u2019un th\u00e8me particulier. Certains contrats d\u2019assurance comprennent une disposition relativement \u00e0 la coassurance. Th\u00e8mes Qu\u2019est-ce qu\u2019une disposition? Les dispositions et l\u2019assurance L\u2019essentiel Dans les contrats l\u00e9gaux (y compris les polices d\u2019assurance), les dispositions sont des articles et des [&hellip;]<\/p>\n","protected":false},"author":20,"featured_media":0,"parent":53157,"menu_order":0,"comment_status":"closed","ping_status":"closed","template":"page-article-new.php","meta":{"_acf_changed":false,"footnotes":""},"class_list":["post-63114","page","type-page","status-publish","hentry"],"acf":[],"_links":{"self":[{"href":"https:\/\/www.squareone.ca\/fr\/wp-json\/wp\/v2\/pages\/63114","targetHints":{"allow":["GET"]}}],"collection":[{"href":"https:\/\/www.squareone.ca\/fr\/wp-json\/wp\/v2\/pages"}],"about":[{"href":"https:\/\/www.squareone.ca\/fr\/wp-json\/wp\/v2\/types\/page"}],"author":[{"embeddable":true,"href":"https:\/\/www.squareone.ca\/fr\/wp-json\/wp\/v2\/users\/20"}],"replies":[{"embeddable":true,"href":"https:\/\/www.squareone.ca\/fr\/wp-json\/wp\/v2\/comments?post=63114"}],"version-history":[{"count":15,"href":"https:\/\/www.squareone.ca\/fr\/wp-json\/wp\/v2\/pages\/63114\/revisions"}],"predecessor-version":[{"id":78565,"href":"https:\/\/www.squareone.ca\/fr\/wp-json\/wp\/v2\/pages\/63114\/revisions\/78565"}],"up":[{"embeddable":true,"href":"https:\/\/www.squareone.ca\/fr\/wp-json\/wp\/v2\/pages\/53157"}],"wp:attachment":[{"href":"https:\/\/www.squareone.ca\/fr\/wp-json\/wp\/v2\/media?parent=63114"}],"curies":[{"name":"wp","href":"https:\/\/api.w.org\/{rel}","templated":true}]}}