{"id":63285,"date":"2023-07-26T14:31:02","date_gmt":"2023-07-26T21:31:02","guid":{"rendered":"https:\/\/www.squareone.ca\/projets-ete-pour-la-maison"},"modified":"2025-09-23T11:48:29","modified_gmt":"2025-09-23T18:48:29","slug":"projets-ete-pour-la-maison","status":"publish","type":"page","link":"https:\/\/www.squareone.ca\/fr\/centres-ressources\/ameliorations-domiciliaires\/projets-ete-pour-la-maison","title":{"rendered":"Projets d\u2019\u00e9t\u00e9 pour votre maison"},"content":{"rendered":"<section id='intro' class=\"bg-shape-split bg-sub-page-hero\">\r\n    <div class=\"bg-position\">\r\n        <div class=\"container-fluid\">\r\n            <div class=\"row align-items-center\">\r\n                <div class=\"col-12 col-lg-8\">\r\n                    <h1>Projets d\u2019\u00e9t\u00e9 pour votre maison<\/h1>\r\n <strong>Written by the Square One team<\/strong>\r\n                    <div style=\"margin-top:48px;\"><p class=\"pb-4\" style=\"margin-top:-24px\">Mis \u00e0 jour le 18 juin 2024<\/p><\/div>\r\n                <\/div>\r\n            <\/div>\r\n\r\n            <div class=\"row\">\r\n                <div class=\"col-lg-8\">\r\n                    <p class=\"display-4\">Vous connaissez sans doute la vieille blague que le Canada n\u2019a que deux saisons\u00a0: l\u2019hiver et la construction. Remplacez \u00ab\u00a0construction\u00a0\u00bb par \u00ab\u00a0projet d\u2019\u00e9t\u00e9\u00a0\u00bb et vous avez une meilleure id\u00e9e de l\u2019\u00e9tat d\u2019esprit de bon nombre de propri\u00e9taires occupants. <\/p>\r\n                    <p class=\"display-4\">\u00c0 titre de propri\u00e9taire occupant, votre liste de choses \u00e0 faire est toujours remplie. L\u2019\u00e9t\u00e9 est le moment id\u00e9al de planifier et de r\u00e9aliser des projets ext\u00e9rieurs. Et si vous ne supportez pas l\u2019id\u00e9e de perdre votre temps pr\u00e9cieux \u00e0 <a href=\"\/fr\/habitation\/renovation\">faire des r\u00e9novations vous-m\u00eame<\/a>, vous pouvez embaucher quelqu\u2019un.<\/p>\r\n                    <p class=\"pt-2\"><img decoding=\"async\" src=\"https:\/\/cdn.squareone.ca\/wp-content\/uploads\/2021\/10\/05140327\/Summer-Home-Improvement-Projects.jpg\" alt=\"Patio externe avec table et chaises de bois, entour\u00e9es d'un jardin et d'une maison\" width=\"248px\"  class=\"img-fluid\" rel=\"noopener noreferrer\" \/><\/p>\r\n                <\/div>\r\n\r\n                <div class=\"col-lg-3 offset-lg-1\">\r\n                    <p class=\"mb-2 display-4 pt-4 pt-lg-0 pt-mb-0\"><strong>Th\u00e8mes<\/strong><\/p>\r\n                    <ul class=\"list-unstyled link-list display-4\">\r\n                        <li><a href='#Improvements-that-pay'>Am\u00e9liorations rentables<\/a><\/li>\r\n                        <li><a href='#Exterior'>Am\u00e9liorations ext\u00e9rieures<\/a><\/li>\r\n                        <li><a href='#Windows'>Fen\u00eatres<\/a><\/li>\r\n                        <li><a href='#Landscaping'>Am\u00e9nagement paysager<\/a><\/li>\r\n                        <li><a href='#Driveway'>All\u00e9e<\/a><\/li>\r\n                    <\/ul>\r\n                <\/div>\r\n            <\/div>  \r\n        <\/div>\r\n    <\/div>\r\n    <div class=\"bg-bottom\"><\/div>\r\n<\/section>\r\n\r\n<section>\r\n    <div class=\"container-fluid py-6\">\r\n        <div class=\"row\">\r\n            <div class=\"col-12 col-lg-8\">\r\n\r\n<div class=\"row pb-6\">\r\n                    <div class=\"col-12\">\r\n                        <div class=\"card review\" style='background-color:#FFE0C9'>\r\n                            <div class=\"card-body\">\r\n                                <p class=\"h3\">L&rsquo;essentiel<\/p>\r\n                                <ul class='mb-0'>\r\n                                    <li>Certaines am\u00e9liorations peuvent rehausser la valeur de votre habitation; mettez l&rsquo;accent sur ces projets si vous comptez vendre dans un futur proche.<\/li>\r\n                                    <li>L&rsquo;ajout ou la prolongation d&rsquo;un patio est l&rsquo;un des projets les plus rentables.<\/li>\r\n                                <\/ul>\r\n                            <\/div>\r\n                        <\/div>\r\n                    <\/div>\r\n                <\/div>            \t\r\n\r\n<h2 id=\"Improvements-that-pay\">Am\u00e9liorations rentables<\/h2>\r\n                <img decoding=\"async\" loading=\"lazy\" src=\"https:\/\/cdn.squareone.ca\/wp-content\/uploads\/2016\/08\/19040959\/landscaping-your-property.jpg\" title=\"Am\u00e9nagement paysager\" alt=\"Une femme souriante assise dans son jardin, entour\u00e9e d'outils de terre et d'am\u00e9nagement paysager.\" width=\"800\" height=\"533\" class=\"img-fluid mb-5\" \/>\r\n            <p>Il est envisageable de privil\u00e9gier des projets qui augmentent la valeur de revente de votre maison, comme l\u2019installation d\u2019une terrasse, d\u2019un patio ou d\u2019un syst\u00e8me d\u2019arrosage de la pelouse. Vous pouvez \u00e9galement vous concentrer sur <a href=\"https:\/\/www.squareone.ca\/fr\/centres-ressources\/proprietaire-occupant\/assurer-amenagement-paysager\" title=\"Comment assurer l\u2019am\u00e9nagement paysager, les cl\u00f4tures et l\u2019\u00e9quipement de jardinage\">l\u2019am\u00e9nagement paysager de votre propri\u00e9t\u00e9<\/a>.<\/p>\r\n\r\n            <p>Assurez-vous de consacrer votre temps, votre argent et vos ressources \u00e0 des projets qui s\u2019av\u00e8reront payants au moment de vendre votre maison.<\/p>\r\n\r\n            <p><a href=\"https:\/\/www.squareone.ca\/fr\/centres-ressources\/connaitre-votre-habitation\/initiation-aux-terrasses-et-aux-patios\" title=\"Initiation aux terrasses et aux patios\">Les terrasses et les patios<\/a> sont des espaces agr\u00e9ables, tout en ajoutant un int\u00e9r\u00eat visuel \u00e0 votre propri\u00e9t\u00e9. Les syst\u00e8mes d\u2019arrosage distribuent \u00e9quitablement l\u2019eau sur le gazon. Qui plus est, ils sont programmables, une solution pratique pendant les p\u00e9riodes de restriction d\u2019eau. \u00c9galement, ils emp\u00eachent le gaspillage et r\u00e9duisent votre facture d\u2019eau; remarquez que les propri\u00e9taires occupants utilisent d\u2019habitude 50\u00a0% d\u2019eau en plus de ce qui est n\u00e9cessaire pour la pelouse. L\u2019am\u00e9nagement paysager est une mani\u00e8re facile d\u2019am\u00e9liorer l\u2019apparence de votre propri\u00e9t\u00e9.<\/p>\r\n\r\n            <h2 id=\"Exterior\">Am\u00e9liorations ext\u00e9rieures<\/h2>\r\n                <img decoding=\"async\" loading=\"lazy\" src=\"https:\/\/cdn.squareone.ca\/wp-content\/uploads\/2016\/08\/19041405\/staining-your-deck.jpg\" title=\"Teinture de terrasse\" alt=\"Une personne remue de la peinture pour la terrasse de bois\" width=\"800\" height=\"533\" class=\"img-fluid mb-5\" \/>\r\n            <p>Si votre maison a une terrasse, l\u2019\u00e9t\u00e9 est le moment id\u00e9al de la sceller, la repeindre ou la teindre. Le fait de sceller la terrasse pr\u00e9serve le bois et le prot\u00e8ge des intemp\u00e9ries, alors que la peinture ou la teinture lui donne un aspect vif et frais. Si vous ne voulez pas d\u00e9penser de l\u2019argent sur la peinture, communiquez avec un service de d\u00e9chets m\u00e9nagers dangereux, car ces services ont souvent de la peinture non ouverte. Il y a m\u00eame <a href=\"https:\/\/www.noovomoi.ca\/style-et-maison\/maison\/article.couleurs-peinture-maison-valeur-immobilier-vente.1.3933811.html\" title=\"Peinture: ces couleurs font augmenter la valeur de votre demeure!\" target=\"_blank\" rel=\"noopener noreferrer\">certaines couleurs de porte<\/a> qui font augmenter la valeur de votre maison.<\/p> \r\n\r\n            <p>La peinture, o\u00f9 que vous l\u2019obteniez, am\u00e9liore \u00e9galement l\u2019aspect de l\u2019ext\u00e9rieur de votre demeure en donnant un coup de neuf \u00e0 votre maison. Sur le plan pratique, la peinture prot\u00e8ge contre l\u2019eau et les rayons ultraviolets.<\/p>\r\n\r\n            <p>Pendant que nous y sommes, il y a d\u2019autres t\u00e2ches \u00e0 prendre en consid\u00e9rations qui sont plus faciles \u00e0 faire en \u00e9t\u00e9 qu\u2019en hiver\u00a0:<\/p> \r\n            <ul>\r\n                <li><p><a href=\"https:\/\/www.squareone.ca\/fr\/centres-ressources\/connaitre-votre-habitation\/gouttieres-et-tuyaux-de-descente\" title=\"Initiation aux goutti\u00e8res et aux tuyaux de descente\">Nettoyage des goutti\u00e8res<\/a> et lavage ou remplacement des fen\u00eatres.<\/p><\/li>\r\n                <li><p>Vous devriez nettoyer les goutti\u00e8res deux fois par an. Si vous avez une \u00e9chelle, ce n\u2019est pas une t\u00e2che tr\u00e8s difficile. Pendant que vous nettoyer les feuilles et les d\u00e9chets, v\u00e9rifiez s\u2019il y a des fissures ou fuites.<\/p><\/li>\r\n            <\/ul>\r\n\r\n\r\n            <h2 id=\"Windows\">Les fen\u00eatres<\/h2>\r\n            <p>L\u2019un des plaisirs de l\u2019\u00e9t\u00e9 c\u2019est de regarder les fleurs et la verdure \u00e0 travers les fen\u00eatres. Dans cette optique, il faut laver les fen\u00eatres \u00e0 l\u2019ext\u00e9rieur et \u00e0 l\u2019int\u00e9rieur. Si vous les lavez vous-m\u00eame, il y a des solutions de nettoyage inabordables qui fait scintiller le verre\u00a0:<\/p>\r\n            <ul>\r\n                <li><p>Un m\u00e9lange d\u2019eau avec du vinaigre ou de l\u2019eau ti\u00e8de avec quelques gouttes de savon de vaisselle.<\/p><\/li>\r\n                <li><p>Au moment de laver les fen\u00eatres de l\u2019ext\u00e9rieur, vous pouvez appliquer du mastic autour des cadres. Le mastic emp\u00eache que l\u2019air ext\u00e9rieur p\u00e9n\u00e8tre \u00e0 travers les fissures. R\u00e9sultat\u00a0: des \u00e9conomies sur le chauffage et la climatisation. Qui plus est, le mastic emp\u00eache la p\u00e9n\u00e9tration de l\u2019eau dans les murs, ce qui peut provoquer la formation de la mousse et la pourriture.<\/p><\/li>\r\n                <li><p>Si vous d\u00e9sirez du neuf, vous pouvez remplacer les fen\u00eatres. Si vous voulez am\u00e9liorer l\u2019isolation ou avoir plus de lumi\u00e8re, l\u2019\u00e9t\u00e9 est l\u2019\u00e9poque de l\u2019ann\u00e9e pour remplacer les fen\u00eatres.<\/p><\/li>\r\n            <\/ul>\r\n\r\n            <\/div>\r\n        <\/div>\r\n    <\/div>\r\n<\/section>\r\n\r\n\t<section class=\"bg-transparent\">\n\t\t<img decoding=\"async\" src=\"\/sales\/images\/bgs\/bg-mid-page-cta-general-top.svg\" style=\"width: 100%; vertical-align: bottom; position: relative; top: 1px\"\/>\n\t\t\n\t\t<div class=\"bg-darkTeal py-3\">\t\t\t\n\t\t\t<div class=\"container-fluid\">\n\t\t\t\t<div class=\"row d-flex align-items-center pb-5\">\n\t\t\t\t\t<div class=\"col-12 col-md-8 offset-md-2 px-lg-5 pb-5 pb-lg-0\">\n\t\t\t\t\t\t<div class=\"h6 mb-4 text-primary text-uppercase text-center\">\n\t\t\t\t\t\t\tCela ne prend que 5\u00a0minutes \n\t\t\t\t\t\t<\/div>\t\t\n\t\t\t\t\t\t\t\t\t\t\t\n\t\t\t\t\t\t<p class=\"lead px-lg-5 text-white\">\n\t\t\t\t\t\t\t<strong class=\"d-inline-block text-uc-first\">Pr\u00eat \u00e0 obtenir une soumission en ligne? <\/strong> Votre temps est aussi pr\u00e9cieux que vos possessions. Obtenez une soumission d'assurance habitation en <strong>5 minutes<\/strong>. C\u2019est moins de temps qu\u2019il n\u2019en faut pour faire la file pour un caf\u00e9.\n\t\t\t\t\t\t<\/p>\t\t\t\n\t\n\t\t\t\t\t\t<div id=\"sq1-qw-c490d3cd1b93\" class=\"sq1-quote-widget mb-4 text-white\" data-quote-widget-type=\"HOME\" data-has-custom-text=\"true\">\n\t\t\t\t\t\t\t<div class=\"input-group input-group-focus-within bg-white my-4\">\n\t\t\t\t\t\t\t\t<div>\n\t\t\t\t\t\t\t\t\t<div class=\"input-group-text\">\n\t\t\t\t\t\t\t\t\t\t<i class=\"fa fa-map-marker d-block text-black\"><\/i>\n\t\t\t\t\t\t\t\t\t<\/div>\n\t\t\t\t\t\t\t\t<\/div>\n\t\t\t\t\t\t\t\t<input type=\"text\" class=\"form-control\" style=\"padding: 10px;\" placeholder=\"Enter an address\" aria-label=\"Inscrivez votre adresse pour obtenir une soumission\"\/>\n\t\t\t\t\t\t\t\t<div>\n\t\t\t\t\t\t\t\t\t<button class=\"btn btn-primary\">Obtenir une soumission en ligne d\u00e8s maintenant<\/button>\n\t\t\t\t\t\t\t\t<\/div>\n\t\t\t\t\t\t\t<\/div>\n\t\t\t\t\t\t<\/div>\n\t\t\t\t\t\t\n\t\t\t\t\t\t<p class=\"small text-white\">Avant de commencer, veuillez lire notre <a href=\"https:\/\/www.squareone.ca\/fr\/politique-confidentialite\" target=\"_blank\" rel=\"noreferrer noopener\">Politique de confidentialit\u00e9<\/a> et nos <a href=\"https:\/\/www.squareone.ca\/fr\/conditions-utilisation\" target=\"_blank\" rel=\"noreferrer noopener\">Conditions d\u2019utilisation<\/a>.<\/p>\t\n\t\n\t\t\t\t\t\t<script type=\"text\/javascript\">\n\t\t\t\t\t\t(function() {\n\t\t\t\t\t\t\tdocument.addEventListener('soiMiscJsLoaded', function() {\n\t\t\t\t\t\t        $(document).ready(function() {\n\t\t\t\t\t\t\t\t\tsoiQuoteWidget.processFormWidget('\/sales\/index.php\/json_quote_widget?rand=' +Math.random(), 'qwContainer'); \/\/populate quoting widget with content from symfony.\n\t\t\t\t\t\t\t\t});\n\t\t\t\t\t\t\t});\n\t\t\t\t\t\t})();\n\t\t\t\t\t\t<\/script>\n\t\t\t\t\t<\/div>\n\t\t\t\t<\/div>\n\t\t\t<\/div>\n\t\t<\/div>\n\t\t\n\t\t<img decoding=\"async\" src=\"\/sales\/images\/bgs\/bg-mid-page-cta-general-bottom.svg\" style=\"width: 100%; vertical-align: top\"\/>\t\t\n\t<\/section>\r\n\r\n<section>\r\n    <div class=\"container-fluid py-6\">\r\n        <div class=\"row\">\r\n            <div class=\"col-12 col-lg-8\">\r\n\r\n            <h2 id=\"Landscaping\">Am\u00e9nagement paysager<\/h2>\r\n                <img decoding=\"async\" loading=\"lazy\" src=\"https:\/\/cdn.squareone.ca\/wp-content\/uploads\/2016\/08\/19043407\/adding-bark-mulch.jpg\" title=\"Ajout de paillis d\u2019\u00e9corces\" alt=\"Une femme portant un chapeau et des gants ajoute du paillis au jardin\" width=\"800\" height=\"533\" class=\"img-fluid mb-5\" \/>\r\n            <p>Quant \u00e0 l\u2019am\u00e9nagement paysager, l\u2019ajout du paillis constitue un moyen facile de donner une apparence neuve \u00e0 votre terrain. Appliquez de trois \u00e0 huit centim\u00e8tres de paillis au massif fleuri pour une allure fra\u00eeche. Par ailleurs, le paillis \u00e9touffe la mauvaise herbe et retient l\u2019eau, ce qui r\u00e9duit le besoin d\u2019arrosage. <\/p>\r\n\r\n            <p>Vous pouvez consultez votre service d\u2019entretien d\u2019arbres pour voir s\u2019il vend des copeaux de bois ou de l\u2019\u00e9corce filament\u00e9e qui peut servir de paillis.<\/p>\r\n\r\n            <p>L\u2019\u00e9t\u00e9 est \u00e9galement le moment de d\u00e9terminer si votre propri\u00e9t\u00e9 a suffisamment d\u2019ombre. Vous pouvez planter des arbres qui donneront de l\u2019ombre \u00e0 l\u2019avenir. Si vous ne voulez pas attendre, il y a des solutions imm\u00e9diates\u00a0: parasols, pergolas ou v\u00e9randas. Plus besoin de souffrir dans la chaleur du soleil si vous pr\u00e9f\u00e9rez l\u2019ombre.<\/p>\r\n\r\n            <h2 id=\"Driveway\">Est-ce le moment de repaver l\u2019all\u00e9e?<\/h2>\r\n                <img decoding=\"async\" loading=\"lazy\" src=\"https:\/\/cdn.squareone.ca\/wp-content\/uploads\/2016\/08\/19042511\/new-driveway.jpg\" title=\"Nouvelle all\u00e9e\" alt=\"All\u00e9e en asphalte flambante neuve devant une maison en brique\" width=\"800\" height=\"533\" class=\"img-fluid mb-5\" \/>\r\n            <p>Derni\u00e8rement, l\u2019\u00e9t\u00e9 est le moment id\u00e9al de repaver votre all\u00e9e. Il y a plusieurs types d\u2019all\u00e9e, y compris le b\u00e9ton et l\u2019asphalte. L\u2019\u00e9t\u00e9 est la saison pour paver avec de l\u2019asphalte, car l\u2019asphalte adh\u00e8re mieux pendant le temps chaud. Avec une surface neuve et brillante, il y a moins de chances que des nids-de-poule se forment dans votre all\u00e9e.<\/p>\r\n\r\n            <p>Par cons\u00e9quent, si vous \u00eates \u00e0 la recherche de projets d\u2019\u00e9t\u00e9, pourquoi ne pas relire cet article pour vous inspirer?<\/p>\r\n\r\n            <p><strong>Vous voulez en savoir plus?<\/strong> Consultez notre <a href=\"\/fr\/centres-ressources\/ameliorations-domiciliaires\" title=\"Centre de ressources : am\u00e9liorations domiciliaires\">Centre de ressources&nbsp;: am\u00e9liorations domiciliaires<\/a> pour des tuyaux et de l'inspiration pour votre prochain projet de r\u00e9novation. Ensuite, <a href=\"\/fr\/soumission-assurance-habitation-en-ligne\" title=\"Obtenir une soumission d\u2019assurance habitation en ligne\">obtenez une soumission d'assurance habitation en ligne<\/a> en moins de 5\u00a0minutes et d\u00e9couvrez \u00e0 quel point l\u2019assurance habitation personnalis\u00e9e peut \u00eatre abordable.<\/p>\r\n\r\n<\/div>\r\n    <\/div>\r\n<\/div>\r\n<\/section>\r\n<script type=\"application\/ld+json\">\r\n{\r\n  \"@context\": \"https:\/\/schema.org\",\r\n  \"@type\": \"WebPage\",\r\n  \"mainEntityOfPage\": {\r\n    \"@type\": \"Article\",\r\n    \"@id\": \"https:\/\/www.squareone.ca\/fr\/centres-ressources\/ameliorations-domiciliaires\/projets-ete-pour-la-maison\"\r\n  },\r\n  \"author\": [\r\n    {\r\n      \"@type\": \"Person\",\r\n      \"name\": \"Square One team\"\r\n    }\r\n  ],\r\n  \"headline\": \"Projets d\u2019\u00e9t\u00e9 pour votre maison\",\r\n  \"datePublished\": \"\",\r\n  \"dateModified\": \"\",\r\n  \"inLanguage\": \"fr-CA\",\r\n  \"isAccessibleForFree\": true\r\n}\r\n<\/script>","protected":false},"excerpt":{"rendered":"<p>Projets d\u2019\u00e9t\u00e9 pour votre maison Vous connaissez sans doute la vieille blague que le Canada n\u2019a que deux saisons\u00a0: l\u2019hiver et la construction. Remplacez \u00ab\u00a0construction\u00a0\u00bb par \u00ab\u00a0projet d\u2019\u00e9t\u00e9\u00a0\u00bb et vous avez une meilleure id\u00e9e de l\u2019\u00e9tat d\u2019esprit de bon nombre de propri\u00e9taires occupants. \u00c0 titre de propri\u00e9taire occupant, votre liste de choses \u00e0 faire est [&hellip;]<\/p>\n","protected":false},"author":2,"featured_media":63287,"parent":53497,"menu_order":0,"comment_status":"closed","ping_status":"closed","template":"page-article-new.php","meta":{"_acf_changed":false,"footnotes":""},"class_list":["post-63285","page","type-page","status-publish","has-post-thumbnail","hentry"],"acf":[],"_links":{"self":[{"href":"https:\/\/www.squareone.ca\/fr\/wp-json\/wp\/v2\/pages\/63285","targetHints":{"allow":["GET"]}}],"collection":[{"href":"https:\/\/www.squareone.ca\/fr\/wp-json\/wp\/v2\/pages"}],"about":[{"href":"https:\/\/www.squareone.ca\/fr\/wp-json\/wp\/v2\/types\/page"}],"author":[{"embeddable":true,"href":"https:\/\/www.squareone.ca\/fr\/wp-json\/wp\/v2\/users\/2"}],"replies":[{"embeddable":true,"href":"https:\/\/www.squareone.ca\/fr\/wp-json\/wp\/v2\/comments?post=63285"}],"version-history":[{"count":11,"href":"https:\/\/www.squareone.ca\/fr\/wp-json\/wp\/v2\/pages\/63285\/revisions"}],"predecessor-version":[{"id":76924,"href":"https:\/\/www.squareone.ca\/fr\/wp-json\/wp\/v2\/pages\/63285\/revisions\/76924"}],"up":[{"embeddable":true,"href":"https:\/\/www.squareone.ca\/fr\/wp-json\/wp\/v2\/pages\/53497"}],"wp:featuredmedia":[{"embeddable":true,"href":"https:\/\/www.squareone.ca\/fr\/wp-json\/wp\/v2\/media\/63287"}],"wp:attachment":[{"href":"https:\/\/www.squareone.ca\/fr\/wp-json\/wp\/v2\/media?parent=63285"}],"curies":[{"name":"wp","href":"https:\/\/api.w.org\/{rel}","templated":true}]}}