{"id":63331,"date":"2023-07-28T09:56:49","date_gmt":"2023-07-28T16:56:49","guid":{"rendered":"https:\/\/www.squareone.ca\/centres-ressources\/lexique-assurance\/exclusion-definition"},"modified":"2026-03-09T14:22:17","modified_gmt":"2026-03-09T21:22:17","slug":"exclusion-definition","status":"publish","type":"page","link":"https:\/\/www.squareone.ca\/fr\/centres-ressources\/lexique-assurance\/exclusion","title":{"rendered":"D\u00e9finition : exclusion"},"content":{"rendered":"<section id='intro' class=\"bg-shape-split bg-sub-page-hero\">\r\n    <div class=\"bg-position\">\r\n        <div class=\"container-fluid\">\r\n            <div class=\"row align-items-center\">\r\n                <div class=\"col-12 col-lg-8\">                \r\n                    <h1>Exclusion<\/h1>\r\n                    <strong>Article r\u00e9dig\u00e9 par <a href=\"\/fr\/a-propos-de-nous\/contributeurs#seamus-mckale\" title=\"Auteur : Seamus McKale\">Seamus McKale<\/a><\/strong>\r\n                                        <p class=\"pb-3\"><strong>Article \u00e9valu\u00e9 par <a href=\"https:\/\/www.squareone.ca\/about-us\/experts\/daniel-mirkovic\" title=\"Expert : Daniel Mirkovic\">Daniel Mirkovic<\/a><\/strong><\/p> \r\n                    <p class=\"pb-4\" style=\"margin-top:-24px\">Mis \u00e0 jour le 6 novembre 2025<\/p>\r\n                <\/div>\r\n            <\/div>\r\n\r\n            <div class=\"row\">\r\n                <div class=\"col-lg-8\">\r\n                    <p class='mb-0'>Nom<\/p>\r\n                    <p>ex\u00b7clu\u00b7sion | \u025bksklyzj\u0254\u0303<\/p>\r\n                    <p class=\"display-4\"><strong><span class='text-orange'>Definition\u00a0:<\/span> une stipulation dans une police d\u2019assurance qui pr\u00e9cise les types de sinistres ou biens qui ne sont pas couverts en cas de sinistre.<\/strong><\/p>\r\n                    <p class=\"display-4\"><i>La plupart des polices d\u2019assurance comprennent une  <strong>exclusion<\/strong> pour les dommages caus\u00e9s par les dangers nucl\u00e9aires.<\/i><\/p>              \r\n                <\/div>\r\n\r\n                <div class=\"col-lg-3 offset-lg-1\">          \r\n                    <p class=\"mb-2 display-4 pt-4 pt-lg-0 pt-mb-0\"><strong>Th\u00e8mes<\/strong><\/p>\r\n                    <ul class=\"list-unstyled link-list display-4\">\r\n                        <li><a href=\"#what-is\">Qu\u2019est-ce qu\u2019une exclusion?<\/a><\/li>            \r\n                        <li><a href='#why-exclusions'>Pourquoi y a-t-il des exclusions en assurance?<\/a><\/li>\r\n                    <\/ul>\r\n                <\/div>\r\n            <\/div>  \r\n        <\/div>\r\n    <\/div>\r\n    <div class=\"bg-bottom\"><\/div>\r\n<\/section>\r\n\r\n<section>\r\n    <div class=\"container-fluid py-6\">\r\n        <div class=\"row\">\r\n            <div class=\"col-12 col-lg-8\">\r\n                <div class=\"row pb-6\">\r\n                    <div class=\"col-12\">\r\n                        <div class=\"card review\" style='background-color:#FFE0C9'>\r\n                            <div class=\"card-body\">\r\n                                <p class=\"h3\">L\u2019essentiel<\/p>\r\n                                <ul class='mb-0'>\r\n                                   <li>Les exclusions sont des \u00e9l\u00e9ments qui ne sont pas couverts dans une police d\u2019assurance, comme certains risques, types de biens ou gestes pos\u00e9s par un assur\u00e9.<\/li>\r\n                                   <li>Les assureurs utilisent les exclusions pour g\u00e9rer leur risque et pour offrir des primes abordables.<\/li>\r\n                                <\/ul>\r\n                            <\/div>\r\n                        <\/div>\r\n                    <\/div>\r\n                <\/div>\r\n\r\n                <h2 id=\"what-it-is\">Qu\u2019est-ce qu\u2019une exclusion en assurance?<\/h2>\r\n\r\n                <p>En assurance, une exclusion est un sinistre qui n\u2019est pas couvert dans le cadre d\u2019une police d\u2019assurance.<\/p>\r\n\r\n                <p>Il existe <a href=\"https:\/\/www.squareone.ca\/resource-centres\/insurance-basics\/home-insurance-policy-exclusions\" title=\"Initiation aux exclusions d\u2019une police d\u2019assurance habitation\">plusieurs types d\u2019exclusions<\/a>. Par exemple\u00a0:<\/p>\r\n\r\n                <ul>\r\n                    <li><strong>Risques exclus.<\/strong> Un risque est la cause d\u2019un sinistre, comme un incendie, l\u2019eau, la gr\u00eale ou le vol. Par exemple, beaucoup (<a href=\"\/fr\/habitation\/tremblement-terre\" title=\"Couverture pour le tremblement de terre\">mais pas toutes<\/a>!) de polices d\u2019assurance habitation excluent la protection contre le tremblement de terre.<\/li>\r\n                    <li><strong>Biens exclus.<\/strong> Parfois, certains types de biens sont admissibles \u00e0 la couverture, alors que d\u2019autres ne le sont pas. Par exemple, il est possible qu\u2019une police d\u2019assurance habitation couvre les biens dans l\u2019habitation, mais pas les bijoux. Coverage C\u00a0\u00bb>contents<\/a> of the home, but not jewellery. En outre, la plupart des polices d\u2019assurance habitation excluent les biens qui seraient mieux assur\u00e9s ailleurs, comme les v\u00e9hicules et les a\u00e9ronefs.<\/li>\r\n                    <li><strong>Gestes exclus. <\/strong>M\u00eame dans le cas d\u2019un sinistre admissible, la couverture pourrait \u00eatre refus\u00e9e en raison d\u2019un geste volontaire ou frauduleux. Par exemple, un propri\u00e9taire occupant qui met le feu \u00e0 sa maison pour obtenir un r\u00e8glement ne serait pas compens\u00e9, car il s\u2019agit d\u2019une exclusion pour un geste volontaire.<\/li>\r\n                <\/ul>\r\n\r\n                <p>Selon le type de police d\u2019assurance, il peut y avoir une longue liste d\u2019exclusions ou quelques-unes seulement. Une police de risques d\u00e9sign\u00e9s couvre tous les risques \u00e9num\u00e9r\u00e9s dans la police. Named perils\u00a0\u00bb>named perils<\/a> policy covers all the perils it lists specifically. Elle exclut tous les autres risques, m\u00eame s\u2019ils ne sont pas indiqu\u00e9s comme tel.<\/p>\r\n\r\n                <p>En revanche, une police compr\u00e9hensive couvre tout, \u00e0 l\u2019exception de ce qui est indiqu\u00e9 \u00e0 titre d\u2019exclusion. Comprehensive\u00a0\u00bb>comprehensive<\/a> policy covers everything except what it lists as excluded. Vous verrez chaque exclusion clairement \u00e9num\u00e9r\u00e9e dans ce type de police.<\/p>\r\n\r\n                <p>Si une police d\u2019assurance exclut quelque chose, cela signifie que l\u2019exclusion ne sera pas couverte. Si vous pr\u00e9sentez une r\u00e9clamation pour le sinistre exclu, la r\u00e9clamation sera refus\u00e9e.<\/p>\r\n\r\n                <h2 id=\"why-exclusions\">Pourquoi les polices d\u2019assurance ont-elles des exclusions?<\/h2>\r\n\r\n                <p>Les polices d\u2019assurance ne peuvent pas tout couvrir. Le syst\u00e8me s\u2019effondrerait rapidement si les compagnies d\u2019assurance devaient r\u00e9gler chaque r\u00e9clamation, quoi qu\u2019il arrive. Au minimum, les primes seraient beaucoup plus \u00e9lev\u00e9es et inabordables.<\/p>\r\n\r\n                <p>Plut\u00f4t, les compagnies d\u2019assurance cherchent \u00e0 \u00e9quilibrer la port\u00e9e de la couverture contre le risque, tout en tenant compte du tarif propos\u00e9 au client.<\/p>\r\n\r\n                <p>Elles le font \u00e0 l\u2019aide de l\u2019utilisation prudente des exclusions. Il y a de nombreuses raisons pour lesquelles un <a href=\"https:\/\/www.squareone.ca\/resource-centres\/insurance-glossary\/insurer\" title=\"D\u00e9finition : assureur\">assureur<\/a> choisit d\u2019exclure une couverture dans une police. \r\n\r\n                <ul>\r\n                    <li><strong>Le risque est trop grand. <\/strong>Certaines \u00e9l\u00e9ments sont exclus car le risque d\u2019un sinistre est trop \u00e9lev\u00e9, tout simplement. Souvent, la couverture pour inondation est exclue des polices des habitations situ\u00e9es dans une zone inondable, parce qu\u2019il serait impossible d\u2019offrir cette couverture \u00e0 une prime abordable.<\/li>\r\n                    <li><strong>Le sinistre est couvert ailleurs.<\/strong> L\u2019activit\u00e9 nucl\u00e9aire est exclue de l\u2019assurance habitation, par exemple. Il existe des <a href=\"https:\/\/ressources-naturelles.canada.ca\/energie\/sources-denergie-et-reseau-de-distribution\/energie-nucleaire-uranium\/la-loi-sur-la-responsabilite-et-lindemnisation-en-matiere-nucleaire\/19225\" title=\"La Loi sur la responsabilit\u00e9 et l\u2019indemnisation en mati\u00e8re nucl\u00e9aire\" target=\"_blank\">programmes gouvernementaux<\/a> cens\u00e9s couvrir les dommages provoqu\u00e9s par des accidents nucl\u00e9aires. Pour cette raison, les assureurs l\u2019excluent. Dans le m\u00eame ordre d\u2019id\u00e9es, les polices d\u2019assurance habitation excluent les v\u00e9hicules motoris\u00e9s, car ils sont couverts dans les polices d\u2019assurance automobile.<\/li>\r\n                    <li><strong>L\u2019assureur ne peut pas fixer un prix pour le risque. <\/strong>Une majeure partie de l\u2019assurance c\u2019est la pr\u00e9vision du co\u00fbt des r\u00e9clamations futures et l\u2019\u00e9tablissement des primes en cons\u00e9quence. Les polices excluent la guerre, car il n\u2019y a aucune fa\u00e7on d\u2019estimer les pertes d\u2019une guerre ou la p\u00e9riode dans laquelle une guerre aurait lieu.<\/li>\r\n                    <li><strong>Le sinistre est \u00e9vitable. <\/strong>Les fournisseurs d\u2019assurance habitation encouragent les clients \u00e0 prendre soin de leurs biens et de prendre des mesures raisonnables pour emp\u00eacher les sinistres. Par exemple, de nombreuses polices excluent les dommages provoqu\u00e9s par les <a href=\"https:\/\/www.squareone.ca\/resource-centres\/insurance-basics\/frozen-pipes-dont-have-to-spell-disaster\" title=\"Les tuyaux gel\u00e9s et votre assurance habitation\">tuyaux gel\u00e9s<\/a> si le propri\u00e9taire occupant n\u2019a pas pris des mesures pour conserver le chauffage. L\u2019usure est exclue, car les propri\u00e9taires occupants sont responsables de l\u2019entretien r\u00e9gulier de leurs habitations.<\/li>\r\n                <\/ul>\r\n\r\n                <p>Bien qu\u2019il y ait plusieurs raisons pour les exclusions, le but ultime c\u2019est d\u2019offrir aux clients des primes basses. Offrir une couverture pour trop de risques \u00e9lev\u00e9s ou des sinistres facilement \u00e9vitables serait irresponsable. Les exclusions repr\u00e9sentent l\u2019un des outils qui permettent aux assureurs d\u2019utiliser les primes des clients de mani\u00e8re responsable.<\/p>\r\n\r\n<h2> Exclusions courantes<\/h2>\r\n\r\n                <p>Certaines exclusions se trouvent dans chaque police d\u2019assurance. Par exemple, presque toutes les polices d\u2019assurance habitation excluent les risques ci-dessous (entre autres)&nbsp;:<\/p>\r\n\r\n                <ul>\r\n                    <li>L\u2019usure<\/li>\r\n                    <li>La moisissure<\/li>\r\n                    <li>Les animaux nuisibles (souris, termites, etc.)<\/li>\r\n                    <li>Les actes de guerre ou de terrorisme<\/li>\r\n                    <li>Les catastrophes nucl\u00e9aires<\/li>\r\n                    <li>Les dommages volontaires<\/li>\r\n                    <li>L\u2019inondation c\u00f4ti\u00e8re<\/li>\r\n                <\/ul>\r\n\r\n                <p>L\u2019assurance auto, elle, comprend sa propre liste d\u2019exclusions. Par exemple&nbsp;:<\/p>\r\n\r\n                <ul>\r\n                    <li>La d\u00e9faillance m\u00e9canique<\/li>\r\n                    <li>L\u2019usure, y compris la rouille<\/li>\r\n                    <li>La conduite avec facult\u00e9s affaiblies<\/li>\r\n                    <li>La conduite malveillante (comme les courses, l\u2019exc\u00e8s de vitesse, etc.)<\/li>\r\n                    <li>Les actes de guerre ou de terrorisme<\/li>\r\n                    <li>Les catastrophes nucl\u00e9aires<\/li>\r\n                <\/ul>\r\n\r\n                <p>Remarquez que ces listes d\u2019exclusions ne sont pas exhaustives. V\u00e9rifiez le libell\u00e9 de votre police; vous y trouverez une section qui \u00e9num\u00e8re les exclusions et leur application.<\/p>\r\n\r\n\r\n                <p><strong>Vous recherchez une d\u00e9finition en assurance?<\/strong> Consultez notre <a href=\"\/fr\/centres-ressources\/lexique-assurance\" title=\"Centre de ressources : lexique de l'assurance\">Centre de ressources&nbsp;: lexique de l\u2019assurance<\/a> pour acc\u00e9der \u00e0 des d\u00e9finitions faciles \u00e0 comprendre des termes les plus courants de l'assurance. Ensuite, <a href=\"\/fr\/soumission-assurance-habitation-en-ligne\" title=\"Obtenir une soumission d\u2019assurance habitation en ligne\">obtenez une soumission d'assurance habitation en ligne<\/a> en moins de 5\u00a0minutes et d\u00e9couvrez \u00e0 quel point l\u2019assurance habitation personnalis\u00e9e peut \u00eatre abordable.<\/p>\r\n\r\n                <div class=\"row py-3\">\r\n<div class=\"col-12\">\r\n<div class=\"card review\" style=\"box-shadow: 0 2px 4px rgba(0,0,0,0.07);background-color:#f4f4f4;\">\r\n<div class=\"card-body\">\r\n\t<p class=\"text-primary h4\">\u00c0 propos de l\u2019expert&nbsp;: Daniel Mirkovic<\/p>\r\n\t<p>Cofondateur de Square One comptant plus de 25&nbsp;ans dans le secteur de l\u2019assurance, Daniel \u00e9tait vice-pr\u00e9sident des services d\u2019assurance et de voyage de la British Columbia Automobile Association (BCAA). Daniel est titulaire d'un baccalaur\u00e9at \u00e8s commerce et d'une ma\u00eetrise \u00e8s administration des affaires, tous deux obtenus \u00e0 la Sauder School of Business de l'universit\u00e9 de la Colombie-Britannique. Daniel est muni de la d\u00e9signation CAAC et d\u2019un certificat en assurance de dommages niveau&nbsp;3 en Colombie-Britannique, en Alberta, en Saskatchewan, au Manitoba et en Ontario.<\/p>\r\n<\/div>\r\n<\/div>\r\n<\/div>\r\n<\/div>\r\n\r\n            <\/div>\r\n        <\/div>\r\n    <\/div>\r\n<\/section>\r\n<script type=\"application\/ld+json\">\r\n{\r\n  \"@context\": \"https:\/\/schema.org\",\r\n  \"@graph\": [\r\n    {\r\n      \"@type\": [\"WebPage\", \"DefinedTerm\"],\r\n      \"@id\": \"https:\/\/www.squareone.ca\/fr\/centres-ressources\/lexique-assurance\/exclusion\",\r\n      \"url\": \"https:\/\/www.squareone.ca\/fr\/centres-ressources\/lexique-assurance\/exclusion\",\r\n      \"inLanguage\": \"fr-CA\",\r\n      \"isAccessibleForFree\": true,\r\n      \"name\": \"Exclusion\",\r\n      \"description\": \"Une stipulation dans une police d\u2019assurance qui pr\u00e9cise les types de sinistres ou biens qui ne sont pas couverts en cas de sinistre.\",\r\n      \"inDefinedTermSet\": {\r\n        \"@type\": \"DefinedTermSet\",\r\n        \"name\": \"Lexique de l\u2019assurance de Square One\",\r\n        \"url\": \"https:\/\/www.squareone.ca\/fr\/centres-ressources\/lexique-assurance\"\r\n      },\r\n      \"publisher\": {\r\n        \"@id\": \"https:\/\/www.squareone.ca\/fr\"\r\n      },\r\n      \"author\": {\r\n        \"@id\": \"#seamus-mckale\"\r\n      },\r\n      \"reviewedBy\": {\r\n        \"@id\": \"https:\/\/www.squareone.ca\/fr\/a-propos-de-nous\/experts\/daniel-mirkovic\"\r\n      }\r\n    },\r\n    {\r\n      \"@type\": \"InsuranceAgency\",\r\n      \"@id\": \"https:\/\/www.squareone.ca\/fr\",\r\n      \"name\": \"Assurances Square One\",\r\n      \"url\": \"https:\/\/www.squareone.ca\/fr\",\r\n      \"logo\": \"https:\/\/cdn.squareone.ca\/wp-content\/uploads\/2021\/04\/09094743\/square-one-logomark-default-md-1.png\",\r\n      \"address\": {\r\n        \"@type\": \"PostalAddress\",\r\n        \"streetAddress\": \"1410-650 W Georgia St\",\r\n        \"addressLocality\": \"Vancouver\",\r\n        \"addressRegion\": \"BC\",\r\n        \"postalCode\": \"V6B 4N8\",\r\n        \"addressCountry\": \"CA\"\r\n      },\r\n      \"telephone\": \"+1-855-331-6933\",\r\n      \"areaServed\": [\"BC\", \"AB\", \"SK\", \"MB\", \"ON\", \"QC\"],\r\n      \"feesAndCommissionsSpecification\": \"https:\/\/www.squareone.ca\/fr\/transparence\"\r\n    },\r\n    {\r\n      \"@type\": \"Person\",\r\n      \"@id\": \"#seamus-mckale\",\r\n      \"name\": \"Seamus McKale\",\r\n      \"url\": \"https:\/\/www.squareone.ca\/fr\/a-propos-de-nous\/membres-equipe#seamus-mckale\",\r\n      \"description\": \"Seamus a 15 ans d\u2019exp\u00e9rience en marketing, avec sp\u00e9cialisation en publicit\u00e9 multim\u00e9dia, r\u00e9daction technique et contenu sur l\u2019assurance personnelle.\",\r\n      \"jobTitle\": \"Sp\u00e9cialiste de marketing de contenu\",\r\n      \"worksFor\": {\r\n        \"@id\": \"https:\/\/www.squareone.ca\/fr\"\r\n      },\r\n      \"hasCredential\": [\r\n        {\r\n          \"@type\": \"EducationalOccupationalCredential\",\r\n          \"name\": \"Certificat en assurance de dommages de la C.-B., niveau 1\"\r\n        },\r\n        {\r\n          \"@type\": \"EducationalOccupationalCredential\",\r\n          \"name\": \"Certificat en assurance de dommages de l\u2019Ontario\"\r\n        }\r\n      ],\r\n      \"knowsAbout\": [\r\n        \"Marketing\",\r\n        \"Publicit\u00e9 multim\u00e9dia\",\r\n        \"R\u00e9daction technique\",\r\n        \"Assurance des particuliers\"\r\n      ],\r\n      \"sameAs\": [\r\n        \"https:\/\/www.linkedin.com\/in\/seamus-m-83801a2b\/\"\r\n      ]\r\n    },\r\n    {\r\n      \"@type\": \"Person\",\r\n      \"@id\": \"https:\/\/www.squareone.ca\/fr\/a-propos-de-nous\/experts\/daniel-mirkovic\",\r\n      \"name\": \"Daniel Mirkovic\",\r\n      \"url\": \"https:\/\/www.squareone.ca\/fr\/a-propos-de-nous\/experts\/daniel-mirkovic\",\r\n      \"description\": \"Daniel poss\u00e8de de vastes connaissances en assurance, acquises au cours de plus de 25 ans d\u2019exprience dans le secteur.\",\r\n      \"jobTitle\": \"Cofondateur et PDG\",\r\n      \"worksFor\": {\r\n        \"@id\": \"https:\/\/www.squareone.ca\/fr\"\r\n      },\r\n      \"alumniOf\": {\r\n        \"@type\": \"CollegeOrUniversity\",\r\n        \"name\": \"Sauder School of Business at the University of British Columbia\"\r\n      },\r\n      \"hasCredential\": [\r\n        {\r\n          \"@type\": \"EducationalOccupationalCredential\",\r\n          \"name\": \"Courtier d\u2019assurance agr\u00e9\u00e9 du Canada (CAAC)\"\r\n        },\r\n        {\r\n          \"@type\": \"EducationalOccupationalCredential\",\r\n          \"name\": \"Certificat en assurance de dommages, niveau 3 (BC, AB, SK, MB, ON)\"\r\n        }\r\n      ],\r\n      \"knowsAbout\": [\r\n        \"Assurance propri\u00e9taire occupant\",\r\n        \"Assurance locataire\",\r\n        \"Assurance copropri\u00e9taire\",\r\n        \"Assurance auto\",\r\n        \"Assurance automobile de collection\",\r\n        \"Assurance maladie\",\r\n        \"Assurance-vie\",\r\n        \"L\u2019assurance invalidit\u00e9 de longue dur\u00e9e\",\r\n        \"Assurance v\u00e9t\u00e9rinaire\",\r\n        \"Assurance-voyage\",\r\n        \"Planification d\u2019affaires et strat\u00e9gique\",\r\n        \"Publicit\u00e9 s'adressant directement aux consommateurs\",\r\n        \"D\u00e9veloppement des produits\",\r\n        \"Conception de l\u2019exp\u00e9rience des utilisateurs\"\r\n      ],\r\n      \"sameAs\": [\r\n        \"https:\/\/www.linkedin.com\/in\/danielmirkovic\"\r\n      ]\r\n    },\r\n    {\r\n      \"@type\": \"FAQPage\",\r\n      \"mainEntity\": [\r\n        {\r\n          \"@type\": \"Question\",\r\n          \"name\": \"Qu\u2019est-ce qu\u2019une exclusion en assurance?\",\r\n          \"acceptedAnswer\": {\r\n            \"@type\": \"Answer\",\r\n            \"text\": \"En assurance, une exclusion est un sinistre qui n\u2019est pas couvert dans le cadre d\u2019une police d\u2019assurance. Il y a plusieurs types d\u2019exclusion. Par exemple, les risques exclus, les biens exclus et les actions exclues.\"\r\n          }\r\n        },\r\n        {\r\n          \"@type\": \"Question\",\r\n          \"name\": \"Pourquoi les polices d\u2019assurance ont-elles des exclusions?\",\r\n          \"acceptedAnswer\": {\r\n            \"@type\": \"Answer\",\r\n            \"text\": \"Les polices d\u2019assurance ne peuvent pas tout couvrir. Le syst\u00e8me s\u2019effondrerait rapidement si les compagnies d\u2019assurance devaient r\u00e9gler chaque r\u00e9clamation, quoi qu\u2019il arrive. Au minimum, les primes seraient beaucoup plus \u00e9lev\u00e9es et inabordables. Plut\u00f4t, les compagnies d\u2019assurance cherchent \u00e0 \u00e9quilibrer la port\u00e9e de la couverture contre le risque, tout en tenant compte du tarif propos\u00e9 au client. Elles le font \u00e0 l\u2019aide de l\u2019utilisation prudente des exclusions.\"\r\n          }\r\n        }\r\n      ]\r\n    }\r\n  ]\r\n}\r\n<\/script>\r\n","protected":false},"excerpt":{"rendered":"<p>Exclusion Article \u00e9valu\u00e9 par Daniel Mirkovic Nom ex\u00b7clu\u00b7sion | \u025bksklyzj\u0254\u0303 Definition\u00a0: une stipulation dans une police d\u2019assurance qui pr\u00e9cise les types de sinistres ou biens qui ne sont pas couverts en cas de sinistre. La plupart des polices d\u2019assurance comprennent une exclusion pour les dommages caus\u00e9s par les dangers nucl\u00e9aires. Th\u00e8mes Qu\u2019est-ce qu\u2019une exclusion? Pourquoi [&hellip;]<\/p>\n","protected":false},"author":20,"featured_media":0,"parent":53157,"menu_order":0,"comment_status":"closed","ping_status":"closed","template":"page-article-new.php","meta":{"_acf_changed":false,"footnotes":""},"class_list":["post-63331","page","type-page","status-publish","hentry"],"acf":[],"_links":{"self":[{"href":"https:\/\/www.squareone.ca\/fr\/wp-json\/wp\/v2\/pages\/63331","targetHints":{"allow":["GET"]}}],"collection":[{"href":"https:\/\/www.squareone.ca\/fr\/wp-json\/wp\/v2\/pages"}],"about":[{"href":"https:\/\/www.squareone.ca\/fr\/wp-json\/wp\/v2\/types\/page"}],"author":[{"embeddable":true,"href":"https:\/\/www.squareone.ca\/fr\/wp-json\/wp\/v2\/users\/20"}],"replies":[{"embeddable":true,"href":"https:\/\/www.squareone.ca\/fr\/wp-json\/wp\/v2\/comments?post=63331"}],"version-history":[{"count":9,"href":"https:\/\/www.squareone.ca\/fr\/wp-json\/wp\/v2\/pages\/63331\/revisions"}],"predecessor-version":[{"id":78493,"href":"https:\/\/www.squareone.ca\/fr\/wp-json\/wp\/v2\/pages\/63331\/revisions\/78493"}],"up":[{"embeddable":true,"href":"https:\/\/www.squareone.ca\/fr\/wp-json\/wp\/v2\/pages\/53157"}],"wp:attachment":[{"href":"https:\/\/www.squareone.ca\/fr\/wp-json\/wp\/v2\/media?parent=63331"}],"curies":[{"name":"wp","href":"https:\/\/api.w.org\/{rel}","templated":true}]}}