{"id":63401,"date":"2023-08-01T08:26:33","date_gmt":"2023-08-01T15:26:33","guid":{"rendered":"https:\/\/www.squareone.ca\/centres-ressources\/lexique-assurance\/definition-formule-etendue"},"modified":"2025-12-08T10:33:45","modified_gmt":"2025-12-08T18:33:45","slug":"definition-formule-etendue","status":"publish","type":"page","link":"https:\/\/www.squareone.ca\/fr\/centres-ressources\/lexique-assurance\/formule-etendue","title":{"rendered":"D\u00e9finition : formule \u00e9tendue"},"content":{"rendered":"<section id='intro' class=\"bg-shape-split bg-sub-page-hero\">\r\n\t<div class=\"bg-position\">\r\n\t\t<div class=\"container-fluid\">\r\n\t\t\t<div class=\"row align-items-center\">\r\n\t\t\t\t<div class=\"col-12 col-lg-8\">                \r\n\t\t\t\t\t<h1>Formule \u00e9tendue<\/h1>\r\n\t\t\t\t\t<strong>Article r\u00e9dig\u00e9 par <a href=\"\/fr\/a-propos-de-nous\/contributeurs#seamus-mckale\" title=\"Auteur : Seamus McKale\">Seamus McKale<\/a><\/strong>\r\n                                        <p class=\"pb-3\"><strong>Article \u00e9valu\u00e9 par <a href=\"\/fr\/a-propos-de-nous\/experts\/daniel-mirkovic\" title=\"Expert : Daniel Mirkovic\">Daniel Mirkovic<\/a><\/strong><\/p> \r\n\t\t\t\t\t<p class=\"pb-4\" style=\"margin-top:-24px\">Mis \u00e0 jour le 6 novembre 2025<\/p>\r\n\t\t\t\t<\/div>\r\n\t\t\t<\/div>\r\n\r\n\t\t\t<div class=\"row\">\r\n\t\t\t\t<div class=\"col-lg-8\">\r\n\t\t\t\t\t<p class='mb-0'>Nom<\/p>\r\n\t\t\t\t\t<p>formule \u00e9tendue | b\u0281\u0254a\r\n\r\nf\u0254\u0281m<\/p>\r\n\t\t\t\t\t<p class=\"display-4\"><strong><span class='text-orange'>D\u00e9finition\u00a0:<\/span> un type de police d\u2019assurance habitation offrant une couverture compr\u00e9hensive du logement assur\u00e9 et une couverture risques d\u00e9sign\u00e9s pour les biens.<\/strong><\/p>\r\n\t\t\t\t\t<p class=\"display-4\"><i>Le courtier en assurance de Tanya a recommand\u00e9 l\u2019assurance <strong>formule \u00e9tendue<\/strong> pour sa maison de vacances.<\/i><\/p>\r\n\t\t\t\t<\/div>\r\n\r\n\t\t\t\t<div class=\"col-lg-3 offset-lg-1\">          \r\n\t\t\t\t\t<p class=\"mb-2 display-4 pt-4 pt-lg-0 pt-mb-0\"><strong>Th\u00e8mes<\/strong><\/p>\r\n\t\t\t\t\t<ul class=\"list-unstyled link-list display-4\">\r\n\t\t\t\t\t\t<li><a href='#What-is-it'>Qu\u2019est-ce que l\u2019assurance formule \u00e9tendue?<\/a><\/li>\r\n\t\t\t\t\t\t<li><a href=\"#Coverages\">Couvertures<\/a><\/li>\r\n\t\t\t\t\t<\/ul>\r\n\t\t\t\t<\/div>\r\n\t\t\t<\/div>  \r\n\t\t<\/div>\r\n\t<\/div>\r\n\t<div class=\"bg-bottom\"><\/div>\r\n<\/section>\r\n\r\n<section>\r\n    <div class=\"container-fluid py-6\">\r\n        <div class=\"row\">\r\n            <div class=\"col-12 col-lg-8\">\r\n                <div class=\"row pb-6\">\r\n                    <div class=\"col-12\">\r\n                        <div class=\"card review\" style='background-color:#FFE0C9'>\r\n                            <div class=\"card-body\">\r\n                                <p class=\"h3\">L\u2019essentiel<\/p>\r\n                                <ul class='mb-0'>\r\n                                <li><p>Les polices d\u2019assurance habitation formule \u00e9tendue offrent une protection compr\u00e9hensive et une couverture de risques d\u00e9sign\u00e9s pour les biens meubles<\/p><\/li>\r\n\t\t\t\t<li><p>Les polices d\u2019assurance habitation formule \u00e9tendue sont un peu moins dispendieuses comparativement aux polices compr\u00e9hensives, car elles sacrifient certaines couvertures en \u00e9change des \u00e9conomies<\/p><\/li>\r\n                                <\/ul>\r\n                            <\/div>\r\n                        <\/div>\r\n                    <\/div>\r\n                <\/div>\r\n\r\n\t\t\t\t<h2 id=\"What-it-is\">Qu\u2019est-ce que l\u2019assurance formule \u00e9tendue?<\/h2>\r\n\r\n\t\t\t\t<p>En assurance habitation, il y a trois types de polices\u00a0:<\/p>\r\n\t\t\t\t<ol>\r\n\t\t\t\t\t<li>Risques d\u00e9sign\u00e9s\u00a0:<\/li>\r\n\t\t\t\t\t<li>Formule \u00e9tendue\u00a0:<\/li>\r\n\t\t\t\t\t<li>Tous risques\u00a0:<\/li>\r\n\t\t\t\t<\/ol>\r\n\r\n\t\t\t\t<p>Ce n\u2019est pas au hasard que la formule \u00e9tendue se trouve au milieu\u00a0: il s\u2019agit d\u2019une solution de police interm\u00e9diaire. Les polices formule \u00e9tendue r\u00e9unissent la protection \u00e9tendue d\u2019une police compr\u00e9hensive contre les \u00e9conomies offertes par une police risques d\u00e9sign\u00e9s. En th\u00e9orie.<\/p>\r\n\r\n\t\t\t\t<p>Dans les faits, ce n\u2019est pas si simple.<\/p>\r\n\r\n\t\t\t\t<p>Les polices d\u2019assurance habitation formule \u00e9tendue comprennent des \u00e9l\u00e9ments des deux autres types de polices. Donc, il est important de comprendre les \u00e9l\u00e9ments de base des autres types de polices en premier. Vous avez \u00e9galement int\u00e9r\u00eat \u00e0 lire la d\u00e9finition de <a href=\"\/fr\/centres-ressources\/lexique-assurance\/risque\" title=\"D\u00e9finition : risques\">risque<\/a>.<\/p> \r\n\r\n\t\t\t\t<p>Les risques sont les causes des dommages ou sinistres. L\u2019incendie, l\u2019inondation, la fum\u00e9e, le vent et le vol sont des exemples de risques.<\/p>\r\n\r\n\t\t\t\t<p>Les polices risques d\u00e9sign\u00e9s ne prot\u00e8gent que contre quelques types de risques. Ces risques sont stipul\u00e9s dans la police. En cas de sinistre, si le risque qui l\u2019a caus\u00e9 n\u2019est pas \u00e9num\u00e9r\u00e9 dans la police, il n\u2019y a pas de couverture.<\/p>\r\n\r\n\t\t\t\t<p>Les polices compr\u00e9hensives sont le contraire\u00a0: elles prot\u00e8gent contre chaque risque, \u00e0 l\u2019exception de quelques-uns qui sont sp\u00e9cifiquement exclus.<\/p>\r\n\r\n\t\t\t\t<p>Examinons les polices formule \u00e9tendue.<\/p>\r\n\r\n\t\t\t\t<p>Les polices formule \u00e9tendue sont une part compr\u00e9hensive et une part risques d\u00e9sign\u00e9s. La couverture est divis\u00e9e entre le logement et les biens. Le logement (b\u00e2timent) est la maison elle-m\u00eame, ainsi que toute structure attenante, comme un balcon ou un garage. Les biens sont tous les articles mobiliers dans la maison, comme les meubles, les produits \u00e9lectroniques et les v\u00eatements, entre autres.<\/p>\r\n\r\n\t\t\t\t<p class=\"mb-0\">Les polices formule \u00e9tendue offrent une couverture compr\u00e9hensive pour le logement et une couverture risques d\u00e9sign\u00e9s pour les biens.<\/p>\r\n\r\n\r\n\t\t\t\t<div class=\"row py-6\">\r\n\t\t\t\t\t<div class=\"col-12\">\r\n\t\t\t\t\t\t<div class=\"card review\" style='background-color:#B5E0EB'>\r\n\t\t\t\t\t\t\t<div class=\"card-body\">\r\n\t\t\t\t\t\t\t\t<p class=\"display-4\"><strong>Exemple<\/strong><\/p>\r\n\t\t\t\t\t\t\t\t<p><i>Kalisha est propri\u00e9taire d\u2019une maison qu\u2019elle habite depuis 10\u00a0ans. Elle a une police d\u2019assurance formule \u00e9tendue pour prot\u00e9ger sa maison et ses possessions. Son logement est prot\u00e9g\u00e9 contre la plupart des risques, \u00e0 l\u2019exception des quelques risques exclus. Ses biens, en revanche, ne sont prot\u00e9g\u00e9s que contre quatre risques d\u00e9sign\u00e9s\u00a0: l\u2019incendie, le vol, la fum\u00e9e et l\u2019inondation.<\/i><\/p>\r\n\r\n\t\t\t\t\t\t\t\t<p><i>Un jour pendant que Kalisha est au bureau, un tuyau d\u2019eau dans le plafond commence \u00e0 <a href=\"\/fr\/centres-ressources\/securite-domiciliaire-personnelle\/prevention-degats-eau\" title=\"Article : pr\u00e9vention des d\u00e9g\u00e2ts d\u2019eau\">fuir<\/a>. Quand elle arrive \u00e0 la maison, c\u2019est trop tard\u00a0: le mal est fait. Le plafond du salon, l\u2019un des murs et une grande partie du plancher sont compl\u00e8tement impr\u00e9gn\u00e9s d\u2019eau. Et comme par hasard, l\u2019eau est tomb\u00e9e sur son pr\u00e9cieux sofa. Et il est compl\u00e8tement tremp\u00e9.<\/i><\/p>\r\n\r\n\t\t\t\t\t\t\t<\/div>\r\n\t\t\t\t\t\t<\/div>\r\n\t\t\t\t\t<\/div>\r\n\t\t\t\t<\/div>\r\n\r\n\r\n\t\t\t\t<p>Dans ce sc\u00e9nario, nous pouvons constater certains des avantages et inconv\u00e9nients des polices d\u2019assurance habitation formule \u00e9tendue.<\/p>\r\n\r\n\t\t\t\t<p>Gr\u00e2ce \u00e0 la couverture de b\u00e2timent compr\u00e9hensive, l\u2019assurance de Kalisha couvrira les dommages aux murs, au plancher et au plafond. Tout cela fait partie du b\u00e2timent, et sa couverture n\u2019exclut pas les fuites.<\/p>\r\n\r\n\t\t\t\t<p>Malheureusement, le sofa n\u2019est pas couvert. Le sofa s\u2019inscrit dans la couverture de biens meubles. Sa police ne prot\u00e8ge les biens meubles que contre quatre risques\u00a0: l\u2019incendie, le vol, la fum\u00e9e et l\u2019inondation. Un tuyau \u00e9clat\u00e9 ne se trouve dans aucune de ces cat\u00e9gories. Par cons\u00e9quent, sa police d\u2019assurance ne couvrira pas les dommages \u00e0 son sofa dans ce cas.<\/p>\r\n\r\n\t\t\t\t<p>Les polices formule \u00e9tendue offrent des primes inf\u00e9rieures \u00e0 celles dans les polices compr\u00e9hensives, mais les frais de remplacement de vos meubles et autres possessions apr\u00e8s un sinistre non assur\u00e9 peuvent rapidement effacer les \u00e9conomies.<\/p>\r\n\r\n\t\t\t\t<p>Si vous avez un logement \u00e0 assurer, mais vous n\u2019avez rien de valeur \u00e0 assurer dans l\u2019habitation, vous avez int\u00e9r\u00eat \u00e0 prendre en consid\u00e9ration une police formule \u00e9tendue. Autrement, les primes plus \u00e9lev\u00e9es d\u2019une police compr\u00e9hensive valent le coup.<\/p>\r\n\r\n\t\t\t<\/div>\r\n\t\t<\/div>\r\n\t<\/div>\r\n<\/section>\r\n\r\n\t<section class=\"bg-transparent\">\n\t\t<img decoding=\"async\" src=\"\/sales\/images\/bgs\/bg-mid-page-cta-general-top.svg\" style=\"width: 100%; vertical-align: bottom; position: relative; top: 1px\"\/>\n\t\t\n\t\t<div class=\"bg-darkTeal py-3\">\t\t\t\n\t\t\t<div class=\"container-fluid\">\n\t\t\t\t<div class=\"row d-flex align-items-center pb-5\">\n\t\t\t\t\t<div class=\"col-12 col-md-8 offset-md-2 px-lg-5 pb-5 pb-lg-0\">\n\t\t\t\t\t\t<div class=\"h6 mb-4 text-primary text-uppercase text-center\">\n\t\t\t\t\t\t\tCela ne prend que 5\u00a0minutes \n\t\t\t\t\t\t<\/div>\t\t\n\t\t\t\t\t\t\t\t\t\t\t\n\t\t\t\t\t\t<p class=\"lead px-lg-5 text-white\">\n\t\t\t\t\t\t\t<strong class=\"d-inline-block text-uc-first\">Pr\u00eat \u00e0 obtenir une soumission en ligne? <\/strong> Votre temps est aussi pr\u00e9cieux que vos possessions. Obtenez une soumission d'assurance habitation en <strong>5 minutes<\/strong>. C\u2019est moins de temps qu\u2019il n\u2019en faut pour faire la file pour un caf\u00e9.\n\t\t\t\t\t\t<\/p>\t\t\t\n\t\n\t\t\t\t\t\t<div id=\"sq1-qw-9f7290589737\" class=\"sq1-quote-widget mb-4 text-white\" data-quote-widget-type=\"HOME\" data-has-custom-text=\"true\">\n\t\t\t\t\t\t\t<div class=\"input-group input-group-focus-within bg-white my-4\">\n\t\t\t\t\t\t\t\t<div>\n\t\t\t\t\t\t\t\t\t<div class=\"input-group-text\">\n\t\t\t\t\t\t\t\t\t\t<i class=\"fa fa-map-marker d-block text-black\"><\/i>\n\t\t\t\t\t\t\t\t\t<\/div>\n\t\t\t\t\t\t\t\t<\/div>\n\t\t\t\t\t\t\t\t<input type=\"text\" class=\"form-control\" style=\"padding: 10px;\" placeholder=\"Enter an address\" aria-label=\"Inscrivez votre adresse pour obtenir une soumission\"\/>\n\t\t\t\t\t\t\t\t<div>\n\t\t\t\t\t\t\t\t\t<button class=\"btn btn-primary\">Obtenir une soumission en ligne d\u00e8s maintenant<\/button>\n\t\t\t\t\t\t\t\t<\/div>\n\t\t\t\t\t\t\t<\/div>\n\t\t\t\t\t\t<\/div>\n\t\t\t\t\t\t\n\t\t\t\t\t\t<p class=\"small text-white\">Avant de commencer, veuillez lire notre <a href=\"https:\/\/www.squareone.ca\/fr\/politique-confidentialite\" target=\"_blank\" rel=\"noreferrer noopener\">Politique de confidentialit\u00e9<\/a> et nos <a href=\"https:\/\/www.squareone.ca\/fr\/conditions-utilisation\" target=\"_blank\" rel=\"noreferrer noopener\">Conditions d\u2019utilisation<\/a>.<\/p>\t\n\t\n\t\t\t\t\t\t<script type=\"text\/javascript\">\n\t\t\t\t\t\t(function() {\n\t\t\t\t\t\t\tdocument.addEventListener('soiMiscJsLoaded', function() {\n\t\t\t\t\t\t        $(document).ready(function() {\n\t\t\t\t\t\t\t\t\tsoiQuoteWidget.processFormWidget('\/sales\/index.php\/json_quote_widget?rand=' +Math.random(), 'qwContainer'); \/\/populate quoting widget with content from symfony.\n\t\t\t\t\t\t\t\t});\n\t\t\t\t\t\t\t});\n\t\t\t\t\t\t})();\n\t\t\t\t\t\t<\/script>\n\t\t\t\t\t<\/div>\n\t\t\t\t<\/div>\n\t\t\t<\/div>\n\t\t<\/div>\n\t\t\n\t\t<img decoding=\"async\" src=\"\/sales\/images\/bgs\/bg-mid-page-cta-general-bottom.svg\" style=\"width: 100%; vertical-align: top\"\/>\t\t\n\t<\/section>\r\n\r\n<section class='py-6'>\r\n\t<div class=\"container-fluid\">\r\n\t\t<div class=\"row\">\r\n\t\t\t<div class=\"col-12 col-lg-8\">\r\n\r\n\r\n\r\n\t\t\t\t<h2 id=\"Coverages\">Que couvre l\u2019assurance formule \u00e9tendue?<\/h2>\r\n\r\n\t\t\t\t<p>Les polices d\u2019assurance formule \u00e9tendue offrent une protection compr\u00e9hensive pour le b\u00e2timent. Les biens \u00e0 l\u2019int\u00e9rieur du b\u00e2timent sont prot\u00e9g\u00e9s \u00e0 titre de risques d\u00e9sign\u00e9s.<\/p>\r\n\r\n\t\t\t\t<p>La couverture compr\u00e9hensive prot\u00e8ge contre tout risque d\u00e9sign\u00e9, \u00e0 l\u2019exception des risques sp\u00e9cifiquement exclus. \u00c9tant donn\u00e9 que les risques exclus diff\u00e8rent de police en police, assurez-vous de passer en revue le libell\u00e9 de votre police pour confirmer les couvertures admissibles pour votre habitation.<\/p>\r\n\r\n\t\t\t\t<p>Les risques couramment exclus sont les suivants\u00a0: <\/p>\r\n\t\t\t\t<ul>\r\n\t\t\t\t\t<li>L\u2019usure<\/li>\r\n\t\t\t\t\t<li>L\u2019inondation<\/li>\r\n\t\t\t\t\t<li>Le tremblement de terre\/glissement de terrain<\/li>\r\n\t\t\t\t\t<li>Les dommages en raison des tuyaux gel\u00e9s<\/li>\r\n\t\t\t\t\t<li>Les incidents nucl\u00e9aires<\/li>\r\n\t\t\t\t\t<li>La guerre<\/li>\r\n\t\t\t\t<\/ul>\r\n\r\n\t\t\t\t\t<p>La couverture risques d\u00e9sign\u00e9s pour les biens meubles varieront d\u2019assureur en assureur. Si vous souscrivez une police formule \u00e9tendue, assurez-vous de confirmer les risques contre lesquels vos biens meubles seront prot\u00e9g\u00e9s. Si vous avez d\u00e9j\u00e0 une police pareille, consultez le libell\u00e9 de votre police.<\/p>\r\n\r\n\t\t\t\t\t<p>Les risques couramment couverts sont les suivants\u00a0:<\/p>\r\n\t\t\t\t\t<ul>\r\n\t\t\t\t\t\t<li>L\u2019incendie<\/li>\r\n\t\t\t\t\t\t<li>La foudre<\/li>\r\n\t\t\t\t\t\t<li>La fum\u00e9e<\/li>\r\n\t\t\t\t\t\t<li>Le vol<\/li>\r\n\t\t\t\t\t\t<li>Les explosions<\/li>\r\n\t\t\t\t\t\t<li>Le courant \u00e9lectrique<\/li>\r\n\t\t\t\t\t\t<li>L\u2019impact d\u2019un a\u00e9ronef ou d\u2019un v\u00e9hicule<\/li>\r\n\t\t\t\t\t\t<li>Les objets tombants<\/li>\r\n\t\t\t\t\t<\/ul>\r\n\r\n\t\t\t\t<p><strong>Vous recherchez une d\u00e9finition en assurance?<\/strong> Consultez notre <a href=\"\/fr\/centres-ressources\/lexique-assurance\" title=\"Centre de ressources : lexique de l'assurance\">Centre de ressources&nbsp;: lexique de l\u2019assurance<\/a> pour acc\u00e9der \u00e0 des d\u00e9finitions faciles \u00e0 comprendre des termes les plus courants de l'assurance. Ensuite, <a href=\"\/fr\/soumission-assurance-habitation-en-ligne\" title=\"Obtenir une soumission d\u2019assurance habitation en ligne\">obtenez une soumission d'assurance habitation en ligne<\/a> en moins de 5\u00a0minutes et d\u00e9couvrez \u00e0 quel point l\u2019assurance habitation personnalis\u00e9e peut \u00eatre abordable.<\/p>\r\n\r\n\t\t\t\t<div class=\"row py-3\">\r\n<div class=\"col-12\">\r\n<div class=\"card review\" style=\"box-shadow: 0 2px 4px rgba(0,0,0,0.07);background-color:#f4f4f4;\">\r\n<div class=\"card-body\">\r\n\t<p class=\"text-primary h4\">\u00c0 propos de l\u2019expert&nbsp;: Daniel Mirkovic<\/p>\r\n\t<p>Cofondateur de Square One comptant plus de 25&nbsp;ans dans le secteur de l\u2019assurance, Daniel \u00e9tait vice-pr\u00e9sident des services d\u2019assurance et de voyage de la British Columbia Automobile Association (BCAA). Daniel est titulaire d'un baccalaur\u00e9at \u00e8s commerce et d'une ma\u00eetrise \u00e8s administration des affaires, tous deux obtenus \u00e0 la Sauder School of Business de l'universit\u00e9 de la Colombie-Britannique. Daniel est muni de la d\u00e9signation CAAC et d\u2019un certificat en assurance de dommages niveau&nbsp;3 en Colombie-Britannique, en Alberta, en Saskatchewan, au Manitoba et en Ontario.<\/p>\r\n<\/div>\r\n<\/div>\r\n<\/div>\r\n<\/div>\r\n\r\n\t\t\t<\/div>\r\n\t\t<\/div>\r\n\t<\/div>\r\n<\/section>\r\n<script type=\"application\/ld+json\">\r\n{\r\n  \"@context\": \"https:\/\/schema.org\",\r\n  \"@graph\": [\r\n    {\r\n      \"@type\": [\"WebPage\", \"DefinedTerm\"],\r\n      \"@id\": \"https:\/\/www.squareone.ca\/fr\/centres-ressources\/lexique-assurance\/formule-etendue\",\r\n      \"url\": \"https:\/\/www.squareone.ca\/fr\/centres-ressources\/lexique-assurance\/formule-etendue\",\r\n      \"inLanguage\": \"fr-CA\",\r\n      \"isAccessibleForFree\": true,\r\n      \"name\": \"Formule \u00e9tendue\",\r\n      \"description\": \"Un type de police d\u2019assurance habitation offrant une couverture compr\u00e9hensive du logement assur\u00e9 et une couverture risques d\u00e9sign\u00e9s pour les biens.\",\r\n      \"inDefinedTermSet\": {\r\n        \"@type\": \"DefinedTermSet\",\r\n        \"name\": \"Lexique de l\u2019assurance de Square One\",\r\n        \"url\": \"https:\/\/www.squareone.ca\/fr\/centres-ressources\/lexique-assurance\"\r\n      },\r\n      \"publisher\": {\r\n        \"@id\": \"https:\/\/www.squareone.ca\/fr\"\r\n      },\r\n      \"author\": {\r\n        \"@id\": \"#seamus-mckale\"\r\n      },\r\n      \"reviewedBy\": {\r\n        \"@id\": \"https:\/\/www.squareone.ca\/fr\/a-propos-de-nous\/experts\/daniel-mirkovic#person\"\r\n      }\r\n    },\r\n    {\r\n      \"@type\": \"InsuranceAgency\",\r\n      \"@id\": \"https:\/\/www.squareone.ca\/fr\",\r\n      \"name\": \"Assurances Square One\",\r\n      \"url\": \"https:\/\/www.squareone.ca\/fr\",\r\n      \"logo\": \"https:\/\/cdn.squareone.ca\/wp-content\/uploads\/2021\/04\/09094743\/square-one-logomark-default-md-1.png\",\r\n      \"address\": {\r\n        \"@type\": \"PostalAddress\",\r\n        \"streetAddress\": \"1410-650 W Georgia St\",\r\n        \"addressLocality\": \"Vancouver\",\r\n        \"addressRegion\": \"BC\",\r\n        \"postalCode\": \"V6B 4N8\",\r\n        \"addressCountry\": \"CA\"\r\n      },\r\n      \"telephone\": \"+1-855-331-6933\",\r\n      \"areaServed\": [\"BC\", \"AB\", \"SK\", \"MB\", \"ON\", \"QC\"],\r\n      \"feesAndCommissionsSpecification\": \"https:\/\/www.squareone.ca\/fr\/transparence\"\r\n    },\r\n    {\r\n      \"@type\": \"Person\",\r\n      \"@id\": \"#seamus-mckale\",\r\n      \"name\": \"Seamus McKale\",\r\n      \"url\": \"https:\/\/www.squareone.ca\/fr\/a-propos-de-nous\/membres-equipe#seamus-mckale\",\r\n      \"description\": \"Seamus a 15 ans d\u2019exp\u00e9rience en marketing, avec sp\u00e9cialisation en publicit\u00e9 multim\u00e9dia, r\u00e9daction technique et contenu sur l\u2019assurance personnelle.\",\r\n      \"jobTitle\": \"Sp\u00e9cialiste de marketing de contenu\",\r\n      \"worksFor\": {\r\n        \"@id\": \"https:\/\/www.squareone.ca\/fr\"\r\n      },\r\n      \"hasCredential\": [\r\n        {\r\n          \"@type\": \"EducationalOccupationalCredential\",\r\n          \"name\": \"Certificat en assurance de dommages de la C.-B., niveau 1\"\r\n        },\r\n        {\r\n          \"@type\": \"EducationalOccupationalCredential\",\r\n          \"name\": \"Certificat en assurance de dommages de l\u2019Ontario\"\r\n        }\r\n      ],\r\n      \"knowsAbout\": [\r\n        \"Marketing\",\r\n        \"Publicit\u00e9 multim\u00e9dia\",\r\n        \"R\u00e9daction technique\",\r\n        \"Assurance des particuliers\"\r\n      ],\r\n      \"sameAs\": [\r\n        \"https:\/\/www.linkedin.com\/in\/seamus-m-83801a2b\/\"\r\n      ]\r\n    },\r\n    {\r\n      \"@type\": \"Person\",\r\n      \"@id\": \"https:\/\/www.squareone.ca\/fr\/a-propos-de-nous\/experts\/daniel-mirkovic#person\",\r\n      \"name\": \"Daniel Mirkovic\",\r\n      \"url\": \"https:\/\/www.squareone.ca\/fr\/a-propos-de-nous\/experts\/daniel-mirkovic\",\r\n      \"description\": \"Daniel poss\u00e8de de vastes connaissances en assurance, acquises au cours de plus de 25 ans d\u2019exprience dans le secteur.\",\r\n      \"jobTitle\": \"Cofondateur et PDG\",\r\n      \"worksFor\": {\r\n        \"@id\": \"https:\/\/www.squareone.ca\/fr\"\r\n      },\r\n      \"alumniOf\": {\r\n        \"@type\": \"CollegeOrUniversity\",\r\n        \"name\": \"Sauder School of Business at the University of British Columbia\"\r\n      },\r\n      \"hasCredential\": [\r\n        {\r\n          \"@type\": \"EducationalOccupationalCredential\",\r\n          \"name\": \"Courtier d\u2019assurance agr\u00e9\u00e9 du Canada (CAAC)\"\r\n        },\r\n        {\r\n          \"@type\": \"EducationalOccupationalCredential\",\r\n          \"name\": \"Certificat en assurance de dommages, niveau 3 (BC, AB, SK, MB, ON)\"\r\n        }\r\n      ],\r\n      \"knowsAbout\": [\r\n        \"Assurance propri\u00e9taire occupant\",\r\n        \"Assurance locataire\",\r\n        \"Assurance copropri\u00e9taire\",\r\n        \"Assurance auto\",\r\n        \"Assurance automobile de collection\",\r\n        \"Assurance maladie\",\r\n        \"Assurance-vie\",\r\n        \"L\u2019assurance invalidit\u00e9 de longue dur\u00e9e\",\r\n        \"Assurance v\u00e9t\u00e9rinaire\",\r\n        \"Assurance-voyage\",\r\n        \"Planification d\u2019affaires et strat\u00e9gique\",\r\n        \"Publicit\u00e9 s'adressant directement aux consommateurs\",\r\n        \"D\u00e9veloppement des produits\",\r\n        \"Conception de l\u2019exp\u00e9rience des utilisateurs\"\r\n      ],\r\n      \"sameAs\": [\r\n        \"https:\/\/www.linkedin.com\/in\/danielmirkovic\"\r\n      ]\r\n    },\r\n    {\r\n      \"@type\": \"FAQPage\",\r\n      \"mainEntity\": [\r\n        {\r\n          \"@type\": \"Question\",\r\n          \"name\": \"Qu\u2019est-ce que l\u2019assurance formule \u00e9tendue?\",\r\n          \"acceptedAnswer\": {\r\n            \"@type\": \"Answer\",\r\n            \"text\": \"Les polices formule \u00e9tendue r\u00e9unissent la protection \u00e9tendue d\u2019une police compr\u00e9hensive contre les \u00e9conomies offertes par une police risques d\u00e9sign\u00e9s. Les polices formule \u00e9tendue offrent une couverture compr\u00e9hensive pour le logement et une couverture de risques d\u00e9sign\u00e9s pour les biens.\"\r\n          }\r\n        },\r\n        {\r\n          \"@type\": \"Question\",\r\n          \"name\": \"Quelles sont les couvertures dans une police d\u2019assurance formule \u00e9tendue?\",\r\n          \"acceptedAnswer\": {\r\n            \"@type\": \"Answer\",\r\n            \"text\": \"Les polices d\u2019assurance formule \u00e9tendue offrent une protection compr\u00e9hensive pour le b\u00e2timent. Les biens \u00e0 l\u2019int\u00e9rieur du b\u00e2timent sont prot\u00e9g\u00e9s \u00e0 titre de risques d\u00e9sign\u00e9s. La couverture compr\u00e9hensive prot\u00e8ge contre tout risque d\u00e9sign\u00e9, \u00e0 l\u2019exception des risques sp\u00e9cifiquement exclus. \u00c9tant donn\u00e9 que les risques exclus diff\u00e8rent de police en police, assurez-vous de passer en revue le libell\u00e9 de votre police pour confirmer les couvertures admissibles pour votre habitation. La couverture de biens meubles contre les risques d\u00e9sign\u00e9s variera d\u2019assureur en assureur. Si vous souscrivez une police formule \u00e9tendue, assurez-vous de confirmer les risques contre lesquels vos biens meubles seront prot\u00e9g\u00e9s. Si vous avez d\u00e9j\u00e0 une police pareille, consultez le libell\u00e9 de votre police.\"\r\n          }\r\n        }\r\n      ]\r\n    }\r\n  ]\r\n}\r\n<\/script>\r\n","protected":false},"excerpt":{"rendered":"<p>Formule \u00e9tendue Article \u00e9valu\u00e9 par Daniel Mirkovic Nom formule \u00e9tendue | b\u0281\u0254a f\u0254\u0281m D\u00e9finition\u00a0: un type de police d\u2019assurance habitation offrant une couverture compr\u00e9hensive du logement assur\u00e9 et une couverture risques d\u00e9sign\u00e9s pour les biens. Le courtier en assurance de Tanya a recommand\u00e9 l\u2019assurance formule \u00e9tendue pour sa maison de vacances. Th\u00e8mes Qu\u2019est-ce que l\u2019assurance [&hellip;]<\/p>\n","protected":false},"author":2,"featured_media":0,"parent":53157,"menu_order":0,"comment_status":"closed","ping_status":"closed","template":"page-article-new.php","meta":{"_acf_changed":false,"footnotes":""},"class_list":["post-63401","page","type-page","status-publish","hentry"],"acf":[],"_links":{"self":[{"href":"https:\/\/www.squareone.ca\/fr\/wp-json\/wp\/v2\/pages\/63401","targetHints":{"allow":["GET"]}}],"collection":[{"href":"https:\/\/www.squareone.ca\/fr\/wp-json\/wp\/v2\/pages"}],"about":[{"href":"https:\/\/www.squareone.ca\/fr\/wp-json\/wp\/v2\/types\/page"}],"author":[{"embeddable":true,"href":"https:\/\/www.squareone.ca\/fr\/wp-json\/wp\/v2\/users\/2"}],"replies":[{"embeddable":true,"href":"https:\/\/www.squareone.ca\/fr\/wp-json\/wp\/v2\/comments?post=63401"}],"version-history":[{"count":12,"href":"https:\/\/www.squareone.ca\/fr\/wp-json\/wp\/v2\/pages\/63401\/revisions"}],"predecessor-version":[{"id":77651,"href":"https:\/\/www.squareone.ca\/fr\/wp-json\/wp\/v2\/pages\/63401\/revisions\/77651"}],"up":[{"embeddable":true,"href":"https:\/\/www.squareone.ca\/fr\/wp-json\/wp\/v2\/pages\/53157"}],"wp:attachment":[{"href":"https:\/\/www.squareone.ca\/fr\/wp-json\/wp\/v2\/media?parent=63401"}],"curies":[{"name":"wp","href":"https:\/\/api.w.org\/{rel}","templated":true}]}}