{"id":63434,"date":"2023-08-02T14:12:27","date_gmt":"2023-08-02T21:12:27","guid":{"rendered":"https:\/\/www.squareone.ca\/electromenagers-dangers-et-conseils-de-securite"},"modified":"2025-09-25T15:00:27","modified_gmt":"2025-09-25T22:00:27","slug":"electromenagers-dangers-et-conseils-de-securite","status":"publish","type":"page","link":"https:\/\/www.squareone.ca\/fr\/centres-ressources\/securite-domiciliaire-personnelle\/electromenagers-dangers-et-conseils-de-securite","title":{"rendered":"Risques des \u00e9lectrom\u00e9nagers et conseils de s\u00e9curit\u00e9"},"content":{"rendered":"<section id='intro' class=\"bg-shape-split bg-sub-page-hero\">\r\n    <div class=\"bg-position\">\r\n        <div class=\"container-fluid\">\r\n            <div class=\"row align-items-center\">\r\n                <div class=\"col-12 col-lg-8\">\r\n                    <h1>Risques des \u00e9lectrom\u00e9nagers et conseils de s\u00e9curit\u00e9<\/h1>\r\n <strong>Article r\u00e9dig\u00e9 par l'\u00e9quipe de Square One<\/strong>\r\n                    <p><strong>\u00c9valu\u00e9 par <a title=\"Expert : Jason Plante\" href=\"https:\/\/www.squareone.ca\/fr\/a-propos-de-nous\/experts#appliance\">Jason Plante<\/a><\/strong><\/p> \r\n                    <p class=\"pb-4\" style=\"margin-top:-24px\">Mis \u00e0 jour le 18 juin 2023<\/p>\r\n                <\/div>\r\n            <\/div>\r\n\r\n            <div class=\"row\">\r\n                <div class=\"col-lg-8\">\r\n                    <p class=\"display-4\">Les \u00e9lectrom\u00e9nagers sont des aides pratiques \u00e0 la maison. Que vous pr\u00e9pariez le souper, nettoyiez apr\u00e8s ou fassiez le linge, vous pouvez compter sur votre r\u00e9frig\u00e9rateur, cuisini\u00e8re, lave-vaisselle, laveuse et s\u00e9cheuse pour vous aider \u00e0 r\u00e9aliser vos t\u00e2ches domestiques.<\/p>\r\n                    <p class=\"pt-2\"><img decoding=\"async\" src=\"https:\/\/cdn.squareone.ca\/wp-content\/uploads\/2021\/10\/05132209\/Household-Appliance-Dangers-Prevention-Tips.jpg\" alt=\"Une femme lit un document pendant qu'un entrepreneur r\u00e9pare un four au fond\" width=\"248px\"  class=\"img-fluid\" rel=\"noopener noreferrer\" \/><\/p>\r\n                <\/div>\r\n\r\n                <div class=\"col-lg-3 offset-lg-1\">          \r\n                    <p class=\"mb-2 display-4 pt-4 pt-lg-0 pt-mb-0\"><strong>Th\u00e8mes<\/strong><\/p>\r\n                        <ul class=\"list-unstyled link-list display-4\">\r\n                            <li><a href='#Basics'>Les bases de la s\u00e9curit\u00e9 des \u00e9lectrom\u00e9nagers<\/a><\/li>\r\n                            <li><a href='#Cook-with-care'>Cuisinez en toute s\u00e9curit\u00e9<\/a><\/li>\r\n                            <li><a href='#Dryer-fire'>Emp\u00eachez un incendie de s\u00e9cheuse<\/a><\/li>\r\n                            <li><a href='#Microwave'>Surveillance du micro-ondes<\/a><\/li>\r\n                        <\/ul>\r\n                <\/div>\r\n            <\/div>  \r\n        <\/div>\r\n    <\/div>\r\n    <div class=\"bg-bottom\"><\/div>\r\n<\/section>\r\n\r\n<section>\r\n    <div class=\"container-fluid py-6\">\r\n        <div class=\"row\">\r\n            <div class=\"col-12 col-lg-8\">\r\n\r\n\t\t\t<h2 id=\"Basics\">Les bases de la s\u00e9curit\u00e9 des \u00e9lectrom\u00e9nagers<\/h2>\r\n            <p>Les \u00e9lectrom\u00e9nagers sont bien plus que des assistants vous aidant \u00e0 r\u00e9aliser vos t\u00e2ches m\u00e9nag\u00e8res. Ils sont des machines aliment\u00e9es par l\u2019\u00e9lectricit\u00e9. G\u00e9n\u00e9ralement, ils fonctionnent sans heurt, mais ils posent des risques si vous ne les entretenez pas ou ne les utilisez pas correctement. <\/p>\r\n            <p>Le danger principal des \u00e9lectrom\u00e9nagers c\u2019est l\u2019incendie. Le feu se propage rapidement et sans avertissement, et peut provoquer des dommages corporels et mat\u00e9riels, voire la mort. Il est important de conna\u00eetre les mesures s\u00e9curitaires appropri\u00e9es lorsque vous utilisez les \u00e9lectrom\u00e9nagers.<\/p>\r\n                <img decoding=\"async\" loading=\"lazy\" src=\"https:\/\/cdn.squareone.ca\/wp-content\/uploads\/2016\/10\/14063534\/fixing-refrigerator.jpg\" title=\"Un homme r\u00e9pare un r\u00e9frig\u00e9rateur\" alt=\"\u00c0 l'aide d'une torche, un homme examine les composants int\u00e9rieurs d\u2019un r\u00e9frig\u00e9rateur\" width=\"800\" height=\"533\" class=\"img-fluid mb-5\" \/>\t\t\r\n            <p>Il y a des r\u00e8gles g\u00e9n\u00e9rales \u00e0 suivre pour exploiter les \u00e9lectrom\u00e9nagers et les appareils \u00e9lectriques\u00a0:<\/p>\r\n\r\n            <ul>\r\n                <li><p><strong>\u00c9vitez l\u2019eau.<\/strong> Il ne faut pas utiliser ou entreposer vos \u00e9lectrom\u00e9nagers dans un endroit humide. \u00c9vitez les lavabos, par exemple, ainsi que les sous-sols et les garages, car l\u2019eau a tendance \u00e0 s\u2019y accumuler.<\/p><\/li>\r\n                <li><p><strong>Utilisez les bonnes prises de courant.<\/strong> Ne branchez pas les prises \u00e9lectriques \u00e0 des prises de courant qui ne sont pas cens\u00e9es les accommoder. Si vous avez une prise triphas\u00e9e, il faut la brancher \u00e0 une prise de courant triphas\u00e9e.<\/p><\/li>\r\n                <li><p><strong>Chocs et \u00e9tincelles.<\/strong> Si l\u2019un de vos \u00e9lectrom\u00e9nagers vous donne un choc ou fait des \u00e9tincelles quand vous l\u2019utilisez ou le d\u00e9branchez, remplacez-le ou r\u00e9parez-le imm\u00e9diatement. Les \u00e9tincelles et les chocs sont des sympt\u00f4mes d\u2019un probl\u00e8me \u00e9lectrique dangereux.<\/p><\/li>\r\n                <li><p><strong>V\u00e9rifiez vos c\u00e2bles.<\/strong> Soyez prudent lorsque vous utilisez les rallonges. S\u2019ils sont effiloch\u00e9s ou fissur\u00e9s, jetez-les. Pour les \u00e9lectrom\u00e9nagers majeurs, utilisez des rallonges \u00e0 usage industriel con\u00e7ues \u00e0 g\u00e9rer l\u2019intensit\u00e9 du courant. Les rallonges ne devraient jamais \u00eatre chaudes au toucher.<\/p><\/li>\r\n                <li><p><strong>V\u00e9rifiez et v\u00e9rifiez encore.<\/strong> V\u00e9rifiez vos c\u00e2bles r\u00e9guli\u00e8rement\u00a0: soyez \u00e0 l\u2019aff\u00fbt des prises de courant qui ne fonctionnent pas, des lumi\u00e8res qui clignotent et des interrupteurs qui sont chauds au toucher. Si vous en trouvez, consultez un \u00e9lectricien.<\/p><\/li>\r\n                <li><p><strong>C\u00e2blage appropri\u00e9.<\/strong> N\u2019utilisez pas les rallonges \u00e0 titre de c\u00e2blage permanent. \u00c0 la place, consultez un \u00e9lectricien professionnel qui pourrait installer des prises de courant ou circuits suppl\u00e9mentaires.<\/p><\/li>\r\n                <li><p><strong>Usage industriel.<\/strong> Pour de la s\u00e9curit\u00e9 suppl\u00e9mentaire, prenez en consid\u00e9ration une rallonge test\u00e9e en laboratoire \u00e9quip\u00e9e des disjoncteurs int\u00e9gr\u00e9s qui s\u2019\u00e9teignent en cas de surcharge.<\/p><\/li>\r\n            <\/ul>\r\n\r\n\r\n            <h2 id=\"Cook-with-care\">Cuisinez avec soin<\/h2>\r\n                <img decoding=\"async\" loading=\"lazy\" src=\"https:\/\/cdn.squareone.ca\/wp-content\/uploads\/2016\/10\/14063537\/home-fire.jpg\" title=\"Incendie \u00e0 la maison\" alt=\"Des pompiers luttent contre un incendie \u00e0 l\u2019aide d\u2019un tuyau \u00e0 incendie avec de la fum\u00e9e et des flammes visibles sur le toit\" width=\"800\" height=\"533\" class=\"img-fluid mb-5\" \/>\r\n            <ul>\r\n                <li><p><strong>Nettoyage imm\u00e9diat.<\/strong> Nettoyez imm\u00e9diatement de la cuisini\u00e8re toute substance inflammable, comme la graisse ou l\u2019huile. Ne rangez pas des objets inflammables, comme les gants protecteurs ou les tabliers, \u00e0 proximit\u00e9 de la cuisini\u00e8re.<\/p><\/li> \r\n                <li><p><strong>Habillez-vous pour l\u2019occasion.<\/strong> Habillez-vous pour la cuisson, en vous assurant que vos v\u00eatements ne prennent pas feu en retroussant vos manches et en rentrant vos pans de chemise. Vous avez int\u00e9r\u00eat \u00e0 porter des chaussures, au cas o\u00f9 vous renversez des liquides chaudes.<\/p><\/li>\r\n                <li><p><strong>Gardez un oeil sur la cuisini\u00e8re.<\/strong> Surveillez attentivement la cuisini\u00e8re pendant la cuisson, afin d\u2019emp\u00eacher les renversements qui peuvent provoquer le feu. Assurez-vous de retourner les queues des casseroles vers l\u2019int\u00e9rieur pour emp\u00eacher que quelqu\u2019un se heurte contre elles. <\/p><\/li>\r\n                <li><p><strong>\u00c9vitez l\u2019a\u00e9rosol.<\/strong> Bien que certains produits alimentaires viennent sous forme a\u00e9rosol, il ne faut jamais pulv\u00e9riser de l\u2019a\u00e9rosol \u00e0 proximit\u00e9 d\u2019une flamme nue en raison du risque de feu.<\/p><\/li>\r\n            <\/ul>\r\n\t\t\t\r\n\t\t\t            <\/div>\r\n        <\/div>\r\n    <\/div>\r\n<\/section>\r\n\r\n\t<section class=\"bg-transparent\">\n\t\t<img decoding=\"async\" src=\"\/sales\/images\/bgs\/bg-mid-page-cta-general-top.svg\" style=\"width: 100%; vertical-align: bottom; position: relative; top: 1px\"\/>\n\t\t\n\t\t<div class=\"bg-darkTeal py-3\">\t\t\t\n\t\t\t<div class=\"container-fluid\">\n\t\t\t\t<div class=\"row d-flex align-items-center pb-5\">\n\t\t\t\t\t<div class=\"col-12 col-md-8 offset-md-2 px-lg-5 pb-5 pb-lg-0\">\n\t\t\t\t\t\t<div class=\"h6 mb-4 text-primary text-uppercase text-center\">\n\t\t\t\t\t\t\tCela ne prend que 5\u00a0minutes \n\t\t\t\t\t\t<\/div>\t\t\n\t\t\t\t\t\t\t\t\t\t\t\n\t\t\t\t\t\t<p class=\"lead px-lg-5 text-white\">\n\t\t\t\t\t\t\t<strong class=\"d-inline-block text-uc-first\">Pr\u00eat \u00e0 obtenir une soumission en ligne? <\/strong> Votre temps est aussi pr\u00e9cieux que vos possessions. Obtenez une soumission d'assurance habitation en <strong>5 minutes<\/strong>. C\u2019est moins de temps qu\u2019il n\u2019en faut pour faire la file pour un caf\u00e9.\n\t\t\t\t\t\t<\/p>\t\t\t\n\t\n\t\t\t\t\t\t<div id=\"sq1-qw-471a4c35f622\" class=\"sq1-quote-widget mb-4 text-white\" data-quote-widget-type=\"HOME\" data-has-custom-text=\"true\">\n\t\t\t\t\t\t\t<div class=\"input-group input-group-focus-within bg-white my-4\">\n\t\t\t\t\t\t\t\t<div>\n\t\t\t\t\t\t\t\t\t<div class=\"input-group-text\">\n\t\t\t\t\t\t\t\t\t\t<i class=\"fa fa-map-marker d-block text-black\"><\/i>\n\t\t\t\t\t\t\t\t\t<\/div>\n\t\t\t\t\t\t\t\t<\/div>\n\t\t\t\t\t\t\t\t<input type=\"text\" class=\"form-control\" style=\"padding: 10px;\" placeholder=\"Enter an address\" aria-label=\"Inscrivez votre adresse pour obtenir une soumission\"\/>\n\t\t\t\t\t\t\t\t<div>\n\t\t\t\t\t\t\t\t\t<button class=\"btn btn-primary\">Obtenir une soumission en ligne d\u00e8s maintenant<\/button>\n\t\t\t\t\t\t\t\t<\/div>\n\t\t\t\t\t\t\t<\/div>\n\t\t\t\t\t\t<\/div>\n\t\t\t\t\t\t\n\t\t\t\t\t\t<p class=\"small text-white\">Avant de commencer, veuillez lire notre <a href=\"https:\/\/www.squareone.ca\/fr\/politique-confidentialite\" target=\"_blank\" rel=\"noreferrer noopener\">Politique de confidentialit\u00e9<\/a> et nos <a href=\"https:\/\/www.squareone.ca\/fr\/conditions-utilisation\" target=\"_blank\" rel=\"noreferrer noopener\">Conditions d\u2019utilisation<\/a>.<\/p>\t\n\t\n\t\t\t\t\t\t<script type=\"text\/javascript\">\n\t\t\t\t\t\t(function() {\n\t\t\t\t\t\t\tdocument.addEventListener('soiMiscJsLoaded', function() {\n\t\t\t\t\t\t        $(document).ready(function() {\n\t\t\t\t\t\t\t\t\tsoiQuoteWidget.processFormWidget('\/sales\/index.php\/json_quote_widget?rand=' +Math.random(), 'qwContainer'); \/\/populate quoting widget with content from symfony.\n\t\t\t\t\t\t\t\t});\n\t\t\t\t\t\t\t});\n\t\t\t\t\t\t})();\n\t\t\t\t\t\t<\/script>\n\t\t\t\t\t<\/div>\n\t\t\t\t<\/div>\n\t\t\t<\/div>\n\t\t<\/div>\n\t\t\n\t\t<img decoding=\"async\" src=\"\/sales\/images\/bgs\/bg-mid-page-cta-general-bottom.svg\" style=\"width: 100%; vertical-align: top\"\/>\t\t\n\t<\/section>\r\n\r\n<section>\r\n    <div class=\"container-fluid py-6\">\r\n        <div class=\"row\">\r\n            <div class=\"col-12 col-lg-8\">\r\n\r\n\r\n            <h2 id=\"Dryer-fire\">Emp\u00eachez un incendie de s\u00e9cheuse<\/h2>\r\n                <img decoding=\"async\" loading=\"lazy\" src=\"https:\/\/cdn.squareone.ca\/wp-content\/uploads\/2016\/10\/14063620\/repair-dryer.jpg\" title=\"R\u00e9paration de la s\u00e9cheuse pour emp\u00eacher l\u2019incendie\" alt=\"Un technicien muni d\u2019une cl\u00e9 \u00e0 molette examine l\u2019int\u00e9rieur d\u2019une s\u00e9cheuse \u00e0 chargement frontal\" width=\"800\" height=\"533\" class=\"img-fluid mb-5\" \/>\r\n            <ul>\r\n                <li><p><strong>Faites appel \u00e0 un professionnel.<\/strong> Faites installer et entretenir votre s\u00e9cheuse par un professionnel.<\/p><\/li>\r\n                <li><p><strong>Filtre \u00e0 charpie.<\/strong> N\u2019oubliez pas de mettre le filtre \u00e0 charpie avant d\u2019utiliser la s\u00e9cheuse. Videz-le apr\u00e8s chaque utilisation, car la charpie peut causer le feu. Il faut \u00e9galement enlever la charpie dans le tambour de s\u00e9cheuse.<\/p><\/li>\r\n                <li><p><strong>Ventilation.<\/strong> V\u00e9rifiez le tuyau de ventilation de la s\u00e9cheuse. Assurez-vous que la bande de ventilation n\u2019est pas obstru\u00e9 et qu\u2019elle s\u2019ouvre compl\u00e8tement pendant que la s\u00e9cheuse est en marche. Enlevez la charpie du tuyau de ventilation tous les ans.<\/p><\/li>\r\n                <li><p><strong>V\u00e9rifiez les lignes de branchement.<\/strong> Si vous avez une s\u00e9cheuse \u00e0 gaz, assurez-vous que la ligne de gaz et la ligne de branchement sont intactes et qu\u2019il n\u2019y a pas de fuites.<\/p><\/li>\r\n                <li><p><strong>Faites attention \u00e0 ce que vous mettez dans la s\u00e9cheuse.<\/strong> Ne mettez jamais dans la s\u00e9cheuse des v\u00eatements qui ont \u00e9t\u00e9 en contact avec des substances inflammables, comme le diluant pour peintures, l\u2019huile \u00e0 friture, l\u2019essence ou l\u2019alcool.<\/p><\/li>\r\n                <li><p><strong>Soyez pr\u00e9sent.<\/strong> N\u2019exploitez pas la s\u00e9cheuse si vous vous absentez de la maison ou durant la nuit pendant que vous dormez. Vous ne voulez pas qu\u2019un incendie se produise.<\/p><\/li>\r\n            <\/ul>\r\n\r\n\r\n            <h2 id=\"Microwave\">Surveillance du four \u00e0 micro-ondes<\/h2>\r\n            <p>Les micro-ondes ne sont pas des \u00e9lectrom\u00e9nagers majeurs, comme une cuisini\u00e8re ou un r\u00e9frig\u00e9rateur. N\u00e9anmoins, \u00e9tant donn\u00e9 qu\u2019on les utilise pour la cuisson, ces appareils pr\u00e9sentent certains risques. Voici quelques conseils pour emp\u00eacher les accidents de micro-ondes\u00a0:<\/p>\r\n\r\n            <ul>\r\n                <li><p><strong>Fermez la porte.<\/strong> N\u2019exploitez pas le micro-ondes si la porte est endommag\u00e9e ou d\u00e9form\u00e9e et ne se ferme pas correctement.<\/p><\/li>\r\n                <li><p><strong>Pas trop chaud.<\/strong> Ne surchauffez pas les liquides. Des liquides surchauff\u00e9es peuvent \u00e9clater et vous br\u00fbler.<\/p><\/li>\r\n                <li><p><strong>\u00c9vitez le m\u00e9tal.<\/strong> Ne mettez pas dans le micro-ondes des ustensiles et des casseroles m\u00e9talliques ou le papier aluminium, car ces objets provoqueront des arcs de puissance qui peuvent causer un incendie.<\/p><\/li>\r\n            <\/ul>\r\n\r\n            <p>Nous voulions pas vous accabler d\u2019une foule de r\u00e8gles \u00e0 suivre, mais elles sont bas\u00e9es sur les mauvaises exp\u00e9riences des autres. Nous esp\u00e9rons que vous ne fassiez pas les m\u00eames erreurs avec vos \u00e9lectrom\u00e9nagers. Soyez prudent!<\/p>\r\n\t\t\t\r\n            <p><strong>Vous voulez en savoir plus?<\/strong> Consultez notre <a href=\"\/fr\/centres-ressources\/securite-domiciliaire-personnelle\" title=\"Centre de ressources : s\u00e9curit\u00e9 domiciliaire et personnelle\">Centre de ressources&nbsp;: s\u00e9curit\u00e9 domiciliaire et personnelle<\/a> pour d\u00e9couvriri comment prot\u00e9ger votre famille et votre domicile. Ensuite, <a href=\"\/fr\/soumission-assurance-habitation-en-ligne\" title=\"Obtenir une soumission d\u2019assurance habitation en ligne\">obtenez une soumission d'assurance habitation en ligne<\/a> en moins de 5\u00a0minutes et d\u00e9couvrez \u00e0 quel point l\u2019assurance habitation personnalis\u00e9e peut \u00eatre abordable.<\/p>\r\n\r\n            <div class=\"row py-3\">\r\n<div class=\"col-12\">\r\n<div class=\"card review\" style=\"box-shadow: 0 2px 4px rgba(0,0,0,0.07);background-color:#f4f4f4;\">\r\n<div class=\"card-body\">\r\n    <p class=\"text-primary h4\">\u00c0 propos de l\u2019expert&nbsp;: Jason Plante<\/p>\r\n    <p>Directeur de l\u2019exploitation de Priority Appliance Service Ltd., Jason g\u00e8re une \u00e9quipe de personnel et de techniciens d\u00e9vou\u00e9s. Avant de se joindre \u00e0 Priority, Jason Plante a obtenu une vaste exp\u00e9rience en logistique, en am\u00e9lioration des processus et en analyse des donn\u00e9es. Qui plus est, il a aid\u00e9 \u00e0 b\u00e2tir une compagnie de technologie financi\u00e8re \u00e0 succ\u00e8s, une compagnie qui est pass\u00e9e de 18 \u00e0 plus de 200&nbsp;employees, avant son acquisition par PayPal.<\/p>\r\n<\/div>\r\n<\/div>\r\n<\/div>\r\n<\/div>\r\n\r\n<\/div>\r\n    <\/div>\r\n<\/div>\r\n<\/section>\r\n<script type=\"application\/ld+json\">\r\n{\r\n  \"@context\": \"https:\/\/schema.org\",\r\n  \"@type\": \"WebPage\",\r\n  \"mainEntityOfPage\": {\r\n    \"@type\": \"Article\",\r\n    \"@id\": \"https:\/\/www.squareone.ca\/fr\/centres-ressources\/securite-domiciliaire-personnelle\/electromenagers-dangers-et-conseils-de-securite\"\r\n  },\r\n  \"author\": [\r\n    {\r\n      \"@type\": \"Person\",\r\n      \"name\": \"Square One team\"\r\n    }\r\n  ],\r\n \"reviewedBy\": [\r\n    {\r\n      \"@type\": \"Person\",\r\n      \"name\": \"Jason Plante\",\r\n      \"url\": \"https:\/\/www.squareone.ca\/fr\/a-propos-de-nous\/experts#appliance\"\r\n    }\r\n  ],\r\n  \"headline\": \"Risques des \u00e9lectrom\u00e9nagers et conseils de s\u00e9curit\u00e9\",\r\n  \"datePublished\": \"\",\r\n  \"dateModified\": \"\",\r\n  \"inLanguage\": \"fr-CA\",\r\n  \"isAccessibleForFree\": true\r\n}\r\n<\/script>","protected":false},"excerpt":{"rendered":"<p>Risques des \u00e9lectrom\u00e9nagers et conseils de s\u00e9curit\u00e9 \u00c9valu\u00e9 par Jason Plante Les \u00e9lectrom\u00e9nagers sont des aides pratiques \u00e0 la maison. Que vous pr\u00e9pariez le souper, nettoyiez apr\u00e8s ou fassiez le linge, vous pouvez compter sur votre r\u00e9frig\u00e9rateur, cuisini\u00e8re, lave-vaisselle, laveuse et s\u00e9cheuse pour vous aider \u00e0 r\u00e9aliser vos t\u00e2ches domestiques. Th\u00e8mes Les bases de la [&hellip;]<\/p>\n","protected":false},"author":2,"featured_media":63436,"parent":51337,"menu_order":0,"comment_status":"closed","ping_status":"closed","template":"page-article-new.php","meta":{"_acf_changed":false,"footnotes":""},"class_list":["post-63434","page","type-page","status-publish","has-post-thumbnail","hentry"],"acf":[],"_links":{"self":[{"href":"https:\/\/www.squareone.ca\/fr\/wp-json\/wp\/v2\/pages\/63434","targetHints":{"allow":["GET"]}}],"collection":[{"href":"https:\/\/www.squareone.ca\/fr\/wp-json\/wp\/v2\/pages"}],"about":[{"href":"https:\/\/www.squareone.ca\/fr\/wp-json\/wp\/v2\/types\/page"}],"author":[{"embeddable":true,"href":"https:\/\/www.squareone.ca\/fr\/wp-json\/wp\/v2\/users\/2"}],"replies":[{"embeddable":true,"href":"https:\/\/www.squareone.ca\/fr\/wp-json\/wp\/v2\/comments?post=63434"}],"version-history":[{"count":9,"href":"https:\/\/www.squareone.ca\/fr\/wp-json\/wp\/v2\/pages\/63434\/revisions"}],"predecessor-version":[{"id":77007,"href":"https:\/\/www.squareone.ca\/fr\/wp-json\/wp\/v2\/pages\/63434\/revisions\/77007"}],"up":[{"embeddable":true,"href":"https:\/\/www.squareone.ca\/fr\/wp-json\/wp\/v2\/pages\/51337"}],"wp:featuredmedia":[{"embeddable":true,"href":"https:\/\/www.squareone.ca\/fr\/wp-json\/wp\/v2\/media\/63436"}],"wp:attachment":[{"href":"https:\/\/www.squareone.ca\/fr\/wp-json\/wp\/v2\/media?parent=63434"}],"curies":[{"name":"wp","href":"https:\/\/api.w.org\/{rel}","templated":true}]}}