{"id":63438,"date":"2023-08-03T13:24:33","date_gmt":"2023-08-03T20:24:33","guid":{"rendered":"https:\/\/www.squareone.ca\/centres-ressources\/bases-assurance-conseils\/couvertures-speciales\/assurance-biens-speciaux"},"modified":"2026-03-24T10:03:51","modified_gmt":"2026-03-24T17:03:51","slug":"assurance-biens-speciaux","status":"publish","type":"page","link":"https:\/\/www.squareone.ca\/fr\/centres-ressources\/bases-assurance\/assurance-biens-speciaux","title":{"rendered":"Comment assurer les biens sp\u00e9ciaux"},"content":{"rendered":"<section id='intro' class=\"bg-shape-split bg-sub-page-hero\">\r\n    <div class=\"bg-position\">\r\n        <div class=\"container-fluid\">\r\n            <div class=\"row align-items-center\">\r\n                <div class=\"col-12 col-lg-8\">\r\n                    <h1>Comment assurer les biens sp\u00e9ciaux<\/h1>\r\n <strong>Written by the Square One team<\/strong>\r\n                    <p><strong>\u00c9valu\u00e9 par <a href=\"https:\/\/www.squareone.ca\/about-us\/experts\/daniel-mirkovic\" title=\"Expert : Daniel Mirkovic\">Daniel Mirkovic<\/a><\/strong><\/p>                    \r\n                    <p class=\"pb-4\" style=\"margin-top:-24px\">Mis \u00e0 jour le 18 juin 2024<\/p>\r\n                <\/div>\r\n            <\/div>\r\n\r\n            <div class=\"row\">\r\n                <div class=\"col-lg-8\">\r\n                    <p class=\"display-4\">Votre assurance habitation offre une <a href=\"https:\/\/www.squareone.ca\/contents\" title=\"Assurance biens meubles\">couverture pour vos possessions personnelles<\/a> (aussi appel\u00e9es biens meubles). Dans la plupart des polices d\u2019assurance habitation, le montant de couverture comprend des limitations sp\u00e9cifiques pour certains types de biens. Celles-ci s\u2019appellent \u00ab\u00a0limitations sp\u00e9ciales\u00a0\u00bb ce qui repr\u00e9sente le montant de r\u00e8glement maximum en cas de sinistre.<\/p>\r\n                    <p class=\"display-4\">Lorsqu\u2019il s\u2019agit d\u2019assurance des biens sp\u00e9ciaux, assurez-vous de confirmer ce qui est couvert dans votre police. Lisez la suite pour d\u00e9couvrir tout ce qu\u2019il faut savoir sur les limitations des biens sp\u00e9ciaux en assurance habitation.<\/p>\r\n                    <p class=\"pt-2\"><img loading=\"lazy\" decoding=\"async\" src=\"https:\/\/cdn.squareone.ca\/wp-content\/uploads\/2022\/06\/22203413\/article-bicycle.png\" title=\"Assurer les biens sp\u00e9ciaux\" alt=\"Une bicyclette\" width=\"248\" height=\"165\" class=\"img-fluid\" rel=\"noopener noreferrer\" \/><\/p>\r\n                <\/div>\r\n\r\n                <div class=\"col-lg-3 offset-lg-1\">          \r\n                    <p class=\"mb-2 display-4 pt-4 pt-lg-0 pt-mb-0\"><strong>Th\u00e8mes<\/strong><\/p>\r\n                        <ul class=\"list-unstyled link-list display-4\">\r\n                            <li><a href=\"#Property-with-special-limits\">Les biens comprenant des limitations sp\u00e9ciales<\/a><\/li>\r\n                            <li><a href=\"#Example\">Exemple des bijoux<\/a><\/li>\r\n                            <li><a href=\"#Square-One-Difference\">La diff\u00e9rence Square One<\/a><\/li>\r\n                        <\/ul>\r\n                <\/div>\r\n            <\/div>  \r\n        <\/div>\r\n    <\/div>\r\n    <div class=\"bg-bottom\"><\/div>\r\n<\/section>\r\n\r\n<section>\r\n    <div class=\"container-fluid py-6\">\r\n        <div class=\"row\">\r\n            <div class=\"col-12 col-lg-8\">\r\n\r\n<div class=\"row pb-6\">\r\n                    <div class=\"col-12\">\r\n                        <div class=\"card review\" style='background-color:#FFE0C9'>\r\n                            <div class=\"card-body\">\r\n                                <p class=\"h3\">L&rsquo;essentiel<\/p>\r\n                                <ul class='mb-0'>\r\n                                    <li>Bon nombre de polices d&rsquo;assurance habitation ont des sous-limitations pour certaines cat\u00e9gories de biens sp\u00e9ciaux.<\/li>\r\n                                    <li>Les biens sp\u00e9ciaux comprennent les bijoux, l&rsquo;argenterie, l&rsquo;\u00e9quipement sportif, les objets de collection, les embarcations et l&rsquo;\u00e9quipement d&rsquo;am\u00e9nagement paysager entre autres.<\/li>\r\n                                    <li>Chez Square One, les biens sp\u00e9ciaux sont exclus par d\u00e9faut; vous avez la possibilit\u00e9 de souscrire une limitation personnalis\u00e9e pour chaque cat\u00e9gorie au besoin.<\/li>\r\n                                <\/ul>\r\n                            <\/div>\r\n                        <\/div>\r\n                    <\/div>\r\n                <\/div>            \t\r\n\r\n            <h2 id=\"Property-with-special-limits\">Les biens comprenant des limitations sp\u00e9ciales<\/h2>\r\n\r\n                <p>Les limitations sp\u00e9ciales s\u2019appliquent \u00e0 diverses cat\u00e9gories de biens. Les cat\u00e9gories varient en fonction de l\u2019assureur, mais certaines des cat\u00e9gories de biens sp\u00e9ciaux les plus courants sont les suivantes\u00a0:\r\n\r\n                <ul>\r\n                    <li><p><strong><a href=\"https:\/\/www.squareone.ca\/resource-centres\/insurance-basics\/insuring-jewellery\" title=\"L\u2019assurance est-elle offerte pour les bijoux?\">Bijoux<\/a> et fourrures\u00a0:<\/strong> y compris les bagues de fian\u00e7ailles, les bracelets, les montres, les manteaux de fourrure, etc.<\/p><\/li>\r\n                    <li><p><strong>Argenterie\u00a0:<\/strong> cette cat\u00e9gorie comprend normalement l\u2019argenterie au-del\u00e0 des couverts ordinaires de base, y compris  la vaisselle et les couverts faits d\u2019argent ou d\u2019\u00e9tain, ou tout ensemble orn\u00e9 ou pr\u00e9cieux qui n\u2019est pas utilis\u00e9 quotidiennement, etc.<\/p><\/li>\r\n                    <li><p><strong>\u00c9quipement sportif\u00a0:<\/strong> y compris les skis, les raquettes de tennis, les b\u00e2tons et balles de golf, les raquettes, etc.<\/p><\/li>\r\n                    <li><p><strong>Collections de monnaie, de timbres et autres.<\/strong><\/p><\/li>\r\n                    <li><p><strong><a href=\"https:\/\/www.squareone.ca\/resource-centres\/insurance-basics\/insuring-cell-phone-laptop-smartwatch\" title=\"Comment assurer les t\u00e9l\u00e9phones cellulaires, les portables et les montres intelligentes?\">Ordinateurs et t\u00e9l\u00e9phones cellulaires<\/a>.<\/strong><\/p><\/li>\r\n                    <li><p><strong><a href=\"https:\/\/www.squareone.ca\/resource-centres\/insurance-basics\/home-based-business-insurance\" title=\"Existe-t-il une assurance pour les entreprises \u00e0 domicile?\">Biens \u00e0 usage professionnel<\/a>\u00a0:<\/strong> y compris les livres, les fournitures d\u2019outils et les biens utilis\u00e9s en lien avec une source de revenu.<\/p><\/li>\r\n                    <li><p><strong>Embarcations\u00a0:<\/strong> y compris les kayaks, les cano\u00ebs, etc.<\/p><\/li>\r\n                    <li><p><strong>Appareils photos\u00a0:<\/strong> y compris leurs accessoires, les lentilles, les tr\u00e9pieds, les filtres, les sacs, les batteries, les chargeurs, les cartes m\u00e9moire, etc.<\/p><\/li>\r\n                    <li><p><strong>Bicyclettes\u00a0:<\/strong> y compris leurs accessoires, les casques, les ordinateurs de cyclisme, les outils, etc.<\/p><\/li>\r\n                    <li><p><strong>\u00c9quipement d\u2019am\u00e9nagement paysager\u00a0:<\/strong> y compris les tondeuses et les outils de jardinage et d\u2019am\u00e9nagement paysager, etc.<\/p><\/li>\r\n                <\/ul>\r\n\r\n                <p>Vous devriez toujours lire votre police d\u2019assurance habitation pour d\u00e9terminer quels types de biens sont assujettis \u00e0 des limitations sp\u00e9ciales et les comparer aux biens que vous poss\u00e9dez. Souvent, vous devrez <a href=\"https:\/\/www.squareone.ca\/resource-centres\/insurance-glossary\/endorsement\" title=\"Definition: Endorsement\">augmenter ces sous-limitations<\/a> (moyennant des frais suppl\u00e9mentaires) pour s\u2019assurer que vous avez une couverture compl\u00e8te pour le co\u00fbt de remplacement de tous vos biens meubles.<\/p>\r\n\r\n                <h2 id=\"Example\">Exemple de biens sp\u00e9ciaux<\/h2>\r\n\r\n                <p>Prenons l\u2019exemple des bijoux. Traditionnellement, les polices d\u2019assurance habitation comprennent automatiquement la couverture pour les bijoux, que vous le vouliez ou non. Toutefois, elle est assujettie \u00e0 une limitation.<\/p> \r\n\r\n                <p>Admettons que la limitation des bijoux soit 6\u00a0000\u00a0$, mais vous avez plusieurs bijoux d\u2019une valeur totale de 20\u00a0000\u00a0$. Si vous voulez une couverture de plus de 6\u00a0000\u00a0$, vous devrez fournir \u00e0 votre assureur des \u00e9valuations pour chaque article de bijouterie. L\u2019assureur \u00e0 son tour inscrira individuellement chaque article dans votre police. Si vous ne fournissez pas d\u2019\u00e9valuation et ne faites pas inscrire les bijoux, le maximum payable sera 6\u00a0000\u00a0$ seulement.<\/p>\r\n\r\n                <h2 id=\"Square-One-difference\">La diff\u00e9rence Square One<\/h2>\r\n\r\n                <p>Chez Square One, la couverture pour les bijoux est facultative. Si vous ne poss\u00e9dez pas de bijoux, vous ne payez pas pour les assurer.<\/p> \r\n\r\n                <p>En revanche, si vous avez des bijoux, nous offrons une couverture globale selon le montant que vous s\u00e9lectionnez. Nous n\u2019avons pas besoin d\u2019\u00e9valuations, \u00e0 l\u2019exception des articles individuels d\u2019une valeur sup\u00e9rieure \u00e0 une limitation sp\u00e9cifique. Chez Square One, vous pouvez choisir pr\u00e9cis\u00e9ment le montant de couverture dont vous avez besoin, <a href=\"https:\/\/www.squareone.ca\/resource-centres\/insurance-basics\/ways-to-save-money\" title=\"9 fa\u00e7ons d\u2019\u00e9conomiser de l\u2019argent sur votre assurance habitation\">ce qui vous permet d\u2019\u00e9viter des primes inutiles<\/a> tout en vous prot\u00e9geant contre des sinistres.<\/p>\r\n\r\n                <p>Et ce n\u2019est pas uniquement les bijoux. Nous offrons des couvertures flexibles et facultatives pour plusieurs cat\u00e9gories de biens sp\u00e9ciaux\u00a0:<\/p>\r\n\r\n                <ul>\r\n                    <li><p>Bicyclettes, \u00e9quipement sportif et embarcations<\/p><\/li>\r\n                    <li><p>Biens \u00e0 usage professionnel<\/p><\/li>\r\n                    <li><p>Objets d\u2019art et objets de collection<\/p><\/li>                                                                              \r\n                <\/ul>\r\n\r\n                <p>Si vous avez des possessions qui se trouvent dans ces cat\u00e9gories, vous pouvez souscrire pr\u00e9cis\u00e9ment l\u2019assurance dont vous avez besoin. Sinon, vous n\u2019\u00eates pas oblig\u00e9 d\u2019assurer les biens sp\u00e9ciaux du tout.<\/p>\r\n                \r\n                <p><strong>Vous voulez en savoir plus?<\/strong> Consultez notre <a href=\"\/fr\/centres-ressources\/bases-assurance\" title=\"Centre de ressources : bases de l\u2019assurance habitation\">Centre de ressources&nbsp;: bases de l\u2019assurance habitation<\/a> pour acc\u00e9der \u00e0 des dizaines d\u2019articles pratiques pour vous guider sur les tenants et aboutissants de l\u2019assurance habitation. Ensuite, <a href=\"\/fr\/soumission-assurance-habitation-en-ligne\" title=\"Obtenir une soumission d\u2019assurance habitation en ligne\">obtenez une soumission d'assurance habitation en ligne<\/a> en moins de 5\u00a0minutes et d\u00e9couvrez \u00e0 quel point l\u2019assurance habitation personnalis\u00e9e peut \u00eatre abordable.<\/p>\r\n\r\n                <div class=\"row py-3\">\r\n<div class=\"col-12\">\r\n<div class=\"card review\" style=\"box-shadow: 0 2px 4px rgba(0,0,0,0.07);background-color:#f4f4f4;\">\r\n<div class=\"card-body\">\r\n\t<p class=\"text-primary h4\">\u00c0 propos de l\u2019expert&nbsp;: Daniel Mirkovic<\/p>\r\n\t<p>Cofondateur de Square One comptant plus de 25&nbsp;ans dans le secteur de l\u2019assurance, Daniel \u00e9tait vice-pr\u00e9sident des services d\u2019assurance et de voyage de la British Columbia Automobile Association (BCAA). Daniel est titulaire d'un baccalaur\u00e9at \u00e8s commerce et d'une ma\u00eetrise \u00e8s administration des affaires, tous deux obtenus \u00e0 la Sauder School of Business de l'universit\u00e9 de la Colombie-Britannique. Daniel est muni de la d\u00e9signation CAAC et d\u2019un certificat en assurance de dommages niveau&nbsp;3 en Colombie-Britannique, en Alberta, en Saskatchewan, au Manitoba et en Ontario.<\/p>\r\n<\/div>\r\n<\/div>\r\n<\/div>\r\n<\/div>\r\n\r\n        <\/div>\r\n    <\/div>\r\n<\/div>\r\n<\/section>\r\n<script type=\"application\/ld+json\">\r\n{\r\n  \"@context\": \"https:\/\/schema.org\",\r\n  \"@type\": \"WebPage\",\r\n  \"mainEntityOfPage\": {\r\n    \"@type\": \"Article\",\r\n    \"@id\": \"https:\/\/www.squareone.ca\/fr\/centres-ressources\/bases-assurance\/assurance-biens-speciaux\"\r\n  },\r\n  \"author\": [\r\n    {\r\n      \"@type\": \"Person\",\r\n      \"name\": \"Square One team\"\r\n    }\r\n  ],\r\n  \"reviewedBy\": [\r\n    {\r\n      \"@type\": \"Person\",\r\n      \"name\": \"Daniel Mirkovic\",\r\n      \"url\": \"https:\/\/www.squareone.ca\/fr\/a-propos-de-nous\/experts\/daniel-mirkovic\"\r\n    }\r\n  ],\r\n  \"headline\": \"Comment assurer les biens sp\u00e9ciaux\",\r\n  \"datePublished\": \"\",\r\n  \"dateModified\": \"\",\r\n  \"inLanguage\": \"fr-CA\",\r\n  \"isAccessibleForFree\": true\r\n}\r\n<\/script>","protected":false},"excerpt":{"rendered":"<p>Comment assurer les biens sp\u00e9ciaux \u00c9valu\u00e9 par Daniel Mirkovic Votre assurance habitation offre une couverture pour vos possessions personnelles (aussi appel\u00e9es biens meubles). Dans la plupart des polices d\u2019assurance habitation, le montant de couverture comprend des limitations sp\u00e9cifiques pour certains types de biens. Celles-ci s\u2019appellent \u00ab\u00a0limitations sp\u00e9ciales\u00a0\u00bb ce qui repr\u00e9sente le montant de r\u00e8glement maximum [&hellip;]<\/p>\n","protected":false},"author":2,"featured_media":0,"parent":50045,"menu_order":0,"comment_status":"open","ping_status":"open","template":"page-article-new.php","meta":{"_acf_changed":false,"footnotes":""},"class_list":["post-63438","page","type-page","status-publish","hentry"],"acf":[],"_links":{"self":[{"href":"https:\/\/www.squareone.ca\/fr\/wp-json\/wp\/v2\/pages\/63438","targetHints":{"allow":["GET"]}}],"collection":[{"href":"https:\/\/www.squareone.ca\/fr\/wp-json\/wp\/v2\/pages"}],"about":[{"href":"https:\/\/www.squareone.ca\/fr\/wp-json\/wp\/v2\/types\/page"}],"author":[{"embeddable":true,"href":"https:\/\/www.squareone.ca\/fr\/wp-json\/wp\/v2\/users\/2"}],"replies":[{"embeddable":true,"href":"https:\/\/www.squareone.ca\/fr\/wp-json\/wp\/v2\/comments?post=63438"}],"version-history":[{"count":10,"href":"https:\/\/www.squareone.ca\/fr\/wp-json\/wp\/v2\/pages\/63438\/revisions"}],"predecessor-version":[{"id":78614,"href":"https:\/\/www.squareone.ca\/fr\/wp-json\/wp\/v2\/pages\/63438\/revisions\/78614"}],"up":[{"embeddable":true,"href":"https:\/\/www.squareone.ca\/fr\/wp-json\/wp\/v2\/pages\/50045"}],"wp:attachment":[{"href":"https:\/\/www.squareone.ca\/fr\/wp-json\/wp\/v2\/media?parent=63438"}],"curies":[{"name":"wp","href":"https:\/\/api.w.org\/{rel}","templated":true}]}}