{"id":63607,"date":"2023-08-24T13:46:51","date_gmt":"2023-08-24T20:46:51","guid":{"rendered":"https:\/\/www.squareone.ca\/centres-ressources\/locataires\/assurance-etudiant-exterieur"},"modified":"2026-04-17T12:02:32","modified_gmt":"2026-04-17T19:02:32","slug":"assurance-etudiant-exterieur","status":"publish","type":"page","link":"https:\/\/www.squareone.ca\/fr\/centres-ressources\/locataire\/assurance-etudiant-exterieur","title":{"rendered":"Assurance pour les \u00e9tudiants vivant \u00e0 l\u2019ext\u00e9rieur de la maison"},"content":{"rendered":"<section id=\"intro\" class=\"bg-shape-split bg-sub-page-hero\">\r\n<div class=\"bg-position\">\r\n<div class=\"container-fluid\">\r\n<div class=\"row align-items-center\">\r\n<div class=\"col-12 col-lg-8\">\r\n<h1>Assurance pour les \u00e9tudiants vivant \u00e0 l\u2019ext\u00e9rieur de la maison<\/h1>\r\n<strong>Article r\u00e9dig\u00e9 par l'\u00e9quipe de Square One<\/strong>\r\n<p><strong>Article \u00e9valu\u00e9 par <a href=\"\/fr\/a-propos-de-nous\/experts\/daniel-mirkovic\" title=\"Experte: Daniel Mirkovic\">Daniel Mirkovic<\/a><\/strong><\/p>\r\n<p class=\"pb-4\" style=\"margin-top:-24px\">Mis \u00e0 jour le 18 avril 2026<\/p>\r\n<\/div>\r\n<\/div>\r\n<div class=\"row\">\r\n<div class=\"col-lg-8\">\r\n<p class=\"display-4\">\u00c0 mesure que votre enfant fait ses valises en pr\u00e9paration du voyage \u00e0 l\u2019universit\u00e9, il est in\u00e9vitable qu\u2019il y mettra une <a title=\"Comment assurer les t\u00e9l\u00e9phones cellulaires, les portables et les montres intelligentes?\" href=\"https:\/\/www.squareone.ca\/fr\/centres-ressources\/bases-assurance\/telephone-cellulaire-portable-montre-intelligente\">foule d\u2019appareils \u00e9lectroniques<\/a>\u00a0: portable, cellulaire, tablette, t\u00e9l\u00e9, \u00e9couteurs, etc.<\/p>\r\n<p class=\"display-4\">Tous ces articles repr\u00e9sentent une jolie somme sans doute et le co\u00fbt de les remplacer viderait le compte bancaire de votre enfant. Pas de panique! Votre enfant n\u2019aura pas \u00e0 r\u00e9gler les frais des biens vol\u00e9s ou perdus s\u2019il souscrit une police <a title=\"Assurance locataire\" href=\"\/fr\/locataire\">d\u2019assurance locataire<\/a>.<\/p>\r\n<\/div>\r\n<div class=\"col-lg-3 offset-lg-1\">\r\n<p class=\"mb-2 display-4 pt-4 pt-lg-0 pt-mb-0\"><strong>Th\u00e8mes<\/strong><\/p>\r\n\r\n<ul class=\"list-unstyled link-list display-4\">\r\n \t<li><a href=\"#Coverage\">Explication des couvertures<\/a><\/li>\r\n \t<li><a href=\"#Considerations\">Consid\u00e9rations en assurance habitation<\/a><\/li>\r\n \t<li><a href=\"#Tenant-insurance\">Pourquoi vous avez besoin d\u2019assurance<\/a><\/li>\r\n<\/ul>\r\n<\/div>\r\n<\/div>\r\n<\/div>\r\n<\/div>\r\n<div class=\"bg-bottom\"><\/div>\r\n<\/section><section>\r\n<div class=\"container-fluid py-6\">\r\n<div class=\"row\">\r\n<div class=\"col-12 col-lg-8\">\r\n<h2 id=\"Coverage\">Assurance locataire pour \u00e9tudiants\u00a0: explication des couvertures<\/h2>\r\n<p>Bien que la <a title=\"Pourquoi vous avez besoin de souscrire une assurance locataire\" href=\"\/fr\/centres-ressources\/locataire\/souscrire-assurance-locataire\">protection contre le vol ou la responsabilit\u00e9 civile<\/a> ne figure pas souvent dans les pr\u00e9paratifs de l\u2019ann\u00e9e scolaire, l\u2019assurance peut \u00eatre aussi importante que les livres ou un ordinateur. Sans l\u2019assurance locataire, votre enfant peut \u00eatre responsable de divers frais\u00a0: vol, dommages mat\u00e9riels et pr\u00e9judices, entre autres.<\/p>\r\n\r\n<p>Les \u00e9tudiants munis d\u2019une assurance locataire sont prot\u00e9g\u00e9s contre le vol de leurs possessions, les dommages \u00e0 leur appartement ou les personnes bless\u00e9es sur leurs lieux.<\/p> \r\n\r\n<img decoding=\"async\" loading=\"lazy\" src=\"https:\/\/cdn.squareone.ca\/wp-content\/uploads\/2016\/09\/09042835\/Student-Tenant-Insurance-.jpg\" title=\"Assurance locataire pour \u00e9tudiants\" alt=\"Un groupe de jeunes adultes assis sur un sofa participant \u00e0 un \u00e9goportrait de groupe\" class=\"img-fluid mb-5\" width=\"800\" height=\"533\" rel=\"noopener noreferrer\" \/>\r\n\r\n<p>G\u00e9n\u00e9ralement, les universit\u00e9s offrent une assurance pour leurs chambres de r\u00e9sidence, mais elle ne couvre que les dommages \u00e0 la propri\u00e9t\u00e9. Vous pouvez vous renseigner aupr\u00e8s de l\u2019\u00e9tablissement scolaire de votre enfant afin de d\u00e9terminer l\u2019assurance offerte.<\/p>\r\n\r\n<p>Par exemple, l\u2019universit\u00e9 de Guelph en Ontario a partag\u00e9 un extrait de son contrat de r\u00e9sidence avec le journal le Globe and Mail\u00a0: \u00ab\u00a0souvent, la couverture peut \u00eatre souscrite par l\u2019interm\u00e9diaire d&rsquo;un avenant sur la police d\u2019assurance locataire ou habitation de la famille de l\u2019\u00e9tudiant. Cette police devrait comprendre la couverture de responsabilit\u00e9 civile pour les pr\u00e9judices et dommages\u00a0\u00bb. L\u2019universit\u00e9 sugg\u00e8re que les \u00e9tudiants souscrivent une assurance, par l\u2019entremise de la police de leurs parents ou par l\u2019entremise de leur <a title=\"D\u00e9finition : titulaire de police\" href=\"\/fr\/centres-ressources\/lexique-assurance\/titulaire-de-police\">propre police<\/a>.<\/p>\r\n<h2 id=\"Considerations\">Consid\u00e9rations en assurance habitation<\/h2>\r\n<p>Si votre enfant est \u00e9tudiant \u00e0 temps plein et vit sur le campus, il est tr\u00e8s probable qu\u2019il est prot\u00e9g\u00e9 en vertu de <a title=\"Assurance propri\u00e9taire occupant\" href=\"\/fr\/proprietaire-occupant\">votre propre assurance habitation<\/a>. Vous pouvez communiquer avec votre compagnie d\u2019assurance pour pr\u00e9ciser les couvertures et les param\u00e8tres financiers de la couverture\u00a0: il peut y avoir de la couverture pour la responsabilit\u00e9 civile et les biens meubles.<\/p>\r\n\r\n<p>N\u2019oubliez pas que <a title=\"Le processus de r\u00e9clamation\" href=\"\/fr\/soutien\/processus-de-reclamation\">toute r\u00e9clamation pr\u00e9sent\u00e9e<\/a> au nom de votre enfant peut affecter votre propre prime et vos rabais. Pour cette raison, vous avez int\u00e9r\u00eat \u00e0 souscrire une assurance locataire pour votre enfant.<\/p>\r\n\r\n<p>Si votre enfant loue un appartement \u00e0 l\u2019ext\u00e9rieur du campus, l\u2019assurance est encore plus importante en raison de la <a title=\"Qu\u2019est-ce que l\u2019assurance responsabilit\u00e9 civile?\" href=\"https:\/\/www.squareone.ca\/fr\/centres-ressources\/bases-assurance\/assurance-responsabilite-civile\">responsabilit\u00e9 civile<\/a>, m\u00eame si les biens meubles sont couverts. De plus, les probl\u00e8mes dans les propri\u00e9t\u00e9s locatives ne sont pas toujours la responsabilit\u00e9 du propri\u00e9taire bailleur.<\/p>\r\n\r\n<p>Si le locataire est jug\u00e9 d\u2019\u00eatre n\u00e9gligent, il est responsable des dommages. Les d\u00e9g\u00e2ts d\u2019un party effr\u00e9n\u00e9 dans l\u2019appartement d\u2019un \u00e9tudiant peuvent causer des dommages qui pourraient co\u00fbter cher si l\u2019\u00e9tudiant n\u2019a pas d\u2019assurance.<\/p>\r\n\r\n<\/div>\r\n<\/div>\r\n<\/div>\r\n<\/section>\t<section class=\"bg-transparent\">\n\t\t<img decoding=\"async\" src=\"\/sales\/images\/bgs\/bg-mid-page-cta-general-top.svg\" style=\"width: 100%; vertical-align: bottom; position: relative; top: 1px\"\/>\n\t\t\n\t\t<div class=\"bg-darkTeal py-3\">\t\t\t\n\t\t\t<div class=\"container-fluid\">\n\t\t\t\t<div class=\"row d-flex align-items-center pb-5\">\n\t\t\t\t\t<div class=\"col-12 col-md-8 offset-md-2 px-lg-5 pb-5 pb-lg-0\">\n\t\t\t\t\t\t<div class=\"h6 mb-4 text-primary text-uppercase text-center\">\n\t\t\t\t\t\t\tCela ne prend que 5\u00a0minutes \n\t\t\t\t\t\t<\/div>\t\t\n\t\t\t\t\t\t\t\t\t\t\t\n\t\t\t\t\t\t<p class=\"lead px-lg-5 text-white\">\n\t\t\t\t\t\t\t<strong class=\"d-inline-block text-uc-first\">Pr\u00eat \u00e0 obtenir une soumission en ligne? <\/strong> Votre temps est aussi pr\u00e9cieux que vos possessions. Obtenez une soumission d'assurance habitation en <strong>5 minutes<\/strong>. C\u2019est moins de temps qu\u2019il n\u2019en faut pour faire la file pour un caf\u00e9.\n\t\t\t\t\t\t<\/p>\t\t\t\n\t\n\t\t\t\t\t\t<div id=\"sq1-qw-6221eeff2cdd\" class=\"sq1-quote-widget mb-4 text-white\" data-quote-widget-type=\"HOME\" data-has-custom-text=\"true\">\n\t\t\t\t\t\t\t<div class=\"input-group input-group-focus-within bg-white my-4\">\n\t\t\t\t\t\t\t\t<div>\n\t\t\t\t\t\t\t\t\t<div class=\"input-group-text\">\n\t\t\t\t\t\t\t\t\t\t<i class=\"fa fa-map-marker d-block text-black\"><\/i>\n\t\t\t\t\t\t\t\t\t<\/div>\n\t\t\t\t\t\t\t\t<\/div>\n\t\t\t\t\t\t\t\t<input type=\"text\" class=\"form-control\" style=\"padding: 10px;\" placeholder=\"Enter an address\" aria-label=\"Inscrivez votre adresse pour obtenir une soumission\"\/>\n\t\t\t\t\t\t\t\t<div>\n\t\t\t\t\t\t\t\t\t<button class=\"btn btn-primary\">Obtenir une soumission en ligne d\u00e8s maintenant<\/button>\n\t\t\t\t\t\t\t\t<\/div>\n\t\t\t\t\t\t\t<\/div>\n\t\t\t\t\t\t<\/div>\n\t\t\t\t\t\t\n\t\t\t\t\t\t<p class=\"small text-white\">Avant de commencer, veuillez lire notre <a href=\"https:\/\/www.squareone.ca\/fr\/politique-confidentialite\" target=\"_blank\" rel=\"noreferrer noopener\">Politique de confidentialit\u00e9<\/a> et nos <a href=\"https:\/\/www.squareone.ca\/fr\/conditions-utilisation\" target=\"_blank\" rel=\"noreferrer noopener\">Conditions d\u2019utilisation<\/a>.<\/p>\t\n\t\n\t\t\t\t\t\t<script type=\"text\/javascript\">\n\t\t\t\t\t\t(function() {\n\t\t\t\t\t\t\tdocument.addEventListener('soiMiscJsLoaded', function() {\n\t\t\t\t\t\t        $(document).ready(function() {\n\t\t\t\t\t\t\t\t\tsoiQuoteWidget.processFormWidget('\/sales\/index.php\/json_quote_widget?rand=' +Math.random(), 'qwContainer'); \/\/populate quoting widget with content from symfony.\n\t\t\t\t\t\t\t\t});\n\t\t\t\t\t\t\t});\n\t\t\t\t\t\t})();\n\t\t\t\t\t\t<\/script>\n\t\t\t\t\t<\/div>\n\t\t\t\t<\/div>\n\t\t\t<\/div>\n\t\t<\/div>\n\t\t\n\t\t<img decoding=\"async\" src=\"\/sales\/images\/bgs\/bg-mid-page-cta-general-bottom.svg\" style=\"width: 100%; vertical-align: top\"\/>\t\t\n\t<\/section>\r\n\r\n<section>\r\n<div class=\"container-fluid py-6\">\r\n<div class=\"row\">\r\n<div class=\"col-12 col-lg-8\">\r\n<h2 id=\"Tenant-insurance\">Assurance locataire\u00a0: quelques bonnes raisons pour vous assurer<\/h2>\r\n<img decoding=\"async\" loading=\"lazy\" src=\"https:\/\/cdn.squareone.ca\/wp-content\/uploads\/2016\/09\/09042909\/Renters-Insurance-Reasons-to-Be-Insured.jpg\" title=\"Assurance locataire - raisons-pour-s\u2019assurer\" alt=\"Une m\u00e8re aide un \u00e9tudiant \u00e0 s\u2019installer \u00e0 l\u2019universit\u00e9\" class=\"img-fluid mb-5\" width=\"800\" height=\"533\" rel=\"noopener noreferrer\" \/>\r\n\r\n<p>Si vous avez des doutes au sujet de l\u2019utilit\u00e9 de l\u2019assurance locataire, voici une liste de raisons pour souscrire une police\u00a0:<\/p>\r\n<ol>\r\n \t<li><strong>Affaires en abondance.<\/strong> G\u00e9n\u00e9ralement, les \u00e9tudiants ne pensent pas que leurs biens valent beaucoup, mais une fois qu\u2019ils dressent une liste, ils r\u00e9alisent qu\u2019ils ont plus de possessions de valeur qu\u2019ils ne le pensent.<\/li>\r\n \t<li><strong>Simplicit\u00e9.<\/strong> Souscrire une police est assez simple\u00a0: il suffit d\u2019appeler l\u2019assureur des parents et de compiler une liste de possessions.<\/li>\r\n \t<li><strong>\u00c9conomies.<\/strong> Les polices ne sont pas dispendieuses, l\u2019\u00e9quivalent de quelques caf\u00e9s par mois.<\/li>\r\n \t<li><strong>Super protection.<\/strong> Si un \u00e9tudiant doit quitter temporairement son appartement en raison d\u2019un sinistre provoqu\u00e9 par un incendie ou une inondation, entre autres, l\u2019assurance couvrira les <a title=\"Qu\u2019est-ce que les frais de subsistance suppl\u00e9mentaires?\" href=\"https:\/\/www.squareone.ca\/fr\/centres-ressources\/bases-assurance\/frais-subsistance-supplementaires\">frais de logement temporaires<\/a>.<\/li>\r\n \t<li><strong>Couverture contre les dommages.<\/strong> Si un \u00e9tudiant endommage des biens dans l\u2019immeuble, dans l\u2019appartement ou \u00e0 l\u2019ext\u00e9rieur, il sera couvert.<\/li>\r\n \t<li><strong>Invit\u00e9s destructifs.<\/strong> Le locataire assur\u00e9 est prot\u00e9g\u00e9 contre les frais de dommages \u00e0 l\u2019immeuble caus\u00e9s par tout invit\u00e9. R\u00e9sultat\u00a0: votre enfant peut dormir sur les deux oreilles s&rsquo;il organise un party chez lui.<\/li>\r\n \t<li><strong>Frais juridiques.<\/strong> Dans le cas o\u00f9 quelqu\u2019un intente une action en justice contre un \u00e9tudiant pour un pr\u00e9judice survenu dans son appartement, les frais juridiques et r\u00e8glements seraient couverts.<\/li>\r\n \t<li><strong>\u00catre la fiert\u00e9 de Maman et Papa.<\/strong> La souscription d\u2019une police d\u2019assurance est un geste responsable, de quoi gagner l\u2019approbation de ses parents pour avoir pris une d\u00e9cision d\u2019adulte.<\/li>\r\n<\/ol>\r\n<p>Par cons\u00e9quent, si un \u00e9tudiant ne fait qu\u2019un appel avant d\u2019aller \u00e0 l\u2019universit\u00e9 ou au C\u00c9GEP, il devrait appeler <a title=\"Assurance locataire\" href=\"\/fr\/locataire\">un fournisseur d\u2019assurance<\/a>!<\/p>\r\n\r\n\r\n<p><strong>Vous voulez en savoir plus?<\/strong> Consultez notre <a href=\"\/fr\/centres-ressources\/locataire\" title=\"Centre de ressources : locataire\">Centre de ressources&nbsp;: locataire<\/a> pour acc\u00e9der \u00e0 des tuyaux et conseils sur la vie de locataire. Ensuite, <a href=\"\/fr\/soumission-assurance-habitation-en-ligne\" title=\"Obtenir une soumission d\u2019assurance habitation en ligne\">obtenez une soumission d'assurance habitation en ligne<\/a> en moins de 5\u00a0minutes et d\u00e9couvrez \u00e0 quel point l\u2019assurance habitation personnalis\u00e9e peut \u00eatre abordable.<\/p>\r\n\r\n<div class=\"row py-3\">\r\n<div class=\"col-12\">\r\n<div class=\"card review\" style=\"box-shadow: 0 2px 4px rgba(0,0,0,0.07);background-color:#f4f4f4;\">\r\n<div class=\"card-body\">\r\n\t<p class=\"text-primary h4\">\u00c0 propos de l\u2019expert&nbsp;: Daniel Mirkovic<\/p>\r\n\t<p>Cofondateur de Square One comptant plus de 25&nbsp;ans dans le secteur de l\u2019assurance, Daniel \u00e9tait vice-pr\u00e9sident des services d\u2019assurance et de voyage de la British Columbia Automobile Association (BCAA). Daniel est titulaire d'un baccalaur\u00e9at \u00e8s commerce et d'une ma\u00eetrise \u00e8s administration des affaires, tous deux obtenus \u00e0 la Sauder School of Business de l'universit\u00e9 de la Colombie-Britannique. Daniel est muni de la d\u00e9signation CAAC et d\u2019un certificat en assurance de dommages niveau&nbsp;3 en Colombie-Britannique, en Alberta, en Saskatchewan, au Manitoba et en Ontario.<\/p>\r\n<\/div>\r\n<\/div>\r\n<\/div>\r\n<\/div>\r\n\r\n<\/div>\r\n<\/div>\r\n<\/div>\r\n<\/section>\r\n<script type=\"application\/ld+json\">\r\n{\r\n  \"@context\": \"https:\/\/schema.org\",\r\n  \"@type\": \"WebPage\",\r\n  \"mainEntityOfPage\": {\r\n    \"@type\": \"Article\",\r\n    \"@id\": \"https:\/\/www.squareone.ca\/fr\/centres-ressources\/locataire\/assurance-etudiant-exterieur\"\r\n  },\r\n  \"author\": [\r\n    {\r\n      \"@type\": \"Person\",\r\n      \"name\": \"Square One team\"\r\n    }\r\n  ],\r\n  \"headline\": \"Assurance pour les \u00e9tudiants vivant \u00e0 l\u2019ext\u00e9rieur de la maison\",\r\n  \"datePublished\": \"\",\r\n  \"dateModified\": \"\",\r\n  \"inLanguage\": \"fr-CA\",\r\n  \"isAccessibleForFree\": true\r\n}\r\n<\/script>","protected":false},"excerpt":{"rendered":"<p>Assurance pour les \u00e9tudiants vivant \u00e0 l\u2019ext\u00e9rieur de la maison Article \u00e9valu\u00e9 par Daniel Mirkovic \u00c0 mesure que votre enfant fait ses valises en pr\u00e9paration du voyage \u00e0 l\u2019universit\u00e9, il est in\u00e9vitable qu\u2019il y mettra une foule d\u2019appareils \u00e9lectroniques\u00a0: portable, cellulaire, tablette, t\u00e9l\u00e9, \u00e9couteurs, etc. Tous ces articles repr\u00e9sentent une jolie somme sans doute et [&hellip;]<\/p>\n","protected":false},"author":2,"featured_media":74667,"parent":53722,"menu_order":0,"comment_status":"closed","ping_status":"closed","template":"page-article-new.php","meta":{"_acf_changed":false,"footnotes":""},"class_list":["post-63607","page","type-page","status-publish","has-post-thumbnail","hentry"],"acf":[],"_links":{"self":[{"href":"https:\/\/www.squareone.ca\/fr\/wp-json\/wp\/v2\/pages\/63607","targetHints":{"allow":["GET"]}}],"collection":[{"href":"https:\/\/www.squareone.ca\/fr\/wp-json\/wp\/v2\/pages"}],"about":[{"href":"https:\/\/www.squareone.ca\/fr\/wp-json\/wp\/v2\/types\/page"}],"author":[{"embeddable":true,"href":"https:\/\/www.squareone.ca\/fr\/wp-json\/wp\/v2\/users\/2"}],"replies":[{"embeddable":true,"href":"https:\/\/www.squareone.ca\/fr\/wp-json\/wp\/v2\/comments?post=63607"}],"version-history":[{"count":10,"href":"https:\/\/www.squareone.ca\/fr\/wp-json\/wp\/v2\/pages\/63607\/revisions"}],"predecessor-version":[{"id":78968,"href":"https:\/\/www.squareone.ca\/fr\/wp-json\/wp\/v2\/pages\/63607\/revisions\/78968"}],"up":[{"embeddable":true,"href":"https:\/\/www.squareone.ca\/fr\/wp-json\/wp\/v2\/pages\/53722"}],"wp:featuredmedia":[{"embeddable":true,"href":"https:\/\/www.squareone.ca\/fr\/wp-json\/wp\/v2\/media\/74667"}],"wp:attachment":[{"href":"https:\/\/www.squareone.ca\/fr\/wp-json\/wp\/v2\/media?parent=63607"}],"curies":[{"name":"wp","href":"https:\/\/api.w.org\/{rel}","templated":true}]}}