{"id":63761,"date":"2023-09-07T16:02:34","date_gmt":"2023-09-07T23:02:34","guid":{"rendered":"https:\/\/www.squareone.ca\/centres-ressources\/proprietaires-maisons-et-coproprietes\/fermeture-piscine-apres-ete"},"modified":"2026-02-23T09:30:19","modified_gmt":"2026-02-23T17:30:19","slug":"fermeture-piscine-apres-ete","status":"publish","type":"page","link":"https:\/\/www.squareone.ca\/fr\/centres-ressources\/proprietaire-occupant\/femeture-piscine-apres-ete","title":{"rendered":"Comment fermer votre piscine apr\u00e8s l\u2019\u00e9t\u00e9 en 9 \u00e9tapes simples"},"content":{"rendered":"<section id='intro' class=\"bg-shape-split bg-sub-page-hero\">\r\n    <div class=\"bg-position\">\r\n        <div class=\"container-fluid\">\r\n            <div class=\"row align-items-center\">\r\n                <div class=\"col-12 col-lg-8\">\r\n                    <h1>Comment fermer votre piscine apr\u00e8s l\u2019\u00e9t\u00e9 en 9 \u00e9tapes simples<\/h1>\r\n <strong>Article r\u00e9dig\u00e9 par l'\u00e9quipe de Square One<\/strong>\r\n                    <p><\/p>\r\n                    <p class=\"pb-4\" style=\"margin-top:-24px\">Mis \u00e0 jour le 18 juin 2024<\/p>\r\n                <\/div>\r\n            <\/div>\r\n\r\n            <div class=\"row\">\r\n                <div class=\"col-lg-8\">\r\n                    <p class=\"display-4\">\u00c0 mesure que l\u2019\u00e9t\u00e9 tire \u00e0 sa fin, les jours raccourcissent et les nuits deviennent plus fra\u00eeches. C\u2019est triste, mais c\u2019est aussi le temps de pr\u00e9parer la rentr\u00e9e et de mettre les bouch\u00e9es doubles au bureau. Fini les journ\u00e9es tranquilles de l\u2019\u00e9t\u00e9\u00a0: c\u2019est le moment de mettre la main \u00e0 la p\u00e2te.<\/p>\r\n                    <p class=\"display-4\">Si vous \u00eates propri\u00e9taire d\u2019une piscine, la fin de la <a href=\"https:\/\/www.squareone.ca\/vacation-property\" title=\"Assurance propri\u00e9t\u00e9 de vacances\">saison de vacances<\/a> est le moment de fermer la piscine, qu\u2019il s\u2019agisse d\u2019une piscine creus\u00e9e ou hors terre. Il s\u2019agit d\u2019une \u00e9poque de l\u2019ann\u00e9e super charg\u00e9e\u00a0: le retour des vacances, les achats pour la rentr\u00e9e&#8230;malgr\u00e9 toute cette activit\u00e9, il ne faut pas oublier la fermeture de la piscine, car vous en souffrirez au printemps. Alors, qu\u2019attendez-vous? Pour commencer, il faut rassembler les fournitures requises et pr\u00e9parer la piscine pour l\u2019hiver. Si vous n\u2019\u00eates pas certain de ce qu\u2019il faut faire, lisez la suite.<\/p>\r\n                    <p class=\"pt-2\"><img decoding=\"async\" src=\"https:\/\/cdn.squareone.ca\/wp-content\/uploads\/2021\/10\/05120139\/Closing-a-Pool-Down-After-the-Summer.jpg\" alt=\"Une personne couvre la piscine pour l'hiver\" width=\"248px\" class=\"img-fluid\" rel=\"noopener noreferrer\" \/><\/p>\r\n                <\/div>\r\n\r\n                <div class=\"col-lg-3 offset-lg-1\">\r\n                    <p class=\"mb-2 display-4 pt-4 pt-lg-0 pt-mb-0\"><strong>Th\u00e8mes<\/strong><\/p>\r\n                    <ul class=\"list-unstyled link-list display-4\">\r\n                        <li><a href='#one-week'>Avant la fermeture<\/a><\/li>\r\n                        <li><a href='#closing'>\u00c9tapes finales<\/a><\/li> \r\n                    <\/ul>\r\n                <\/div>\r\n            <\/div>  \r\n        <\/div>\r\n    <\/div>\r\n    <div class=\"bg-bottom\"><\/div>\r\n<\/section>\r\n\r\n\r\n<section>\r\n<div class=\"container-fluid py-6\">\r\n    <div class=\"row\">\r\n        <div class=\"col-12 col-lg-8\">\r\n\r\n          <h2 id=\"one-week\">Une semaine avant la fermeture<\/h2>\r\n                    <img decoding=\"async\" loading=\"lazy\" src=\"https:\/\/cdn.squareone.ca\/wp-content\/uploads\/2017\/08\/21044735\/One-Week-Prior-to-Closing-Pool.jpg\" title=\"Une semaine avant la fermeture de la piscine\" alt=\"Une piscine creus\u00e9e avec un d\u00e9vidoir et de l\u2019\u00e9quipement d\u2019entretien \u00e0 c\u00f4t\u00e9\" width=\"800\" height=\"533\" class=\"img-fluid mb-5\" \/>\r\n\r\n            <h3>1. \u00c9quilibrez les produits chimiques<\/h3>\r\n            <p>\u00c9quilibrez la propri\u00e9t\u00e9 chimique de l\u2019eau selon les niveaux suivants\u00a0:<\/p>\r\n            <ul>\r\n                <li>pH\u00a0: 7,2 \u00e0 7,4<\/li>\r\n                <li>Alcalinit\u00e9\u00a0: 80 \u00e0 120 parties par million (ppm)<\/li>\r\n                <li>Duret\u00e9 calcique\u00a0: 180 \u00e0 200\u00a0ppm<\/li>\r\n            <\/ul>\r\n\r\n            <h3>2. Traitement choc pour piscine<\/h3>\r\n            <p>M\u00eame si l\u2019eau a l\u2019air claire, il faut appliquer un traitement choc. Un traitement choc augmente les niveaux de chlore \u00e0 des niveaux plus \u00e9lev\u00e9s que la normale afin de supprimer certaines impuret\u00e9s. Ajoutez du chlorateur en poudre ou appliquez un traitement choc con\u00e7u pour la fermeture de la piscine et contenant au moins 65\u00a0pour\u00a0cent d\u2019hypochlorite.<\/p>\r\n            <p>G\u00e9n\u00e9ralement, il faut un sac d\u2019un livre par 10\u00a0000\u00a0gallons d\u2019eau. Consultez les instructions sur le sac. Dans un contenant, m\u00e9langez la poudre avec de l\u2019eau de la piscine et versez le m\u00e9lange dans la piscine pendant que le filtre est en marche. Dans quelques jours, le niveau de chlore reviendra \u00e0 1\u00a0ppm \u00e0 3\u00a0ppm. Ensuite, ajoutez de l\u2019algicide \u00e0 titre de protection contre la croissance des algues pendant l\u2019hiver. Les instructions sur le sac vous indiqueront la quantit\u00e9 \u00e0 utiliser. Il ne faut jamais verser de l\u2019algicide si les niveaux de chlore sont trop \u00e9lev\u00e9s. Le chlore d\u00e9compose les algicides ainsi que les couvertures de piscine. \u00c0 mesure que vous versez les produits chimiques dans la piscine, faites le tour de la piscine pour obtenir une distribution optimale.<\/p>\r\n\t\t\t\r\n\t\t\t            <\/div>\r\n        <\/div>\r\n    <\/div>\r\n<\/section>\r\n\r\n\t<section class=\"bg-transparent\">\n\t\t<img decoding=\"async\" src=\"\/sales\/images\/bgs\/bg-mid-page-cta-general-top.svg\" style=\"width: 100%; vertical-align: bottom; position: relative; top: 1px\"\/>\n\t\t\n\t\t<div class=\"bg-darkTeal py-3\">\t\t\t\n\t\t\t<div class=\"container-fluid\">\n\t\t\t\t<div class=\"row d-flex align-items-center pb-5\">\n\t\t\t\t\t<div class=\"col-12 col-md-8 offset-md-2 px-lg-5 pb-5 pb-lg-0\">\n\t\t\t\t\t\t<div class=\"h6 mb-4 text-primary text-uppercase text-center\">\n\t\t\t\t\t\t\tCela ne prend que 5\u00a0minutes \n\t\t\t\t\t\t<\/div>\t\t\n\t\t\t\t\t\t\t\t\t\t\t\n\t\t\t\t\t\t<p class=\"lead px-lg-5 text-white\">\n\t\t\t\t\t\t\t<strong class=\"d-inline-block text-uc-first\">Pr\u00eat \u00e0 obtenir une soumission en ligne? <\/strong> Votre temps est aussi pr\u00e9cieux que vos possessions. Obtenez une soumission d'assurance habitation en <strong>5 minutes<\/strong>. C\u2019est moins de temps qu\u2019il n\u2019en faut pour faire la file pour un caf\u00e9.\n\t\t\t\t\t\t<\/p>\t\t\t\n\t\n\t\t\t\t\t\t<div id=\"sq1-qw-84a748280be1\" class=\"sq1-quote-widget mb-4 text-white\" data-quote-widget-type=\"HOME\" data-has-custom-text=\"true\">\n\t\t\t\t\t\t\t<div class=\"input-group input-group-focus-within bg-white my-4\">\n\t\t\t\t\t\t\t\t<div>\n\t\t\t\t\t\t\t\t\t<div class=\"input-group-text\">\n\t\t\t\t\t\t\t\t\t\t<i class=\"fa fa-map-marker d-block text-black\"><\/i>\n\t\t\t\t\t\t\t\t\t<\/div>\n\t\t\t\t\t\t\t\t<\/div>\n\t\t\t\t\t\t\t\t<input type=\"text\" class=\"form-control\" style=\"padding: 10px;\" placeholder=\"Enter an address\" aria-label=\"Inscrivez votre adresse pour obtenir une soumission\"\/>\n\t\t\t\t\t\t\t\t<div>\n\t\t\t\t\t\t\t\t\t<button class=\"btn btn-primary\">Obtenir une soumission en ligne d\u00e8s maintenant<\/button>\n\t\t\t\t\t\t\t\t<\/div>\n\t\t\t\t\t\t\t<\/div>\n\t\t\t\t\t\t<\/div>\n\t\t\t\t\t\t\n\t\t\t\t\t\t<p class=\"small text-white\">Avant de commencer, veuillez lire notre <a href=\"https:\/\/www.squareone.ca\/fr\/politique-confidentialite\" target=\"_blank\" rel=\"noreferrer noopener\">Politique de confidentialit\u00e9<\/a> et nos <a href=\"https:\/\/www.squareone.ca\/fr\/conditions-utilisation\" target=\"_blank\" rel=\"noreferrer noopener\">Conditions d\u2019utilisation<\/a>.<\/p>\t\n\t\n\t\t\t\t\t\t<script type=\"text\/javascript\">\n\t\t\t\t\t\t(function() {\n\t\t\t\t\t\t\tdocument.addEventListener('soiMiscJsLoaded', function() {\n\t\t\t\t\t\t        $(document).ready(function() {\n\t\t\t\t\t\t\t\t\tsoiQuoteWidget.processFormWidget('\/sales\/index.php\/json_quote_widget?rand=' +Math.random(), 'qwContainer'); \/\/populate quoting widget with content from symfony.\n\t\t\t\t\t\t\t\t});\n\t\t\t\t\t\t\t});\n\t\t\t\t\t\t})();\n\t\t\t\t\t\t<\/script>\n\t\t\t\t\t<\/div>\n\t\t\t\t<\/div>\n\t\t\t<\/div>\n\t\t<\/div>\n\t\t\n\t\t<img decoding=\"async\" src=\"\/sales\/images\/bgs\/bg-mid-page-cta-general-bottom.svg\" style=\"width: 100%; vertical-align: top\"\/>\t\t\n\t<\/section>\r\n\r\n<section>\r\n    <div class=\"container-fluid py-6\">\r\n        <div class=\"row\">\r\n            <div class=\"col-12 col-lg-8\">\r\n\r\n\r\n            <h2 id=\"closing\">\u00c9tapes finales<\/h2>\r\n            <img decoding=\"async\" loading=\"lazy\" src=\"https:\/\/cdn.squareone.ca\/wp-content\/uploads\/2017\/08\/21044822\/Closing-Steps-for-your-Pool.jpg\" title=\"Fermeture de votre piscine apr\u00e8s l\u2019\u00e9t\u00e9\" alt=\"Une personne retire un filtre de la piscine\" width=\"800\" height=\"533\" class=\"img-fluid mb-5\" \/>\r\n\r\n            <h3>3. Frottez bien la piscine<\/h3>\r\n            <p>Nettoyez la piscine\u00a0:<\/p>\r\n            <ul>\r\n                <li>Retirez les d\u00e9chets \u00e0 l\u2019aide d\u2019un ramasse-feuilles et\/ou d\u2019un r\u00e2teau<\/li>\r\n                <li>Lancez l\u2019aspirateur de piscine<\/li>\r\n                <li>Enlevez la moisissure et la crasse en frottant la piscine<\/li>\r\n                <li>Assurez-vous que la <a href=\"https:\/\/www.squareone.ca\/resource-centres\/homeowner\/pool-maintenance-tips-and-tricks\" title=\"Astuces et tuyaux pour l\u2019entretien de piscine\">piscine est aussi propre que possible<\/a> avant de la couvrir.<\/li>\r\n            <\/ul>   \r\n\r\n            <h3>4. Videz une partie de l\u2019eau<\/h3> \r\n            <p>Baissez le niveau de l\u2019eau \u00e0 l\u2019aide du filtre ou d\u2019une pompe \u00e0 siphon. Si vous avez une piscine creus\u00e9e, le niveau de l\u2019eau devrait \u00eatre en dessous de la base de la porte du ramasse-feuilles. Pour une piscine hors terre, retirez le tuyau sortant du panier du ramasse-feuilles. G\u00e9n\u00e9ralement, vous voulez que l\u2019eau n\u2019entre en contact avec la couverture de piscine.<\/p>\r\n\r\n            <h3>5. Pompes d\u2019\u00e9puisement, filtres et autre \u00e9quipement<\/h3>    \r\n            <p>Videz les pompes, les chauffe-eau, les filtres et les chlorateurs pour les emp\u00eacher de geler ou de fissurer. La plupart de ces dispositifs sont \u00e9quip\u00e9s de capuchons ou de bouchons qui peuvent \u00eatre desserr\u00e9s et enlev\u00e9s. Toute l\u2019eau r\u00e9siduelle doit \u00eatre vid\u00e9e ou souffl\u00e9e. Un aspirateur avale-tout est id\u00e9al pour cette t\u00e2che. Vous pouvez conserver les capuchons et les bouchons dans le panier de filtre pendant l\u2019hiver. Pour les piscines hors terre, la t\u00e2che est plus facile\u00a0: il suffit de retirer les tuyaux et le bouchon au fond du filtre.<\/p>\r\n            <p>Si vous croyez que vous n\u2019avez pas enlev\u00e9 toute l\u2019eau, vous pouvez utiliser un antigel pour piscine pour pr\u00e9venir des probl\u00e8mes \u00e0 mesure que le mercure commence \u00e0 baisser.<\/p>\r\n\r\n            <h3>6. Espace d\u2019entreposage<\/h3>\r\n            <p>Vous avez besoin d\u2019un endroit d\u2019entreposage pour tous vos accessoires de piscine, comme les tremplins et les \u00e9chelles. Vous devez \u00e9galement les nettoyer en pr\u00e9paration de l\u2019\u00e9t\u00e9 prochain.<\/p>\r\n\r\n            <h3>7. Avez-vous une piscine hors terre?<\/h3> \r\n            <p>Si vous avez une piscine hors terre, vous pouvez utiliser des coussins d\u2019air pour emp\u00eacher que l\u2019eau restante dans le bassin g\u00e8le pendant l\u2019hiver. Le coussin est gonfl\u00e9 et attach\u00e9 au bord de la piscine. Vous n\u2019avez pas besoin de coussins d\u2019air pour une piscine creus\u00e9e, \u00e0 moins que l\u2019hiver dans votre r\u00e9gion soit extr\u00eamement froid.<\/p>\r\n\r\n            <h3>8. Flotteur chimique<\/h3>\r\n            <p>Un flotteur de chlore, ou sans chlore pour les piscines en plastique vinylique, assainira votre piscine. Il faut l\u2019attacher au centre du grand bain de la piscine pour que le flotteur ne bascule pas ou finisse sur les marches. Si vous avez une couverture en maille, vous pouvez d\u00e9ployer des enzymes \u00e0 la place.<\/p>\r\n\r\n            <h3>9. Obtenez une couverture de piscine<\/h3> \r\n            <p>Vous devez prot\u00e9ger la piscine des \u00e9l\u00e9ments \u00e0 l\u2019aide d\u2019une couverture. Assurez-vous qu\u2019il n\u2019y a pas de trous ou de lacunes dans la couverture \u00e0 travers desquels les d\u00e9chets peuvent tomber dans la piscine. On pr\u00e9f\u00e8re les couvertures s\u00e9curitaires au lieu des couvertures solides. Les couvertures solides permettront l\u2019accumulation de la neige fondante ou de <a href=\"https:\/\/www.squareone.ca\/fr\/centres-ressources\/securite-domiciliaire-personnelle\/preparation-temps-pluvieux\" title=\"Comment pr\u00e9parer pour le temps pluvieux et minimiser les d\u00e9g\u00e2ts caus\u00e9s par les crues d\u2019eau\">l&rsquo;eau pluviale<\/a> qu\u2019il faudra enlever.<\/p>\r\n\r\n            <p>Si vous suivez ces \u00e9tapes, vous ne devriez pas avoir de mauvaises surprises quand vous ouvrez la piscine l\u2019\u00e9t\u00e9 prochain. <\/p>\r\n\t\t\t\r\n            <p><strong>Vous voulez en savoir plus?<\/strong> Consultez notre <a href=\"\/fr\/centres-ressources\/proprietaire-occupant\" title=\"Centre de ressources : propri\u00e9taire occupant\">Centre de ressources&nbsp;: propri\u00e9taire occupant<\/a> pour acc\u00e9der \u00e0 des articles pour vous guider sur la vie de propri\u00e9taire. Ensuite, <a href=\"\/fr\/soumission-assurance-habitation-en-ligne\" title=\"Obtenir une soumission d\u2019assurance habitation en ligne\">obtenez une soumission d'assurance habitation en ligne<\/a> en moins de 5\u00a0minutes et d\u00e9couvrez \u00e0 quel point l\u2019assurance habitation personnalis\u00e9e peut \u00eatre abordable.<\/p>\r\n\r\n        <\/div>\r\n    <\/div>\r\n<\/div>\r\n<\/section>\r\n\r\n<script type=\"application\/ld+json\">\r\n{\r\n  \"@context\": \"https:\/\/schema.org\",\r\n  \"@type\": \"WebPage\",\r\n  \"mainEntityOfPage\": {\r\n    \"@type\": \"Article\",\r\n    \"@id\": \"https:\/\/www.squareone.ca\/fr\/centres-ressources\/proprietaire-occupant\/femeture-piscine-apres-ete\"\r\n  },\r\n  \"author\": [\r\n    {\r\n      \"@type\": \"Person\",\r\n      \"name\": \"Square One team\"\r\n    }\r\n  ],\r\n  \"headline\": \"Comment fermer votre piscine apr\u00e8s l\u2019\u00e9t\u00e9 en 9 \u00e9tapes simples\",\r\n  \"datePublished\": \"\",\r\n  \"dateModified\": \"\",\r\n  \"inLanguage\": \"fr-CA\",\r\n  \"isAccessibleForFree\": true\r\n}\r\n<\/script>","protected":false},"excerpt":{"rendered":"<p>Comment fermer votre piscine apr\u00e8s l\u2019\u00e9t\u00e9 en 9 \u00e9tapes simples \u00c0 mesure que l\u2019\u00e9t\u00e9 tire \u00e0 sa fin, les jours raccourcissent et les nuits deviennent plus fra\u00eeches. C\u2019est triste, mais c\u2019est aussi le temps de pr\u00e9parer la rentr\u00e9e et de mettre les bouch\u00e9es doubles au bureau. Fini les journ\u00e9es tranquilles de l\u2019\u00e9t\u00e9\u00a0: c\u2019est le moment [&hellip;]<\/p>\n","protected":false},"author":2,"featured_media":67207,"parent":48241,"menu_order":0,"comment_status":"closed","ping_status":"closed","template":"page-article-new.php","meta":{"_acf_changed":false,"footnotes":""},"class_list":["post-63761","page","type-page","status-publish","has-post-thumbnail","hentry"],"acf":[],"_links":{"self":[{"href":"https:\/\/www.squareone.ca\/fr\/wp-json\/wp\/v2\/pages\/63761","targetHints":{"allow":["GET"]}}],"collection":[{"href":"https:\/\/www.squareone.ca\/fr\/wp-json\/wp\/v2\/pages"}],"about":[{"href":"https:\/\/www.squareone.ca\/fr\/wp-json\/wp\/v2\/types\/page"}],"author":[{"embeddable":true,"href":"https:\/\/www.squareone.ca\/fr\/wp-json\/wp\/v2\/users\/2"}],"replies":[{"embeddable":true,"href":"https:\/\/www.squareone.ca\/fr\/wp-json\/wp\/v2\/comments?post=63761"}],"version-history":[{"count":8,"href":"https:\/\/www.squareone.ca\/fr\/wp-json\/wp\/v2\/pages\/63761\/revisions"}],"predecessor-version":[{"id":78307,"href":"https:\/\/www.squareone.ca\/fr\/wp-json\/wp\/v2\/pages\/63761\/revisions\/78307"}],"up":[{"embeddable":true,"href":"https:\/\/www.squareone.ca\/fr\/wp-json\/wp\/v2\/pages\/48241"}],"wp:featuredmedia":[{"embeddable":true,"href":"https:\/\/www.squareone.ca\/fr\/wp-json\/wp\/v2\/media\/67207"}],"wp:attachment":[{"href":"https:\/\/www.squareone.ca\/fr\/wp-json\/wp\/v2\/media?parent=63761"}],"curies":[{"name":"wp","href":"https:\/\/api.w.org\/{rel}","templated":true}]}}