{"id":63895,"date":"2023-10-27T12:13:17","date_gmt":"2023-10-27T19:13:17","guid":{"rendered":"https:\/\/www.squareone.ca\/?page_id=63895"},"modified":"2024-04-17T09:00:12","modified_gmt":"2024-04-17T16:00:12","slug":"square-one-collabore-avec-bfl-canada","status":"publish","type":"page","link":"https:\/\/www.squareone.ca\/fr\/collaboration-avec-bfl-canada","title":{"rendered":"Square One annonce une collaboration avec BFL CANADA | Square One"},"content":{"rendered":"<section class=\"bg-shape-split bg-sub-page-hero\">\r\n    <div class=\"bg-position\">\r\n        <div class=\"container-fluid\">\r\n            <div class='row'>\r\n                <div class='col-12 col-lg-9'>\r\n\t\t\t\t<h1>Square One annonce une nouvelle collaboration avec BFL CANADA au profit des copropri\u00e9taires aux quatre coins du pays<\/h1>\r\n\t\t\t\t<p class='display-4'>18&nbsp;octobre&nbsp;2023<\/p>\r\n\t\t\t\t<p class='display-4'>Vancouver, Colombie-Britannique&nbsp;: Square One est heureuse d\u2019annoncer une collaboration avec BFL CANADA o\u00f9 les copropri\u00e9taires canadiens pourront obtenir une police d\u2019assurance copropri\u00e9taire sup\u00e9rieure et plus personnalisable.<\/p>\r\n\r\n<div class=\"row pt-6\">\r\n\r\n<div class=\"col-6\">\r\n<img decoding=\"async\" align='left' src=\"https:\/\/cdn.squareone.ca\/wp-content\/uploads\/2023\/09\/11135143\/sq1_logo_sized-1.png\" alt=\"Square One\">\r\n<\/div>\r\n\r\n<div class=\"col-6\">\r\n<img decoding=\"async\" align='left' src=\"https:\/\/cdn.squareone.ca\/wp-content\/uploads\/2023\/09\/08170236\/BFL_Logo_RGB_Bleu-1.png\" alt=\"BFL CANADA\"\r\n<\/div>\r\n\r\n<\/div>\r\n                <\/div>\r\n            <\/div>\r\n        <\/div>\r\n    <\/div>\r\n    <div class=\"bg-bottom\"><\/div>\r\n<\/section>\r\n\r\n<section id=\"required\" class=\"xwide-mobile py-6\">\r\n    <div class=\"container-fluid\">\r\n\r\n<p>Square One offre aux Canadiens des solutions d\u2019assurance habitation personnalis\u00e9es. Les clients choisissent des couvertures et limitations en fonction de leurs besoins et ne paient que pour la protection dont ils ont besoin et qu\u2019ils d\u00e9sirent. Gr\u00e2ce \u00e0 cette collaboration avec BFL CANADA, un courtage d\u2019assurance commerciale et cabinet d\u2019experts-conseils chef de file, plus de copropri\u00e9taires pourront souscrire une assurance copropri\u00e9taire personnalis\u00e9e.<\/p>\r\n\r\n<p>En vertu de cette collaboration, les copropri\u00e9taires vivant dans des immeubles ayant une assurance commerciale de BFL CANADA profiteront de plusieurs avantages, dont&nbsp;:<\/p>\r\n\r\n<ul>\r\n<li>des offres exclusives proposant des \u00e9conomies suppl\u00e9mentaires;<\/li>\r\n<li>des soumissions rapides et personnalis\u00e9es, adapt\u00e9es \u00e0 leur immeuble de copropri\u00e9t\u00e9;<\/li>\r\n<li>un acc\u00e8s \u00e0 une \u00e9quipe d\u2019experts en assurance professionnels qui expliqueront les risques aux copropri\u00e9taires; et<\/li>\r\n<li>une protection facultative contre les frais, comme les am\u00e9liorations \u00e0 l\u2019immeuble ou les cotisations de la franchise de l\u2019assurance commerciale impos\u00e9es aux copropri\u00e9taires.<\/li>\r\n<\/ul>\r\n\r\n<p>\u00ab&nbsp;Nous sommes le fournisseur d\u2019assurance incontournable pour l\u2019assurance abordable et personnalis\u00e9e. Gr\u00e2ce \u00e0 notre collaboration avec BFL CANADA, nous assurons que nos clients ont une protection individuelle et commerciale pour leur copropri\u00e9t\u00e9&nbsp;\u00bb, d\u00e9clare Daniel Mirkovic, pr\u00e9sident-directeur g\u00e9n\u00e9ral de Square One.<\/p>\r\n\r\n<p>\u00ab&nbsp;Notre vision a toujours \u00e9t\u00e9 d\u2019offrir \u00e0 nos clients tranquillit\u00e9 d\u2019esprit \u00e0 l\u2019aide d\u2019un service simple&nbsp;\u00bb, pr\u00e9cise Gareth McDonnell, pr\u00e9sident, Division immobili\u00e8re, BFL CANADA. \u00ab&nbsp;En vertu de cette collaboration exclusive, nous lan\u00e7ons une solution d\u2019assurance individuelle \u00e0 l\u2019intention des copropri\u00e9taires, propri\u00e9taires bailleurs et locataires chez BFL CANADA. Nous proposons un produit intelligent, abordable et flexible, sans compromettre le niveau de protection offert \u00e0 nos clients&nbsp;\u00bb, rench\u00e9rit-il.<\/p>\r\n\r\n<p>Pour de plus amples renseignements sur l\u2019assurance copropri\u00e9taire offerte par Square One, consultez <a href='\/fr\/coproprietaire' title='Assurance copropri\u00e9taire de Square One'>squareone.ca\/fr\/coproprietaire<\/a>.<\/p>\r\n\t\t\t\t\r\n    <\/div>\r\n<\/section>","protected":false},"excerpt":{"rendered":"<p>Square One annonce une nouvelle collaboration avec BFL CANADA au profit des copropri\u00e9taires aux quatre coins du pays 18&nbsp;octobre&nbsp;2023 Vancouver, Colombie-Britannique&nbsp;: Square One est heureuse d\u2019annoncer une collaboration avec BFL CANADA o\u00f9 les copropri\u00e9taires canadiens pourront obtenir une police d\u2019assurance copropri\u00e9taire sup\u00e9rieure et plus personnalisable.<\/p>\n","protected":false},"author":11,"featured_media":0,"parent":0,"menu_order":0,"comment_status":"closed","ping_status":"closed","template":"","meta":{"_acf_changed":false,"footnotes":""},"class_list":["post-63895","page","type-page","status-publish","hentry"],"acf":[],"_links":{"self":[{"href":"https:\/\/www.squareone.ca\/fr\/wp-json\/wp\/v2\/pages\/63895","targetHints":{"allow":["GET"]}}],"collection":[{"href":"https:\/\/www.squareone.ca\/fr\/wp-json\/wp\/v2\/pages"}],"about":[{"href":"https:\/\/www.squareone.ca\/fr\/wp-json\/wp\/v2\/types\/page"}],"author":[{"embeddable":true,"href":"https:\/\/www.squareone.ca\/fr\/wp-json\/wp\/v2\/users\/11"}],"replies":[{"embeddable":true,"href":"https:\/\/www.squareone.ca\/fr\/wp-json\/wp\/v2\/comments?post=63895"}],"version-history":[{"count":2,"href":"https:\/\/www.squareone.ca\/fr\/wp-json\/wp\/v2\/pages\/63895\/revisions"}],"predecessor-version":[{"id":67280,"href":"https:\/\/www.squareone.ca\/fr\/wp-json\/wp\/v2\/pages\/63895\/revisions\/67280"}],"wp:attachment":[{"href":"https:\/\/www.squareone.ca\/fr\/wp-json\/wp\/v2\/media?parent=63895"}],"curies":[{"name":"wp","href":"https:\/\/api.w.org\/{rel}","templated":true}]}}