{"id":67281,"date":"2023-10-18T15:52:55","date_gmt":"2023-10-18T22:52:55","guid":{"rendered":"https:\/\/www.squareone.ca\/centres-ressources\/bases-assurance-conseils\/glissement-terrain"},"modified":"2025-07-23T08:48:12","modified_gmt":"2025-07-23T15:48:12","slug":"glissement-terrain","status":"publish","type":"page","link":"https:\/\/www.squareone.ca\/fr\/centres-ressources\/bases-assurance\/glissement-terrain","title":{"rendered":"Les dommages caus\u00e9s par un glissement de terrain sont-ils admissibles \u00e0 l\u2019assurance?"},"content":{"rendered":"<section id='intro' class=\"bg-shape-split bg-sub-page-hero\">\r\n    <div class=\"bg-position\">\r\n        <div class=\"container-fluid\">\r\n            <div class=\"row align-items-center\">\r\n                <div class=\"col-12 col-lg-8\">\r\n                    <h1>Prot\u00e9gez-vous et votre maison contre un glissement de terrain<\/h1>\r\n<strong>Article r\u00e9dig\u00e9 par <a href=\"\/fr\/a-propos-de-nous\/contributeurs#anthony-michael\" title=\"Auteur : Anthony Michael\">Anthony Michael<\/a><\/strong>\r\n\t\t\t\t\t<p><strong>\u00c9valu\u00e9 par <a href=\"\/fr\/a-propos-de-nous\/experts\/daniel-mirkovic\" title=\"Expert : Daniel Mirkovic\">Daniel Mirkovic<\/a><\/strong><\/p> \r\n\t\t\t\t\t<div style=\"margin-top:48px;\"><p class=\"pb-4\" style=\"margin-top:-24px\">Mis \u00e0 jour le 18 juin 2024<\/p>\t\r\n\r\n                <\/div>\r\n            <\/div>\r\n\r\n            <div class=\"row\">\r\n                <div class=\"col-lg-8\">\r\n\r\n                    <p class=\"display-4\">Des milliers de glissements de terrain ont lieu chaque ann\u00e9e dans les quatre coins du Canada. Souvent mortels, ils endommagent les routes, l\u2019infrastructure de communication, les ol\u00e9oducs, les immeubles et les ressources naturelles. Selon <a href=\"https:\/\/ressources-naturelles.canada.ca\/science-et-donnees\/science-et-recherche\/dangers-naturels\/glissements-de-terrain\/10672\" title=\"Ressources naturelles Canada : glissements de terrain\" rel=\"noopener noreferrer\" target=\"_blank\">Ressources naturelles Canada<\/a>, les glissements de terrain occasionnent des d\u00e9penses directes et indirectes entre 200 et 400\u00a0millions de dollars par an.<\/p> \r\n                    <p class=\"display-4\">Dans cette optique, votre maison risque-t-elle d\u2019\u00eatre endommag\u00e9e par un glissement de terrain? L\u2019assurance habitation couvre-t-elle les dommages provoqu\u00e9s par un glissement de terrain? Lisez la suite pour obtenir de plus amples renseignements sur les glissements de terrain, ce qu\u2019il faut faire en cas de glissement de terrain dans votre localit\u00e9 et comment prot\u00e9ger votre domicile.<\/p>\r\n\r\n                    \r\n\r\n                <\/div>\r\n\r\n                <div class=\"col-lg-3 offset-lg-1\">          \r\n                    <p class=\"mb-2 display-4 pt-4 pt-lg-0 pt-mb-0\"><strong>Th\u00e8mes<\/strong><\/p>\r\n                        <ul class=\"list-unstyled link-list display-4\">\r\n                            <li><a href='#What-is-landslide'>Qu\u2019est-ce qu\u2019un glissement de terrain?<\/a><\/li>\r\n                            <li><a href='#protecting-home'>Protection de votre habitation<\/a><\/li>\r\n                            <li><a href='#during-landslide'>Ce qu\u2019il faut faire pendant un glissement de terrain<\/a><\/li>\r\n                            <li><a href='#Whats-covered'>Consid\u00e9rations en assurance habitation<\/a><\/li>\r\n                            <li><a href='#FAQ'>Questions fr\u00e9quemment pos\u00e9es<\/a><\/li>\r\n                        <\/ul>\r\n                <\/div>\r\n            <\/div>  \r\n        <\/div>\r\n    <\/div>\r\n    <div class=\"bg-bottom\"><\/div>\r\n<\/section>\r\n\r\n<section>\r\n    <div class=\"container-fluid py-6\">\r\n        <div class=\"row\">\r\n            <div class=\"col-12 col-lg-8\">\r\n\r\n<div class=\"row pb-6\">\r\n                    <div class=\"col-12\">\r\n                        <div class=\"card review\" style='background-color:#FFE0C9'>\r\n                            <div class=\"card-body\">\r\n                                <p class=\"h3\">L&rsquo;essentiel<\/p>\r\n                                <ul class='mb-0'>\r\n                                    <li>Les causes les plus courantes des glissements de terrain sont la pluie d\u00e9bordante, le d\u00e9boisement, la construction sur les pentes raides et d.autres facteurs qui d\u00e9stabilisent une pente.<\/li>\r\n                                    <li>Le bon drainage et am\u00e9nagement paysager sont les cl\u00e9s pour prot\u00e9ger les structures des glissements de terrain.<\/li>\r\n                                    <li>La plupart des polices d&rsquo;assurance habitation ne couvre pas les dommages provoqu\u00e9s par les glissements de terrain.<\/li>\r\n                                <\/ul>\r\n                            <\/div>\r\n                        <\/div>\r\n                    <\/div>\r\n                <\/div>            \t\r\n\r\n\t\t\t\t<h2 id=\"What-is-landslide\">Qu\u2019est-ce qu\u2019un glissement de terrain?<\/h2>\r\n\r\n\t\t\t\t\t\t<p>On appelle g\u00e9n\u00e9ralement glissement de terrain tout type d\u2019effondrement de pente ou d\u2019\u00e9croulement de roches, de terre, de s\u00e9diments ou d\u2019arbres. Ces mati\u00e8res peuvent tomber, s\u2019effondrer, glisser, s\u2019\u00e9tendre ou s\u2019\u00e9couler le long d\u2019une pente. Un glissement de terrain peut avancer quasi imperceptiblement ou \u00e0 des vitesses d\u00e9passant les 100\u00a0kilom\u00e8tres l\u2019heure. Un glissement de terrain peut \u00eatre caus\u00e9 par des ph\u00e9nom\u00e8nes naturels, comme la pluie ou un <a href=\"\/fr\/centres-ressources\/securite-domiciliaire-personnelle\/preparation-tremblement-terre\" title=\"Pr\u00e9paration pour un tremblement de terre\">tremblement de terre<\/a>. L\u2019activit\u00e9 humaine, comme l\u2019extraction mini\u00e8re, le d\u00e9boisement, l\u2019arrosage de pelouse excessif ou la construction pr\u00e8s des pentes raides, peut \u00e9galement provoquer des glissements de terrain.<\/p>\r\n\r\n\t\t\t\t\t\t<p>Le volume de d\u00e9chets peut aller de quelques m\u00e8tres cubes \u00e0 des millions de m\u00e8tres cubes. Le glissement de terrain Frank, qui a eu lieu dans le sud de l\u2019Alberta en 1903, s\u2019est \u00e9tendu sur une zone de 44\u00a0millions de m\u00e8tres cubes. On estime que de 70 \u00e0 90\u00a0\u00e2mes ont p\u00e9ri dans la catastrophe.<\/p>\r\n\r\n\t\t\t\t<h2 id=\"protecting-home\">Prot\u00e9gez-vous et votre habitation contre les glissements de terrain<\/h2>\r\n\r\n\t\t\t\t\t\t<p>Il est important de vous familiariser avec le terrain autour de votre maison.<\/p>\r\n\r\n\t\t\t\t\t\t<p>Le drainage des eaux de pluie, les pentes, les roches, les pierres, les ruisseaux ou les rivi\u00e8res peuvent tous montrer des signes r\u00e9v\u00e9lateurs d\u2019un \u00e9ventuel glissement de terrain. Les pr\u00e9curseurs visibles d\u2019un glissement de terrain comprennent les fissures et le bouclement dans le terrain, l\u2019infiltration inhabituelle des eaux sur une pente, le changement subit de l\u2019\u00e9coulement d\u2019un cours d\u2019eau et la chute ou le glissement des petites pierres.<\/p>\r\n\r\n\t\t\t\t\t\t<p>Ne soyez pas votre propre ennemi\u00a0: \u00e9vitez des gestes qui peuvent d\u00e9stabiliser le terrain. Ne construisez pas pr\u00e8s des pentes raides, des falaises ou des cours d\u2019eau. Minimisez l\u2019arrosage de la pelouse et assurez-vous d\u2019\u00e9carter le ruissellement de l\u2019eau dans les all\u00e9es, les goutti\u00e8res et les tuyaux de descente.<\/p>\r\n\r\n\t\t\t\t\t\t<p>Consultez un professionnel qualifi\u00e9 pour obtenir des conseils sur les mesures pr\u00e9ventives que vous pouvez prendre pour votre maison, comme les raccords de tuyauterie et la conception et la construction des murs de sout\u00e8nement. Le bon am\u00e9nagement paysager est la cl\u00e9 d\u2019assurer un drainage d\u2019eau ad\u00e9quat sur vos lieux.<\/p>\r\n\r\n\t\t\t\t<h2 id=\"during-landslide\">Que faire en cas de glissement de terrain?<\/h2>\r\n\r\n\t\t\t\t\t\t<p>Vous devriez toujours \u00eatre pr\u00eat \u00e0 \u00e9vacuer imm\u00e9diatement, et cela s\u2019applique \u00e0 toute catastrophe naturelle. Pr\u00e9parez une <a href=\"https:\/\/www.quebec.ca\/securite-situations-urgence\/urgences-sinistres-risques-naturels\/comment-se-preparer-a-la-maison\" title=\"Faire son plan familial d\u2019urgence et sa trousse d\u2019urgence\" rel=\"noopener noreferrer\" target=\"_blank\">trousse d\u2019urgence<\/a> avec trousse de premiers soins, radio, torche \u00e9lectrique, v\u00eatements saisonniers, nourriture non p\u00e9rissable, eau et toute fourniture sp\u00e9cifique aux besoins de votre m\u00e9nage.<\/p>\r\n\r\n\t\t\t\t\t\t<p>Vous devriez imm\u00e9diatement quitter votre domicile et la localit\u00e9 si vous entendez un grondement accru, des craquements d\u2019arbres ou l\u2019entrechoc des roches. <\/p>\r\n\r\n\t\t\t\t\t\t<p>Si vous n\u2019avez pas assez de temps pour sortir, cherchez l\u2019abri dans la partie de la maison la plus \u00e9loign\u00e9e du glissement de terrain. Abritez-vous sous une table ou un banc solide. Tenez-vous bien et ne bougez pas jusqu\u2019\u00e0 ce que le d\u00e9placement des mati\u00e8res s\u2019arr\u00eate.<\/p>\r\n\r\n\t\t\t\t\t\t<p>Si vous \u00eates dehors, \u00e9cartez-vous du chemin probable du glissement de terrain en \u00e9vitant les talus, les arbres et les lignes \u00e0 haute tension. Serrez-vous en boule et prot\u00e9gez la t\u00eate et le cou. Restez \u00e0 l\u2019\u00e9cart de la zone touch\u00e9e, car la pente pourrait continuer \u00e0 bouger pendant des heures et des jours.<\/p>\r\n\r\n\t\t\t\t\t\t<p>Apr\u00e8s le glissement de terrain, \u00e9coutez la radio ou suivez les infos locales et les autorit\u00e9s d\u2019urgence sur les m\u00e9dias sociaux pour des directives suppl\u00e9mentaires. Ne retournez pas \u00e0 la zone touch\u00e9e avant que les autorit\u00e9s locales la d\u00e9clarent s\u00e9curitaire. <\/p>\r\n\r\n\t\t\t\t\t\t<p>Quand vous aurez le droit de retourner sur les lieux, v\u00e9rifiez la fondation et les structures de la maison, ainsi que le terrain autour. Replantez la terre endommag\u00e9e d\u00e8s que possible, car l\u2019\u00e9rosion caus\u00e9e par la perte de v\u00e9g\u00e9tation peut donner lieu \u00e0 des crues subites.<\/p>\r\n\r\n\t\t\t<\/div>\r\n        <\/div>\r\n    <\/div>\r\n<\/section>\r\n\r\n\t<section class=\"bg-transparent\">\n\t\t<img decoding=\"async\" src=\"\/sales\/images\/bgs\/bg-mid-page-cta-general-top.svg\" style=\"width: 100%; vertical-align: bottom; position: relative; top: 1px\"\/>\n\t\t\n\t\t<div class=\"bg-darkTeal py-3\">\t\t\t\n\t\t\t<div class=\"container-fluid\">\n\t\t\t\t<div class=\"row d-flex align-items-center pb-5\">\n\t\t\t\t\t<div class=\"col-12 col-md-8 offset-md-2 px-lg-5 pb-5 pb-lg-0\">\n\t\t\t\t\t\t<div class=\"h6 mb-4 text-primary text-uppercase text-center\">\n\t\t\t\t\t\t\tCela ne prend que 5\u00a0minutes \n\t\t\t\t\t\t<\/div>\t\t\n\t\t\t\t\t\t\t\t\t\t\t\n\t\t\t\t\t\t<p class=\"lead px-lg-5 text-white\">\n\t\t\t\t\t\t\t<strong class=\"d-inline-block text-uc-first\">Pr\u00eat \u00e0 obtenir une soumission en ligne? <\/strong> Votre temps est aussi pr\u00e9cieux que vos possessions. Obtenez une soumission d'assurance habitation en <strong>5 minutes<\/strong>. C\u2019est moins de temps qu\u2019il n\u2019en faut pour faire la file pour un caf\u00e9.\n\t\t\t\t\t\t<\/p>\t\t\t\n\t\n\t\t\t\t\t\t<div id=\"sq1-qw-c1390d88ce02\" class=\"sq1-quote-widget mb-4 text-white\" data-quote-widget-type=\"HOME\" data-has-custom-text=\"true\">\n\t\t\t\t\t\t\t<div class=\"input-group input-group-focus-within bg-white my-4\">\n\t\t\t\t\t\t\t\t<div>\n\t\t\t\t\t\t\t\t\t<div class=\"input-group-text\">\n\t\t\t\t\t\t\t\t\t\t<i class=\"fa fa-map-marker d-block text-black\"><\/i>\n\t\t\t\t\t\t\t\t\t<\/div>\n\t\t\t\t\t\t\t\t<\/div>\n\t\t\t\t\t\t\t\t<input type=\"text\" class=\"form-control\" style=\"padding: 10px;\" placeholder=\"Enter an address\" aria-label=\"Inscrivez votre adresse pour obtenir une soumission\"\/>\n\t\t\t\t\t\t\t\t<div>\n\t\t\t\t\t\t\t\t\t<button class=\"btn btn-primary\">Obtenir une soumission en ligne d\u00e8s maintenant<\/button>\n\t\t\t\t\t\t\t\t<\/div>\n\t\t\t\t\t\t\t<\/div>\n\t\t\t\t\t\t<\/div>\n\t\t\t\t\t\t\n\t\t\t\t\t\t<p class=\"small text-white\">Avant de commencer, veuillez lire notre <a href=\"https:\/\/www.squareone.ca\/fr\/politique-confidentialite\" target=\"_blank\" rel=\"noreferrer noopener\">Politique de confidentialit\u00e9<\/a> et nos <a href=\"https:\/\/www.squareone.ca\/fr\/conditions-utilisation\" target=\"_blank\" rel=\"noreferrer noopener\">Conditions d\u2019utilisation<\/a>.<\/p>\t\n\t\n\t\t\t\t\t\t<script type=\"text\/javascript\">\n\t\t\t\t\t\t(function() {\n\t\t\t\t\t\t\tdocument.addEventListener('soiMiscJsLoaded', function() {\n\t\t\t\t\t\t        $(document).ready(function() {\n\t\t\t\t\t\t\t\t\tsoiQuoteWidget.processFormWidget('\/sales\/index.php\/json_quote_widget?rand=' +Math.random(), 'qwContainer'); \/\/populate quoting widget with content from symfony.\n\t\t\t\t\t\t\t\t});\n\t\t\t\t\t\t\t});\n\t\t\t\t\t\t})();\n\t\t\t\t\t\t<\/script>\n\t\t\t\t\t<\/div>\n\t\t\t\t<\/div>\n\t\t\t<\/div>\n\t\t<\/div>\n\t\t\n\t\t<img decoding=\"async\" src=\"\/sales\/images\/bgs\/bg-mid-page-cta-general-bottom.svg\" style=\"width: 100%; vertical-align: top\"\/>\t\t\n\t<\/section>\r\n\r\n<section>\r\n    <div class=\"container-fluid py-6\">\r\n        <div class=\"row\">\r\n            <div class=\"col-12 col-lg-8\">\t\t\t\t\t\t\r\n\r\n\t\t\t\t<h2 id=\"Whats-covered\">Les glissements de terrain et l\u2019assurance habitation<\/h2>\r\n\r\n\t\t\t\t\t\t<p>Les polices d\u2019assurance habitation au Canada, y compris celles offertes par Square One, ne couvrent pas les dommages caus\u00e9s par les glissements de terrain. Dans le libell\u00e9 de la police, vous verrez une exclusion pour les dommages provoqu\u00e9s par les \u00ab\u00a0mouvements de la Terre\u00a0\u00bb ou quelque chose du genre. Il est difficile pour les <a href=\"\/fr\/centres-ressources\/lexique-assurance\/assureur\" title=\"D\u00e9finition : assureur\">assureurs<\/a> de couvrir les glissements de terrain en raison de leur impr\u00e9visibilit\u00e9 et les d\u00e9g\u00e2ts consid\u00e9rables qu\u2019ils provoquent.<\/p> \r\n\t\t\t\t\t\t<p>Heureusement, il y a des programmes du gouvernement qui pourraient offrir aux collectivit\u00e9s de l\u2019aide financi\u00e8re apr\u00e8s une catastrophe. Par exemple, les <a href=\"https:\/\/www.securitepublique.gc.ca\/cnt\/mrgnc-mngmnt\/rcvr-dsstrs\/dsstr-fnncl-ssstnc-rrngmnts\/index-fr.aspx\" title=\"Accords d'aide financi\u00e8re en cas de catastrophe\" rel=\"noopener noreferrer\" target=\"_blank\">Accords d&rsquo;aide financi\u00e8re en cas de catastrophe<\/a> (AAFCC) est un programme f\u00e9d\u00e9ral qui offre du financement aux gouvernements provinciaux et territoriaux. Ce financement est destin\u00e9 aux collectivit\u00e9s et aux particuliers.<\/p>\r\n\r\n\t\t\t\t\t\t<p>Toutefois, il est possible que les programmes d\u2019aide financi\u00e8re du gouvernement ne couvrent pas les dommages caus\u00e9s par une catastrophe naturelle. Tout comme l\u2019assurance, il y a des limitations, exclusions et restrictions \u00e0 l\u2019admissibilit\u00e9. Ces programmes varient selon la province et le territoire.<\/p>\r\n\r\n\t\t\t\t\t\t<p>Le saviez-vous?<\/p>\r\n\r\n\t\t\t\t\t\t<p>Alors qu\u2019une <a href=\"\/fr\/centres-ressources\/lexique-assurance\/reclamation\" title=\"D\u00e9finition : r\u00e9clamation\">r\u00e9clamation<\/a> pr\u00e9sent\u00e9e aupr\u00e8s d\u2019un fournisseur d\u2019assurance peut prendre des jours et des semaines \u00e0 r\u00e9gler, les r\u00e8glements issus des programmes d\u2019aide financi\u00e8re gouvernementaux peuvent durer des ann\u00e9es.<\/p> \r\n\r\n\t\t\t\t\t\t<p>Voici une liste de programmes d\u2019aide financi\u00e8re provinciaux et territoriaux\u00a0:<\/p>\r\n\r\n\t\t\t\t\t\t<ul>\r\n\r\n<li><a href=\"https:\/\/www.quebec.ca\/securite-situations-urgence\/urgences-sinistres-risques-naturels\/obtenir-aide-sinistre\/aide-financiere-proprietaires-locataires\" title=\"Aide financi\u00e8re\" rel=\"noopener noreferrer\" target=\"_blank\">Qu\u00e9bec<\/a><\/li>\r\n\r\n\t\t\t\t\t\t\t<li><a href=\"https:\/\/www2.gov.bc.ca\/gov\/content\/safety\/emergency-preparedness-response-recovery\/emergency-response-and-recovery\/disaster-financial-assistance\" title=\"DFAA BC\" rel=\"noopener noreferrer\" target=\"_blank\">Colombie-Britannique<\/a><\/li>\r\n\t\t\t\t\t\t\t<li><a href=\"https:\/\/www.alberta.ca\/disaster-assistance-and-recovery-support.aspx\" title=\"DFAA Alberta\" rel=\"noopener noreferrer\" target=\"_blank\">Alberta<\/a><\/li>\r\n\t\t\t\t\t\t\t<li><a href=\"https:\/\/www.saskpublicsafety.ca\/emergencies-and-response\/provincial-disaster-assistance-program\" title=\"PDAP Saskatchewan\" rel=\"noopener noreferrer\" target=\"_blank\">Saskatchewan<\/a><\/li>\r\n\t\t\t\t\t\t\t<li><a href=\"https:\/\/www.gov.mb.ca\/emo\/dfa\/index.fr.html\" title=\"Aide financi\u00e8re aux sinistr\u00e9s\" rel=\"noopener noreferrer\" target=\"_blank\">Manitoba<\/a><\/li>\r\n\t\t\t\t\t\t\t<li><a href=\"https:\/\/www.ontario.ca\/fr\/page\/demande-daide-aux-sinistres-pour-la-reprise-apres-une-catastrophe\" title=\"Aide aux sinistr\u00e9s\" rel=\"noopener noreferrer\" target=\"_blank\">Ontario<\/a><\/li>\r\n\t\t\t\t\t\t\t\r\n\t\t\t\t\t\t<\/ul>\r\n\r\n\t\t\t\t<h2 id=\"FAQ\">Questions fr\u00e9quemment pos\u00e9es<\/h2>\r\n\r\n\t\t\t\t\t<h3>Quelle est la diff\u00e9rence entre un glissement de terrain et une coul\u00e9e de boue?<\/h3>\r\n\r\n\t\t\t\t\t\t<p>Un glissement de terrain est le d\u00e9placement de masses importantes de roches, de terre et de d\u00e9chets en pente. Une coul\u00e9e de boue, \u00e9galement appel\u00e9e d\u00e9luge de boue, est un mouvement rapide d&rsquo;une masse de mat\u00e9riaux remani\u00e9s, \u00e0 forte teneur en eau et de consistance plus ou moins visqueuse.<\/p>\r\n\r\n\t\t\t\t\t\t<p>Bien que les glissements de terrain soient caus\u00e9s par les perturbations dans la stabilit\u00e9 naturelle d\u2019une pente, les coul\u00e9es de boue se forment lorsque l\u2019eau s\u2019accumule rapidement dans le sol pour provoquer une pouss\u00e9e de roches, de terre et de d\u00e9chets satur\u00e9e d\u2019eau.<\/p>\r\n\r\n\t\t\t\t\t<h3>Quelles r\u00e9gions du Canada sont plus susceptibles aux glissements de terrain?<\/h3>\r\n\r\n\t\t\t\t\t\t<p>Bien que les glissements de terrain puissent survenir dans toutes les r\u00e9gions du pays, les glissements de terrain les plus catastrophiques ont lieu dans les montagnes de la Colombie-Britannique et de l\u2019Alberta, ainsi que dans certaines r\u00e9gions du Qu\u00e9bec et de l\u2019Ontario.<\/p>\r\n\r\n<h3>Je compte acheter une habitation. Comment puis-je savoir si l\u2019habitation se trouve dans une zone \u00e0 risque de glissement de terrain?<\/h3>\r\n\r\n\t\t\t\t\t\t<p>Il y a de nombreuses fa\u00e7ons de d\u00e9terminer si votre habitation se trouve dans une r\u00e9gion \u00e0 risque de glissement de terrain\u00a0:<\/p>\r\n\r\n\t\t\t\t\t\t<ul>\r\n\t\t\t\t\t\t\t<li>Parlez avec le vendeur ou les voisins pour d\u00e9couvrir l\u2019historique de la r\u00e9gion.<\/li>\r\n\t\t\t\t\t\t\t<li>Embauchez un ing\u00e9nieur en g\u00e9otechnique ou un g\u00e9oscientifique pour effectuer une \u00e9valuation des lieux.<\/li>\r\n\t\t\t\t\t\t\t<li>Cherchez des structures de protection contre les glissements de terrain ou les crues d\u2019eau, comme les murs de sout\u00e8nement.<\/li>\r\n\t\t\t\t\t\t\t<li>Consultez le Registre foncier pour d\u00e9terminer s\u2019il y a un <a href=\"https:\/\/www.registrefoncier.gouv.qc.ca\/Sirf\/\" title=\"Registre foncier\" rel=\"noopener noreferrer\" target=\"_blank\">covenant<\/a> dans le titre de propri\u00e9t\u00e9 en ce qui concerne le risque des glissements de terrain.<\/li>\r\n\t\t\t\t\t\t<\/ul>\r\n\r\n\t\t\t            <p><strong>Vous voulez en savoir plus?<\/strong> Consultez notre <a href=\"\/fr\/centres-ressources\/bases-assurance\" title=\"Centre de ressources : bases de l\u2019assurance habitation\">Centre de ressources&nbsp;: bases de l\u2019assurance habitation<\/a> pour acc\u00e9der \u00e0 des dizaines d\u2019articles pratiques pour vous guider sur les tenants et aboutissants de l\u2019assurance habitation. Ensuite, <a href=\"\/fr\/soumission-assurance-habitation-en-ligne\" title=\"Obtenir une soumission d\u2019assurance habitation en ligne\">obtenez une soumission d'assurance habitation en ligne<\/a> en moins de 5\u00a0minutes et d\u00e9couvrez \u00e0 quel point l\u2019assurance habitation personnalis\u00e9e peut \u00eatre abordable.<\/p>\r\n\r\n\t\t\t            <div class=\"row py-3\">\r\n<div class=\"col-12\">\r\n<div class=\"card review\" style=\"box-shadow: 0 2px 4px rgba(0,0,0,0.07);background-color:#f4f4f4;\">\r\n<div class=\"card-body\">\r\n\t<p class=\"text-primary h4\">\u00c0 propos de l\u2019expert&nbsp;: Daniel Mirkovic<\/p>\r\n\t<p>Cofondateur de Square One comptant plus de 25&nbsp;ans dans le secteur de l\u2019assurance, Daniel \u00e9tait vice-pr\u00e9sident des services d\u2019assurance et de voyage de la British Columbia Automobile Association (BCAA). Daniel est titulaire d'un baccalaur\u00e9at \u00e8s commerce et d'une ma\u00eetrise \u00e8s administration des affaires, tous deux obtenus \u00e0 la Sauder School of Business de l'universit\u00e9 de la Colombie-Britannique. Daniel est muni de la d\u00e9signation CAAC et d\u2019un certificat en assurance de dommages niveau&nbsp;3 en Colombie-Britannique, en Alberta, en Saskatchewan, au Manitoba et en Ontario.<\/p>\r\n<\/div>\r\n<\/div>\r\n<\/div>\r\n<\/div>\r\n\r\n\t\t\t<\/div>\r\n\t    <\/div>\r\n\t<\/div>\r\n<\/section>\r\n<script type=\"application\/ld+json\">\r\n{\r\n  \"@context\": \"https:\/\/schema.org\",\r\n \"@type\": \"WebPage\",\r\n  \"mainEntityOfPage\": {\r\n    \"@type\": \"Article\",\r\n\"@id\": \"https:\/\/www.squareone.ca\/fr\/centres-ressources\/bases-assurance\/glissement-terrain\"\r\n  },\r\n  \"author\": [\r\n    {\r\n      \"@type\": \"Person\",\r\n      \"name\": \"Anthony Michael\",\r\n      \"url\": \"https:\/\/www.squareone.ca\/fr\/a-propos-de-nous\/membres-equipe#anthony-michael\"\r\n    }\r\n  ],\r\n  \"reviewedBy\": [\r\n    {\r\n      \"@type\": \"Person\",\r\n      \"name\": \"Daniel Mirkovic\",\r\n      \"url\": \"https:\/\/www.squareone.ca\/fr\/a-propos-de-nous\/experts\/daniel-mirkovic\"\r\n    }\r\n  ],\r\n  \"headline\": \"Les dommages caus\u00e9s par un glissement de terrain sont-ils admissibles \u00e0 l\u2019assurance?\",\r\n  \"datePublished\": \"\",\r\n  \"dateModified\": \"\",\r\n  \"inLanguage\": \"fr-CA\",\r\n  \"isAccessibleForFree\": true\r\n}\r\n<\/script>\r\n<script type=\"application\/ld+json\">\r\n{\r\n  \"@context\": \"https:\/\/schema.org\",\r\n  \"@type\": \"FAQPage\",\r\n  \"mainEntity\": [{\r\n    \"@type\": \"Question\",\r\n    \"name\": \"Quelle est la diff\u00e9rence entre un glissement de terrain et une coul\u00e9e de boue?\",\r\n    \"acceptedAnswer\": {\r\n      \"@type\": \"Answer\",\r\n      \"text\": \"Un glissement de terrain est le d\u00e9placement de masses importantes de roches, de terre et de d\u00e9chets en pente. Une coul\u00e9e de boue, \u00e9galement appel\u00e9e d\u00e9luge de boue, est un mouvement rapide d\u2019une masse de mat\u00e9riaux remani\u00e9s, \u00e0 forte teneur en eau et de consistance plus ou moins visqueuse. Bien que les glissements de terrain soient caus\u00e9s par les perturbations dans la stabilit\u00e9 naturelle d\u2019une pente, les coul\u00e9es de boue se forment lorsque l\u2019eau s\u2019accumule rapidement dans le sol pour provoquer une pouss\u00e9e de roches, de terre et de d\u00e9chets satur\u00e9e d\u2019eau.\"\r\n    }\r\n  },{\r\n    \"@type\": \"Question\",\r\n    \"name\": \"Quelles r\u00e9gions du Canada sont plus susceptibles aux glissements de terrain?\",\r\n    \"acceptedAnswer\": {\r\n      \"@type\": \"Answer\",\r\n      \"text\": \"Bien que les glissements de terrain puissent survenir dans toutes les r\u00e9gions du pays, les glissements de terrain les plus catastrophiques ont lieu dans les montagnes de la Colombie-Britannique et de l\u2019Alberta, ainsi que dans certaines r\u00e9gions du Qu\u00e9bec et de l\u2019Ontario.\"\r\n    }\r\n  },{\r\n    \"@type\": \"Question\",\r\n    \"name\": \"Je compte acheter une habitation. Comment puis-je savoir si l\u2019habitation se trouve dans une zone \u00e0 risque de glissement de terrain?\",\r\n    \"acceptedAnswer\": {\r\n      \"@type\": \"Answer\",\r\n      \"text\": \"Il y a de nombreuses fa\u00e7ons de d\u00e9terminer si votre habitation se trouve dans une r\u00e9gion \u00e0 risque de glissement de terrain : parlez avec le vendeur ou les voisins pour d\u00e9couvrir l\u2019historique de la r\u00e9gion, embauchez un ing\u00e9nieur en g\u00e9otechnique ou un g\u00e9oscientifique pour effectuer une \u00e9valuation des lieux, cherchez des structures de protection contre les glissements de terrain ou les crues d\u2019eau, comme les murs de sout\u00e8nement, consultez le Registre foncier pour d\u00e9terminer s\u2019il y a un covenant dans le titre de propri\u00e9t\u00e9 en ce qui concerne le risque des glissements de terrain.\"\r\n    }\r\n  }]\r\n}\r\n<\/script>\r\n","protected":false},"excerpt":{"rendered":"<p>Prot\u00e9gez-vous et votre maison contre un glissement de terrain \u00c9valu\u00e9 par Daniel Mirkovic Des milliers de glissements de terrain ont lieu chaque ann\u00e9e dans les quatre coins du Canada. Souvent mortels, ils endommagent les routes, l\u2019infrastructure de communication, les ol\u00e9oducs, les immeubles et les ressources naturelles. Selon Ressources naturelles Canada, les glissements de terrain occasionnent [&hellip;]<\/p>\n","protected":false},"author":2,"featured_media":0,"parent":50045,"menu_order":20,"comment_status":"open","ping_status":"closed","template":"page-article-new.php","meta":{"_acf_changed":false,"footnotes":""},"class_list":["post-67281","page","type-page","status-publish","hentry"],"acf":[],"_links":{"self":[{"href":"https:\/\/www.squareone.ca\/fr\/wp-json\/wp\/v2\/pages\/67281","targetHints":{"allow":["GET"]}}],"collection":[{"href":"https:\/\/www.squareone.ca\/fr\/wp-json\/wp\/v2\/pages"}],"about":[{"href":"https:\/\/www.squareone.ca\/fr\/wp-json\/wp\/v2\/types\/page"}],"author":[{"embeddable":true,"href":"https:\/\/www.squareone.ca\/fr\/wp-json\/wp\/v2\/users\/2"}],"replies":[{"embeddable":true,"href":"https:\/\/www.squareone.ca\/fr\/wp-json\/wp\/v2\/comments?post=67281"}],"version-history":[{"count":18,"href":"https:\/\/www.squareone.ca\/fr\/wp-json\/wp\/v2\/pages\/67281\/revisions"}],"predecessor-version":[{"id":75602,"href":"https:\/\/www.squareone.ca\/fr\/wp-json\/wp\/v2\/pages\/67281\/revisions\/75602"}],"up":[{"embeddable":true,"href":"https:\/\/www.squareone.ca\/fr\/wp-json\/wp\/v2\/pages\/50045"}],"wp:attachment":[{"href":"https:\/\/www.squareone.ca\/fr\/wp-json\/wp\/v2\/media?parent=67281"}],"curies":[{"name":"wp","href":"https:\/\/api.w.org\/{rel}","templated":true}]}}