{"id":67317,"date":"2023-10-20T11:03:27","date_gmt":"2023-10-20T18:03:27","guid":{"rendered":"https:\/\/www.squareone.ca\/centres-ressources\/lexique-assurance\/definition-negligence-fr"},"modified":"2025-11-28T14:53:59","modified_gmt":"2025-11-28T22:53:59","slug":"definition-negligence-fr","status":"publish","type":"page","link":"https:\/\/www.squareone.ca\/fr\/centres-ressources\/lexique-assurance\/negligence","title":{"rendered":"D\u00e9finition : n\u00e9gligence"},"content":{"rendered":"<section id='intro' class=\"bg-shape-split bg-sub-page-hero\">\r\n    <div class=\"bg-position\">\r\n        <div class=\"container-fluid\">\r\n            <div class=\"row align-items-center\">\r\n                <div class=\"col-12 col-lg-8\">                \r\n                    <h1>N\u00e9gligence<\/h1>\r\n                    <strong>Article r\u00e9dig\u00e9 par <a href=\"\/fr\/a-propos-de-nous\/contributeurs#seamus-mckale\" title=\"Auteur : Seamus McKale\">Seamus McKale<\/a><\/strong>\r\n                                        <p class=\"pb-3\"><strong>Article \u00e9valu\u00e9 par <a href=\"\/fr\/a-propos-de-nous\/experts\/daniel-mirkovic\" title=\"Expert : Daniel Mirkovic\">Daniel Mirkovic<\/a><\/strong><\/p> \r\n                    <p class=\"pb-4\" style=\"margin-top:-24px\">Mis \u00e0 jour le 6 novembre 2025<\/p>\r\n                <\/div>\r\n            <\/div>\r\n\r\n            <div class=\"row\">\r\n                <div class=\"col-lg-8\">\r\n                    <p class='mb-0'>Nom<\/p>\r\n                    <p>n\u00e9g\u00b7li\u00b7gence | ne\u0261li\u0292\u0251\u0303s<\/p>\r\n                    <p class=\"display-4\"><strong><span class='text-orange'>D\u00e9finition&nbsp;:<\/span> la faute non intentionnelle r\u00e9sultant d&rsquo;un manque de soin ou de vigilance.<\/strong><\/p>\r\n                    <p class=\"display-4\"><i>Les dommages ont \u00e9t\u00e9 caus\u00e9s par sa <strong>n\u00e9gligence<\/strong>.<\/i><\/p>                   \r\n                <\/div>\r\n\r\n                <div class=\"col-lg-3 offset-lg-1\">          \r\n                    <p class=\"mb-2 display-4 pt-4 pt-lg-0 pt-mb-0\"><strong>Th\u00e8mes<\/strong><\/p>\r\n                    <ul class=\"list-unstyled link-list display-4\">\r\n                        <li><a href='#What-is'>Qu\u2019est-ce que la n\u00e9gligence?<\/a><\/li>\r\n                        <li><a href='#Negligence-insurance'>La n\u00e9gligence en assurance<\/a><\/li>\r\n                    <\/ul>\r\n                <\/div>\r\n            <\/div>  \r\n        <\/div>\r\n    <\/div>\r\n    <div class=\"bg-bottom\"><\/div>\r\n<\/section>\r\n\r\n<section>\r\n    <div class=\"container-fluid py-6\">\r\n        <div class=\"row\">\r\n            <div class=\"col-12 col-lg-8\">\r\n                <div class=\"row pb-6\">\r\n                    <div class=\"col-12\">\r\n                        <div class=\"card review\" style='background-color:#FFE0C9'>\r\n                            <div class=\"card-body\">\r\n                                <p class=\"h3\">L\u2019essentiel<\/p>\r\n                                <ul class='mb-0'>\r\n                                     <li>La n\u00e9gligence est le fait de ne pas exercer le niveau de diligence que l\u2019on attendrait d\u2019une personne raisonnable dans une situation donn\u00e9e.<\/li>\r\n                                     <li>La n\u00e9gligence ne s\u2019applique qu\u2019aux gestes involontaires.<\/li>\r\n                                     <li>Souvent, les polices d\u2019assurance habitation comprennent la couverture pour la responsabilit\u00e9 civile, qui aide l\u2019assur\u00e9 \u00e0 r\u00e9gler ses frais juridiques s\u2019il est accus\u00e9 ou jug\u00e9 d\u2019\u00eatre coupable de n\u00e9gligence.<\/li>\r\n                                <\/ul>\r\n                            <\/div>\r\n                        <\/div>\r\n                    <\/div>\r\n                <\/div>\r\n\r\n            <h2 id=\"What-is\">Qu\u2019est-ce que la n\u00e9gligence?<\/h2>\r\n\r\n                <p>La n\u00e9gligence est le fait de ne pas exercer le <a href=\"https:\/\/vitrinelinguistique.oqlf.gouv.qc.ca\/fiche-gdt\/fiche\/8379945\/obligation-de-prudence-et-de-diligence\" rel=\"noopener noreferrer\" target=\"_blank\">niveau de diligence<\/a> que l\u2019on attendrait d\u2019une personne raisonnable dans une situation donn\u00e9e. Il s\u2019agit d\u2019un terme qui surgit souvent en assurance ou en droit.<\/p>\r\n\r\n                <p>La n\u00e9gligence peut provenir d\u2019un geste ou du d\u00e9faut d\u2019agir.<\/p>\r\n\r\n                <p>Un aspect important \u00e0 noter c\u2019est que la n\u00e9gligence n\u2019est jamais intentionnelle. Si vous faites mal \u00e0 quelqu\u2019un ou causez des dommages expr\u00e8s, il ne s\u2019agit pas de n\u00e9gligence.<\/p>\r\n\r\n                <p>Il y a beaucoup d\u2019aspects \u00e0 examiner dans la d\u00e9finition de n\u00e9gligence. Premi\u00e8rement, il faut d\u00e9finir la notion de \u00ab&nbsp;personne raisonnable&nbsp;\u00bb. Lorsque vous essayez de d\u00e9terminer si quelqu\u2019un a \u00e9t\u00e9 n\u00e9gligent ou non, la premi\u00e8re question \u00e0 poser c\u2019est&nbsp;: \u00ab&nbsp;qu\u2019est-ce qu\u2019une personne raisonnable aurait fait dans cette situation?&nbsp;\u00bb<\/p>\r\n\r\n                <p>Notre personne raisonnable est une \u00e2me th\u00e9orique d\u2019intelligence et de prudence moyennes&nbsp;: elle n\u2019est pas excessivement prudente, mais elle n\u2019est pas non plus t\u00e9m\u00e9raire. La notion pr\u00e9cise de \u00ab&nbsp;raisonnable&nbsp;\u00bb est adaptable selon la situation. Toutefois, dans la plupart des cas, vous avez une bonne id\u00e9e de ce qu\u2019une personne typique aurait fait ou n\u2019aurait pas fait.<\/p>\r\n\r\n                <p class=\"mb-0\">Examinons un exemple&nbsp;:<\/p>\r\n\r\n                <div class=\"row py-6\">\r\n                    <div class=\"col-12\">\r\n                        <div class=\"card review\" style='background-color:#B5E0EB'>\r\n                            <div class=\"card-body\">\r\n                                <p class=\"display-4\"><strong>Exemple<\/strong><\/p>\r\n\r\n                                    <p><i>Chaque automne, Michel taille les arbres dans sa cour. Il ramasse les branches taill\u00e9es pour les br\u00fbler. Michel obtient toujours un permis de feu et suit tous les r\u00e8glements sur la taille et l\u2019emplacement du feu.<\/i><\/p>\r\n\r\n                                    <p><i>Aujourd\u2019hui, il est pr\u00eat \u00e0 br\u00fbler les branches. Pourtant, le temps n\u2019est pas prometteur; on pr\u00e9voit des rafales pendant toute la journ\u00e9e. Michel souhaite br\u00fbler les branches la fin de semaine, car il doit surveiller le feu. Il ne veut pas attendre la prochaine fin de semaine, alors il d\u00e9cide de mettre le feu.<\/i><\/p>\r\n\r\n                                    <p><i>Alors que le feu flambe, un vent fort projette des d\u00e9chets enflamm\u00e9s sur la vieille cl\u00f4ture s\u00e8che du voisin. La cl\u00f4ture prend feu imm\u00e9diatement. Michel \u00e9teint le feu \u00e0 l\u2019aide de son tuyau de jardin, mais pas avant que le feu calcine une grande partie de la cl\u00f4ture.<\/i><\/p>\r\n                            <\/div>\r\n                        <\/div>\r\n                    <\/div>\r\n                <\/div>\r\n\r\n                <p>Pensez-vous que Michel a agi comme une personne raisonnable dans cet exemple?<\/p>\r\n\r\n                <p>Probablement pas.<\/p>\r\n\r\n                <p>Malgr\u00e9 le fait qu\u2019il ait pris le temps d\u2019obtenir un permis et ait suivi les r\u00e8glements, il a su qu\u2019il y aurait du vent et a mis le feu quand m\u00eame. Bien qu\u2019il n\u2019ait pas eu l\u2019intention de mettre le feu \u00e0 la cl\u00f4ture du voisin, il l\u2019a fait par ses gestes.<\/p>\r\n\r\n                <p>Par cons\u00e9quent, on peut dire que Michel a \u00e9t\u00e9 n\u00e9gligent.<\/p>\r\n\r\n                <p>La n\u00e9gligence va au-del\u00e0 du fait de faire quelque chose qu\u2019une personne raisonnable n\u2019aurait pas fait. Le contraire est \u00e9galement vrai&nbsp;: si vous ne faites pas ce qu\u2019une personne raisonnable aurait fait, vous pourriez \u00eatre accus\u00e9 de n\u00e9gligence. Par exemple, vous voyez votre toilette d\u00e9border, mais vous ne faites rien au lieu de fermer l\u2019eau.<\/p>\r\n\r\n                <p>Il y a d\u2019autres formes de n\u00e9gligence. Par exemple, on s\u2019attend \u00e0 ce que les compagnies prennent des mesures raisonnables pour concevoir et fabriquer des produits s\u00e9curitaires. Sinon, on peut les accuser de n\u00e9gligence.<\/p>\r\n\r\n                <p class=\"mb-0\">Dans le cadre de l\u2019assurance habitation, on parle de <a href=\"\/fr\/centres-ressources\/lexique-assurance\/responsabilite\" title=\"D\u00e9finition : responsabilit\u00e9\">responsabilit\u00e9 du fait des lieux<\/a>. Dans cette optique, vous devez faire en sorte que votre domicile soit raisonnablement s\u00e9curitaire pour les visiteurs. Admettons qu\u2019un visiteur se blesse chez vous. Il est possible que vous soyez jug\u00e9 d\u2019\u00eatre n\u00e9gligent et l\u00e9galement responsable des blessures de la victime.<\/p>\r\n\r\n                <div class=\"row py-6\">\r\n                    <div class=\"col-12\">\r\n                        <div class=\"card review\" style='background-color:#B5E0EB'>\r\n                            <div class=\"card-body\">\r\n                                <p class=\"display-4\"><strong>Exemple<\/strong><\/p>\r\n\r\n                                    <p><i>Jocelyne vit dans une vieille maison qui est toujours en bon \u00e9tat.<\/i><\/p>\r\n\r\n                                    <p><i>Toutefois, les planches de bois des marches de l\u2019entr\u00e9e commencent \u00e0 pourrir. D\u2019habitude, Jocelyne entre par la porte du c\u00f4t\u00e9, alors elle ne pense pas aux marches de la porte d\u2019entr\u00e9e. Elle ne croit pas que cela vaut le co\u00fbt ou l\u2019effort de les r\u00e9parer.<\/i><\/p>\r\n\r\n                                    <p><i>Un jour, un livreur vient laisser un colis. Quand il monte sur les marches, une des planches s\u2019effondre et le livreur blesse gri\u00e8vement la cheville. La personne devra prendre quinze jours de cong\u00e9 pour se gu\u00e9rir.<\/i><\/p>\r\n                            <\/div>\r\n                        <\/div>\r\n                    <\/div>\r\n                <\/div>\r\n\r\n                <p>Il est probable que Jocelyne sera jug\u00e9 d\u2019\u00eatre n\u00e9gligente dans cet exemple, m\u00eame si elle n\u2019a pas directement caus\u00e9 la blessure du livreur. \u00c9tant donn\u00e9 qu\u2019il s\u2019agit du domicile de Jocelyne, elle est responsable de le rendre raisonnablement s\u00e9curitaire pour les visiteurs; une marche pourrie n\u2019est pas raisonnablement s\u00e9curitaire de tous points de vue.<\/p>\r\n            <\/div>\r\n        <\/div>\r\n    <\/div>\r\n<\/section>\r\n\r\n\t<section class=\"bg-transparent\">\n\t\t<img decoding=\"async\" src=\"\/sales\/images\/bgs\/bg-mid-page-cta-general-top.svg\" style=\"width: 100%; vertical-align: bottom; position: relative; top: 1px\"\/>\n\t\t\n\t\t<div class=\"bg-darkTeal py-3\">\t\t\t\n\t\t\t<div class=\"container-fluid\">\n\t\t\t\t<div class=\"row d-flex align-items-center pb-5\">\n\t\t\t\t\t<div class=\"col-12 col-md-8 offset-md-2 px-lg-5 pb-5 pb-lg-0\">\n\t\t\t\t\t\t<div class=\"h6 mb-4 text-primary text-uppercase text-center\">\n\t\t\t\t\t\t\tCela ne prend que 5\u00a0minutes \n\t\t\t\t\t\t<\/div>\t\t\n\t\t\t\t\t\t\t\t\t\t\t\n\t\t\t\t\t\t<p class=\"lead px-lg-5 text-white\">\n\t\t\t\t\t\t\t<strong class=\"d-inline-block text-uc-first\">Pr\u00eat \u00e0 obtenir une soumission en ligne? <\/strong> Votre temps est aussi pr\u00e9cieux que vos possessions. Obtenez une soumission d'assurance habitation en <strong>5 minutes<\/strong>. C\u2019est moins de temps qu\u2019il n\u2019en faut pour faire la file pour un caf\u00e9.\n\t\t\t\t\t\t<\/p>\t\t\t\n\t\n\t\t\t\t\t\t<div id=\"sq1-qw-0c7482ed3ebc\" class=\"sq1-quote-widget mb-4 text-white\" data-quote-widget-type=\"HOME\" data-has-custom-text=\"true\">\n\t\t\t\t\t\t\t<div class=\"input-group input-group-focus-within bg-white my-4\">\n\t\t\t\t\t\t\t\t<div>\n\t\t\t\t\t\t\t\t\t<div class=\"input-group-text\">\n\t\t\t\t\t\t\t\t\t\t<i class=\"fa fa-map-marker d-block text-black\"><\/i>\n\t\t\t\t\t\t\t\t\t<\/div>\n\t\t\t\t\t\t\t\t<\/div>\n\t\t\t\t\t\t\t\t<input type=\"text\" class=\"form-control\" style=\"padding: 10px;\" placeholder=\"Enter an address\" aria-label=\"Inscrivez votre adresse pour obtenir une soumission\"\/>\n\t\t\t\t\t\t\t\t<div>\n\t\t\t\t\t\t\t\t\t<button class=\"btn btn-primary\">Obtenir une soumission en ligne d\u00e8s maintenant<\/button>\n\t\t\t\t\t\t\t\t<\/div>\n\t\t\t\t\t\t\t<\/div>\n\t\t\t\t\t\t<\/div>\n\t\t\t\t\t\t\n\t\t\t\t\t\t<p class=\"small text-white\">Avant de commencer, veuillez lire notre <a href=\"https:\/\/www.squareone.ca\/fr\/politique-confidentialite\" target=\"_blank\" rel=\"noreferrer noopener\">Politique de confidentialit\u00e9<\/a> et nos <a href=\"https:\/\/www.squareone.ca\/fr\/conditions-utilisation\" target=\"_blank\" rel=\"noreferrer noopener\">Conditions d\u2019utilisation<\/a>.<\/p>\t\n\t\n\t\t\t\t\t\t<script type=\"text\/javascript\">\n\t\t\t\t\t\t(function() {\n\t\t\t\t\t\t\tdocument.addEventListener('soiMiscJsLoaded', function() {\n\t\t\t\t\t\t        $(document).ready(function() {\n\t\t\t\t\t\t\t\t\tsoiQuoteWidget.processFormWidget('\/sales\/index.php\/json_quote_widget?rand=' +Math.random(), 'qwContainer'); \/\/populate quoting widget with content from symfony.\n\t\t\t\t\t\t\t\t});\n\t\t\t\t\t\t\t});\n\t\t\t\t\t\t})();\n\t\t\t\t\t\t<\/script>\n\t\t\t\t\t<\/div>\n\t\t\t\t<\/div>\n\t\t\t<\/div>\n\t\t<\/div>\n\t\t\n\t\t<img decoding=\"async\" src=\"\/sales\/images\/bgs\/bg-mid-page-cta-general-bottom.svg\" style=\"width: 100%; vertical-align: top\"\/>\t\t\n\t<\/section>\r\n\r\n<section class='py-6'>\r\n    <div class=\"container-fluid\">\r\n        <div class=\"row\">\r\n            <div class=\"col-12 col-lg-8\">\r\n\r\n            <h2 id=\"Negligence-insurance\">La n\u00e9gligence et l\u2019assurance habitation<\/h2>\r\n\r\n                <p>Il y a un lien entre la n\u00e9gligence et l\u2019assurance habitation; plus pr\u00e9cis\u00e9ment la couverture pour la <a href=\"\/fr\/centres-ressources\/bases-assurance\/assurance-responsabilite-civile\" title=\"Bases de l\u2019assurance : responsabilit\u00e9 civile\">responsabilit\u00e9 civile<\/a>.<\/p> \r\n\r\n                <p>La plupart des polices d\u2019assurance habitation comprennent la responsabilit\u00e9 civile, une couverture qui aide l\u2019assur\u00e9 \u00e0 r\u00e9gler ses frais juridiques s\u2019il est de n\u00e9gligence. Une personne coupable de n\u00e9gligence est responsable, d\u2019o\u00f9 le besoin de couverture pour la responsabilit\u00e9 civile.<\/p>\r\n\r\n                <p>La garantie pour responsabilit\u00e9 civile couvre les frais juridiques d\u2019un proc\u00e8s au tribunal. Cette protection aidera \u00e9galement \u00e0 r\u00e9gler les <a href=\"\/fr\/centres-ressources\/lexique-assurance\/dommages-interets\" title=\"D\u00e9finition : dommages-interets\">dommages-int\u00e9r\u00eats<\/a> compensatoires si vous \u00eates jug\u00e9 d\u2019\u00eatre n\u00e9gligent. Les dommages-int\u00e9r\u00eats compensatoires sont cens\u00e9s compenser la partie  l\u00e9s\u00e9e par la n\u00e9gligence.<\/p>\r\n\r\n                <p>Important \u00e0 noter&nbsp;:<\/p>\r\n\r\n                <p>La garantie pour la responsabilit\u00e9 civile ne couvre que les <a href=\"https:\/\/www.squareone.ca\/fr\/centres-ressources\/lexique-assurance\/dommages-interets\" title=\"Dommages-int\u00e9r\u00eats compensatoires vs punitifs\" rel=\"noopener noreferrer\" target=\"_blank\">dommages-int\u00e9r\u00eats compensatoires<\/a>; elle ne couvre jamais les dommages-int\u00e9r\u00eats punitifs ou exemplaires. Parfois, les tribunaux le font pour d\u00e9courager le comportement extr\u00eamement mauvais \u00e0 l\u2019avenir.<\/p>\r\n\r\n                <p>Il est \u00e9galement important de noter que la garantie pour la responsabilit\u00e9 civile couvre les frais de votre d\u00e9fense, m\u00eame dans les cas o\u00f9 vous n\u2019avez pas \u00e9t\u00e9 jug\u00e9 d\u2019\u00eatre n\u00e9gligent, mais quelqu\u2019un vous poursuit quand m\u00eame.<\/p>\r\n\r\n                <p>En assurance habitation, il y a deux types de couverture pour responsabilit\u00e9&nbsp;: la responsabilit\u00e9 civile et la responsabilit\u00e9 du fait des lieux. La responsabilit\u00e9 civile a lieu quand vous \u00eates accus\u00e9 de n\u00e9gligence en raison de vos gestes (ou d\u00e9faut d\u2019agir) partout dans le monde. La responsabilit\u00e9 du fait des lieux s\u2019applique \u00e0 la n\u00e9gligence relativement \u00e0 <a href=\"\/fr\/centres-ressources\/lexique-assurance\/occupation\" title=\"D\u00e9finition : occupation\">l\u2019occupation<\/a> de votre domicile, comme la marche pourrie dans l\u2019exemple ci-dessus.<\/p> \r\n\r\n                <p><strong>Vous recherchez une d\u00e9finition en assurance?<\/strong> Consultez notre <a href=\"\/fr\/centres-ressources\/lexique-assurance\" title=\"Centre de ressources : lexique de l'assurance\">Centre de ressources&nbsp;: lexique de l\u2019assurance<\/a> pour acc\u00e9der \u00e0 des d\u00e9finitions faciles \u00e0 comprendre des termes les plus courants de l'assurance. Ensuite, <a href=\"\/fr\/soumission-assurance-habitation-en-ligne\" title=\"Obtenir une soumission d\u2019assurance habitation en ligne\">obtenez une soumission d'assurance habitation en ligne<\/a> en moins de 5\u00a0minutes et d\u00e9couvrez \u00e0 quel point l\u2019assurance habitation personnalis\u00e9e peut \u00eatre abordable.<\/p>\r\n\r\n                <div class=\"row py-3\">\r\n<div class=\"col-12\">\r\n<div class=\"card review\" style=\"box-shadow: 0 2px 4px rgba(0,0,0,0.07);background-color:#f4f4f4;\">\r\n<div class=\"card-body\">\r\n\t<p class=\"text-primary h4\">\u00c0 propos de l\u2019expert&nbsp;: Daniel Mirkovic<\/p>\r\n\t<p>Cofondateur de Square One comptant plus de 25&nbsp;ans dans le secteur de l\u2019assurance, Daniel \u00e9tait vice-pr\u00e9sident des services d\u2019assurance et de voyage de la British Columbia Automobile Association (BCAA). Daniel est titulaire d'un baccalaur\u00e9at \u00e8s commerce et d'une ma\u00eetrise \u00e8s administration des affaires, tous deux obtenus \u00e0 la Sauder School of Business de l'universit\u00e9 de la Colombie-Britannique. Daniel est muni de la d\u00e9signation CAAC et d\u2019un certificat en assurance de dommages niveau&nbsp;3 en Colombie-Britannique, en Alberta, en Saskatchewan, au Manitoba et en Ontario.<\/p>\r\n<\/div>\r\n<\/div>\r\n<\/div>\r\n<\/div>\r\n\r\n            <\/div>\r\n        <\/div>\r\n    <\/div>\r\n<\/section>\r\n<script type=\"application\/ld+json\">\r\n{\r\n  \"@context\": \"https:\/\/schema.org\",\r\n  \"@graph\": [\r\n    {\r\n      \"@type\": [\"WebPage\", \"DefinedTerm\"],\r\n      \"@id\": \"https:\/\/www.squareone.ca\/fr\/centres-ressources\/lexique-assurance\/negligence\",\r\n      \"url\": \"https:\/\/www.squareone.ca\/fr\/centres-ressources\/lexique-assurance\/negligence\",\r\n      \"inLanguage\": \"fr-CA\",\r\n      \"isAccessibleForFree\": true,\r\n      \"name\": \"N\u00e9gligence\",\r\n      \"description\": \"La faute non intentionnelle r\u00e9sultant d\u2019un manque de soin ou de vigilance.\",\r\n      \"inDefinedTermSet\": {\r\n        \"@type\": \"DefinedTermSet\",\r\n        \"name\": \"Lexique de l\u2019assurance de Square One\",\r\n        \"url\": \"https:\/\/www.squareone.ca\/fr\/centres-ressources\/lexique-assurance\"\r\n      },\r\n      \"publisher\": {\r\n        \"@id\": \"https:\/\/www.squareone.ca\/fr\"\r\n      },\r\n      \"author\": {\r\n        \"@id\": \"#seamus-mckale\"\r\n      },\r\n      \"reviewedBy\": {\r\n        \"@id\": \"https:\/\/www.squareone.ca\/fr\/a-propos-de-nous\/experts\/daniel-mirkovic\"\r\n      }\r\n    },\r\n    {\r\n      \"@type\": \"InsuranceAgency\",\r\n      \"@id\": \"https:\/\/www.squareone.ca\/fr\",\r\n      \"name\": \"Assurances Square One\",\r\n      \"url\": \"https:\/\/www.squareone.ca\/fr\",\r\n      \"logo\": \"https:\/\/cdn.squareone.ca\/wp-content\/uploads\/2021\/04\/09094743\/square-one-logomark-default-md-1.png\",\r\n      \"address\": {\r\n        \"@type\": \"PostalAddress\",\r\n        \"streetAddress\": \"1410-650 W Georgia St\",\r\n        \"addressLocality\": \"Vancouver\",\r\n        \"addressRegion\": \"BC\",\r\n        \"postalCode\": \"V6B 4N8\",\r\n        \"addressCountry\": \"CA\"\r\n      },\r\n      \"telephone\": \"+1-855-331-6933\",\r\n      \"areaServed\": [\"BC\", \"AB\", \"SK\", \"MB\", \"ON\", \"QC\"],\r\n      \"feesAndCommissionsSpecification\": \"https:\/\/www.squareone.ca\/fr\/transparence\"\r\n    },\r\n    {\r\n      \"@type\": \"Person\",\r\n      \"@id\": \"#seamus-mckale\",\r\n      \"name\": \"Seamus McKale\",\r\n      \"url\": \"https:\/\/www.squareone.ca\/fr\/a-propos-de-nous\/membres-equipe#seamus-mckale\",\r\n      \"description\": \"Seamus a 15 ans d\u2019exp\u00e9rience en marketing, avec sp\u00e9cialisation en publicit\u00e9 multim\u00e9dia, r\u00e9daction technique et contenu sur l\u2019assurance personnelle.\",\r\n      \"jobTitle\": \"Sp\u00e9cialiste de marketing de contenu\",\r\n      \"worksFor\": {\r\n        \"@id\": \"https:\/\/www.squareone.ca\/fr\"\r\n      },\r\n      \"hasCredential\": [\r\n        {\r\n          \"@type\": \"EducationalOccupationalCredential\",\r\n          \"name\": \"Certificat en assurance de dommages de la C.-B., niveau 1\"\r\n        },\r\n        {\r\n          \"@type\": \"EducationalOccupationalCredential\",\r\n          \"name\": \"Certificat en assurance de dommages de l\u2019Ontario\"\r\n        }\r\n      ],\r\n      \"knowsAbout\": [\r\n        \"Marketing\",\r\n        \"Publicit\u00e9 multim\u00e9dia\",\r\n        \"R\u00e9daction technique\",\r\n        \"Assurance des particuliers\"\r\n      ],\r\n      \"sameAs\": [\r\n        \"https:\/\/www.linkedin.com\/in\/seamus-m-83801a2b\/\"\r\n      ]\r\n    },\r\n    {\r\n      \"@type\": \"Person\",\r\n      \"@id\": \"https:\/\/www.squareone.ca\/fr\/a-propos-de-nous\/experts\/daniel-mirkovic\",\r\n      \"name\": \"Daniel Mirkovic\",\r\n      \"url\": \"https:\/\/www.squareone.ca\/fr\/a-propos-de-nous\/experts\/daniel-mirkovic\",\r\n      \"description\": \"Daniel poss\u00e8de de vastes connaissances en assurance, acquises au cours de plus de 25 ans d\u2019exprience dans le secteur.\",\r\n      \"jobTitle\": \"Cofondateur et PDG\",\r\n      \"worksFor\": {\r\n        \"@id\": \"https:\/\/www.squareone.ca\/fr\"\r\n      },\r\n      \"alumniOf\": {\r\n        \"@type\": \"CollegeOrUniversity\",\r\n        \"name\": \"Sauder School of Business at the University of British Columbia\"\r\n      },\r\n      \"hasCredential\": [\r\n        {\r\n          \"@type\": \"EducationalOccupationalCredential\",\r\n          \"name\": \"Courtier d\u2019assurance agr\u00e9\u00e9 du Canada (CAAC)\"\r\n        },\r\n        {\r\n          \"@type\": \"EducationalOccupationalCredential\",\r\n          \"name\": \"Certificat en assurance de dommages, niveau 3 (BC, AB, SK, MB, ON)\"\r\n        }\r\n      ],\r\n      \"knowsAbout\": [\r\n        \"Assurance propri\u00e9taire occupant\",\r\n        \"Assurance locataire\",\r\n        \"Assurance copropri\u00e9taire\",\r\n        \"Assurance auto\",\r\n        \"Assurance automobile de collection\",\r\n        \"Assurance maladie\",\r\n        \"Assurance-vie\",\r\n        \"L\u2019assurance invalidit\u00e9 de longue dur\u00e9e\",\r\n        \"Assurance v\u00e9t\u00e9rinaire\",\r\n        \"Assurance-voyage\",\r\n        \"Planification d\u2019affaires et strat\u00e9gique\",\r\n        \"Publicit\u00e9 s'adressant directement aux consommateurs\",\r\n        \"D\u00e9veloppement des produits\",\r\n        \"Conception de l\u2019exp\u00e9rience des utilisateurs\"\r\n      ],\r\n      \"sameAs\": [\r\n        \"https:\/\/www.linkedin.com\/in\/danielmirkovic\"\r\n      ]\r\n    },\r\n    {\r\n      \"@type\": \"FAQPage\",\r\n      \"mainEntity\": {\r\n        \"@type\": \"Question\",\r\n        \"name\": \"Qu\u2019est-ce que la n\u00e9gligence?\",\r\n        \"acceptedAnswer\": {\r\n          \"@type\": \"Answer\",\r\n          \"text\": \"La n\u00e9gligence est le fait de ne pas exercer le niveau de diligence que l\u2019on attendrait d\u2019une personne raisonnable dans une situation donn\u00e9e. Il s\u2019agit d\u2019un terme qui surgit souvent en assurance ou en droit. La n\u00e9gligence peut provenir d\u2019un geste ou du d\u00e9faut d\u2019agir. Un aspect important \u00e0 noter c\u2019est que la n\u00e9gligence n\u2019est jamais intentionnelle. Si vous faites mal \u00e0 quelqu\u2019un ou causez des dommages expr\u00e8s, il ne s\u2019agit pas de n\u00e9gligence.\"\r\n        }\r\n      }\r\n    }\r\n  ]\r\n}\r\n<\/script>\r\n","protected":false},"excerpt":{"rendered":"<p>N\u00e9gligence Article \u00e9valu\u00e9 par Daniel Mirkovic Nom n\u00e9g\u00b7li\u00b7gence | ne\u0261li\u0292\u0251\u0303s D\u00e9finition&nbsp;: la faute non intentionnelle r\u00e9sultant d&rsquo;un manque de soin ou de vigilance. Les dommages ont \u00e9t\u00e9 caus\u00e9s par sa n\u00e9gligence. Th\u00e8mes Qu\u2019est-ce que la n\u00e9gligence? La n\u00e9gligence en assurance L\u2019essentiel La n\u00e9gligence est le fait de ne pas exercer le niveau de diligence que [&hellip;]<\/p>\n","protected":false},"author":20,"featured_media":0,"parent":53157,"menu_order":0,"comment_status":"closed","ping_status":"closed","template":"page-article-new.php","meta":{"_acf_changed":false,"footnotes":""},"class_list":["post-67317","page","type-page","status-publish","hentry"],"acf":[],"_links":{"self":[{"href":"https:\/\/www.squareone.ca\/fr\/wp-json\/wp\/v2\/pages\/67317","targetHints":{"allow":["GET"]}}],"collection":[{"href":"https:\/\/www.squareone.ca\/fr\/wp-json\/wp\/v2\/pages"}],"about":[{"href":"https:\/\/www.squareone.ca\/fr\/wp-json\/wp\/v2\/types\/page"}],"author":[{"embeddable":true,"href":"https:\/\/www.squareone.ca\/fr\/wp-json\/wp\/v2\/users\/20"}],"replies":[{"embeddable":true,"href":"https:\/\/www.squareone.ca\/fr\/wp-json\/wp\/v2\/comments?post=67317"}],"version-history":[{"count":8,"href":"https:\/\/www.squareone.ca\/fr\/wp-json\/wp\/v2\/pages\/67317\/revisions"}],"predecessor-version":[{"id":77562,"href":"https:\/\/www.squareone.ca\/fr\/wp-json\/wp\/v2\/pages\/67317\/revisions\/77562"}],"up":[{"embeddable":true,"href":"https:\/\/www.squareone.ca\/fr\/wp-json\/wp\/v2\/pages\/53157"}],"wp:attachment":[{"href":"https:\/\/www.squareone.ca\/fr\/wp-json\/wp\/v2\/media?parent=67317"}],"curies":[{"name":"wp","href":"https:\/\/api.w.org\/{rel}","templated":true}]}}