{"id":67740,"date":"2023-11-06T15:38:10","date_gmt":"2023-11-06T23:38:10","guid":{"rendered":"https:\/\/www.squareone.ca\/centres-ressources\/ameliorations-domiciliaires\/fermer-votre-chalet"},"modified":"2025-09-23T14:42:06","modified_gmt":"2025-09-23T21:42:06","slug":"fermer-votre-chalet","status":"publish","type":"page","link":"https:\/\/www.squareone.ca\/fr\/centres-ressources\/ameliorations-domiciliaires\/fermer-votre-chalet","title":{"rendered":"Fermeture de votre propri\u00e9t\u00e9 de vacances pour l\u2019hiver"},"content":{"rendered":"<section id='intro' class=\"bg-shape-split bg-sub-page-hero\">\r\n    <div class=\"bg-position\">\r\n        <div class=\"container-fluid\">\r\n            <div class=\"row align-items-center\">\r\n                <div class=\"col-12 col-lg-8\">\r\n                    <h1>Fermeture de votre propri\u00e9t\u00e9 de vacances pour l\u2019hiver<\/h1>\r\n  <strong>Article r\u00e9dig\u00e9 par l'\u00e9quipe de Square One<\/strong>\r\n                    <p><\/p>\r\n                    <p class=\"pb-4\" style=\"margin-top:-24px\">Mis \u00e0 jour le 18 juin 2024<\/p>\r\n                <\/div>\r\n            <\/div>\r\n\r\n            <div class=\"row\">\r\n                <div class=\"col-lg-8\">\r\n                    <p class=\"display-4\"> La saison des temp\u00eates de <a href=\"https:\/\/www.squareone.ca\/fr\/centres-ressources\/securite-domiciliaire-personnelle\/preparations-pour-tornades\" title=\"Comment vous prot\u00e9ger contre les tornades, les temp\u00eates de vent et les temp\u00eates d\u2019hiver\">vent et de pluie<\/a> arrive \u00e0 grands pas. La venue du froid est un signe indubitable de l\u2019arriv\u00e9e de l\u2019hiver. Si vous avez une propri\u00e9t\u00e9 de vacances, c\u2019est le moment de pr\u00e9parer de la fermer.\r\n                    <p class=\"pt-2\"><img decoding=\"async\" src=\"https:\/\/cdn.squareone.ca\/wp-content\/uploads\/2012\/10\/30071336\/article-winterize-vacation-e1560808250610.jpg\" alt=\"Un chalet rouge entour\u00e9 des arbres couverts de neige\" width=\"248px\" class=\"img-fluid\" rel=\"noopener noreferrer\" \/><\/p>\r\n                <\/div>\r\n\r\n                <div class=\"col-lg-3 offset-lg-1\">\r\n                    <p class=\"mb-2 display-4 pt-4 pt-lg-0 pt-mb-0\"><strong>Th\u00e8mes<\/strong><\/p>\r\n                    <ul class=\"list-unstyled link-list display-4\">\r\n                        <li><a href=\"#Closing-tips\">16\u00a0conseils importants<\/a><\/li>\r\n                        <li><a href=\"#Home-inventory\">R\u00e9daction d\u2019une liste d\u2019inventaire de la maison<\/a><\/li>\r\n                        <li><a href=\"#Correct-insurance\">Consid\u00e9rations en assurance habitation<\/a><\/li> \r\n                    <\/ul>\r\n                <\/div>\r\n            <\/div>  \r\n        <\/div>\r\n    <\/div>\r\n    <div class=\"bg-bottom\"><\/div>\r\n<\/section>\r\n\r\n<section>\r\n    <div class=\"container-fluid py-6\">\r\n        <div class=\"row\">\r\n            <div class=\"col-12 col-lg-8\">\r\n\r\n<div class=\"row pb-6\">\r\n                    <div class=\"col-12\">\r\n                        <div class=\"card review\" style='background-color:#FFE0C9'>\r\n                            <div class=\"card-body\">\r\n                                <p class=\"h3\">L&rsquo;essentiel<\/p>\r\n                                <ul class='mb-0'>\r\n                                    <li>La mauvaise fermeture d&rsquo;une r\u00e9sidence de vacances pour la saison peut entra\u00eener des d\u00e9g\u00e2ts graves pendant la saison hors pointe.<\/li>\r\n                                    <li>C&rsquo;est une bonne id\u00e9e de dresser une liste des articles qui se trouvent dans la r\u00e9sidence de vacances.<\/li>\r\n                                    <li>Vous devriez informer votre fournisseur d&rsquo;assurance au sujet de votre r\u00e9sidence de vacances, y compris quand et comment vous vous en servez.<\/li>\r\n                                <\/ul>\r\n                            <\/div>\r\n                        <\/div>\r\n                    <\/div>\r\n                <\/div>              \r\n\r\n<h2 id=\"Closing-tips\">16\u00a0conseils pour fermer votre propri\u00e9t\u00e9 de vacances<\/h2>\r\n            <p>Voici une liste de t\u00e2ches \u00e0 faire avant de fermer votre chalet\u00a0:<\/p>\r\n\r\n            <ul>\r\n                <li><p><strong>Faites le tour de la maison et effectuez une inspection d\u00e9taill\u00e9e.<\/strong> Dressez une liste de r\u00e9parations requises imm\u00e9diatement et de celles que vous pouvez faire au printemps. <a href=\"https:\/\/www.squareone.ca\/fr\/centres-ressources\/ameliorations-domiciliaires\/types-de-toiture\" title=\"Initiation aux types de toiture\">Examinez le toit<\/a>, la chemin\u00e9e, les goutti\u00e8res, le bardage et les d\u00e9pendances.<\/p><\/li>\r\n                <li><p><strong>Fermez les stores ou les rideaux.<\/strong> Vous ne voulez pas attirer l\u2019attention des cambrioleurs en annon\u00e7ant que votre maison est vacante.<\/p><\/li>\r\n                <li><p><strong>Fermez l\u2019eau et videz les tuyaux.<\/strong> <a href=\"https:\/\/www.squareone.ca\/fr\/centres-ressources\/bases-assurance\/tuyaux-geles\" title=\"Les tuyaux gel\u00e9s et votre assurance habitation\">Les tuyaux peuvent geler<\/a> et \u00e9clater s\u2019il y a toujours de l\u2019eau dedans.<\/p><\/li>\r\n                <li><p><strong>Taillez des branches surplombant le toit.<\/strong> Sous le poids de la neige, les branches peuvent tomber et endommager la toiture.<\/p><\/li>\r\n                <li><p><strong>Nettoyez les goutti\u00e8res.<\/strong> Lorsque la neige fond, une goutti\u00e8re obstru\u00e9e peut causer la p\u00e9n\u00e9tration de l\u2019eau <a href=\"\/fr\/chalet\" title=\"Assurance chalet abordable\">dans le chalet<\/a>. L\u2019accumulation des feuilles dans les goutti\u00e8res peut \u00e9galement causer des probl\u00e8mes.<\/p><\/li>\r\n                <li><p><strong>Emp\u00eachez les souris et les autres rongeurs d\u2019entrer.<\/strong> Assurez-vous de boucher tous les points d\u2019entr\u00e9e et de ne pas laisser de nourriture dans le chalet. Apposez quelques morceaux de papier tue-mouches pour attraper la vermine volante.<\/p><\/li>\r\n                <li><p><strong>\u00c9teignez le chauffage.<\/strong> Si le chalet sera vacant pendant tout l\u2019hiver, pas besoin de payer le chauffage. Les plinthes chauffantes ont \u00e9t\u00e9 \u00e0 l\u2019origine de bon nombre d\u2019incendies de chalet.<\/p><\/li>\r\n                <li><p><strong>Fermez les chemin\u00e9es et les po\u00eales \u00e0 bois.<\/strong> Assurez-vous de nettoyer et de fermer les chemin\u00e9es et les po\u00eales \u00e0 bois pour l\u2019hiver.<\/p><\/li>\r\n                <li><p><strong>\u00c9teignez les sources de courant.<\/strong> Alors que certains \u00e9teignent toutes les sources de courant, d\u2019autres laissent le courant allum\u00e9 pour les syst\u00e8mes de s\u00e9curit\u00e9 ou l\u2019\u00e9clairage. Vous avez \u00e9galement la possibilit\u00e9 d\u2019\u00e9teindre les disjoncteurs \u00e0 l\u2019exception de ceux requis pour le syst\u00e8me d\u2019alarme. Vous pouvez toujours couper le courant aux \u00e9lectrom\u00e9nagers majeurs, comme le chauffe-eau. Lorsque vous fermez le frigo et le cong\u00e9lateur, laissez les portes entrouvertes afin de conserver la fra\u00eecheur.<\/p><\/li>\r\n                <li><p><strong>S\u00e9curisez le quai pour l\u2019hiver.<\/strong> Assurez-vous de ranger tout l\u2019\u00e9quipement d\u2019embarcation et r\u00e9cr\u00e9atif en toute s\u00e9curit\u00e9 \u00e0 l\u2019\u00e9cart de l\u2019eau.<\/p><\/li>\r\n                <li><p><strong>D\u00e9branchez les produits \u00e9lectroniques.<\/strong> Des produits comme les t\u00e9l\u00e9viseurs et les t\u00e9l\u00e9phones peuvent \u00eatre gravement endommag\u00e9s lors d\u2019un foudroiement.<\/p><\/li>\r\n                <li><p><strong>Fermez les portes \u00e0 cl\u00e9.<\/strong> Rev\u00e9rifiez que les portes et les fen\u00eatres sont ferm\u00e9es \u00e0 cl\u00e9 et verrouill\u00e9es, surtout si votre propri\u00e9t\u00e9 se trouve dans un endroit \u00e9loign\u00e9.<\/p><\/li>\r\n                <li><p><strong> Assurez-vous de s\u00e9curiser les meubles ext\u00e9rieurs. <\/strong> Rangez de fa\u00e7on s\u00e9curitaire les barbecues et les autres accessoires, et fermez \u00e0 cl\u00e9 les cabanons, les aires d\u2019entreposage et les d\u00e9pendances.<\/p><\/li>\r\n                <li><p><strong>S\u00e9curisez vos articles pr\u00e9cieux.<\/strong> Emportez des objets pr\u00e9cieux avec vous ou faites installer un syst\u00e8me de s\u00e9curit\u00e9 que vous pouvez armer pendant l\u2019hiver.<\/p><\/li>\r\n                <li><p><strong>Communiquez avec vos voisins.<\/strong> Demandez \u00e0 des voisins qui vivent sur place ou qui visitent fr\u00e9quemment de v\u00e9rifier votre propri\u00e9t\u00e9 de temps \u00e0 autre. Donnez vos coordonn\u00e9es \u00e0 la police en cas d\u2019urgence.<\/p><\/li>\r\n                <li><p><strong>Mettez \u00e0 jour votre adresse postale.<\/strong> Si vous recevez du courrier \u00e0 votre chalet, assurez-vous de faire suivre votre courrier. Un tas de courrier sur votre seuil donne l\u2019impression aux cambrioleurs que personne ne vit dans le chalet.<\/p><\/li>\r\n            <\/ul>\r\n            <\/div>\r\n        <\/div>\r\n    <\/div>\r\n<\/section>\r\n\r\n\t<section class=\"bg-transparent\">\n\t\t<img decoding=\"async\" src=\"\/sales\/images\/bgs\/bg-mid-page-cta-general-top.svg\" style=\"width: 100%; vertical-align: bottom; position: relative; top: 1px\"\/>\n\t\t\n\t\t<div class=\"bg-darkTeal py-3\">\t\t\t\n\t\t\t<div class=\"container-fluid\">\n\t\t\t\t<div class=\"row d-flex align-items-center pb-5\">\n\t\t\t\t\t<div class=\"col-12 col-md-8 offset-md-2 px-lg-5 pb-5 pb-lg-0\">\n\t\t\t\t\t\t<div class=\"h6 mb-4 text-primary text-uppercase text-center\">\n\t\t\t\t\t\t\tCela ne prend que 5\u00a0minutes \n\t\t\t\t\t\t<\/div>\t\t\n\t\t\t\t\t\t\t\t\t\t\t\n\t\t\t\t\t\t<p class=\"lead px-lg-5 text-white\">\n\t\t\t\t\t\t\t<strong class=\"d-inline-block text-uc-first\">Pr\u00eat \u00e0 obtenir une soumission en ligne? <\/strong> Votre temps est aussi pr\u00e9cieux que vos possessions. Obtenez une soumission d'assurance habitation en <strong>5 minutes<\/strong>. C\u2019est moins de temps qu\u2019il n\u2019en faut pour faire la file pour un caf\u00e9.\n\t\t\t\t\t\t<\/p>\t\t\t\n\t\n\t\t\t\t\t\t<div id=\"sq1-qw-d232dc5d5389\" class=\"sq1-quote-widget mb-4 text-white\" data-quote-widget-type=\"HOME\" data-has-custom-text=\"true\">\n\t\t\t\t\t\t\t<div class=\"input-group input-group-focus-within bg-white my-4\">\n\t\t\t\t\t\t\t\t<div>\n\t\t\t\t\t\t\t\t\t<div class=\"input-group-text\">\n\t\t\t\t\t\t\t\t\t\t<i class=\"fa fa-map-marker d-block text-black\"><\/i>\n\t\t\t\t\t\t\t\t\t<\/div>\n\t\t\t\t\t\t\t\t<\/div>\n\t\t\t\t\t\t\t\t<input type=\"text\" class=\"form-control\" style=\"padding: 10px;\" placeholder=\"Enter an address\" aria-label=\"Inscrivez votre adresse pour obtenir une soumission\"\/>\n\t\t\t\t\t\t\t\t<div>\n\t\t\t\t\t\t\t\t\t<button class=\"btn btn-primary\">Obtenir une soumission en ligne d\u00e8s maintenant<\/button>\n\t\t\t\t\t\t\t\t<\/div>\n\t\t\t\t\t\t\t<\/div>\n\t\t\t\t\t\t<\/div>\n\t\t\t\t\t\t\n\t\t\t\t\t\t<p class=\"small text-white\">Avant de commencer, veuillez lire notre <a href=\"https:\/\/www.squareone.ca\/fr\/politique-confidentialite\" target=\"_blank\" rel=\"noreferrer noopener\">Politique de confidentialit\u00e9<\/a> et nos <a href=\"https:\/\/www.squareone.ca\/fr\/conditions-utilisation\" target=\"_blank\" rel=\"noreferrer noopener\">Conditions d\u2019utilisation<\/a>.<\/p>\t\n\t\n\t\t\t\t\t\t<script type=\"text\/javascript\">\n\t\t\t\t\t\t(function() {\n\t\t\t\t\t\t\tdocument.addEventListener('soiMiscJsLoaded', function() {\n\t\t\t\t\t\t        $(document).ready(function() {\n\t\t\t\t\t\t\t\t\tsoiQuoteWidget.processFormWidget('\/sales\/index.php\/json_quote_widget?rand=' +Math.random(), 'qwContainer'); \/\/populate quoting widget with content from symfony.\n\t\t\t\t\t\t\t\t});\n\t\t\t\t\t\t\t});\n\t\t\t\t\t\t})();\n\t\t\t\t\t\t<\/script>\n\t\t\t\t\t<\/div>\n\t\t\t\t<\/div>\n\t\t\t<\/div>\n\t\t<\/div>\n\t\t\n\t\t<img decoding=\"async\" src=\"\/sales\/images\/bgs\/bg-mid-page-cta-general-bottom.svg\" style=\"width: 100%; vertical-align: top\"\/>\t\t\n\t<\/section>\r\n\r\n<section>\r\n    <div class=\"container-fluid py-6\">\r\n        <div class=\"row\">\r\n            <div class=\"col-12 col-lg-8\">\r\n\r\n            <h2 id=\"Home-inventory\">Pr\u00e9parez une liste d\u2019inventaire du chalet<\/h2>\r\n            <p>Il est \u00e9galement recommand\u00e9 de dresser une <a href=\"https:\/\/cdn.squareone.ca\/wp-content\/uploads\/2021\/07\/19053851\/SQ1-Inventaire-maison.xlsx\" title=\"Liste d\u2019inventaire \u00e0 t\u00e9l\u00e9charger\">liste d\u2019inventaire s\u00e9par\u00e9e<\/a> pour votre chalet. \u00c9tant donn\u00e9 que vous passez moins de temps au chalet, il est plus difficile de se souvenir de toutes vos possessions au cas o\u00f9 vous subissez un sinistre. Si vous ne voulez pas dresser une liste, vous pouvez sauvegarder un recueil de photos ou faire une vid\u00e9o de l\u2019int\u00e9rieur du chalet. Vous pouvez sauvegarder des photos ou vid\u00e9os dans votre courriel ou dans iCloud pour que vous puissiez les consulter facilement et les mettre \u00e0 jour annuellement.<\/p>\r\n\r\n            <p>Vous pouvez vous servir de ces conseils pour faciliter la fermeture de votre chalet et pour mettre \u00e0 jour votre assurance habitation, le cas \u00e9ch\u00e9ant. Lorsque vous retournez rouvrir le chalet au printemps, vous n\u2019aurez qu\u2019\u00e0 revoir la liste de v\u00e9rification et faire le contraire. Bonnes vacances!<\/p>\r\n\r\n\r\n            <h2 id=\"Correct-insurance\">Assurez-vous d\u2019avoir souscrit l\u2019assurance appropri\u00e9e<\/h2>\r\n            <p>C\u2019est sympa d\u2019avoir un deuxi\u00e8me chez-soi. Lorsque vous quittez votre chalet pour l\u2019hiver, il est important de prendre toutes les mesures requises pour le prot\u00e9ger, y compris communiquer avec votre agent en assurance. Vous devriez passer en revue votre assurance propri\u00e9t\u00e9 de vacances au moins une fois par an dans le but de vous assurer que vous avez la couverture dont vous avez besoin. \u00c9tant donn\u00e9 que certains fournisseurs d\u2019assurance proposent une couverture plus limit\u00e9e pour les r\u00e9sidences secondaires, il est pr\u00e9f\u00e9rable de poser des questions et de vous informer afin d\u2019\u00eatre au courant des d\u00e9tails de votre police d\u2019assurance.<\/p>\r\n\r\n            <p>Square One offre une couverture tous risques pour toutes les polices d\u2019assurance habitation, y compris <a href=\"\/fr\/propriete-vacances\" title=\"Assurance propri\u00e9t\u00e9 de vacances\">les propri\u00e9t\u00e9s de vacances<\/a>. Qui plus est, vous avez int\u00e9r\u00eat \u00e0 confirmer aupr\u00e8s de votre fournisseur d\u2019assurance que tous les biens dans le chalet sont couverts en vertu de votre police. Certaines polices comprennent une couverture pour l\u2019\u00e9quipement sportif, les objets d\u2019art ou les embarcations, alors que d\u2019autres, non. Il vaut mieux vous informer pour que vous puissiez souscrire la couverture suppl\u00e9mentaire au besoin.<\/p>\r\n\t\t\t\r\n            <p><strong>Vous voulez en savoir plus?<\/strong> Consultez notre <a href=\"\/fr\/centres-ressources\/ameliorations-domiciliaires\" title=\"Centre de ressources : am\u00e9liorations domiciliaires\">Centre de ressources&nbsp;: am\u00e9liorations domiciliaires<\/a> pour des tuyaux et de l'inspiration pour votre prochain projet de r\u00e9novation. Ensuite, <a href=\"\/fr\/soumission-assurance-habitation-en-ligne\" title=\"Obtenir une soumission d\u2019assurance habitation en ligne\">obtenez une soumission d'assurance habitation en ligne<\/a> en moins de 5\u00a0minutes et d\u00e9couvrez \u00e0 quel point l\u2019assurance habitation personnalis\u00e9e peut \u00eatre abordable.<\/p>\r\n\r\n<\/div>\r\n    <\/div>\r\n<\/div>\r\n<\/section>\r\n<script type=\"application\/ld+json\">\r\n{\r\n     \"@context\": \"https:\/\/schema.org\",\r\n    \"@type\": \"WebPage\",\r\n    \"mainEntityOfPage\": {\r\n        \"@type\": \"Article\",\r\n        \"@id\": \"https:\/\/www.squareone.ca\/fr\/centres-ressources\/ameliorations-domiciliaires\/fermer-votre-chalet\"\r\n    },\r\n    \"author\": [\r\n        {\r\n            \"@type\": \"Person\",\r\n            \"name\": \"Square One team\"\r\n        }\r\n    ],\r\n    \"headline\": \"Fermeture de votre propri\u00e9t\u00e9 de vacances pour l\u2019hiver\",\r\n  \"datePublished\": \"\",\r\n  \"dateModified\": \"\",\r\n    \"inLanguage\": \"fr-CA\",\r\n    \"isAccessibleForFree\": true\r\n}\r\n<\/script>","protected":false},"excerpt":{"rendered":"<p>Fermeture de votre propri\u00e9t\u00e9 de vacances pour l\u2019hiver La saison des temp\u00eates de vent et de pluie arrive \u00e0 grands pas. La venue du froid est un signe indubitable de l\u2019arriv\u00e9e de l\u2019hiver. Si vous avez une propri\u00e9t\u00e9 de vacances, c\u2019est le moment de pr\u00e9parer de la fermer. Th\u00e8mes 16\u00a0conseils importants R\u00e9daction d\u2019une liste d\u2019inventaire [&hellip;]<\/p>\n","protected":false},"author":2,"featured_media":67742,"parent":53497,"menu_order":0,"comment_status":"open","ping_status":"closed","template":"page-article-new.php","meta":{"_acf_changed":false,"footnotes":""},"class_list":["post-67740","page","type-page","status-publish","has-post-thumbnail","hentry"],"acf":[],"_links":{"self":[{"href":"https:\/\/www.squareone.ca\/fr\/wp-json\/wp\/v2\/pages\/67740","targetHints":{"allow":["GET"]}}],"collection":[{"href":"https:\/\/www.squareone.ca\/fr\/wp-json\/wp\/v2\/pages"}],"about":[{"href":"https:\/\/www.squareone.ca\/fr\/wp-json\/wp\/v2\/types\/page"}],"author":[{"embeddable":true,"href":"https:\/\/www.squareone.ca\/fr\/wp-json\/wp\/v2\/users\/2"}],"replies":[{"embeddable":true,"href":"https:\/\/www.squareone.ca\/fr\/wp-json\/wp\/v2\/comments?post=67740"}],"version-history":[{"count":11,"href":"https:\/\/www.squareone.ca\/fr\/wp-json\/wp\/v2\/pages\/67740\/revisions"}],"predecessor-version":[{"id":76928,"href":"https:\/\/www.squareone.ca\/fr\/wp-json\/wp\/v2\/pages\/67740\/revisions\/76928"}],"up":[{"embeddable":true,"href":"https:\/\/www.squareone.ca\/fr\/wp-json\/wp\/v2\/pages\/53497"}],"wp:featuredmedia":[{"embeddable":true,"href":"https:\/\/www.squareone.ca\/fr\/wp-json\/wp\/v2\/media\/67742"}],"wp:attachment":[{"href":"https:\/\/www.squareone.ca\/fr\/wp-json\/wp\/v2\/media?parent=67740"}],"curies":[{"name":"wp","href":"https:\/\/api.w.org\/{rel}","templated":true}]}}