{"id":67928,"date":"2023-11-17T10:52:36","date_gmt":"2023-11-17T18:52:36","guid":{"rendered":"https:\/\/www.squareone.ca\/specialiste-administration-assurance-agree"},"modified":"2024-06-24T12:48:02","modified_gmt":"2024-06-24T19:48:02","slug":"specialiste-administration-assurance-agree","status":"publish","type":"page","link":"https:\/\/www.squareone.ca\/fr\/specialiste-administration-assurance-agree","title":{"rendered":"Sp\u00e9cialiste en administration d&rsquo;assurance agr\u00e9\u00e9"},"content":{"rendered":"<section id=\"intro\" class=\"mb-3 bg-shape sub-page-jumbotron xwide-mobile\">\r\n<div class=\"container-fluid\">\r\n\t\t<h1> Sp\u00e9cialiste en administration d\u2019assurance agr\u00e9\u00e9<\/h1>\r\n\t\t\r\n\t\t<p class=\"display-4\"> \u00cates-vous super minutieux et organis\u00e9? \u00cates-vous passionn\u00e9 et offrez-vous un service hors pair? Le r\u00f4le du sp\u00e9cialiste en administration d\u2019assurance agr\u00e9\u00e9 chez Square One pourrait \u00eatre le poste id\u00e9al pour vous.<\/a><\/p>\r\n\t\t<p class=\"display-4\"> Square One est l\u2019unique fournisseur d\u2019assurance habitation en ligne au Canada qui permet \u00e0 ses clients de choisir les biens qu\u2019ils d\u00e9sirent assurer. R\u00e9sultat : les clients ne paient que pour ce dont ils ont besoin. Nous nous engageons \u00e0 offrir \u00e0 nos clients un service simple et convivial. Il n\u2019est donc pas \u00e9tonnant que nous visions \u00e0 offrir \u00e0 nos clients la meilleure exp\u00e9rience en ligne et hors ligne.<\/p>\r\n\t<\/div>\r\n<\/section>\r\n\r\n<section id=\"body\">\r\n<div class=\"container-fluid pb-6 mb-3\">\r\n\r\n<h2>Comment postuler<\/h2>\r\n<p>Veuillez envoyer par courriel votre CV en format PDF.<\/p>\r\n\r\n<h2>Votre r\u00f4le<\/h2>\r\n<p> Alors que nous continuons \u00e0 automatiser un nombre important d\u2019activit\u00e9s administratives, il y a toujours des t\u00e2ches que les ordinateurs ne peuvent pas faire. C\u2019est l\u00e0 o\u00f9 vous entrez en sc\u00e8ne. \u00c0 titre de sp\u00e9cialiste en administration d&rsquo;assurance agr\u00e9\u00e9, vous fournissez un soutien administratif crucial \u00e0 une vaste gamme d\u2019activit\u00e9s. Vous privil\u00e9giez l\u2019organisation et les d\u00e9tails pour traiter ais\u00e9ment des t\u00e2ches multiples. Vous \u00eates fier de livrer un service impeccable \u00e0 vos clients et coll\u00e8gues.<\/p>\r\n<p> L\u2019un des aspects les plus agr\u00e9ables de Square One c\u2019est l\u2019ambiance de solidarit\u00e9 dans l\u2019\u00e9quipe. Vos efforts ne sont jamais vou\u00e9s \u00e0 l\u2019\u00e9chec; vous recevrez l\u2019encadrement, le mentorat, la formation et les outils dont vous avez besoin pour r\u00e9ussir.<\/p>\r\n\r\n\r\n\r\n\r\n<h2>Vos responsabilit\u00e9s<\/h2>\r\n<p> \u00c0 titre de membre de l\u2019\u00e9quipe de soutien de Square One, vous participez \u00e0 tous les aspects des activit\u00e9s d\u2019exploitation de la compagnie. Vos responsabilit\u00e9s principales comprennent ce qui suit&nbsp;:<p>\r\n<ul>\r\n<li> effectuer une gamme d\u2019activit\u00e9s relativement aux polices.<\/li>\r\n<li> prendre des appels entrants relativement aux questions de facturation et aux pr\u00e9sentations de r\u00e9clamations.<\/li>\r\n<li> faire un suivi des activit\u00e9s relativement aux activit\u00e9s de facturation.<\/li>\r\n<li> participer aux initiatives de contr\u00f4le de la qualit\u00e9.<\/li>\r\n<li> passer en revue des registres d&rsquo;immatriculation de v\u00e9hicules et les traiter selon les lignes directrices de la souscription.<\/li>\r\n\r\n\r\n<\/ul>\r\n\r\n\r\n<h2>Vos qualifications<\/h2>\r\n<p> Vous voulez contribuer au succ\u00e8s global de la compagnie. Vous y arrivez en devenant un sp\u00e9cialiste en la mati\u00e8re, en dirigeant votre propre travail et en collaborant avec une \u00e9quipe ayant un objectif plus large que la simple g\u00e9n\u00e9ration de recettes. Vous acceptez de travailler un samedi sur trois. Vous et ceux qui travaillent avec vous diriez ce qui suit&nbsp;:<\/p>\r\n<ul>\r\n<li> vous pr\u00eatez tr\u00e8s attention aux d\u00e9tails et poss\u00e9dez des comp\u00e9tences organisationnelles sup\u00e9rieures.<\/li>\r\n<li> vous offrez un service \u00e0 la client\u00e8le impeccable et poss\u00e9dez des comp\u00e9tences sup\u00e9rieures au t\u00e9l\u00e9phone.<\/li>\r\n<li> vous prosp\u00e9rez dans un environnement charg\u00e9 et aimez ex\u00e9cuter une gamme de t\u00e2ches.<\/li>\r\n<li> vous poss\u00e9dez des connaissances solides des applications informatiques.<\/li>\r\n<li> vous prenez des d\u00e9cisions judicieuses et des risques calcul\u00e9s.<\/li>\r\n<li> vous vous adaptez bien au changement et vous \u00eates souvent \u00e0 l\u2019origine du changement.<\/li>\r\n<li> vous aimez le perfectionnement personnel par l\u2019interm\u00e9diaire de l\u2019apprentissage.<\/li>\r\n<li> vous offrez et acceptez des r\u00e9actions et commentaires constructifs.<\/li>\r\n\r\n\r\n<\/ul>\r\n\r\n<h2>Votre \u00e9ducation et votre exp\u00e9rience<\/h2>\r\n<p> Votre exp\u00e9rience et votre \u00e9ducation assurent votre succ\u00e8s chez Square One. Pour ce r\u00f4le, vous devez avoir&nbsp;:<\/p>\r\n<ul>\r\n<li> un certificat d\u2019agent en assurance de dommages ou de courtier en assurance de dommages en r\u00e8gle d\u00e9livr\u00e9 par l\u2019Autorit\u00e9 des march\u00e9s financiers (AMF).<\/li>\r\n<li> de l\u2019exp\u00e9rience en assurance auto.<\/li>\r\n<li> 1 an d\u2019exp\u00e9rience dans un poste semblable.<\/li>\r\n<li> l\u2019aptitude en applications de la suite Microsoft Office.<\/li>\r\n<li> la capacit\u00e9 de communiquer en fran\u00e7ais, de pr\u00e9f\u00e9rence.<\/li>\r\n\r\n<\/ul>\r\n\r\n<h2>Votre r\u00e9mun\u00e9ration et vos avantages sociaux<\/h2>\r\n<p> Vous aimez le fait que Square One personnalise votre r\u00e9mun\u00e9ration et vos avantages sociaux tout comme elle personnalise les polices de ses clients. Votre r\u00e9gime de r\u00e9mun\u00e9ration et d\u2019avantages sociaux comprend ce qui suit&nbsp;:<\/p>\r\n<ul>\r\n<li> un salaire de 50&nbsp;030&nbsp;$ \u00e0 62&nbsp;259&nbsp;$<\/li> \r\n<li>3 semaines, et non 2 semaines, de vacances d\u00e8s le d\u00e9but de votre emploi et une semaine suppl\u00e9mentaire apr\u00e8s 3 ans d\u2019anciennet\u00e9 seulement.<\/li>\r\n<li>la possibilit\u00e9 de travailler chez vous.<\/li>\r\n<li> la couverture m\u00e9dicale, dentaire, visuelle et assurance-maladie compl\u00e9mentaire.<\/li>\r\n<li> une protection d\u2019invalidit\u00e9 de longue dur\u00e9e et courte dur\u00e9e.<\/li>\r\n<li> l\u2019admissibilit\u00e9 au r\u00e9gime de participation aux b\u00e9n\u00e9fices de la compagnie. <\/li>\r\n\r\n<\/ul>\r\n\r\n<h2>Accessibilit\u00e9<\/h2>\r\n<p>Square One accepte et encourage les demandes des personnes handicap\u00e9es. Les candidats participant \u00e0 un concours de s\u00e9lection peuvent acc\u00e9der \u00e0 des mesures d\u2019adaptation pendant toutes les \u00e9tapes du processus. Cliquez sur le lien suivant pour obtenir de plus amples renseignements sur notre engagement envers <a href=\"\/fr\/accessibilite\" title=\"Accessibilit\u00e9\">l\u2019accessibilit\u00e9<\/a>.<\/p>\r\n\r\n<h2>Pourquoi travailler chez Square One?<\/h2>\r\n<p>La r\u00e9ponse la plus courte et la plus simple? Vous voulez faire partie d\u2019une \u00e9quipe tr\u00e8s soud\u00e9e o\u00f9 l\u2019expertise de chaque employ\u00e9 est respect\u00e9e et estim\u00e9e. Vous en avez assez de travailler dans des compagnies o\u00f9 l\u2019on vous dit quoi faire et comment le faire, sans vous r\u00e9mun\u00e9rer \u00e9quitablement. Pour de plus amples renseignements sur Square One, veuillez cliquer sur le bouton ci-dessous.<\/p>\r\n<p class=\"pb-3\"><a class=\"btn btn-primary\" href=\"\/fr\/carrieres\" title=\"Carri\u00e8res\">Lisez la suite<\/a><\/p>\r\n<\/div>\r\n<\/section>\r\n\r\n<section id=\"how-to\" class=\"bg-shape shape-blue-curve-up xwide-mobile\">\r\n<div class=\"container-fluid pb-6\">\r\n<h2>Comment postuler<\/h2>\r\n<p class='display-4'>Si vous souhaitez poser votre candidature, envoyez-nous votre C.V. Nous nous engageons \u00e0 r\u00e9pondre \u00e0 tous les candidats et \u00e0 toutes les questions. \r\n<\/p>\r\n<p><a class=\"btn btn-primary\" href=\"mailto:careers@squareone.ca\" title=\"Envoyez-nous un message\">Envoyez-nous un message<\/a><\/p>\r\n<\/div>\r\n<\/section>","protected":false},"excerpt":{"rendered":"<p>Sp\u00e9cialiste en administration d\u2019assurance agr\u00e9\u00e9 \u00cates-vous super minutieux et organis\u00e9? \u00cates-vous passionn\u00e9 et offrez-vous un service hors pair? Le r\u00f4le du sp\u00e9cialiste en administration d\u2019assurance agr\u00e9\u00e9 chez Square One pourrait \u00eatre le poste id\u00e9al pour vous. Square One est l\u2019unique fournisseur d\u2019assurance habitation en ligne au Canada qui permet \u00e0 ses clients de choisir les [&hellip;]<\/p>\n","protected":false},"author":11,"featured_media":0,"parent":47917,"menu_order":0,"comment_status":"closed","ping_status":"closed","template":"","meta":{"_acf_changed":false,"footnotes":""},"class_list":["post-67928","page","type-page","status-publish","hentry"],"acf":[],"_links":{"self":[{"href":"https:\/\/www.squareone.ca\/fr\/wp-json\/wp\/v2\/pages\/67928","targetHints":{"allow":["GET"]}}],"collection":[{"href":"https:\/\/www.squareone.ca\/fr\/wp-json\/wp\/v2\/pages"}],"about":[{"href":"https:\/\/www.squareone.ca\/fr\/wp-json\/wp\/v2\/types\/page"}],"author":[{"embeddable":true,"href":"https:\/\/www.squareone.ca\/fr\/wp-json\/wp\/v2\/users\/11"}],"replies":[{"embeddable":true,"href":"https:\/\/www.squareone.ca\/fr\/wp-json\/wp\/v2\/comments?post=67928"}],"version-history":[{"count":3,"href":"https:\/\/www.squareone.ca\/fr\/wp-json\/wp\/v2\/pages\/67928\/revisions"}],"predecessor-version":[{"id":68046,"href":"https:\/\/www.squareone.ca\/fr\/wp-json\/wp\/v2\/pages\/67928\/revisions\/68046"}],"up":[{"embeddable":true,"href":"https:\/\/www.squareone.ca\/fr\/wp-json\/wp\/v2\/pages\/47917"}],"wp:attachment":[{"href":"https:\/\/www.squareone.ca\/fr\/wp-json\/wp\/v2\/media?parent=67928"}],"curies":[{"name":"wp","href":"https:\/\/api.w.org\/{rel}","templated":true}]}}