{"id":67984,"date":"2023-11-22T09:50:38","date_gmt":"2023-11-22T17:50:38","guid":{"rendered":"https:\/\/www.squareone.ca\/centres-ressources\/proprietaires-maisons-et-coproprietes\/entretien-cheminee"},"modified":"2025-09-26T12:04:29","modified_gmt":"2025-09-26T19:04:29","slug":"entretien-cheminee","status":"publish","type":"page","link":"https:\/\/www.squareone.ca\/fr\/centres-ressources\/proprietaire-occupant\/entretien-cheminee","title":{"rendered":"Initiation \u00e0 l\u2019entretien de la chemin\u00e9e"},"content":{"rendered":"<section id='intro' class=\"bg-shape-split bg-sub-page-hero\">\r\n\t<div class=\"bg-position\">\r\n\t    <div class=\"container-fluid\">\r\n\t        <div class=\"row align-items-center\">\r\n\t            <div class=\"col-12 col-lg-8\">\r\n\r\n\t                <h1>Initiation \u00e0 l\u2019entretien de la chemin\u00e9e<\/h1>\r\n     <strong>Article r\u00e9dig\u00e9 par <a href=\"\/fr\/a-propos-de-nous\/contributeurs#anthony-michael\" title=\"Auteur : Anthony Michael\">Anthony Michael<\/a><\/strong>\r\n\t                <p><\/p>\r\n\t                <p class=\"pb-4\" style=\"margin-top:-24px\">Mis \u00e0 jour le 18 juin 2024<\/p>\r\n\r\n\t            <\/div>\r\n\t        <\/div>\r\n\r\n\t        <div class=\"row\">\r\n\t            <div class=\"col-lg-8\">\r\n\r\n\t                <p class=\"display-4\">Pendant les soir\u00e9es d\u2019hiver frigides, qu\u2019est-ce qu\u2019il y a de mieux que de relaxer devant un beau feu chaleureux?<\/p>\r\n\r\n\t                <p class=\"display-4\">Certes, une chemin\u00e9e rehausse l\u2019ambiance de votre maison, mais il est \u00e9galement important de bien l\u2019entretenir. Lisez la suite pour obtenir de plus amples renseignements sur l\u2019entretien et la s\u00e9curit\u00e9 de votre chemin\u00e9e et comment elle touche votre assurance habitation.<\/p>\r\n\r\n\t                <p class=\"pt-2\"><img loading=\"lazy\" decoding=\"async\" src=\"https:\/\/cdn.squareone.ca\/wp-content\/uploads\/2023\/11\/17095630\/chimney-maintenance.jpg\" title=\"Initiation \u00e0 l\u2019entretien de la chemin\u00e9e\" alt=\"De la fum\u00e9e sort d\u2019une chemin\u00e9e rustique situ\u00e9 dans un milieu des arbres sempervirents\" width=\"248\" height=\"165\" class=\"img-fluid\" rel=\"noopener noreferrer\"><\/p>\r\n\r\n\t            <\/div>\r\n\r\n\t            <div class=\"col-lg-3 offset-lg-1\">\r\n\r\n\t                <p class=\"mb-2 display-4 pt-4 pt-lg-0 pt-mb-0\"><strong>Th\u00e8mes<\/strong><\/p>\r\n\r\n\t                <ul class=\"list-unstyled link-list display-4\">\r\n\t\t                <li><a href='#why-cleaning-matters'>L\u2019importance du ramonage de la chemin\u00e9e<\/a><\/li>\r\n\t\t                <li><a href=\"#when-to-clean\">Quand faut-il ramoner la chemin\u00e9e?<\/a><\/li>\r\n\t\t                <li><a href=\"#12-tips-for-fireplace-usage\">12\u00a0tuyaux pour l\u2019utilisation de la chemin\u00e9e<\/a><\/li>\r\n\t\t                <li><a href=\"#home-insurance-considerations\">Consid\u00e9rations en assurance habitation<\/a><\/li>\r\n\t\t                <li><a href=\"#FAQs\">Questions fr\u00e9quemment pos\u00e9es<\/a><\/li>\r\n\t                <\/ul>\r\n\r\n\t            <\/div>\r\n\t        <\/div>  \r\n\t    <\/div>\r\n\t<\/div>\r\n\t<div class=\"bg-bottom\"><\/div>\r\n<\/section>\r\n\r\n<section>\r\n\t<div class=\"container-fluid py-6\">\r\n\t    <div class=\"row\">\r\n\t        <div class=\"col-12 col-lg-8\">\r\n\r\n\t\t\t\t<h2 id=\"why-cleaning-matters\">L\u2019importance du ramonage de la chemin\u00e9e<\/h2>\r\n\r\n\t\t\t\t\t<p>La fum\u00e9e du bois br\u00fbl\u00e9 laisse des traces de suie et de goudron dans la chemin\u00e9e, ce qui cause la formation de la <a href=\"https:\/\/fr.wikipedia.org\/wiki\/Cr%C3%A9osote\" title=\"Cr\u00e9osote\" rel=\"noopener noreferrer\" target=\"_blank\">cr\u00e9osote<\/a>. La fum\u00e9e se refroidit alors qu\u2019elle s\u2019\u00e9l\u00e8ve et se condense avec l\u2019eau et d\u2019autres produits chimiques \u00e0 l\u2019int\u00e9rieur de la chemin\u00e9e et du conduit de la chemin\u00e9e. Le r\u00e9sidu en d\u00e9coulant s\u2019appelle cr\u00e9osote, qui se durcit avec le temps.<\/p>\r\n\r\n\t\t\t\t\t<p>Non seulement l\u2019accumulation de la cr\u00e9osote r\u00e9duit le flux d\u2019air dans votre chemin\u00e9e, mais elle pr\u00e9sente de nombreux risques \u00e0 la sant\u00e9. La cr\u00e9osote peut provoquer l\u2019irritation de la peau, comme les \u00e9ruptions, l\u2019irritation des yeux ou la sensibilit\u00e9 \u00e0 la lumi\u00e8re et les probl\u00e8mes respiratoires lorsque la cr\u00e9osote est inhal\u00e9e. La cr\u00e9osote est \u00e9galement <a href=\"https:\/\/www.preventionbtp.fr\/ressources\/questions\/l-utilisation-de-la-creosote-est-elle-toujours-possible_jocVDoE4D6KRWUyzkPMqwF#:~:text=La%20cr%C3%A9osote%20est%20class%C3%A9e%20canc%C3%A9rog%C3%A8ne,cr%C3%A9osote%20(cancer%20du%20poumon).\" title=\"La cr\u00e9osote est class\u00e9e canc\u00e9rog\u00e8ne de cat\u00e9gorie 2\" rel=\"noopener noreferrer\" target=\"_blank\">canc\u00e9rog\u00e8ne<\/a>, alors l\u2019exposition \u00e0 long terme constitue un risque.<\/p>\r\n\r\n\t\t\t\t\t<p>Plus important, la cr\u00e9osote repr\u00e9sente un risque d\u2019incendie.<\/p>\r\n\r\n\t\t\t\t\t<p>Le <a href=\"https:\/\/nrc.canada.ca\/fr\/certifications-evaluations-normes\/codes-canada\/publications-codes-canada\/code-national-prevention-incendies-canada-2020\" title=\"Code national de pr\u00e9vention des incendies du Canada\" rel=\"noopener noreferrer\" target=\"_blank\">Code national de pr\u00e9vention des incendies du Canada<\/a> d\u00e9clare qu\u2019une accumulation de plus de 3\u00a0millim\u00e8tres de particules de cr\u00e9osote ou de suie sur les murs d\u2019une chemin\u00e9e constitue un risque d\u2019incendie. Les incendies de chemin\u00e9e sont dangereux, car la ma\u00e7onnerie et le doublage de la chemin\u00e9e ne sont pas con\u00e7us pour supporter la chaleur intense. En plus d\u2019endommager le doublage, un incendie de chemin\u00e9e peut atteindre les poutres de bois et d\u2019autres structures inflammables de votre maison.<\/p>\r\n\r\n\t\t\t\t<h2 id=\"when-to-clean\">Quand et combien de fois faut-il ramoner la chemin\u00e9e<\/h2>\r\n\r\n\t\t\t\t\t<p>Vous devriez ramoner la chemin\u00e9e au moins une fois par an. Le meilleur moment de le faire est au printemps, car les d\u00e9p\u00f4ts de cr\u00e9osote n\u2019ont pas eu le temps de durcir et sont plus faciles \u00e0 enlever en cons\u00e9quence. Toutefois, la majorit\u00e9 des propri\u00e9taires occupants le font \u00e0 l\u2019automne, avant l\u2019arriv\u00e9e de l\u2019hiver.<\/p>\r\n\r\n\t\t\t\t\t<p>Bien qu\u2019il soit possible de ramoner la chemin\u00e9e vous-m\u00eame, vous avez int\u00e9r\u00eat \u00e0 embaucher un professionnel pour assurer un nettoyage complet et exhaustif. Au Qu\u00e9bec, les nombreux composants du syst\u00e8me de conduits doivent \u00eatre examin\u00e9s et nettoy\u00e9s par un entrepreneur muni d\u2019une licence d\u00e9livr\u00e9e par la <a href=\"https:\/\/www.rbq.gouv.qc.ca\/\" title=\"R\u00e9gie du b\u00e2timent du Qu\u00e9bec\" rel=\"noopener noreferrer\" target=\"_blank\">R\u00e9gie du b\u00e2timent du Qu\u00e9bec<\/a>.<\/p>\r\n\r\n\t\t\t\t\t<p>Un ramoneur professionnel fournit les services suivants\u00a0:<\/p>\r\n\r\n\t\t\t\t\t<ul>\r\n\t\t\t\t\t\t<li>un brossage vigoureux de la chemin\u00e9e et l\u2019enl\u00e8vement des obstructions (comme les nids d\u2019oiseau ou d\u2019\u00e9cureuil).<\/li>\r\n\t\t\t\t\t\t<li>une inspection du syst\u00e8me de chauffage en entier.<\/li>\r\n\t\t\t\t\t\t<li>le nettoyage et l\u2019ajustement des pi\u00e8ces.<\/li>\r\n\t\t\t\t\t\t<li>une inspection des distances de d\u00e9gagement autour de la chemin\u00e9e.<\/li>\r\n\t\t\t\t\t\t<li>le signalement de bris ou de dommages (comme les fissures, les perforations ou l\u2019infiltration de l\u2019eau).<\/li>\r\n\t\t\t\t\t<\/ul>\r\n\r\n\t\t\t\t<h2 id=\"12-tips-for-fireplace-usage\">12\u00a0conseils pour l\u2019utilisation de votre chemin\u00e9e<\/h2>\r\n\r\n\t\t\t\t\t<p>Afin de profiter de votre chemin\u00e9e en toute s\u00e9curit\u00e9, suivez les conseils ci-dessous.<\/p>\r\n\r\n\t\t\t\t\t<ol>\r\n\t\t\t\t\t\t<li>Assurez-vous que la pi\u00e8ce o\u00f9 la chemin\u00e9e se trouve est bien a\u00e9r\u00e9e.<\/li>\r\n\t\t\t\t\t\t<li>Ouvrez la cl\u00e9 ou le rabat au maximum pour modifier l\u2019alimentation d\u2019air.<\/li>\r\n\t\t\t\t\t\t<li>N\u2019utilisez jamais un allume-feu liquide ou gel pour alimenter le feu.<\/li>\r\n\t\t\t\t\t\t<li>Apportez quelques b\u00fbches de bois \u00e0 la fois et mettez-les \u00e0 l\u2019\u00e9cart de la chemin\u00e9e.<\/li>\r\n\t\t\t\t\t\t<li>Conservez les cordes de bois \u00e0 l\u2019ext\u00e9rieur, \u00e0 l\u2019\u00e9cart de la maison.<\/li>\r\n\t\t\t\t\t\t<li>Utilisez du bois sec de qualit\u00e9, car le bois vert et r\u00e9sineux favorise la formation de la cr\u00e9osote.<\/li>\r\n\t\t\t\t\t\t<li>Utilisez de petites b\u00fbches, car elles br\u00fblent plus proprement et forment moins de cr\u00e9osote.<\/li>\r\n\t\t\t\t\t\t<li>Lorsque vous allumez le feu, mettez de deux \u00e0 trois b\u00fbches avec le petit bois.<\/li>\r\n\t\t\t\t\t\t<li>Allumez le feu \u00e0 l\u2019aide d\u2019un allume-feu, id\u00e9alement un allume-feu de barbecue pour r\u00e9duire le risque de br\u00fblures.<\/li>\r\n\t\t\t\t\t\t<li>Ajoutez du bois alors que le feu baisse.<\/li>\r\n\t\t\t\t\t\t<li>Laissez assez d\u2019air p\u00e9n\u00e9trer dans le foyer pour que les flammes soient vives, favorisant ainsi une combustion compl\u00e8te et produisant moins de fum\u00e9e.<\/li>\r\n\t\t\t\t\t\t<li>N\u2019entreposez pas de mat\u00e9riaux inflammables \u00e0 proximit\u00e9, comme du papier, des produits chimiques et de la peinture.<\/li>\r\n\t\t\t\t\t<\/ol>\r\n\r\n\t\t\t\t<h2 id=\"home-insurance-considerations\">Consid\u00e9rations en assurance habitation<\/h2>\r\n\r\n\t\t\t\t\t<p>Si vous avez une chemin\u00e9e, vous paierez une prime plus \u00e9lev\u00e9e en raison du risque d\u2019un sinistre caus\u00e9 par le feu. <a href=\"\/fr\/centres-ressources\/bases-assurance\/comprendre-vos-primes-assurance\" title=\"Initiation aux primes d\u2019assurance habitation\">Les facteurs influen\u00e7ant la prime<\/a> comprennent l\u2019assureur, le type de chemin\u00e9e, l\u2019\u00e9tat de la chemin\u00e9e et si la chemin\u00e9e est la principale source de chauffage de la maison. Dans certains cas, l\u2019assureur pourrait d\u00e9cider de ne pas souscrire la maison s&rsquo;il y a un risque d\u2019incendie \u00e9lev\u00e9.<\/p>\r\n\r\n\t\t\t\t\t<p>Il est important que vous d\u00e9clariez que vous avez une chemin\u00e9e dans votre maison si l\u2019assureur vous le demande pendant le processus de soumission. Sinon, vous risquez la r\u00e9siliation de votre police et le refus de toute <a href=\"\/fr\/centres-ressources\/lexique-assurance\/reclamation\" title=\"D\u00e9finition : r\u00e9clamation\">r\u00e9clamation<\/a> en ce qui concerne les dommages \u00e0 la chemin\u00e9e.<\/p> \r\n\r\n\t\t\t\t\t<p>G\u00e9n\u00e9ralement, <a href=\"\/fr\/proprietaire-occupant\" title=\"Assurance pour propri\u00e9taire occupant en ligne\">l\u2019assurance pour propri\u00e9taire occupant<\/a> couvre les r\u00e9parations de la chemin\u00e9e si les dommages ont \u00e9t\u00e9 provoqu\u00e9s par un sinistre assur\u00e9. Pourtant, les dommages \u00e0 la chemin\u00e9e progressifs en raison de la n\u00e9gligence ou du manque d\u2019entretien ne sont pas admissibles \u00e0 la couverture. Par exemple, si vous ne faites pas r\u00e9guli\u00e8rement ramoner la chemin\u00e9e et l\u2019accumulation de la cr\u00e9osote cause un incendie, les dommages en d\u00e9coulant ne seraient pas couverts.<\/p>\r\n\r\n\t\t\t\t<h2 id=\"FAQs\">Questions fr\u00e9quemment pos\u00e9es<\/h2>\r\n\r\n\t\t\t\t<h3>Au lieu d\u2019embaucher un ramoneur, puis-je utiliser des b\u00fbches de ramonage?<\/h3>\r\n\r\n\t\t\t\t\t<p>Les b\u00fbches de ramonage ou les produits semblables ne sont pas une solution de rechange pour un nettoyage exhaustif. \u00c0 la diff\u00e9rence d\u2019un professionnel qualifi\u00e9, ces produits ne d\u00e9c\u00e8lent pas les probl\u00e8mes structuraux, la corrosion ou la pr\u00e9sence de la cr\u00e9osote. Qui plus est, ces produits n\u2019enl\u00e8vent qu\u2019une partie de la cr\u00e9osote.<\/p>\r\n\r\n\t\t\t\t<h3>Comment puis-je me d\u00e9barrasser des cendres de la chemin\u00e9e?<\/h3>\r\n\r\n\t\t\t\t\t<p>Les cendres chaudes peuvent causer un incendie ou l\u2019empoisonnement au monoxyde de carbone, alors le traitement des cendres est critique.<\/p>\r\n\r\n\t\t\t\t\t<ul>\r\n\t\t\t\t\t\t<li>Videz r\u00e9guli\u00e8rement les cendres du foyer, jamais \u00e0 l\u2019aide d\u2019un aspirateur, mais \u00e0 l\u2019aide d\u2019une pelle de m\u00e9tal.<\/li> \r\n\t\t\t\t\t\t<li>Mettez les cendres chaudes dans un contenant m\u00e9tallique \u00e0 fond sur\u00e9lev\u00e9 et muni d\u2019un couvercle m\u00e9tallique.<\/li>\r\n\t\t\t\t\t\t<li>Placez le contenant m\u00e9tallique \u00e0 l\u2019ext\u00e9rieur sur une surface non combustible \u00e0 une distance d\u2019au moins un m\u00e8tre des autres objets.<\/li>\r\n\t\t\t\t\t\t<li>Attendez au moins 7 jours avant de transf\u00e9rer les cendres du contenant m\u00e9tallique dans un autre contenant, comme une poubelle. Brassez les cendres pour vous assurer qu\u2019elles sont parfaitement refroidies. Vous pouvez \u00e9galement conserver les cendres dehors durant tout l\u2019hiver pour les jeter au printemps.<\/li>\r\n\t\t\t\t\t<\/ul>\r\n\r\n\t\t\t\t<h3>Quel type de bois devrais-je utiliser pour mon foyer?<\/h3>\r\n\r\n\t\t\t\t\t<p>Le meilleur type de bois pour la chemin\u00e9e est le bois franc. Cela comprend le fr\u00eane, le bouleau, le merisier, l\u2019\u00e9rable et le ch\u00eane. Ces bois s\u2019allument rapidement, g\u00e9n\u00e8rent beaucoup de chaleur et produisent peu de fum\u00e9e. \u00c9vitez les bois r\u00e9sineux, comme le c\u00e8dre, l\u2019eucalyptus, le pin, le peuplier et le saule. Ces bois sont difficiles \u00e0 allumer et produisent beaucoup de fum\u00e9e et de cr\u00e9osote.<\/p>\r\n\r\n\t\t\t\t\t<p><strong>Vous voulez en savoir plus?<\/strong> Consultez notre <a href=\"\/fr\/centres-ressources\/proprietaire-occupant\" title=\"Centre de ressources : propri\u00e9taire occupant\">Centre de ressources&nbsp;: propri\u00e9taire occupant<\/a> pour acc\u00e9der \u00e0 des articles pour vous guider sur la vie de propri\u00e9taire. Ensuite, <a href=\"\/fr\/soumission-assurance-habitation-en-ligne\" title=\"Obtenir une soumission d\u2019assurance habitation en ligne\">obtenez une soumission d'assurance habitation en ligne<\/a> en moins de 5\u00a0minutes et d\u00e9couvrez \u00e0 quel point l\u2019assurance habitation personnalis\u00e9e peut \u00eatre abordable.<\/p>\r\n\r\n\t\t\t<\/div>\r\n        <\/div>\r\n    <\/div>\r\n<\/section>\r\n<script type=\"application\/ld+json\">\r\n{\r\n  \"@context\": \"https:\/\/schema.org\",\r\n   \"@type\": \"WebPage\",\r\n  \"mainEntityOfPage\": {\r\n    \"@type\": \"Article\",\r\n    \"@id\": \"https:\/\/www.squareone.ca\/fr\/centres-ressources\/proprietaire-occupant\/entretien-cheminee\"\r\n  },\r\n  \"author\": [\r\n    {\r\n      \"@type\": \"Person\",\r\n      \"name\": \"Anthony Michael\",\r\n      \"url\": \"https:\/\/www.squareone.ca\/fr\/a-propos-de-nous\/membres-equipe#anthony-michael\"\r\n    }\r\n  ],\r\n  \"headline\": \"Initiation \u00e0 l\u2019entretien de la chemin\u00e9e\",\r\n  \"datePublished\": \"\",\r\n  \"dateModified\": \"\",\r\n  \"inLanguage\": \"fr-CA\",\r\n  \"isAccessibleForFree\": true\r\n}\r\n<\/script>\r\n<script type=\"application\/ld+json\">\r\n{\r\n  \"@context\": \"https:\/\/schema.org\",\r\n  \"@type\": \"FAQPage\",\r\n  \"mainEntity\": [{\r\n    \"@type\": \"Question\",\r\n    \"name\": \"Au lieu d\u2019embaucher un ramoneur, puis-je utiliser des b\u00fbches de ramonage?\",\r\n    \"acceptedAnswer\": {\r\n      \"@type\": \"Answer\",\r\n      \"text\": \"Les b\u00fbches de ramonage ou les produits semblables ne sont pas une solution de rechange pour un nettoyage exhaustif. \u00c0 la diff\u00e9rence d\u2019un professionnel qualifi\u00e9, ces produits ne d\u00e9c\u00e8lent pas les probl\u00e8mes structuraux, la corrosion ou la pr\u00e9sence de la cr\u00e9osote. Qui plus est, ces produits n\u2019enl\u00e8vent qu\u2019une partie de la cr\u00e9osote.\"\r\n    }\r\n  },{\r\n    \"@type\": \"Question\",\r\n    \"name\": \"Comment puis-je me d\u00e9barrasser des cendres de la chemin\u00e9e?\",\r\n    \"acceptedAnswer\": {\r\n      \"@type\": \"Answer\",\r\n      \"text\": \"Les cendres chaudes peuvent causer un incendie ou l\u2019empoisonnement au monoxyde de carbone, alors le traitement des cendres est critique. Videz r\u00e9guli\u00e8rement les cendres du foyer, jamais \u00e0 l\u2019aide d\u2019un aspirateur, mais \u00e0 l\u2019aide d\u2019une pelle de m\u00e9tal. Mettez les cendres chaudes dans un contenant m\u00e9tallique \u00e0 fond sur\u00e9lev\u00e9 et muni d\u2019un couvercle m\u00e9tallique. Placez le contenant m\u00e9tallique \u00e0 l\u2019ext\u00e9rieur sur une surface non combustible \u00e0 une distance d\u2019au moins un m\u00e8tre des autres objets.<\/li>\r\n<li>Attendez au moins 7 jours avant de transf\u00e9rer les cendres du contenant m\u00e9tallique dans un autre contenant, comme une poubelle. Brassez les cendres pour vous assurer qu\u2019elles sont parfaitement refroidies. Vous pouvez \u00e9galement conserver les cendres dehors durant tout l\u2019hiver pour les jeter au printemps.\"\r\n    }\r\n  },{\r\n    \"@type\": \"Question\",\r\n    \"name\": \"Quel type de bois devrais-je utiliser pour mon foyer?\",\r\n    \"acceptedAnswer\": {\r\n      \"@type\": \"Answer\",\r\n      \"text\": \"Le meilleur type de bois pour la chemin\u00e9e est le bois franc. Cela comprend le fr\u00eane, le bouleau, le merisier, l\u2019\u00e9rable et le ch\u00eane. Ces bois s\u2019allument rapidement, g\u00e9n\u00e8rent beaucoup de chaleur et produisent peu de fum\u00e9e. \u00c9vitez les bois r\u00e9sineux, comme le c\u00e8dre, l\u2019eucalyptus, le pin, le peuplier et le saule. Ces bois sont difficiles \u00e0 allumer et produisent beaucoup de fum\u00e9e et de cr\u00e9osote.\"\r\n    }\r\n  }]\r\n}\r\n<\/script>\r\n","protected":false},"excerpt":{"rendered":"<p>Initiation \u00e0 l\u2019entretien de la chemin\u00e9e Pendant les soir\u00e9es d\u2019hiver frigides, qu\u2019est-ce qu\u2019il y a de mieux que de relaxer devant un beau feu chaleureux? Certes, une chemin\u00e9e rehausse l\u2019ambiance de votre maison, mais il est \u00e9galement important de bien l\u2019entretenir. Lisez la suite pour obtenir de plus amples renseignements sur l\u2019entretien et la s\u00e9curit\u00e9 [&hellip;]<\/p>\n","protected":false},"author":20,"featured_media":67922,"parent":48241,"menu_order":0,"comment_status":"closed","ping_status":"closed","template":"page-article-new.php","meta":{"_acf_changed":false,"footnotes":""},"class_list":["post-67984","page","type-page","status-publish","has-post-thumbnail","hentry"],"acf":[],"_links":{"self":[{"href":"https:\/\/www.squareone.ca\/fr\/wp-json\/wp\/v2\/pages\/67984","targetHints":{"allow":["GET"]}}],"collection":[{"href":"https:\/\/www.squareone.ca\/fr\/wp-json\/wp\/v2\/pages"}],"about":[{"href":"https:\/\/www.squareone.ca\/fr\/wp-json\/wp\/v2\/types\/page"}],"author":[{"embeddable":true,"href":"https:\/\/www.squareone.ca\/fr\/wp-json\/wp\/v2\/users\/20"}],"replies":[{"embeddable":true,"href":"https:\/\/www.squareone.ca\/fr\/wp-json\/wp\/v2\/comments?post=67984"}],"version-history":[{"count":6,"href":"https:\/\/www.squareone.ca\/fr\/wp-json\/wp\/v2\/pages\/67984\/revisions"}],"predecessor-version":[{"id":77031,"href":"https:\/\/www.squareone.ca\/fr\/wp-json\/wp\/v2\/pages\/67984\/revisions\/77031"}],"up":[{"embeddable":true,"href":"https:\/\/www.squareone.ca\/fr\/wp-json\/wp\/v2\/pages\/48241"}],"wp:featuredmedia":[{"embeddable":true,"href":"https:\/\/www.squareone.ca\/fr\/wp-json\/wp\/v2\/media\/67922"}],"wp:attachment":[{"href":"https:\/\/www.squareone.ca\/fr\/wp-json\/wp\/v2\/media?parent=67984"}],"curies":[{"name":"wp","href":"https:\/\/api.w.org\/{rel}","templated":true}]}}