{"id":68124,"date":"2023-12-06T15:02:29","date_gmt":"2023-12-06T23:02:29","guid":{"rendered":"https:\/\/www.squareone.ca\/centres-ressources\/lexique-assurance\/definition-avenant"},"modified":"2025-12-01T09:39:35","modified_gmt":"2025-12-01T17:39:35","slug":"definition-avenant","status":"publish","type":"page","link":"https:\/\/www.squareone.ca\/fr\/centres-ressources\/lexique-assurance\/avenant","title":{"rendered":"D\u00e9finition : avenant"},"content":{"rendered":"<section id='intro' class=\"bg-shape-split bg-sub-page-hero\">\r\n\t<div class=\"bg-position\">\r\n\t\t<div class=\"container-fluid\">\r\n\t\t\t<div class=\"row align-items-center\">\r\n\t\t\t\t<div class=\"col-12 col-lg-8\">  \r\n\r\n\t\t\t\t\t<h1>Avenant<\/h1>\r\n\r\n\t\t\t\t\t<strong>Article r\u00e9dig\u00e9 par <a href=\"\/fr\/a-propos-de-nous\/contributeurs#seamus-mckale\" title=\"Auteur : Seamus McKale\">Seamus McKale<\/a><\/strong>\r\n                                        <p class=\"pb-3\"><strong>Article \u00e9valu\u00e9 par <a href=\"\/fr\/a-propos-de-nous\/experts\/daniel-mirkovic\" title=\"Expert : Daniel Mirkovic\">Daniel Mirkovic<\/a><\/strong><\/p> \r\n\r\n\t\t\t\t\t<p class=\"pb-4\" style=\"margin-top:-24px\">Mis \u00e0 jour le 6 novembre 2025<\/p>\r\n\r\n\t\t\t\t<\/div>\r\n\t\t\t<\/div>\r\n\r\n\t\t\t<div class=\"row\">\r\n\t\t\t\t<div class=\"col-lg-8\">\r\n\t\t\t\t\t<p class='mb-0'>Nom<\/p>\r\n\t\t\t\t\t<p>av-e-nant | avan\u0251\u0303<\/p>\r\n\t\t\t\t\t<p class=\"display-4\"><strong><span class='text-orange'>D\u00e9finition\u00a0:<\/span> une modification \u00e0 un contrat d\u2019assurance qui d\u00e9roge aux conditions ant\u00e9rieures du contrat.<\/strong><\/p>\r\n\t\t\t\t\t<p class=\"display-4\"><i>Paul a demand\u00e9 \u00e0 son fournisseur d\u2019assurance d\u2019ajouter un <strong>avenant<\/strong> \u00e0 sa police afin d\u2019assurer sa collection de livres antiques.<\/i><\/p>                   \r\n\t\t\t\t<\/div>\r\n\r\n\t\t\t\t<div class=\"col-lg-3 offset-lg-1\">          \r\n\t\t\t\t\t<p class=\"mb-2 display-4 pt-4 pt-lg-0 pt-mb-0\"><strong>Th\u00e8mes<\/strong><\/p>\r\n\t\t\t\t\t<ul class=\"list-unstyled link-list display-4\">\r\n\t\t\t\t\t\t<li><a href='#What-it-is'>Qu\u2019est-ce qu\u2019un avenant?<\/a><\/li>\r\n\t\t\t\t\t\t<li><a href='#Endorsement-versus-rider'>Avenant vs assurance flottante<\/a><\/li>\r\n\t\t\t\t\t\t<li><a href=\"#car-insurance-endorsements\">Avenants en assurance auto<\/li>\r\n\t\t\t\t\t\t<li><a href='#Square-One'>Asurance habitation de Square One<\/a><\/li>\r\n\t\t\t\t\t<\/ul>\r\n\t\t\t\t<\/div>\r\n\t\t\t<\/div>  \r\n\t\t<\/div>\r\n\t<\/div>\r\n\t<div class=\"bg-bottom\"><\/div>\r\n<\/section>\r\n\r\n<section>\r\n    <div class=\"container-fluid py-6\">\r\n        <div class=\"row\">\r\n            <div class=\"col-12 col-lg-8\">\r\n                <div class=\"row pb-6\">\r\n                    <div class=\"col-12\">\r\n                        <div class=\"card review\" style='background-color:#FFE0C9'>\r\n                            <div class=\"card-body\">\r\n                                <p class=\"h3\">L\u2019essentiel<\/p>\r\n                                <ul class='mb-0'>\r\n\t\t\t\t\t\t<li>Les avenants sont des ajouts \u00e0 une police d\u2019assurance qui d\u00e9rogent aux conditions du libell\u00e9 de la police original.<\/li>\r\n\t\t\t\t\t\t<li>Les assureurs peuvent imposer des avenants que l\u2019assur\u00e9 doit accepter avant de souscrire sa police.<\/li>\r\n\t\t\t\t\t\t<li>Les assur\u00e9s demandent des avenants pour rehausser la couverture pour les biens sp\u00e9ciaux ou pour ajouter de la couverture qui ne fait pas partie de la police de base de leur compagnie d\u2019assurance.<\/li>\r\n                                <\/ul>\r\n                            <\/div>\r\n                        <\/div>\r\n                    <\/div>\r\n                <\/div>\r\n\r\n\t\t\t\t<h2 id=\"What-it-is\">Qu\u2019est-ce qu\u2019un avenant?<\/h2>\r\n\r\n\t\t\t\t\t<p>Les compagnies d\u2019assurance ne r\u00e9digent pas des contrats \u00e0 partir de z\u00e9ro pour chaque client. Plut\u00f4t, les assureurs emploient des libell\u00e9s de police de base qui sont adapt\u00e9s aux donn\u00e9es de chaque client. <\/p>\r\n\t\t\t\t\t\r\n\t\t\t\t\t<p>Remarquez que des d\u00e9tails comme les limitations de couverture sont diff\u00e9rents dans chaque police, mais la majeure partie d\u2019un contrat d\u2019assurance est \u00ab\u00a0tout fait\u00a0\u00bb.<\/p>\r\n\t\t\t\t\t\r\n\t\t\t\t\t<p>Examinons les raisons pour lesquelles les avenants existent.<\/p>\r\n\t\t\t\t\t\r\n\t\t\t\t\t<p class=\"mb-0\">Si un client a un besoin en assurance qui n\u2019est pas couvert par le libell\u00e9 de la police de base, la compagnie d\u2019assurance peut toujours accommoder le client. Dans ce cas, la compagnie d\u2019assurance rajoute un avenant \u00e0 la police qui d\u00e9roge au libell\u00e9 de la police normal.<\/p>\r\n\r\n\t\t\t\t\t<div class=\"row py-6\">\r\n\t\t\t\t\t\t<div class=\"col-12\">\r\n\t\t\t\t\t\t\t<div class=\"card review\" style='background-color:#B5E0EB'>\r\n\t\t\t\t\t\t\t\t<div class=\"card-body\">\r\n\r\n\t\t\t\t\t\t\t\t\t<p class=\"display-4\"><strong>Exemple<\/strong><\/p>\r\n\r\n\t\t\t\t\t\t\t\t\t<p><i>Vanessa vient d\u2019emm\u00e9nager dans une nouvelle habitation et a souscrit une police d\u2019assurance propri\u00e9taire occupant. La police de base de son assureur comprend une limitation de couverture de 500\u00a0$ pour les bijoux. Or, Vanessa a une collection exhaustive de bijoux. La valeur estim\u00e9e de ses bijoux faite par un professionnel s\u2019\u00e9l\u00e8ve \u00e0 15\u00a0000\u00a0$.<\/i><\/p> \r\n\r\n\t\t\t\t\t\t\t\t\t<p><i>Vanessa demande \u00e0 son assureur s\u2019il serait possible d\u2019augmenter la limite de couverture pour sa collection de bijoux. La compagnie d\u2019assurance ajoute un avenant \u00e0 sa police pour augmenter la limitation de couverture pour les bijoux \u00e0 15\u00a0000\u00a0$. En \u00e9change, Vanessa doit payer une prime plus \u00e9lev\u00e9e.<\/i><\/p>\r\n\r\n\t\t\t\t\t\t\t\t<\/div>\r\n\t\t\t\t\t\t\t<\/div>\r\n\t\t\t\t\t\t<\/div>\r\n\t\t\t\t\t<\/div>\r\n\r\n\t\t\t\t\t<p>Un avenant d\u00e9roge aux conditions ant\u00e9rieures du libell\u00e9 de la police dans le but de fournir la couverture d\u00e9sir\u00e9e.<\/p>\r\n\r\n\t\t\t\t\t<p>Pourtant, les avenants ne sont pas limit\u00e9s aux modifications de couverture. Examinons quelques autres emplois des avenants\u00a0:<\/p>\r\n\r\n\t\t\t\t\t<ul>\r\n\t\t\t\t\t\t<li><p><strong>L\u2019ajout ou l\u2019exclusion de risques couverts.<\/strong> Bon nombre de fournisseurs d\u2019assurance habitation excluent la couverture pour tremblement de terre dans leurs polices de base. L\u2019assureur peut permettre \u00e0 ses assur\u00e9s <a href=\"\/fr\/habitation\/tremblement-terre\" title=\"Square One : assurance n contre le tremblement de terre\">d\u2019ajouter \u00e0 sa police la couverture pour tremblement de terre<\/a> \u00e0 titre d\u2019avenant. En revanche, un assureur qui inclut la couverture pour inondation fluviale par d\u00e9faut pourrait faire appel \u00e0 un avenant pour la supprimer si l\u2019habitation \u00e0 souscrire se trouve dans une zone inondable.<\/p><\/li>\r\n\t\t\t\t\t\t\r\n\t\t\t\t\t\t<li><p><strong>La mise en application de diff\u00e9rentes franchises.<\/strong> Un assureur peut ajouter un avenant qui modifie la franchise pour certains sinistres. Par exemple, une police ayant une franchise normale de 500\u00a0$ pourrait comprendre un avenant qui impose une <a href=\"\/fr\/centres-ressources\/lexique-assurance\/franchise\" title=\"D\u00e9finition : franchise\">franchise<\/a> normale de 10\u00a0000\u00a0$ pour les r\u00e9clamations pour d\u00e9g\u00e2ts d\u2019eau caus\u00e9s par la plomberie d\u00e9fectueuse. Il est possible qu\u2019un assureur impose un avenant semblable s\u2019il accepte d\u2019assurer une habitation dont le syst\u00e8me de plomberie est vieux et susceptible \u00e0 d\u00e9faillir. Dans ce cas, l\u2019assureur demandera \u00e0 l\u2019assur\u00e9 de mettre \u00e0 niveau son syst\u00e8me de plomberie avant de supprimer l\u2019avenant.<\/p><\/li>\r\n\t\t\t\t\t\t\r\n\t\t\t\t\t\t<li><p><strong>Modification de d\u00e9tails sur la police.<\/strong> Si l\u2019information dans la police doit \u00eatre modifi\u00e9e avant la r\u00e9\u00e9valuation annuelle, l\u2019assureur peut modifier la police \u00e0 l\u2019aide d\u2019un avenant. Par exemple, si <a href=\"\/fr\/centres-ressources\/lexique-assurance\/occupation\" title=\"D\u00e9finition : occupation\">l\u2019occupation<\/a> de l\u2019habitation change.<\/p><\/li> \r\n\t\t\t\t\t\t\r\n\t\t\t\t\t\t<li><p><strong>Assurance d\u2019une entreprise \u00e0 domicile.<\/strong> Les fournisseurs d\u2019assurance habitation peuvent assurer des biens \u00e0 usage professionnel pour certaines entreprises \u00e0 domicile qui respectent leurs lignes directrices. Premi\u00e8rement, l\u2019assur\u00e9 doit demander un avenant pour prot\u00e9ger ses biens \u00e0 usage professionnel.<\/p><\/li>\r\n\t\t\t\t\t<\/ul>\r\n\r\n\t\t\t\t\t<p>D\u2019habitude, c\u2019est l\u2019assur\u00e9 qui demande des avenants. Parfois, l\u2019assureur ajoute ses propres avenants qui ne sont pas facultatifs.<\/p>\r\n\t\t\t\t\t\r\n\t\t\t\t\t<p>Comme dans l\u2019exemple ci-dessus, l\u2019assureur peut ajouter une franchise de 10\u00a0000\u00a0$ pour les r\u00e9clamations d\u00e9coulant des tuyaux \u00e9clat\u00e9s. Parfois les assureurs imposent des franchises plus \u00e9lev\u00e9es ou des limitations plus basses que dans leur police normale.<\/p>\r\n\t\t\t\t\t\r\n\t\t\t\t\t<p>Ces types d\u2019avenants ne sont pas facultatifs\u00a0: si l\u2019assur\u00e9 veut souscrire une police, il doit accepter les conditions. Les avenants obligatoires de ce type ne sont pas monnaie courante.<\/p>\r\n\r\n\t\t\t\t<h2 id=\"Endorsement-versus-rider\">Quelle est la diff\u00e9rence entre un avenant et un intercalaire?<\/h2>\t\r\n\r\n\t\t\t\t\t<p>Les avenants s\u2019appellent \u00e9galement intercalaires. Avenant et intercalaire sont la m\u00eame chose; ils renvoient aux modifications apport\u00e9es \u00e0 un contrat d\u2019assurance. Une assurance flottante, qui est \u00e0 peu pr\u00e8s la m\u00eame chose, est un autre terme parfois employ\u00e9. Tous ces termes sont interchangeables.<\/p>\r\n\t\t\t\t\t\r\n\t\t\t\t\t<p>G\u00e9n\u00e9ralement, les avenants augmentent ou limitent la couverture pour certains types de sinistres. Par exemple, un avenant pour les dommages caus\u00e9s par le refoulement d&rsquo;\u00e9gout offre une couverture qui ne serait pas autrement offerte dans la police.<\/p>\r\n\t\t\t\t\t\r\n\t\t\t\t\t<p>Par ailleurs, l\u2019assurance flottante et les intercalaires sont employ\u00e9s pour ajouter certains types de biens \u00e0 la police. Par exemple, un avenant pour les bijoux ajoute de la couverture pour les pi\u00e8ces de bijouterie qui ne seraient pas couvertes dans le cadre d\u2019une police normale. Dans le m\u00eame ordre d\u2019id\u00e9es, un avenant pour les embarcations ajouterait de la couverture pour des bateaux individuels.<\/p>\r\n\r\n\t\t\t\t<h2 id=\"car-insurance-endorsements\">Avenants en assurance auto<\/h2>\r\n\r\n\t\t\t\t\t<p>Les avenants sont tr\u00e8s r\u00e9pandus en assurance auto. Les avenants en assurance auto sont assez simples; \u00e9tant donn\u00e9 que l\u2019assurance auto est strictement r\u00e9gul\u00e9e, la plupart des avenants sont pr\u00eats \u00e0 souscrire.<\/p>\r\n\r\n\t\t\t\t\t<p>Par exemple, les conducteurs au Qu\u00e9bec connaissent sans doute les avenants offerts dans leur province. Ceux-ci s\u2019appellent \u00e9galement <a href=\"https:\/\/lautorite.qc.ca\/grand-public\/assurance\/assurance-auto\" title=\"Formulaire d\u2019avenant du Qu\u00e9bec\" rel=\"noopener noreferrer\" target=\"_blank\">Formulaires d\u2019avenant du Qu\u00e9bec<\/a> ou F.A.Q. Chaque avenant comprend un num\u00e9ro F.A.Q. d\u00e9sign\u00e9. La <a href=\"\/fr\/centres-ressources\/assurance-auto\/faq-27a\" title=\"Couverture pour v\u00e9hicule de location au Qu\u00e9bec : F.A.Q. No 27a\">F.A.Q. 27a<\/a> par exemple, est un avenant qui prolonge la couverture \u00e0 des v\u00e9hicules de location ou dont le titulaire de police n\u2019est pas le propri\u00e9taire. L\u2019Ontario utilise un syst\u00e8me semblable qui s\u2019appelle <a href=\"https:\/\/www.fsrao.ca\/fr\/pour-les-consommateurs\/assurance-automobile\/souscription-de-votre-police\/couverture-facultative\" title=\"Couvertures d\u2019assurance auto facultatives en Ontario\" rel=\"noopener noreferrer\" target=\"_blank\">Formulaires de modification de police de l\u2019Ontario<\/a> ou FMPO.\r\n\r\n\t\t\t\t\t<p>Certains avenants sont obligatoires dans certaines situations. Cela comprend des avenants comme le <a href=\"https:\/\/www.fsrao.ca\/fr\/fmpo-5-permission-de-location-dautomobiles-et-prolongation-de-la-garantie-pour-les-preneurs-bail-designes\" title=\"FMPO 5\" rel=\"noopener noreferrer\" target=\"_blank\">FMPO\u00a05<\/a> en Ontario qui est requis pour tout conducteur qui loue son auto.<\/p>\r\n\r\n\t\t\t\t<h2 id=\"Square-One\">Comment fonctionnent les avenants en assurance habitation chez Square One?<\/h2>\r\n\r\n\t\t\t\t\t<p>Square One a sa propre fa\u00e7on de traiter bon nombre d\u2019avenants courants comparativement \u00e0 d\u2019autres fournisseurs d\u2019assurance habitation. Nous l\u2019examinerons ci-dessous.<\/p>\r\n\r\n\t\t\t\t\t<p>Souvent, les propri\u00e9taires occupants demandent \u00e0 leur assureur d\u2019ajouter des avenants pour couvrir leurs biens sp\u00e9ciaux, comme les bijoux ou les embarcations. La plupart des polices de base n\u2019offrent que de petites limitations pour ces types de biens. Quiconque a besoin de couverture suppl\u00e9mentaire doit demander un avenant.<\/p>\r\n\r\n\t\t\t\t\t<p>Or Square One propose une police personnalisable. Au lieu d\u2019\u00e9mettre des avenants pour les biens sp\u00e9ciaux, nous laissons les clients choisir quels <a href=\"\/fr\/categories-biens-speciaux\" title=\"Article : types de biens sp\u00e9ciaux\">types de biens sp\u00e9ciaux<\/a> \u00e0 assurer et pour combien. Types of specialty property\u00a0\u00bb>types of speciality property<\/a> they want to insure and for how much. Ces choix sont faits pendant le processus de soumission et s\u2019inscrivent dans le libell\u00e9 de la police.<\/p>\r\n\r\n\t\t\t\t\t<p>Qui plus est, nous offrons la couverture pour le tremblement de terre et l\u2019inondation fluviale par d\u00e9faut dans la plupart de nos polices. Par cons\u00e9quent,  la plupart de nos assur\u00e9s n\u2019ont pas besoin d\u2019ajouter ces couvertures par l\u2019entremise des avenants.<\/p>\r\n\r\n\t\t\t\t\t<p>En outre, Square One utilise la d\u00e9pr\u00e9ciation limit\u00e9e. Si un assur\u00e9 d\u00e9cide de ne pas remplacer leurs biens perdus ou endommag\u00e9s, nous pouvons offrir un r\u00e8glement selon la d\u00e9pr\u00e9ciation limit\u00e9e. Cela signifie que nous ne d\u00e9duirons pas plus de 50\u00a0% de la valeur \u00e0 neuf d\u2019un bien. R\u00e9sultat\u00a0: cela se traduit souvent par un r\u00e8glement plus \u00e9lev\u00e9 comparativement \u00e0 d\u2019autres polices qui offrent toujours un r\u00e8glement selon la d\u00e9pr\u00e9ciation totale.<\/p>\r\n\r\n\t\t\t\t\t<p><strong>Vous recherchez une d\u00e9finition en assurance?<\/strong> Consultez notre <a href=\"\/fr\/centres-ressources\/lexique-assurance\" title=\"Centre de ressources : lexique de l'assurance\">Centre de ressources&nbsp;: lexique de l\u2019assurance<\/a> pour acc\u00e9der \u00e0 des d\u00e9finitions faciles \u00e0 comprendre des termes les plus courants de l'assurance. Ensuite, <a href=\"\/fr\/soumission-assurance-habitation-en-ligne\" title=\"Obtenir une soumission d\u2019assurance habitation en ligne\">obtenez une soumission d'assurance habitation en ligne<\/a> en moins de 5\u00a0minutes et d\u00e9couvrez \u00e0 quel point l\u2019assurance habitation personnalis\u00e9e peut \u00eatre abordable.<\/p>\r\n\r\n\t\t\t\t\t<div class=\"row py-3\">\r\n<div class=\"col-12\">\r\n<div class=\"card review\" style=\"box-shadow: 0 2px 4px rgba(0,0,0,0.07);background-color:#f4f4f4;\">\r\n<div class=\"card-body\">\r\n\t<p class=\"text-primary h4\">\u00c0 propos de l\u2019expert&nbsp;: Daniel Mirkovic<\/p>\r\n\t<p>Cofondateur de Square One comptant plus de 25&nbsp;ans dans le secteur de l\u2019assurance, Daniel \u00e9tait vice-pr\u00e9sident des services d\u2019assurance et de voyage de la British Columbia Automobile Association (BCAA). Daniel est titulaire d'un baccalaur\u00e9at \u00e8s commerce et d'une ma\u00eetrise \u00e8s administration des affaires, tous deux obtenus \u00e0 la Sauder School of Business de l'universit\u00e9 de la Colombie-Britannique. Daniel est muni de la d\u00e9signation CAAC et d\u2019un certificat en assurance de dommages niveau&nbsp;3 en Colombie-Britannique, en Alberta, en Saskatchewan, au Manitoba et en Ontario.<\/p>\r\n<\/div>\r\n<\/div>\r\n<\/div>\r\n<\/div>\r\n\r\n\t\t\t<\/div>\r\n\t\t<\/div>\r\n\t<\/div>\r\n<\/section>\r\n<script type=\"application\/ld+json\">\r\n{\r\n  \"@context\": \"https:\/\/schema.org\",\r\n  \"@graph\": [\r\n    {\r\n      \"@type\": [\"WebPage\", \"DefinedTerm\"],\r\n      \"@id\": \"https:\/\/www.squareone.ca\/fr\/centres-ressources\/lexique-assurance\/avenant\",\r\n      \"url\": \"https:\/\/www.squareone.ca\/fr\/centres-ressources\/lexique-assurance\/avenant\",\r\n      \"inLanguage\": \"fr-CA\",\r\n      \"isAccessibleForFree\": true,\r\n      \"name\": \"Avenant\",\r\n      \"description\": \"Une modification \u00e0 un contrat d\u2019assurance qui d\u00e9roge aux conditions ant\u00e9rieures du contrat.\",\r\n      \"inDefinedTermSet\": {\r\n        \"@type\": \"DefinedTermSet\",\r\n        \"name\": \"Lexique de l\u2019assurance de Square One\",\r\n        \"url\": \"https:\/\/www.squareone.ca\/fr\/centres-ressources\/lexique-assurance\"\r\n      },\r\n      \"publisher\": {\r\n        \"@id\": \"https:\/\/www.squareone.ca\/fr\"\r\n      },\r\n      \"author\": {\r\n        \"@id\": \"#seamus-mckale\"\r\n      },\r\n      \"reviewedBy\": {\r\n        \"@id\": \"https:\/\/www.squareone.ca\/fr\/a-propos-de-nous\/experts\/daniel-mirkovic\"\r\n      }\r\n    },\r\n    {\r\n      \"@type\": \"InsuranceAgency\",\r\n      \"@id\": \"https:\/\/www.squareone.ca\/fr\",\r\n      \"name\": \"Assurances Square One\",\r\n      \"url\": \"https:\/\/www.squareone.ca\/fr\",\r\n      \"logo\": \"https:\/\/cdn.squareone.ca\/wp-content\/uploads\/2021\/04\/09094743\/square-one-logomark-default-md-1.png\",\r\n      \"address\": {\r\n        \"@type\": \"PostalAddress\",\r\n        \"streetAddress\": \"1410-650 W Georgia St\",\r\n        \"addressLocality\": \"Vancouver\",\r\n        \"addressRegion\": \"BC\",\r\n        \"postalCode\": \"V6B 4N8\",\r\n        \"addressCountry\": \"CA\"\r\n      },\r\n      \"telephone\": \"+1-855-331-6933\",\r\n      \"areaServed\": [\"BC\", \"AB\", \"SK\", \"MB\", \"ON\", \"QC\"],\r\n      \"feesAndCommissionsSpecification\": \"https:\/\/www.squareone.ca\/fr\/transparence\"\r\n    },\r\n    {\r\n      \"@type\": \"Person\",\r\n      \"@id\": \"#seamus-mckale\",\r\n      \"name\": \"Seamus McKale\",\r\n      \"url\": \"https:\/\/www.squareone.ca\/fr\/a-propos-de-nous\/membres-equipe#seamus-mckale\",\r\n      \"description\": \"Seamus a 15 ans d\u2019exp\u00e9rience en marketing, avec sp\u00e9cialisation en publicit\u00e9 multim\u00e9dia, r\u00e9daction technique et contenu sur l\u2019assurance personnelle.\",\r\n      \"jobTitle\": \"Sp\u00e9cialiste de marketing de contenu\",\r\n      \"worksFor\": {\r\n        \"@id\": \"https:\/\/www.squareone.ca\/fr\"\r\n      },\r\n      \"hasCredential\": [\r\n        {\r\n          \"@type\": \"EducationalOccupationalCredential\",\r\n          \"name\": \"Certificat en assurance de dommages de la C.-B., niveau 1\"\r\n        },\r\n        {\r\n          \"@type\": \"EducationalOccupationalCredential\",\r\n          \"name\": \"Certificat en assurance de dommages de l\u2019Ontario\"\r\n        }\r\n      ],\r\n      \"knowsAbout\": [\r\n        \"Marketing\",\r\n        \"Publicit\u00e9 multim\u00e9dia\",\r\n        \"R\u00e9daction technique\",\r\n        \"Assurance des particuliers\"\r\n      ],\r\n      \"sameAs\": [\r\n        \"https:\/\/www.linkedin.com\/in\/seamus-m-83801a2b\/\"\r\n      ]\r\n    },\r\n    {\r\n      \"@type\": \"Person\",\r\n      \"@id\": \"https:\/\/www.squareone.ca\/fr\/a-propos-de-nous\/experts\/daniel-mirkovic\",\r\n      \"name\": \"Daniel Mirkovic\",\r\n      \"url\": \"https:\/\/www.squareone.ca\/fr\/a-propos-de-nous\/experts\/daniel-mirkovic\",\r\n      \"description\": \"Daniel poss\u00e8de de vastes connaissances en assurance, acquises au cours de plus de 25 ans d\u2019exprience dans le secteur.\",\r\n      \"jobTitle\": \"Cofondateur et PDG\",\r\n      \"worksFor\": {\r\n        \"@id\": \"https:\/\/www.squareone.ca\/fr\"\r\n      },\r\n      \"alumniOf\": {\r\n        \"@type\": \"CollegeOrUniversity\",\r\n        \"name\": \"Sauder School of Business at the University of British Columbia\"\r\n      },\r\n      \"hasCredential\": [\r\n        {\r\n          \"@type\": \"EducationalOccupationalCredential\",\r\n          \"name\": \"Courtier d\u2019assurance agr\u00e9\u00e9 du Canada (CAAC)\"\r\n        },\r\n        {\r\n          \"@type\": \"EducationalOccupationalCredential\",\r\n          \"name\": \"Certificat en assurance de dommages, niveau 3 (BC, AB, SK, MB, ON)\"\r\n        }\r\n      ],\r\n      \"knowsAbout\": [\r\n        \"Assurance propri\u00e9taire occupant\",\r\n        \"Assurance locataire\",\r\n        \"Assurance copropri\u00e9taire\",\r\n        \"Assurance auto\",\r\n        \"Assurance automobile de collection\",\r\n        \"Assurance maladie\",\r\n        \"Assurance-vie\",\r\n        \"L\u2019assurance invalidit\u00e9 de longue dur\u00e9e\",\r\n        \"Assurance v\u00e9t\u00e9rinaire\",\r\n        \"Assurance-voyage\",\r\n        \"Planification d\u2019affaires et strat\u00e9gique\",\r\n        \"Publicit\u00e9 s'adressant directement aux consommateurs\",\r\n        \"D\u00e9veloppement des produits\",\r\n        \"Conception de l\u2019exp\u00e9rience des utilisateurs\"\r\n      ],\r\n      \"sameAs\": [\r\n        \"https:\/\/www.linkedin.com\/in\/danielmirkovic\"\r\n      ]\r\n    },\r\n    {\r\n      \"@type\": \"FAQPage\",\r\n      \"mainEntity\": [\r\n        {\r\n          \"@type\": \"Question\",\r\n          \"name\": \"Qu\u2019est-ce qu\u2019un avenant?\",\r\n          \"acceptedAnswer\": {\r\n            \"@type\": \"Answer\",\r\n            \"text\": \"Un avenant d\u00e9roge aux conditions ant\u00e9rieures du libell\u00e9 de la police dans le but de fournir la couverture d\u00e9sir\u00e9e.\"\r\n          }\r\n        },\r\n        {\r\n          \"@type\": \"Question\",\r\n          \"name\": \"Quelle est la diff\u00e9rence entre un avenant et un intercalaire?\",\r\n          \"acceptedAnswer\": {\r\n            \"@type\": \"Answer\",\r\n            \"text\": \"G\u00e9n\u00e9ralement, les avenants augmentent ou limitent la couverture pour certains types de sinistres. Par exemple, un avenant pour les dommages caus\u00e9s par le refoulement d'\u00e9gout offre une couverture qui ne serait pas autrement offerte dans la police. Par ailleurs, l\u2019assurance flottante et les intercalaires sont employ\u00e9s pour ajouter certains types de biens \u00e0 la police. Par exemple, un avenant pour les bijoux ajoute de la couverture pour les pi\u00e8ces de bijouterie qui ne seraient pas couvertes dans le cadre d\u2019une police normale. Dans le m\u00eame ordre d\u2019id\u00e9es, un avenant pour les embarcations ajouterait de la couverture pour des bateaux individuels.\"\r\n          }\r\n        }\r\n      ]\r\n    }\r\n  ]\r\n}\r\n<\/script>\r\n","protected":false},"excerpt":{"rendered":"<p>Avenant Article \u00e9valu\u00e9 par Daniel Mirkovic Nom av-e-nant | avan\u0251\u0303 D\u00e9finition\u00a0: une modification \u00e0 un contrat d\u2019assurance qui d\u00e9roge aux conditions ant\u00e9rieures du contrat. Paul a demand\u00e9 \u00e0 son fournisseur d\u2019assurance d\u2019ajouter un avenant \u00e0 sa police afin d\u2019assurer sa collection de livres antiques. Th\u00e8mes Qu\u2019est-ce qu\u2019un avenant? Avenant vs assurance flottante Avenants en assurance [&hellip;]<\/p>\n","protected":false},"author":2,"featured_media":0,"parent":53157,"menu_order":0,"comment_status":"closed","ping_status":"closed","template":"page-article-new.php","meta":{"_acf_changed":false,"footnotes":""},"class_list":["post-68124","page","type-page","status-publish","hentry"],"acf":[],"_links":{"self":[{"href":"https:\/\/www.squareone.ca\/fr\/wp-json\/wp\/v2\/pages\/68124","targetHints":{"allow":["GET"]}}],"collection":[{"href":"https:\/\/www.squareone.ca\/fr\/wp-json\/wp\/v2\/pages"}],"about":[{"href":"https:\/\/www.squareone.ca\/fr\/wp-json\/wp\/v2\/types\/page"}],"author":[{"embeddable":true,"href":"https:\/\/www.squareone.ca\/fr\/wp-json\/wp\/v2\/users\/2"}],"replies":[{"embeddable":true,"href":"https:\/\/www.squareone.ca\/fr\/wp-json\/wp\/v2\/comments?post=68124"}],"version-history":[{"count":14,"href":"https:\/\/www.squareone.ca\/fr\/wp-json\/wp\/v2\/pages\/68124\/revisions"}],"predecessor-version":[{"id":77570,"href":"https:\/\/www.squareone.ca\/fr\/wp-json\/wp\/v2\/pages\/68124\/revisions\/77570"}],"up":[{"embeddable":true,"href":"https:\/\/www.squareone.ca\/fr\/wp-json\/wp\/v2\/pages\/53157"}],"wp:attachment":[{"href":"https:\/\/www.squareone.ca\/fr\/wp-json\/wp\/v2\/media?parent=68124"}],"curies":[{"name":"wp","href":"https:\/\/api.w.org\/{rel}","templated":true}]}}