{"id":68234,"date":"2023-12-20T10:31:33","date_gmt":"2023-12-20T18:31:33","guid":{"rendered":"https:\/\/www.squareone.ca\/centres-ressources\/securite-domiciliaire-personnelle\/digues-de-glace-et-votre-toit"},"modified":"2026-03-11T09:20:33","modified_gmt":"2026-03-11T16:20:33","slug":"digues-de-glace-et-votre-toit","status":"publish","type":"page","link":"https:\/\/www.squareone.ca\/fr\/centres-ressources\/securite-domiciliaire-personnelle\/digues-de-glace-et-votre-toit","title":{"rendered":"Les digues de glace et votre toit"},"content":{"rendered":"<section id='intro' class=\"bg-shape-split bg-sub-page-hero\">\r\n    <div class=\"bg-position\">\r\n        <div class=\"container-fluid\">\r\n            <div class=\"row align-items-center\">\r\n                <div class=\"col-12 col-lg-8\">\r\n                    <h1>Les digues de glace et votre toit<\/h1>\r\n     <strong>Article r\u00e9dig\u00e9 par l'\u00e9quipe de Square One<\/strong>\r\n                    <div style=\"margin-top:48px;\"><p class=\"pb-4\" style=\"margin-top:-24px\">Mis \u00e0 jour le 17 juin 2024<\/p><\/div>\r\n                <\/div>\r\n            <\/div>\r\n\r\n            <div class=\"row\">\r\n                <div class=\"col-lg-8\">\r\n                    <p class=\"display-4\">Au Canada, qui dit hiver dit vent, pluie et neige. Ces beaux flocons de neige doux et pelucheux peuvent peser lourd quand ils s\u2019accumulent sur le toit.<\/p>\r\n                    \r\n                 <\/div>\r\n\r\n                <div class=\"col-lg-3 offset-lg-1\">\r\n                    <p class=\"mb-2 display-4 pt-4 pt-lg-0 pt-mb-0\"><strong>Th\u00e8mes<\/strong><\/p>\r\n                    <ul class=\"list-unstyled link-list display-4\">\r\n                      <li><a href='#Ice-dams'>Qu\u2019est-ce qu\u2019une digue de glace?<\/a><\/li>\r\n                      <li><a href='#Damage-prevention'>Pr\u00e9vention des dommages<\/a><\/li>\r\n                      <li><a href='#Home-insurance'>L\u2019assurance habitation \u00e0 la rescousse<\/a><\/li>\r\n                    <\/ul>\r\n                <\/div>\r\n            <\/div>  \r\n        <\/div>\r\n    <\/div>\r\n    <div class=\"bg-bottom\"><\/div>\r\n<\/section>\r\n\r\n\r\n<section id=\"tips\">\r\n<div class=\"container-fluid py-6\">\r\n    <div class=\"row\">\r\n        <div class=\"col-12 col-lg-8\">\r\n\r\n<h2 id=\"Ice-dams\">Qu\u2019est-ce qu\u2019une digue de glace?<\/h2>\r\n<p>Les digues de glace sont des bandes de glace \u00e9paisses qui s\u2019accumulent autour des bords du toit. Ces digues emp\u00eachent l\u2019eau de s\u2019\u00e9couler correctement du toit. \u00c0 mesure que les digues grandissent, elles peuvent consid\u00e9rablement endommager votre maison.<\/p>\r\n\r\n<h3>Quelles sont les causes des digues de glace?<\/h3>\r\n<p>La cause principale d\u2019une digue de glace est un toit chaud. Si vous n\u2019avez pas suffisamment isol\u00e9 le grenier, la chaleur \u00e9chappera <a href=\"https:\/\/www.squareone.ca\/fr\/centres-ressources\/ameliorations-domiciliaires\/types-de-toiture\" title=\"Initiation aux types de toiture\">\u00e0 travers le toit<\/a>. Cet air chaud fondra la neige sur le toit et l\u2019eau s\u2019\u00e9coulera vers les goutti\u00e8res. Lorsque l\u2019eau atteint une partie du toit, elle g\u00e8le et se transforme en digue de glace. \u00c0 mesure que la neige continue \u00e0 fondre, la digue s\u2019accro\u00eet. La digue de glace emp\u00eache la neige fondante de s\u2019\u00e9couler dans la goutti\u00e8re. Or, l\u2019eau s\u2019accumule derri\u00e8re la digue ou s\u2019\u00e9coule par le haut de la goutti\u00e8re, ce qui cause la formation des gla\u00e7ons \u00e9normes sur le c\u00f4t\u00e9 de la maison.<\/p>\r\n\r\n<p>L\u2019air chaud peut p\u00e9n\u00e9trer dans le grenier \u00e0 travers tout type d\u2019ouverture, entre autres\u00a0:\r\n\r\n<ul class=\"compact-list\">\r\n<li>autour de la couverture de l\u2019entr\u00e9e du grenier;<\/li>\r\n<li>les trous par lesquels les fils passent; et<\/li>\r\n<li>l\u2019\u00e9clairage encastr\u00e9 de l\u2019\u00e9tage inf\u00e9rieur.<\/li>\r\n<\/ul>\r\n\r\n<p>Si vous avez transform\u00e9 votre grenier en un espace habitable, il y aura plus de fuites de chaleur \u00e0 travers le toit. Si c\u2019est le cas chez vous, vous pouvez communiquer avec un sp\u00e9cialiste au sujet de l\u2019isolation. Si vous avez un po\u00eale \u00e0 bois dont la chemin\u00e9e passe par le grenier, le grenier pourrait se chauffer consid\u00e9rablement. Dans ce cas, il faut une isolation sp\u00e9ciale, car la chaleur de la chemin\u00e9e pr\u00e9sente un risque d\u2019incendie.<\/p>\r\n\r\n<h3>Quels types de dommages sont caus\u00e9s par les digues de glace?<\/h3>\r\n<p>Les digues de glace peuvent provoquer des dommages consid\u00e9rables \u00e0 votre domicile. Elles peuvent desserrer les bardeaux, arracher les goutti\u00e8res et <a href=\"\/fr\/habitation\/eau\" title=\"Assurance contre les d\u00e9g\u00e2ts d\u2019eau\">l\u2019eau des digues peuvent p\u00e9n\u00e9trer dans votre maison<\/a>. Cela peut endommager le grenier, l\u2019isolation, la cloison s\u00e8che et les installations \u00e9lectriques, sans parler de la moisissure dangereuse qui pourrait se former en raison de l\u2019humidit\u00e9.<\/p>\r\n\r\n<h3>Que faut-il faire pour emp\u00eacher les digues de glace?<\/h3>\r\n<p>Le co\u00fbt des dommages au grenier, \u00e0 la cloison s\u00e8che, \u00e0 l\u2019isolation et aux installations \u00e9lectriques, sans parler de la moisissure dangereuse qui pourrait se former, d\u00e9passent largement ce que vous paierez pour d\u00e9ployer quelques mesures pr\u00e9ventives\u00a0:<\/p>\r\n\r\n<ul>\r\n<li>Assurez-vous que le grenier est bien a\u00e9r\u00e9.<\/li>\r\n<li>V\u00e9rifiez que le grenier est bien isol\u00e9 afin d\u2019emp\u00eacher que la chaleur fuie \u00e0 travers le toit.<\/li>\r\n<li>Au moment de refaire le toit, faites installer un rev\u00eatement d&rsquo;\u00e9tanch\u00e9it\u00e9.<\/li>\r\n<li>Enlevez les feuilles et les autres d\u00e9chets des goutti\u00e8res afin de faciliter l\u2019\u00e9coulement de la neige fondante.<\/li>\r\n<li>D\u00e9blayez la neige du toit \u00e0 l\u2019aide d\u2019une pelle pour d\u00e9neigement de la toiture ou faites appel \u00e0 un professionnel. La s\u00e9curit\u00e9 avant tout. Ne montez pas sur le toit tout seul.<\/li>\r\n<\/ul>\r\n\r\n<h3>Comment enlever une digue de glace?<\/h3>\r\n<p>Tout d\u2019abord, il ne s\u2019agit pas d\u2019un travail solo. Si une digue de glace se forme sur les bords du toit, N\u2019ESSAYEZ PAS de l\u2019enlever tout seul. Si vous la grattez \u00e0 l\u2019aide d\u2019une hache ou d\u2019un marteau, il y a de fortes chances que vous percez un trou \u00e0 travers les bardeaux ou la goutti\u00e8re. Les produits de fonte de glace chimique peuvent \u00e9galement causer des dommages graves \u00e0 vos bardeaux. Les pistolets thermiques ou \u00e0 air chaud sont \u00e0 \u00e9viter \u00e0 tout prix. Vous pouvez imaginer les cons\u00e9quences. M\u00eame si vous \u00eates bricoleur chevronn\u00e9, ceci est une occasion o\u00f9 vous devez faire appel \u00e0 un professionnel. Vous pouvez prendre quelques mesures vous-m\u00eame, comme enlever la neige du toit \u00e0 l\u2019aide d\u2019une pelle de d\u00e9neigement de la toiture. Cependant, si la digue s\u2019est d\u00e9j\u00e0 form\u00e9e, c\u2019est le moment d\u2019appeler les professionnels.<\/p>\r\n\r\n            <\/div>\r\n        <\/div>\r\n    <\/div>\r\n<\/section>\r\n\r\n\t<section class=\"bg-transparent\">\n\t\t<img decoding=\"async\" src=\"\/sales\/images\/bgs\/bg-mid-page-cta-general-top.svg\" style=\"width: 100%; vertical-align: bottom; position: relative; top: 1px\"\/>\n\t\t\n\t\t<div class=\"bg-darkTeal py-3\">\t\t\t\n\t\t\t<div class=\"container-fluid\">\n\t\t\t\t<div class=\"row d-flex align-items-center pb-5\">\n\t\t\t\t\t<div class=\"col-12 col-md-8 offset-md-2 px-lg-5 pb-5 pb-lg-0\">\n\t\t\t\t\t\t<div class=\"h6 mb-4 text-primary text-uppercase text-center\">\n\t\t\t\t\t\t\tCela ne prend que 5\u00a0minutes \n\t\t\t\t\t\t<\/div>\t\t\n\t\t\t\t\t\t\t\t\t\t\t\n\t\t\t\t\t\t<p class=\"lead px-lg-5 text-white\">\n\t\t\t\t\t\t\t<strong class=\"d-inline-block text-uc-first\">Pr\u00eat \u00e0 obtenir une soumission en ligne? <\/strong> Votre temps est aussi pr\u00e9cieux que vos possessions. Obtenez une soumission d'assurance habitation en <strong>5 minutes<\/strong>. C\u2019est moins de temps qu\u2019il n\u2019en faut pour faire la file pour un caf\u00e9.\n\t\t\t\t\t\t<\/p>\t\t\t\n\t\n\t\t\t\t\t\t<div id=\"sq1-qw-9e23c3650748\" class=\"sq1-quote-widget mb-4 text-white\" data-quote-widget-type=\"HOME\" data-has-custom-text=\"true\">\n\t\t\t\t\t\t\t<div class=\"input-group input-group-focus-within bg-white my-4\">\n\t\t\t\t\t\t\t\t<div>\n\t\t\t\t\t\t\t\t\t<div class=\"input-group-text\">\n\t\t\t\t\t\t\t\t\t\t<i class=\"fa fa-map-marker d-block text-black\"><\/i>\n\t\t\t\t\t\t\t\t\t<\/div>\n\t\t\t\t\t\t\t\t<\/div>\n\t\t\t\t\t\t\t\t<input type=\"text\" class=\"form-control\" style=\"padding: 10px;\" placeholder=\"Enter an address\" aria-label=\"Inscrivez votre adresse pour obtenir une soumission\"\/>\n\t\t\t\t\t\t\t\t<div>\n\t\t\t\t\t\t\t\t\t<button class=\"btn btn-primary\">Obtenir une soumission en ligne d\u00e8s maintenant<\/button>\n\t\t\t\t\t\t\t\t<\/div>\n\t\t\t\t\t\t\t<\/div>\n\t\t\t\t\t\t<\/div>\n\t\t\t\t\t\t\n\t\t\t\t\t\t<p class=\"small text-white\">Avant de commencer, veuillez lire notre <a href=\"https:\/\/www.squareone.ca\/fr\/politique-confidentialite\" target=\"_blank\" rel=\"noreferrer noopener\">Politique de confidentialit\u00e9<\/a> et nos <a href=\"https:\/\/www.squareone.ca\/fr\/conditions-utilisation\" target=\"_blank\" rel=\"noreferrer noopener\">Conditions d\u2019utilisation<\/a>.<\/p>\t\n\t\n\t\t\t\t\t\t<script type=\"text\/javascript\">\n\t\t\t\t\t\t(function() {\n\t\t\t\t\t\t\tdocument.addEventListener('soiMiscJsLoaded', function() {\n\t\t\t\t\t\t        $(document).ready(function() {\n\t\t\t\t\t\t\t\t\tsoiQuoteWidget.processFormWidget('\/sales\/index.php\/json_quote_widget?rand=' +Math.random(), 'qwContainer'); \/\/populate quoting widget with content from symfony.\n\t\t\t\t\t\t\t\t});\n\t\t\t\t\t\t\t});\n\t\t\t\t\t\t})();\n\t\t\t\t\t\t<\/script>\n\t\t\t\t\t<\/div>\n\t\t\t\t<\/div>\n\t\t\t<\/div>\n\t\t<\/div>\n\t\t\n\t\t<img decoding=\"async\" src=\"\/sales\/images\/bgs\/bg-mid-page-cta-general-bottom.svg\" style=\"width: 100%; vertical-align: top\"\/>\t\t\n\t<\/section>\r\n\r\n<section>\r\n    <div class=\"container-fluid py-6\">\r\n        <div class=\"row\">\r\n            <div class=\"col-12 col-lg-8\">\r\n\r\n<h2 id=\"Damage-prevention\">Pr\u00e9vention des dommages<\/h2>\r\n<p>Pour emp\u00eacher les dommages \u00e0 votre toit, il faut prendre les mesures suivantes\u00a0:<\/p>\r\n\r\n<ul>\r\n<li><p>Il est important de bien entretenir le toit, surtout \u00e0 l\u2019automne. <a href=\"https:\/\/www.squareone.ca\/resource-centres\/getting-to-know-your-home\/gutters-and-downspouts\" title=\"Initiation aux goutti\u00e8res et aux tuyaux de descente\">Nettoyez les goutti\u00e8res<\/a>. L\u2019eau peut s\u2019accumuler dans les goutti\u00e8res obstru\u00e9es et former des digues de glace en hiver. Dans ce cas, la neige fondante peut p\u00e9n\u00e9trer \u00e0 l\u2019int\u00e9rieur, au lieu de s\u2019\u00e9couler \u00e0 l\u2019\u00e9cart de la maison.<\/p><\/li>\r\n<li><p>Embauchez un professionnel pour enlever la neige accumul\u00e9e sur le toit. Un toit couvert de neige est glissant et vous risquez de tomber si vous y montez.<\/p><\/li>\r\n<li><p>V\u00e9rifiez que le grenier est bien isol\u00e9 afin d\u2019emp\u00eacher que la chaleur fuie \u00e0 travers le toit. En plus de contr\u00f4ler les frais de chauffage, la bonne isolation emp\u00eache que la neige accumul\u00e9e ne fonde pas trop rapidement, ce qui peut causer la p\u00e9n\u00e9tration de l\u2019eau dans votre maison. La fonte et le gel de la neige ajoutent du poids suppl\u00e9mentaire \u00e0 la toiture.<\/p><\/li>\r\n<\/ul>\r\n\r\n<p>V\u00e9rifiez que vous avez l\u2019assurance appropri\u00e9e pour votre maison cet hiver. Assurez-vous d\u2019avoir souscrit une couverture ad\u00e9quate pour payer les r\u00e9parations au cas o\u00f9 votre toit subit des dommages graves.<\/p>\r\n\r\n<p>L\u2019entretien hivernal comprend bien plus que le <a href=\"https:\/\/www.squareone.ca\/fr\/centres-ressources\/ameliorations-domiciliaires\/preparation-maison-hiver\" title=\"Pr\u00e9paration de votre maison pour l\u2019hiver : Square One\">le d\u00e9blayage de la neige dans la cour<\/a>.<\/p>\r\n\r\n<h2 id=\"Home-insurance\">L\u2019assurance habitation \u00e0 la rescousse<\/h2>\r\n<p>Votre toit peut s&rsquo;effondrer si la glace et la neige s\u2019accumule trop. Ce type de sinistre est g\u00e9n\u00e9ralement couvert par <a href=\"https:\/\/www.squareone.ca\/fr\/maison\" title=\"Assurance maison\">l&rsquo;assurance maison<\/a>. Cependant, si votre toit est en fin de vie ou en mauvais \u00e9tat, votre r\u00e8glement peut \u00eatre limit\u00e9. Souvent, les fournisseurs d\u2019assurance offrent un r\u00e8glement selon la <a href=\"https:\/\/www.squareone.ca\/resource-centres\/insurance-glossary\/depreciation\" title=\"D\u00e9finition : d\u00e9pr\u00e9ciation\">valeur d\u00e9pr\u00e9ci\u00e9e<\/a>, au lieu de la valeur \u00e0 neuf du toit.<\/p>\r\n\r\n<p>Les dommages en d\u00e9coulant \u00e0 l\u2019int\u00e9rieur de votre maison seront \u00e9galement couverts par la plupart des polices d\u2019assurance habitation.<\/p> Si vous devez d\u00e9m\u00e9nager pendant les travaux, la <a href=\"https:\/\/www.squareone.ca\/resource-centres\/insurance-basics\/additional-living-expenses\" title=\"Qu\u2019est-ce que les frais de subsistance suppl\u00e9mentaires?\">couverture pour les frais de subsistance suppl\u00e9mentaires<\/a> peut vous aider. Cette garantie peut \u00eatre comprise dans votre police ou ajout\u00e9e \u00e0 titre d\u2019avenant; c\u2019est vous qui choisissez le montant de couverture.<\/p>\r\n\r\n<p>Les dommages caus\u00e9s par le poids de la glace et de la neige sont <a href=\"https:\/\/www.squareone.ca\/resource-centres\/insurance-basics\/choosing-the-right-deductible\" title=\"Qu\u2019est-ce qu\u2019une franchise et quelles sont les solutions propos\u00e9es?\">soumis \u00e0 une franchise<\/a>. G\u00e9n\u00e9ralement, les franchises vont de 250\u00a0$ \u00e0 5\u00a0000\u00a0$. Voici une autre raison pour bien entretenir le toit et pour d\u00e9blayer la neige du toit.<\/p>\r\n\r\n<p>Le ski, le patinage et les soir\u00e9es devant un foyer chaleureux sont parmi les activit\u00e9s d\u2019hiver que vous adorez. Les digues de glace, non. Pourtant, si vous entretenez bien votre maison en isolant et fermant herm\u00e9tiquement le grenier, vous aurez une pr\u00e9occupation de moins pendant les temp\u00eates de neige.<\/p> \r\n\r\n\r\n<p><strong>Vous voulez en savoir plus?<\/strong> Consultez notre <a href=\"\/fr\/centres-ressources\/securite-domiciliaire-personnelle\" title=\"Centre de ressources : s\u00e9curit\u00e9 domiciliaire et personnelle\">Centre de ressources&nbsp;: s\u00e9curit\u00e9 domiciliaire et personnelle<\/a> pour d\u00e9couvriri comment prot\u00e9ger votre famille et votre domicile. Ensuite, <a href=\"\/fr\/soumission-assurance-habitation-en-ligne\" title=\"Obtenir une soumission d\u2019assurance habitation en ligne\">obtenez une soumission d'assurance habitation en ligne<\/a> en moins de 5\u00a0minutes et d\u00e9couvrez \u00e0 quel point l\u2019assurance habitation personnalis\u00e9e peut \u00eatre abordable.<\/p>\r\n\r\n<\/div>\r\n<\/div>\r\n<\/div>\r\n<\/section>\r\n<script type=\"application\/ld+json\">\r\n{\r\n  \"@context\": \"https:\/\/schema.org\",\r\n  \"@type\": \"FAQPage\",\r\n  \"mainEntity\": [{\r\n    \"@type\": \"Question\",\r\n    \"name\": \"Qu\u2019est-ce qu\u2019une digue de glace?\",\r\n    \"acceptedAnswer\": {\r\n      \"@type\": \"Answer\",\r\n      \"text\": \"Les digues de glace sont des bandes de glace \u00e9paisses qui s\u2019accumulent autour des bords du toit. Ces digues emp\u00eachent l\u2019eau de s\u2019\u00e9couler correctement du toit. \u00c0 mesure que les digues grandissent, elles peuvent consid\u00e9rablement endommager votre maison.\"\r\n    }\r\n  },{\r\n    \"@type\": \"Question\",\r\n    \"name\": \"Quelles sont les causes des digues de glace?\",\r\n    \"acceptedAnswer\": {\r\n      \"@type\": \"Answer\",\r\n      \"text\": \"La cause principale d\u2019une digue de glace est un toit chaud. Si vous n\u2019avez pas suffisamment isol\u00e9 le grenier, la chaleur \u00e9chappera \u00e0 travers le toit. Cet air chaud fondra la neige sur le toit et l\u2019eau s\u2019\u00e9coulera vers les goutti\u00e8res. Lorsque l\u2019eau atteint une partie plus froide du toit, elle g\u00e8le et se transforme en digue de glace. \u00c0 mesure que la neige continue \u00e0 fondre, la digue s\u2019accro\u00eet. La digue de glace emp\u00eache la neige fondante de s\u2019\u00e9couler dans la goutti\u00e8re. Or, l\u2019eau s\u2019accumule derri\u00e8re la digue ou s\u2019\u00e9coule par le haut de la goutti\u00e8re, ce qui cause la formation des gla\u00e7ons \u00e9normes sur le c\u00f4t\u00e9 de la maison.\"\r\n    }\r\n  },{\r\n    \"@type\": \"Question\",\r\n    \"name\": \"Quels types de dommages sont caus\u00e9s par les digues de glace?\",\r\n    \"acceptedAnswer\": {\r\n      \"@type\": \"Answer\",\r\n      \"text\": \"Les digues de glace peuvent provoquer des dommages consid\u00e9rables \u00e0 votre domicile. Elles peuvent desserrer les bardeaux, arracher les goutti\u00e8res et l\u2019eau des digues peuvent p\u00e9n\u00e9trer dans votre maison. Cela peut endommager le grenier, l\u2019isolation, la cloison s\u00e8che et les installations \u00e9lectriques, sans parler de la moisissure dangereuse qui pourrait se former en raison de l\u2019humidit\u00e9.\"\r\n    }\r\n  },{\r\n    \"@type\": \"Question\",\r\n    \"name\": \"Que faut-il faire pour emp\u00eacher les digues de glace?\",\r\n    \"acceptedAnswer\": {\r\n      \"@type\": \"Answer\",\r\n      \"text\": \"<p>Le co\u00fbt des dommages au grenier, \u00e0 la cloison s\u00e8che, \u00e0 l\u2019isolation et aux installations \u00e9lectriques, sans parler de la moisissure dangereuse, d\u00e9passe largement ce que vous paierez pour d\u00e9ployer quelques mesures pr\u00e9ventives :<\/p>\r\n<ul>\r\n<li>Assurez-vous que le grenier est bien a\u00e9r\u00e9.<\/li>\r\n<li>V\u00e9rifiez que le grenier est bien isol\u00e9 afin d\u2019emp\u00eacher que la chaleur fuie \u00e0 travers le toit.<\/li>\r\n<li>Au moment de refaire le toit, faites installer un rev\u00eatement d'\u00e9tanch\u00e9it\u00e9.<\/li>\r\n<li>Enlevez les feuilles et les autres d\u00e9chets des goutti\u00e8res afin de faciliter l\u2019\u00e9coulement de la neige fondante.<\/li>\r\n<li>D\u00e9blayez la neige du toit \u00e0 l\u2019aide d\u2019une pelle pour d\u00e9neigement de la toiture ou faites appel \u00e0 un professionnel. La s\u00e9curit\u00e9 avant tout. Ne montez pas sur le toit tout seul.<\/li>\r\n<\/ul>\"\r\n    }\r\n  },{\r\n    \"@type\": \"Question\",\r\n    \"name\": \"Comment enlever une digue de glace?\",\r\n    \"acceptedAnswer\": {\r\n      \"@type\": \"Answer\",\r\n      \"text\": \"Tout d\u2019abord, il ne s\u2019agit pas d\u2019un travail solo. Si une digue de glace se forme sur les bords du toit, N\u2019ESSAYEZ PAS de l\u2019enlever tout seul. Si vous la grattez \u00e0 l\u2019aide d\u2019une hache ou d\u2019un marteau, il y a de fortes chances que vous percez un trou \u00e0 travers les bardeaux ou la goutti\u00e8re. Les produits de fonte de glace chimique peuvent \u00e9galement causer des dommages graves \u00e0 vos bardeaux. Les pistolets thermiques ou \u00e0 air chaud sont \u00e0 \u00e9viter \u00e0 tout prix. M\u00eame si vous \u00eates bricoleur chevronn\u00e9, ceci est une occasion o\u00f9 vous devez faire appel \u00e0 un professionnel.\"\r\n    }\r\n  }]\r\n}\r\n<\/script>\r\n<script type=\"application\/ld+json\">\r\n{\r\n  \"@context\": \"https:\/\/schema.org\",\r\n  \"@type\": \"WebPage\",\r\n  \"mainEntityOfPage\": {\r\n    \"@type\": \"Article\",\r\n    \"@id\": \"https:\/\/www.squareone.ca\/fr\/centres-ressources\/securite-domiciliaire-personnelle\/digues-de-glace-et-votre-toit\"\r\n  },\r\n  \"author\": [\r\n    {\r\n      \"@type\": \"Person\",\r\n      \"name\": \"\u00c9quipe de Square One\"\r\n    }\r\n  ],\r\n  \"headline\": \"Les digues de glace et votre toit\",\r\n  \"datePublished\": \"\",\r\n  \"dateModified\": \"\",\r\n  \"inLanguage\": \"fr-CA\",\r\n  \"isAccessibleForFree\": true\r\n}\r\n<\/script>","protected":false},"excerpt":{"rendered":"<p>Les digues de glace et votre toit Au Canada, qui dit hiver dit vent, pluie et neige. Ces beaux flocons de neige doux et pelucheux peuvent peser lourd quand ils s\u2019accumulent sur le toit. Th\u00e8mes Qu\u2019est-ce qu\u2019une digue de glace? Pr\u00e9vention des dommages L\u2019assurance habitation \u00e0 la rescousse Qu\u2019est-ce qu\u2019une digue de glace? Les digues [&hellip;]<\/p>\n","protected":false},"author":2,"featured_media":68235,"parent":51337,"menu_order":0,"comment_status":"open","ping_status":"open","template":"page-article-new.php","meta":{"_acf_changed":false,"footnotes":""},"class_list":["post-68234","page","type-page","status-publish","has-post-thumbnail","hentry"],"acf":[],"_links":{"self":[{"href":"https:\/\/www.squareone.ca\/fr\/wp-json\/wp\/v2\/pages\/68234","targetHints":{"allow":["GET"]}}],"collection":[{"href":"https:\/\/www.squareone.ca\/fr\/wp-json\/wp\/v2\/pages"}],"about":[{"href":"https:\/\/www.squareone.ca\/fr\/wp-json\/wp\/v2\/types\/page"}],"author":[{"embeddable":true,"href":"https:\/\/www.squareone.ca\/fr\/wp-json\/wp\/v2\/users\/2"}],"replies":[{"embeddable":true,"href":"https:\/\/www.squareone.ca\/fr\/wp-json\/wp\/v2\/comments?post=68234"}],"version-history":[{"count":16,"href":"https:\/\/www.squareone.ca\/fr\/wp-json\/wp\/v2\/pages\/68234\/revisions"}],"predecessor-version":[{"id":78518,"href":"https:\/\/www.squareone.ca\/fr\/wp-json\/wp\/v2\/pages\/68234\/revisions\/78518"}],"up":[{"embeddable":true,"href":"https:\/\/www.squareone.ca\/fr\/wp-json\/wp\/v2\/pages\/51337"}],"wp:featuredmedia":[{"embeddable":true,"href":"https:\/\/www.squareone.ca\/fr\/wp-json\/wp\/v2\/media\/68235"}],"wp:attachment":[{"href":"https:\/\/www.squareone.ca\/fr\/wp-json\/wp\/v2\/media?parent=68234"}],"curies":[{"name":"wp","href":"https:\/\/api.w.org\/{rel}","templated":true}]}}