{"id":68421,"date":"2024-01-22T12:04:27","date_gmt":"2024-01-22T20:04:27","guid":{"rendered":"https:\/\/www.squareone.ca\/centres-ressources\/lexique-assurance\/definition-habitation-vacante"},"modified":"2025-12-19T09:31:22","modified_gmt":"2025-12-19T17:31:22","slug":"definition-habitation-vacante","status":"publish","type":"page","link":"https:\/\/www.squareone.ca\/fr\/centres-ressources\/lexique-assurance\/habitation-vacante","title":{"rendered":"D\u00e9finition : vacant"},"content":{"rendered":"<section id='intro' class=\"bg-shape-split bg-sub-page-hero\">\r\n\t<div class=\"bg-position\">\r\n\t\t<div class=\"container-fluid\">\r\n\t\t\t<div class=\"row align-items-center\">\r\n\t\t\t\t<div class=\"col-12 col-lg-8\">                \r\n\t\t\t\t\t<h1>Vacant<\/h1>\r\n\t\t\t\t\t<strong>Article r\u00e9dig\u00e9 par <a href=\"\/fr\/a-propos-de-nous\/contributeurs#seamus-mckale\" title=\"Auteur : Seamus McKale\">Seamus McKale<\/a><\/strong>\r\n                                        <p class=\"pb-3\"><strong>Article \u00e9valu\u00e9 par <a href=\"\/fr\/a-propos-de-nous\/experts\/daniel-mirkovic\" title=\"Expert : Daniel Mirkovic\">Daniel Mirkovic<\/a><\/strong><\/p> \r\n\t\t\t\t\t<p class=\"pb-4\" style=\"margin-top:-24px\">Mis \u00e0 jour le 6 novembre 2025<\/p>\r\n\t\t\t\t<\/div>\r\n\t\t\t<\/div>\r\n\r\n\t\t\t<div class=\"row\">\r\n\t\t\t\t<div class=\"col-lg-8\">\r\n\t\t\t\t\t<p class='mb-0'>Adjectif<\/p>\r\n\t\t\t\t\t<p>va\u00b7cant | \u02c8v\u0101-k\u0259nt<\/p>\r\n\t\t\t\t\t<p class=\"display-4\"><strong><span class='text-orange'>D\u00e9finition\u00a0:<\/span> en assurance habitation, se dit d&rsquo;une habitation dont les occupants sont partis d\u00e9finitivement ou dans lequel personne n&rsquo;a encore emm\u00e9nag\u00e9.<\/strong><\/p>\r\n\t\t\t\t\t<p class=\"display-4\"><i>Elle ne sait pas si son habitation serait jug\u00e9e d\u2019\u00eatre <strong>vacante<\/strong> pendant son absence pendant les vacances.<\/i><\/p>                   \r\n\t\t\t\t<\/div>\r\n\r\n\t\t\t\t<div class=\"col-lg-3 offset-lg-1\">          \r\n\t\t\t\t\t<p class=\"mb-2 display-4 pt-4 pt-lg-0 pt-mb-0\"><strong>Th\u00e8mes<\/strong><\/p>\r\n\t\t\t\t\t<ul class=\"list-unstyled link-list display-4\">\r\n\t\t\t\t\t\t<li><a href='#vacant-homes'>Qu\u2019est-ce qu\u2019une habitation vacante?<\/a><\/li>\r\n\t\t\t\t\t\t<li><a href='#insurance'>La notion de vacance et l\u2019assurance<\/a><\/li>\r\n\t\t\t\t\t<\/ul>\r\n\t\t\t\t<\/div>\r\n\t\t\t<\/div>  \r\n\t\t<\/div>\r\n\t<\/div>\r\n\t<div class=\"bg-bottom\"><\/div>\r\n<\/section>\r\n\r\n<section>\r\n    <div class=\"container-fluid py-6\">\r\n        <div class=\"row\">\r\n            <div class=\"col-12 col-lg-8\">\r\n                <div class=\"row pb-6\">\r\n                    <div class=\"col-12\">\r\n                        <div class=\"card review\" style='background-color:#FFE0C9'>\r\n                            <div class=\"card-body\">\r\n                                <p class=\"h3\">L\u2019essentiel<\/p>\r\n                                <ul class='mb-0'>\r\n\t\t\t\t\t<li>Vacant signifie une habitation o\u00f9 personne ne vit et o\u00f9 les occupants ont d\u00e9m\u00e9nag\u00e9 et n\u2019ont aucune intention d\u2019y retourner.<\/li>\r\n\t\t\t\t\t<li>Les fournisseurs d\u2019assurance d\u00e9finissent la notion de vacant diff\u00e9remment, alors il est important de savoir les conditions de votre police si vous vous absentez de votre logement pendant une p\u00e9riode prolong\u00e9e.<\/li>\r\n\t\t\t\t\t<li>Vacance est une cat\u00e9gorie d\u2019occupation \u00e0 part; les habitations en \u00e9tat de construction, les r\u00e9sidences de vacances et d\u2019autres situations de logement semblables pourraient avoir leurs propres cat\u00e9gories selon le fournisseur d\u2019assurance.<\/li>\r\n                                <\/ul>\r\n                            <\/div>\r\n                        <\/div>\r\n                    <\/div>\r\n                <\/div>\r\n\r\n\t\t\t<h2 id=\"vacant-homes\">Qu\u2019est-ce qu\u2019une habitation vacante?<\/h2>\r\n\r\n\t\t\t\t<p>Une habitation vacante est une habitation dans laquelle personne ne vit. Ce n\u2019est pas tout simplement une habitation vide\u00a0: votre domicile ne devient pas vacant parce que vous \u00eates au bureau, par exemple.<\/p>\r\n\r\n\t\t\t\t<p>En assurance habitation, <em>vacant<\/em> est un terme sp\u00e9cifique qui renvoie \u00e0 un type <a href=\"\/fr\/centres-ressources\/lexique-assurance\/occupation\" title=\"D\u00e9finition : occupation\">d\u2019occupation<\/a>. Votre police d\u2019assurance habitation comprend une d\u00e9finition pr\u00e9cise de vacant dans le cadre de la police.<\/p>\r\n\r\n\t\t\t\t<p>Il est possible que la d\u00e9finition de vacant varie un peu selon le fournisseur d\u2019assurance. Cela dit, ils sont tous d\u2019accord qu\u2019une habitation est vacante si les occupants ont d\u00e9m\u00e9nag\u00e9 sans l\u2019intention d\u2019y revenir.<\/p>\r\n\r\n\t\t\t\t<p>La notion d\u2019\u00ab\u00a0intention de revenir\u00a0\u00bb est importante. Par exemple, quand vous partez en vacances, vous avez l\u2019intention de retourner (vraisemblablement). R\u00e9sultat\u00a0: votre habitation ne sera pas vacante. Autre exemple\u00a0: quand vous quittez votre chalet \u00e0 la fin de l\u2019\u00e9t\u00e9, malgr\u00e9 une absence de plus de six mois, vous avez l\u2019intention d\u2019y retourner au printemps.<\/p>\r\n\r\n\t\t\t\t<p>Votre <a href=\"\/fr\/centres-ressources\/lexique-assurance\/assureur\" title=\"D\u00e9finition : assureur\">fournisseur d\u2019assurance<\/a> pourra vous donner des pr\u00e9cisions sur sa d\u00e9finition d\u2019habitation vacante. Bon nombre de fournisseurs d\u2019assurance exigent que vous donniez un avis si vous vous absentez des lieux pendant plus de 30\u00a0jours, m\u00eame si vous avez l\u2019intention d\u2019y retourner. D\u2019habitude, vous n\u2019aurez aucun probl\u00e8me si vous informez votre fournisseur d\u2019assurance de votre absence, mais il pourrait y avoir des r\u00e9percussions sur votre couverture si vous n\u2019en informez pas votre fournisseur.<\/p>\r\n\r\n\t\t\t\t<p class=\"mb-0\">Voici la d\u00e9finition de vacant chez Square One\u00a0:<\/p>\r\n\r\n\t\t\t\t<div class=\"row py-6\">\r\n\t\t\t\t\t<div class=\"col-12\">\r\n\t\t\t\t\t\t<div class=\"card review\" style='background-color:#B5E0EB'>\r\n\t\t\t\t\t\t\t<div class=\"card-body\">\r\n\t\t\t\t\t\t\t\t<p class=\"display-4\"><strong>Exemple<\/strong><\/p>\r\n\r\n\t\t\t\t\t\t\t\t<p>Vacant signifie que tous les occupants ont quitt\u00e9 l\u2019habitation sans l\u2019intention de revenir y habiter et aucun nouvel occupant n\u2019y a \u00e9lu domicile, peu importe la pr\u00e9sence de meubles ou d\u2019autres biens. Dans le cas d\u2019un b\u00e2timent d\u2019habitation nouvellement construit, \u00ab vacant \u00bb signifie que les occupants n\u2019y sont pas encore emm\u00e9nag\u00e9s. Dans le cas d\u2019une habitation nouvellement acquise, \u00ab vacant \u00bb signifie que les occupants n\u2019y sont pas emm\u00e9nag\u00e9s imm\u00e9diatement suivant la date \u00e0 laquelle ils en sont l\u00e9galement devenus propri\u00e9taires. (Certains fournisseurs d\u2019assurance habitation jugent qu\u2019une habitation nouvellement acquise est vacante si les occupants n\u2019y emm\u00e9nagent dans les 7\u00a0jours suivant la date de possession de la propri\u00e9t\u00e9.)<\/p>\r\n\r\n\t\t\t\t\t\t\t<\/div>\r\n\t\t\t\t\t\t<\/div>\r\n\t\t\t\t\t<\/div>\r\n\t\t\t\t<\/div>\t\t\t\t\t\t\t\t\r\n\r\n\t\t\t\t<p>Contrairement aux id\u00e9es re\u00e7ues, la pr\u00e9sence des meubles dans une habitation n\u2019a aucune incidence sur la notion de vacant. Une habitation vacante peut \u00eatre enti\u00e8rement meubl\u00e9e, alors qu\u2019une habitation occup\u00e9e peut \u00eatre enti\u00e8rement sans meubles (bien que ce soit moins accueillant \u00e0 l\u2019int\u00e9rieur).<\/p>\r\n\r\n\t\t\t\t<p>La plupart des fournisseurs ne jugent pas que les habitations en \u00e9tat de construction ou r\u00e9novation sont vacantes; ils ont leurs propres cat\u00e9gories pour celles-ci. Dans le m\u00eame ordre d\u2019id\u00e9es, il est possible qu\u2019une r\u00e9sidence de vacances ne soit pas \u00ab\u00a0vacante\u00a0\u00bb pendant la saison hors pointe, mais celle-ci exigerait une couverture sp\u00e9ciale qui tient compte des p\u00e9riodes prolong\u00e9es pendant qu\u2019elle est inoccup\u00e9e.<\/p>\r\n\r\n\t\t\t\t<p>Il faut noter cependant\u00a0:<\/p>\r\n\r\n\t\t\t\t<p>La d\u00e9finition de vacant en assurance habitation est diff\u00e9rente de la d\u00e9finition de vacant dans d\u2019autres domaines, comme la taxe sur les logements vacants.<\/p>\r\n\r\n\t\t\t\t<p>Bon nombre de provinces et territoires au Canada ont une taxe sur les logements vacants qui ne s\u2019applique qu\u2019aux habitations vacantes. D\u2019habitude, ces taxes comprennent une d\u00e9finition de vacant plut\u00f4t diff\u00e9rente. Par exemple, la taxe sur les logements vacants de Vancouver s\u2019applique \u00e0 toute propri\u00e9t\u00e9 inoccup\u00e9e pendant plus de six mois durant l\u2019ann\u00e9e fiscale, peu importe l\u2019intention des occupants d\u2019y retourner.<\/p>\r\n\r\n\t\t\t\t<p>Par cons\u00e9quent, une habitation \u00e0 Vancouver pourrait \u00eatre \u00e0 la fois vacante et occup\u00e9e selon la d\u00e9finition du gouvernement ou d\u2019une compagnie d\u2019assurance.<\/p>\r\n\r\n\t\t\t<h2 id=\"insurance\">Les habitations vacantes et l\u2019assurance habitation<\/h2>\r\n\r\n\t\t\t\t<p>Les fournisseurs d\u2019assurance doivent toujours savoir si une habitation est vacante. Les habitations vacantes pr\u00e9sentent plus de risques comparativement aux habitations occup\u00e9es. Pour cette raison, les logements vacants sont plus dispendieux \u00e0 assurer. Dans une habitation vacante, il n\u2019y a personne sur les lieux pour s\u2019occuper d\u2019\u00e9ventuels probl\u00e8mes qui peuvent rapidement d\u00e9g\u00e9n\u00e9rer.<\/p>\r\n\r\n\t\t\t\t<p>Pour de plus amples renseignements sur les habitations vacantes et l\u2019assurance habitation, consultez notre article sur <a href=\"\/fr\/centres-ressources\/proprietaire-occupant\/logements-vacants\" title=\"Comment assurer un logement vacant\">l\u2019assurance d\u2019un logement vacant<\/a>.<\/p>\r\n\r\n\t\t\t\t<p><strong>Vous recherchez une d\u00e9finition en assurance?<\/strong> Consultez notre <a href=\"\/fr\/centres-ressources\/lexique-assurance\" title=\"Centre de ressources : lexique de l'assurance\">Centre de ressources&nbsp;: lexique de l\u2019assurance<\/a> pour acc\u00e9der \u00e0 des d\u00e9finitions faciles \u00e0 comprendre des termes les plus courants de l'assurance. Ensuite, <a href=\"\/fr\/soumission-assurance-habitation-en-ligne\" title=\"Obtenir une soumission d\u2019assurance habitation en ligne\">obtenez une soumission d'assurance habitation en ligne<\/a> en moins de 5\u00a0minutes et d\u00e9couvrez \u00e0 quel point l\u2019assurance habitation personnalis\u00e9e peut \u00eatre abordable.<\/p>\r\n\r\n\t\t\t\t<div class=\"row py-3\">\r\n<div class=\"col-12\">\r\n<div class=\"card review\" style=\"box-shadow: 0 2px 4px rgba(0,0,0,0.07);background-color:#f4f4f4;\">\r\n<div class=\"card-body\">\r\n\t<p class=\"text-primary h4\">\u00c0 propos de l\u2019expert&nbsp;: Daniel Mirkovic<\/p>\r\n\t<p>Cofondateur de Square One comptant plus de 25&nbsp;ans dans le secteur de l\u2019assurance, Daniel \u00e9tait vice-pr\u00e9sident des services d\u2019assurance et de voyage de la British Columbia Automobile Association (BCAA). Daniel est titulaire d'un baccalaur\u00e9at \u00e8s commerce et d'une ma\u00eetrise \u00e8s administration des affaires, tous deux obtenus \u00e0 la Sauder School of Business de l'universit\u00e9 de la Colombie-Britannique. Daniel est muni de la d\u00e9signation CAAC et d\u2019un certificat en assurance de dommages niveau&nbsp;3 en Colombie-Britannique, en Alberta, en Saskatchewan, au Manitoba et en Ontario.<\/p>\r\n<\/div>\r\n<\/div>\r\n<\/div>\r\n<\/div>\r\n\r\n\t\t\t<\/div>\r\n\t\t<\/div>\r\n\t<\/div>\r\n<\/section>\r\n<script type=\"application\/ld+json\">\r\n{\r\n  \"@context\": \"https:\/\/schema.org\",\r\n  \"@graph\": [\r\n    {\r\n      \"@type\": [\"WebPage\", \"DefinedTerm\"],\r\n      \"@id\": \"https:\/\/www.squareone.ca\/fr\/centres-ressources\/lexique-assurance\/habitation-vacante\",\r\n      \"url\": \"https:\/\/www.squareone.ca\/fr\/centres-ressources\/lexique-assurance\/habitation-vacante\",\r\n      \"inLanguage\": \"fr-CA\",\r\n      \"isAccessibleForFree\": true,\r\n      \"name\": \"Vacant\",\r\n      \"description\": \"Se dit d\u2019une habitation dont les occupants sont partis d\u00e9finitivement ou dans lequel personne n\u2019a encore emm\u00e9nag\u00e9.\",\r\n      \"inDefinedTermSet\": {\r\n        \"@type\": \"DefinedTermSet\",\r\n        \"name\": \"Lexique de l\u2019assurance de Square One\",\r\n        \"url\": \"https:\/\/www.squareone.ca\/fr\/centres-ressources\/lexique-assurance\"\r\n      },\r\n      \"publisher\": {\r\n        \"@id\": \"https:\/\/www.squareone.ca\/fr\"\r\n      },\r\n      \"author\": {\r\n        \"@id\": \"#seamus-mckale\"\r\n      },\r\n      \"reviewedBy\": {\r\n        \"@id\": \"https:\/\/www.squareone.ca\/fr\/a-propos-de-nous\/experts\/daniel-mirkovic\"\r\n      }\r\n    },\r\n    {\r\n      \"@type\": \"InsuranceAgency\",\r\n      \"@id\": \"https:\/\/www.squareone.ca\/fr\",\r\n      \"name\": \"Assurances Square One\",\r\n      \"url\": \"https:\/\/www.squareone.ca\/fr\",\r\n      \"logo\": \"https:\/\/cdn.squareone.ca\/wp-content\/uploads\/2021\/04\/09094743\/square-one-logomark-default-md-1.png\",\r\n      \"address\": {\r\n        \"@type\": \"PostalAddress\",\r\n        \"streetAddress\": \"1410-650 W Georgia St\",\r\n        \"addressLocality\": \"Vancouver\",\r\n        \"addressRegion\": \"BC\",\r\n        \"postalCode\": \"V6B 4N8\",\r\n        \"addressCountry\": \"CA\"\r\n      },\r\n      \"telephone\": \"+1-855-331-6933\",\r\n      \"areaServed\": [\"BC\", \"AB\", \"SK\", \"MB\", \"ON\", \"QC\"],\r\n      \"feesAndCommissionsSpecification\": \"https:\/\/www.squareone.ca\/fr\/transparence\"\r\n    },\r\n    {\r\n      \"@type\": \"Person\",\r\n      \"@id\": \"#seamus-mckale\",\r\n      \"name\": \"Seamus McKale\",\r\n      \"url\": \"https:\/\/www.squareone.ca\/fr\/a-propos-de-nous\/membres-equipe#seamus-mckale\",\r\n      \"description\": \"Seamus a 15 ans d\u2019exp\u00e9rience en marketing, avec sp\u00e9cialisation en publicit\u00e9 multim\u00e9dia, r\u00e9daction technique et contenu sur l\u2019assurance personnelle.\",\r\n      \"jobTitle\": \"Sp\u00e9cialiste de marketing de contenu\",\r\n      \"worksFor\": {\r\n        \"@id\": \"https:\/\/www.squareone.ca\/fr\"\r\n      },\r\n      \"hasCredential\": [\r\n        {\r\n          \"@type\": \"EducationalOccupationalCredential\",\r\n          \"name\": \"Certificat en assurance de dommages de la C.-B., niveau 1\"\r\n        },\r\n        {\r\n          \"@type\": \"EducationalOccupationalCredential\",\r\n          \"name\": \"Certificat en assurance de dommages de l\u2019Ontario\"\r\n        }\r\n      ],\r\n      \"knowsAbout\": [\r\n        \"Marketing\",\r\n        \"Publicit\u00e9 multim\u00e9dia\",\r\n        \"R\u00e9daction technique\",\r\n        \"Assurance des particuliers\"\r\n      ],\r\n      \"sameAs\": [\r\n        \"https:\/\/www.linkedin.com\/in\/seamus-m-83801a2b\/\"\r\n      ]\r\n    },\r\n    {\r\n      \"@type\": \"Person\",\r\n      \"@id\": \"https:\/\/www.squareone.ca\/fr\/a-propos-de-nous\/experts\/daniel-mirkovic\",\r\n      \"name\": \"Daniel Mirkovic\",\r\n      \"url\": \"https:\/\/www.squareone.ca\/fr\/a-propos-de-nous\/experts\/daniel-mirkovic\",\r\n      \"description\": \"Daniel poss\u00e8de de vastes connaissances en assurance, acquises au cours de plus de 25 ans d\u2019exprience dans le secteur.\",\r\n      \"jobTitle\": \"Cofondateur et PDG\",\r\n      \"worksFor\": {\r\n        \"@id\": \"https:\/\/www.squareone.ca\/fr\"\r\n      },\r\n      \"alumniOf\": {\r\n        \"@type\": \"CollegeOrUniversity\",\r\n        \"name\": \"Sauder School of Business at the University of British Columbia\"\r\n      },\r\n      \"hasCredential\": [\r\n        {\r\n          \"@type\": \"EducationalOccupationalCredential\",\r\n          \"name\": \"Courtier d\u2019assurance agr\u00e9\u00e9 du Canada (CAAC)\"\r\n        },\r\n        {\r\n          \"@type\": \"EducationalOccupationalCredential\",\r\n          \"name\": \"Certificat en assurance de dommages, niveau 3 (BC, AB, SK, MB, ON)\"\r\n        }\r\n      ],\r\n      \"knowsAbout\": [\r\n        \"Assurance propri\u00e9taire occupant\",\r\n        \"Assurance locataire\",\r\n        \"Assurance copropri\u00e9taire\",\r\n        \"Assurance auto\",\r\n        \"Assurance automobile de collection\",\r\n        \"Assurance maladie\",\r\n        \"Assurance-vie\",\r\n        \"L\u2019assurance invalidit\u00e9 de longue dur\u00e9e\",\r\n        \"Assurance v\u00e9t\u00e9rinaire\",\r\n        \"Assurance-voyage\",\r\n        \"Planification d\u2019affaires et strat\u00e9gique\",\r\n        \"Publicit\u00e9 s'adressant directement aux consommateurs\",\r\n        \"D\u00e9veloppement des produits\",\r\n        \"Conception de l\u2019exp\u00e9rience des utilisateurs\"\r\n      ],\r\n      \"sameAs\": [\r\n        \"https:\/\/www.linkedin.com\/in\/danielmirkovic\"\r\n      ]\r\n    },\r\n    {\r\n      \"@type\": \"FAQPage\",\r\n      \"mainEntity\": {\r\n        \"@type\": \"Question\",\r\n        \"name\": \"Qu\u2019est-ce qu\u2019une habitation vacante?\",\r\n        \"acceptedAnswer\": {\r\n          \"@type\": \"Answer\",\r\n          \"text\": \"Une habitation vacante est une habitation dans laquelle personne ne vit. C\u2019est plus qu\u2019une habitation vide\u00a0: votre domicile ne devient pas vacant parce que vous \u00eates au bureau, par exemple. En assurance habitation, vacant est un terme sp\u00e9cifique qui renvoie \u00e0 un type d\u2019occupation. Votre police d\u2019assurance habitation donne une d\u00e9finition pr\u00e9cise de vacant selon la police. Il est possible que la d\u00e9finition de vacant varie un peu selon le fournisseur d\u2019assurance. Cela dit, ils sont tous d\u2019accord qu\u2019une habitation est vacante si les occupants ont d\u00e9m\u00e9nag\u00e9 sans l\u2019intention d\u2019y revenir.\"\r\n        }\r\n      }\r\n    }\r\n  ]\r\n}\r\n<\/script>","protected":false},"excerpt":{"rendered":"<p>Vacant Article \u00e9valu\u00e9 par Daniel Mirkovic Adjectif va\u00b7cant | \u02c8v\u0101-k\u0259nt D\u00e9finition\u00a0: en assurance habitation, se dit d&rsquo;une habitation dont les occupants sont partis d\u00e9finitivement ou dans lequel personne n&rsquo;a encore emm\u00e9nag\u00e9. Elle ne sait pas si son habitation serait jug\u00e9e d\u2019\u00eatre vacante pendant son absence pendant les vacances. Th\u00e8mes Qu\u2019est-ce qu\u2019une habitation vacante? La notion [&hellip;]<\/p>\n","protected":false},"author":20,"featured_media":0,"parent":53157,"menu_order":0,"comment_status":"closed","ping_status":"closed","template":"page-article-new.php","meta":{"_acf_changed":false,"footnotes":""},"class_list":["post-68421","page","type-page","status-publish","hentry"],"acf":[],"_links":{"self":[{"href":"https:\/\/www.squareone.ca\/fr\/wp-json\/wp\/v2\/pages\/68421","targetHints":{"allow":["GET"]}}],"collection":[{"href":"https:\/\/www.squareone.ca\/fr\/wp-json\/wp\/v2\/pages"}],"about":[{"href":"https:\/\/www.squareone.ca\/fr\/wp-json\/wp\/v2\/types\/page"}],"author":[{"embeddable":true,"href":"https:\/\/www.squareone.ca\/fr\/wp-json\/wp\/v2\/users\/20"}],"replies":[{"embeddable":true,"href":"https:\/\/www.squareone.ca\/fr\/wp-json\/wp\/v2\/comments?post=68421"}],"version-history":[{"count":10,"href":"https:\/\/www.squareone.ca\/fr\/wp-json\/wp\/v2\/pages\/68421\/revisions"}],"predecessor-version":[{"id":77828,"href":"https:\/\/www.squareone.ca\/fr\/wp-json\/wp\/v2\/pages\/68421\/revisions\/77828"}],"up":[{"embeddable":true,"href":"https:\/\/www.squareone.ca\/fr\/wp-json\/wp\/v2\/pages\/53157"}],"wp:attachment":[{"href":"https:\/\/www.squareone.ca\/fr\/wp-json\/wp\/v2\/media?parent=68421"}],"curies":[{"name":"wp","href":"https:\/\/api.w.org\/{rel}","templated":true}]}}