{"id":68689,"date":"2024-01-29T15:39:03","date_gmt":"2024-01-29T23:39:03","guid":{"rendered":"https:\/\/www.squareone.ca\/centres-ressources\/ameliorations-domiciliaires\/courts-cycles-fournaise-causes-et-diagnostic"},"modified":"2026-04-13T11:51:33","modified_gmt":"2026-04-13T18:51:33","slug":"courts-cycles-fournaise-causes-et-diagnostic","status":"publish","type":"page","link":"https:\/\/www.squareone.ca\/fr\/centres-ressources\/ameliorations-domiciliaires\/courts-cycles-fournaise-causes-et-diagnostic","title":{"rendered":"Votre fournaise fonctionne-t-il en courts cycles? Causes et diagnostic"},"content":{"rendered":"<section id='intro' class=\"bg-shape-split bg-sub-page-hero\">\r\n    <div class=\"bg-position\">\r\n        <div class=\"container-fluid\">\r\n            <div class=\"row align-items-center\">\r\n                <div class=\"col-12 col-lg-8\">\r\n                    <h1>Votre fournaise fonctionne-t-elle en courts cycles? Causes et diagnostic<\/h1>\r\n                    <strong>Article r\u00e9dig\u00e9 par l'\u00e9quipe de Square One<\/strong>\r\n                    <p><strong>Article \u00e9valu\u00e9 par <a title=\"Expert : George Baral\" href=\"\/fr\/a-propos-de-nous\/experts#HVAC\">George Baral<\/a><\/strong><\/p> \r\n                    <p class=\"pb-4\" style=\"margin-top:-24px\">Mis \u00e0 jour le 10 avril 2026<\/p>\r\n                <\/div>\r\n            <\/div>\r\n\r\n            <div class=\"row\">\r\n                <div class=\"col-lg-8\">\r\n\r\n                    <p class=\"display-4\">Une fournaise qui fonctionnent en courts cycles est une fournaise qui s&rsquo;allume et s&rsquo;\u00e9teint de mani\u00e8re r\u00e9p\u00e9t\u00e9e pendant de courtes p\u00e9riodes. Une fournaise qui fonctionnent en courts cycles ne chauffera pas correctement la maison, car les cycles sont trop courts pour qu&rsquo;elle puisse remplir sa fonction. Les cycles courts sont le signe d&rsquo;un dysfonctionnement de la fournaise ou du thermostat.<\/p>\r\n\r\n                    <p class=\"display-4\">Dans cet article, nous expliquerons la notion de fonctionnement en courts cycles et vous apprendrez comment diagnostiquer et r\u00e9gler les probl\u00e8mes courants qui le causent.<\/p>\r\n\r\n<\/div>\r\n\r\n                <div class=\"col-lg-3 offset-lg-1\">\r\n                    <p class=\"mb-2 display-4 pt-4 pt-lg-0 pt-mb-0\"><strong>Th\u00e8mes<\/strong><\/p>\r\n                    <ul class=\"list-unstyled link-list display-4\">\r\n                        <li><a href=\"#what-is-short-cycling\">Les bases du fonctionnement en courts cycles<\/a><\/li>\r\n                        <li><a href=\"#Causes\">Causes et solutions<\/a><\/li>\r\n                            <ul  type=\"disc\" style=\"font-size:18px\">\r\n                                <li><a href=\"#filter\">Filtre sale<\/a><\/li>\r\n                                <li><a href='#thermostat'>Probl\u00e8mes de thermostat<\/a><\/li>\r\n                                <li><a href=\"#air-leaks\">Fuites d\u2019air<\/a><\/li>\r\n                                <li><a href=\"#faulty-parts\">Pi\u00e8ces d\u00e9fectueuses<\/a><\/li>\r\n                                <li><a href=\"#sizing\">Fournaise trop grande pour la maison<\/a><\/li>\r\n                            <\/ul>\r\n                        <li><a href='#FurnaceShortCycling_FAQ'>Questions fr\u00e9quemment pos\u00e9es<\/a><\/li>\r\n                            <ul type=\"disc\" style=\"font-size:18px\">\r\n                                <li><a href=\"#how-long\">Pendant combien de temps durent les courts cycles?<\/a><\/li>\r\n                                <li><a href=\"#is-it-dangerous\">Les courts cycles sont-ils dangereux?<\/a><\/li>\r\n                                <li><a href=\"#can-I-clean\">Puis-je nettoyer ma fournaise?<\/a><\/li>\r\n                                <li><a href=\"#check-air-leaks\">Comment v\u00e9rifier s\u2019il y a des fuites d\u2019air?<\/a><\/li>\r\n                            <\/ul>\r\n                        <\/ul>\r\n                <\/div>\r\n            <\/div>  \r\n        <\/div>\r\n    <\/div>\r\n    <div class=\"bg-bottom\"><\/div>\r\n<\/section>\r\n\r\n<section>\r\n    <div class=\"container-fluid py-6\">\r\n        <div class=\"row\">\r\n            <div class=\"col-12 col-lg-8\">\r\n\r\n                <div class=\"row pb-6\">\r\n                    <div class=\"col-12\">\r\n                        <div class=\"card review\" style='background-color:#FFE0C9'>\r\n                            <div class=\"card-body\">\r\n                                <p class=\"h3\">L\u2019essentiel<\/p>\r\n                                <ul class='mb-0'>\r\n                                    <li>Le fonctionnement en courts cycles signifie que la fournaise s\u2019allume et s\u2019\u00e9teint trop souvent.<\/li>\r\n                                    <li>Les cycles courts peuvent entra\u00eener une usure pr\u00e9matur\u00e9e de la fournaise.<\/li>\r\n                                    <li>Plusieurs probl\u00e8mes peuvent \u00eatre \u00e0 l&rsquo;origine des cycles courts d&rsquo;une fournaise, mais la plupart d&rsquo;entre eux sont faciles \u00e0 r\u00e9soudre.<\/li>\r\n                                <\/ul>\r\n                            <\/div>\r\n                        <\/div>\r\n                    <\/div>\r\n                <\/div>              \t\r\n\r\n            <h2 id=\"what-is-short-cycling\">Qu\u2019est-ce que le fonctionnement en courts cycles?<\/h2>\r\n                \r\n                <p>Le fonctionnement en courts cycles signifie que la fournaise s\u2019allume et s\u2019\u00e9teint trop souvent.<\/p>\r\n\r\n                <p>Normalement, une fournaise de maison devrait s\u2019allumer et s\u2019\u00e9teindre entre trois et huit fois par heure. Remarquez qu\u2019un cycle de chauffage normal dure de sept \u00e0 vingt minutes. Si ce cycle se produit toutes les deux minutes, votre fournaise fonctionne en courts cycles. Dans ce cas, il y a quelque chose qui ne va pas.<\/p>\r\n\r\n                <p>Toutefois, ce probl\u00e8me a ses avantages\u00a0: le fonctionnement en courts cycles d\u00e9montre que les m\u00e9canismes de s\u00e9curit\u00e9 de la fournaise marchent ce qui emp\u00eache <a href=\"\/fr\/incendie\" title=\"Assurance incendie\">l\u2019incendie dans la maison<\/a>, par exemple.<\/p>\r\n\r\n                <p>Avant d\u2019examiner les causes des courts cycles, il est important de comprendre le fonctionnement de la fournaise. Effectivement, le moteur souffleur, le ventilateur qui fait circuler l\u2019air, envoie l\u2019air \u00e0 travers un \u00e9changeur thermique compos\u00e9 des tubes qui permettent la circulation du combustible. L\u2019air est dirig\u00e9 ensuite vers les pi\u00e8ces de votre maison.<\/p>\r\n\r\n                <p>Heureusement, la fournaise est \u00e9quip\u00e9e de nombreux dispositifs de s\u00e9curit\u00e9 qui emp\u00eachent que la fournaise fonctionne de mani\u00e8re non s\u00e9curitaire. Un interrupteur de limite de temp\u00e9rature \u00e9lev\u00e9e \u00e9teint la fournaise si elle devient trop chaude, alors qu\u2019un interrupteur de limite de temp\u00e9rature de conduit \u00e9teint l\u2019appareil si l\u2019air ne circule pas correctement \u00e0 travers le conduit d\u2019\u00e9chappement.<\/p>\r\n\r\n                <p>Le fonctionnement en courts cycles peut survenir dans les fournaises \u00e0 gaz et \u00e9lectriques pour plusieurs des m\u00eames raisons.<\/p>\r\n\r\n            <\/div>\r\n        <\/div>\r\n    <\/div>\r\n<\/section>\r\n\r\n\t<section class=\"bg-transparent\">\n\t\t<img decoding=\"async\" src=\"\/sales\/images\/bgs\/bg-mid-page-cta-general-top.svg\" style=\"width: 100%; vertical-align: bottom; position: relative; top: 1px\"\/>\n\t\t\n\t\t<div class=\"bg-darkTeal py-3\">\t\t\t\n\t\t\t<div class=\"container-fluid\">\n\t\t\t\t<div class=\"row d-flex align-items-center pb-5\">\n\t\t\t\t\t<div class=\"col-12 col-md-8 offset-md-2 px-lg-5 pb-5 pb-lg-0\">\n\t\t\t\t\t\t<div class=\"h6 mb-4 text-primary text-uppercase text-center\">\n\t\t\t\t\t\t\tCela ne prend que 5\u00a0minutes \n\t\t\t\t\t\t<\/div>\t\t\n\t\t\t\t\t\t\t\t\t\t\t\n\t\t\t\t\t\t<p class=\"lead px-lg-5 text-white\">\n\t\t\t\t\t\t\t<strong class=\"d-inline-block text-uc-first\">Pr\u00eat \u00e0 obtenir une soumission en ligne? <\/strong> Votre temps est aussi pr\u00e9cieux que vos possessions. Obtenez une soumission d'assurance habitation en <strong>5 minutes<\/strong>. C\u2019est moins de temps qu\u2019il n\u2019en faut pour faire la file pour un caf\u00e9.\n\t\t\t\t\t\t<\/p>\t\t\t\n\t\n\t\t\t\t\t\t<div id=\"sq1-qw-004367ce8891\" class=\"sq1-quote-widget mb-4 text-white\" data-quote-widget-type=\"HOME\" data-has-custom-text=\"true\">\n\t\t\t\t\t\t\t<div class=\"input-group input-group-focus-within bg-white my-4\">\n\t\t\t\t\t\t\t\t<div>\n\t\t\t\t\t\t\t\t\t<div class=\"input-group-text\">\n\t\t\t\t\t\t\t\t\t\t<i class=\"fa fa-map-marker d-block text-black\"><\/i>\n\t\t\t\t\t\t\t\t\t<\/div>\n\t\t\t\t\t\t\t\t<\/div>\n\t\t\t\t\t\t\t\t<input type=\"text\" class=\"form-control\" style=\"padding: 10px;\" placeholder=\"Enter an address\" aria-label=\"Inscrivez votre adresse pour obtenir une soumission\"\/>\n\t\t\t\t\t\t\t\t<div>\n\t\t\t\t\t\t\t\t\t<button class=\"btn btn-primary\">Obtenir une soumission en ligne d\u00e8s maintenant<\/button>\n\t\t\t\t\t\t\t\t<\/div>\n\t\t\t\t\t\t\t<\/div>\n\t\t\t\t\t\t<\/div>\n\t\t\t\t\t\t\n\t\t\t\t\t\t<p class=\"small text-white\">Avant de commencer, veuillez lire notre <a href=\"https:\/\/www.squareone.ca\/fr\/politique-confidentialite\" target=\"_blank\" rel=\"noreferrer noopener\">Politique de confidentialit\u00e9<\/a> et nos <a href=\"https:\/\/www.squareone.ca\/fr\/conditions-utilisation\" target=\"_blank\" rel=\"noreferrer noopener\">Conditions d\u2019utilisation<\/a>.<\/p>\t\n\t\n\t\t\t\t\t\t<script type=\"text\/javascript\">\n\t\t\t\t\t\t(function() {\n\t\t\t\t\t\t\tdocument.addEventListener('soiMiscJsLoaded', function() {\n\t\t\t\t\t\t        $(document).ready(function() {\n\t\t\t\t\t\t\t\t\tsoiQuoteWidget.processFormWidget('\/sales\/index.php\/json_quote_widget?rand=' +Math.random(), 'qwContainer'); \/\/populate quoting widget with content from symfony.\n\t\t\t\t\t\t\t\t});\n\t\t\t\t\t\t\t});\n\t\t\t\t\t\t})();\n\t\t\t\t\t\t<\/script>\n\t\t\t\t\t<\/div>\n\t\t\t\t<\/div>\n\t\t\t<\/div>\n\t\t<\/div>\n\t\t\n\t\t<img decoding=\"async\" src=\"\/sales\/images\/bgs\/bg-mid-page-cta-general-bottom.svg\" style=\"width: 100%; vertical-align: top\"\/>\t\t\n\t<\/section>\r\n\r\n<section>\r\n    <div class=\"container-fluid py-6\">\r\n        <div class=\"row\">\r\n            <div class=\"col-12 col-lg-8\">\r\n                \r\n            <h2 id=\"Causes\">Quelles sont les causes du fonctionnement en courts cycles? <\/h2>\r\n\r\n                <h3 id=\"filter\">1. Filtre d\u2019air sale<\/h3>\r\n\r\n                <p>Un filtre d\u2019air sale est la cause la plus courante du fonctionnement en courts cycles. Si le filtre est obstru\u00e9 par la salet\u00e9, l\u2019air ne peut pas circuler vers l\u2019\u00e9changeur thermique. Cela peut surchauffer la fournaise et d\u00e9clencher l\u2019interrupteur de limite de temp\u00e9rature \u00e9lev\u00e9e qui \u00e9teindra l\u2019appareil. Une fois que la fournaise aura refroidi, elle s\u2019allumera \u00e0 nouveau et le cycle se poursuivra.<\/p>\r\n\r\n                <h4>Solution<\/h4>\r\n\r\n                <p>Vous pouvez \u00e9galement emp\u00eacher ce type de court cycle en changeant r\u00e9guli\u00e8rement le filtre d\u2019air de la fournaise. Vous devriez le nettoyer ou remplacer tous les mois pour faciliter le fonctionnement optimal de la fournaise. \u00c9teignez la fournaise, d\u00e9vissez le panneau et ins\u00e9rez un nouveau filtre. Dans la plupart des cas, cela r\u00e8gle le probl\u00e8me du fonctionnement en courts cycles.<\/p>\r\n\r\n                <h3 id=\"thermostat\">2. Probl\u00e8mes de thermostat<\/h3>\r\n\r\n                <img decoding=\"async\" loading=\"lazy\" src=\"https:\/\/cdn.squareone.ca\/wp-content\/uploads\/2018\/03\/09010420\/thermostat-not-working.jpg\" title=\"Probl\u00e8mes de thermostat avec les fournaises\" alt=\"Un ouvrier en construction r\u00e8gle un thermostat num\u00e9rique.\" width=\"800\" height=\"533\" class=\"img-fluid mb-5\" rel=\"noopener noreferrer\" \/>\r\n\r\n                <p>Le deuxi\u00e8me facteur le plus susceptible d&rsquo;\u00eatre \u00e0 l&rsquo;origine des cycles courts est votre thermostat. Comme tout dispositif m\u00e9canique, le thermostat n\u2019est pas infaillible et vous devez le v\u00e9rifier de temps \u00e0 autre. Un thermostat d\u00e9fectueux peut faire pr\u00e9matur\u00e9ment \u00e9teindre la fournaise.<\/p>\r\n\r\n                <h4>Solution<\/h4>\r\n\r\n                <p>Dans ce cas, il faut \u00e9teindre le thermostat, l\u2019ouvrir et remplacer les piles. Ensuite, il faut relancer le syst\u00e8me et surveiller le thermostat pendant une heure pour confirmer que le probl\u00e8me a \u00e9t\u00e9 r\u00e9gl\u00e9. <\/p>\r\n\r\n                <p>Vous avez \u00e9galement int\u00e9r\u00eat \u00e0 revoir l\u2019emplacement du thermostat. Les sources de chaleur, comme les bouches de chaleur, les appareils de chauffage autonomes ou la lumi\u00e8re du soleil peuvent affecter le thermostat et le faire pr\u00e9matur\u00e9ment s\u2019\u00e9teindre.<\/p>\r\n\r\n                <h3 id=\"air-leaks\">3. Fuites d\u2019air<\/h3>  \r\n\r\n                <img decoding=\"async\" loading=\"lazy\" src=\"https:\/\/s3-us-west-2.amazonaws.com\/sq1-wordpress-prod\/wp-content\/uploads\/2018\/03\/09010456\/air-leaks.jpg\" title=\"Emp\u00eachement des fuites d\u2019air d\u2019une fen\u00eatre\" alt=\"Une personne applique du mastic \u00e0 une fen\u00eatre pour emp\u00eacher les fuites d\u2019air\" width=\"800\" height=\"533\" class=\"img-fluid mb-5\" rel=\"noopener noreferrer\"\/>\r\n\r\n                <p>Une mauvaise isolation ou des fuites d&rsquo;air dans les conduits peuvent entra\u00eener la fuite de l&rsquo;air chaud avant qu&rsquo;il n&rsquo;atteigne la pi\u00e8ce \u00e9quip\u00e9e d&rsquo;un thermostat. Cela force la fournaise \u00e0 red\u00e9marrer.<\/p> \r\n\r\n                <h4>Solution<\/h4>\r\n\r\n                <p>V\u00e9rifiez que les fen\u00eatres sont toutes ferm\u00e9es ou s\u2019il y des fuites d\u2019air. S\u2019il y a de l\u2019air qui fuit, vous devriez appliquer du mastic autour du cadre de la fen\u00eatre afin de conserver l\u2019air chaud \u00e0 l\u2019int\u00e9rieur.<\/p>\r\n\r\n                <h3 id=\"faulty-parts\">4. Pi\u00e8ces d\u00e9fectueuses<\/h3>\r\n\r\n                <p>Les probl\u00e8mes m\u00e9caniques peuvent causer le fonctionnement en courts cycles; le ventilateur d\u2019appareil de chauffage, le <a href=\"https:\/\/www.baticopro.com\/guides\/conduits-de-cheminee-guide-pratique.html\" title=\"Conduits de chemin\u00e9e : guide pratique\" target=\"_blank\" rel=\"noopener noreferrer\">conduit de chemin\u00e9e<\/a> ou le d\u00e9tecteur de flamme pourrait mal fonctionner et causer le probl\u00e8me.<\/p>\r\n\r\n                <p>Si le moteur souffleur est \u00e9teint, les \u00e9changeurs thermiques ne chauffent pas l\u2019air et peut devenir trop chauds, ce qui fera \u00e9teindre la fournaise. Dans ce cas, l\u2019air ne passera pas \u00e0 travers les conduits, ou si l\u2019air parvient \u00e0 y circuler, il sera insuffisant pour chauffer la maison. Vous pouvez v\u00e9rifier en mettant votre main devant le conduit.<\/p>\r\n\r\n                <h4>Solution<\/h4>\r\n\r\n                <p>L\u2019appareil qui \u00e9teint la fournaise si l\u2019air devient trop chaud pourrait d\u00e9faillir et fait pr\u00e9matur\u00e9ment \u00e9teindre la fournaise. Seul un professionnel pourra d\u00e9terminer si c\u2019est le cas.<\/p>\r\n\r\n                <p>Sinon, le conduit de chauffage pourrait \u00eatre obstru\u00e9, ce qui signifie que les gaz n\u2019\u00e9vacuent pas correctement et que l\u2019interrupteur de limite de temp\u00e9rature du conduit fait \u00e9teindre le syst\u00e8me avant que le conduit devienne trop chaud. D\u2019habitude, c\u2019est une obstruction dans le conduit qui est \u00e0 l\u2019origine du probl\u00e8me\u00a0: par exemple, il est possible qu\u2019un animal ait d\u00e9pos\u00e9 des branches dans l\u2019ouverture du conduit. Dans ce cas, il suffit de d\u00e9gager l\u2019obstruction et le syst\u00e8me se mettra en marche \u00e0 nouveau.<\/p>\r\n\r\n                <p>Finalement, si le syst\u00e8me d\u2019allumage de la fournaise ne fonctionne pas correctement et ne produit pas de flamme dans quatre secondes, le d\u00e9tecteur de flamme fera \u00e9teindre le syst\u00e8me. Dans ce cas, faites examiner le syst\u00e8me par un professionnel; un filtre sale ou un d\u00e9tecteur de flamme endommag\u00e9 (thermocouple) ou un dispositif d\u2019allumage endommag\u00e9 pourrait \u00eatre \u00e0 l\u2019origine du probl\u00e8me.<\/p>\r\n\r\n                <h3 id=\"sizing\">5. Syst\u00e8me CVCA trop grand<\/h3>\r\n\r\n                <img decoding=\"async\" loading=\"lazy\" src=\"https:\/\/cdn.squareone.ca\/wp-content\/uploads\/2018\/03\/09010531\/improperly-sized-HVAC.jpg\" title=\"Syst\u00e8me CVCA trop grand\" alt=\"Diagramme de maison \u00e0 c\u00f4t\u00e9 d\u2019une fournaise domestique\" width=\"800\" height=\"533\" class=\"img-fluid mb-5\" rel=\"noopener noreferrer\" \/>\r\n\r\n                <p>Il est possible que le syst\u00e8me soit trop grand pour votre domicile.<\/p>\r\n\r\n                <p>Si le syst\u00e8me a une capacit\u00e9 de chauffage plus grande que requise, il chauffera la maison rapidement avant de s\u2019\u00e9teindre. Il s\u2019allumera peu de temps apr\u00e8s. Au fil du temps, votre facture d\u2019Hydro sera plus \u00e9lev\u00e9e, car le syst\u00e8me utilisera plus de courant pour s\u2019allumer et s\u2019\u00e9teindre plus fr\u00e9quemment. En outre, le syst\u00e8me s\u2019usera plus rapidement et aura une esp\u00e9rance de vie moins longue.<p>\r\n\r\n                <h4>Solution<\/h4>\r\n\r\n                <p>Si vous soup\u00e7onnez que la taille du syst\u00e8me est \u00e0 l\u2019origine du probl\u00e8me, consultez un professionnel en CVCA.<\/p>\r\n\r\n\t\t\t\t\r\n\r\n                <p>Une fois que vous aurez rep\u00e9r\u00e9 et r\u00e9gl\u00e9 le probl\u00e8me, avec ou sans l\u2019aide d\u2019un professionnel, votre fournaise fonctionnera correctement pour vous donner tranquillit\u00e9 d\u2019esprit.<\/p>\r\n\r\n            <h2 id=\"FurnaceShortCycling_FAQ\">Questions fr\u00e9quemment pos\u00e9es<\/h2>\r\n \r\n                <h3 id=\"how-long\">Pendant combien de temps dure un court cycle de fournaise?<\/h3>\r\n\r\n                <p>Un court cycle dure moins de sept \u00e0 huit minutes. Ce laps de temps est insuffisant pour chauffer la maison. Un cycle de fournaise normal devrait \u00eatre de 10\u00e0 15\u00a0minutes en moyenne.<\/p>\r\n\r\n                <h3 id=\"is-it-dangerous\">Les courts cycles sont-ils dangereux?<\/h3>\r\n\r\n                <p>Une fournaise qui fonctionne en courts cycles peut \u00eatre dangereuse. Les fournaises ne sont pas con\u00e7ues pour s\u2019allumer et s\u2019\u00e9teindre toutes les deux minutes. Par cons\u00e9quent, le stress suppl\u00e9mentaire des courts cycles peut rapidement user la fournaise et donner lieu \u00e0 une panne compl\u00e8te, ce qui constitue un probl\u00e8me majeur pendant l\u2019hiver. De plus, le fonctionnement \u00e0 courts cycles signifie qu\u2019il y a d\u00e9j\u00e0 des probl\u00e8mes avec l\u2019appareil. Ces probl\u00e8mes, comme les obstructions, peuvent avoir des effets secondaires dangereux, comme des fuites du monoxyde de carbone. Il vaut mieux r\u00e9gler les courts cycles le plus rapidement possible.<\/p>\r\n\r\n                <h3 id=\"can-I-clean\">Puis-je nettoyer la fournaise moi-m\u00eame?<\/h3>\r\n\r\n                <p>Il est possible de nettoyer la fournaise (au moins partiellement) vous-m\u00eame, mais assurez-vous de l\u2019\u00e9teindre et de couper le gaz avant de le faire. Vous pouvez ouvrir l\u2019appareil et aspirer autant de poussi\u00e8re que vous pourrez atteindre. Il est \u00e9galement possible de d\u00e9tacher le moteur souffleur et de nettoyer les lames \u00e0 l\u2019aide d\u2019un aspirateur et d\u2019une brosse. Finalement, il est facile de changer le filtre vous-m\u00eame tous les quelques mois.<\/p>\r\n\r\n                <h3 id=\"check-air-leaks\">Comment puis-je v\u00e9rifier les fuites d\u2019air?<\/h3>\r\n\r\n                <p>Les fuites d\u2019air importantes des conduits sont assez faciles \u00e0 d\u00e9couvrir en \u00e9coutant attentivement. Examinez les conduits pour des bruits sifflants, surtout pr\u00e8s des soudures et des joints. Si les conduits se trouvent \u00e0 proximit\u00e9 de l\u2019isolation, l\u2019isolation deviendra plus fonc\u00e9e au fil du temps s\u2019il y a des fuites. Pour d\u00e9tecter les petites fuites, allumez un encensoir et regardez les queues de fum\u00e9e pour rep\u00e9rer les courants d\u2019air.<\/p>\r\n\r\n\r\n            \r\n\r\n                <p><strong>Vous voulez en savoir plus?<\/strong> Consultez notre <a href=\"\/fr\/centres-ressources\/ameliorations-domiciliaires\" title=\"Centre de ressources : am\u00e9liorations domiciliaires\">Centre de ressources&nbsp;: am\u00e9liorations domiciliaires<\/a> pour des tuyaux et de l'inspiration pour votre prochain projet de r\u00e9novation. Ensuite, <a href=\"\/fr\/soumission-assurance-habitation-en-ligne\" title=\"Obtenir une soumission d\u2019assurance habitation en ligne\">obtenez une soumission d'assurance habitation en ligne<\/a> en moins de 5\u00a0minutes et d\u00e9couvrez \u00e0 quel point l\u2019assurance habitation personnalis\u00e9e peut \u00eatre abordable.<\/p>\r\n\r\n                <div class=\"row py-3\">\r\n<div class=\"col-12\">\r\n<div class=\"card review\" style=\"box-shadow: 0 2px 4px rgba(0,0,0,0.07);background-color:#f4f4f4;\">\r\n<div class=\"card-body\">\r\n\t<p class=\"text-primary h4\">\u00c0 propos de l\u2019expert&nbsp;: George Baral<\/p>\r\n\t<p>George Baral est titulaire d\u2019une ma\u00eetrise en administration des affaires et d\u2019une ma\u00eetrise en chimie. Maintenant a la retraite, il inspectait et \u00e9valuait des syst\u00e8mes de chauffage et de climatisation pendant un peu moins de 35&nbsp;ans. Titulaire d\u2019un certificat d\u2019entrepreneur g\u00e9n\u00e9ral en Californie, il a lanc\u00e9 une compagnie sp\u00e9cialisant dans la construction \u00e9co\u00e9nerg\u00e9tique. Pendant ses \u00e9tudes, il a obtenu les certificats de leadership en conception \u00e9co\u00e9nerg\u00e9tique LEED AP et NATE, des programmes de formation pouss\u00e9e destin\u00e9s aux techniciens CVCA.<\/p>\r\n<\/div>\r\n<\/div>\r\n<\/div>\r\n<\/div>\r\n\r\n            <\/div>\r\n        <\/div>\r\n    <\/div>\r\n<\/section>\r\n\r\n<script type=\"application\/ld+json\">\r\n{\r\n     \"@context\": \"https:\/\/schema.org\",\r\n    \"@type\": \"WebPage\",\r\n    \"mainEntityOfPage\": {\r\n        \"@type\": \"Article\",\r\n        \"@id\": \"https:\/\/www.squareone.ca\/fr\/centres-ressources\/ameliorations-domiciliaires\/courts-cycles-fournaise-causes-et-diagnostic\"\r\n    },\r\n    \"author\": [\r\n        {\r\n            \"@type\": \"Person\",\r\n            \"name\": \"Square One team\"\r\n        }\r\n    ],\r\n    \"reviewedBy\": [\r\n        {\r\n            \"@type\": \"Person\",\r\n            \"name\": \"George Baral\",\r\n            \"url\": \"https:\/\/www.squareone.ca\/fr\/a-propos-de-nouss\/experts#HVAC\"\r\n        }\r\n    ],\r\n    \"headline\": \"Votre fournaise fonctionne-t-elle en courts cycles? Causes et diagnostic\",\r\n  \"datePublished\": \"\",\r\n  \"dateModified\": \"\",\r\n    \"inLanguage\": \"fr-CA\",\r\n    \"isAccessibleForFree\": true\r\n}\r\n<\/script>\r\n","protected":false},"excerpt":{"rendered":"<p>Votre fournaise fonctionne-t-elle en courts cycles? Causes et diagnostic Article \u00e9valu\u00e9 par George Baral Une fournaise qui fonctionnent en courts cycles est une fournaise qui s&rsquo;allume et s&rsquo;\u00e9teint de mani\u00e8re r\u00e9p\u00e9t\u00e9e pendant de courtes p\u00e9riodes. Une fournaise qui fonctionnent en courts cycles ne chauffera pas correctement la maison, car les cycles sont trop courts pour [&hellip;]<\/p>\n","protected":false},"author":2,"featured_media":52815,"parent":53497,"menu_order":0,"comment_status":"closed","ping_status":"closed","template":"page-article-new.php","meta":{"_acf_changed":false,"footnotes":""},"class_list":["post-68689","page","type-page","status-publish","has-post-thumbnail","hentry"],"acf":[],"_links":{"self":[{"href":"https:\/\/www.squareone.ca\/fr\/wp-json\/wp\/v2\/pages\/68689","targetHints":{"allow":["GET"]}}],"collection":[{"href":"https:\/\/www.squareone.ca\/fr\/wp-json\/wp\/v2\/pages"}],"about":[{"href":"https:\/\/www.squareone.ca\/fr\/wp-json\/wp\/v2\/types\/page"}],"author":[{"embeddable":true,"href":"https:\/\/www.squareone.ca\/fr\/wp-json\/wp\/v2\/users\/2"}],"replies":[{"embeddable":true,"href":"https:\/\/www.squareone.ca\/fr\/wp-json\/wp\/v2\/comments?post=68689"}],"version-history":[{"count":12,"href":"https:\/\/www.squareone.ca\/fr\/wp-json\/wp\/v2\/pages\/68689\/revisions"}],"predecessor-version":[{"id":78844,"href":"https:\/\/www.squareone.ca\/fr\/wp-json\/wp\/v2\/pages\/68689\/revisions\/78844"}],"up":[{"embeddable":true,"href":"https:\/\/www.squareone.ca\/fr\/wp-json\/wp\/v2\/pages\/53497"}],"wp:featuredmedia":[{"embeddable":true,"href":"https:\/\/www.squareone.ca\/fr\/wp-json\/wp\/v2\/media\/52815"}],"wp:attachment":[{"href":"https:\/\/www.squareone.ca\/fr\/wp-json\/wp\/v2\/media?parent=68689"}],"curies":[{"name":"wp","href":"https:\/\/api.w.org\/{rel}","templated":true}]}}