{"id":68715,"date":"2024-02-01T09:18:38","date_gmt":"2024-02-01T17:18:38","guid":{"rendered":"https:\/\/www.squareone.ca\/centres-ressources\/securite-domiciliaire-personnelle\/gaz-radon"},"modified":"2025-09-25T14:56:13","modified_gmt":"2025-09-25T21:56:13","slug":"gaz-radon","status":"publish","type":"page","link":"https:\/\/www.squareone.ca\/fr\/centres-ressources\/securite-domiciliaire-personnelle\/gaz-radon","title":{"rendered":"Le gaz radon : ce que les propri\u00e9taires occupants, les acheteurs et les vendeurs d\u2019habitation doivent savoir"},"content":{"rendered":"<section id='intro' class=\"bg-shape-split bg-sub-page-hero\">\r\n  <div class=\"bg-position\">\r\n      <div class=\"container-fluid\">\r\n        <div class=\"row align-items-center\">\r\n          <div class=\"col-12 col-lg-8\">\r\n\r\n            <h1>Le gaz radon\u00a0: ce que les propri\u00e9taires occupants, les acheteurs et les vendeurs d\u2019habitation doivent savoir<\/h1>\r\n <strong>Article r\u00e9dig\u00e9 par <a href=\"\/fr\/a-propos-de-nous\/contributeurs#anthony-michael\" title=\"Auteur : Anthony Michael\">Anthony Michael<\/a><\/strong>\r\n            <div style=\"margin-top:48px;\"><p class=\"pb-4\" style=\"margin-top:-24px\">Mis \u00e0 jour le 26 janvier 2024<\/p><\/div>\r\n\r\n          <\/div>\r\n        <\/div>\r\n\r\n        <div class=\"row\">\r\n          <div class=\"col-lg-8\">\r\n\r\n            <p class=\"display-4\">Lorsque vous recherchez une maison, des aspects comme le prix, l\u2019emplacement et l\u2019\u00e2ge de l\u2019habitation viennent souvent \u00e0 l\u2019esprit. La pr\u00e9sence du gaz radon, en revanche, figure rarement sur les listes de v\u00e9rification d\u2019\u00e9ventuels acheteurs.<\/p>\r\n\r\n            <p class=\"display-4\">Malgr\u00e9 cela, le gaz radon est un facteur important \u00e0 prendre en consid\u00e9ration. Le radon est une mati\u00e8re naturelle pr\u00e9sente dans la cro\u00fbte terrestre qui pourrait avoir des retomb\u00e9es sur votre sant\u00e9 et celle des membres de votre famille. Si vous \u00eates propri\u00e9taire occupant ou vous comptez acheter ou vendre une maison, vous devriez \u00eatre conscient de la pr\u00e9sence du gaz radon.<\/p>\r\n\r\n            <p class=\"display-4\">Lisez la suite pour d\u00e9couvrir le gaz radon, ses effets sur la sant\u00e9 et comment d\u00e9tecter sa pr\u00e9sence dans votre habitation.<\/p>\r\n\r\n            <p class=\"pt-2\"><img loading=\"lazy\" decoding=\"async\" src=\"https:\/\/cdn.squareone.ca\/wp-content\/uploads\/2024\/01\/26112842\/radon-gas-in-canada.jpg\" alt=\"Panneau d\u2019avertissement de gaz radon dans un champ vert\" title=\"Gaz radon : ce que les propri\u00e9taires occupants, les acheteurs et les vendeurs doivent savoir\" width=\"248\" height=\"186\"  class=\"img-fluid\" rel=\"noopener noreferrer\" \/><\/p>\r\n\r\n          <\/div>\r\n\r\n          <div class=\"col-lg-3 offset-lg-1\">\r\n            <p class=\"mb-2 display-4 pt-4 pt-lg-0 pt-mb-0\"><strong>Th\u00e8mes<\/strong><\/p>\r\n              <ul class=\"list-unstyled link-list display-4\">\r\n                   <li><a href='#what-is-radon-gas'>Qu\u2019est-ce que le gaz radon?<\/a><\/li>\r\n                   <li><a href='#health-impacts'>Effets sur la sant\u00e9<\/a><\/li>\r\n                   <li><a href=\"#detecting-radon\">Comment d\u00e9celer le radon<\/a><\/li> \r\n                   <li><a href='#real-estate-implications'>Consid\u00e9rations en immobilier<\/a><\/li>\r\n                   <li><a href='#corrective-measures'>Mesures correctives<\/a><\/li>\r\n                   <li><a href=\"#FAQ\">Questions fr\u00e9quemment pos\u00e9es<\/a><\/li>                                                                      \r\n              <\/ul>\r\n          <\/div>\r\n\r\n      <\/div>  \r\n    <\/div>\r\n  <\/div>\r\n<div class=\"bg-bottom\"><\/div>\r\n<\/section>\r\n\r\n<section>\r\n  <div class=\"container-fluid py-6\">\r\n    <div class=\"row\">\r\n      <div class=\"col-12 col-lg-8\">\r\n\r\n\t\t\t\t<h2 id=\"what-is-radon-gas\">Qu\u2019est-ce que le gaz radon?<\/h2>\r\n\r\n\t\t\t\t\t<p>Le radon est un gaz radioactif, invisible, inodore et insipide qui provient de la d\u00e9gradation de <a href=\"https:\/\/www.inspq.qc.ca\/eau-potable\/uranium#:~:text=Au%20Qu%C3%A9bec%2C%20les%20concentrations%20d,inf%C3%A9rieures%20%C3%A0%205%20%CE%BCg%2Fl.\" rel=\"noopener noreferrer\" target=\"_blank\">l\u2019uranium<\/a> dans la roche et dans la terre. On le trouve partout dans la surface de la Terre, quoique les niveaux de radon varient de r\u00e9gion en r\u00e9gion. Le radon peut \u00e9galement se trouver dans l\u2019eau souterraine.<\/p>\r\n\r\n\t\t\t\t<h2 id=\"health-impacts\">Effets de radon sur la sant\u00e9<\/h2>\r\n\r\n\t\t\t\t\t<p>Le radon peut causer des probl\u00e8mes de sant\u00e9.<\/p>\r\n\r\n\t\t\t\t\t<p>Le radon est la <a href=\"https:\/\/cancer.ca\/fr\/cancer-information\/cancer-types\/lung\/risks\" title=\"Facteurs de risque du cancer du poumon\" rel=\"noopener noreferrer\">premi\u00e8re cause<\/a> du cancer du poumon parmi les non-fumeurs. Les agences de sant\u00e9 mondiales ont reconnu que le radon est un agent canc\u00e9rog\u00e8ne. Au Qu\u00e9bec, de 10\u00a0% \u00e0 16\u00a0% des d\u00e9c\u00e8s par cancer du poumon sont li\u00e9s au radon, ce qui se traduit par plus de 1\u00a0000\u00a0morts par an dans la province. Les fumeurs sont \u00e0 plus grand risque de contracter le cancer du poumon du radon. Le gaz ne cause pas de troubles respiratoires ni des maladies comme la bronchite chronique, l\u2019emphys\u00e8me, l\u2019asthme, les allergies ou les malformations cong\u00e9nitales.<\/p>\r\n\r\n\t\t\t\t\t<p>Le radon peut s\u2019infiltrer dans l\u2019air int\u00e9rieur d\u2019une maison par les planchers en terre battue, les drains, les vides sanitaires, les joints, les robinets et les fissures dans les <a href=\"\/fr\/centres-ressources\/ameliorations-domiciliaires\/types-fondation-maison\" title=\"Types de fondation de maison\">murs de la fondation<\/a> ou la dalle en b\u00e9ton, ainsi que par les ouvertures autour des conduits d\u2019\u00e9vacuation et les entr\u00e9es de service. Le gaz radon se d\u00e9compose pour former des \u00e9l\u00e9ments radioactifs pouvant \u00eatre inhal\u00e9s dans les poumons o\u00f9 le radon continue de se d\u00e9composer, cr\u00e9ant ainsi des particules radioactives qui lib\u00e8rent de petits \u00e9clats d&rsquo;\u00e9nergie. Cette \u00e9nergie est absorb\u00e9e par le tissu des poumons, endommageant par le fait m\u00eame les cellules pulmonaires. Lorsque les cellules sont endommag\u00e9es, elles sont susceptibles d&rsquo;entra\u00eener un cancer lorsqu&rsquo;elles se reproduisent.<\/p>\r\n\r\n\t\t\t\t\t<p>Le gaz radon est inoffensif \u00e0 l\u2019ext\u00e9rieur, car le gaz se dilue rapidement dans l\u2019air frais.<\/p>\r\n\r\n\t\t\t\t<h2 id=\"detecting-radon\">Comment d\u00e9tecter le radon<\/h2>\r\n\r\n\t\t\t\t\t<p>Les propri\u00e9taires occupants peuvent acheter un d\u00e9tecteur des niveaux de gaz radon d\u2019une quincaillerie locale ou embaucher un professionnel pour effectuer des tests.<\/p>\r\n\r\n\t\t\t\t\t<p>Le radon est mesur\u00e9 en <a href=\"https:\/\/www.futura-sciences.com\/sciences\/definitions\/physique-becquerel-4497\/\" title=\"Becquerels\" rel=\"noopener noreferrer\" target=\"_blank\">becquerels<\/a> par m\u00e8tre cube (Bq\/m\u00b3). Le becquerel, nomm\u00e9 pour le physicien fran\u00e7ais Antoine Henri Becquerel, mesure la radioactivit\u00e9. Le d\u00e9tecteur vous donnera deux lectures\u00a0: une lecture \u00e0 court terme (d\u2019habitude une moyenne de sept jours) et une lecture \u00e0 long terme (une moyenne de toutes les lectures enregistr\u00e9es). Les niveaux de radon peuvent changer du jour au lendemain et de mois en mois dans le m\u00eame espace.<\/p>\r\n\r\n\t\t\t\t\t<p>Mettez le d\u00e9tecteur dans le sous-sol ou dans un espace de l\u2019\u00e9tage inf\u00e9rieur o\u00f9 les gens passent normalement plus de quatre heures par jour. L\u2019appareil devrait \u00eatre \u00e0 une hauteur de six pieds maximum. Ne le mettez pas dans des endroits humides (plus de 85\u00a0%) ou \u00e0 moins de trois pieds des sources de ventilation, comme les conduits, les ventilateurs, les fen\u00eatres ou les portes. Un afflux d\u2019air frais peut fausser les r\u00e9sultats.<\/p>\r\n\r\n\t\t\t\t\t<p><a href=\"https:\/\/www.canada.ca\/fr\/sante-canada\/services\/publications\/securite-et-risque-pour-sante\/guide-mesures-radon-maisons.html\" title=\"Mesures du radon dans les maisons\" rel=\"noopener noreferrer\" target=\"_blank\">Sant\u00e9 Canada<\/a> recommande que les niveaux de radon dans les espaces habitables ne d\u00e9passent pas les 200\u00a0Bq\/m\u00b3.<\/p>\r\n\r\n\t\t\t\t\t<p>Si la lecture est plus \u00e9lev\u00e9e, Sant\u00e9 Canada recommande des mesures correctives\u00a0:<\/p>\r\n\r\n\t\t\t\t\t<ul>\r\n\t\t\t\t\t\t<li>Pour une lecture entre 200\u00a0Bq\/m\u00b3 et 600\u00a0Bq\/m\u00b3, il faut prendre des mesures correctives dans un d\u00e9lai de deux ans.<\/li>\r\n\t\t\t\t\t\t<li>Pour une lecture de plus de 600\u00a0Bq\/m\u00b3, il faut prendre des mesures dans un d\u00e9lai d\u2019un an.<\/li>\r\n\t\t\t\t\t<\/ul>\r\n\r\n\t\t\t\t\t<p>Nous examinerons les mesures correctives ci-dessous.<\/p>\r\n\r\n\t\t\t\t<h2 id=\"real-estate-implications\">Consid\u00e9rations pour les acheteurs et les vendeurs d\u2019habitations<\/h2>\r\n\r\n\t\t\t\t\t<h3>Vendeurs<\/h3>\r\n\r\n\t\t\t\t\t<p>\u00c0 titre de vendeur et de propri\u00e9taire occupant, vous devriez mesurer les niveaux de radon, m\u00eame si vous n\u2019\u00eates pas l\u00e9galement oblig\u00e9 de le faire. Il est possible qu\u2019un acheteur vous demande les niveaux de radon dans la maison.<\/p>\r\n\r\n\t\t\t\t\t<p>Sachez que les niveaux de plus de 200\u00a0Bq\/m\u00b3 constituent un <a href=\"\/fr\/centres-ressources\/achat-vente-demenagement-habitation\/vice-cache\" title=\"Vices cach\u00e9s\">vice cach\u00e9<\/a> que vous et votre courtier immobilier sont oblig\u00e9s de divulguer \u00e0 des \u00e9ventuels acheteurs. Qui plus est, si vous ne pouvez pas fournir les r\u00e9sultats d\u2019un test des niveaux de radon, l\u2019acheteur pourrait r\u00e9duire le prix offert ou retenir des fonds jusqu\u2019\u00e0 ce que la maison soit test\u00e9e.<\/p>\r\n\r\n\t\t\t\t\t<h3>Acheteurs<\/h3>\r\n\r\n\t\t\t\t\t<p>\u00c0 titre d\u2019acheteur, vous devriez demander au vendeur de fournir des lectures des niveaux de gaz radon \u00e0 long terme et une copie des r\u00e9sultats. \u00c9galement, demandez o\u00f9 dans la maison le vendeur a test\u00e9, surtout si la maison a un sous-sol. Si le vendeur n\u2019a pas fait tester la maison, assurez-vous que les tests sont effectu\u00e9s avant de conclure le march\u00e9.<\/p>\r\n\r\n\t\t\t\t\t<p>Vous avez int\u00e9r\u00eat \u00e0 faire des tests \u00e0 long terme une fois que vous y emm\u00e9nagez.<\/p>\r\n\r\n      <\/div>\r\n    <\/div>\r\n  <\/div>\r\n<\/section>\r\n\r\n\t<section class=\"bg-transparent\">\n\t\t<img decoding=\"async\" src=\"\/sales\/images\/bgs\/bg-mid-page-cta-general-top.svg\" style=\"width: 100%; vertical-align: bottom; position: relative; top: 1px\"\/>\n\t\t\n\t\t<div class=\"bg-darkTeal py-3\">\t\t\t\n\t\t\t<div class=\"container-fluid\">\n\t\t\t\t<div class=\"row d-flex align-items-center pb-5\">\n\t\t\t\t\t<div class=\"col-12 col-md-8 offset-md-2 px-lg-5 pb-5 pb-lg-0\">\n\t\t\t\t\t\t<div class=\"h6 mb-4 text-primary text-uppercase text-center\">\n\t\t\t\t\t\t\tCela ne prend que 5\u00a0minutes \n\t\t\t\t\t\t<\/div>\t\t\n\t\t\t\t\t\t\t\t\t\t\t\n\t\t\t\t\t\t<p class=\"lead px-lg-5 text-white\">\n\t\t\t\t\t\t\t<strong class=\"d-inline-block text-uc-first\">Pr\u00eat \u00e0 obtenir une soumission en ligne? <\/strong> Votre temps est aussi pr\u00e9cieux que vos possessions. Obtenez une soumission d'assurance habitation en <strong>5 minutes<\/strong>. C\u2019est moins de temps qu\u2019il n\u2019en faut pour faire la file pour un caf\u00e9.\n\t\t\t\t\t\t<\/p>\t\t\t\n\t\n\t\t\t\t\t\t<div id=\"sq1-qw-56de84af4e40\" class=\"sq1-quote-widget mb-4 text-white\" data-quote-widget-type=\"HOME\" data-has-custom-text=\"true\">\n\t\t\t\t\t\t\t<div class=\"input-group input-group-focus-within bg-white my-4\">\n\t\t\t\t\t\t\t\t<div>\n\t\t\t\t\t\t\t\t\t<div class=\"input-group-text\">\n\t\t\t\t\t\t\t\t\t\t<i class=\"fa fa-map-marker d-block text-black\"><\/i>\n\t\t\t\t\t\t\t\t\t<\/div>\n\t\t\t\t\t\t\t\t<\/div>\n\t\t\t\t\t\t\t\t<input type=\"text\" class=\"form-control\" style=\"padding: 10px;\" placeholder=\"Enter an address\" aria-label=\"Inscrivez votre adresse pour obtenir une soumission\"\/>\n\t\t\t\t\t\t\t\t<div>\n\t\t\t\t\t\t\t\t\t<button class=\"btn btn-primary\">Obtenir une soumission en ligne d\u00e8s maintenant<\/button>\n\t\t\t\t\t\t\t\t<\/div>\n\t\t\t\t\t\t\t<\/div>\n\t\t\t\t\t\t<\/div>\n\t\t\t\t\t\t\n\t\t\t\t\t\t<p class=\"small text-white\">Avant de commencer, veuillez lire notre <a href=\"https:\/\/www.squareone.ca\/fr\/politique-confidentialite\" target=\"_blank\" rel=\"noreferrer noopener\">Politique de confidentialit\u00e9<\/a> et nos <a href=\"https:\/\/www.squareone.ca\/fr\/conditions-utilisation\" target=\"_blank\" rel=\"noreferrer noopener\">Conditions d\u2019utilisation<\/a>.<\/p>\t\n\t\n\t\t\t\t\t\t<script type=\"text\/javascript\">\n\t\t\t\t\t\t(function() {\n\t\t\t\t\t\t\tdocument.addEventListener('soiMiscJsLoaded', function() {\n\t\t\t\t\t\t        $(document).ready(function() {\n\t\t\t\t\t\t\t\t\tsoiQuoteWidget.processFormWidget('\/sales\/index.php\/json_quote_widget?rand=' +Math.random(), 'qwContainer'); \/\/populate quoting widget with content from symfony.\n\t\t\t\t\t\t\t\t});\n\t\t\t\t\t\t\t});\n\t\t\t\t\t\t})();\n\t\t\t\t\t\t<\/script>\n\t\t\t\t\t<\/div>\n\t\t\t\t<\/div>\n\t\t\t<\/div>\n\t\t<\/div>\n\t\t\n\t\t<img decoding=\"async\" src=\"\/sales\/images\/bgs\/bg-mid-page-cta-general-bottom.svg\" style=\"width: 100%; vertical-align: top\"\/>\t\t\n\t<\/section>\r\n\r\n<section>\r\n  <div class=\"container-fluid py-6\">\r\n    <div class=\"row\">\r\n      <div class=\"col-12 col-lg-8\"> \t\t\t\t\t\r\n\r\n\t\t\t\t<h2 id=\"corrective-measures\">Mesures correctives<\/h2>\r\n\r\n\t\t\t\t\t<p>Vous pouvez r\u00e9duire les niveaux de radon dans votre domicile en prenant des mesures de base\u00a0:<\/p>\r\n\r\n\t\t\t\t\t<ul>\r\n\t\t\t\t\t\t<li>Colmater les fissures de la fondation.<\/li>\r\n\t\t\t\t\t\t<li>Scellez les ouvertures en contact avec le sol.<\/li>\r\n\t\t\t\t\t\t<li>Vous assurer que les puisards sont couverts et ventil\u00e9s vers l\u2019ext\u00e9rieur.<\/li>\r\n\t\t\t\t\t\t<li>Am\u00e9liorer la ventilation de votre maison, particuli\u00e8rement au sous-sol.<\/li>\r\n\t\t\t\t\t<\/ul>\r\n\r\n\t\t\t\t\t<p>Au bout du compte, vous voulez emp\u00eacher l\u2019infiltration du gaz radon dans votre maison. Il y a beaucoup d\u2019endroits de la maison o\u00f9 le gaz radon peut p\u00e9n\u00e9trer\u00a0:<\/p>\r\n\r\n\t\t\t\t\t<img decoding=\"async\" src=\"https:\/\/cdn.squareone.ca\/wp-content\/uploads\/2024\/02\/02110459\/figure1-fra.jpg\" title=\"Points d'infiltration du gaz radon\" alt=\"Graphisme de la fondation du sous-sol d'une maison d\u00e9montrant les points d'infiltration du gaz radon : terre expos\u00e9e dans le vide sanitaire, fissures dans la fondation et autour des points d'entr\u00e9e des services publics, montants de soutien creux, fissures dans le sol, les drains du sol et les joints du sol\/des murs.\" width=\"800\" class=\"img-fluid\" loading=\"lazy\" \/>\r\n\t\t\t\t\t\r\n\t\t\t\t\t<div class=\"mb-3\">\t\r\n\t\t\t\t\t<small><a href=\"https:\/\/www.canada.ca\/fr\/sante-canada\/services\/sante-environnement-milieu-travail\/rapports-publications\/radiation\/radon-guide-reduction-canadiens-sante-canada.html\" title=\"Health Canada\" rel=\"noopener noreferrer\" target=\"_blank\">Source<\/a><\/small>\r\n\t\t\t\t\t<\/div>\r\n\r\n\t\t\t\t\t<p>Il est \u00e9galement vigoureusement recommand\u00e9 d\u2019embaucher un entrepreneur agr\u00e9\u00e9 pour examiner votre habitation. Un professionnel installera un syst\u00e8me qui permet l\u2019\u00e9vacuation du radon pr\u00e9sent sous les fondations avant que celui-ci p\u00e9n\u00e8tre dans les espaces habitables du b\u00e2timent. Vous pouvez trouver une liste d\u2019entrepreneurs agr\u00e9\u00e9s sur le site Web du <a href=\"https:\/\/c-nrpp.ca\/fr\/trouvez-un-professionnel\/\" rel=\"noopener noreferrer\" target=\"_blank\">Programme national de comp\u00e9tence sur le radon au Canada (PNCR-CP)<\/a>.<\/p>\r\n\r\n\t\t\t\t<h2 id=\"FAQ\">Questions fr\u00e9quemment pos\u00e9es<\/h2>\r\n\r\n\t\t\t\t\t<h3>Quelles r\u00e9gions du Canada affichent des niveaux \u00e9lev\u00e9s de radon?<\/h3>\r\n\r\n\t\t\t\t\t<p>Le radon existe partout <a href=\"https:\/\/www150.statcan.gc.ca\/n1\/pub\/16-508-x\/16-508-x2016002-fra.htm\" title=\"Connaissance du radon au Canada\" rel=\"noopener noreferrer\" target=\"_blank\">au Canada<\/a>. Cela dit, le radon est plus r\u00e9pandu au Manitoba, en Saskatchewan et au Nouveau-Brunswick. Il est \u00e9galement r\u00e9pandu dans des r\u00e9gions de l\u2019int\u00e9rieur et du nord de la Colombie-Britannique, ainsi que dans certaines localit\u00e9s du Qu\u00e9bec.<\/p>\r\n\r\n\t\t\t\t\t<h3>Quel type d\u2019habitation affiche les niveaux les plus \u00e9lev\u00e9s de radon?<\/h3>\r\n\r\n\t\t\t\t\t<p>Tout type de b\u00e2timent est <a href=\"https:\/\/evictradon.org\/fr\/accueil\/\" title=\"Le radon dans votre r\u00e9gion\" rel=\"noopener noreferrer\" target=\"_blank\">susceptible<\/a> \u00e0 l\u2019infiltration du gaz radon. Si le logement se trouve au niveau du sol, le radon peut s\u2019infiltrer. G\u00e9n\u00e9ralement, les habitations qui se trouvent au niveau du sol affichent des niveaux de gaz radon plus \u00e9lev\u00e9s. Cependant, le radon peut infiltrer tout type d\u2019habitation, grande ou petite, vieille ou neuve.<\/p>\r\n\r\n\t\t\t\t\t<p>Pour cette raison, il est important de tester votre maison.<\/p>\r\n\r\n\t\t\t\t\t<h3>O\u00f9 dans la maison sont les niveaux de radon les plus \u00e9lev\u00e9s?<\/h3>\r\n\r\n\t\t\t\t\t<p>\u00c9tant donn\u00e9 que le radon se trouve dans la terre, les endroits du b\u00e2timent \u00e0 proximit\u00e9 du sol affichent la plus grande concentration du gaz radon. D\u2019habitude, les sous-sols, les caves, les vides sanitaires ou les autres espaces de l\u2019\u00e9tage inf\u00e9rieur d\u2019une maison affichent les niveaux de radon les plus \u00e9lev\u00e9s.<\/p>\r\n\r\n\t\t\t\t\t<p>Toutefois, il est important de noter que m\u00eame les maisons sans sous-sol sont susceptibles au radon et le gaz peut s\u2019infiltrer dans toutes les pi\u00e8ces du logement.<\/p>\r\n\r\n\t\t\t\t\t<h3>L\u2019assurance habitation couvre-t-elle les mesures visant \u00e0 r\u00e9duire les niveaux du gaz radon?<\/h3>\r\n\r\n\t\t\t\t\t<p>S\u2019il y a du gaz radon dans votre domicile, l\u2019assurance habitation ne couvrira pas les travaux ou les mesures att\u00e9nuantes. Bien qu\u2019elles soientt importantes, les mesures que vous prenez pour r\u00e9duire la pr\u00e9sence du gaz radon dans votre habitation sont jug\u00e9es d\u2019\u00eatre des mesures d\u2019entretien. Or, l\u2019assurance habitation est cens\u00e9e couvrir les dommages des \u00e9v\u00e9nements subits et involontaires. Si vous d\u00e9tectez la pr\u00e9sence du gaz radon dans votre maison, il ne s\u2019agit pas d\u2019une occurrence subite.<\/p>\r\n\r\n          <p><strong>Vous voulez en savoir plus?<\/strong> Consultez notre <a href=\"\/fr\/centres-ressources\/securite-domiciliaire-personnelle\" title=\"Centre de ressources : s\u00e9curit\u00e9 domiciliaire et personnelle\">Centre de ressources&nbsp;: s\u00e9curit\u00e9 domiciliaire et personnelle<\/a> pour d\u00e9couvriri comment prot\u00e9ger votre famille et votre domicile. Ensuite, <a href=\"\/fr\/soumission-assurance-habitation-en-ligne\" title=\"Obtenir une soumission d\u2019assurance habitation en ligne\">obtenez une soumission d'assurance habitation en ligne<\/a> en moins de 5\u00a0minutes et d\u00e9couvrez \u00e0 quel point l\u2019assurance habitation personnalis\u00e9e peut \u00eatre abordable.<\/p>\r\n\r\n      <\/div>\r\n    <\/div>\r\n  <\/div>\r\n<\/section>\r\n<script type=\"application\/ld+json\">\r\n{\r\n  \"@context\": \"https:\/\/schema.org\",\r\n  \"@type\": \"WebPage\",\r\n  \"mainEntityOfPage\": {\r\n    \"@type\": \"Article\",\r\n    \"@id\": \"https:\/\/www.squareone.ca\/fr\/centres-ressources\/securite-domiciliaire-personnelle\/gaz-radon\"\r\n  },\r\n  \"author\": [\r\n    {\r\n      \"@type\": \"Person\",\r\n      \"name\": \"Anthony Michael\",\r\n      \"url\": \"https:\/\/www.squareone.ca\/fr\/a-propos-de-nous\/membres-equipe#anthony-michael\"\r\n    }\r\n  ],\r\n  \"headline\": \"Le gaz radon : ce que les propri\u00e9taires occupants, les acheteurs et les vendeurs d\u2019habitation doivent savoir\",\r\n  \"datePublished\": \"\",\r\n  \"dateModified\": \"\",\r\n  \"inLanguage\": \"fr-CA\",\r\n  \"isAccessibleForFree\": true\r\n}\r\n<\/script>","protected":false},"excerpt":{"rendered":"<p>Le gaz radon\u00a0: ce que les propri\u00e9taires occupants, les acheteurs et les vendeurs d\u2019habitation doivent savoir Lorsque vous recherchez une maison, des aspects comme le prix, l\u2019emplacement et l\u2019\u00e2ge de l\u2019habitation viennent souvent \u00e0 l\u2019esprit. La pr\u00e9sence du gaz radon, en revanche, figure rarement sur les listes de v\u00e9rification d\u2019\u00e9ventuels acheteurs. Malgr\u00e9 cela, le gaz [&hellip;]<\/p>\n","protected":false},"author":20,"featured_media":68625,"parent":51337,"menu_order":0,"comment_status":"closed","ping_status":"closed","template":"page-article-new.php","meta":{"_acf_changed":false,"footnotes":""},"class_list":["post-68715","page","type-page","status-publish","has-post-thumbnail","hentry"],"acf":[],"_links":{"self":[{"href":"https:\/\/www.squareone.ca\/fr\/wp-json\/wp\/v2\/pages\/68715","targetHints":{"allow":["GET"]}}],"collection":[{"href":"https:\/\/www.squareone.ca\/fr\/wp-json\/wp\/v2\/pages"}],"about":[{"href":"https:\/\/www.squareone.ca\/fr\/wp-json\/wp\/v2\/types\/page"}],"author":[{"embeddable":true,"href":"https:\/\/www.squareone.ca\/fr\/wp-json\/wp\/v2\/users\/20"}],"replies":[{"embeddable":true,"href":"https:\/\/www.squareone.ca\/fr\/wp-json\/wp\/v2\/comments?post=68715"}],"version-history":[{"count":12,"href":"https:\/\/www.squareone.ca\/fr\/wp-json\/wp\/v2\/pages\/68715\/revisions"}],"predecessor-version":[{"id":77006,"href":"https:\/\/www.squareone.ca\/fr\/wp-json\/wp\/v2\/pages\/68715\/revisions\/77006"}],"up":[{"embeddable":true,"href":"https:\/\/www.squareone.ca\/fr\/wp-json\/wp\/v2\/pages\/51337"}],"wp:featuredmedia":[{"embeddable":true,"href":"https:\/\/www.squareone.ca\/fr\/wp-json\/wp\/v2\/media\/68625"}],"wp:attachment":[{"href":"https:\/\/www.squareone.ca\/fr\/wp-json\/wp\/v2\/media?parent=68715"}],"curies":[{"name":"wp","href":"https:\/\/api.w.org\/{rel}","templated":true}]}}