{"id":69398,"date":"2024-03-22T10:00:16","date_gmt":"2024-03-22T17:00:16","guid":{"rendered":"https:\/\/www.squareone.ca\/centres-ressources\/assurance-auto"},"modified":"2024-08-07T19:18:16","modified_gmt":"2024-08-08T02:18:16","slug":"assurance-auto","status":"publish","type":"page","link":"https:\/\/www.squareone.ca\/fr\/centres-ressources\/assurance-auto","title":{"rendered":"Centre de ressources : assurance auto"},"content":{"rendered":"<section id=\"intro\" class=\"bg-shape-split bg-sub-page-hero\">\r\n\t<div class=\"bg-position\">\r\n\t\t<div class=\"container-fluid\">\r\n\t\t\t<div class=\"row\">\r\n\t\t\t\t<h1>Centre de ressources&nbsp;: assurance auto<\/h1>\r\n\r\n\t\t\t\t<p class=\"display-4\">Vous avez probablement une police d\u2019assurance auto, mais la comprenez-vous vraiment? Apr\u00e8s tout, chaque police d\u2019assurance auto comprend de nombreuses garanties et certaines d\u2019entre elles ne sont pas faciles \u00e0 d\u00e9chiffrer.<\/p>\r\n\t\t\t\t\r\n\t\t\t\t<p class=\"display-4\">Ce centre de ressources explique les tenants et aboutissants de l\u2019assurance auto, ainsi que les diff\u00e9rents types de couvertures offertes aux conducteurs canadiens. Nous vous invitons \u00e0 consulter les articles ci-dessous. Si vous avez des questions sp\u00e9cifiques \u00e0 nous poser, veuillez nous envoyer un <a href=\"mailto:info@squareone.ca\" title=\"Envoyez-nous un courriel\">courriel<\/a> et nous t\u00e2cherons de vous r\u00e9pondre.<\/p>\r\n\t\t\t\t\r\n\t\t\t\t<p class=\"display-4\">Pour consulter des dizaines d\u2019articles \u00e0 l\u2019intention des propri\u00e9taires occupants, copropri\u00e9taires, propri\u00e9taires bailleurs et locataires, jetez un \u0153il \u00e0 nos <a href=\"\/fr\/centres-ressources\" title=\"Articles pratiques sur l\u2019assurance et bien plus\">centres de ressources<\/a>.<\/p>\r\n\r\n\t\t\t\t<div id=\"wpcr_respond_1\"><\/div>\r\n\r\n\t\t\t<\/div>\r\n\t\t<\/div>\r\n\t<\/div>\r\n\t<div class=\"bg-bottom\"><\/div>\r\n<\/section>","protected":false},"excerpt":{"rendered":"<p>Centre de ressources&nbsp;: assurance auto Vous avez probablement une police d\u2019assurance auto, mais la comprenez-vous vraiment? Apr\u00e8s tout, chaque police d\u2019assurance auto comprend de nombreuses garanties et certaines d\u2019entre elles ne sont pas faciles \u00e0 d\u00e9chiffrer. Ce centre de ressources explique les tenants et aboutissants de l\u2019assurance auto, ainsi que les diff\u00e9rents types de couvertures [&hellip;]<\/p>\n","protected":false},"author":20,"featured_media":0,"parent":48238,"menu_order":0,"comment_status":"closed","ping_status":"closed","template":"page-article-landing.php","meta":{"_acf_changed":false,"footnotes":""},"class_list":["post-69398","page","type-page","status-publish","hentry"],"acf":[],"_links":{"self":[{"href":"https:\/\/www.squareone.ca\/fr\/wp-json\/wp\/v2\/pages\/69398","targetHints":{"allow":["GET"]}}],"collection":[{"href":"https:\/\/www.squareone.ca\/fr\/wp-json\/wp\/v2\/pages"}],"about":[{"href":"https:\/\/www.squareone.ca\/fr\/wp-json\/wp\/v2\/types\/page"}],"author":[{"embeddable":true,"href":"https:\/\/www.squareone.ca\/fr\/wp-json\/wp\/v2\/users\/20"}],"replies":[{"embeddable":true,"href":"https:\/\/www.squareone.ca\/fr\/wp-json\/wp\/v2\/comments?post=69398"}],"version-history":[{"count":3,"href":"https:\/\/www.squareone.ca\/fr\/wp-json\/wp\/v2\/pages\/69398\/revisions"}],"predecessor-version":[{"id":69525,"href":"https:\/\/www.squareone.ca\/fr\/wp-json\/wp\/v2\/pages\/69398\/revisions\/69525"}],"up":[{"embeddable":true,"href":"https:\/\/www.squareone.ca\/fr\/wp-json\/wp\/v2\/pages\/48238"}],"wp:attachment":[{"href":"https:\/\/www.squareone.ca\/fr\/wp-json\/wp\/v2\/media?parent=69398"}],"curies":[{"name":"wp","href":"https:\/\/api.w.org\/{rel}","templated":true}]}}