{"id":69688,"date":"2024-04-22T15:38:50","date_gmt":"2024-04-22T22:38:50","guid":{"rendered":"https:\/\/www.squareone.ca\/reclamations-dommages-eau-bidet"},"modified":"2024-04-23T08:55:15","modified_gmt":"2024-04-23T15:55:15","slug":"reclamations-dommages-eau-bidet","status":"publish","type":"page","link":"https:\/\/www.squareone.ca\/fr\/reclamations-dommages-eau-bidet","title":{"rendered":"D\u2019apr\u00e8s une analyse de Square One, les bidets sont \u00e0 l\u2019origine des d\u00e9g\u00e2ts d\u2019eau de plus de 20 000 $ par r\u00e9clamation"},"content":{"rendered":"<section class=\"bg-shape-split bg-sub-page-hero\">\r\n    <div class=\"bg-position\">\r\n        <div class=\"container-fluid\">\r\n            <div class='row'>\r\n                <div class='col-12 col-lg-9'>\r\n\r\n<h1>D\u2019apr\u00e8s une analyse de Square One, les bidets sont \u00e0 l\u2019origine des d\u00e9g\u00e2ts d\u2019eau de plus de 20&nbsp;000&nbsp;$ par r\u00e9clamation<\/h1>\r\n\r\n                                        <p class='display-4'>16&nbsp;avril&nbsp;2024<\/p>\r\n\r\n                                        <p class='display-4'>VANCOUVER (Colombie-Britannique)&nbsp;: un bidet mal install\u00e9 peut causer des dommages de plus de 20&nbsp;000&nbsp;$ selon une analyse r\u00e9cente de Square One. <\/p>\r\n\r\n                                    <\/div>\r\n                <\/div>\r\n            <\/div>\r\n        <\/div>\r\n    <\/div>\r\n    <div class=\"bg-bottom\"><\/div>\r\n<\/section>\r\n\r\n<section id=\"required\" class=\"xwide-mobile py-6\">\r\n    <div class=\"container-fluid\">\r\n\r\n            <p>Selon une analyse de Square One, au cours des trois derni\u00e8res ann\u00e9es, les sinistres d\u2019eau caus\u00e9s par les bidets valaient 20&nbsp;873&nbsp;$ par r\u00e9clamation en moyenne. Il ne s\u2019agit pas de quelques incidents isol\u00e9s. L\u2019achat des bidets continue \u00e0 monter en fl\u00e8che au Canada depuis la fameuse p\u00e9nurie de papier hygi\u00e9nique en 2020. La plupart des bidets sont sous forme d\u2019accessoires de bidet, qui sont des appareils mont\u00e9s sur une cuvette de toilette par les propri\u00e9taires occupants pour la plupart. Bien que la publicit\u00e9 des accessoires de bidet privil\u00e9gie l\u2019installation facile, il est clair que bon nombre de propri\u00e9taires occupants ne le font pas correctement, ce qui donne lieu \u00e0 des milliers de dollars en d\u00e9g\u00e2ts d\u2019eau.<\/p>\r\n\r\n            <p>\u00ab&nbsp;En raison de la popularit\u00e9 accrue du bidet au cours des derni\u00e8res ann\u00e9es, nous avons commenc\u00e9 \u00e0 pr\u00eater plus d\u2019attention aux dommages caus\u00e9s par ces meubles d\u2019eau&nbsp;\u00bb constate Wendy McCracken, gestionnaire des r\u00e9clamations chez Square One. \u00ab&nbsp;La fr\u00e9quence et la gravit\u00e9 de ce genre de sinistre sont plus \u00e9lev\u00e9es que l\u2019on ne le pense, \u00e9tant donn\u00e9 la simplicit\u00e9 apparente d\u2019installer un accessoire de bidet. Il est important que le public soit sensibilis\u00e9 \u00e0 la possibilit\u00e9 des dommages d\u2019eau caus\u00e9s par le bidet.\r\n\r\n            G\u00e9n\u00e9ralement, l\u2019assurance habitation couvre les d\u00e9g\u00e2ts d\u2019eau caus\u00e9s par un bidet, surtout si un tuyau \u00e9clat\u00e9 est \u00e0 l\u2019origine des dommages. En revanche, il est possible que les dommages provoqu\u00e9s par une fuite progressive ne soient pas admissibles&nbsp;\u00bb, rench\u00e9rit-elle.<\/p>\r\n\r\n            <p>En fin de compte, la meilleure solution c\u2019est d\u2019emp\u00eacher les d\u00e9g\u00e2ts d\u2019eau en premier lieu. Dans cette optique, les propri\u00e9taires de bidet doivent prendre quelques mesures afin d\u2019\u00e9viter les fuites. Les fabricants des accessoires de bidet soutiennent qu\u2019ils sont faciles \u00e0 installer, mais les \u00e9vidences d\u00e9montrent le contraire.<\/p>\r\n\r\n            <p>\u00ab&nbsp;\u00c9tant donn\u00e9 la hausse du nombre de r\u00e9clamations pour les d\u00e9g\u00e2ts d\u2019eau, la plupart des propri\u00e9taires occupants ont int\u00e9r\u00eat \u00e0 embaucher un professionnel&nbsp;\u00bb, pr\u00e9cise Josh Mitchell, technicien en plomberie chez The Plumbing Lab. \u00ab&nbsp;Si vous n\u2019avez pas d\u2019exp\u00e9rience en plomberie, vous devriez embaucher un entrepreneur pour installer l\u2019accessoire. Un plombier professionnel peut s\u2019assurer que l\u2019accessoire est install\u00e9 de mani\u00e8re s\u00e9curitaire, r\u00e9duisant ainsi le risque des fuites ou d\u00e9g\u00e2ts d\u2019eau&nbsp;\u00bb, d\u00e9clare-t-il.<\/p>\r\n\r\n            <p>\u00ab&nbsp;Pour les propri\u00e9taires occupants qui souhaitent installer un accessoire de bidet eux-m\u00eames, il est important de bien comprendre le syst\u00e8me de plomberie de la maison et de suivre \u00e9troitement les instructions du fabricant&nbsp;\u00bb, avance Mitchell.<\/p>\r\n\r\n            <p>Il propose les conseils suivants aux personnes qui connaissent la plomberie et souhaitent installer l\u2019accessoire de bidet elles-m\u00eames&nbsp;:<\/p>\r\n\r\n            <ol>\r\n                <li>V\u00e9rifier que tous les branchements sont bien serr\u00e9s afin d\u2019emp\u00eacher les fuites.<\/li>\r\n                <li>\u00catre conscient de la pression d\u2019eau. Une pression d\u2019eau \u00e9lev\u00e9e pourrait requ\u00e9rir des ajustements ou pi\u00e8ces suppl\u00e9mentaires pour que le bidet fonctionne correctement sans fuites.<\/li>\r\n                <li>V\u00e9rifier la compatibilit\u00e9 entre l\u2019accessoire de bidet et le mod\u00e8le de cuvette de toilette afin d\u2019\u00e9viter les fuites ou d\u00e9faillances. Ceci est important, car les cuvettes de toilette varient en forme; il faut que la taille du bidet corresponde \u00e0 la cuvette de toilette, sinon vous aurez des probl\u00e8mes.<\/li>\r\n                <li>R\u00e9aliser une inspection exhaustive de la cuvette de toilette et l\u2019aire l\u2019entourant avant l\u2019installation afin de rep\u00e9rer des probl\u00e8mes existants, comme les fuites ou les fissurations.<\/li>\r\n                <li>Utiliser un ruban de plombier de haute qualit\u00e9 (ruban Teflon) sur des raccords filet\u00e9s pour cr\u00e9er un joint \u00e9tanche qui emp\u00eache les fuites.<\/li>\r\n                <li>Installer une vanne d\u2019arr\u00eat sur le tuyau d\u2019alimentation d\u2019eau \u00e0 l\u2019accessoire de bidet pour faciliter l\u2019entretien et les r\u00e9parations \u00e0 l\u2019avenir.<\/li>\r\n                <li>Essayer l\u2019accessoire de bidet apr\u00e8s l\u2019installation afin d\u2019assurer la bonne fonctionnalit\u00e9 et v\u00e9rifier s\u2019il y a des fuites ou d\u00e9faillances.<\/li>\r\n                <li>Conserver \u00e0 port\u00e9e de main les coordonn\u00e9es et l\u2019information sur la garantie du fabricant au cas o\u00f9 vous \u00e9prouvez des probl\u00e8mes pendant ou apr\u00e8s l\u2019installation.<\/li>\r\n            <\/ol>\r\n\r\n            <p>Bien entendu, les dommages caus\u00e9s par les bidets ne sont pas toujours en raison de la mauvaise installation. Les tuyaux d\u00e9fectueux sont \u00e9galement un probl\u00e8me courant. Bon nombre d\u2019accessoires de bidet comprennent des tuyaux plastiques qui se d\u00e9t\u00e9riorent et \u00e9clatent. Id\u00e9alement, les tuyaux et les raccords en plastique devraient \u00eatre remplac\u00e9s par des tuyaux et raccords m\u00e9talliques. Il est \u00e9galement important de v\u00e9rifier r\u00e9guli\u00e8rement les tuyaux et les branchements pour des fuites.<\/p>\r\n\r\n            <p>Si un bidet (ou tout autre appareil d\u2019eau) se met \u00e0 fuir, m\u00eame l\u00e9g\u00e8rement, coupez l\u2019alimentation en eau imm\u00e9diatement. Il suffit de fermer la vanne derri\u00e8re la cuvette de toilette. <\/p>\r\n\r\n            <p>Si vous trouvez un tuyau \u00e9clat\u00e9 chez vous, il ne faut pas h\u00e9siter. Coupez la vanne d&rsquo;alimentation principale et videz l\u2019eau exc\u00e9dentaire dans la mesure du possible. Communiquez avec votre fournisseur d\u2019assurance habitation dans les plus brefs d\u00e9lais. Celui-ci fera venir une compagnie de restauration qui commencera le processus de s\u00e9chage&nbsp;: la restauration des dommages caus\u00e9s par l\u2019eau doit commencer dans les plus brefs d\u00e9lais, normalement dans les 24&nbsp;heures suivant l\u2019incident. \u00c0 mesure que l\u2019eau s\u2019infiltre dans le plancher et les murs, elle continuera \u00e0 causer des dommages (y compris la moisissure) qui deviendront de plus en plus co\u00fbteux \u00e0 r\u00e9parer.<\/p>\r\n\r\n            <p>Pour de plus amples renseignements au sujet du bidet, y compris l\u2019installation professionnelle et les conseils d\u2019entretien, consultez l\u2019article de Square One intitul\u00e9 <a href=\"\/fr\/centres-ressources\/connaitre-votre-habitation\/bidet\" title=\"Initiation au bidet\">Initiation au bidet<\/a>. Pour de plus amples renseignements sur les solutions d\u2019assurance contre les d\u00e9g\u00e2ts d\u2019eau, consultez <a href=\"\/fr\/centres-ressources\/bases-assurance\/degats-eau\" title=\"Peut-on souscrire une assurance contre les d\u00e9g\u00e2ts d\u2019eau?\">cette page<\/a>.<\/p>\r\n\r\n            <h3>Personne-ressource pour les m\u00e9dias<\/h3>\r\n\r\n            <p><strong>Aneel Mattu<\/strong><br \/>\r\n            Directeur, Marketing<br \/>\r\n            Assurances Square One<br\/>\r\n            <a class=\"strong tel sq1-phone-number\" href=\"tel:1-855-331-6933\" style=\"text-decoration:none\">1.855.331.6933<\/a> poste 127<br \/>\r\n            778.919.2096 (mobile)<br \/>\r\n            <a href=\"mailto:aneel.mattu@squareone.ca\">aneel.mattu@squareone.ca<\/a><\/p>\r\n\r\n            <p>\u00c9tabli en 2011, Square One est un fournisseur d\u2019assurance habitation et auto en ligne. Square One offre l\u2019assurance habitation au Qu\u00e9bec, en Colombie-Britannique, en Alberta, en Saskatchewan, au Manitoba et en Ontario. Elle offre l\u2019assurance auto en Ontario et compte offrir l\u2019assurance auto dans d\u2019autres provinces \u00e0 l\u2019avenir. Square One met l\u2019accent sur la prestation d\u2019assurance habitation et auto adaptable aux besoins individuels des clients. Pour de plus amples renseignements, veuillez consulter <a href='\/fr' title='Site Web de Square One'>squareone.ca\/fr<\/a>.<\/p>\r\n                \r\n    <\/div>\r\n<\/section>","protected":false},"excerpt":{"rendered":"<p>D\u2019apr\u00e8s une analyse de Square One, les bidets sont \u00e0 l\u2019origine des d\u00e9g\u00e2ts d\u2019eau de plus de 20&nbsp;000&nbsp;$ par r\u00e9clamation 16&nbsp;avril&nbsp;2024 VANCOUVER (Colombie-Britannique)&nbsp;: un bidet mal install\u00e9 peut causer des dommages de plus de 20&nbsp;000&nbsp;$ selon une analyse r\u00e9cente de Square One. Selon une analyse de Square One, au cours des trois derni\u00e8res ann\u00e9es, les [&hellip;]<\/p>\n","protected":false},"author":20,"featured_media":0,"parent":0,"menu_order":0,"comment_status":"closed","ping_status":"closed","template":"","meta":{"_acf_changed":false,"footnotes":""},"class_list":["post-69688","page","type-page","status-publish","hentry"],"acf":[],"_links":{"self":[{"href":"https:\/\/www.squareone.ca\/fr\/wp-json\/wp\/v2\/pages\/69688","targetHints":{"allow":["GET"]}}],"collection":[{"href":"https:\/\/www.squareone.ca\/fr\/wp-json\/wp\/v2\/pages"}],"about":[{"href":"https:\/\/www.squareone.ca\/fr\/wp-json\/wp\/v2\/types\/page"}],"author":[{"embeddable":true,"href":"https:\/\/www.squareone.ca\/fr\/wp-json\/wp\/v2\/users\/20"}],"replies":[{"embeddable":true,"href":"https:\/\/www.squareone.ca\/fr\/wp-json\/wp\/v2\/comments?post=69688"}],"version-history":[{"count":3,"href":"https:\/\/www.squareone.ca\/fr\/wp-json\/wp\/v2\/pages\/69688\/revisions"}],"predecessor-version":[{"id":69696,"href":"https:\/\/www.squareone.ca\/fr\/wp-json\/wp\/v2\/pages\/69688\/revisions\/69696"}],"wp:attachment":[{"href":"https:\/\/www.squareone.ca\/fr\/wp-json\/wp\/v2\/media?parent=69688"}],"curies":[{"name":"wp","href":"https:\/\/api.w.org\/{rel}","templated":true}]}}