{"id":69729,"date":"2024-04-23T15:15:45","date_gmt":"2024-04-23T22:15:45","guid":{"rendered":"https:\/\/www.squareone.ca\/hausse-de-reclamations-pour-les-tuyaux-geles"},"modified":"2024-04-23T15:15:45","modified_gmt":"2024-04-23T22:15:45","slug":"hausse-de-reclamations-pour-les-tuyaux-geles","status":"publish","type":"page","link":"https:\/\/www.squareone.ca\/fr\/hausse-de-reclamations-pour-les-tuyaux-geles","title":{"rendered":"Square One signale une hausse de 191 % en r\u00e9clamations d\u2019assurance habitation pour les tuyaux gel\u00e9s"},"content":{"rendered":"<section class=\"bg-shape-split bg-sub-page-hero\">\r\n    <div class=\"bg-position\">\r\n        <div class=\"container-fluid\">\r\n            <div class='row'>\r\n                <div class='col-12 col-lg-9'>\r\n\r\n\t\t\t\t\t\t\t\t\t\t<h1>Square One signale une hausse de 191 % en r\u00e9clamations d\u2019assurance habitation pour les tuyaux gel\u00e9s<\/h1>\r\n\r\n\t\t\t\t\t\t\t\t\t\t<p class='display-4'>18&nbsp;janvier&nbsp;2024<\/p>\r\n\r\n\t\t\t\t\t\t\t\t\t\t<p class='display-4'>VANCOUVER (Colombie-Britannique)&nbsp;: \u00c0 la lumi\u00e8re de la r\u00e9cente vague de froid au Canada, les propri\u00e9taires occupants doivent prendre des pr\u00e9cautions suppl\u00e9mentaires pour emp\u00eacher les tuyaux gel\u00e9s. Lorsque l\u2019eau dans un tuyau g\u00e8le, la pression peut faire \u00e9clater les tuyaux et les raccords.<\/p>\r\n\r\n\t\t\t\t\t\t\t\t\t<\/div>\r\n                <\/div>\r\n            <\/div>\r\n        <\/div>\r\n    <\/div>\r\n    <div class=\"bg-bottom\"><\/div>\r\n<\/section>\r\n\r\n<section id=\"required\" class=\"xwide-mobile py-6\">\r\n    <div class=\"container-fluid\">\r\n\r\n\t\t\t<p>La r\u00e9paration d\u2019un tuyau \u00e9clat\u00e9 co\u00fbte en moyenne 16&nbsp;000&nbsp;$. La r\u00e9cente vague de froid a caus\u00e9 une hausse majeure du nombre de r\u00e9clamations en assurance en d\u00e9but 2024 (+191&nbsp;% comparativement au d\u00e9but 2023).<\/p>\r\n\r\n\t\t\t<p>\u00ab&nbsp;Au cours des derni\u00e8res semaines, le nombre de r\u00e9clamations reli\u00e9es au froid a tripl\u00e9 comparativement \u00e0 la m\u00eame \u00e9poque de l\u2019ann\u00e9e derni\u00e8re&nbsp;\u00bb, d\u00e9clare Wendy McCracken, gestionnaire des r\u00e9clamations chez Square One. \u00ab&nbsp;Et la majorit\u00e9 des sinistres d\u00e9coulaient des tuyaux gel\u00e9s&nbsp;\u00bb, rench\u00e9rit-elle.<\/p>\r\n\r\n\t\t\t<p>Sous r\u00e9serve des deux conditions, l\u2019assurance habitation couvre g\u00e9n\u00e9ralement les dommages occasionn\u00e9s par les tuyaux gel\u00e9s. La premi\u00e8re condition c\u2019est que les dommages d\u2019eau d\u00e9coulent d\u2019une d\u00e9faillance subite et inattendue dans une partie chauff\u00e9e de l\u2019habitation. La deuxi\u00e8me condition s\u2019applique si le propri\u00e9taire occupant s\u2019absente de l\u2019habitation durant un certain nombre de jours pendant la saison de chauffage normale. Dans ce cas de figure, le propri\u00e9taire occupant doit s\u2019assurer que quelqu\u2019un v\u00e9rifie quotidiennement l\u2019habitation pour s\u2019assurer que le chauffage est conserv\u00e9. Sinon, il faut couper l\u2019alimentation d\u2019eau principale et vider enti\u00e8rement les tuyaux.<\/p>\r\n\r\n\t\t\t<p>\u00ab&nbsp;Il est important de noter qu\u2019il n\u2019y a pas de d\u00e9finition de saison de chauffage normale, car les temp\u00e9ratures varient grandement au Canada. Par ailleurs, chaque fournisseur d\u2019assurance \u00e9tablit le nombre de jours d\u2019absence avant que le propri\u00e9taire occupant doivent prendre des mesures pr\u00e9ventives. Par exemple, chez Square One, le propri\u00e9taire occupant doit \u00eatre absent pendant plus de 7&nbsp;jours&nbsp;\u00bb, pr\u00e9cise McCracken.<\/p>\r\n\r\n\t\t\t<p>Bien entendu, il vaut toujours mieux pr\u00e9venir que gu\u00e9rir. Un propri\u00e9taire peut prendre de nombreuses mesures pour r\u00e9duire le risque des tuyaux gel\u00e9s.<\/p>\r\n\r\n\t\t\t<p>\u00ab&nbsp;Isolez les lignes d\u2019eau expos\u00e9es et assurez-vous que les tuyaux de jardin sont d\u00e9branch\u00e9s&nbsp;\u00bb, constate Vince Singh de Clearly Plumbing de Port Coquitlam (Colombie-Britannique). \u00ab&nbsp;Ceci est tr\u00e8s important&nbsp;\u00bb, rench\u00e9rit-il.<\/p>\r\n\r\n\t\t\t<p>L\u2019isolation des tuyaux n\u2019est pas dispendieuse et offerte dans la plupart des magasins de quincaillerie. En plus de ces pr\u00e9cautions de base, il y a d\u2019autres solutions pour prot\u00e9ger son habitation contre le froid&nbsp;:<\/p>\r\n\r\n\t\t\t<ul>\r\n\t\t\t\t<li>Savoir o\u00f9 se trouve la vanne d\u2019arr\u00eat principale de l\u2019habitation et \u00eatre pr\u00eat \u00e0 la fermer en cas de tuyau \u00e9clat\u00e9 ou fuite.<\/li>\r\n\t\t\t\t<li>Apposer du ruban chauffant sur des tuyaux \u00e0 risque. Le ruban chauffant est un c\u00e2ble \u00e9lectronique install\u00e9 sur les tuyaux pour chauffer les tuyaux au besoin.<\/li>\r\n\t\t\t\t<li>Reboucher les fissures ou autres trous qui permettent la p\u00e9n\u00e9tration de l\u2019eau froide de l\u2019ext\u00e9rieur.<\/li>\r\n\t\t\t<\/ul>\r\n\r\n\t\t\t<p>Une fois que la temp\u00e9rature chute, et surtout \u00e0 la lumi\u00e8re des vagues de froid qui ont frapp\u00e9 le Canada en 2024, il faut prendre des mesures pr\u00e9ventives suppl\u00e9mentaires.<\/p>\r\n\r\n\t\t\t<p>\u00ab&nbsp;Lorsque la temp\u00e9rature baisse, montez le chauffage dans la maison&nbsp;\u00bb, conseille Singh. \u00ab&nbsp;Vous voulez que la chaleur irradie dans toute la maison. Une fois que le froid p\u00e9n\u00e8tre dans la maison, les tuyaux deviennent vuln\u00e9rables&nbsp;\u00bb explique-t-il.<\/p>\r\n\r\n\t\t\t<p>La temp\u00e9rature \u00e0 l\u2019int\u00e9rieur d\u2019une maison devrait \u00eatre au moins 16 \u00b0C, m\u00eame la nuit ou quand il n\u2019y a personne \u00e0 la maison. Pour vous assurer que la chaleur est distribu\u00e9e dans tout le domicile, fermez les portes du garage, et ouvrez les portes des armoires de cuisine et de la salle de bain pour permettre \u00e0 l\u2019air chaud d\u2019atteindre les tuyaux expos\u00e9s.<\/p>\r\n\r\n\t\t\t<p>Quelle est la meilleure fa\u00e7on de d\u00e9terminer si les tuyaux de la maison sont gel\u00e9s? D\u2019apr\u00e8s Singh, en observant le d\u00e9bit d\u2019eau des robinets. Si le d\u00e9bit ralentit ou s\u2019arr\u00eate, il est possible que les tuyaux commencent \u00e0 geler.<\/p>\r\n\r\n\t\t\t<p>\u00ab&nbsp;Une fa\u00e7on traditionnelle d\u2019emp\u00eacher le probl\u00e8me des tuyaux gel\u00e9s c\u2019est de faire couler de l\u2019eau froide dans la baignoire&nbsp;\u00bb, affirme Singh. \u00ab&nbsp;La baignoire est id\u00e9ale pour \u00e9viter les inondations ou d\u00e9bordements&nbsp;\u00bb \u00e9nonce-t-il.<\/p>\r\n\r\n\t\t\t<p>Qui plus est, si le propri\u00e9taire occupant est absent de la maison, il faut que quelqu\u2019un jette un oeil sur la propri\u00e9t\u00e9 r\u00e9guli\u00e8rement. Pendant les absences prolong\u00e9es, vous pouvez couper l\u2019alimentation d\u2019eau principale et vider les tuyaux.<\/p>\r\n\r\n\t\t\t<p>En outre, Singh recommande que les propri\u00e9taires occupants installent un syst\u00e8me de d\u00e9tection de fuites. Ce syst\u00e8me peut arr\u00eater ou att\u00e9nuer l\u2019inondation si un tuyau \u00e9clate.<\/p>\r\n\r\n\t\t\t<p>Consultez le site Web de Square One pour obtenir de plus amples renseignements sur les <a href=\"\/fr\/centres-ressources\/bases-assurance\/tuyaux-geles\" title=\"Les tuyaux gel\u00e9s et votre assurance habitation\">tuyaux gel\u00e9s et l\u2019assurance habitation<\/a> et la <a href=\"\/fr\/centres-ressources\/ameliorations-domiciliaires\/preparation-maison-hiver\" title=\"Pr\u00e9paration de votre maison pour l\u2019hiver\">pr\u00e9paration de votre maison pour l\u2019hiver<\/a>.<\/p>\r\n\r\n\t\t\t<h3>Personne-ressource pour les m\u00e9dias<\/h3>\r\n\r\n\t\t\t<p><strong>Aneel Mattu<\/strong><br \/>\r\n\t\t\tDirecteur, Marketing<br \/>\r\n\t\t\tAssurances Square One<br\/>\r\n\t\t\t<a class=\"strong tel sq1-phone-number\" href=\"tel:1-855-331-6933\" style=\"text-decoration:none\">1.855.331.6933<\/a> poste 127<br \/>\r\n\t\t\t778.919.2096 (mobile)<br \/>\r\n\t\t\t<a href=\"mailto:aneel.mattu@squareone.ca\">aneel.mattu@squareone.ca<\/a><\/p>\r\n\r\n\t\t\t<p>\u00c9tabli en 2011, Square One est un fournisseur d\u2019assurance habitation et auto en ligne. Square One offre l\u2019assurance habitation au Qu\u00e9bec, en Colombie-Britannique, en Alberta, en Saskatchewan, au Manitoba et en Ontario. Elle offre l\u2019assurance auto en Ontario et compte offrir l\u2019assurance auto dans d\u2019autres provinces \u00e0 l\u2019avenir. Square One met l\u2019accent sur la prestation d\u2019assurance habitation et auto adaptable aux besoins individuels des clients. Pour de plus amples renseignements, veuillez consulter <a href='\/fr' title='Site Web de Square One'>squareone.ca\/fr<\/a>.<\/p>\r\n\t\t\t\t\r\n    <\/div>\r\n<\/section>","protected":false},"excerpt":{"rendered":"<p>Square One signale une hausse de 191 % en r\u00e9clamations d\u2019assurance habitation pour les tuyaux gel\u00e9s 18&nbsp;janvier&nbsp;2024 VANCOUVER (Colombie-Britannique)&nbsp;: \u00c0 la lumi\u00e8re de la r\u00e9cente vague de froid au Canada, les propri\u00e9taires occupants doivent prendre des pr\u00e9cautions suppl\u00e9mentaires pour emp\u00eacher les tuyaux gel\u00e9s. Lorsque l\u2019eau dans un tuyau g\u00e8le, la pression peut faire \u00e9clater les [&hellip;]<\/p>\n","protected":false},"author":20,"featured_media":0,"parent":0,"menu_order":0,"comment_status":"closed","ping_status":"closed","template":"","meta":{"_acf_changed":false,"footnotes":""},"class_list":["post-69729","page","type-page","status-publish","hentry"],"acf":[],"_links":{"self":[{"href":"https:\/\/www.squareone.ca\/fr\/wp-json\/wp\/v2\/pages\/69729","targetHints":{"allow":["GET"]}}],"collection":[{"href":"https:\/\/www.squareone.ca\/fr\/wp-json\/wp\/v2\/pages"}],"about":[{"href":"https:\/\/www.squareone.ca\/fr\/wp-json\/wp\/v2\/types\/page"}],"author":[{"embeddable":true,"href":"https:\/\/www.squareone.ca\/fr\/wp-json\/wp\/v2\/users\/20"}],"replies":[{"embeddable":true,"href":"https:\/\/www.squareone.ca\/fr\/wp-json\/wp\/v2\/comments?post=69729"}],"version-history":[{"count":0,"href":"https:\/\/www.squareone.ca\/fr\/wp-json\/wp\/v2\/pages\/69729\/revisions"}],"wp:attachment":[{"href":"https:\/\/www.squareone.ca\/fr\/wp-json\/wp\/v2\/media?parent=69729"}],"curies":[{"name":"wp","href":"https:\/\/api.w.org\/{rel}","templated":true}]}}