{"id":72084,"date":"2024-07-17T14:14:12","date_gmt":"2024-07-17T21:14:12","guid":{"rendered":"https:\/\/www.squareone.ca\/types-police\/assurance-auto\/rabais-assurance-auto"},"modified":"2026-01-15T08:40:05","modified_gmt":"2026-01-15T16:40:05","slug":"rabais-assurance-auto-2","status":"publish","type":"page","link":"https:\/\/www.squareone.ca\/fr\/auto\/rabais","title":{"rendered":"Rabais d\u2019assurance auto au Canada"},"content":{"rendered":"<main>\r\n    <section id=\"intro\" class=\"bg-shape-split bg-sub-page-hero\">\r\n        <div class=\"bg-position\">\r\n            <div class=\"container-fluid\">\r\n                <div class=\"row\">\r\n\r\n                    <h1>Rabais et \u00e9conomies en assurance auto<\/h1>\r\n\r\n                    <p class=\"display-4\">Il y a plusieurs fa\u00e7ons d\u2019\u00e9conomiser sur votre assurance auto chez Square One. Les \u00e9conomies ou rabais auxquels vous \u00eates admissibles seront automatiquement appliqu\u00e9s \u00e0 votre soumission ou police. Lisez la suite pour d\u00e9couvrir comment vous pouvez \u00e9conomiser sur votre assurance auto d\u00e8s aujourd\u2019hui.<\/p>\r\n\r\n                    <div class=\"row\">\r\n\r\n                        <div class=\"col-12 col-md-3 col-lg-3\">\r\n                            <ul class=\"list-unstyled link-list display-4 mb-0\">\r\n\r\n                                <li><a href='#conducteur-d\u00e9butant'>Conducteur d\u00e9butant<\/a><\/li>\r\n                                <li><a href=\"#cours-de-formation-de-conduite\">Cours de formation de conduite<\/a><\/li>\r\n                                <li><a href='#dispositifs-antivol'>Dispositifs antivol<\/a><\/li>\r\n                            <\/ul>\r\n                        <\/div>\r\n\r\n                        <div class=\"col-12 col-md-3 col-lg-3\">\r\n                            <ul class=\"list-unstyled link-list display-4\">\r\n                                <li><a href='#loyalty'>Fid\u00e9lit\u00e9<\/a><\/li>\r\n                                <li><a href=\"#new-business\">Nouveau client<\/a><\/li>\r\n                                <li><a href='#pneus-d-hiver'>Pneus d\u2019hiver<\/a><\/li>\r\n                            <\/ul>\r\n                        <\/div>\r\n\r\n                        <div class=\"col-12 col-md-3 col-lg-3\">\r\n                            <ul class=\"list-unstyled link-list display-4\">\r\n                                <li><a href='#regroupement-d-assurances'>Regroupement des assurances<\/a><\/li>\r\n                                <li><a href='#retraite'>Retrait\u00e9<\/a><\/li>\r\n                                <li><a href='#multi-vehicle'>V\u00e9hicles multiples<\/a><\/li>\r\n                            <\/ul>\r\n                        <\/div>\r\n\r\n                    <\/div>\r\n                <\/div>\r\n            <\/div>\r\n        <\/div>\r\n        <div class=\"bg-bottom\"><\/div>\r\n    <\/section>\r\n\r\n\r\n    <section id=\"body\" class=\"mb-3 mt-6 xwide-mobile\">\r\n        <div class=\"container-fluid\">\r\n\r\n            <div class=\"row\">\r\n\r\n                <!-- New driver + Driver training -->\r\n                <div class=\"col-12 mb-3 col-md-1 col-lg-1\">\r\n                    <img decoding=\"async\" src=\"\/sales\/images\/icons\/icon-car.svg\" class=\"ml-lg-4\" alt=\"Ic\u00f4ne de conducteur d\u00e9butant\" width=\"43\">\r\n                <\/div>\r\n                <div class=\"col-12 col-md-11 col-lg-5 pb-6\">\r\n                    <h2 id=\"conducteur-d\u00e9butant\">Conducteur d\u00e9butant<\/h2>\r\n                    <p>Les conducteurs d\u00e9butants en Ontario re\u00e7oivent un rabais de 10\u00a0% une fois qu\u2019ils auront obtenu leur permis de conduire complet (classe\u00a05 au Qu\u00e9bec, classe\u00a0G en Ontario) et auront pr\u00e9sent\u00e9 un dossier sans accident avec responsabilit\u00e9 ou condamnations imputables.<\/p>\r\n\r\n                <\/div>\r\n\r\n                <div class=\"col-12 mb-3 col-md-1 col-lg-1\">\r\n                    <img decoding=\"async\" src=\"\/sales\/images\/icons\/icon-people.svg\" class=\"ml-lg-4\" alt=\"Ic\u00f4ne de formation de conduite\" width=\"43\">\r\n\r\n                <\/div>\r\n                <div class=\"col-12 col-md-11 col-lg-5 pb-6\">\r\n                    <h2 id=\"cours-de-formation-de-conduite\">Cours de formation de conduite<\/h2>\r\n                    <p>En Ontario, si vous avez r\u00e9ussi un cours de formation de conduite certifi\u00e9 dans une \u00e9cole de conduite approuv\u00e9e par le gouvernement au cours des 3\u00a0derni\u00e8res ann\u00e9es, vous \u00eates admissible \u00e0 un cr\u00e9dit qui r\u00e9duira votre prime. Ce rabais n&rsquo;est pas offert au Qu\u00e9bec.<\/p>\r\n<\/div>\r\n            <\/div>\r\n                \r\n                <!-- Anti-theft + Loyalty -->\r\n                <div class=\"row\">\r\n                <div class=\"col-12 mb-3 col-md-1 col-lg-1\">\r\n                    <img decoding=\"async\" src=\"\/sales\/images\/icons\/icon-lock.svg\" class=\"ml-lg-4\" alt=\"Ic\u00f4ne antivol\" width=\"43\">\r\n                <\/div>\r\n                <div class=\"col-12 col-md-11 col-lg-5 pb-6\">\r\n                    <h2 id=\"dispositifs-antivol\">Dispositif antivol<\/h2>\r\n                    <p>Vous pouvez obtenir une gamme de rabais pour des dispositifs antivol approuv\u00e9s, comme les syst\u00e8mes de rep\u00e9rage GPS de march\u00e9 secondaire, les syst\u00e8mes d\u2019alarme, les dispositifs d\u2019immobilisation de moteur ou la gravure du NIV. Si vous voulez obtenir le meilleur rabais, vous avez int\u00e9r\u00eat \u00e0 vous procurer un <a href=\"https:\/\/www.tagtracking.ca\/\" title=\"Syst\u00e8me de rep\u00e9rage Tag\" rel=\"noopener noreferrer\" target=\"_blank\">syst\u00e8me de rep\u00e9rage Tag<\/a>.<\/p>\r\n                <\/div>\r\n\r\n                <div class=\"col-12 mb-3 col-md-1 col-lg-1\">\r\n                    <img decoding=\"async\" src=\"\/sales\/images\/icons\/icon-heart.svg\" class=\"ml-lg-4\" alt=\"Ic\u00f4ne d'assurance habitation\" width=\"43\">\r\n                <\/div>\r\n                <div class=\"col-12 col-md-11 col-lg-5 pb-6\">\r\n                    <h2 id=\"loyalty\">Fid\u00e9lit\u00e9<\/h2>\r\n                    <p>En Ontraio, un rabais s&rsquo;applique selon le nombre d&rsquo;ann\u00e9es chez votre assureur auto actuel.<\/p>\r\n<\/div>\r\n            <\/div>\r\n                \r\n                <!-- New business + Winter tires -->\r\n                <div class=\"row\">\r\n                <div class=\"col-12 mb-3 col-md-1 col-lg-1\">\r\n                    <img decoding=\"async\" src=\"\/sales\/images\/icons\/icon-briefcase.svg\" class=\"ml-lg-4\" alt=\"New business icon\" width=\"43\">\r\n                <\/div>\r\n                <div class=\"col-12 col-md-11 col-lg-5 pb-6\">\r\n                    <h2 id=\"new-business\">Nouveau client<\/h2>\r\n                    <p>Au Qu\u00e9bec, les nouvelles polices d&rsquo;assurance auto comprennent un rabais de 5\u00a0% pendant les 12 premiers mois, \u00e0 condition que la police soit active.<\/p>\r\n\r\n                <\/div>\r\n\r\n                <div class=\"col-12 mb-3 col-md-1 col-lg-1\">\r\n                    <img decoding=\"async\" src=\"\/sales\/images\/icons\/icon-car.svg\" class=\"ml-lg-4\" alt=\"Ic\u00f4ne de pneu d\u2019hiver\" width=\"43\">\r\n                <\/div>\r\n                <div class=\"col-12 col-md-11 col-lg-5 pb-6\">\r\n                    <h2 id=\"pneus-d-hiver\">Pneus d\u2019hiver<\/h2>\r\n                    <p>En Ontario, si vous chaussez votre auto de pneus d\u2019hiver entre le 1<sup>er<\/sup>\u00a0d\u00e9cembre et le 31\u00a0mars, vous \u00e9conomiserez 3\u00a0% sur votre prime. Les pneus d\u2019hiver affichent les lettres M+S et un pictogramme d\u2019un flocon de neige au sein d\u2019une montagne \u00e0 trois sommets.<\/p>\r\n<\/div>\r\n            <\/div>\r\n\r\n                \r\n                    <!-- New business + Winter tires -->\r\n                    <div class=\"row\">\r\n                    <div class=\"col-12 mb-3 col-md-1 col-lg-1\">\r\n                        <img decoding=\"async\" src=\"\/sales\/images\/icons\/icon-home.svg\" class=\"ml-lg-4\" alt=\"Ic\u00f4ne assurance habitation\" width=\"43\">\r\n                    <\/div>\r\n                    <div class=\"col-12 col-md-11 col-lg-5 pb-6\">\r\n                        <h2 id=\"regroupement-d-assurances\">Regroupement d\u2019assurances<\/h2>\r\n                        <p>Si vous regroupez votre assurance auto et habitation \u00e0 votre r\u00e9sidence principale, Square One vous offrira un rabais maximal de 5\u00a0% sur votre assurance auto.<\/p>\r\n\r\n                    <\/div>\r\n\r\n                    <div class=\"col-12 mb-3 col-md-1 col-lg-1\">\r\n                        <img decoding=\"async\" src=\"\/sales\/images\/icons\/icon-person-orange.svg\" class=\"ml-lg-4\" alt=\"Retiree icon\" width=\"43\">\r\n                    <\/div>\r\n                    <div class=\"col-12 col-md-11 col-lg-5 pb-6\">\r\n                        <h2 id=\"retraite\">Retrait\u00e9<\/h2>\r\n                        <p>Si vous avez 65\u00a0ans ou plus et \u00eates \u00e0 la retraite, et vous r\u00e9sidez en Ontario, vous recevrez un rabais de 5\u00a0% sur votre prime. Les personnes a\u00een\u00e9es et \u00e0 la retraite souvent pr\u00e9sentent moins de r\u00e9clamations comparativement \u00e0 d\u2019autres groupes d\u2019\u00e2ge.<\/p>\r\n<\/div>\r\n            <\/div>\r\n                    \r\n                    <!-- Multi-vehicle -->\r\n                    <div class=\"row\">\r\n                    <div class=\"col-12 mb-3 col-md-1 col-lg-1\">\r\n                        <img decoding=\"async\" src=\"\/sales\/images\/icons\/icon-people.svg\" class=\"ml-lg-4\" alt=\"Ic\u00f4ne multiv\u00e9hicule\" width=\"43\">\r\n                    <\/div>\r\n                    <div class=\"col-12 col-md-11 col-lg-5 pb-6\">\r\n                        <h2 id=\"multi-vehicle\">V\u00e9hicules multiples<\/h2>\r\n                        <p>Si vous assurez chez Square One plusieurs v\u00e9hicules lou\u00e9s ou d\u00e9tenus par des membres de la m\u00eame famille \u00e0 la m\u00eame adresse, vous \u00e9conomiserez 10\u00a0% sur vos primes pour la plupart des couvertures.<\/p>\r\n                    <\/div>\r\n                <\/div>\r\n\r\n\r\n\r\n            <\/div>\r\n    <\/section>\r\n\r\n    <section id=\"faq\" class=\"bg-shape shape-gray-curve-up xwide-mobile mb-6\">\r\n        <div class=\"container-fluid pt-6\">\r\n\r\n            <h2>Comment les \u00e9conomies et les rabais sont-ils appliqu\u00e9s \u00e0 ma police?<\/h2>\r\n\r\n            <p class=\"display-4\">Vos rabais et \u00e9conomies sont automatiquement appliqu\u00e9s pendant le processus de soumission. Ils sont refl\u00e9t\u00e9s dans votre prime lorsque vous souscrivez la police et au moment de la r\u00e9\u00e9valuation. <strong>Remarquez que certains rabais ne s\u2019appliquent pas \u00e0 chaque garantie de la police.<\/strong> En cons\u00e9quence, il peut y avoir une diff\u00e9rence entre le pourcentage indiqu\u00e9 ci-dessus ou le montant d\u00e9duit de votre prime totale.<\/p>\r\n\r\n            <p class=\"display-4\">Vous n\u2019\u00eates pas certain si vous \u00eates admissible \u00e0 un rabais ou \u00e0 des \u00e9conomies? Composez le <a class=\"strong tel sq1-phone-number\" href=\"tel:1-855-331-6933\" style=\"text-decoration:none\">1.855.331.6933<\/a> et l\u2019un des nos agents agr\u00e9\u00e9s vous aidera.<\/p>\r\n\r\n        <\/div>\r\n    <\/section>\r\n\r\n    \t<section class=\"footer-cta bg-shape mt-6\">\n\t    <div class=\"container-fluid\">\n\t        <div class=\"row\">\n\t            <div class=\"col-10 offset-1 col-lg-8 offset-lg-2 text-center\">\n\t                <div class=\"h6 text-secondary-alt text-uppercase mb-4\">vous \u00eates en bonne compagnie <\/div>\n\t                <div class=\"h2 text-uc-first mb-4\">Joignez-vous \u00e0 plus de 3 000 000 de clients qui ont re\u00e7u une soumission en assurance habitation de notre part.<\/div>\n\t\t\t\t\t<div id=\"sq1-qw-3c9e1ef81967\" class=\"sq1-quote-widget\" data-quote-widget-type=\"HOME\" data-has-custom-text=\"true\" style=\"min-height: 68px; height: auto\"><\/div>\n\t                <p class=\"text-uc-first\">D\u00e9couvrez \u00e0 quel point l'assurance habitation est abordable \u00e0 l'aide d'une soumission en ligne en 5 minutes.<\/p>\n\t                <p class=\"text-light small text-uc-first\">Avant de commencer, veuillez lire notre <a href=\"https:\/\/www.squareone.ca\/fr\/politique-confidentialite\" target=\"_blank\" rel=\"noreferrer noopener\">Politique de confidentialit\u00e9<\/a> et nos <a href=\"https:\/\/www.squareone.ca\/fr\/conditions-utilisation\" target=\"_blank\" rel=\"noreferrer noopener\">Conditions d\u2019utilisation<\/a>.<\/p>\n\t            <\/div>\n\t        <\/div>\n\t    <\/div>\n\t    <div class=\"locations position-absolute fw-bold w-100 text-center pb-6 px-3\">Une compagnie canadienne exploit\u00e9e par des Canadiens. Nous offrons nos services au <a href=\"\/fr\/habitation\/quebec\" class=\"text-grey-900 text-decoration-none\">Qu\u00e9bec<\/a>, en Colombie-Britannique, en Alberta, en Saskatchewan, au Manitoba et en Ontario.<\/div>\n\t<\/section>\r\n\r\n<\/main>","protected":false},"excerpt":{"rendered":"<p>Rabais et \u00e9conomies en assurance auto Il y a plusieurs fa\u00e7ons d\u2019\u00e9conomiser sur votre assurance auto chez Square One. Les \u00e9conomies ou rabais auxquels vous \u00eates admissibles seront automatiquement appliqu\u00e9s \u00e0 votre soumission ou police. Lisez la suite pour d\u00e9couvrir comment vous pouvez \u00e9conomiser sur votre assurance auto d\u00e8s aujourd\u2019hui. Conducteur d\u00e9butant Cours de formation [&hellip;]<\/p>\n","protected":false},"author":20,"featured_media":0,"parent":67277,"menu_order":0,"comment_status":"closed","ping_status":"closed","template":"","meta":{"_acf_changed":false,"footnotes":""},"class_list":["post-72084","page","type-page","status-publish","hentry"],"acf":[],"_links":{"self":[{"href":"https:\/\/www.squareone.ca\/fr\/wp-json\/wp\/v2\/pages\/72084","targetHints":{"allow":["GET"]}}],"collection":[{"href":"https:\/\/www.squareone.ca\/fr\/wp-json\/wp\/v2\/pages"}],"about":[{"href":"https:\/\/www.squareone.ca\/fr\/wp-json\/wp\/v2\/types\/page"}],"author":[{"embeddable":true,"href":"https:\/\/www.squareone.ca\/fr\/wp-json\/wp\/v2\/users\/20"}],"replies":[{"embeddable":true,"href":"https:\/\/www.squareone.ca\/fr\/wp-json\/wp\/v2\/comments?post=72084"}],"version-history":[{"count":13,"href":"https:\/\/www.squareone.ca\/fr\/wp-json\/wp\/v2\/pages\/72084\/revisions"}],"predecessor-version":[{"id":78004,"href":"https:\/\/www.squareone.ca\/fr\/wp-json\/wp\/v2\/pages\/72084\/revisions\/78004"}],"up":[{"embeddable":true,"href":"https:\/\/www.squareone.ca\/fr\/wp-json\/wp\/v2\/pages\/67277"}],"wp:attachment":[{"href":"https:\/\/www.squareone.ca\/fr\/wp-json\/wp\/v2\/media?parent=72084"}],"curies":[{"name":"wp","href":"https:\/\/api.w.org\/{rel}","templated":true}]}}