{"id":72908,"date":"2024-08-22T10:04:30","date_gmt":"2024-08-22T17:04:30","guid":{"rendered":"https:\/\/www.squareone.ca\/pages-renvoi\/assurance-auto-quebec"},"modified":"2026-01-14T12:31:59","modified_gmt":"2026-01-14T20:31:59","slug":"assurance-auto-quebec","status":"publish","type":"page","link":"https:\/\/www.squareone.ca\/fr\/auto\/quebec","title":{"rendered":"Assurance auto au Qu\u00e9bec"},"content":{"rendered":"\t<section class=\"qw-hero jumbotron-container pt-0 bg-shape sub-page-jumbotron text-end\">\n\t\t<div class=\"container-fluid\">\n\t\t\t<div class=\"row\">\n\t\t\t\t<div class=\"col-12 col-lg-9 col-xl-8 offset-lg-1 z-1\">\n\t\t\t\t\t<div class=\"jumbotron px-0 pt-6 pb-9 mb-3 mb-md-4 text-start z-1\">\n\t\t\t\t\t\t<div class=\"h6 mb-3 text-secondary-alt text-uppercase\">Assurance auto moderne<\/div>\n\t\t\t\t\t\t<div class=\"caption w-100\"> <h1 class=\"mb-3 text-uc-first\"><span class=\"customized-greeting\"><\/span>Obtenez une soumission en <strong>assurance auto<\/strong> en 5 minutes<\/h1> <\/div>\n                        <p class=\"text-uc-first px-0 w-100 w-lg-80\">Votre temps est aussi pr\u00e9cieux que votre auto. Obtenez une soumission d'assurance auto en <strong>5 minutes<\/strong>. C\u2019est moins de temps qu\u2019il n\u2019en faut pour faire la file pour un caf\u00e9. <strong>L'assurance auto est offerte au Qu\u00e9bec et en Ontario.<\/strong><\/p>\t\t\t\t\t\t\n\t\t\t\t\t\t<div id=\"sq1-qw-e050175ed6c5\" class=\"sq1-quote-widget mb-3\" data-quote-widget-type=\"AUTO\" data-has-custom-text=\"true\"\n\t\t\t\t\t\t style=\"min-height: 68px; height: auto\"><\/div>\n                        <p class=\"small w-100 w-lg-80\">Avant de commencer, veuillez lire notre <a href=\"https:\/\/www.squareone.ca\/fr\/politique-confidentialite\" target=\"_blank\" rel=\"noreferrer noopener\">Politique de confidentialit\u00e9<\/a> et nos <a href=\"https:\/\/www.squareone.ca\/fr\/conditions-utilisation\" target=\"_blank\" rel=\"noreferrer noopener\">Conditions d\u2019utilisation<\/a>.<\/p>\n\t\t\t\t\t<\/div>\n\t\t\t\t<\/div>\n\t\t\t<\/div>\n\t\t\t<img decoding=\"async\" src=\"\/sales\/images\/illustrations\/illustration-home-and-car.png\" class=\"hero d-none d-lg-block\" loading=\"lazy\" alt=\"Illustration d\u2019un quartier de banlieue\"\/>\n\t\t<\/div>\n\t<\/section>\n\t<div class=\"skyline-bottom-curve\"><\/div>\r\n\r\n<section class=\"py-5 mb-3\">\r\n    <div class=\"container-fluid my-6\">\r\n        <div class=\"row\">\r\n            <div class=\"col-12 col-lg-9 offset-lg-1 mb-3\">\r\n\t\t\t\t<div class=\"h6 mb-4 text-primary text-uppercase\">Une protection int\u00e9grale pour vous et votre auto<\/div>\r\n\t\t\t\t\t<h1 class=\"text-uc-first\">Assurance auto au Qu\u00e9bec \u00e0 partir de 67&nbsp;$\/mois<\/h1>\r\n            <\/div>\r\n            <div class=\"col-12 col-lg-9 offset-lg-1\">\r\n                <p class=\"display-4\">Vous \u00eates \u00e0 la recherche de l\u2019assurance auto? Vous \u00eates \u00e0 la bonne place. Square One offre une assurance automobile en ligne facile \u00e0 souscrire o\u00f9 que vous soyez. Choisissez les garanties, les limitations et les franchises qui comblent vos besoins et vous \u00eates pr\u00eat \u00e0 prendre le volant. Vous pouvez souscrire une assurance auto abordable en <strong>5&nbsp;minutes<\/strong> seulement.<\/p>\r\n                <p class=\"display-4\">Lisez la suite pour d\u00e9couvrir pourquoi l\u2019assurance auto de Square One est id\u00e9ale pour vous.<\/p>\t                \r\n                <a href=\"#populate_recent_reviews\"><img loading=\"lazy\" decoding=\"async\" src=\"\/sales\/images\/icons\/icon-arrow-down.svg\" width=\"16\" height=\"16\" alt=\"Fl\u00e8che descendante\"><\/a>\r\n            <\/div>\r\n        <\/div>\r\n    <\/div>\r\n<\/section>\r\n\r\n\t<section id=\"populate_recent_reviews\" class=\"reviews bg-shape overflow-hidden\">\n\t    <div class=\"container-fluid\">\n\t        <div v-show=\"showLoader\" class=\"text-center mt-6 mb-0\">\n                <div class=\"spinner-border text-primary\" role=\"status\">\n                    <span class=\"visually-hidden\">Loading...<\/span>\n                <\/div>\n            <\/div>\n\t        <div class=\"row\" v-show=\"!showLoader\">\n\t            <div class=\"col-12 col-lg-3 offset-lg-1\">\n\t                <div class=\"h6 mb-3 text-secondary-alt text-uppercase\">\n\t                \tCe que disent nos clients \n                    <\/div>\n\t                <div class=\"mb-4\">\n\t                \t<span class=\"display-1\">{{ totalReviews }}<\/span>\n\t                \t<div class=\"small\">\u00c9valuations v\u00e9rifi\u00e9es <\/div>\n                    <\/div>\n\t                <p>Ne nous croyez pas sur parole. Voici un aper\u00e7u des \u00e9valuations qui alimentent notre cote moyenne de {{ avgScore }} \u00e9toiles sur 5. Vous voulez en lire plus?\nConsulter notre <a href=\"https:\/\/www.squareone.ca\/fr\/evaluations\">page d\u2019\u00e9valuations<\/a>.<\/p>\n\t            <\/div>\n\t            <div class=\"col-12 col-lg-8 pt-4\">\n\t                <div class=\"reviews-carousel w-100\" aria-label=\"Glissez pour voir plus d\u2019\u00e9valuations\">\n\t                    <div class=\"carousel-cell col-12 col-lg-6\" v-for=\"(review,index) in reviews\" :key=\"index\">\n                            <div class=\"card review mb-4\">\n                                <div class=\"card-body\">\n                                    <div class=\"h3\">{{ review.ReviewTitle }}<\/div>\n                                      <div class=\"rating small mb-3\" v-if=\"review.ReviewRating\">\n                                            <span v-for=\"n in 5\">\n                                                <i v-if=\"n <= review.ReviewRating\" class=\"fa fa-star\"><\/i>\n                                                <i v-else class=\"fa fa-star-o\"><\/i>\n                                            <\/span>\n                                    <\/div>\n                                    <div class=\"rating small mb-3\" v-else>\n                                            <span v-for=\"n in 5\">\n                                              <i class=\"fa fa-star-o\"><\/i>\n                                            <\/span>\n                                    <\/div>\n                                    <p>{{ review.SummaryText }}<\/p>\n                                    <div class=\"review-footer\">\n                                        <div class=\"date small text-muted float-end pt-1\">{{ review.ReviewedAt }}<\/div>\n                                        <span class=\"fw-bold me-3\">{{ review.ReviewerName }}<\/span>\n                                        <span class=\"text-muted\">{{ review.ReviewerCity }}, {{ review.ProvinceId }}<\/span>\n                                    <\/div>\n                                   \n                                <\/div>\n                            <\/div>\n                        <\/div>\n                    <\/div>\n                <\/div>\n                <div class=\"col-12 flickity-custom-buttons\"><\/div>\n            <\/div>\n        <\/div>\n\t<\/section>\n\n    <script src=\"https:\/\/cdn.jsdelivr.net\/npm\/vue@2.6.11\/dist\/vue.min.js\"\n        integrity=\"sha384-OZmxTjkv7EQo5XDMPAmIkkvywVeXw59YyYh6zq8UKfkbor13jS+5p8qMTBSA1q+F\"\n        crossorigin=\"anonymous\"><\/script>\n    <script src=\"https:\/\/cdn.jsdelivr.net\/npm\/axios@1.8.4\/dist\/axios.min.js\" \n        integrity=\"sha384-06w+raHvkSL3+E7mbQ2X6DZwI5A3veU8Ba+NLrAPxxRGw4Xy78sihHDHQMustMM4\" \n        crossorigin=\"anonymous\"><\/script>\n\n<script type=\"text\/javascript\">\n    new Vue({\n        el: '#populate_recent_reviews',\n        data: {\n            reviews: [],\n            totalReviews: 0,\n            avgScore: 0,         \n            showLoader: false,\n        },\n     \n        methods: {\n            getReviews : function() {\n                var self = this;\n                var url = '\/sales\/index.php\/customerReview\/getHighlightedReviews';\n                \n                self.reviews = [];\n                self.showLoader = true;\n\n                axios.get(url, {\n                    params: {\n                        culture: \"fr_CA\",                        \n                    }\n                })\n                .then(response => {\n                    self.totalReviews = response.data.totalReviews;\n                    self.avgScore = response.data.avgScore;\n                  \n                    if (response.data.results.length) {\n                        self.reviews = response.data.results;\n                    }\n                    self.showLoader = false;\n                })\n                .catch(error => {\n                    self.showLoader = false;\n                    console.log(error);\n                });\n            }          \n        },\n        mounted: function () {\n            this.getReviews();\n        }\n    });\n<\/script>\r\n<section class=\"py-5 mb-3 mb-lg-5\">\r\n\t\t<div class=\"container-fluid\">\r\n\t\t\t<div class=\"row\">\r\n\t\t\t\t<div class=\"col-12 col-lg-6 offset-lg-1\">\r\n\t\t\t\t\t<div class=\"h6 mb-4 text-secondary-alt text-uppercase\">Un fournisseur pas comme les autres<\/div>\r\n\t\t\t\t\t<h2 class=\"h1 mb-5 text-uc-first\">Six raisons pour lesquelles vous adorerez Square One<\/h2>\r\n\r\n\t\t\t\t\t<div class=\"row\"><div class=\"col-12 mb-5 display-4\"><p><strong>4,7 sur 5.<\/strong> Ceci est la cote d\u2019Assurances Square One sur <span class='total_reviews'>N\/A<\/span> \u00e9valuations r\u00e9dig\u00e9es par nos clients. De plus, nous avons la cote A+ du Bureau d\u2019\u00e9thique commerciale&nbsp;: il est clair que le public adore la mani\u00e8re dont nous transformons l\u2019assurance habitation.<\/p><\/div><\/div>\r\n\r\n\t\t\t\t\t<div class=\"row\">\r\n\t\t\t\t\t\t<div class=\"item col-12 col-lg-6 mb-6\">\r\n\t\t\t\t\t\t\t<h4>Plateforme num\u00e9rique<\/h4>\r\n\t\t\t\t\t\t\t<p>Chez Square One, vous pouvez obtenir une soumission, souscrire une police et m\u00eame pr\u00e9senter une r\u00e9clamation, le tout depuis le confort de votre domicile. Les soumissions et les polices sont g\u00e9r\u00e9es par l\u2019entremise de votre compte en ligne, mais si vous avez besoin d\u2019aide, vous pouvez consulter l\u2019un de nos agents en assurance agr\u00e9\u00e9s au t\u00e9l\u00e9phone ou par l\u2019interm\u00e9diaire de notre service de clavardage.<\/p>\r\n\t\t\t\t\t\t<\/div>\r\n\t\t\t\t\t\t<div class=\"item col-12 col-lg-6 mb-6\">\r\n\t\t\t\t\t\t\t<h4>La bonne protection <\/h4>\r\n\t\t\t\t\t\t\t<p>Vous prot\u00e9ger sur la route n\u2019a jamais \u00e9t\u00e9 si simple. Il est facile de souscrire la couverture dont vous avez besoin pour votre v\u00e9hicule et d\u2019ajouter des couvertures facultatives pour obtenir tranquillit\u00e9 d\u2019esprit.<\/p>\r\n\t\t\t\t\t\t<\/div>\r\n\t\t\t\t\t\t<div class=\"item col-12 col-lg-6 mb-6\">\r\n\t\t\t\t\t\t\t<h4>Demandes en ligne imm\u00e9diates<\/h4>\r\n\t\t\t\t\t\t\t<p>Si vous avez besoin d\u2019assurance auto, vous pouvez souscrire une police en ligne en quelques minutes. Pas besoin d\u2019aller au bureau du courtier ou d\u2019attendre. Vous pouvez remplir votre demande d\u2019assurance auto \u00e0 l\u2019aide de votre t\u00e9l\u00e9phone ou portable en moins de deux et souscrire rapidement une police.<\/p>\r\n\t\t\t\t\t\t<\/div>\r\n\t\t\t\t\t\t<div class=\"item col-12 col-lg-6 mb-6\">\r\n\t\t\t\t\t\t\t<h4>Couverture personnalis\u00e9e<\/h4>\r\n\t\t\t\t\t\t\t<p>Toutes les polices comprennent des garanties obligatoires, bien entendu. Chez Square One, il est facile d\u2019ajouter autant (ou aussi peu) de garanties facultatives que vous d\u00e9sirez. Vous pouvez choisir les couvertures compr\u00e9hensives, collision, pour la vitre et pour les autos de location, entre autres.<\/p>\r\n\t\t\t\t\t\t<\/div>\r\n\t\t\t\t\t\t<div class=\"item col-12 col-lg-6 mb-6\">\r\n\t\t\t\t\t\t\t<h4>Besoin de pr\u00e9senter une r\u00e9clamation?<\/h4>\r\n\t\t\t\t\t\t\t<p>Pr\u00e9senter une r\u00e9clamation en assurance auto est facile. En fait, la majeure partie du processus a lieu en ligne. Un seul expert en sinistres travaillera avec vous du d\u00e9but \u00e0 la fin pour vous aider \u00e0 vous remettre rapidement sur la route.<\/p>\r\n\t\t\t\t\t\t<\/div>\r\n\t\t\t\t\t\t<div class=\"item col-12 col-lg-6 mb-6\">\r\n\t\t\t\t\t\t\t<h4>Paiements mensuels<\/h4>\r\n\t\t\t\t\t\t\t<p>Quand vous souscrivez une assurance auto chez Square One, vous pouvez choisir des paiements annuels ou mensuels. Vous pouvez \u00e9galement modifier vos donn\u00e9es de paiement par l\u2019interm\u00e9diaire de votre compte en ligne.<\/p>\r\n\t\t\t\t\t\t<\/div>\r\n\t\t\t\t\t<\/div>\r\n\t\t\t\t<\/div>\r\n\r\n\t            <div class=\"col-12 col-lg-5 d-none d-lg-block\">\r\n\t                <img decoding=\"async\" src=\"\/sales\/images\/illustrations\/illustration-family-balloon.png\" class=\"w-100 pt-lg-5 mt-5\" loading=\"lazy\" alt=\"Illustration d\u2019une famille avec un ballon\">\r\n\t            <\/div>\r\n\t\t\t<\/div>\r\n\t\t<\/div>\r\n\t<\/section>\r\n\r\n\t<section class=\"bg-transparent\">\n\t\t<img decoding=\"async\" src=\"\/sales\/images\/bgs\/bg-mid-page-cta-general-top.svg\" style=\"width: 100%; vertical-align: bottom; position: relative; top: 1px\"\/>\n\t\t\n\t\t<div class=\"bg-darkTeal py-3\">\t\t\t\n\t\t\t<div class=\"container-fluid\">\n\t\t\t\t<div class=\"row d-flex align-items-center pb-5\">\n\t\t\t\t\t<div class=\"col-12 col-md-8 offset-md-2 px-lg-5 pb-5 pb-lg-0\">\n\t\t\t\t\t\t<div class=\"h6 mb-4 text-primary text-uppercase text-center\">\n\t\t\t\t\t\t\tCela ne prend que 5\u00a0minutes \n\t\t\t\t\t\t<\/div>\t\t\n\t\t\t\t\t\t\t\t\t\t\t\n\t\t\t\t\t\t<p class=\"lead px-lg-5 text-white\">\n\t\t\t\t\t\t\t<strong class=\"d-inline-block text-uc-first\">Pr\u00eat \u00e0 obtenir une soumission en ligne? <\/strong> La meilleure protection ne devrait pas co\u00fbter les yeux de la t\u00eate. D\u00e9couvrez jusqu'\u00e0 quel point l'assurance auto personnalis\u00e9e est abordable. Obtenez une soumission en ligne en 5 minutes.\n\t\t\t\t\t\t<\/p>\t\t\t\n\t\n\t\t\t\t\t\t<div id=\"sq1-qw-ac53365d1815\" class=\"sq1-quote-widget mb-4 text-white\" data-quote-widget-type=\"AUTO\" data-has-custom-text=\"true\">\n\t\t\t\t\t\t\t<div class=\"input-group input-group-focus-within bg-white my-4\">\n\t\t\t\t\t\t\t\t<div>\n\t\t\t\t\t\t\t\t\t<div class=\"input-group-text\">\n\t\t\t\t\t\t\t\t\t\t<i class=\"fa fa-map-marker d-block text-black\"><\/i>\n\t\t\t\t\t\t\t\t\t<\/div>\n\t\t\t\t\t\t\t\t<\/div>\n\t\t\t\t\t\t\t\t<input type=\"text\" class=\"form-control\" style=\"padding: 10px;\" placeholder=\"Enter an address\" aria-label=\"Inscrivez votre adresse pour obtenir une soumission\"\/>\n\t\t\t\t\t\t\t\t<div>\n\t\t\t\t\t\t\t\t\t<button class=\"btn btn-primary\">Obtenir une soumission en ligne d\u00e8s maintenant<\/button>\n\t\t\t\t\t\t\t\t<\/div>\n\t\t\t\t\t\t\t<\/div>\n\t\t\t\t\t\t<\/div>\n\t\t\t\t\t\t\n\t\t\t\t\t\t<p class=\"small text-white\">Avant de commencer, veuillez lire notre <a href=\"https:\/\/www.squareone.ca\/fr\/politique-confidentialite\" target=\"_blank\" rel=\"noreferrer noopener\">Politique de confidentialit\u00e9<\/a> et nos <a href=\"https:\/\/www.squareone.ca\/fr\/conditions-utilisation\" target=\"_blank\" rel=\"noreferrer noopener\">Conditions d\u2019utilisation<\/a>.<\/p>\t\n\t\n\t\t\t\t\t\t<script type=\"text\/javascript\">\n\t\t\t\t\t\t(function() {\n\t\t\t\t\t\t\tdocument.addEventListener('soiMiscJsLoaded', function() {\n\t\t\t\t\t\t        $(document).ready(function() {\n\t\t\t\t\t\t\t\t\tsoiQuoteWidget.processFormWidget('\/sales\/index.php\/json_quote_widget?rand=' +Math.random(), 'qwContainer'); \/\/populate quoting widget with content from symfony.\n\t\t\t\t\t\t\t\t});\n\t\t\t\t\t\t\t});\n\t\t\t\t\t\t})();\n\t\t\t\t\t\t<\/script>\n\t\t\t\t\t<\/div>\n\t\t\t\t<\/div>\n\t\t\t<\/div>\n\t\t<\/div>\n\t\t\n\t\t<img decoding=\"async\" src=\"\/sales\/images\/bgs\/bg-mid-page-cta-general-bottom.svg\" style=\"width: 100%; vertical-align: top\"\/>\t\t\n\t<\/section>\r\n<div class='pt-6'>\r\n<section>\r\n        <div class=\"container-fluid\">\r\n            <div class=\"row mb-5\">\r\n                <div class=\"col-12 col-lg-4 offset-lg-1 pb-5\">\r\n                    <div class=\"h6 text-primary text-uppercase\">Tout ce que vous voulez savoir<\/div>\r\n                    <h3 class=\"h1 my-4\">Comment traitons-nous les r\u00e9clamations?<\/h3>\r\n\r\n                    <p class=\"lead\">Le secteur de l\u2019assurance n\u2019a pas la meilleure r\u00e9putation lorsqu\u2019il s\u2019agit des r\u00e9clamations. Nombreux sont ceux qui craignent que leur assureur fasse n\u2019importe quoi pour \u00e9viter de r\u00e9gler un sinistre. Les polices d\u2019assurance automobile offertes par Square One sont diff\u00e9rentes. Square One s\u2019engage \u00e0 changer la fa\u00e7on dont vous voyez l\u2019assurance en traitant votre r\u00e9clamation rapidement et \u00e9quitablement.<\/p>\r\n                <\/div>\r\n                <div class=\"col-12 col-lg-5 offset-lg-1 py-5\">\r\n                    <div class=\"row mb-5\">\r\n                        <div class=\"col-12 mb-3 col-md-1 col-lg-3\">\r\n                            <img decoding=\"async\" src=\"\/sales\/images\/icons\/icon-shield.svg\" class=\"ml-lg-4\" alt=\"Ic\u00f4ne de drapeau\" width=\"43\">\r\n                        <\/div>\r\n                        <div class=\"col-12 col-md-11 col-lg-9\">\r\n                            <h4>La protection qu\u2019il faut d\u00e8s le premier jour<\/h4>\r\n                            <p>Le plus grand d\u00e9fi de pr\u00e9senter une r\u00e9clamation c\u2019est le fait de ne pas avoir la bonne protection. Gr\u00e2ce \u00e0 une police adapt\u00e9e \u00e0 vos besoins, vous obtenez la meilleure protection qui soit.<\/p>\r\n                        <\/div>\r\n                    <\/div>\r\n                    <div class=\"row mb-5\">\r\n                        <div class=\"col-12 mb-3 col-md-1 col-lg-3\">\r\n                            <img decoding=\"async\" src=\"\/sales\/images\/icons\/icon-response.svg\" class=\"ml-lg-4\" alt=\"Ic\u00f4ne de minuteur\" width=\"43\">\r\n                        <\/div>\r\n                        <div class=\"col-12 col-md-11 col-lg-9\">\r\n                            <h4>D\u00e9claration de r\u00e9clamation facile<\/h4>\r\n                            <p>Une r\u00e9ponse rapide quand vous en avez le plus besoin. Pr\u00e9sentez une r\u00e9clamation en ligne ou au t\u00e9l\u00e9phone 24&heures sur 24 afin de mettre le processus de r\u00e9paration en marche.<\/p>\r\n                        <\/div>\r\n                    <\/div>\r\n                    <div class=\"row\">\r\n                        <div class=\"col-12 mb-3 col-md-1 col-lg-3\">\r\n                            <img decoding=\"async\" src=\"\/sales\/images\/icons\/icon-one-contact.svg\" class=\"ml-lg-4\" alt=\"Ic\u00f4ne de clavardage\" width=\"43\">\r\n                        <\/div>\r\n                        <div class=\"col-12 col-md-11 col-lg-9\">\r\n                            <h4>Un seul point de contact<\/h4>\r\n                            <p>Un seul expert en sinistres travaille avec vous du d\u00e9but \u00e0 la fin. Pas besoin de r\u00e9p\u00e9ter les d\u00e9tails de votre sinistre. R\u00e9sultat&nbsp;: nous vous remettrons sur la route en moins de deux.<\/p>\r\n                        <\/div>\r\n                    <\/div>\r\n                <\/div>\r\n            <\/div>\r\n        <\/div>\r\n    <\/section>\r\n\r\n<\/div>\r\n<section class=\"bg-shape shape-blue-curve-up\">\r\n<div class=\"container-fluid pb-6\">\r\n\t        <div class=\"row\">\r\n\t            <div class=\"col-12 offset-lg-1\">\r\n\t                <div class=\"h6 mb-4 text-primary text-uppercase\">Souscrivez une police en ligne en 5&nbsp;minutes<\/div>\r\n\t            <\/div>\r\n\t            <div class=\"col-12 col-lg-5 offset-lg-1 pb-5 mb-1\">\r\n\t                <div class=\"h2\">Obtenez une soumission exacte en quatre \u00e9tapes<\/div>\r\n\t                <p class=\"lead\">En 5 minutes, vous pouvez obtenir une soumission gratuite en ligne. Le tarif que vous voyez est le tarif que vous payez.<\/p>\r\n\t                <p class=\"lead\">Vous aimez votre soumission? Souscrivez votre police en ligne ou sauvegardez la soumission pour plus tard. Sinon, composez le <a id=\"local-phone-link\" class=\"strong tel sq1-phone-number\" href=\"tel:18553316933\">1.855.331.6933<\/a> pour obtenir de l\u2019aide.<\/p>\r\n\t            <\/div>\r\n\t            <div class=\"col-12 col-lg-4 offset-lg-1 mb-5\">\r\n\t                <div class=\"row font-weight-bold\">\r\n\t                    <div class=\"col-6 mb-4\"><div class=\"circle-number mb-3\">1<\/div> \r\n\t\t\t\t\t\t\tParlez-nous de vous et de tout autre conducteur<\/div>\r\n\t\t\t\t\t\t<div class=\"col-6 mb-4\"><div class=\"circle-number mb-3\">2<\/div>\r\n\t\t\t\t\t\t\tD\u00e9crivez votre v\u00e9hicule ou vos v\u00e9hicules<\/div>\r\n\t\t\t\t\t\t<div class=\"col-6 mb-4\"><div class=\"circle-number mb-3\">3<\/div>\r\n\t\t\t\t\t\t\tChoisissez vos limitations, franchises et garanties facultatives<\/div>\r\n\t\t\t\t\t\t<div class=\"col-6 mb-4\"><div class=\"circle-number mb-3\">4<\/div>\r\n\t\t\t\t\t\t\tObtenez votre prime\/div>\r\n\t                <\/div>\r\n\t            <\/div>\r\n\t        <\/div>\r\n\t    <\/div>\r\n<\/section>\r\n\t<section class=\"footer-cta bg-shape mt-6\">\n\t    <div class=\"container-fluid\">\n\t        <div class=\"row\">\n\t            <div class=\"col-10 offset-1 col-lg-8 offset-lg-2 text-center\">\n\t                <div class=\"h6 text-secondary-alt text-uppercase mb-4\">vous \u00eates en bonne compagnie <\/div>\n\t                <div class=\"h2 text-uc-first mb-4\">Joignez-vous \u00e0 plus de 3 000 000 de clients qui ont re\u00e7u une soumission en assurance de notre part.<\/div>\n\t\t\t\t\t<div id=\"sq1-qw-f8cef4b5bace\" class=\"sq1-quote-widget\" data-quote-widget-type=\"AUTO\" data-has-custom-text=\"true\" style=\"min-height: 68px; height: auto\"><\/div>\n\t                <p class=\"text-uc-first\">D\u00e9couvrez \u00e0 quel point l'assurance auto est abordable \u00e0 l'aide d'une soumission en ligne en 5 minutes.<\/p>\n\t                <p class=\"text-light small text-uc-first\">Avant de commencer, veuillez lire notre <a href=\"https:\/\/www.squareone.ca\/fr\/politique-confidentialite\" target=\"_blank\" rel=\"noreferrer noopener\">Politique de confidentialit\u00e9<\/a> et nos <a href=\"https:\/\/www.squareone.ca\/fr\/conditions-utilisation\" target=\"_blank\" rel=\"noreferrer noopener\">Conditions d\u2019utilisation<\/a>.<\/p>\n\t            <\/div>\n\t        <\/div>\n\t    <\/div>\n\t    <div class=\"locations position-absolute fw-bold w-100 text-center pb-6 px-3\">Une compagnie canadienne exploit\u00e9e par des Canadiens. Nous offrons l'assurance auto au <a href=\"\/fr\/auto\/quebec\" class=\"text-grey-900 text-decoration-none\">Qu\u00e9bec<\/a> et en Ontario.<\/div>\n\t<\/section>\r\n\r\n<script type=\"application\/ld+json\">\r\n{\r\n  \"@context\": \"https:\/\/schema.org\",\r\n  \"@type\": \"Service\",\r\n  \"@id\": \"https:\/\/www.squareone.ca\/fr\/auto\/quebec#service\",\r\n  \"name\": \"Assurance auto au Qu\u00e9bec\",\r\n  \"serviceType\": \"Assurance auto\",\r\n  \"url\": \"https:\/\/www.squareone.ca\/fr\/auto\/quebec\",\r\n  \"description\": \"Assurance auto personnalisable pour les conducteurs au Qu\u00e9bec. Square One fournit une protection essentielle, y compris la couverture pour responsabilit\u00e9 civile et les dommages corporels, adapt\u00e9e aux conditions uniques du march\u00e9 de l\u2019assurance au Qu\u00e9bec. Les polices sont distribu\u00e9es par Assurances Square One et souscrites par la Zurich Compagnie d\u2019Assurances SA (succursale canadienne).\",\r\n  \"provider\": {\r\n    \"@type\": \"InsuranceAgency\",\r\n    \"name\": \"Assurances Square One\",\r\n    \"url\": \"https:\/\/www.squareone.ca\/fr\",\r\n     \"sameAs\": [\r\n        \"https:\/\/www.facebook.com\/squareoneinsurance\",\r\n        \"https:\/\/x.com\/1sq1\",\r\n        \"https:\/\/www.linkedin.com\/company\/square-one-insurance\",\r\n        \"https:\/\/www.youtube.com\/user\/square1insurance\",\r\n        \"https:\/\/www.instagram.com\/squareoneinsurance\/\"\r\n      ]\r\n  },\r\n  \"areaServed\": {\r\n    \"@type\": \"AdministrativeArea\",\r\n    \"name\": \"Qu\u00e9bec\"\r\n  }\r\n}\r\n<\/script>\r\n","protected":false},"excerpt":{"rendered":"<p>Une protection int\u00e9grale pour vous et votre auto Assurance auto au Qu\u00e9bec \u00e0 partir de &nbsp;$\/mois Vous \u00eates \u00e0 la recherche de l\u2019assurance auto? Vous \u00eates \u00e0 la bonne place. Square One offre une assurance automobile en ligne facile \u00e0 souscrire o\u00f9 que vous soyez. Choisissez les garanties, les limitations et les franchises qui comblent [&hellip;]<\/p>\n","protected":false},"author":11,"featured_media":0,"parent":53869,"menu_order":0,"comment_status":"closed","ping_status":"closed","template":"","meta":{"_acf_changed":false,"footnotes":""},"class_list":["post-72908","page","type-page","status-publish","hentry"],"acf":[],"_links":{"self":[{"href":"https:\/\/www.squareone.ca\/fr\/wp-json\/wp\/v2\/pages\/72908","targetHints":{"allow":["GET"]}}],"collection":[{"href":"https:\/\/www.squareone.ca\/fr\/wp-json\/wp\/v2\/pages"}],"about":[{"href":"https:\/\/www.squareone.ca\/fr\/wp-json\/wp\/v2\/types\/page"}],"author":[{"embeddable":true,"href":"https:\/\/www.squareone.ca\/fr\/wp-json\/wp\/v2\/users\/11"}],"replies":[{"embeddable":true,"href":"https:\/\/www.squareone.ca\/fr\/wp-json\/wp\/v2\/comments?post=72908"}],"version-history":[{"count":1,"href":"https:\/\/www.squareone.ca\/fr\/wp-json\/wp\/v2\/pages\/72908\/revisions"}],"predecessor-version":[{"id":77988,"href":"https:\/\/www.squareone.ca\/fr\/wp-json\/wp\/v2\/pages\/72908\/revisions\/77988"}],"up":[{"embeddable":true,"href":"https:\/\/www.squareone.ca\/fr\/wp-json\/wp\/v2\/pages\/53869"}],"wp:attachment":[{"href":"https:\/\/www.squareone.ca\/fr\/wp-json\/wp\/v2\/media?parent=72908"}],"curies":[{"name":"wp","href":"https:\/\/api.w.org\/{rel}","templated":true}]}}