{"id":73048,"date":"2024-09-06T12:23:15","date_gmt":"2024-09-06T19:23:15","guid":{"rendered":"https:\/\/www.squareone.ca\/centres-ressources\/assurance-auto\/cles-laisees-dans-une-auto"},"modified":"2026-04-16T15:36:32","modified_gmt":"2026-04-16T22:36:32","slug":"cles-laisees-dans-une-auto","status":"publish","type":"page","link":"https:\/\/www.squareone.ca\/fr\/centres-ressources\/proprietaire-vehicule\/cles-laisees-dans-une-auto","title":{"rendered":"Vous avez barr\u00e9 l\u2019auto les cl\u00e9s \u00e0 l\u2019int\u00e9rieur? Voici 6 solutions pratiques"},"content":{"rendered":"<section id='intro' class=\"bg-shape-split bg-sub-page-hero\">\r\n\t<div class=\"bg-position\">\r\n\t    <div class=\"container-fluid\">\r\n\t        <div class=\"row align-items-center\">\r\n\t            <div class=\"col-12 col-lg-8\">\r\n\t                <h1>Vous avez barr\u00e9 l\u2019auto les cl\u00e9s \u00e0 l\u2019int\u00e9rieur? Voici 6 solutions<\/h1>\r\n\t                <strong>Article r\u00e9dig\u00e9 par <a href=\"\/fr\/a-propos-de-nous\/contributeurs#seamus-mckale\" title=\"Auteur : Seamus McKale\">Seamus McKale<\/a><\/strong>\r\n\t                <p><strong>Article \u00e9valu\u00e9 par <a title=\"Experte : Jil McIntosh\" href=\"\/fr\/a-propos-de-nous\/experts#automotive\">Jil McIntosh<\/a><\/strong><\/p> \r\n\t                <p class=\"pb-4\" style=\"margin-top:-24px\">Mis \u00e0 jour le 16 avril 2026<\/p>\r\n\t            <\/div>\r\n\t        <\/div>\r\n\r\n\t        <div class=\"row\">\r\n\t            <div class=\"col-lg-8\">\r\n\r\n\t                <p class=\"display-4\">Nous sommes tous pass\u00e9s par l\u00e0\u00a0: vous \u00eates press\u00e9, vous jonglez avec vos sacs et une tasse de caf\u00e9, vous allez ouvrir la porte et\u2026 elle est barr\u00e9e! Mais o\u00f9 avez-vous mis les cl\u00e9s? Puis, vous les voyez \u00e0 l\u2019int\u00e9rieur de l\u2019auto, d\u00e9pos\u00e9es sur la console!<\/p>\r\n\r\n\t                <p class=\"display-4\">Avec les v\u00e9hicules modernes avec allumage sans cl\u00e9, il est plus difficile d\u2019enfermer les cl\u00e9s dans l\u2019auto, mais \u00e7a arrive toujours. Premi\u00e8rement, il ne faut pas paniquer.<\/p>\r\n\r\n\t                <p class=\"display-4\">Lisez la suite pour d\u00e9couvrir six solutions pour d\u00e9barrer les portes de votre auto.<\/p>\r\n\r\n\t                <p class=\"pt-2\"><img loading=\"lazy\" decoding=\"async\" src=\"https:\/\/cdn.squareone.ca\/wp-content\/uploads\/2024\/08\/21114917\/keys-locked-in-car.jpg\" title=\"Cl\u00e9s enferm\u00e9es dans l\u2019auto? Voici 6 solutions\" alt=\"Vignette montrant une breloque de cl\u00e9s d\u00e9pos\u00e9e sur la console d\u2019une auto de luxe neuve\" width=\"248\" height=\"165\" class=\"img-fluid\" rel=\"noopener noreferrer\"><\/p>\r\n\t            <\/div>\r\n\r\n\t            <div class=\"col-lg-3 offset-lg-1\">\r\n\t            <\/div>\r\n\t        <\/div>  \r\n\t    <\/div>\r\n\t<\/div>\r\n\t<div class=\"bg-bottom\"><\/div>\r\n<\/section>\r\n\r\n<section>\r\n\t<div class=\"container-fluid py-6\">\r\n\t    <div class=\"row\">\r\n\t        <div class=\"col-12 col-lg-8\">\r\n\r\n        \t    <div class=\"row pb-6\">\r\n                    <div class=\"col-12\">\r\n                        <div class=\"card review\" style='background-color:#FFE0C9'>\r\n                            <div class=\"card-body\">\r\n                                <p class=\"h3\">L\u2019essentiel<\/p>\r\n                                <ul class='mb-0'>\r\n\t\t\t\t\t\t\t\t\t\t\t\t\t\t\t\t\t<li>En situation d\u2019urgence, comme un enfant enferm\u00e9 dans l\u2019auto, vous pouvez appeler les services d\u2019urgence (911).<\/li>\r\n\t\t\t\t\t\t\t\t\t\t\t\t\t\t\t  \t<li>Il vaut la peine de recourir \u00e0 des solutions \u00e9videntes (v\u00e9rification de chaque porte, ou utilisation d\u2019une cl\u00e9 de rechange) avant d\u2019appeler un professionnel.<\/li>\r\n\t\t\t\t\t\t\t\t\t\t\t\t\t\t\t  \t<li>Si vous \u00eates abonn\u00e9 \u00e0 un service d\u2019assistance routi\u00e8re, les services d\u2019un serrurier seraient probablement inclus.<\/li>\r\n\t\t\t\t\t\t\t\t\t\t\t\t\t\t\t\t<\/ul>\r\n                            <\/div>\r\n                        <\/div>\r\n                    <\/div>\r\n                <\/div>\r\n\r\n\t\t\t\t<h2 id=\"emergencies\">En situation d\u2019urgence<\/h2>\r\n\r\n\t\t\t\t\t<p>Premi\u00e8rement\u00a0:<\/p>\r\n\r\n\t\t\t\t\t<p>Si vos cl\u00e9s sont enferm\u00e9es dans l\u2019auto et vous vous trouvez en situation d\u2019urgence, vous devriez appeler le 911. Peut-\u00eatre un jeune enfant est enferm\u00e9 dans l\u2019auto pendant une journ\u00e9e chaude. En conditions m\u00e9t\u00e9orologiques chaudes, la temp\u00e9rature \u00e0 l\u2019int\u00e9rieur de l\u2019auto peut devenir trop \u00e9lev\u00e9e pour un enfant en 10\u00a0minutes seulement<sup><a href=\"#cite1\">1<\/a><\/sup>.<\/p>\r\n\r\n\t\t\t\t\t<p>Assurez-vous que la situation justifie un appel d\u2019urgence; la police a \u00e9galement une ligne d\u2019aide pour les situations non urgentes que vous pouvez appeler pour demander l\u2019aide d\u2019un agent. Si votre animal de compagnie est enferm\u00e9 dans le v\u00e9hicule, vous pouvez appeler la police ou les services de contr\u00f4le animal. Vous ne devriez jamais <a href=\"https:\/\/www.omvq.qc.ca\/l-ordre\/nouvelles-et-evenements\/2227-prevenir-les-coups-de-chaleur-ne-laissez-jamais-un-animal-dans-la-voiture-lors-de-journees-chaudes.html?CAT=&#038;PAGE=1\" title=\"Pr\u00e9venir les coups de chaleur : ne laissez jamais un animal dans la voiture lors de journ\u00e9es chaudes\" rel=\"noopener noreferrer\" target=\"_blank\">laisser un animal de compagnie dans une auto<\/a>.<\/p>\r\n\r\n\t\t\t\t<h2 id=\"easy-things\">Essayez les solutions \u00e9videntes d\u2019abord<\/h2>\r\n\r\n\t\t\t\t\t<p>Avant de prendre des mesures d\u00e9sesp\u00e9r\u00e9es pour d\u00e9barrer l\u2019auto, respirez \u00e0 fond et examinez les solutions \u00e9videntes\u00a0: parfois c\u2019est la solution la plus \u00e9vidente qui est la bonne.<\/p>\r\n\r\n\t\t\t\t\t<h3 id=\"try-each-door\">1. Essayez chaque porte<\/h3>\r\n\r\n\t\t\t\t\t<p>Ce n\u2019est pas probable, mais il est possible que la porte que vous essayez d\u2019ouvrir soit la seule qui est barr\u00e9e. Essayez toutes les portes. Essayez le coffre, \u00e9galement. V\u00e9rifiez s\u2019il y a une fen\u00eatre ouverte. Il est facile de paniquer dans cette situation et rater des solutions \u00e9videntes.<\/p>\r\n\r\n\t\t\t\t\t<h3 id=\"get-spare-keys\">2. Cherchez les cl\u00e9s de rechange<\/h3>\r\n\r\n\t\t\t\t\t<p>Vous devriez avoir un jeu de cl\u00e9s suppl\u00e9mentaire rang\u00e9 dans la maison. Si vous n\u2019\u00eates pas \u00e0 la maison, appelez quelqu\u2019un qui peut chercher les cl\u00e9s et vous les apporter. Malgr\u00e9 l\u2019attente, c\u2019est une solution moins dispendieuse comparativement aux services d\u2019un serrurier.<\/p>\r\n\r\n\t\t\t\t\t<h3 id=\"use-an-app\">3. Servez-vous de l\u2019appli ou du clavier<\/h3>\r\n\r\n\t\t\t\t\t<p>Bon nombre de v\u00e9hicules r\u00e9cents sont compatibles avec une appli mobile, comme <a href=\"https:\/\/fr.ford.ca\/support\/category\/fordpass\/?gnav=footer-owners&#038;searchid=700000001445575&#038;campaignid=71700000022778853&#038;gad_source=1&#038;gclid=CjwKCAjwreW2BhBhEiwAavLwfA0PEDrbwKH2SL_4lxrRTHnYLdgI_WjYkQNfDrSp1lSV7lLDcYCuUxoCMjcQAvD_BwE&#038;gclsrc=aw.ds\" title=\"FordPass\" rel=\"noopener noreferrer\" target=\"_blank\">FordPass<\/a> ou <a href=\"https:\/\/www.chevrolet.ca\/fr\/support\/vehicle\/smartphone-connections\/mychevrolet-mobile-app\" title=\"Application mobile myChevrolet\" rel=\"noopener noreferrer\" target=\"_blank\">myChevrolet<\/a>. Ils doivent \u00eatre configur\u00e9s \u00e0 l\u2019int\u00e9rieur du v\u00e9hicule, donc installez et connectez l\u2019application d\u00e8s que vous obtenez l\u2019auto, afin qu\u2019elle soit toujours pr\u00eate.<\/p>\r\n\r\n\t\t\t\t\t<p>Si votre v\u00e9hicule a un clavier pour d\u00e9barrer les portes, inscrivez votre code personnel ou le code configur\u00e9 par le constructeur, \u00e0 condition que vous les sachiez.<\/p>\r\n\r\n\t\t\t\t<h2 id=\"call-for-help\">Appelez au secours<\/h2>\r\n\r\n\t\t\t\t\t<p>Si les solutions les plus \u00e9videntes ne portent pas des fruits, vous pouvez faire appel \u00e0 un professionnel.<\/p>\r\n\r\n\t\t\t\t\t<h3 id=\"call-roadside-assistance\">4. Appelez l\u2019assistance routi\u00e8re<\/h3>\r\n\r\n\t\t\t\t\t<p>G\u00e9n\u00e9ralement, les programmes d\u2019assistance routi\u00e8re comprennent les services d\u2019un serrurier. Si vous \u00eates abonn\u00e9 \u00e0 ce genre de service, vous pouvez vous en servir. L\u2019assistance routi\u00e8re est offerte par l\u2019interm\u00e9diaire de votre concessionnaire, de la CAA ou autre. Certaines cartes de cr\u00e9dit proposent l\u2019assistance routi\u00e8re \u00e0 titre d\u2019\u00e0-c\u00f4t\u00e9.<\/p>\r\n\r\n\t\t\t\t\t<p>La plupart de ces programmes imposent une courte p\u00e9riode d\u2019attente avant leur entr\u00e9e en vigueur. Par cons\u00e9quent, vous ne pouvez pas vous abonner \u00e0 l\u2019assistance routi\u00e8re depuis le stationnement et vous en servir imm\u00e9diatement. Certains services permettent l\u2019acc\u00e8s imm\u00e9diat en \u00e9change des frais suppl\u00e9mentaires.<\/p>\r\n\r\n\t\t\t\t\t<h3 id=\"call-a-locksmith\">5. Appelez un serrurier<\/h3>\r\n\r\n\t\t\t\t\t<p>Si vous n\u2019avez pas l\u2019assistance routi\u00e8re, vous devrez appeler un serrurier directement. La plupart des compagnies de remorquage offrent des services de serrurier. Ce service couterait de 50\u00a0$ \u00e0 100\u00a0$ et m\u00eame plus pour les services apr\u00e8s les heures ouvrables ou \u00e0 distance. Il vaut mieux obtenir un devis pour avoir une id\u00e9e du prix et pour \u00e9viter les surprises d\u00e9sagr\u00e9ables.<\/p>\r\n\r\n\t\t\t\t<h2 id=\"DIY-solution\">Une derni\u00e8re solution maison<\/h2>\r\n\r\n\t\t\t\t\t<p>En dernier recours, il est toujours possible d\u2019ouvrir une auto barr\u00e9e sans cl\u00e9s. N\u2019oubliez pas toutefois que vous forcez la porte de votre auto, donc si vous endommagez le v\u00e9hicule, les dommages ne seraient pas couverts par l\u2019assurance auto ou la garantie de l\u2019auto. Il est pr\u00e9f\u00e9rable qu\u2019un professionnel fasse le travail.<\/p>\r\n\r\n\t\t\t\t\t<p>Vous avez \u00e9galement besoin des outils appropri\u00e9s. Selon l\u2019endroit o\u00f9 vous vous trouvez, vous n\u2019aurez pas forc\u00e9ment les outils dont vous avez besoin. N\u2019h\u00e9sitez pas \u00e0 demander de l\u2019aide, surtout si vous \u00eates stationn\u00e9 devant une entreprise\u00a0: vous n\u2019\u00eates probablement pas la premi\u00e8re personne \u00e0 laisser ses cl\u00e9s dans son auto devant leur entreprise. Si vous avez de la chance, quelqu\u2019un aura les outils et le savoir-faire de d\u00e9barrer votre auto. Pourtant, certaines personnes refuseront de vous aider pour des raisons li\u00e9es \u00e0 la <a href=\"\/fr\/centres-ressources\/lexique-assurance\/responsabilite\" title=\"D\u00e9finition : responsabilit\u00e9\">responsabilit\u00e9 civile<\/a>, au cas o\u00f9 la porte est endommag\u00e9e.<\/p> \r\n\r\n\t\t\t\t\t<p>Sinon, vous pouvez ouvrir la porte de votre auto \u00e0 l\u2019aide des articles de tous les jours suivants&nbsp;:<\/p>\r\n\r\n\t\t\t\t\t<h3 id=\"use-a-coat-hanger\">6. Un cintre<\/h3>\r\n\r\n\t\t\t\t\t<p>Vous avez vu sans doute des vid\u00e9os de quelqu\u2019un en train de forcer une porte de voiture \u00e0 l\u2019aide d\u2019un slim jim, d\u2019un cintre ou d\u2019un outil semblable. Typiquement, la m\u00e9thode de glisser un crochet dans la porte et de tirer sur le m\u00e9canisme de la serrure ne fonctionne pas sur les v\u00e9hicules modernes\u00a0: vous risquez \u00e9galement d\u2019endommager le m\u00e9canisme de la serrure. Dans cette optique, nous ne recommandons pas l\u2019outil slim jim, \u00e0 moins que vous sachiez comment vous en servir.<\/p>\r\n\r\n\t\t\t\t\t<p>Cependant, un cintre ou un article semblable pourrait faire l\u2019affaire. G\u00e9n\u00e9ralement, cette m\u00e9thode ne marche qu\u2019avec le verrouillage centralis\u00e9, mais pourrait marcher avec certaines serrures manuelles selon le mod\u00e8le d\u2019auto.<\/p>\r\n\r\n\t\t\t\t\t<p>Il faut un cintre redress\u00e9, un coin \u00e0 fendre tr\u00e8s mince (comme un couteau \u00e0 mastic) et un chiffon ou une bande de caoutchouc. \u00c0 l\u2019aide du coin \u00e0 fendre, pratiquez <em>tr\u00e8s soigneusement<\/em> une ouverture entre le haut de la porte et la carrosserie. Attention \u00e0 ne pas trop forcer, car vous risquez de briser la vitre. Une fois que vous aurez ouvert une fente, ins\u00e9rez le chiffon ou le caoutchouc pour la tenir ouverte. Ensuite, ins\u00e9rez le cintre et appuyez sur le bouton de d\u00e9verrouillage.<\/p>\r\n\r\n\t\t\t\t\t<p>Il existe d\u2019autres solutions pour d\u00e9barrer une porte, comme un coin \u00e0 fendre gonflable. Cela dit, il vaut mieux confier cette t\u00e2che \u00e0 un professionnel si vous avez des doutes.<\/p>\r\n\r\n\t\t\t\t\t<p><strong>Sources<\/strong><\/p>\r\n\r\n\t\t\t\t\t<ol type=\"1\">\r\n\t\t\t\t\t\t<li id=\"cite1\"> \u201cPr\u00e9venir les coups de chaleur : ne laissez jamais un animal dans la voiture lors de journ\u00e9es chaude. ne laissez jamais un animal dans la voiture lors de journ\u00e9es chaudes.\u2019\u201d <i>L\u2019ordre des m\u00e9decins v\u00e9t\u00e9rinaires du Qu\u00e9bec<\/i>, 18\u00a0juin\u00a02024, <a href=\"https:\/\/www.omvq.qc.ca\/l-ordre\/nouvelles-et-evenements\/2227-prevenir-les-coups-de-chaleur-ne-laissez-jamais-un-animal-dans-la-voiture-lors-de-journees-chaudes.html?CAT=&#038;PAGE=1\" title=\"Pr\u00e9venir les coups de chaleur : ne laissez jamais un animal dans la voiture lors de journ\u00e9es chaudes\" rel=\"noopener noreferrer\" target=\"_blank\">https:\/\/www.omvq.qc.ca\/l-ordre\/nouvelles-et-evenements\/2227-prevenir-les-coups-de-chaleur-ne-laissez-jamais-un-animal-dans-la-voiture-lors-de-journees-chaudes.html?CAT=&#038;PAGE=1<\/a>.<\/li>\r\n\t\t\t\t\t<\/ol>\r\n\r\n\t\t\t\t\t<p><strong>Vous voulez en savoir plus?<\/strong> Consultez notre <a href=\"\/fr\/centres-ressources\/assurance-auto\" title=\"Centre de ressources : assurance auto\">Centre de ressources : assurance auto<\/a> pour acc\u00e9der \u00e0 des articles pratiques. Ensuite, <a href=\"\/fr\/auto\" title=\"Obtenir une soumission d\u2019assurance auto\"> obtenir une soumission d\u2019assurance auto<\/a> en ligne en moins de 5 minutes et d\u00e9couvrez \u00e0 quel point la couverture personnalis\u00e9e peut \u00eatre abordable.<\/p>\r\n\r\n\t\t\t\t\t<div class=\"row py-3\">\r\n    <div class=\"col-12\">\r\n        <div class=\"card review\" style=\"background-color:#f0f0f2\">\r\n            <div class=\"card-body\">\r\n                <p class=\"text-primary h4\">\u00c0 propos de l'experte&nbsp;: Jil McIntosh<\/p>\r\n                <p>Jil McIntosh \u00e9crit au sujet des autos depuis belle lurette. Ses articles couvrent une vaste gamme de th\u00e8mes, comme les \u00e9valuations d\u2019autos neuves, l\u2019histoire automobile, la technologie v\u00e9hicule, les nouvelles sur l\u2019industrie. En outre, elle r\u00e9dige des articles pour des publications, comme Driving.ca, AutoTrader.ca, Automotive News Canada, Old Autos, Toronto Star Wheels et autres. Membre de l\u2019Association des journalistes automobile du Canada (AJAC), elle a gagn\u00e9 de nombreux prix, notamment journaliste automobile de l\u2019ann\u00e9e.<\/p>\r\n            <\/div>\r\n        <\/div>\r\n    <\/div>\r\n<\/div>\r\n\r\n\t\t\t\t\t<\/div>\r\n        <\/div>\r\n    <\/div>\r\n<\/section>\r\n<script type=\"application\/ld+json\">\r\n{\r\n  \"@context\": \"https:\/\/schema.org\",\r\n  \"@graph\": [\r\n    {\r\n      \"@type\": [\"WebPage\", \"HowTo\"],\r\n      \"@id\": \"https:\/\/www.squareone.ca\/fr\/centres-ressources\/assurance-auto\/cles-laissees-dans-une-auto\",\r\n      \"url\": \"https:\/\/www.squareone.ca\/fr\/centres-ressources\/assurance-auto\/cles-laissees-dans-une-auto\",\r\n      \"inLanguage\": \"fr-CA\",\r\n      \"isAccessibleForFree\": true,\r\n      \"headline\": \"Keys locked in your car? Here are 6 things to try\",\r\n      \"description\": \"Un guide qui explique les mesures \u00e0 prendre si vous enfermez vos cl\u00e9s \u00e0 l\u2019int\u00e9rieur de l\u2019auto, des simples v\u00e9rifications \u00e0 l\u2019aide professionnelle.\",\r\n      \"publisher\": {\r\n        \"@id\": \"https:\/\/www.squareone.ca\/fr\"\r\n      },\r\n      \"author\": {\r\n        \"@id\": \"#seamus-mckale\"\r\n      },\r\n      \"reviewedBy\": {\r\n        \"@id\": \"https:\/\/www.squareone.ca\/fr\/a-propos-de-nous\/experts#jil-mcintosh\"\r\n      },\r\n      \"citation\": [\r\n        {\r\n          \"@type\": \"CreativeWork\",\r\n          \"name\": \"L\u2019ordre des m\u00e9decins v\u00e9t\u00e9rinaires du Qu\u00e9bec. \u201cPr\u00e9venir les coups de chaleur : ne laissez jamais un animal dans la voiture lors de journ\u00e9es chaudes? ne laissez jamais un animal dans la voiture lors de journ\u00e9es chaudes.\u2019\u201d USA Today\",\r\n          \"url\": \"https:\/\/www.omvq.qc.ca\/l-ordre\/nouvelles-et-evenements\/2227-prevenir-les-coups-de-chaleur-ne-laissez-jamais-un-animal-dans-la-voiture-lors-de-journees-chaudes.html?CAT=&PAGE=1\"\r\n        }\r\n      ],\r\n      \"step\": [\r\n        {\r\n          \"@type\": \"HowToStep\",\r\n          \"name\": \"Appelez le 911 en situation d\u2019urgence\",\r\n          \"text\": \"Si un enfant ou un animal de compagnie est enferm\u00e9 dans l\u2019auto, surtout en temps chaud, appelez imm\u00e9diatement le 911, car la situation peut devenir grave en quelques minutes.\"\r\n        },\r\n        {\r\n          \"@type\": \"HowToStep\",\r\n          \"name\": \"Essayez chaque porte et fen\u00eatre\",\r\n          \"text\": \"Avant de prendre d\u2019autres mesures, v\u00e9rifiez chaque porte, le coffre et toutes les fen\u00eatres pour s\u2019assurer qu\u2019elles sont ferm\u00e9es de mani\u00e8re s\u00e9curitaire. Il est possible que l\u2019une d\u2019elles n\u2019\u00e9tait pas ferm\u00e9e \u00e0 cl\u00e9.\"\r\n        },\r\n        {\r\n          \"@type\": \"HowToStep\",\r\n          \"name\": \"Cherchez les cl\u00e9s de rechange\",\r\n          \"text\": \"Si vous \u00eates \u00e0 la maison, trouvez vos cl\u00e9s de rechange. Si vous \u00eates \u00e0 l\u2019ext\u00e9rieur, appelez quelqu\u2019un qui peut vous apporter les cl\u00e9s. Souvent, cette solution est plus rapide et moins dispendieuse que les services d\u2019un serrurier.\"\r\n        },\r\n        {\r\n          \"@type\": \"HowToStep\",\r\n          \"name\": \"Servez-vous de l\u2019appli ou du clavier du v\u00e9hicule\",\r\n          \"text\": \"Bon nombre de v\u00e9hicules r\u00e9cents sont compatibles avec une appli mobile (comme FordPass ou myChevrolet) qui permettent aux conducteurs de d\u00e9barrer \u00e0 distance leurs autos. Si votre auto \u00e0 un clavier num\u00e9rique sur la porte, utilisez votre code pour ouvrir la porte.\"\r\n        },\r\n        {\r\n          \"@type\": \"HowToStep\",\r\n          \"name\": \"Appelez un professionnel\",\r\n          \"text\": \"Si vous avez l\u2019assistance routi\u00e8re par l\u2019entremise d\u2019un service comme CAA, votre concessionnaire ou carte de cr\u00e9dit, appelez-la, car elle offre d\u2019habitude le service d\u2019un serrurier. Sinon, appelez un serrurier local ou une compagnie de remorquage.\"\r\n        },\r\n        {\r\n          \"@type\": \"HowToStep\",\r\n          \"name\": \"Essayez une solution maison (avec prudence)\",\r\n          \"text\": \"En dernier recours, vous pouvez essayer de d\u00e9barrer la porte \u00e0 l\u2019aide d\u2019un outil comme un cintre pour appuyer le bouton \u00e0 l\u2019int\u00e9rieur. Remarquez cependant que cette solution peut endommager la porte, la fen\u00eatre ou le m\u00e9canisme de verrouillage. Proc\u00e9dez avec prudence dans ce cas.\"\r\n        }\r\n      ]\r\n    },\r\n    {\r\n      \"@type\": \"InsuranceAgency\",\r\n      \"@id\": \"https:\/\/www.squareone.ca\/fr\",\r\n      \"name\": \"Assurances Square One\",\r\n      \"url\": \"https:\/\/www.squareone.ca\/fr\",\r\n      \"logo\": \"https:\/\/cdn.squareone.ca\/wp-content\/uploads\/2021\/04\/09094743\/square-one-logomark-default-md-1.png\",\r\n      \"address\": {\r\n        \"@type\": \"PostalAddress\",\r\n        \"streetAddress\": \"1410-650 W Georgia St\",\r\n        \"addressLocality\": \"Vancouver\",\r\n        \"addressRegion\": \"BC\",\r\n        \"postalCode\": \"V6B 4N8\",\r\n        \"addressCountry\": \"CA\"\r\n      },\r\n      \"telephone\": \"+1-855-331-6933\",\r\n      \"areaServed\": [\"BC\", \"AB\", \"SK\", \"MB\", \"ON\", \"QC\"],\r\n      \"feesAndCommissionsSpecification\": \"https:\/\/www.squareone.ca\/fr\/transparence\"\r\n    },\r\n    {\r\n      \"@type\": \"Person\",\r\n      \"@id\": \"#seamus-mckale\",\r\n      \"name\": \"Seamus McKale\",\r\n      \"url\": \"https:\/\/www.squareone.ca\/fr\/a-propos-de-nous\/membres-equipe#seamus-mckale\",\r\n      \"description\": \"Seamus a 15 ans d\u2019exp\u00e9rience en marketing, avec sp\u00e9cialisation en publicit\u00e9 multim\u00e9dia, r\u00e9daction technique et contenu sur l\u2019assurance personnelle.\",\r\n      \"jobTitle\": \"Sp\u00e9cialiste de marketing de contenu\",\r\n      \"worksFor\": {\r\n        \"@id\": \"https:\/\/www.squareone.ca\/fr\"\r\n      },\r\n      \"hasCredential\": [\r\n        {\r\n          \"@type\": \"EducationalOccupationalCredential\",\r\n          \"name\": \"Certificat en assurance de dommages de la C.-B., niveau 1\"\r\n        },\r\n        {\r\n          \"@type\": \"EducationalOccupationalCredential\",\r\n          \"name\": \"Certificat en assurance de dommages de l\u2019Ontario\"\r\n        }\r\n      ],\r\n      \"knowsAbout\": [\r\n        \"Marketing\",\r\n        \"Publicit\u00e9 multim\u00e9dia\",\r\n        \"R\u00e9daction technique\",\r\n        \"Assurance des particuliers\"\r\n      ],\r\n      \"sameAs\": [\r\n        \"https:\/\/www.linkedin.com\/in\/seamus-m-83801a2b\/\"\r\n      ]\r\n    },\r\n    {\r\n      \"@type\": \"Person\",\r\n      \"@id\": \"https:\/\/www.squareone.ca\/fr\/a-propos-de-nous\/experts#jil-mcintosh\",\r\n      \"name\": \"Jil McIntosh\",\r\n      \"url\": \"https:\/\/www.squareone.ca\/fr\/a-propos-de-nous\/experts#automotive\",\r\n      \"description\": \"Jil McIntosh \u00e9crit des articles sur les automobiles depuis des ann\u00e9es, y compris des \u00e9valuations des nouvelles autos, l\u2019histoire automobile, la technologie automobile et les derni\u00e8res nouvelles du secteur. Membre de l\u2019Association des journalistes automobile du Canada (AJAC), elle a gagn\u00e9 de nombreux prix, notamment journaliste automobile de l\u2019ann\u00e9e.\",\r\n      \"jobTitle\": \"R\u00e9dacteur automobile\",\r\n      \"knowsAbout\": [\r\n        \"\u00c9valuations automobiles\",\r\n        \"Histoire automobiles\",\r\n        \"Technologie automobile\",\r\n        \"Nouvelles du secteur automobile\"\r\n      ]\r\n    }\r\n  ]\r\n}\r\n<\/script>","protected":false},"excerpt":{"rendered":"<p>Vous avez barr\u00e9 l\u2019auto les cl\u00e9s \u00e0 l\u2019int\u00e9rieur? Voici 6 solutions Article \u00e9valu\u00e9 par Jil McIntosh Nous sommes tous pass\u00e9s par l\u00e0\u00a0: vous \u00eates press\u00e9, vous jonglez avec vos sacs et une tasse de caf\u00e9, vous allez ouvrir la porte et\u2026 elle est barr\u00e9e! Mais o\u00f9 avez-vous mis les cl\u00e9s? Puis, vous les voyez \u00e0 [&hellip;]<\/p>\n","protected":false},"author":20,"featured_media":72883,"parent":73111,"menu_order":0,"comment_status":"closed","ping_status":"closed","template":"page-article-new.php","meta":{"_acf_changed":false,"footnotes":""},"class_list":["post-73048","page","type-page","status-publish","has-post-thumbnail","hentry"],"acf":[],"_links":{"self":[{"href":"https:\/\/www.squareone.ca\/fr\/wp-json\/wp\/v2\/pages\/73048","targetHints":{"allow":["GET"]}}],"collection":[{"href":"https:\/\/www.squareone.ca\/fr\/wp-json\/wp\/v2\/pages"}],"about":[{"href":"https:\/\/www.squareone.ca\/fr\/wp-json\/wp\/v2\/types\/page"}],"author":[{"embeddable":true,"href":"https:\/\/www.squareone.ca\/fr\/wp-json\/wp\/v2\/users\/20"}],"replies":[{"embeddable":true,"href":"https:\/\/www.squareone.ca\/fr\/wp-json\/wp\/v2\/comments?post=73048"}],"version-history":[{"count":18,"href":"https:\/\/www.squareone.ca\/fr\/wp-json\/wp\/v2\/pages\/73048\/revisions"}],"predecessor-version":[{"id":78953,"href":"https:\/\/www.squareone.ca\/fr\/wp-json\/wp\/v2\/pages\/73048\/revisions\/78953"}],"up":[{"embeddable":true,"href":"https:\/\/www.squareone.ca\/fr\/wp-json\/wp\/v2\/pages\/73111"}],"wp:featuredmedia":[{"embeddable":true,"href":"https:\/\/www.squareone.ca\/fr\/wp-json\/wp\/v2\/media\/72883"}],"wp:attachment":[{"href":"https:\/\/www.squareone.ca\/fr\/wp-json\/wp\/v2\/media?parent=73048"}],"curies":[{"name":"wp","href":"https:\/\/api.w.org\/{rel}","templated":true}]}}