{"id":73100,"date":"2024-09-10T08:28:32","date_gmt":"2024-09-10T15:28:32","guid":{"rendered":"https:\/\/www.squareone.ca\/centres-ressources\/assurance-auto\/risques-specifies"},"modified":"2025-11-20T12:10:22","modified_gmt":"2025-11-20T20:10:22","slug":"risques-specifies","status":"publish","type":"page","link":"https:\/\/www.squareone.ca\/fr\/centres-ressources\/assurance-auto\/risques-specifies","title":{"rendered":"La couverture risques sp\u00e9cifi\u00e9s en assurance auto"},"content":{"rendered":"<section id='intro' class=\"bg-shape-split bg-sub-page-hero\">\r\n\t<div class=\"bg-position\">\r\n\t    <div class=\"container-fluid\">\r\n\t        <div class=\"row align-items-center\">\r\n\t            <div class=\"col-12 col-lg-8\">\r\n\t                <h1>La couverture risques sp\u00e9cifi\u00e9s en assurance auto<\/h1>\r\n<strong>Article r\u00e9dig\u00e9 par <a href=\"\/fr\/a-propos-de-nous\/contributeurs#seamus-mckale\" title=\"Auteur : Seamus McKale\">Seamus McKale<\/a><\/strong>\r\n\t                <p class=\"pb-3\"><strong>Article \u00e9valu\u00e9 par <a href=\"\/fr\/a-propos-de-nous\/experts\/daniel-mirkovic\" title=\"Expert : Daniel Mirkovic\">Daniel Mirkovic<\/a><\/strong><\/p> \r\n\t                <p class=\"pb-4\" style=\"margin-top:-24px\">Mis \u00e0 jour le 18 septembre 2025<\/p>\r\n\r\n\t            <\/div>\r\n\t        <\/div>\r\n\r\n\t        <div class=\"row\">\r\n\t            <div class=\"col-lg-8\">\r\n\r\n\t                <p class=\"display-4\">Quand vous souscrivez une police d\u2019assurance auto, l\u2019une des protections offertes est la couverture risques sp\u00e9cifi\u00e9s. Qu\u2019est-ce que la couverture risques sp\u00e9cifi\u00e9s? Vaut-elle la peine de souscrire?<\/p>\r\n\r\n\t                <p class=\"display-4\">Dans cet article, nous expliquons tout ce que vous devriez savoir au sujet de cette couverture et comment elle fonctionne comparativement \u00e0 d\u2019autres couvertures en assurance auto.<\/p>\r\n\r\n\t                <p class=\"pt-2\"><img loading=\"lazy\" decoding=\"async\" src=\"https:\/\/cdn.squareone.ca\/wp-content\/uploads\/2023\/10\/23114754\/specified-perils-car-insurance.jpg\" title=\"Risques sp\u00e9cifi\u00e9s en assurance auto\" alt=\"Un voleur en chandail \u00e0 capuchon blanc met ses mains sur la vitre d\u2019une auto\" width=\"248\" height=\"165\" class=\"img-fluid\" rel=\"noopener noreferrer\"><\/p>\r\n\t            <\/div>\r\n\r\n\t            <div class=\"col-lg-3 offset-lg-1\">\r\n\r\n\t                <p class=\"mb-2 display-4 pt-4 pt-lg-0 pt-mb-0\"><strong>Th\u00e8mes<\/strong><\/p>\r\n\r\n\t                <ul class=\"list-unstyled link-list display-4\">\r\n\t\t                <li><a href='#whats-covered'>Qu\u2019est-ce qui est couvert par la protection risques sp\u00e9cifi\u00e9s?<\/a><\/li>\r\n\t\t                <li><a href=\"#coverage-comparison\">Risques sp\u00e9cifi\u00e9s vs autres couvertures<\/a><\/li>\r\n\t                <\/ul>\r\n\r\n\t            <\/div>\r\n\t        <\/div>  \r\n\t    <\/div>\r\n\t<\/div>\r\n\t<div class=\"bg-bottom\"><\/div>\r\n<\/section>\r\n\r\n<section>\r\n\t<div class=\"container-fluid py-6\">\r\n\t    <div class=\"row\">\r\n\t        <div class=\"col-12 col-lg-8\">\r\n\r\n\t\t\t\t<h2 id=\"whats-covered\">Qu\u2019est-ce qui est couvert par l\u2019assurance risques sp\u00e9cifi\u00e9s?<\/h2>\r\n\r\n\t\t\t\t\t<p>La couverture risques sp\u00e9cifi\u00e9s, autrement appel\u00e9e <strong>risques d\u00e9sign\u00e9s<\/strong>, est un type d\u2019assurance qui couvre les pertes ou dommages d\u00e9coulant d\u2019une liste de sinistres sp\u00e9cifiques En assurance, un <a href=\"\/fr\/centres-ressources\/lexique-assurance\/risque\" title=\"D\u00e9finition : risque\">risque<\/a> est un \u00e9v\u00e9nement qui occasionne des pertes ou dommages, comme une collision ou une temp\u00eate de gr\u00eale.<\/p> \r\n\r\n\t\t\t\t\t<p>En assurance auto, la protection risques sp\u00e9cifi\u00e9s couvre les dommages au v\u00e9hicule assur\u00e9. Cette couverture paie les r\u00e9parations au v\u00e9hicule si celui-ci subit des dommages, mais seulement les dommages d\u00e9coulant des risques sp\u00e9cifi\u00e9s dans la police.<\/p>\r\n\r\n\t\t\t\t\t<p>Les risques en question varient selon votre fournisseur d\u2019assurance. Par exemple, la protection risques sp\u00e9cifi\u00e9s au <a href=\"https:\/\/lautorite.qc.ca\/fileadmin\/lautorite\/formulaires\/professionnels\/assureurs\/automobile\/fpq_4_2018-04-01.pdf\" title=\"Protection 4 : Garantie contre des risques sp\u00e9cifiques\" rel=\"noopener noreferrer\" target=\"_blank\">Qu\u00e9bec<\/a> couvre les dommages occasionn\u00e9s par les sinistres suivants\u00a0:<\/p>\r\n\r\n\t\t\t\t\t<ul>\r\n\t\t\t\t\t\t<li>L\u2019incendie<\/li>\r\n\t\t\t\t\t\t<li>Le vol et les tentatives de vol<\/li>\r\n\t\t\t\t\t\t<li>La foudre<\/li>\r\n\t\t\t\t\t\t<li>Les temp\u00eates de vent<\/li>\r\n\t\t\t\t\t\t<li>La gr\u00eale<\/li>\r\n\t\t\t\t\t\t<li>Les tremblements de terre<\/li>\r\n\t\t\t\t\t\t<li>Les explosions<\/li>\r\n\t\t\t\t\t\t<li>Les \u00e9meutes et les mouvements populaires<\/li>\r\n\t\t\t\t\t\t<li>L\u2019atterrissage forc\u00e9 ou la chute d\u2019un a\u00e9ronef ou d\u2019une partie de cet appareil<\/li>\r\n\t\t\t\t\t\t<li>L&rsquo;\u00e9chouement, la submersion, l&rsquo;incendie, le d\u00e9raillement ou la collision de tout wagon de chemin de fer, bateau ou d\u00e9panneuse servant \u00e0 transporter un v\u00e9hicule assur\u00e9<\/li>\r\n\t\t\t\t\t<\/ul>\r\n\r\n\t\t\t\t\t<p>La liste du Qu\u00e9bec est assez courante; la plupart des garanties risques sp\u00e9cifi\u00e9s au Canada affichent une liste semblable.<\/p>\r\n\r\n\t\t\t\t\t<p>La couverture risques sp\u00e9cifi\u00e9s est facultative. Il ne s\u2019agit pas d\u2019une couverture courante, car il y a de meilleures solutions sur le march\u00e9. Dans certains cas, la garantie risques sp\u00e9cifi\u00e9s n\u2019est m\u00eame pas offerte\u00a0: elle n\u2019est pas assez \u00e9tendue pour respecter certaines normes obligatoires.<\/p>\r\n\r\n\t\t\t\t\t<p>Par exemple, tous les conducteurs assurant leurs v\u00e9hicules au Manitoba et en Saskatchewan doivent souscrire les couvertures collision et compr\u00e9hensive. Les conducteurs dans chaque province doivent \u00e9galement souscrire ces deux couvertures s\u2019ils louent ou financent leurs v\u00e9hicules\u00a0: la couverture risques sp\u00e9cifi\u00e9s n\u2019est souvent pas suffisante.<\/p>\r\n\r\n\t\t\t\t\t<p>Examinons la diff\u00e9rence entre ces solutions de couverture et la raison pour laquelle la protection compr\u00e9hensive est g\u00e9n\u00e9ralement la couverture obligatoire.<\/p>\r\n\r\n\t\t\t\t<h2 id=\"coverage-comparison\">Comparaison des couvertures risques sp\u00e9cifi\u00e9s, compr\u00e9hensive et tous les risques<\/h2>\r\n\r\n\t\t\t\t\t<p>D\u2019autres garanties d\u2019assurance auto sont \u00e9troitement li\u00e9es aux risques sp\u00e9cifi\u00e9s, notamment les couvertures compr\u00e9hensive et tous les risques. Elles prot\u00e8gent le v\u00e9hicule assur\u00e9 contre les pertes et les dommages physiques, mais les sinistres couverts varient. Toutefois, vous ne pouvez pas souscrire toutes les trois, \u00e9tant donn\u00e9 que certaines couvertures se chevauchent.<\/p>\r\n\r\n\t\t\t\t\t<p><strong>La couverture risques sp\u00e9cifi\u00e9s<\/strong> est la couverture la plus restrictive. Cette garantie ne couvre que les pertes occasionn\u00e9es par l\u2019un des sinistres indiqu\u00e9s sur la liste.<\/p>\r\n\r\n\t\t\t\t\t<p><strong>La couverture compr\u00e9hensive<\/strong> est plus \u00e9tendue. Elle couvre les dommages au v\u00e9hicule assur\u00e9, \u00e0 l\u2019exception de quelques exclusions indiqu\u00e9es dans la police (notamment les collisions, un sinistre pour lequel vous pouvez souscrire une couverture s\u00e9par\u00e9e). Il existe quelques sinistres importants qui ne sont pas normalement couverts par la garantie risques sp\u00e9cifi\u00e9s, comme le vandalisme, la collision avec des animaux sauvages ou les dommages au pare-brise. Typiquement, ces sinistres ne sont pas couverts par la garantie compr\u00e9hensive. Pour quelques dollars suppl\u00e9mentaires par an, la garantie compr\u00e9hensive constitue le meilleur choix pour la majorit\u00e9 des titulaires d\u2019assurance auto.<\/p>\r\n\r\n\t\t\t\t\t<p><strong>La garantie tous les risques<\/strong>, en revanche, repr\u00e9sente la couverture la plus \u00e9tendue pour les dommages physiques au v\u00e9hicule assur\u00e9. Elle r\u00e9unit les couvertures compr\u00e9hensive et collision.<\/p>\r\n\r\n\t\t\t\t\t<p>\u00c0 part les diff\u00e9rences de couverture, il y a \u00e9galement une diff\u00e9rence de prix La couverture tous les risques est la protection la plus dispendieuse, car elle est effectivement deux couvertures en une seule. La garantie risques sp\u00e9cifi\u00e9s est la moins dispendieuse des trois couvertures, mais les \u00e9conomies sont relativement petites comparativement \u00e0 la garantie compr\u00e9hensive, qui est le choix le plus r\u00e9pandu entre les deux.<\/p>\r\n\r\n\t\t\t\t\t<p><strong>Vous voulez en savoir plus?<\/strong> Consultez notre <a href=\"\/fr\/centres-ressources\/assurance-auto\" title=\"Centre de ressources : assurance auto\">Centre de ressources : assurance auto<\/a> pour acc\u00e9der \u00e0 des articles pratiques. Ensuite, <a href=\"\/fr\/auto\" title=\"Obtenir une soumission d\u2019assurance auto\"> obtenir une soumission d\u2019assurance auto<\/a> en ligne en moins de 5 minutes et d\u00e9couvrez \u00e0 quel point la couverture personnalis\u00e9e peut \u00eatre abordable.<\/p>\r\n\r\n\t\t\t\t\t<div class=\"row py-3\">\r\n<div class=\"col-12\">\r\n<div class=\"card review\" style=\"box-shadow: 0 2px 4px rgba(0,0,0,0.07);background-color:#f4f4f4;\">\r\n<div class=\"card-body\">\r\n\t<p class=\"text-primary h4\">\u00c0 propos de l\u2019expert&nbsp;: Daniel Mirkovic<\/p>\r\n\t<p>Cofondateur de Square One comptant plus de 25&nbsp;ans dans le secteur de l\u2019assurance, Daniel \u00e9tait vice-pr\u00e9sident des services d\u2019assurance et de voyage de la British Columbia Automobile Association (BCAA). Daniel est titulaire d'un baccalaur\u00e9at \u00e8s commerce et d'une ma\u00eetrise \u00e8s administration des affaires, tous deux obtenus \u00e0 la Sauder School of Business de l'universit\u00e9 de la Colombie-Britannique. Daniel est muni de la d\u00e9signation CAAC et d\u2019un certificat en assurance de dommages niveau&nbsp;3 en Colombie-Britannique, en Alberta, en Saskatchewan, au Manitoba et en Ontario.<\/p>\r\n<\/div>\r\n<\/div>\r\n<\/div>\r\n<\/div>\r\n\r\n\t\t\t<\/div>\r\n        <\/div>\r\n    <\/div>\r\n<\/section>\r\n<script type=\"application\/ld+json\">\r\n{\r\n  \"@context\": \"https:\/\/schema.org\",\r\n  \"@graph\": [\r\n    {\r\n      \"@type\": [\"WebPage\", \"DefinedTerm\"],\r\n      \"@id\": \"https:\/\/www.squareone.ca\/fr\/centres-ressources\/assurance-auto\/risques-specifies\",\r\n      \"url\": \"https:\/\/www.squareone.ca\/fr\/centres-ressources\/assurance-auto\/risques-specifies\",\r\n      \"inLanguage\": \"fr-CA\",\r\n      \"isAccessibleForFree\": true,\r\n      \"name\": \"Specified perils car insurance coverage\",\r\n      \"description\": \"La couverture risques sp\u00e9cifi\u00e9s, autrement appel\u00e9 risques d\u00e9sign\u00e9s, est un type d\u2019assurance qui couvre les pertes ou dommages d\u00e9coulant d\u2019une liste de sinistres sp\u00e9cifiques.\",\r\n      \"inDefinedTermSet\": {\r\n        \"@type\": \"DefinedTermSet\",\r\n        \"name\": \"Lexique de l\u2019assurance de Square One\",\r\n        \"url\": \"https:\/\/www.squareone.ca\/fr\/centres-ressources\/lexique-assurance\"\r\n      },\r\n      \"publisher\": {\r\n        \"@id\": \"https:\/\/www.squareone.ca\/fr\"\r\n      },\r\n      \"author\": {\r\n        \"@id\": \"#seamus-mckale\"\r\n      },\r\n      \"reviewedBy\": {\r\n        \"@id\": \"https:\/\/www.squareone.ca\/fr\/a-propos-de-nous\/experts\/daniel-mirkovic\"\r\n      }\r\n    },\r\n    {\r\n      \"@type\": \"InsuranceAgency\",\r\n      \"@id\": \"https:\/\/www.squareone.ca\/fr\",\r\n      \"name\": \"Assurances Square One\",\r\n      \"url\": \"https:\/\/www.squareone.ca\/fr\",\r\n      \"logo\": \"https:\/\/cdn.squareone.ca\/wp-content\/uploads\/2021\/04\/09094743\/square-one-logomark-default-md-1.png\",\r\n      \"address\": {\r\n        \"@type\": \"PostalAddress\",\r\n        \"streetAddress\": \"1410-650 W Georgia St\",\r\n        \"addressLocality\": \"Vancouver\",\r\n        \"addressRegion\": \"BC\",\r\n        \"postalCode\": \"V6B 4N8\",\r\n        \"addressCountry\": \"CA\"\r\n      },\r\n      \"telephone\": \"+1-855-331-6933\",\r\n      \"areaServed\": [\"BC\", \"AB\", \"SK\", \"MB\", \"ON\", \"QC\"],\r\n      \"feesAndCommissionsSpecification\": \"https:\/\/www.squareone.ca\/fr\/transparence\"\r\n    },\r\n    {\r\n      \"@type\": \"Person\",\r\n      \"@id\": \"#seamus-mckale\",\r\n      \"name\": \"Seamus McKale\",\r\n      \"url\": \"https:\/\/www.squareone.ca\/fr\/a-propos-de-nous\/membres-equipe#seamus-mckale\",\r\n      \"description\": \"Seamus a 15 ans d\u2019exp\u00e9rience en marketing, avec sp\u00e9cialisation en publicit\u00e9 multim\u00e9dia, r\u00e9daction technique et contenu sur l\u2019assurance personnelle.\",\r\n      \"jobTitle\": \"Sp\u00e9cialiste de marketing de contenu\",\r\n      \"worksFor\": {\r\n        \"@id\": \"https:\/\/www.squareone.ca\/fr\"\r\n      },\r\n      \"hasCredential\": [\r\n        {\r\n          \"@type\": \"EducationalOccupationalCredential\",\r\n          \"name\": \"Certificat en assurance de dommages de la C.-B., niveau 1\"\r\n        },\r\n        {\r\n          \"@type\": \"EducationalOccupationalCredential\",\r\n          \"name\": \"Certificat en assurance de dommages de l\u2019Ontario\"\r\n        }\r\n      ],\r\n      \"knowsAbout\": [\r\n        \"Marketing\",\r\n        \"Publicit\u00e9 multim\u00e9dia\",\r\n        \"R\u00e9daction technique\",\r\n        \"Assurance des particuliers\"\r\n      ],\r\n      \"sameAs\": [\r\n        \"https:\/\/www.linkedin.com\/in\/seamus-m-83801a2b\/\"\r\n      ]\r\n    },\r\n    {\r\n      \"@type\": \"Person\",\r\n      \"@id\": \"https:\/\/www.squareone.ca\/fr\/a-propos-de-nous\/experts\/daniel-mirkovic\",\r\n      \"name\": \"Daniel Mirkovic\",\r\n      \"url\": \"https:\/\/www.squareone.ca\/fr\/a-propos-de-nous\/experts\/daniel-mirkovic\",\r\n      \"description\": \"Daniel poss\u00e8de de vastes connaissances en assurance, acquises au cours de plus de 25 ans d\u2019exprience dans le secteur.\",\r\n      \"jobTitle\": \"Cofondateur et PDG\",\r\n      \"worksFor\": {\r\n        \"@id\": \"https:\/\/www.squareone.ca\/fr\"\r\n      },\r\n      \"alumniOf\": {\r\n        \"@type\": \"CollegeOrUniversity\",\r\n        \"name\": \"Sauder School of Business at the University of British Columbia\"\r\n      },\r\n      \"hasCredential\": [\r\n        {\r\n          \"@type\": \"EducationalOccupationalCredential\",\r\n          \"name\": \"Courtier d\u2019assurance agr\u00e9\u00e9 du Canada (CAAC)\"\r\n        },\r\n        {\r\n          \"@type\": \"EducationalOccupationalCredential\",\r\n          \"name\": \"Certificat en assurance de dommages, niveau 3 (BC, AB, SK, MB, ON)\"\r\n        }\r\n      ],\r\n      \"knowsAbout\": [\r\n        \"Assurance propri\u00e9taire occupant\",\r\n        \"Assurance locataire\",\r\n        \"Assurance copropri\u00e9taire\",\r\n        \"Assurance auto\",\r\n        \"Assurance automobile de collection\",\r\n        \"Assurance maladie\",\r\n        \"Assurance-vie\",\r\n        \"L\u2019assurance invalidit\u00e9 de longue dur\u00e9e\",\r\n        \"Assurance v\u00e9t\u00e9rinaire\",\r\n        \"Assurance-voyage\",\r\n        \"Planification d\u2019affaires et strat\u00e9gique\",\r\n        \"Publicit\u00e9 s'adressant directement aux consommateurs\",\r\n        \"D\u00e9veloppement des produits\",\r\n        \"Conception de l\u2019exp\u00e9rience des utilisateurs\"\r\n      ],\r\n      \"sameAs\": [\r\n        \"https:\/\/www.linkedin.com\/in\/danielmirkovic\"\r\n      ]\r\n    },\r\n    {\r\n      \"@type\": \"FAQPage\",\r\n      \"mainEntity\": [\r\n        {\r\n          \"@type\": \"Question\",\r\n          \"name\": \"Qu\u2019est-ce qui est couvert par la garantie risques sp\u00e9cifi\u00e9s en assurance auto?\",\r\n          \"acceptedAnswer\": {\r\n            \"@type\": \"Answer\",\r\n            \"text\": \"La couverture risques sp\u00e9cifi\u00e9s, autrement appel\u00e9 risques d\u00e9sign\u00e9s, est un type d\u2019assurance qui couvre les pertes ou dommages d\u00e9coulant d\u2019une liste de sinistres sp\u00e9cifiques. En assurance, un risque est un \u00e9v\u00e9nement qui occasionne des pertes ou dommages, comme une collision ou une temp\u00eate de gr\u00eale. En assurance auto, la protection risques sp\u00e9cifi\u00e9s couvre les dommages au v\u00e9hicule assur\u00e9. Cette couverture paie les r\u00e9parations au v\u00e9hicule si celui-ci subit des dommages, mais seulement les dommages d\u00e9coulant des risques sp\u00e9cifi\u00e9s dans la police.\"\r\n          }\r\n        }\r\n      ]\r\n    }\r\n  ]\r\n}\r\n<\/script>\r\n","protected":false},"excerpt":{"rendered":"<p>La couverture risques sp\u00e9cifi\u00e9s en assurance auto Article \u00e9valu\u00e9 par Daniel Mirkovic Quand vous souscrivez une police d\u2019assurance auto, l\u2019une des protections offertes est la couverture risques sp\u00e9cifi\u00e9s. Qu\u2019est-ce que la couverture risques sp\u00e9cifi\u00e9s? Vaut-elle la peine de souscrire? Dans cet article, nous expliquons tout ce que vous devriez savoir au sujet de cette couverture [&hellip;]<\/p>\n","protected":false},"author":20,"featured_media":67417,"parent":69398,"menu_order":0,"comment_status":"closed","ping_status":"closed","template":"page-article-new.php","meta":{"_acf_changed":false,"footnotes":""},"class_list":["post-73100","page","type-page","status-publish","has-post-thumbnail","hentry"],"acf":[],"_links":{"self":[{"href":"https:\/\/www.squareone.ca\/fr\/wp-json\/wp\/v2\/pages\/73100","targetHints":{"allow":["GET"]}}],"collection":[{"href":"https:\/\/www.squareone.ca\/fr\/wp-json\/wp\/v2\/pages"}],"about":[{"href":"https:\/\/www.squareone.ca\/fr\/wp-json\/wp\/v2\/types\/page"}],"author":[{"embeddable":true,"href":"https:\/\/www.squareone.ca\/fr\/wp-json\/wp\/v2\/users\/20"}],"replies":[{"embeddable":true,"href":"https:\/\/www.squareone.ca\/fr\/wp-json\/wp\/v2\/comments?post=73100"}],"version-history":[{"count":8,"href":"https:\/\/www.squareone.ca\/fr\/wp-json\/wp\/v2\/pages\/73100\/revisions"}],"predecessor-version":[{"id":77483,"href":"https:\/\/www.squareone.ca\/fr\/wp-json\/wp\/v2\/pages\/73100\/revisions\/77483"}],"up":[{"embeddable":true,"href":"https:\/\/www.squareone.ca\/fr\/wp-json\/wp\/v2\/pages\/69398"}],"wp:featuredmedia":[{"embeddable":true,"href":"https:\/\/www.squareone.ca\/fr\/wp-json\/wp\/v2\/media\/67417"}],"wp:attachment":[{"href":"https:\/\/www.squareone.ca\/fr\/wp-json\/wp\/v2\/media?parent=73100"}],"curies":[{"name":"wp","href":"https:\/\/api.w.org\/{rel}","templated":true}]}}