{"id":73111,"date":"2024-09-10T15:12:44","date_gmt":"2024-09-10T22:12:44","guid":{"rendered":"https:\/\/www.squareone.ca\/centres-ressources\/proprietaire-vehicule"},"modified":"2026-04-09T11:20:47","modified_gmt":"2026-04-09T18:20:47","slug":"proprietaire-vehicule","status":"publish","type":"page","link":"https:\/\/www.squareone.ca\/fr\/centres-ressources\/proprietaire-vehicule","title":{"rendered":"Centre de ressources : propri\u00e9taire de v\u00e9hicule"},"content":{"rendered":"<section id=\"intro\" class=\"bg-shape-split bg-sub-page-hero\">\r\n\t<div class=\"bg-position\">\r\n\t\t<div class=\"container-fluid\">\r\n\t\t\t<div class=\"row\">\r\n\t\t\t\t<h1>Centre de ressources&nbsp;: propri\u00e9taire de v\u00e9hicule<\/h1>\r\n\r\n\t\t\t\t<p class=\"display-4\">Plus de 80&nbsp;% des Canadiens sont propri\u00e9taires d\u2019une auto. Malgr\u00e9 le nombre de gens qui sont propri\u00e9taires d\u2019un v\u00e9hicule, il y a beaucoup de confusion sur le sujet.<\/p>\r\n\t\t\t\t\r\n\t\t\t\t<p class=\"display-4\">Ce centre de ressources propose des tuyaux et conseils sur la conduite s\u00e9curitaire, de l\u2019entretien du v\u00e9hicule et d\u2019autres th\u00e8mes qui sont un vrai casse-t\u00eate. Nous vous invitons \u00e0 consulter les articles ci-dessous. Si vous avez des questions sp\u00e9cifiques \u00e0 nous poser, veuillez nous envoyer un <a href=\"mailto:info@squareone.ca\" title=\"Envoyez-nous un courriel\">courriel<\/a> et nous t\u00e2cherons de vous r\u00e9pondre.<\/p>\r\n\t\t\t\t\r\n\t\t\t\t<p class=\"display-4\">Pour consulter des dizaines d\u2019articles \u00e0 l\u2019intention des propri\u00e9taires occupants, copropri\u00e9taire, propri\u00e9taires bailleurs et locataires, jetez un \u0153il \u00e0 nos <a href=\"\/fr\/centres-ressources\" title=\"Articles pratiques sur l\u2019assurance et bien plus\">centres de ressources<\/a>.<\/p>\r\n\r\n\t\t\t\t<div id=\"wpcr_respond_1\"><\/div>\r\n\r\n\t\t\t<\/div>\r\n\t\t<\/div>\r\n\t<\/div>\r\n\t<div class=\"bg-bottom\"><\/div>\r\n<\/section>\r\n","protected":false},"excerpt":{"rendered":"<p>Centre de ressources&nbsp;: propri\u00e9taire de v\u00e9hicule Plus de 80&nbsp;% des Canadiens sont propri\u00e9taires d\u2019une auto. Malgr\u00e9 le nombre de gens qui sont propri\u00e9taires d\u2019un v\u00e9hicule, il y a beaucoup de confusion sur le sujet. Ce centre de ressources propose des tuyaux et conseils sur la conduite s\u00e9curitaire, de l\u2019entretien du v\u00e9hicule et d\u2019autres th\u00e8mes qui [&hellip;]<\/p>\n","protected":false},"author":20,"featured_media":0,"parent":48238,"menu_order":0,"comment_status":"closed","ping_status":"closed","template":"page-article-landing.php","meta":{"_acf_changed":false,"footnotes":""},"class_list":["post-73111","page","type-page","status-publish","hentry"],"acf":[],"_links":{"self":[{"href":"https:\/\/www.squareone.ca\/fr\/wp-json\/wp\/v2\/pages\/73111","targetHints":{"allow":["GET"]}}],"collection":[{"href":"https:\/\/www.squareone.ca\/fr\/wp-json\/wp\/v2\/pages"}],"about":[{"href":"https:\/\/www.squareone.ca\/fr\/wp-json\/wp\/v2\/types\/page"}],"author":[{"embeddable":true,"href":"https:\/\/www.squareone.ca\/fr\/wp-json\/wp\/v2\/users\/20"}],"replies":[{"embeddable":true,"href":"https:\/\/www.squareone.ca\/fr\/wp-json\/wp\/v2\/comments?post=73111"}],"version-history":[{"count":1,"href":"https:\/\/www.squareone.ca\/fr\/wp-json\/wp\/v2\/pages\/73111\/revisions"}],"predecessor-version":[{"id":78785,"href":"https:\/\/www.squareone.ca\/fr\/wp-json\/wp\/v2\/pages\/73111\/revisions\/78785"}],"up":[{"embeddable":true,"href":"https:\/\/www.squareone.ca\/fr\/wp-json\/wp\/v2\/pages\/48238"}],"wp:attachment":[{"href":"https:\/\/www.squareone.ca\/fr\/wp-json\/wp\/v2\/media?parent=73111"}],"curies":[{"name":"wp","href":"https:\/\/api.w.org\/{rel}","templated":true}]}}