{"id":73526,"date":"2024-10-17T11:12:42","date_gmt":"2024-10-17T18:12:42","guid":{"rendered":"https:\/\/www.squareone.ca\/centres-ressources\/assurance-auto\/frais-de-deplacement"},"modified":"2025-11-20T12:09:35","modified_gmt":"2025-11-20T20:09:35","slug":"frais-de-deplacement","status":"publish","type":"page","link":"https:\/\/www.squareone.ca\/fr\/centres-ressources\/assurance-auto\/frais-de-deplacement","title":{"rendered":"Qu\u2019est-ce que les frais de d\u00e9placement en assurance auto?"},"content":{"rendered":"<section id='intro' class=\"bg-shape-split bg-sub-page-hero\">\r\n\t<div class=\"bg-position\">\r\n\t    <div class=\"container-fluid\">\r\n\t        <div class=\"row align-items-center\">\r\n\t            <div class=\"col-12 col-lg-8\">\r\n\t                <h1>Qu\u2019est-ce que les frais de d\u00e9placement en assurance auto?<\/h1>\r\n<strong>Article r\u00e9dig\u00e9 par <a href=\"\/fr\/a-propos-de-nous\/contributeurs#seamus-mckale\" title=\"Auteur : Seamus McKale\">Seamus McKale<\/a><\/strong>\r\n\t                <p class=\"pb-3\"><strong>Article \u00e9valu\u00e9 par <a href=\"\/fr\/a-propos-de-nous\/experts\/daniel-mirkovic\" title=\"Expert : Daniel Mirkovic\">Daniel Mirkovic<\/a><\/strong><\/p> \r\n\t                <p class=\"pb-4\" style=\"margin-top:-24px\">Mis \u00e0 jour le 18 septembre 2025<\/p>\r\n\r\n\t            <\/div>\r\n\t        <\/div>\r\n\r\n\t        <div class=\"row\">\r\n\t            <div class=\"col-lg-8\">\r\n\r\n\t                <p class=\"display-4\">Vous vous demandez ce qui se passe si votre v\u00e9hicule est endommag\u00e9 dans un accident? Ne vous inqui\u00e9tez pas, vous avez l\u2019assurance auto appropri\u00e9e pour r\u00e9gler les r\u00e9parations. Pourtant, comment allez-vous vous d\u00e9placer pendant que votre auto est \u00e0 l\u2019atelier? Les r\u00e9parations prennent des jours, voire des semaines, \u00e0 faire\u00a0: entre-temps, vous avez besoin de vous d\u00e9placer.<\/p>\r\n\r\n\t                <p class=\"display-4\">D\u2019o\u00f9 le besoin de la couverture pour les frais de d\u00e9placement.<\/p>\r\n\r\n\t                <p class=\"display-4\">Les frais de d\u00e9placement ou de subsistance suppl\u00e9mentaires sont offerts dans plusieurs types de polices d\u2019assurance et l\u2019assurance auto ne fait pas exception. Dans cet article, nous expliquerons comment les frais de d\u00e9placement s\u2019inscrivent dans le cadre de l\u2019assurance auto et comment vous assurer que vous avez la bonne couverture.<\/p>\r\n\r\n\t                <p class=\"pt-2\"><img loading=\"lazy\" decoding=\"async\" src=\"https:\/\/cdn.squareone.ca\/wp-content\/uploads\/2023\/10\/23104755\/loss-of-use-car-insurance.jpg\" title=\"Les frais de d\u00e9placement en assurance auto\" alt=\"Diverses autos stationn\u00e9es en rang\u00e9e, mettant en vedette leurs dessins du devant\" width=\"248\" height=\"165\" class=\"img-fluid\" rel=\"noopener noreferrer\"><\/p>\r\n\t            <\/div>\r\n\r\n\t            <div class=\"col-lg-3 offset-lg-1\">\r\n\r\n\t                <p class=\"mb-2 display-4 pt-4 pt-lg-0 pt-mb-0\"><strong>Th\u00e8mes<\/strong><\/p>\r\n\r\n\t                <ul class=\"list-unstyled link-list display-4\">\r\n\t\t                <li><a href='#what-is-loss-of-use'>Qu\u2019est-ce que les frais de d\u00e9placement?<\/a><\/li>\r\n\t\t               \t<ul class=\"link-list display-6\">\r\n                            <li type=\"disc\" style=\"font-size:18px\"><a href=\"#coverage-limitations\">Limitations<\/a><\/li>\r\n                        <\/ul>\r\n\t\t                <li><a href=\"#how-long-does-it-last\">Pendant combien de temps durent les frais de d\u00e9placement?<\/a><\/li>\r\n\t\t                <li><a href=\"#FAQs\">Questions fr\u00e9quemment pos\u00e9es<\/a><\/li>\r\n\t                <\/ul>\r\n\r\n\t            <\/div>\r\n\t        <\/div>  \r\n\t    <\/div>\r\n\t<\/div>\r\n\t<div class=\"bg-bottom\"><\/div>\r\n<\/section>\r\n\r\n<section>\r\n\t<div class=\"container-fluid py-6\">\r\n\t    <div class=\"row\">\r\n\t        <div class=\"col-12 col-lg-8\">\r\n\r\n\t\t\t\t<h2 id=\"what-is-loss-of-use\">Qu\u2019est-ce que les frais de d\u00e9placement en assurance auto?<\/h2>\r\n\r\n\t\t\t\t\t<p>Les frais de d\u00e9placement couvrent les co\u00fbts de transport pendant que votre v\u00e9hicule subit des r\u00e9parations. Cela pourrait comprendre une auto de location, les frais de taxi, les cartes d\u2019abonnement de transports en commun, ainsi que les autres frais de d\u00e9placement.<\/p>\r\n\r\n\t\t\t\t<h3 id=\"coverage-limitations\">Limitations pour la couverture frais de d\u00e9placement<\/h3>\r\n\r\n\t\t\t\t\t<p>Les frais de d\u00e9placement comportent des conditions, bien entendu. La couverture pour les frais de d\u00e9placement ne s\u2019appliquent que si le v\u00e9hicule endommag\u00e9 est couvert par la police en premier lieu. Par exemple, si vous frappez un cerf avec votre v\u00e9hicule, vous ne pourrez pas revendiquer les frais de d\u00e9placement si vous n\u2019avez pas souscrit la couverture facultative compr\u00e9hensive ou tous les risques.<\/p>\r\n\r\n\t\t\t\t\t<p>La couverture pour les frais de d\u00e9placement n\u2019est pas forc\u00e9ment incluse pour tous les types d\u2019accidents, non plus.<\/p>\r\n\r\n\t\t\t\t\t<p>Par exemple, en <a href=\"https:\/\/www.fsrao.ca\/fr\/pour-les-consommateurs\/assurance-automobile\/souscription-de-votre-police\/couverture-facultative\" title=\"ARSF : Couverture facultative\" rel=\"noopener noreferrer\" target=\"_blank\">Ontario<\/a> et en <a href=\"https:\/\/www.alberta.ca\/system\/files\/custom_downloaded_images\/insurance-automobile-endorsement-sef-20-effective-2022-0601.pdf\" title=\"Avenant SEF 20 Alberta\" rel=\"noopener noreferrer\" target=\"_blank\">Alberta<\/a>, la couverture pour les frais de d\u00e9placement par d\u00e9faut n\u2019est offerte que si le v\u00e9hicule est vol\u00e9, ou si un tiers est responsable d\u2019une collision dont vous avez pr\u00e9sent\u00e9 une r\u00e9clamation dans le cadre de la couverture indemnisation directe pour les dommages mat\u00e9riels (ID-DM). Si vous \u00eates partiellement responsable de l\u2019accident, vous ne recevrez qu\u2019une couverture partielle pour les frais de d\u00e9placement. Par ailleurs, vous pourriez \u00eatre admissible aux frais de d\u00e9placement si votre v\u00e9hicule est endommag\u00e9 par un conducteur non assur\u00e9. <a href=\"https:\/\/www.icbc.com\/insurance\/products-coverage\/Pages\/loss-of-use.aspx\" title=\"ICBC : couverture pour les frais de d\u00e9placement\" rel=\"noopener noreferrer\" target=\"_blank\">En Colombie-Britannique<\/a>, la couverture pour les frais de d\u00e9placement est offerte avec les couvertures facultatives, comme collision ou compr\u00e9hensive.<\/p> \r\n\r\n\t\t\t\t\t<p>Vous pouvez \u00e9galement souscrire des avenants pour les frais de d\u00e9placement, comme le <strong>F.A.Q. No<sup>o<\/sup>\u00a020<\/strong> au Qu\u00e9bec, le <strong>FMPO\u00a020<\/strong> en Ontario et le <strong>SEF\u00a020<\/strong> en Alberta. Si vous souscrivez l\u2019un de ces avenants, vous pourrez revendiquer les frais de d\u00e9placement pour tout accident couvert par votre police. Dans le m\u00eame ordre d\u2019id\u00e9es, ces avenants vont de pair avec les couvertures facultatives comme collision ou compr\u00e9hensive.<\/p>\r\n\r\n\t\t\t\t\t<p>Si votre v\u00e9hicule est endommag\u00e9, vous ne pouvez pas forc\u00e9ment louer une auto et commencer \u00e0 revendiquer les frais de d\u00e9placement. Parlez avec votre assureur pour confirmer le montant de votre couverture, car cela vous aidera \u00e0 choisir un v\u00e9hicule dans votre budget pendant la r\u00e9paration de votre auto. Votre assureur vous aidera \u00e9galement \u00e0 organiser les r\u00e9parations et le v\u00e9hicule de rechange. Souvent, un assureur peut obtenir des taux pr\u00e9f\u00e9rentiels d\u2019une compagnie de location d\u2019autos, afin de vous assurer que la couverture pour les frais de d\u00e9placement durent aussi longtemps que possible au cas o\u00f9 les r\u00e9parations durent plus longtemps que pr\u00e9vu\u00a0: cela peut \u00eatre en raison des probl\u00e8mes dans la cha\u00eene d\u2019approvisionnement ou d\u2019un \u00e9v\u00e9nement m\u00e9t\u00e9orologique majeur qui augmente la demande de r\u00e9parations dans votre r\u00e9gion.<\/p>\r\n\r\n\t\t\t\t<h2 id=\"how-long-does-it-last\">Pendant combien de temps dure la couverture pour les frais de d\u00e9placement?<\/h2>\r\n\r\n\t\t\t\t\t<p>Comme toute couverture, les frais de d\u00e9placement ont des limitations. Votre police couvrira un v\u00e9hicule de rechange jusqu\u2019\u00e0 la survenance de l\u2019un des \u00e9v\u00e9nements suivants\u00a0:<\/p>\r\n\r\n\t\t\t\t\t<ol>\r\n\t\t\t\t\t\t<li><strong>La r\u00e9paration de votre v\u00e9hicule<\/strong>. \u00c9videmment, une fois que vous r\u00e9cup\u00e9rerez votre auto, la couverture pour les frais de d\u00e9placement s\u2019arr\u00eatera.<\/li>\r\n\t\t\t\t\t\t<li><strong>Vous acceptez un r\u00e8glement pour perte totale.<\/strong>. Si votre assureur d\u00e9termine que votre v\u00e9hicule est une perte totale et si vous acceptez un r\u00e8glement en esp\u00e8ces, la couverture pour les frais de d\u00e9placement prendra fin (parce que votre r\u00e9clamation sera ferm\u00e9e \u00e0 ce moment).<\/li>\r\n\t\t\t\t\t\t<li><strong>Vous atteignez votre limitation de couverture<\/strong>. Si votre police comprend une limitation pour les frais de d\u00e9placement, elle ne paiera votre v\u00e9hicule de rechange que jusqu&rsquo;\u00e0 concurrence de cette limitation.<\/li>\r\n\t\t\t\t\t<\/ol>\r\n\r\n\t\t\t\t<h2 id=\"FAQs\">Questions fr\u00e9quemment pos\u00e9es<\/h2>\r\n\r\n\t\t\t\t<h3>Existe-t-il une franchise pour les frais de d\u00e9placement en assurance auto?<\/h3>\r\n\r\n\t\t\t\t\t<p>Normalement, vous n\u2019avez pas \u00e0 payer une franchise pour les frais de d\u00e9placement dans le cadre de votre police d\u2019assurance auto. Toutefois, \u00e9tant donn\u00e9 que les frais de d\u00e9placement font partie d\u2019un sinistre couvert, vous aurez toujours \u00e0 payer la franchise qui s\u2019applique aux r\u00e9parations (comme la franchise compr\u00e9hensive ou collision).<\/p>\r\n\r\n\t\t\t\t<h3>Peut-on louer tout v\u00e9hicule en vertu de la couverture pour les frais de d\u00e9placement?<\/h3>\r\n\r\n\t\t\t\t\t<p>Si vous louez un v\u00e9hicule de location couvert par les frais de d\u00e9placement, votre assureur exigera que le v\u00e9hicule lou\u00e9 soit semblable \u00e0 votre propre v\u00e9hicule. Alors, pas la peine d\u2019aller au concessionnaire Ferrari quand votre Kia est \u00e0 l\u2019atelier. Cela aussi a du sens sur le plan financier\u00a0: si les r\u00e9parations prennent plus longtemps que pr\u00e9vu en raison des probl\u00e8mes dans la cha\u00eene d\u2019approvisionnement, une auto lou\u00e9e moins dispendieuse consommerait votre couverture moins rapidement.<\/p>\r\n\r\n\t\t\t\t<h3>Combien co\u00fbte-t-elle la couverture pour les frais de d\u00e9placement?<\/h3>\r\n\r\n\t\t\t\t\t<p>La couverture pour les frais de d\u00e9placement est typiquement abordable, souvent moins de 100\u00a0$\/an. Cependant, les primes d\u2019assurance sont bas\u00e9es sur plusieurs facteurs, donc votre prime pourrait \u00eatre diff\u00e9rente.<\/p>\r\n\r\n\t\t\t\t<h3>L\u2019assurance compr\u00e9hensive ou collision comprend-elle les frais de d\u00e9placement?<\/h3>\r\n\r\n\t\t\t\t\t<p>Au Qu\u00e9bec, en Ontario et en Alberta, les frais de d\u00e9placement ne s\u2019inscrivent pas automatiquement dans le cadre des couvertures facultatives, comme la couverture compr\u00e9hensive ou pour collision. Vous devrez souscrire un avenant, comme le F.A.Q. 20 au Qu\u00e9bec. Sinon, vous recevrez la couverture normale pour les frais de d\u00e9placement offerts seulement dans certaines circonstances, comme les r\u00e9clamations dans le cadre de la CID.<\/p>\r\n\r\n\t\t\t\t\t<p><strong>Vous voulez en savoir plus?<\/strong> Consultez notre <a href=\"\/fr\/centres-ressources\/assurance-auto\" title=\"Centre de ressources : assurance auto\">Centre de ressources : assurance auto<\/a> pour acc\u00e9der \u00e0 des articles pratiques. Ensuite, <a href=\"\/fr\/auto\" title=\"Obtenir une soumission d\u2019assurance auto\"> obtenir une soumission d\u2019assurance auto<\/a> en ligne en moins de 5 minutes et d\u00e9couvrez \u00e0 quel point la couverture personnalis\u00e9e peut \u00eatre abordable.<\/p>\r\n\r\n\t\t\t\t\t<div class=\"row py-3\">\r\n<div class=\"col-12\">\r\n<div class=\"card review\" style=\"box-shadow: 0 2px 4px rgba(0,0,0,0.07);background-color:#f4f4f4;\">\r\n<div class=\"card-body\">\r\n\t<p class=\"text-primary h4\">\u00c0 propos de l\u2019expert&nbsp;: Daniel Mirkovic<\/p>\r\n\t<p>Cofondateur de Square One comptant plus de 25&nbsp;ans dans le secteur de l\u2019assurance, Daniel \u00e9tait vice-pr\u00e9sident des services d\u2019assurance et de voyage de la British Columbia Automobile Association (BCAA). Daniel est titulaire d'un baccalaur\u00e9at \u00e8s commerce et d'une ma\u00eetrise \u00e8s administration des affaires, tous deux obtenus \u00e0 la Sauder School of Business de l'universit\u00e9 de la Colombie-Britannique. Daniel est muni de la d\u00e9signation CAAC et d\u2019un certificat en assurance de dommages niveau&nbsp;3 en Colombie-Britannique, en Alberta, en Saskatchewan, au Manitoba et en Ontario.<\/p>\r\n<\/div>\r\n<\/div>\r\n<\/div>\r\n<\/div>\r\n\r\n\t\t\t<\/div>\r\n        <\/div>\r\n    <\/div>\r\n<\/section>\r\n<script type=\"application\/ld+json\">\r\n{\r\n  \"@context\": \"https:\/\/schema.org\",\r\n  \"@graph\": [\r\n    {\r\n      \"@type\": [\"WebPage\", \"Article\"],\r\n      \"@id\": \"https:\/\/www.squareone.ca\/fr\/centres-ressources\/assurance-auto\/frais-de-deplacement\",\r\n      \"url\": \"https:\/\/www.squareone.ca\/fr\/centres-ressources\/assurance-auto\/frais-de-deplacement\",\r\n      \"inLanguage\": \"fr-CA\",\r\n      \"isAccessibleForFree\": true,\r\n      \"headline\": \"Les frais de d\u00e9placement en assurance auto\",\r\n      \"description\": \"Les frais de d\u00e9placement ou de subsistance suppl\u00e9mentaires sont offerts dans plusieurs types de polices d\u2019assurance et l\u2019assurance auto ne fait pas exception.\",\r\n      \"publisher\": {\r\n        \"@id\": \"https:\/\/www.squareone.ca\/fr\"\r\n      },\r\n      \"author\": {\r\n        \"@id\": \"#seamus-mckale\"\r\n      },\r\n      \"reviewedBy\": {\r\n        \"@id\": \"https:\/\/www.squareone.ca\/fr\/a-propos-de-nous\/experts\/daniel-mirkovic\"\r\n      }\r\n    },\r\n    {\r\n      \"@type\": \"InsuranceAgency\",\r\n      \"@id\": \"https:\/\/www.squareone.ca\/fr\",\r\n      \"name\": \"Assurances Square One\",\r\n      \"url\": \"https:\/\/www.squareone.ca\/fr\",\r\n      \"logo\": \"https:\/\/cdn.squareone.ca\/wp-content\/uploads\/2021\/04\/09094743\/square-one-logomark-default-md-1.png\",\r\n      \"address\": {\r\n        \"@type\": \"PostalAddress\",\r\n        \"streetAddress\": \"1410-650 W Georgia St\",\r\n        \"addressLocality\": \"Vancouver\",\r\n        \"addressRegion\": \"BC\",\r\n        \"postalCode\": \"V6B 4N8\",\r\n        \"addressCountry\": \"CA\"\r\n      },\r\n      \"telephone\": \"+1-855-331-6933\",\r\n      \"areaServed\": [\"BC\", \"AB\", \"SK\", \"MB\", \"ON\", \"QC\"],\r\n      \"feesAndCommissionsSpecification\": \"https:\/\/www.squareone.ca\/fr\/transparence\"\r\n    },\r\n    {\r\n      \"@type\": \"Person\",\r\n      \"@id\": \"#seamus-mckale\",\r\n      \"name\": \"Seamus McKale\",\r\n      \"url\": \"https:\/\/www.squareone.ca\/fr\/a-propos-de-nous\/membres-equipe#seamus-mckale\",\r\n      \"description\": \"Seamus a 15 ans d\u2019exp\u00e9rience en marketing, avec sp\u00e9cialisation en publicit\u00e9 multim\u00e9dia, r\u00e9daction technique et contenu sur l\u2019assurance personnelle.\",\r\n      \"jobTitle\": \"Sp\u00e9cialiste de marketing de contenu\",\r\n      \"worksFor\": {\r\n        \"@id\": \"https:\/\/www.squareone.ca\/fr\"\r\n      },\r\n      \"hasCredential\": [\r\n        {\r\n          \"@type\": \"EducationalOccupationalCredential\",\r\n          \"name\": \"Certificat en assurance de dommages de la C.-B., niveau 1\"\r\n        },\r\n        {\r\n          \"@type\": \"EducationalOccupationalCredential\",\r\n          \"name\": \"Certificat en assurance de dommages de l\u2019Ontario\"\r\n        }\r\n      ],\r\n      \"knowsAbout\": [\r\n        \"Marketing\",\r\n        \"Publicit\u00e9 multim\u00e9dia\",\r\n        \"R\u00e9daction technique\",\r\n        \"Assurance des particuliers\"\r\n      ],\r\n      \"sameAs\": [\r\n        \"https:\/\/www.linkedin.com\/in\/seamus-m-83801a2b\/\"\r\n      ]\r\n    },\r\n    {\r\n      \"@type\": \"Person\",\r\n      \"@id\": \"https:\/\/www.squareone.ca\/fr\/a-propos-de-nous\/experts\/daniel-mirkovic\",\r\n      \"name\": \"Daniel Mirkovic\",\r\n      \"url\": \"https:\/\/www.squareone.ca\/fr\/a-propos-de-nous\/experts\/daniel-mirkovic\",\r\n      \"description\": \"Daniel poss\u00e8de de vastes connaissances en assurance, acquises au cours de plus de 25 ans d\u2019exprience dans le secteur.\",\r\n      \"jobTitle\": \"Cofondateur et PDG\",\r\n      \"worksFor\": {\r\n        \"@id\": \"https:\/\/www.squareone.ca\/fr\"\r\n      },\r\n      \"alumniOf\": {\r\n        \"@type\": \"CollegeOrUniversity\",\r\n        \"name\": \"Sauder School of Business at the University of British Columbia\"\r\n      },\r\n      \"hasCredential\": [\r\n        {\r\n          \"@type\": \"EducationalOccupationalCredential\",\r\n          \"name\": \"Courtier d\u2019assurance agr\u00e9\u00e9 du Canada (CAAC)\"\r\n        },\r\n        {\r\n          \"@type\": \"EducationalOccupationalCredential\",\r\n          \"name\": \"Certificat en assurance de dommages, niveau 3 (BC, AB, SK, MB, ON)\"\r\n        }\r\n      ],\r\n      \"knowsAbout\": [\r\n        \"Assurance propri\u00e9taire occupant\",\r\n        \"Assurance locataire\",\r\n        \"Assurance copropri\u00e9taire\",\r\n        \"Assurance auto\",\r\n        \"Assurance automobile de collection\",\r\n        \"Assurance maladie\",\r\n        \"Assurance-vie\",\r\n        \"L\u2019assurance invalidit\u00e9 de longue dur\u00e9e\",\r\n        \"Assurance v\u00e9t\u00e9rinaire\",\r\n        \"Assurance-voyage\",\r\n        \"Planification d\u2019affaires et strat\u00e9gique\",\r\n        \"Publicit\u00e9 s'adressant directement aux consommateurs\",\r\n        \"D\u00e9veloppement des produits\",\r\n        \"Conception de l\u2019exp\u00e9rience des utilisateurs\"\r\n      ],\r\n      \"sameAs\": [\r\n        \"https:\/\/www.linkedin.com\/in\/danielmirkovic\"\r\n      ]\r\n    },\r\n    {\r\n      \"@type\": \"FAQPage\",\r\n      \"mainEntity\": [\r\n        {\r\n          \"@type\": \"Question\",\r\n          \"name\": \"Quels recours avez-vous si votre demande d\u2019assurance auto est refus\u00e9e?\",\r\n          \"acceptedAnswer\": {\r\n            \"@type\": \"Answer\",\r\n            \"text\": \"Si un fournisseur refuse votre demande d\u2019assurance auto, il est possible que vous ayez plus de chances chez un autre fournisseur. Cela dit, les conducteurs \u00e0 risque \u00e9lev\u00e9 ayant plusieurs infractions ou accidents avec responsabilit\u00e9 dans leur dossier auront de la difficult\u00e9 \u00e0 souscrire une assurance auto. Si votre police a \u00e9t\u00e9 r\u00e9sili\u00e9e en raison des lignes directrices de la souscription, comme la fausse d\u00e9claration ou les infractions relatives \u00e0 la conduite, vous pourriez perdre le droit de souscrire une police chez les fournisseurs d\u2019assurance traditionnels et ce, pendant des ann\u00e9es.\"\r\n          }\r\n        }\r\n      ]\r\n    }\r\n  ]\r\n}\r\n<\/script>\r\n","protected":false},"excerpt":{"rendered":"<p>Qu\u2019est-ce que les frais de d\u00e9placement en assurance auto? Article \u00e9valu\u00e9 par Daniel Mirkovic Vous vous demandez ce qui se passe si votre v\u00e9hicule est endommag\u00e9 dans un accident? Ne vous inqui\u00e9tez pas, vous avez l\u2019assurance auto appropri\u00e9e pour r\u00e9gler les r\u00e9parations. Pourtant, comment allez-vous vous d\u00e9placer pendant que votre auto est \u00e0 l\u2019atelier? Les [&hellip;]<\/p>\n","protected":false},"author":20,"featured_media":67408,"parent":69398,"menu_order":0,"comment_status":"closed","ping_status":"closed","template":"page-article-new.php","meta":{"_acf_changed":false,"footnotes":""},"class_list":["post-73526","page","type-page","status-publish","has-post-thumbnail","hentry"],"acf":[],"_links":{"self":[{"href":"https:\/\/www.squareone.ca\/fr\/wp-json\/wp\/v2\/pages\/73526","targetHints":{"allow":["GET"]}}],"collection":[{"href":"https:\/\/www.squareone.ca\/fr\/wp-json\/wp\/v2\/pages"}],"about":[{"href":"https:\/\/www.squareone.ca\/fr\/wp-json\/wp\/v2\/types\/page"}],"author":[{"embeddable":true,"href":"https:\/\/www.squareone.ca\/fr\/wp-json\/wp\/v2\/users\/20"}],"replies":[{"embeddable":true,"href":"https:\/\/www.squareone.ca\/fr\/wp-json\/wp\/v2\/comments?post=73526"}],"version-history":[{"count":6,"href":"https:\/\/www.squareone.ca\/fr\/wp-json\/wp\/v2\/pages\/73526\/revisions"}],"predecessor-version":[{"id":77482,"href":"https:\/\/www.squareone.ca\/fr\/wp-json\/wp\/v2\/pages\/73526\/revisions\/77482"}],"up":[{"embeddable":true,"href":"https:\/\/www.squareone.ca\/fr\/wp-json\/wp\/v2\/pages\/69398"}],"wp:featuredmedia":[{"embeddable":true,"href":"https:\/\/www.squareone.ca\/fr\/wp-json\/wp\/v2\/media\/67408"}],"wp:attachment":[{"href":"https:\/\/www.squareone.ca\/fr\/wp-json\/wp\/v2\/media?parent=73526"}],"curies":[{"name":"wp","href":"https:\/\/api.w.org\/{rel}","templated":true}]}}