{"id":73879,"date":"2024-11-25T15:19:44","date_gmt":"2024-11-25T23:19:44","guid":{"rendered":"https:\/\/www.squareone.ca\/centres-ressources\/lexique-assurance\/definition-sauvetage"},"modified":"2025-12-19T08:54:13","modified_gmt":"2025-12-19T16:54:13","slug":"definition-sauvetage","status":"publish","type":"page","link":"https:\/\/www.squareone.ca\/fr\/centres-ressources\/lexique-assurance\/sauvetage","title":{"rendered":"Sauvetage"},"content":{"rendered":"<section id='intro' class=\"bg-shape-split bg-sub-page-hero\">\r\n    <div class=\"bg-position\">\r\n        <div class=\"container-fluid\">\r\n            <div class=\"row align-items-center\">\r\n                <div class=\"col-12 col-lg-8\">\r\n                    <h1>Sauvetage<\/h1>\r\n                    <strong>Article r\u00e9dig\u00e9 par <a href=\"\/fr\/a-propos-de-nous\/contributeurs#ziyad-bakkali\" title=\"Auteur : Ziyad Bakkali\">Ziyad Bakkali<\/a><\/strong>\r\n                    <p class=\"pb-3\"><strong>Article \u00e9valu\u00e9 par <a href=\"\/fr\/a-propos-de-nous\/experts\/daniel-mirkovic\" title=\"Expert : Daniel Mirkovic\">Daniel Mirkovic<\/a><\/strong><\/p> \r\n                    <p class=\"pb-4\" style=\"margin-top:-24px\">Mis \u00e0 jour le 6 novembre 2025<\/p>\r\n                <\/div>\r\n            <\/div>\r\n\r\n            <div class=\"row\">\r\n                <div class=\"col-lg-8\">\r\n                    <p class='mb-0'>Nom<\/p>\r\n\r\n                    <p>Sauve-tage | sovta\u0292<\/p>\r\n\r\n                    <p class=\"display-4\"><strong><span class='text-orange'>D\u00e9finition\u00a0:<\/span> des biens endommag\u00e9s r\u00e9cup\u00e9r\u00e9s par un assureur apr\u00e8s avoir indemnis\u00e9 l\u2019assur\u00e9 de sa perte.<\/strong><\/p>\r\n\r\n                    <p class=\"display-4\"><i>\u00ab\u00a0Apr\u00e8s la destruction totale de l\u2019auto de Maria lors d\u2019un accident, sa compagnie d\u2019assurance a pris possession du v\u00e9hicule par l\u2019interm\u00e9diaire du <strong>sauvetage <\/strong>\u00a0\u00bb.<\/i><\/p>\r\n                   \r\n                <\/div>\r\n\r\n                <div class=\"col-lg-3 offset-lg-1\">          \r\n                    <p class=\"mb-2 display-4 pt-4 pt-lg-0 pt-mb-0\"><strong>Th\u00e8mes<\/strong><\/p>\r\n\r\n                    <ul class=\"list-unstyled link-list display-4\">\r\n                        <li><a href='#What-is-salvage'>Qu\u2019est-ce que le sauvetage?<\/a><\/li>\r\n                        <li><a href='#How-it-works'>Le sauvetage expliqu\u00e9<\/a><\/li>\r\n                            <ul class=\"link-list display-6\">\r\n                                <li style=\"font-size: 18px;\" type=\"disc\"><a href=\"#Salvage-home\">Le sauvetage en assurance habitation<\/a><\/li>\r\n                                <li style=\"font-size: 18px;\" type=\"disc\"><a href=\"#Salvage-car\">Le sauvetage en assurance auto<\/a><\/li>\r\n                            <\/ul>\r\n                        <li><a href='#What-is'>Qu\u2019est-ce qu\u2019un titre de r\u00e9cup\u00e9ration?<\/a><\/li>\r\n                    <\/ul>\r\n                <\/div>\r\n            <\/div>  \r\n        <\/div>\r\n    <\/div>\r\n    <div class=\"bg-bottom\"><\/div>\r\n<\/section>\r\n\r\n<section>\r\n    <div class=\"container-fluid py-6\">\r\n        <div class=\"row\">\r\n            <div class=\"col-12 col-lg-8\">\r\n                <div class=\"row pb-6\">\r\n                    <div class=\"col-12\">\r\n                        <div class=\"card review\" style='background-color:#FFE0C9'>\r\n                            <div class=\"card-body\">\r\n                                <p class=\"h3\">L\u2019essentiel<\/p>\r\n                                <ul class='mb-0'>\r\n                                <li>Le sauvetage est l\u2019acquisition des biens endommag\u00e9s par l\u2019assureur apr\u00e8s avoir indemnis\u00e9 l\u2019assur\u00e9 de sa perte.<\/li>\r\n                                <li>Le sauvetage n\u2019est pas limit\u00e9 aux autos; il peut comprendre les bicyclettes, les meubles, les \u0153uvres d\u2019art, les bijoux, les b\u00e2timents et la machinerie.<\/li>\r\n                                <li>Les assureurs utilisent le sauvetage pour r\u00e9cup\u00e9rer une partie du r\u00e8glement de la r\u00e9clamation. Ils peuvent vendre le bien ou le d\u00e9truire de mani\u00e8re responsable si le bien n\u2019a aucune valeur.<\/li>\r\n                                <\/ul>\r\n                            <\/div>\r\n                        <\/div>\r\n                    <\/div>\r\n                <\/div>\r\n\r\n            <h2 id=\"What-is-salvage\">Qu\u2019est-ce que le sauvetage?<\/h2>\r\n\r\n                <p>Le <strong>sauvetage<\/strong> est la valeur restante d\u2019un article perdu partiellement endommag\u00e9 ou r\u00e9cup\u00e9r\u00e9 dont la compagnie d\u2019assurance prend possession apr\u00e8s avoir <a href=\"\/fr\/centres-ressources\/lexique-assurance\/indemnite\"title=\"D\u00e9finition : indemnit\u00e9\">indemnis\u00e9<\/a> un assur\u00e9 de l\u2019article perdu.<\/p> \r\n\r\n                <p>C\u2019est une id\u00e9e fausse que le sauvetage s\u2019applique uniquement aux v\u00e9hicules. Effectivement, le sauvetage s\u2019applique \u00e0 tout bien endommag\u00e9 ou perdu couvert par l\u2019assurance. Cela comprend les bicyclettes, les meubles, les bijoux de luxe ou m\u00eame une \u0153uvre d\u2019art convoit\u00e9e. Le sauvetage peut \u00e9galement s\u2019appliquer \u00e0 des biens \u00e0 usage professionnel, comme la machinerie.<\/p>\r\n\r\n            <h2 id=\"How-it-works\">Le sauvetage expliqu\u00e9<\/h2>\r\n\r\n                <p>Lorsqu\u2019un assureur obtient un bien par sauvetage, il \u00e9value premi\u00e8rement la port\u00e9e des dommages au bien. Ceci est pour d\u00e9terminer si l\u2019assureur peut r\u00e9cup\u00e9rer une partie du r\u00e8glement vers\u00e9 \u00e0 l\u2019assur\u00e9.<\/p>\r\n\r\n                <p>Si l\u2019assureur d\u00e9termine que le bien n\u2019a presque aucune valeur commerciale, il le d\u00e9truira ou le donnera, typiquement. Mais cela n\u2019arrive que dans des cas rares et extr\u00eames. Pour la plupart, si les dommages ne sont pas consid\u00e9rables, le bien assur\u00e9 peut \u00eatre r\u00e9par\u00e9 ou restaur\u00e9.<\/p>\r\n\r\n            <h3 id=\"Salvage-home\">Le sauvetage en assurance habitation<\/h3>\r\n\r\n                <p>En assurance habitation, le besoin de sauvetage survient apr\u00e8s un <a href=\"\/fr\/centres-ressources\/lexique-assurance\/risque\"title=\"D\u00e9finition : risque\">risque<\/a> grave subi par un assur\u00e9, comme l\u2019incendie ou le vol. G\u00e9n\u00e9ralement, les polices d\u2019assurance habitation couvrent les pertes de ces risques assur\u00e9s si elles sont subites et accidentelles. Dans certains cas, si vous avez de la chance, il pourrait y avoir des parties de vos biens qui sont relativement intacts et qui peuvent \u00eatre r\u00e9par\u00e9s ou restaur\u00e9s.<\/p>\r\n\r\n                <p class=\"mb-0\">Prenons l\u2019exemple suivant d\u2019une bicyclette vol\u00e9e\u00a0:<\/p>\r\n\r\n<div class=\"row py-6\">\r\n    <div class=\"col-12\">\r\n        <div class=\"card review\" style='background-color:#B5E0EB'>\r\n            <div class=\"card-body\">\r\n                <p class=\"display-4\"><strong>Exemple<\/strong><\/p>\r\n\r\n                <p><i>Un jour, la bicyclette de Sarah a \u00e9t\u00e9 vol\u00e9e devant sa maison. D\u00e9vast\u00e9e par la perte, Sarah pr\u00e9sente imm\u00e9diatement une r\u00e9clamation aupr\u00e8s de sa compagnie d\u2019assurance et d\u00e9clare le vol aupr\u00e8s de la police.<\/i><\/p>\r\n\r\n                <p><i>L\u2019assureur a promptement trait\u00e9 sa r\u00e9clamation et a indemnis\u00e9 Sarah la valeur \u00e0 neuf de la bicyclette vol\u00e9e; elle utilise l\u2019argent du r\u00e8glement pour acheter une bicyclette neuve.<\/i><\/p>\r\n\r\n                <p><i>Quelques semaines plus tard, Sarah re\u00e7oit un appel inattendu de la police\u00a0: on avait r\u00e9cup\u00e9r\u00e9 sa bicyclette vol\u00e9e! Sarah en informe son assureur, car celui-ci est le propri\u00e9taire l\u00e9gal de la bicyclette r\u00e9cup\u00e9r\u00e9e (sauvetage). Dans ce cas, l\u2019assureur offre \u00e0 l\u2019assur\u00e9, Sarah en l\u2019occurrence, la possibilit\u00e9 de racheter la bicyclette originale \u00e0 sa juste valeur marchande. Si Sarah ne d\u00e9cide pas de racheter la bicyclette, l\u2019assureur essaierait alors de vendre la bicyclette r\u00e9cup\u00e9r\u00e9e \u00e0 sa juste valeur marchande. Les recettes de la vente aident l\u2019assureur \u00e0 recouvrer une partie du r\u00e8glement vers\u00e9 \u00e0 Sarah.<\/i><\/p>\r\n\r\n            <\/div>\r\n        <\/div>\r\n    <\/div>\r\n<\/div> \r\n\r\n                <p>N\u2019oubliez pas que l\u2019assurance est fond\u00e9e sur la r\u00e9ciprocit\u00e9. Bien que vous payiez une prime pour assurer vos biens, vous avez \u00e9galement une responsabilit\u00e9 de prot\u00e9ger vos possessions. Si un tuyau \u00e9clate dans votre habitation et cause la fuite d\u2019eau, vous devez prendre des mesures raisonnables pour minimiser les d\u00e9g\u00e2ts. Vous devriez \u00e9galement prendre toutes les mesures possibles pour <a href=\"\/fr\/centres-ressources\/securite-domiciliaire-personnelle\/prevention-degats-eau\"title=\"Pr\u00e9vention des d\u00e9g\u00e2ts d\u2019eau\">emp\u00eacher des d\u00e9g\u00e2ts d\u2019eau suppl\u00e9mentaires<\/a>.<\/p>\r\n\r\n                <p>Pourquoi? Vous avez un devoir juridique d\u2019att\u00e9nuer les dommages selon les conditions g\u00e9n\u00e9rales de la plupart des polices d\u2019assurance. Si vous causez volontairement des dommages ou vous n\u2019emp\u00eachez pas des dommages suppl\u00e9mentaires \u00e0 votre maison, il est possible que votre assureur refuse de vous indemniser les biens que l\u2019on aurait pu sauver.<\/p>\r\n\r\n            <h3 id=\"Salvage-car\">Le sauvetage en assurance auto<\/h3>\r\n\r\n                <p>Lorsqu\u2019il s\u2019agit d\u2019assurance auto, vous entendrez souvent le terme \u00ab\u00a0sauvetage\u00a0\u00bb.<\/p>\r\n\r\n                <p>Admettons que vous \u00eates dans un accident de v\u00e9hicule majeur et votre auto est compl\u00e8tement d\u00e9truite. Vous pr\u00e9sentez une r\u00e9clamation en assurance, en esp\u00e9rant que votre assureur r\u00e8gle les dommages ou vous en indemnise. Toutefois, que faire si la r\u00e9paration de l\u2019auto est plus dispendieuse que la valeur de l\u2019auto?-<\/p>\r\n\r\n                <p>Si la valeur au jour du sinistre de votre auto est inf\u00e9rieure au co\u00fbt de la r\u00e9parer, la compagnie d\u2019assurance d\u00e9terminera que l\u2019auto est une <a href=\"\/fr\/centres-ressources\/lexique-assurance\/perte-totale\"title=\"D\u00e9finition :\r\nperte totale\">perte totale<\/a>. Pourquoi? Dans ce cas, l\u2019assureur n\u2019a pas d\u2019int\u00e9r\u00eat \u00e9conomique \u00e0 r\u00e9parer votre auto s\u2019il est plus facile d\u2019acheter une auto comparable selon l\u2019ann\u00e9e, la marque, le mod\u00e8le et le kilom\u00e9trage. \u00c0 la place, l\u2019assureur vous donnera un r\u00e8glement \u00e9gal \u00e0 la valeur au jour du sinistre de l\u2019auto et prendra l\u2019auto en sauvetage. Il peut vendre l\u2019auto pour les pi\u00e8ces ou la radier.<\/p>\r\n\r\n                <p>Heureusement, ce n\u2019est pas tous les accidents qui sont des pertes totales. D\u2019habitude, les dommages ne sont pas si graves. Dans cette optique, l\u2019assureur r\u00e9parera l\u2019auto, car cela a plus de sens sur le plan financier.<\/p>\r\n\r\n            <h3 id=\"Salvage-title\">Qu\u2019est-ce qu\u2019un titre de r\u00e9cup\u00e9ration?<\/h3>\r\n\r\n                <p>Un <strong>titre de r\u00e9cup\u00e9ration<\/strong> signifie que l\u2019auto a \u00e9t\u00e9 d\u00e9molie, inond\u00e9e ou endommag\u00e9e \u00e0 tel point qu\u2019elle ne peut plus \u00eatre conduite en toute s\u00e9curit\u00e9. Effectivement, c\u2019est comme si vous disiez \u00a0: \u00ab\u00a0Celui-ci n\u2019est pas le v\u00e9hicule d\u2019occasion moyen \u2014 il a subi un accident majeur et a besoin de r\u00e9parations consid\u00e9rables\u00a0\u00bb.<\/p>\r\n\r\n                <p>La plupart des compagnies d\u2019assurance ont des ententes d\u2019affaires avec des parcs \u00e0 ferrailles et des vendeurs \u00e0 l\u2019encan qui sp\u00e9cialisent dans l\u2019achat des titres de r\u00e9cup\u00e9ration. Ces acheteurs connaissent le march\u00e9\u00a0: ils ont vu plein de v\u00e9hicules d\u00e9glingu\u00e9s. Ils pr\u00e9senteront une offre pour votre auto (ou ses pi\u00e8ces) en fonction des prix de vente r\u00e9cents.<\/p>\r\n\r\n                <p>Vous pouvez \u00e9galement acheter un titre de r\u00e9cup\u00e9ration vous-m\u00eame. Toutefois, m\u00eame si le v\u00e9hicule semble s\u00e9curitaire, vous ne pouvez pas le conduire l\u00e9galement avant qu\u2019il soit r\u00e9par\u00e9 et r\u00e9put\u00e9 s\u00e9curitaire \u00e0 conduire. Pour ce faire, il faut changer le titre du v\u00e9hicule de r\u00e9cup\u00e9ration \u00e0 <em>reconstruit<\/em>.<\/p>\r\n\r\n                <p>Pour obtenir le titre de reconstruit, il faut faire ce qui suit\u00a0:<\/p>\r\n\r\n                <ol>\r\n                    <li>Faites r\u00e9viser le v\u00e9hicule par un m\u00e9canicien ou par un atelier pour r\u00e9parer les dommages.<\/li>\r\n                    <li>R\u00e9ussir une inspection m\u00e9canique dans un centre de v\u00e9rification m\u00e9canique approuv\u00e9.<\/li> \r\n                <\/ol>\r\n                \r\n                <p>Une fois que vous aurez surmont\u00e9 ces obstacles, il faut songer \u00e0 l\u2019assurance.<\/p>\r\n\r\n                <p>Normalement, les compagnies d\u2019assurance ne couvrent pas les v\u00e9hicules \u00e0 titre de r\u00e9cup\u00e9ration. Le v\u00e9hicule ne vaut pas le coup d\u2019assurer. Un v\u00e9hicule \u00e0 titre de reconstruit en revanche peut \u00eatre assur\u00e9, mais vous devriez verser une <a href=\"\/fr\/centres-ressources\/lexique-assurance\/prime\"title=\"D\u00e9finition : prime\">prime<\/a> plus \u00e9lev\u00e9e en toute probabilit\u00e9.<\/p> \r\n\r\n                <p>Il est important de noter que, bien que les r\u00e9parations puissent r\u00e9soudre plusieurs probl\u00e8mes, il n\u2019y a aucune garantie. Parfois, il y a des d\u00e9fauts mineurs ou des pi\u00e8ces us\u00e9es que m\u00eame le meilleur m\u00e9canicien peut manquer en premier lieu. Ces petits probl\u00e8mes pourraient ne pas sembler importants, mais ils pourraient causer des risques de s\u00e9curit\u00e9 \u00e0 l\u2019avenir. Par cons\u00e9quent, si vous comptez acheter un v\u00e9hicule \u00e0 titre de r\u00e9cup\u00e9ration, n\u2019oubliez pas de prendre en consid\u00e9ration ces risques.<\/p>\r\n\r\n\r\n                <p><strong>Vous recherchez une d\u00e9finition en assurance?<\/strong> Consultez notre <a href=\"\/fr\/centres-ressources\/lexique-assurance\" title=\"Centre de ressources : lexique de l'assurance\">Centre de ressources&nbsp;: lexique de l\u2019assurance<\/a> pour acc\u00e9der \u00e0 des d\u00e9finitions faciles \u00e0 comprendre des termes les plus courants de l'assurance. Ensuite, <a href=\"\/fr\/soumission-assurance-habitation-en-ligne\" title=\"Obtenir une soumission d\u2019assurance habitation en ligne\">obtenez une soumission d'assurance habitation en ligne<\/a> en moins de 5\u00a0minutes et d\u00e9couvrez \u00e0 quel point l\u2019assurance habitation personnalis\u00e9e peut \u00eatre abordable.<\/p>\r\n\r\n                <div class=\"row py-3\">\r\n<div class=\"col-12\">\r\n<div class=\"card review\" style=\"box-shadow: 0 2px 4px rgba(0,0,0,0.07);background-color:#f4f4f4;\">\r\n<div class=\"card-body\">\r\n\t<p class=\"text-primary h4\">\u00c0 propos de l\u2019expert&nbsp;: Daniel Mirkovic<\/p>\r\n\t<p>Cofondateur de Square One comptant plus de 25&nbsp;ans dans le secteur de l\u2019assurance, Daniel \u00e9tait vice-pr\u00e9sident des services d\u2019assurance et de voyage de la British Columbia Automobile Association (BCAA). Daniel est titulaire d'un baccalaur\u00e9at \u00e8s commerce et d'une ma\u00eetrise \u00e8s administration des affaires, tous deux obtenus \u00e0 la Sauder School of Business de l'universit\u00e9 de la Colombie-Britannique. Daniel est muni de la d\u00e9signation CAAC et d\u2019un certificat en assurance de dommages niveau&nbsp;3 en Colombie-Britannique, en Alberta, en Saskatchewan, au Manitoba et en Ontario.<\/p>\r\n<\/div>\r\n<\/div>\r\n<\/div>\r\n<\/div>\r\n\r\n            <\/div>\r\n        <\/div>\r\n    <\/div>\r\n<\/section>\r\n<script type=\"application\/ld+json\">\r\n{\r\n  \"@context\": \"https:\/\/schema.org\",\r\n  \"@graph\": [\r\n    {\r\n      \"@type\": [\"WebPage\", \"DefinedTerm\"],\r\n      \"@id\": \"https:\/\/www.squareone.ca\/fr\/centres-ressources\/lexique-assurance\/sauvetage\",\r\n      \"url\": \"https:\/\/www.squareone.ca\/fr\/centres-ressources\/lexique-assurance\/sauvetage\",\r\n      \"inLanguage\": \"fr-CA\",\r\n      \"isAccessibleForFree\": true,\r\n      \"name\": \"Sauvetage\",\r\n      \"description\": \"Des biens endommag\u00e9s r\u00e9cup\u00e9r\u00e9s par un assureur apr\u00e8s avoir indemnis\u00e9 l\u2019assur\u00e9 de sa perte.\",\r\n      \"inDefinedTermSet\": {\r\n        \"@type\": \"DefinedTermSet\",\r\n        \"name\": \"Lexique de l\u2019assurance de Square One\",\r\n        \"url\": \"https:\/\/www.squareone.ca\/fr\/centres-ressources\/lexique-assurance\"\r\n      },\r\n      \"publisher\": {\r\n        \"@id\": \"https:\/\/www.squareone.ca\/fr\"\r\n      },\r\n      \"author\": {\r\n        \"@id\": \"#seamus-mckale\"\r\n      },\r\n      \"reviewedBy\": {\r\n        \"@id\": \"https:\/\/www.squareone.ca\/fr\/a-propos-de-nous\/experts\/daniel-mirkovic\"\r\n      }\r\n    },\r\n    {\r\n      \"@type\": \"InsuranceAgency\",\r\n      \"@id\": \"https:\/\/www.squareone.ca\/fr\",\r\n      \"name\": \"Assurances Square One\",\r\n      \"url\": \"https:\/\/www.squareone.ca\/fr\",\r\n      \"logo\": \"https:\/\/cdn.squareone.ca\/wp-content\/uploads\/2021\/04\/09094743\/square-one-logomark-default-md-1.png\",\r\n      \"address\": {\r\n        \"@type\": \"PostalAddress\",\r\n        \"streetAddress\": \"1410-650 W Georgia St\",\r\n        \"addressLocality\": \"Vancouver\",\r\n        \"addressRegion\": \"BC\",\r\n        \"postalCode\": \"V6B 4N8\",\r\n        \"addressCountry\": \"CA\"\r\n      },\r\n      \"telephone\": \"+1-855-331-6933\",\r\n      \"areaServed\": [\"BC\", \"AB\", \"SK\", \"MB\", \"ON\", \"QC\"],\r\n      \"feesAndCommissionsSpecification\": \"https:\/\/www.squareone.ca\/fr\/transparence\"\r\n    },\r\n    {\r\n      \"@type\": \"Person\",\r\n      \"@id\": \"#seamus-mckale\",\r\n      \"name\": \"Seamus McKale\",\r\n      \"url\": \"https:\/\/www.squareone.ca\/fr\/a-propos-de-nous\/membres-equipe#seamus-mckale\",\r\n      \"description\": \"Seamus a 15 ans d\u2019exp\u00e9rience en marketing, avec sp\u00e9cialisation en publicit\u00e9 multim\u00e9dia, r\u00e9daction technique et contenu sur l\u2019assurance personnelle.\",\r\n      \"jobTitle\": \"Sp\u00e9cialiste de marketing de contenu\",\r\n      \"worksFor\": {\r\n        \"@id\": \"https:\/\/www.squareone.ca\/fr\"\r\n      },\r\n      \"hasCredential\": [\r\n        {\r\n          \"@type\": \"EducationalOccupationalCredential\",\r\n          \"name\": \"Certificat en assurance de dommages de la C.-B., niveau 1\"\r\n        },\r\n        {\r\n          \"@type\": \"EducationalOccupationalCredential\",\r\n          \"name\": \"Certificat en assurance de dommages de l\u2019Ontario\"\r\n        }\r\n      ],\r\n      \"knowsAbout\": [\r\n        \"Marketing\",\r\n        \"Publicit\u00e9 multim\u00e9dia\",\r\n        \"R\u00e9daction technique\",\r\n        \"Assurance des particuliers\"\r\n      ],\r\n      \"sameAs\": [\r\n        \"https:\/\/www.linkedin.com\/in\/seamus-m-83801a2b\/\"\r\n      ]\r\n    },\r\n    {\r\n      \"@type\": \"Person\",\r\n      \"@id\": \"https:\/\/www.squareone.ca\/fr\/a-propos-de-nous\/experts\/daniel-mirkovic\",\r\n      \"name\": \"Daniel Mirkovic\",\r\n      \"url\": \"https:\/\/www.squareone.ca\/fr\/a-propos-de-nous\/experts\/daniel-mirkovic\",\r\n      \"description\": \"Daniel poss\u00e8de de vastes connaissances en assurance, acquises au cours de plus de 25 ans d\u2019exp\u00e9rience dans le secteur.\",\r\n      \"jobTitle\": \"Cofondateur et PDG\",\r\n      \"worksFor\": {\r\n        \"@id\": \"https:\/\/www.squareone.ca\/fr\"\r\n      },\r\n      \"alumniOf\": {\r\n        \"@type\": \"CollegeOrUniversity\",\r\n        \"name\": \"Sauder School of Business at the University of British Columbia\"\r\n      },\r\n      \"hasCredential\": [\r\n        {\r\n          \"@type\": \"EducationalOccupationalCredential\",\r\n          \"name\": \"Courtier d\u2019assurance agr\u00e9\u00e9 du Canada (CAAC)\"\r\n        },\r\n        {\r\n          \"@type\": \"EducationalOccupationalCredential\",\r\n          \"name\": \"Certificat en assurance de dommages, niveau 3 (BC, AB, SK, MB, ON)\"\r\n        }\r\n      ],\r\n      \"knowsAbout\": [\r\n        \"Assurance propri\u00e9taire occupant\",\r\n        \"Assurance locataire\",\r\n        \"Assurance copropri\u00e9taire\",\r\n        \"Assurance auto\",\r\n        \"Assurance automobile de collection\",\r\n        \"Assurance maladie\",\r\n        \"Assurance-vie\",\r\n        \"L\u2019assurance invalidit\u00e9 de longue dur\u00e9e\",\r\n        \"Assurance v\u00e9t\u00e9rinaire\",\r\n        \"Assurance-voyage\",\r\n        \"Planification d\u2019affaires et strat\u00e9gique\",\r\n        \"Publicit\u00e9 s'adressant directement aux consommateurs\",\r\n        \"D\u00e9veloppement des produits\",\r\n        \"Conception de l\u2019exp\u00e9rience des utilisateurs\"\r\n      ],\r\n      \"sameAs\": [\r\n        \"https:\/\/www.linkedin.com\/in\/danielmirkovic\"\r\n      ]\r\n    },\r\n    {\r\n      \"@type\": \"FAQPage\",\r\n      \"mainEntity\": [\r\n        {\r\n          \"@type\": \"Question\",\r\n          \"name\": \"Qu\u2019est-ce-que le sauvetage?\",\r\n          \"acceptedAnswer\": {\r\n            \"@type\": \"Answer\",\r\n            \"text\": \"Le sauvetage est la valeur restante d\u2019un article perdu partiellement endommag\u00e9 ou r\u00e9cup\u00e9r\u00e9 dont la compagnie d\u2019assurance prend possession apr\u00e8s avoir un assur\u00e9 de l\u2019article perdu.\"\r\n          }\r\n        },\r\n        {\r\n          \"@type\": \"Question\",\r\n          \"name\": \"Le sauvetage expliqu\u00e9\",\r\n          \"acceptedAnswer\": {\r\n            \"@type\": \"Answer\",\r\n            \"text\": \"Lorsqu\u2019un assureur obtient un bien par sauvetage, il \u00e9value premi\u00e8rement la port\u00e9e des dommages au bien. Ceci est pour d\u00e9terminer si l\u2019assureur peut r\u00e9cup\u00e9rer une partie du r\u00e8glement vers\u00e9 \u00e0 l\u2019assur\u00e9. Si l\u2019assureur d\u00e9termine que le bien n\u2019a presque aucune valeur commerciale, il le d\u00e9truira ou le donnera, typiquement. Pour la plupart, si les dommages ne sont pas consid\u00e9rables, le bien assur\u00e9 peut \u00eatre r\u00e9par\u00e9 ou restaur\u00e9.\"\r\n          }\r\n        },\r\n        {\r\n          \"@type\": \"Question\",\r\n          \"name\": \"Qu\u2019est-ce qu\u2019un titre de r\u00e9cup\u00e9ration?\",\r\n          \"acceptedAnswer\": {\r\n            \"@type\": \"Answer\",\r\n            \"text\": \"Un titre de r\u00e9cup\u00e9ration signifie que l\u2019auto a \u00e9t\u00e9 d\u00e9molie, inond\u00e9e ou endommag\u00e9e \u00e0 tel point qu\u2019elle ne peut plus \u00eatre conduite en toute s\u00e9curit\u00e9.\"\r\n          }\r\n        }\r\n      ]\r\n    }\r\n  ]\r\n}\r\n<\/script>\r\n","protected":false},"excerpt":{"rendered":"<p>Sauvetage Article \u00e9valu\u00e9 par Daniel Mirkovic Nom Sauve-tage | sovta\u0292 D\u00e9finition\u00a0: des biens endommag\u00e9s r\u00e9cup\u00e9r\u00e9s par un assureur apr\u00e8s avoir indemnis\u00e9 l\u2019assur\u00e9 de sa perte. \u00ab\u00a0Apr\u00e8s la destruction totale de l\u2019auto de Maria lors d\u2019un accident, sa compagnie d\u2019assurance a pris possession du v\u00e9hicule par l\u2019interm\u00e9diaire du sauvetage \u00a0\u00bb. Th\u00e8mes Qu\u2019est-ce que le sauvetage? Le [&hellip;]<\/p>\n","protected":false},"author":43,"featured_media":0,"parent":53157,"menu_order":0,"comment_status":"closed","ping_status":"closed","template":"page-article-new.php","meta":{"_acf_changed":false,"footnotes":""},"class_list":["post-73879","page","type-page","status-publish","hentry"],"acf":[],"_links":{"self":[{"href":"https:\/\/www.squareone.ca\/fr\/wp-json\/wp\/v2\/pages\/73879","targetHints":{"allow":["GET"]}}],"collection":[{"href":"https:\/\/www.squareone.ca\/fr\/wp-json\/wp\/v2\/pages"}],"about":[{"href":"https:\/\/www.squareone.ca\/fr\/wp-json\/wp\/v2\/types\/page"}],"author":[{"embeddable":true,"href":"https:\/\/www.squareone.ca\/fr\/wp-json\/wp\/v2\/users\/43"}],"replies":[{"embeddable":true,"href":"https:\/\/www.squareone.ca\/fr\/wp-json\/wp\/v2\/comments?post=73879"}],"version-history":[{"count":13,"href":"https:\/\/www.squareone.ca\/fr\/wp-json\/wp\/v2\/pages\/73879\/revisions"}],"predecessor-version":[{"id":77823,"href":"https:\/\/www.squareone.ca\/fr\/wp-json\/wp\/v2\/pages\/73879\/revisions\/77823"}],"up":[{"embeddable":true,"href":"https:\/\/www.squareone.ca\/fr\/wp-json\/wp\/v2\/pages\/53157"}],"wp:attachment":[{"href":"https:\/\/www.squareone.ca\/fr\/wp-json\/wp\/v2\/media?parent=73879"}],"curies":[{"name":"wp","href":"https:\/\/api.w.org\/{rel}","templated":true}]}}