{"id":73884,"date":"2024-11-26T09:08:31","date_gmt":"2024-11-26T17:08:31","guid":{"rendered":"https:\/\/www.squareone.ca\/a-propos-de-nous\/contributeurs"},"modified":"2026-02-27T09:26:27","modified_gmt":"2026-02-27T17:26:27","slug":"contributeurs","status":"publish","type":"page","link":"https:\/\/www.squareone.ca\/fr\/a-propos-de-nous\/contributeurs","title":{"rendered":"Contributeurs"},"content":{"rendered":"<section id=\"intro\" class=\"bg-shape-split bg-sub-page-hero\">\r\n\t<div class=\"bg-position\">\r\n\t\t<div class=\"container-fluid\">\r\n\t\t\t<div class=\"row align-items-center\">\r\n\t\t\t\t<div class=\"col-12 col-lg-8\">\r\n\r\n                    <h1>Contributeurs<\/h1>\r\n                    <p><\/p>\r\n\r\n            \t<\/div>\r\n\t\t\t<\/div>\r\n\r\n\t\t\t<div class=\"row\">\r\n\t\t\t\t<div class=\"col-lg-8\">\r\n\r\n                    <p class=\"display-4\">Square One est fi\u00e8re de cr\u00e9er et d\u2019offrir aux propri\u00e9taires occupants, aux copropri\u00e9taires, aux locataires, aux propri\u00e9taires bailleurs et aux propri\u00e9taires de v\u00e9hicule <a href=\"https:\/\/www.squareone.ca\/fr\/centres-ressources\" title=\"Articles pratiques\">du contenu de haute qualit\u00e9<\/a>. Nous nous engageons \u00e0 pr\u00e9senter de l\u2019information exacte, exhaustive et facile \u00e0 comprendre.<\/p>\r\n\r\n                    <p class=\"display-4\">L\u2019\u00e9quipe de contenu de Square One est une petite unit\u00e9 hautement sp\u00e9cialis\u00e9e qui r\u00e9dige et traduit du contenu lisible, compr\u00e9hensif et, plus important, pr\u00e9cis. Nos r\u00e9dacteurs collaborent avec notre <a href=\"https:\/\/www.squareone.ca\/fr\/a-propos-de-nous\/experts\" title=\"Experts\">\u00e9quipe d\u2019experts<\/a> pour s\u2019assurer que tout notre contenu est complet et bas\u00e9 sur les faits.<\/p>\r\n\r\n                    <p class=\"display-4\">Si vous trouvez un article sur notre site qui devrait \u00eatre mis \u00e0 jour ou r\u00e9vis\u00e9, veuillez nous en faire part en envoyant un courriel \u00e0 <a href=\"mailto:info@squareone.ca\">info@squareone.ca<\/a>.<\/p>\r\n \r\n\t\t\t\t<\/div>\r\n\t\t\t<\/div>\r\n\t\t<\/div>\r\n\t<\/div>\r\n\t<div class=\"bg-bottom\"><\/div>\r\n<\/section>\r\n\r\n<section>\r\n\t<div class=\"container-fluid py-6\">\r\n\t\t<div class=\"row\">\r\n\t\t\t<div class=\"col-12 col-lg-8\">\r\n\r\n\t            <table width=\"100%\">\r\n\t            <tbody valign=\"top\">\r\n\r\n\t            \t<tr>\r\n\t                    <td class=\"pb-6\" width=\"12%\">\r\n\t                        <img decoding=\"async\" title=\"Anthony Michael\" src=\"https:\/\/cdn.squareone.ca\/wp-content\/uploads\/2024\/05\/31121223\/Anthony-Michael.png\" alt=\"Anthony Michael\" class=\"image-border\" width=\"100%\"\/>\r\n\t                    <\/td>\r\n\t                    <td class=\"pb-6\" width=\"5%\"><\/td>\r\n\t                    <td class=\"pb-6\">\r\n\r\n\t                        <h2 class=\"mb-1\" id=\"anthony-michael\">Anthony Michael<\/h2>\r\n\t                        <p><b>Traducteur et r\u00e9dacteur technique | B.A. (avec distinction), M.A.<\/b><br>\r\n\r\n\t                        <a href=\"mailto:anthony.michael@squareone.ca\" target='new' rel=\"noopener noreferrer\">Courriel<\/a> | <a href=\"https:\/\/www.linkedin.com\/in\/anthony-michael-48534436\/\" target=\"_blank\" title=\"LinkedIn: AnthonyMichael\" rel=\"noopener noreferrer\">LinkedIn<\/a><\/p> \r\n\r\n\t                        <p>Anthony poss\u00e8de plus de 25&nbsp;ans d\u2019exp\u00e9rience dans le domaine de la traduction, principalement sur le march\u00e9 du Qu\u00e9bec. Il a travaill\u00e9 dans plusieurs secteurs, y compris le commerce de d\u00e9tail, le gouvernement et l\u2019immobilier. Avant de se joindre \u00e0 Square One en 2020, Anthony occupait le poste de traducteur principal chez Century&nbsp;21&nbsp;Canada.<\/p>\r\n\r\n\t                        <p>Chez Square One, Anthony a traduit une gamme de contenu, dont le site Web, le robot de clavardage et la documentation relativement \u00e0 nos polices. En outre, il fait des recherches et r\u00e9dige et traduit des articles originaux pour les centres de ressources de l\u2019assurance habitation et auto de Square One.<\/p>\r\n\r\n\t                        <p>Il est titulaire d\u2019un baccalaur\u00e9at en langue, litt\u00e9rature et linguistique fran\u00e7aises de l\u2019universit\u00e9 Carleton \u00e0 Ottawa (1994) et d\u2019une ma\u00eetrise en traduction de l\u2019Universit\u00e9 York \u00e0 Toronto (2002). Anthony est \u00e9galement titulaire d\u2019un <a href=\"https:\/\/www.insuranceinstitute.ca\/fr\/Licensing\/British-Columbia\/British-Columbia-Broker-Agent\/Level-1\" title=\"Permis de courtier ou courti\u00e8re et d\u2019agent ou agente IARD en Colombie-Britannique\" rel=\"noopener noreferrer\" target=\"_blank\">certificat en assurance de dommages niveau 1<\/a> en Colombie-Britannique. En plus du fran\u00e7ais et de l\u2019anglais, Anthony parle l\u2019espagnol et le grec. <\/p>\r\n\r\n\t                        <h3 class=\"mb-1\">Articles r\u00e9cents<\/h3>\r\n\t                        <ul>\r\n\t                        \t<li><a href=\"https:\/\/www.squareone.ca\/resource-centres\/template\/demand-letter\" title=\"Mod\u00e8le de lettre de mise en demeure\">Mod\u00e8le de lettre de mise en demeure<\/a>\r\n\t\t                        <li><a href=\"https:\/\/www.squareone.ca\/resource-centres\/condo-owner\/divided-undivided-coownership\" title=\"Copropri\u00e9t\u00e9 divise et indivise\">La copropri\u00e9t\u00e9 divise et indivise au Qu\u00e9bec<\/a><\/li>\r\n\t\t                        <li><a href=\"https:\/\/www.squareone.ca\/fr\/centres-ressources\/securite-domiciliaire-personnelle\/moisissure\" title=\"La moisissure et votre habitation\">La moisissure dans votre habitation<\/a><\/li>\r\n\t                    \t<\/ul>\r\n\r\n\t                    <\/td>\r\n\t                <\/tr>\r\n\r\n\t                <tr>\r\n\t                    <td class=\"pb-6\" width=\"12%\">\r\n\t                        <img decoding=\"async\" title=\"Seamus McKale\" src=\"https:\/\/cdn.squareone.ca\/wp-content\/uploads\/2024\/05\/31121128\/Seamus-McKale.png\" alt=\"Seamus McKale\" class=\"image-border\" width=\"100%\"\/>\r\n\t                    <\/td>\r\n\t                    <td class=\"pb-6\" width=\"5%\"><\/td>\r\n\t                    <td class=\"pb-6\">\r\n\r\n\t                        <h2 class=\"mb-1\" id=\"aeamus-mcKale\">Seamus McKale<\/h2>\r\n\t                        <p><b>Sp\u00e9cialiste de contenu de marketing | BA<\/b><br>\r\n\r\n\t                        <a href=\"mailto:seamus.mckale@squareone.ca\" target='new' rel=\"noopener noreferrer\">Courriel<\/a> | <a href=\"https:\/\/www.linkedin.com\/in\/seamus-m-83801a2b\/\" target=\"_blank\" title=\"LinkedIn : Seamus McKale\" rel=\"noopener noreferrer\">LinkedIn<\/a><\/p> \r\n\r\n\t                        <p>Employ\u00e9 de Square One depuis 2019, Seamus a \u00e9crit et r\u00e9dig\u00e9 des centaines d\u2019articles, de sc\u00e9narios de vid\u00e9o et d\u2019autre contenu. Il a 15&nbsp;ans d\u2019exp\u00e9rience en marketing, avec sp\u00e9cialisation en publicit\u00e9 multim\u00e9dia, r\u00e9daction technique et contenu sur l\u2019assurance personnelle. Il r\u00e9dige du contenu pour les ressources en ligne de Square One et collabore \u00e9troitement avec le reste de l\u2019\u00e9quipe de marketing dans le but de livrer du contenu haut de gamme.<\/p> \r\n\r\n\t                        <p>Seamus est titulaire d\u2019un baccalaur\u00e9at \u00e8s lettres en communication professionnelle, d\u2019un dipl\u00f4me en communication radiodiffus\u00e9e et m\u00e9diatique, et d\u2019un certificat d\u2019associ\u00e9 en administration d\u2019affaires. Il est titulaire d\u2019un <a href=\"https:\/\/www.insuranceinstitute.ca\/fr\/Licensing\/British-Columbia\/British-Columbia-Broker-Agent\/Level-1\" title=\"Permis de courtier ou courti\u00e8re et d\u2019agent ou agente IARD en Colombie-Britannique\" rel=\"noopener noreferrer\" target=\"_blank\">certificat en assurance de dommages niveau 1<\/a> en Colombie-Britannique et d\u2019un <a href=\"https:\/\/www.insuranceinstitute.ca\/fr\/Licensing\/Ontario\/Ontario-Agent\/About\" title=\"Obtention d\u2019un permis d\u2019agent d\u2019assurances IARD en Ontario\" rel=\"noopener noreferrer\" target=\"_blank\">certificat en assurance de dommages<\/a> en Ontario.<\/p>\r\n\r\n\t                        <h3 class=\"mb-1\">Articles r\u00e9cents<\/h3>\r\n\t                        <ul>\r\n\t                        \t<li><a href=\"https:\/\/www.squareone.ca\/resource-centres\/homeowner\/noise-complaints-and-disturbances\" title=\"Comment traiter les plaintes relatives au bruit\">Comment traiter les plaintes relatives au bruit<\/a><\/li>\r\n\t\t                        <li><a href=\"https:\/\/www.squareone.ca\/resource-centres\/insurance-basics\/understanding-your-insurance-premiums\" title=\"Comprendre vos primes d\u2019assurance\">Comprendre vos primes d\u2019assurance<\/a><\/li>\r\n\t\t                        <li><a href=\"https:\/\/www.squareone.ca\/resource-centres\/interior-design\/small-kitchen-design-ideas\" title=\"23 id\u00e9es d\u2019am\u00e9nagement de petite cuisine pour votre habitation\">23 id\u00e9es d\u2019am\u00e9nagement de petite cuisine pour votre habitation<\/a><\/li>\r\n\t                    \t<\/ul>\r\n\r\n<\/td>\r\n\t                <\/tr>\r\n\r\n\t                <tr>\r\n\t                    <td class=\"pb-6\" width=\"12%\">\r\n\t                    <img decoding=\"async\" title=\"Ziyad Bakkali\" src=\"https:\/\/cdn.squareone.ca\/wp-content\/uploads\/2024\/05\/30133338\/Ziyad-Bakkali.png\" alt=\"Ziyad Bakkali\" class=\"image-border\" width=\"100%\"\/>\r\n\t                    <\/td>\r\n\t                    <td class=\"pb-6\" width=\"5%\"><\/td>\r\n\t                    <td class=\"pb-6\">\r\n\r\n\t                        <h2 class=\"mb-1\" id=\"Ziyad-Bakkali\">Ziyad Bakkali<\/h2>\r\n\t                        <p><b>Sp\u00e9cialiste de contenu de marketing | BBA<\/b><br>\r\n\r\n\t                        <a href=\"mailto:ziyad.bakkali@squareone.ca\" target='new' rel=\"noopener noreferrer\">Courriel<\/a> | <a href=\"https:\/\/www.linkedin.com\/in\/ziyadbakkali\/\" target=\"_blank\" title=\"LinkedIn: Ziyad Bakkali\" rel=\"noopener noreferrer\">LinkedIn<\/a><\/p>\r\n\r\n\t                        <p>Ziyad a plus de deux ans d\u2019exp\u00e9rience en marketing. Il a travaill\u00e9 chez des entreprises en d\u00e9marrage dans les secteurs du commerce \u00e9lectronique, du logiciel-service et sans but lucratif, o\u00f9 il s\u2019est sp\u00e9cialis\u00e9 dans l\u2019image de marque, la r\u00e9daction strat\u00e9gique et la cr\u00e9ation du contenu original. Il a \u00e9galement cr\u00e9\u00e9 du contenu destin\u00e9 \u00e0 des campagnes m\u00e9diatiques pay\u00e9es.<\/p>\r\n\r\n\t                        <p>Ziyad est titulaire d\u2019un baccalaur\u00e9at en administration d\u2019affaires de la Beedie School of Business de l\u2019universit\u00e9 Simon Fraser. Bien qu\u2019il soit n\u00e9ophyte dans le secteur de l\u2019assurance, il s\u2019est vite adapt\u00e9 \u00e0 la publication d\u2019articles de haute qualit\u00e9 chez Square One et il collabore avec l\u2019\u00e9quipe de marketing sur divers projets de r\u00e9daction. Il est titulaire d\u2019un <a href=\"https:\/\/www.insuranceinstitute.ca\/fr\/Licensing\/British-Columbia\/British-Columbia-Broker-Agent\/Level-1\" title=\"Permis de courtier ou courti\u00e8re et d\u2019agent ou agente IARD en Colombie-Britannique\" rel=\"noopener noreferrer\" target=\"_blank\">certificat en assurance de dommages niveau 1<\/a> en Colombie-Britannique.<\/p>\r\n\r\n\t                        <h3 class=\"mb-1\">Articles r\u00e9cents<\/h3>\r\n\t                        <ul>\r\n\t                        \t<li><a href=\"https:\/\/www.squareone.ca\/fr\/centre-ressources\/lexique-assurance\/numero-identification-vehicule\" title=\"D\u00e9finition : num\u00e9ro d\u2019identification de v\u00e9hicule\">D\u00e9finition de num\u00e9ro d\u2019identification de v\u00e9hicule<\/a><\/li>\r\n\t\t                        <li><a href=\"https:\/\/www.squareone.ca\/resource-centres\/insurance-glossary\/salvage\" title=\"D\u00e9finition : sauvetage\">D\u00e9finition de sauvetage<\/a><\/li>\r\n\t\t                        <li><a href=\"https:\/\/www.squareone.ca\/resource-centres\/car-insurance\/insuring-electric-vehicles\" title=\"Insuring electric vehicles\">Insuring electric vehicles<\/a><\/li>\r\n\t                    \t<\/ul>\t                        \r\n\r\n\t                    <\/td>\r\n\t                <\/tr>\r\n\t               \r\n\t            <\/tbody>\r\n\t            <\/table>\r\n\t\t\t<\/div>\r\n\t\t<\/div>\r\n\t<\/div>\r\n<\/section>\r\n\t                                            \t\t                        \r\n\t                    \t\r\n","protected":false},"excerpt":{"rendered":"<p>Contributeurs Square One est fi\u00e8re de cr\u00e9er et d\u2019offrir aux propri\u00e9taires occupants, aux copropri\u00e9taires, aux locataires, aux propri\u00e9taires bailleurs et aux propri\u00e9taires de v\u00e9hicule du contenu de haute qualit\u00e9. Nous nous engageons \u00e0 pr\u00e9senter de l\u2019information exacte, exhaustive et facile \u00e0 comprendre. L\u2019\u00e9quipe de contenu de Square One est une petite unit\u00e9 hautement sp\u00e9cialis\u00e9e qui [&hellip;]<\/p>\n","protected":false},"author":20,"featured_media":0,"parent":47758,"menu_order":0,"comment_status":"closed","ping_status":"closed","template":"","meta":{"_acf_changed":false,"footnotes":""},"class_list":["post-73884","page","type-page","status-publish","hentry"],"acf":[],"_links":{"self":[{"href":"https:\/\/www.squareone.ca\/fr\/wp-json\/wp\/v2\/pages\/73884","targetHints":{"allow":["GET"]}}],"collection":[{"href":"https:\/\/www.squareone.ca\/fr\/wp-json\/wp\/v2\/pages"}],"about":[{"href":"https:\/\/www.squareone.ca\/fr\/wp-json\/wp\/v2\/types\/page"}],"author":[{"embeddable":true,"href":"https:\/\/www.squareone.ca\/fr\/wp-json\/wp\/v2\/users\/20"}],"replies":[{"embeddable":true,"href":"https:\/\/www.squareone.ca\/fr\/wp-json\/wp\/v2\/comments?post=73884"}],"version-history":[{"count":8,"href":"https:\/\/www.squareone.ca\/fr\/wp-json\/wp\/v2\/pages\/73884\/revisions"}],"predecessor-version":[{"id":78384,"href":"https:\/\/www.squareone.ca\/fr\/wp-json\/wp\/v2\/pages\/73884\/revisions\/78384"}],"up":[{"embeddable":true,"href":"https:\/\/www.squareone.ca\/fr\/wp-json\/wp\/v2\/pages\/47758"}],"wp:attachment":[{"href":"https:\/\/www.squareone.ca\/fr\/wp-json\/wp\/v2\/media?parent=73884"}],"curies":[{"name":"wp","href":"https:\/\/api.w.org\/{rel}","templated":true}]}}