{"id":74115,"date":"2024-12-18T10:30:34","date_gmt":"2024-12-18T18:30:34","guid":{"rendered":"https:\/\/www.squareone.ca\/a-propos-de-nous\/experts\/expert-sunny-dhiman-fr"},"modified":"2026-03-27T15:13:16","modified_gmt":"2026-03-27T22:13:16","slug":"expert-sunny-dhiman-fr","status":"publish","type":"page","link":"https:\/\/www.squareone.ca\/fr\/a-propos-de-nous\/experts\/sunny-dhiman","title":{"rendered":"Expert : Sunny Dhiman"},"content":{"rendered":"<section id='intro' class=\"bg-shape-split bg-sub-page-hero\">\r\n  <div class=\"bg-position\">\r\n    <div class=\"container-fluid\">\r\n      <div class=\"row align-items-center\">\r\n        <div class=\"col-12 mb-4\">\r\n          <h1>Sunny Dhiman<\/h1>\r\n        <\/div>\r\n      <\/div>\r\n\r\n      <div class=\"row\">\r\n          <div class=\"col-lg-8\">\r\n          <p class=\"display-4\">Sunny poss\u00e8de des ann\u00e9es d\u2019exp\u00e9rience dans le secteur de l\u2019assurance, surtout en assurance habitation et auto.<\/p>\r\n          <p class=\"display-4\">Sunny est gestionnaire au centre d\u2019appels en plus d\u2019organiser la formation \u00e0 l\u2019intention des employ\u00e9s d\u00e9butants et existants sur les produits et proc\u00e9dures de la compagnie.<\/p>\r\n          <p class=\"display-4 mb-5\"><a href=\"mailto:sunny.dhiman@squareone.ca\">Courriel<\/a> <br> <a href=\"https:\/\/www.linkedin.com\/in\/sunny-dhiman-664aa152\/\" target=\"_blank\" title=\"LinkedIn : Sunny Dhiman\" rel=\"noopener noreferrer\">LinkedIn<\/a><\/p>\r\n      <\/div>\r\n\r\n      <div class=\"col-lg-4\">\r\n          <p><img loading=\"lazy\" decoding=\"async\" src=\"https:\/\/cdn.squareone.ca\/wp-content\/uploads\/2024\/05\/31120931\/G.-Sunny-Dhiman.png\" alt=\"Sunny Dhiman\" height=\"300\" width=\"300\" class=\"img-fluid\"><\/p>\r\n      <\/div>\r\n      <\/div>\r\n    <\/div>\r\n  <\/div>\r\n\r\n<div class=\"bg-bottom\"><\/div>\r\n<\/section>  \r\n\r\n<section class=\"py-6\">\r\n  <div class=\"container-fluid\">\r\n    <div class=\"row mb-5\">\r\n      <div class=\"col-12 col-lg-8\">\r\n\r\n        <h2>Exp\u00e9rience professionnelle<\/h2>\r\n\r\n        <p>Sunny est employ\u00e9 de Square One depuis 2017. Il a commenc\u00e9 \u00e0 titre d\u2019agent en assurance de dommages agr\u00e9\u00e9; ensuite, il a occup\u00e9 les postes de chef d\u2019\u00e9quipe, de superviseur et, finalement, de gestionnaire. Avant de se joindre \u00e0 Square One, Sunny travaillait dans la gestion de l\u2019exploitation dans le secteur de la restauration.<\/p>\r\n\r\n        <p>Chez Square One, Sunny fait appel \u00e0 sa connaissance profonde des produits de la compagnie ainsi que des normes g\u00e9n\u00e9rales du secteur. En sa qualit\u00e9 de gestionnaire au centre d\u2019appels, Sunny appuie les agents et les chefs d\u2019\u00e9quipe au sujet des questions complexes concernant les polices et la souscription. Par ailleurs, Sunny m\u00e8ne les programmes de formation internes de Square One, ce qui comprend\u00a0:<\/p>\r\n\r\n        <ul>\r\n          <li>La collaboration avec les sp\u00e9cialistes de la formation dans le but d\u2019appuyer et de rehausser la formation pour les nouveaux employ\u00e9s<\/li>\r\n          <li>La d\u00e9termination des occasions d\u2019am\u00e9lioration de la formation \u00e0 l\u2019intention des employ\u00e9s existants<\/li>\r\n          <li>L\u2019organisation des s\u00e9ances de formation au sujet des nouveaux produits d\u2019assurance et des changements<\/li>\r\n          <li>L\u2019harmonisation de l\u2019encadrement aux pratiques exemplaires de la compagnie<\/li>\r\n        <\/ul>\r\n\r\n        <h2>\u00c9ducation<\/h2>\r\n\r\n        <p>Sunny est titulaire d\u2019un certificat en assurance de dommages niveau\u00a02 en Colombie-Britannique, en Alberta, en Saskatchewan et au Manitoba. Il est \u00e9galement titulaire d\u2019un certificat en assurance de dommages en Ontario et d\u2019un certificat en assurance de dommages au Qu\u00e9bec d\u00e9livr\u00e9 par l\u2019Autorit\u00e9 des march\u00e9s financiers. En outre, Sunny est en train d\u2019obtenir les d\u00e9signations <a href=\"https:\/\/ibac.ca\/career-development\/cours-de-perfectionnement-proposes-par-lacac\/?lang=fr\" title=\"d\u00e9signation CAAC\" rel=\"noopener noreferrer\" target=\"_blank\">Courtier d\u2019assurance agr\u00e9\u00e9 du Canada<\/a> et <a href=\"https:\/\/www.insuranceinstitute.ca\/fr\/Programs\/CIP\/About\" title=\"Professionnelle d\u2019assurance agr\u00e9\u00e9\" rel=\"noopener noreferrer\" target=\"_blank\">Professionnel d\u2019assurance agr\u00e9\u00e9<\/a>. Sunny est \u00e9galement dipl\u00f4m\u00e9 en gestion de la comptabilit\u00e9 du <a href=\"https:\/\/www.douglascollege.ca\/\" title=\"coll\u00e8ge Douglas\" rel=\"noopener noreferrer\" target=\"_blank\">coll\u00e8ge Douglas<\/a>.<\/p>\r\n\r\n      <\/div>\r\n    <\/div>\r\n  <\/div>\r\n<\/section>\r\n\r\n<section class=\"bg-shape-split shape-uuge-blue\">\r\n    <div class=\"bg-top\"><\/div>\r\n    <div class=\"bg-position\">\r\n        <div class=\"container-fluid\">\r\n            <div class=\"row\">\r\n                <div class=\"col-12 col-lg-8\">\r\n\r\n                    <h2>Expertise<\/h2>\r\n\r\n                    <p>Sunny poss\u00e8de une vaste exp\u00e9rience en assurance, surtout en ce qui concerne les produits suivants :<\/p>\r\n\r\n                    <ul>\r\n                        <li>L\u2019assur\u00e9 auto<\/li>\r\n                        <li>L\u2019assurance propri\u00e9taire occupant<\/li>\r\n                        <li>L\u2019assurance copropri\u00e9taire<\/li>\r\n                        <li>L\u2019assurance locataire<\/li>\r\n                        <li>L\u2019assurance propri\u00e9taire bailleur<\/li>\r\n                        <li>Assurance location \u00e0 court terme<\/li>\r\n                        <li>L\u2019assurance responsabilit\u00e9 civile<\/li>\r\n                        <li>L\u2019assurance de biens sp\u00e9ciaux<\/li>\r\n                    <\/ul>\r\n\r\n                <\/div>\r\n            <\/div>\r\n        <\/div>\r\n    <\/div>\r\n    <div class=\"bg-bottom\"><\/div>\r\n<\/section>\r\n\r\n\r\n<section class=\"bg-shape-split\">\r\n    <div class=\"bg-top\"><\/div>\r\n    <div class=\"bg-position\">\r\n        <div class=\"container-fluid\">\r\n            <div class=\"row\">\r\n\r\n<div class=\"col-12 mb-4\">\r\n                    <h2>Plus de contenu de la part de Sunny<\/h2>\r\n                <\/div>\r\n\r\n                <div class=\"col-lg-8\">\r\n                    <p class=\"display-4\">Lisez les articles que Sunny a \u00e9valu\u00e9s conform\u00e9ment \u00e0 nos lignes directrices de r\u00e9daction.<\/p>\r\n<\/div>\r\n\r\n  <div class=\"card-columns\">\r\n\r\n<div class=\"card mt-5 p-5\" style=\"display:inline-block\">\r\n                        <div class=\"card-body\">\r\n                        <img decoding=\"async\" class=\"card-img-top\" src=\"https:\/\/cdn.squareone.ca\/wp-content\/uploads\/2025\/05\/13150338\/most-stolen-cars-1.jpg\" title=\"Les autos les plus vol\u00e9es\" alt=\"Un voleur d\u2019auto essayant de crocheter une serrure de voiture \u00e0 l\u2019aide des tournevis.\">\r\n                        \r\n                        <h3 class=\"card-title text-orange\">\r\n                            <a href=\"\/fr\/centres-ressources\/proprietaire-vehicule\/autos-les-plus-volees\">Les autos les plus vol\u00e9es au Canada<\/a>\r\n                        <\/h3>\r\n <p class=\"card-text\">D\u00e9couvrez les v\u00e9hicules les plus cibl\u00e9s par les voleurs au Canada, pourquoi ils sont attrayants aux voleurs et ce que cela signifie pour les propri\u00e9taires d\u2019auto.<\/p>\r\n\r\n<\/div>\r\n                    <\/div>\r\n\r\n<div class=\"card mt-5 p-5\" style=\"display:inline-block\">\r\n                        <div class=\"card-body\">\r\n                        <img decoding=\"async\" class=\"card-img-top\" src=\"https:\/\/cdn.squareone.ca\/wp-content\/uploads\/2024\/12\/11094719\/distracted-driving.jpg\" alt=\"Les mains d'un chauffeur, l'une tenant le volant et l'autre un t\u00e9l\u00e9phone mobile\">\r\n                        \r\n                        <h3 class=\"card-title text-orange\">\r\n                            <a href=\"\/fr\/centres-ressources\/proprietaire-vehicule\/distraction-au-volant\">La distraction au volant : risques et p\u00e9nalit\u00e9s<\/a>\r\n                        <\/h3>\r\n                            <p class=\"card-text\">Lorsque vous \u00eates au volant, vous devez faire attention \u00e0 la route et aux environs imm\u00e9diats du v\u00e9hicule. La distraction au volant signifie que votre attention est port\u00e9e ailleurs : vous regardez votre t\u00e9l\u00e9phone, vous mangez, une abeille vole dans l\u2019auto, etc.<\/p>\r\n                        <\/div>\r\n                    <\/div>                                              \r\n\r\n                <\/div>\r\n\r\n            <\/div>\r\n        <\/div>\r\n    <\/div>\r\n<\/section>\r\n<script type=\"application\/ld+json\">\r\n{\r\n  \"@context\": \"http:\/\/schema.org\",\r\n  \"@type\": \"Person\",\r\n  \"familyName\": \"Dhiman\",\r\n  \"givenName\": \"Sunny\",\r\n  \"worksFor\": {\r\n    \"@type\": \"Organization\",\r\n    \"name\": \"Assurances Square One\",\r\n    \"url\": \"https:\/\/www.squareone.ca\/fr\"\r\n    },\r\n  \"jobTitle\": \"Gestionnaire au centre d\u2019appels\",\r\n  \"alumniOf\": \"https:\/\/www.douglascollege.ca\/\",\r\n  \"sameAs\": \"https:\/\/www.linkedin.com\/in\/sunny-dhiman-664aa152\/\",\r\n  \"hasCertification\": [\r\n    {\r\n      \"@type\": \"Certification\",\r\n      \"name\": \"General Insurance License Level 2 in BC\",\r\n      \"issuedBy\": {\r\n        \"@type\": \"Organization\",\r\n        \"name\": \"Insurance Council British Columbia\"\r\n      }\r\n    },\r\n    {\r\n      \"@type\": \"Certification\",\r\n      \"name\": \"General Insurance License Level 2 in Alberta\",\r\n      \"issuedBy\": {\r\n        \"@type\": \"Organization\",\r\n      \"name\": \"Alberta Insurance Council\"\r\n      }\r\n    },\r\n    {\r\n      \"@type\": \"Certification\",\r\n      \"name\": \"General Insurance License Level 2 in Saskatchewan\",\r\n      \"issuedBy\": {\r\n        \"@type\": \"Organization\",\r\n        \"name\": \"Insurance Councils of Saskatchewan\"\r\n      }\r\n    },\r\n    {\r\n      \"@type\": \"Certification\",\r\n      \"name\": \"General Insurance License Level 2 in Manitoba\",\r\n      \"issuedBy\": {\r\n        \"@type\": \"Organization\",\r\n        \"name\": \"Insurance Council of Manitoba\"\r\n      }\r\n    },\r\n    {\r\n      \"@type\": \"Certification\",\r\n      \"name\": \"OTL in Ontario\",\r\n      \"issuedBy\": {\r\n        \"@type\": \"Organization\",\r\n        \"name\": \"Insurance Brokers Association of Ontario\"\r\n      }\r\n    },\r\n    {\r\n      \"@type\": \"Certification\",\r\n      \"name\": \"AMF licence in Quebec\",\r\n      \"issuedBy\": {\r\n        \"@type\": \"Organization\",\r\n        \"name\": \"Autorit\u00e9 des march\u00e9s financiers\"\r\n      }\r\n    }\r\n  ],\r\n  \"knowsAbout\": [\r\n    \"Asurance auto\",\r\n    \"Assurance pour propri\u00e9taire occupant\",\r\n    \"Assurance copropri\u00e9taire\",\r\n    \"Assurance locataire\",\r\n    \"Assurance propri\u00e9taire bailleur\",\r\n    \"Assurance location \u00e0 court terme\",\r\n    \"Assurance responsabilit\u00e9 civile\",\r\n    \"Assurance biens sp\u00e9ciaux\"\r\n  ]\r\n}\r\n<\/script>\r\n","protected":false},"excerpt":{"rendered":"<p>Sunny Dhiman Sunny poss\u00e8de des ann\u00e9es d\u2019exp\u00e9rience dans le secteur de l\u2019assurance, surtout en assurance habitation et auto. Sunny est gestionnaire au centre d\u2019appels en plus d\u2019organiser la formation \u00e0 l\u2019intention des employ\u00e9s d\u00e9butants et existants sur les produits et proc\u00e9dures de la compagnie. Courriel LinkedIn Exp\u00e9rience professionnelle Sunny est employ\u00e9 de Square One depuis [&hellip;]<\/p>\n","protected":false},"author":20,"featured_media":0,"parent":53799,"menu_order":0,"comment_status":"closed","ping_status":"closed","template":"","meta":{"_acf_changed":false,"footnotes":""},"class_list":["post-74115","page","type-page","status-publish","hentry"],"acf":[],"_links":{"self":[{"href":"https:\/\/www.squareone.ca\/fr\/wp-json\/wp\/v2\/pages\/74115","targetHints":{"allow":["GET"]}}],"collection":[{"href":"https:\/\/www.squareone.ca\/fr\/wp-json\/wp\/v2\/pages"}],"about":[{"href":"https:\/\/www.squareone.ca\/fr\/wp-json\/wp\/v2\/types\/page"}],"author":[{"embeddable":true,"href":"https:\/\/www.squareone.ca\/fr\/wp-json\/wp\/v2\/users\/20"}],"replies":[{"embeddable":true,"href":"https:\/\/www.squareone.ca\/fr\/wp-json\/wp\/v2\/comments?post=74115"}],"version-history":[{"count":5,"href":"https:\/\/www.squareone.ca\/fr\/wp-json\/wp\/v2\/pages\/74115\/revisions"}],"predecessor-version":[{"id":78671,"href":"https:\/\/www.squareone.ca\/fr\/wp-json\/wp\/v2\/pages\/74115\/revisions\/78671"}],"up":[{"embeddable":true,"href":"https:\/\/www.squareone.ca\/fr\/wp-json\/wp\/v2\/pages\/53799"}],"wp:attachment":[{"href":"https:\/\/www.squareone.ca\/fr\/wp-json\/wp\/v2\/media?parent=74115"}],"curies":[{"name":"wp","href":"https:\/\/api.w.org\/{rel}","templated":true}]}}