{"id":74419,"date":"2025-01-28T15:29:05","date_gmt":"2025-01-28T23:29:05","guid":{"rendered":"https:\/\/www.squareone.ca\/centres-ressources\/assurance-auto\/cid-quebec"},"modified":"2025-10-10T12:18:59","modified_gmt":"2025-10-10T19:18:59","slug":"cid-quebec","status":"publish","type":"page","link":"https:\/\/www.squareone.ca\/fr\/centres-ressources\/assurance-auto\/cid-quebec","title":{"rendered":"Initiation \u00e0 la Convention d\u2019indemnisation directe (CID) du Qu\u00e9bec"},"content":{"rendered":"<section id='intro' class=\"bg-shape-split bg-sub-page-hero\">\r\n    <div class=\"bg-position\">\r\n        <div class=\"container-fluid\">\r\n            <div class=\"row align-items-center\">\r\n                <div class=\"col-12 col-lg-8\">\r\n                    <h1>Initiation \u00e0 la Convention d\u2019indemnisation directe (CID) du Qu\u00e9bec<\/h1>\r\n                    <strong>Article r\u00e9dig\u00e9 par <a href=\"\/fr\/a-propos-de-nous\/contributeurs#anthony-michael\" title=\"Auteur : Anthony Michael\">Anthony Michael<\/a><\/strong>\r\n                    <p class=\"pb-3\"><strong>Article \u00e9valu\u00e9 par <a href=\"\/fr\/a-propos-de-nous\/experts\/daniel-mirkovic\" title=\"Expert : Daniel Mirkovic\">Daniel Mirkovic<\/a><\/strong><\/p> \r\n                    <p class=\"pb-4\" style=\"margin-top:-24px\">Mis \u00e0 jour le 28 janvier 2025<\/p>\r\n                <\/div>\r\n            <\/div>\r\n\r\n            <div class=\"row\">\r\n                <div class=\"col-lg-8\">\r\n\r\n                    <p class=\"display-4\">Vous vous demandez ce qui se passe si votre v\u00e9hicule est endommag\u00e9 dans un accident au Qu\u00e9bec? Comment d\u00e9termine-t-on la responsabilit\u00e9? Qu\u2019est-ce que l\u2019assurance sans \u00e9gard \u00e0 la responsabilit\u00e9?<\/p>\r\n\r\n                    <p class=\"display-4\">Au Qu\u00e9bec, les assureurs se servent de la Convention d\u2019indemnisation directe (CID) pour r\u00e9gler les r\u00e9clamations en assurance auto. Dans cet article, nous expliquons le fonctionnement de la CID, examinons le Bar\u00e8me de responsabilit\u00e9 et abordons les notions de faute et de responsabilit\u00e9.<\/p>\r\n\r\n                    <p class=\"pt-2\"><img loading=\"lazy\" decoding=\"async\" src=\"https:\/\/cdn.squareone.ca\/wp-content\/uploads\/2024\/12\/12091001\/quebec-dca.jpg\" title=\"La Convention d\u2019indemnisation directe du Qu\u00e9bec\" alt=\"Une auto verte est rentr\u00e9e dans un v\u00e9hicule bicorps argent\u00e9 plus grand avec des dommages visibles et des liquides fuient dans la rue\" width=\"248\" height=\"165\" class=\"img-fluid\" rel=\"noopener noreferrer\"><\/p>\r\n                <\/div>\r\n\r\n                <div class=\"col-lg-3 offset-lg-1\">\r\n\r\n                    <p class=\"mb-2 display-4 pt-4 pt-lg-0 pt-mb-0\"><strong>Th\u00e8mes<\/strong><\/p>\r\n\r\n                    <ul class=\"list-unstyled link-list display-4\">\r\n                        <li><a href='#what-is-DCA'>Qu\u2019est-ce que la CID?<\/a><\/li>\r\n                        <li><a href='#driver-fault-chart'>Bar\u00e8me de responsabilit\u00e9<\/a><\/li>\r\n                        <li><a href='#no-fault-insurance'>Assurance sans \u00e9gard \u00e0 la responsabilit\u00e9<\/a><\/li>\r\n                        <li><a href='#compensation'>Compensation et exemple<\/a><\/li>\r\n                        <li><a href=\"#common-questions\">Questions fr\u00e9quemment pos\u00e9es<\/a><\/li>\r\n                    <\/ul>\r\n\r\n                <\/div>\r\n            <\/div>  \r\n        <\/div>\r\n    <\/div>\r\n    <div class=\"bg-bottom\"><\/div>\r\n<\/section>\r\n\r\n<section>\r\n<div class=\"container-fluid py-6\">\r\n    <div class=\"row\">\r\n        <div class=\"col-12 col-lg-8\">\r\n\r\n                <div class=\"row pb-6\">\r\n                    <div class=\"col-12\">\r\n                        <div class=\"card review\" style='background-color:#FFE0C9'>\r\n                            <div class=\"card-body\">\r\n                                <p class=\"h3\">L\u2019essentiel<\/p>\r\n                                <ul class='mb-0'>\r\n                                    <li>En vertu de la CID, chaque assureur est responsable d\u2019indemniser leurs titulaires de police les dommages mat\u00e9riels subis, peu importe la responsabilit\u00e9.<\/li>\r\n                                    <li>La CID s\u2019applique \u00e0 des collisions au Qu\u00e9bec entre au moins deux v\u00e9hicules et dans lesquelles on peut identifier les propri\u00e9taires des v\u00e9hicules impliqu\u00e9s.<\/li>\r\n                                    <li>L\u2019assureur d\u00e9termine le niveau de faute \u00e0 l\u2019aide du Bar\u00e8me de responsabilit\u00e9 qui couvre plusieurs situations d\u2019accident.<\/li>\r\n                                <\/ul>\r\n                            <\/div>\r\n                        <\/div>\r\n                    <\/div>\r\n                <\/div>\r\n\r\n                <h2 id=\"what-is-DCA\">Qu\u2019est-ce que la CID?<\/h2>\r\n\r\n                    <p>Le Groupement des assureurs automobiles (GAA) est l\u2019organisation qui repr\u00e9sente les assureurs automobiles au Qu\u00e9bec. En vertu de l\u2019article 173 de la Loi sur l\u2019assurance automobile, la GAA est tenu d\u2019\u00e9tablir une convention d\u2019indemnisation directe pour les dommages mat\u00e9riels subis par les v\u00e9hicules des assur\u00e9s. La CID a \u00e9t\u00e9 con\u00e7ue pour simplifier et acc\u00e9l\u00e9rer le processus de r\u00e9clamation, en plus de r\u00e9duire le besoin de proc\u00e9dures juridiques co\u00fbteuses<sup><a href=\"#cite1\">1<\/a><\/sup>. Gr\u00e2ce \u00e0 la CID, un conducteur impliqu\u00e9 dans certaines collisions est indemnis\u00e9 les dommages mat\u00e9riels directement par son propre assureur.<\/p>\r\n\r\n                    <p>En cas d\u2019accident de v\u00e9hicule, <a href=\"\/fr\/centres-ressources\/lexique-assurance\/reclamation\" title=\"D\u00e9finition : claim\">r\u00e9clamation<\/a> les assureurs se servent de la CID pour d\u00e9terminer la responsabilit\u00e9 ou la non-responsabilit\u00e9 de chaque conducteur impliqu\u00e9 dans l\u2019accident <sup><a href=\"#cite2\">2<\/a><\/sup>. En vigueur depuis le 1<sup>er<\/sup>\u00a0mai\u00a01978, la CID s\u2019applique \u00e0 des collisions au Qu\u00e9bec entre un minimum de deux v\u00e9hicules et pour lesquelles tous les propri\u00e9taires sont identifi\u00e9s.<\/p>\r\n\r\n                    <p>La CID ne s\u2019applique pas \u00e0 des collisions ayant lieu dans d\u2019autres provinces ou pays. Elle ne s\u2019applique pas non plus \u00e0 des accidents avec d\u00e9lit de fuite (qui sont couverts par le r\u00e9gime d\u2019assurance public) ou \u00e0 des accidents n\u2019impliquant qu\u2019un seul v\u00e9hicule (collisions avec une cl\u00f4ture ou un poteau).<\/p>\r\n\r\n                <h2 id=\"driver-fault-chart\">Le Bar\u00e8me de responsabilit\u00e9<\/h2>\r\n\r\n                    <p>La CID comprend le <a href=\"https:\/\/gaa.qc.ca\/media\/59346\/convention_franc.pdf\" title=\"Bar\u00e8me de responsabilit\u00e9\" rel=\"noopener noreferrer\" target=\"_blank\">Bar\u00e8me de responsabilit\u00e9<\/a>, utilis\u00e9 par les assureurs pour d\u00e9terminer la responsabilit\u00e9 d\u2019un accident de v\u00e9hicule. La CID couvre diverses situations d\u2019accident et sert \u00e0 \u00e9tablir la responsabilit\u00e9 de chaque conducteur. Les assureurs consultent la CID pour examiner les d\u00e9tails sur la collision et pour d\u00e9terminer la responsabilit\u00e9 de chaque conducteur. Les assureurs attribuent ensuite un pourcentage de responsabilit\u00e9 \u00e0 chaque conducteur\u00a0: 0\u00a0%, 50\u00a0% ou 100\u00a0%.<\/p>\r\n\r\n                    <p>La CID comporte 15\u00a0sc\u00e9narios de collision, y compris les collisions entre des v\u00e9hicules circulant dans le m\u00eame sens, des v\u00e9hicules circulant dans le sens inverse ou des v\u00e9hicules provenant de chauss\u00e9es transversales ou lat\u00e9rales ou intersections. La CID tient compte du <a href=\"https:\/\/www.legisquebec.gouv.qc.ca\/fr\/document\/lc\/C-24.2\" title=\"Code de la s\u00e9curit\u00e9 routi\u00e8re du Qu\u00e9bec\" rel=\"noopener noreferrer\" target=\"_blank\">Code de la s\u00e9curit\u00e9 routi\u00e8re<\/a> et de la jurisprudence<sup><a href=\"#cite3\">3<\/a><\/sup>.<\/p>\r\n                    \r\n                <h2 id=\"no-fault-insurance\">Assurance sans \u00e9gard \u00e0 la responsabilit\u00e9<\/h2>\r\n\r\n                    <p>La CID sert \u00e0 \u00e9tablir la responsabilit\u00e9 ou la faute. Le r\u00e9gime d\u2019assurance automobile public du Qu\u00e9bec propose une protection contre les dommages pour tous les r\u00e9sidents du Qu\u00e9bec, peu importe la responsabilit\u00e9 de l\u2019accident. Autrement dit, les Qu\u00e9b\u00e9cois impliqu\u00e9s dans un accident de la route re\u00e7oivent une couverture du r\u00e9gime provincial, sans \u00e9gard \u00e0 la responsabilit\u00e9. Par cons\u00e9quent, les particuliers ou les compagnies ne peuvent pas intenter une action judiciaire contre la personne responsable d\u2019un accident de la route<sup><a href=\"#cite4\">4<\/a><\/sup>.<\/p>\r\n\r\n                    <p>Les compagnies d\u2019assurance, elles, entrent en jeu lorsqu\u2019il s\u2019agit de dommages physiques.<\/p>\r\n\r\n                <h2 id=\"compensation\">Compensation<\/h2>\r\n\r\n                    <p>Les assureurs priv\u00e9s d\u00e9terminent la responsabilit\u00e9 d\u2019un assur\u00e9 \u00e0 l\u2019aide de la CID. Selon les d\u00e9tails de la collision, un conducteur peut \u00eatre jug\u00e9 d\u2019\u00eatre responsable de 0\u00a0%, de 50\u00a0% ou de 100\u00a0% de l\u2019accident. Cette attribution de responsabilit\u00e9 est importante pour d\u00e9terminer l\u2019admissibilit\u00e9 du v\u00e9hicule assur\u00e9 \u00e0 la couverture.<\/p>\r\n\r\n                    <p>Si un titulaire de police <em>n\u2019est pas responsable<\/em> d\u2019un accident, les dommages \u00e0 son v\u00e9hicule sont couverts en vertu du Chapitre\u00a0A (assurance d\u2019un bord). Si le titulaire de police <em>est responsable<\/em> de l\u2019accident, les dommages seront couverts, \u00e0 condition qu\u2019il ait souscrit la garantie facultative Collision ou renversement du Chapitre\u00a0B (assurance de deux bords). Dans les deux cas, l\u2019assur\u00e9 ne fait affaire qu\u2019avec son fournisseur d\u2019assurance.<\/p>\r\n\r\n                    <p>Dans ce syst\u00e8me, la partie responsable (ou son assureur) n\u2019indemnise pas la partie non responsable des dommages, comme dans les autres provinces et territoires<sup><a href=\"#cite3\">3<\/a><\/sup>.<\/p>\r\n\r\n                    <div class=\"row pt-2 pb-6\">\r\n                        <div class=\"col-12\">\r\n                            <div class=\"card review\" style='background-color:#B5E0EB'>\r\n                                <div class=\"card-body\">\r\n                                    <p class=\"display-4\"><strong>Exemple<\/strong><\/p>\r\n\r\n                                    <p><i>Examinons un accident o\u00f9 les dommages au v\u00e9hicule de Thomas sont \u00e9valu\u00e9s \u00e0 1\u00a0500\u00a0$. Apr\u00e8s avoir consult\u00e9 la CID, l\u2019assureur d\u00e9termine que Thomas est responsable de 50\u00a0% de l\u2019accident et qu\u2019un autre conducteur est responsable de l\u2019autre 50\u00a0%. En vertu du Chapitre\u00a0A, Thomas sera indemnis\u00e9 50\u00a0% de la perte ou la partie pour laquelle il n\u2019est pas responsable\u00a0: 750\u00a0$ Il n\u2019y a pas de franchise pour la couverture du Chapitre\u00a0A.<\/i><\/p>\r\n\r\n                                    <p><i>Si Thomas a souscrit la garantie facultative Collision ou renversement (Chapitre\u00a0B); par cons\u00e9quent, il sera indemnis\u00e9 les 50\u00a0% restant (la partie pour laquelle il <em>est<\/em> responsable). Admettons qu\u2019il a une franchise pour collision de 500\u00a0$. \u00c9tant donn\u00e9 que cette couverture ne s\u2019applique qu\u2019\u00e0 50\u00a0% de la r\u00e9clamation, il ne paie que 50\u00a0% de la franchise y associ\u00e9e<sup><a href=\"#cite1\">1<\/a><\/sup><\/i>.<\/p>\r\n\r\n                                    <p><i>Voici les calculs\u00a0:<\/i><\/p>\r\n\r\n                                    <p class=\"mb-0\"><strong>Perte totale\u00a0:<\/strong><\/p>\r\n\r\n                                    <p class=\"display-4 mt-0\"><strong>1\u00a0500\u00a0$<\/strong><\/p>\r\n\r\n                                    <p class=\"mb-0\"><strong>couverture sans \u00e9gard \u00e0 la responsabilit\u00e9 de 50\u00a0%\u00a0:<\/strong><\/p>\r\n\r\n                                    <p class=\"display-4\" mt-0><strong>750\u00a0$<\/strong><\/p>\r\n\r\n                                    <p class=\"mb-0\"><strong>Couverture sans \u00e9gard \u00e0 la responsabilit\u00e9 de 50\u00a0%\u00a0:<\/strong><\/p>\r\n\r\n                                    <p class=\"display-4\" mt-0>750\u00a0$ &#8211; (50\u00a0% de la franchise de 500\u00a0$ ou 250\u00a0$) = <strong>500\u00a0$<\/strong><\/p>\r\n\r\n                                    <p class=\"mb-0\"><strong>Perte totale\u00a0:<\/strong><\/p>\r\n\r\n                                    <p class=\"display-4\" mt-0>750\u00a0$ sans responsabilit\u00e9 + 500\u00a0$ avec responsabilit\u00e9 = <strong>1\u00a0250\u00a0$<\/strong><\/p>\r\n\r\n                                    <p><i>Par cons\u00e9quent, Thomas paie 50\u00a0% de sa <a href=\"\/fr\/centres-ressources\/lexique-assurance\/franchise\" title=\"D\u00e9finition\u00a0: franchise\">franchise <\/a> de collision, ou 250\u00a0$, pour les r\u00e9parations de 1\u00a0500\u00a0$. Son assureur paie le reste. S\u2019il \u00e9tait responsable \u00e0 25\u00a0% ou \u00e0 75\u00a0%, son paiement de franchise changerait en cons\u00e9quence.<\/i><\/p>\r\n\r\n                                <\/div>\r\n                            <\/div>\r\n                        <\/div>\r\n                    <\/div>\r\n\r\n                <h2 id=\"common-questions\">Questions fr\u00e9quemment pos\u00e9es<\/h2>\r\n\r\n                    <h3>Au Qu\u00e9bec, puis-je poursuivre l\u2019autre conducteur si je suis impliqu\u00e9 dans un accident?<\/h3>\r\n\r\n                    <p>Non. Selon la CID, on ne peut pas pr\u00e9senter une r\u00e9clamation contre un tiers responsable d\u2019un accident. En vertu de la Loi sur l\u2019assurance automobile, un conducteur qui n\u2019est pas responsable d\u2019un accident est indemnis\u00e9 par son assureur pour des dommages mat\u00e9riels \u00e0 son v\u00e9hicule. Un assureur insatisfait peut poursuivre sa propre compagnie d\u2019assurance, seulement<sup><a href=\"#cite2\">2<\/a><\/sup>.<\/p>\r\n\r\n                    <h3>Quels sont certains des avantages de la CID?<\/h3>\r\n\r\n                    <p>La CID a simplifi\u00e9 et acc\u00e9l\u00e9r\u00e9 le processus de r\u00e8glement de r\u00e9clamation au Qu\u00e9bec. Elle a \u00e9galement r\u00e9duit les co\u00fbts; environ 90\u00a0% des r\u00e9clamations sont r\u00e9gl\u00e9es sans poursuite<sup><a href=\"#cite2\">2<\/a><\/sup>.<\/p>\r\n\r\n                    <h3>La CID s\u2019applique-t-elle \u00e0 des collisions entre des v\u00e9hicules dont le propri\u00e9taire est le m\u00eame?<\/h3>\r\n\r\n                    <p>Non. Les v\u00e9hicules impliqu\u00e9s dans la collision doivent avoir des propri\u00e9taires diff\u00e9rents. Qui plus est, la CID n\u2019est pas applicable si un propri\u00e9taire de v\u00e9hicule frappe un v\u00e9hicule dont il est le propri\u00e9taire pendant qu\u2019il conduit un v\u00e9hicule diff\u00e9rent<sup><a href=\"#cite5\">5<\/a><\/sup>.<\/p>\r\n\r\n                    <p><strong>Sources<\/strong><\/p>\r\n\r\n                    <ol type=\"1\">\r\n                        <li id=\"cite1\">Autorit\u00e9 des march\u00e9s financiers. \u00ab\u00a0Assurance automobile\u00a0\u00bb. <i>lautorite.qc.ca<\/i>, <a href=\"https:\/\/lautorite.qc.ca\/professionnels\/assureurs\/assurance-automobile\" title=\"Assurance automobile\" rel=\"noopener noreferrer\" target=\"_blank\">lautorite.qc.ca\/professionnels\/assureurs\/assurance-automobile<\/a>. Consult\u00e9 le 28\u00a0novembre\u00a02024.<\/li>\r\n\r\n                        <li id=\"cite2\">Bureau de l\u2019assurance du Canada. \u00ab\u00a0Assurance auto\u00a0\u00bb. <i>bac-quebec.qc.ca<\/i>, <a href=\"https:\/\/bac-quebec.qc.ca\/fr\/intervenants-en-assurance\/assurance-automobile\/\" title=\"Assurance auto\" rel=\"noopener noreferrer\" target=\"_blank\">bac-quebec.qc.ca\/fr\/intervenants-en-assurance\/assurance-automobile<\/a>. Consult\u00e9 le 28\u00a0novembre\u00a02024.<\/li>\r\n\r\n                        <li id=\"cite3\">Groupement des assureurs automobiles. \u00ab\u00a0Convention d\u2019indemnisation directe en bref\u00a0\u00bb. <i>gaa.qc.ca<\/i>, <a href=\"https:\/\/www.legisquebec.gouv.qc.ca\/fr\/document\/rc\/A-25,%20r.%204\" title=\"Convention d\u2019indemnisation directe en bref\" rel=\"noopener noreferrer\" target=\"_blank\">gaa.qc.ca\/fr\/convention-d-indemnisation-directe\/en-bref<\/a>. Consult\u00e9 le 28\u00a0novembre\u00a02024.<\/li>\r\n\r\n                        <li id=\"cite4\">Soci\u00e9t\u00e9 de l\u2019assurance automobile du Qu\u00e9bec. \u00ab\u00a0Le r\u00e9gime public d&rsquo;assurance automobile du Qu\u00e9bec en bref\u00a0\u00bb. <i>gouv.qc.ca<\/i>, <a href=\"https:\/\/saaq.gouv.qc.ca\/accident-route\/regime-public-assurance-automobile\/en-bref\" title=\"R\u00e9gime public d'assurance automobile\" rel=\"noopener noreferrer\" target=\"_blank\">saaq.gouv.qc.ca\/accident-route\/regime-public-assurance-automobile\/en-bref<\/a>. Consult\u00e9 le 28\u00a0novembre\u00a02024.<\/li>\r\n\r\n                        <li id=\"cite5\">Groupement des assureurs automobiles. \u00ab\u00a0Convention d\u2019indemnisation directe\u00a0: identifier votre sinistre\u00a0\u00bb. <i>gaa.qc.ca<\/i>, <a href=\"https:\/\/gaa.qc.ca\/fr\/convention-dindemnisation-directe\/identifier-votre-sinistre\/\" title=\"Convention d\u2019indemnisation directe : identifier votre sinistre\" rel=\"noopener noreferrer\" target=\"_blank\">gaa.qc.ca\/fr\/convention-d-indemnisation-directe\/identifier-votre-sinistre<\/a>. Consult\u00e9 le 28\u00a0novembre\u00a02024.<\/li>\r\n                    <\/ol>               \r\n\r\n                    <p><strong>Vous voulez en savoir plus?<\/strong> Consultez notre <a href=\"\/fr\/centres-ressources\/assurance-auto\" title=\"Centre de ressources : assurance auto\">Centre de ressources : assurance auto<\/a> pour acc\u00e9der \u00e0 des articles pratiques. Ensuite, <a href=\"\/fr\/auto\" title=\"Obtenir une soumission d\u2019assurance auto\"> obtenir une soumission d\u2019assurance auto<\/a> en ligne en moins de 5 minutes et d\u00e9couvrez \u00e0 quel point la couverture personnalis\u00e9e peut \u00eatre abordable.<\/p>\r\n\r\n                    <div class=\"row py-3\">\r\n<div class=\"col-12\">\r\n<div class=\"card review\" style=\"box-shadow: 0 2px 4px rgba(0,0,0,0.07);background-color:#f4f4f4;\">\r\n<div class=\"card-body\">\r\n\t<p class=\"text-primary h4\">\u00c0 propos de l\u2019expert&nbsp;: Daniel Mirkovic<\/p>\r\n\t<p>Cofondateur de Square One comptant plus de 25&nbsp;ans dans le secteur de l\u2019assurance, Daniel \u00e9tait vice-pr\u00e9sident des services d\u2019assurance et de voyage de la British Columbia Automobile Association (BCAA). Daniel est titulaire d'un baccalaur\u00e9at \u00e8s commerce et d'une ma\u00eetrise \u00e8s administration des affaires, tous deux obtenus \u00e0 la Sauder School of Business de l'universit\u00e9 de la Colombie-Britannique. Daniel est muni de la d\u00e9signation CAAC et d\u2019un certificat en assurance de dommages niveau&nbsp;3 en Colombie-Britannique, en Alberta, en Saskatchewan, au Manitoba et en Ontario.<\/p>\r\n<\/div>\r\n<\/div>\r\n<\/div>\r\n<\/div>\r\n\r\n            <\/div>\r\n        <\/div>\r\n    <\/div>\r\n<\/section>\r\n\r\n<script type=\"application\/ld+json\">\r\n{\r\n  \"@context\": \"https:\/\/schema.org\",\r\n  \"@type\": \"WebPage\",\r\n  \"mainEntityOfPage\": {\r\n    \"@type\": \"Article\",\r\n    \"@id\": \"https:\/\/www.squareone.ca\/fr\/centres-ressources\/assurance-auto\/cid-quebec\"\r\n  },\r\n  \"author\": [\r\n    {\r\n      \"@type\": \"Person\",\r\n      \"name\": \"Anthony Michael\",\r\n      \"url\": \"https:\/\/www.squareone.ca\/fr\/a-propos-de-nous\/collaborateurs#anthony-michael\"\r\n    }\r\n  ],\r\n  \"reviewedBy\": [\r\n    {\r\n      \"@type\": \"Person\",\r\n      \"name\": \"Daniel Mirkovic\",\r\n      \"url\": \"https:\/\/www.squareone.ca\/fr\/a-propos-de-nous\/experts\/daniel-mirkovic\"\r\n    }\r\n  ],\r\n  \"headline\": \"Initiation \u00e0 la Convention d\u2019indemnisation directe (CID) du Qu\u00e9bec\",\r\n  \"datePublished\": \"2024-11-28\",\r\n  \"dateModified\": \"2024-11-28\",\r\n  \"inLanguage\": \"fr-CA\",\r\n  \"isAccessibleForFree\": true,\r\n  \"citation\": [\r\n    {\r\n      \"@type\": \"CreativeWork\",\r\n      \"author\": {\r\n        \"@type\": \"Organization\",\r\n        \"name\": \"Autorit\u00e9 des march\u00e9s financiers\"\r\n      },\r\n      \"headline\": \"Assurance automobile\",\r\n      \"url\": \"https:\/\/lautorite.qc.ca\/professionnels\/assureurs\/assurance-automobile\"\r\n    },\r\n    {\r\n      \"@type\": \"CreativeWork\",\r\n      \"author\": {\r\n        \"@type\": \"Organization\",\r\n        \"name\": \"Bureau de l\u2019assurance du Canada\"\r\n      },\r\n      \"headline\": \"Assurance auto\",\r\n      \"url\": \"https:\/\/bac-quebec.qc.ca\/fr\/intervenants-en-assurance\/assurance-automobile\/\"\r\n    },\r\n    {\r\n      \"@type\": \"CreativeWork\",\r\n      \"author\": {\r\n        \"@type\": \"Organization\",\r\n        \"name\": \"Groupement des assureurs automobiles\"\r\n      },\r\n      \"headline\": \"Convention d\u2019indemnisation directe en bref\",\r\n      \"url\": \"https:\/\/gaa.qc.ca\/fr\/convention-d-indemnisation-directe\/en-bref\/\"\r\n    },\r\n    {\r\n      \"@type\": \"CreativeWork\",\r\n      \"author\": {\r\n        \"@type\": \"Organization\",\r\n        \"name\": \"Soci\u00e9t\u00e9 de l\u2019assurance automobile du Qu\u00e9bec\"\r\n      },\r\n      \"headline\": \"R\u00e9gime public d'assurance automobile\",\r\n      \"url\": \"https:\/\/saaq.gouv.qc.ca\/accident-route\/regime-public-assurance-automobile\/en-bref\"\r\n    },\r\n    {\r\n      \"@type\": \"CreativeWork\",\r\n      \"author\": {\r\n        \"@type\": \"Organization\",\r\n        \"name\": \"Groupement des assureurs automobiles\"\r\n      },\r\n      \"headline\": \"Convention d\u2019indemnisation directe : identifier votre sinistre\",\r\n      \"url\": \"https:\/\/gaa.qc.ca\/fr\/convention-d-indemnisation-directe\/identifier-votre-sinistre\/\"\r\n    }\r\n  ]\r\n}\r\n<\/script>\r\n\r\n<script type=\"application\/ld+json\">\r\n{\r\n  \"@context\": \"https:\/\/schema.org\",\r\n  \"@type\": \"FAQPage\",\r\n  \"mainEntity\": [\r\n    {\r\n      \"@type\": \"Question\",\r\n      \"name\": \"Au Qu\u00e9bec, puis-je poursuivre l\u2019autre conducteur si je suis impliqu\u00e9 dans un accident?\",\r\n      \"acceptedAnswer\": {\r\n        \"@type\": \"Answer\",\r\n        \"text\": \"Non. Selon la CID, on ne peut pas pr\u00e9senter une r\u00e9clamation contre un tiers responsable d\u2019un accident. En vertu de la Loi sur l\u2019assurance automobile, un conducteur qui n\u2019est pas responsable d\u2019un accident est indemnis\u00e9 par son assureur pour des dommages mat\u00e9riels \u00e0 son v\u00e9hicule. Un assur\u00e9 insatisfait ne peut que poursuivre sa propre compagnie d\u2019assurance.\"\r\n      }\r\n    },\r\n    {\r\n      \"@type\": \"Question\",\r\n      \"name\": \"Quels sont certains des avantages de la CID?\",\r\n      \"acceptedAnswer\": {\r\n        \"@type\": \"Answer\",\r\n        \"text\": \"La CID a simplifi\u00e9 et acc\u00e9l\u00e9r\u00e9 le processus de r\u00e8glement de r\u00e9clamation au Qu\u00e9bec. Elle a \u00e9galement r\u00e9duit les co\u00fbts; environ 90\u00a0% des r\u00e9clamations sont r\u00e9gl\u00e9es sans poursuite.\"\r\n      }\r\n    },\r\n    {\r\n      \"@type\": \"Question\",\r\n      \"name\": \"La CID s\u2019applique-t-elle \u00e0 des collisions entre des v\u00e9hicules dont le propri\u00e9taire est le m\u00eame?\",\r\n      \"acceptedAnswer\": {\r\n        \"@type\": \"Answer\",\r\n        \"text\": \"Non. Les v\u00e9hicules impliqu\u00e9s dans la collision doivent avoir des propri\u00e9taires diff\u00e9rents. Qui plus est, la CID n\u2019est pas applicable si un propri\u00e9taire de v\u00e9hicule frappe un v\u00e9hicule dont il est le propri\u00e9taire pendant qu\u2019il conduit un v\u00e9hicule diff\u00e9rent.\"\r\n      }\r\n    }\r\n  ]\r\n}\r\n<\/script>","protected":false},"excerpt":{"rendered":"<p>Initiation \u00e0 la Convention d\u2019indemnisation directe (CID) du Qu\u00e9bec Article \u00e9valu\u00e9 par Daniel Mirkovic Vous vous demandez ce qui se passe si votre v\u00e9hicule est endommag\u00e9 dans un accident au Qu\u00e9bec? Comment d\u00e9termine-t-on la responsabilit\u00e9? Qu\u2019est-ce que l\u2019assurance sans \u00e9gard \u00e0 la responsabilit\u00e9? Au Qu\u00e9bec, les assureurs se servent de la Convention d\u2019indemnisation directe (CID) [&hellip;]<\/p>\n","protected":false},"author":20,"featured_media":74086,"parent":69398,"menu_order":0,"comment_status":"closed","ping_status":"closed","template":"page-article-new.php","meta":{"_acf_changed":false,"footnotes":""},"class_list":["post-74419","page","type-page","status-publish","has-post-thumbnail","hentry"],"acf":[],"_links":{"self":[{"href":"https:\/\/www.squareone.ca\/fr\/wp-json\/wp\/v2\/pages\/74419","targetHints":{"allow":["GET"]}}],"collection":[{"href":"https:\/\/www.squareone.ca\/fr\/wp-json\/wp\/v2\/pages"}],"about":[{"href":"https:\/\/www.squareone.ca\/fr\/wp-json\/wp\/v2\/types\/page"}],"author":[{"embeddable":true,"href":"https:\/\/www.squareone.ca\/fr\/wp-json\/wp\/v2\/users\/20"}],"replies":[{"embeddable":true,"href":"https:\/\/www.squareone.ca\/fr\/wp-json\/wp\/v2\/comments?post=74419"}],"version-history":[{"count":8,"href":"https:\/\/www.squareone.ca\/fr\/wp-json\/wp\/v2\/pages\/74419\/revisions"}],"predecessor-version":[{"id":77191,"href":"https:\/\/www.squareone.ca\/fr\/wp-json\/wp\/v2\/pages\/74419\/revisions\/77191"}],"up":[{"embeddable":true,"href":"https:\/\/www.squareone.ca\/fr\/wp-json\/wp\/v2\/pages\/69398"}],"wp:featuredmedia":[{"embeddable":true,"href":"https:\/\/www.squareone.ca\/fr\/wp-json\/wp\/v2\/media\/74086"}],"wp:attachment":[{"href":"https:\/\/www.squareone.ca\/fr\/wp-json\/wp\/v2\/media?parent=74419"}],"curies":[{"name":"wp","href":"https:\/\/api.w.org\/{rel}","templated":true}]}}