{"id":74444,"date":"2025-01-31T08:58:40","date_gmt":"2025-01-31T16:58:40","guid":{"rendered":"https:\/\/www.squareone.ca\/carrieres\/coordinateur-produits-souscription-auto"},"modified":"2025-01-31T08:58:40","modified_gmt":"2025-01-31T16:58:40","slug":"coordinateur-produits-souscription-auto","status":"publish","type":"page","link":"https:\/\/www.squareone.ca\/fr\/carrieres\/coordinateur-produits-souscription-auto","title":{"rendered":"Coordinateur, Produits et souscription, assurance auto"},"content":{"rendered":"<section class=\"bg-shape-split bg-sub-page-hero\">\r\n\t<div class=\"bg-position\">\r\n\t\t<div class=\"container-fluid\">\r\n\t<h1>Coordinateur, Produits et souscription, assurance auto<\/h1>\r\n\t<p class=\"display-4\">La fa\u00e7on dont l\u2019assurance habitation et auto est distribu\u00e9e, ex\u00e9cut\u00e9e et offerte \u00e9volue. Le public est beaucoup plus nombreux \u00e0 rechercher, \u00e0 souscrire et \u00e0 g\u00e9rer l\u2019assurance en ligne. Vous d\u00e9sirez poursuivre votre carri\u00e8re chez une compagnie progressiste qui se surpasse dans l\u2019espace en ligne?<\/p>\r\n\t<p class=\"display-4\">Nous sommes le seul v\u00e9ritable fournisseur d\u2019assurance habitation et auto en ligne au Canada. Gr\u00e2ce \u00e0 notre processus de soumission en ligne, nos clients ont la possibilit\u00e9 d\u2019obtenir une soumission et de souscrire une police d\u2019assurance en ligne. Qui plus est, nous sommes l\u2019unique fournisseur au Canada qui permet \u00e0 ses clients de choisir les biens qu\u2019ils d\u00e9sirent assurer pour qu\u2019ils ne paient que pour ce dont ils ont besoin. Nous nous engageons \u00e0 offrir \u00e0 nos clients un service simple et convivial. Il n\u2019est donc pas \u00e9tonnant que nous visions \u00e0 offrir \u00e0 nos clients la meilleure exp\u00e9rience en ligne et hors ligne.<\/p>\r\n\t\t<\/div>\r\n\t<\/div>\r\n\t<div class=\"bg-bottom\"><\/div>\r\n<\/section>\r\n\r\n<section id=\"body\">\r\n<div class=\"container-fluid pb-6 mb-3\">\r\n\t<h2>Votre r\u00f4le<\/h2>\r\n\t\t\t<p>\u00c0 titre de coordonnateur, Produits et souscription, vous jouez un r\u00f4le cl\u00e9 dans l\u2019exploitation efficace de l\u2019\u00e9quipe des produits et de la souscription de l\u2019assurance auto. Vous fournissez un soutien important dans le cadre des t\u00e2ches quotidiennes qui contribuent \u00e0 la croissance et \u00e0 la rentabilit\u00e9 du portefeuille de l\u2019assurance auto de la compagnie. Votre succ\u00e8s dans ce r\u00f4le provient de vos comp\u00e9tences sup\u00e9rieures en analyse, en communication et en recherche. Vous utiliserez votre cr\u00e9ativit\u00e9, votre curiosit\u00e9 et votre esprit d\u2019initiative pour cerner des occasions et relever les d\u00e9fis. Vous savez g\u00e9rer votre temps, \u00e9quilibrer les d\u00e9tails et les priorit\u00e9s, et traiter ais\u00e9ment des t\u00e2ches et projets multiples.<\/p>\r\n\t\t\t<p>Dans ce poste, vous collaborerez \u00e9troitement avec diverses \u00e9quipes, y compris les services de produits et de la souscription, de marketing, de r\u00e9clamations, et de l\u2019exploitation, afin de vous assurer que nos produits sont concurrentiels et respectent les lois, en plus de combler les besoins de nos clients.<\/p>\r\n\t\t\t<p>L\u2019un des aspects les plus agr\u00e9ables de Square One c\u2019est l\u2019ambiance de solidarit\u00e9 dans l\u2019\u00e9quipe. Vos efforts ne sont jamais vou\u00e9s \u00e0 l\u2019\u00e9chec; vous recevrez l\u2019encadrement, le mentorat, la formation et les outils dont vous avez besoin pour r\u00e9ussir.<\/p>\r\n\t\t\t\r\n\t\t\t<h2>Vos responsabilit\u00e9s<\/h2>\r\n\t\t\t<p>Chez Square One, vous participez directement \u00e0 toutes les initiatives relativement aux produits et \u00e0 la souscription. Vous \u00eates responsable de ce qui suit :<\/p>\r\n\t\t\t<ul>\r\n\t\t\t\t<li>Le soutien du d\u00e9veloppement et de la mise en \u0153uvre des changements aux produits, \u00e0 la souscription et aux lois.<\/li>\r\n\t\t\t\t<li>La mise \u00e0 jour des guides de l\u2019utilisateur sur la souscription et des autres ressources.<\/li>\r\n\t\t\t\t<li>Le soutien des \u00e9quipes de ventes, de r\u00e9clamations et juridique dans le cadre de l\u2019\u00e9valuation de dossiers et de la demande de documents.<\/li>\r\n\t\t\t\t<li>La coordination de la d\u00e9claration des erreurs r\u00e9glementaires et des plans de rem\u00e8de et de v\u00e9rification aupr\u00e8s des intervenants multiples.<\/li>\r\n\t\t\t\t<li>La collaboration avec le service de la technologie pour \u00e9valuer et mettre \u00e0 jour des exigences et essais mineurs en ce qui concerne les produits et la souscription.<\/li>\r\n\t\t\t\t<li>La mise \u00e0 jour et le maintien des processus et documents r\u00e9glementaires internes.<\/li>\r\n\t\t\t\t<li>La d\u00e9termination des probl\u00e8mes et d\u2019\u00e9ventuelles am\u00e9liorations \u00e0 la plateforme de souscription automatis\u00e9e.<\/li>\r\n\t\t\t<\/ul>\r\n\r\n\t\t\t<h2>Vos qualifications<\/h2>\r\n\t\t\t<p>\u00c0 titre de membre de l\u2019\u00e9quipe de Square One, vous voulez contribuer au succ\u00e8s global de la compagnie. Vous y arrivez en devenant un sp\u00e9cialiste en la mati\u00e8re, en dirigeant votre propre travail et en collaborant avec une \u00e9quipe ayant un objectif plus large que la simple g\u00e9n\u00e9ration de recettes. Vous et ceux qui travaillent avec vous diriez ce qui suit :<\/p>\r\n\t\t\t<ul>\r\n\t\t\t\t<li>Vous connaissez et comprenez bien les principes de souscription de l\u2019assurance auto.<\/li>\r\n\t\t\t\t<li>Vous poss\u00e9dez des comp\u00e9tences sup\u00e9rieures en organisation, recherche et communication.<\/li>\r\n\t\t\t\t<li>Vous savez g\u00e9rer et privil\u00e9gier plusieurs t\u00e2ches \u00e0 la fois.<\/li>\r\n\t\t\t\t<li>Vous savez cerner et mettre en \u0153uvre des am\u00e9liorations des processus.<\/li>\r\n\t\t\t\t<li>Vous avez une curiosit\u00e9 naturelle et aimez apprendre.<\/li>\r\n\t\t\t\t<li>Vous mettez l\u2019accent sur les clients et comprenez l\u2019importance de l\u2019exp\u00e9rience des clients.<\/li>\r\n\t\t\t\t<li> Vous offrez et acceptez des r\u00e9actions et commentaires constructifs.<\/li>\r\n\t\t\t<\/ul>\r\n\r\n\t\t\t<h2>Votre \u00e9ducation et votre exp\u00e9rience<\/h2>\r\n\t\t\t<p>Votre exp\u00e9rience et votre \u00e9ducation aident \u00e0 assurer votre succ\u00e8s chez Square One. Pour ce r\u00f4le, vous devez avoir&nbsp;:<\/p>\r\n\t\t\t<ul>\r\n\t\t\t\t<li>Un minimum de 1 an d\u2019exp\u00e9rience en la souscription de l\u2019assurance automobile des particuliers ou 2&nbsp;ans d\u2019exp\u00e9rience \u00e0 titre de courtier ou d\u2019agent en assurance de dommages.<\/li>\r\n\t\t\t\t<li>Des connaissances sup\u00e9rieures des applications Microsoft Office, alli\u00e9es avec la capacit\u00e9 d\u2019apprendre de nouvelles technologies.<\/li>\r\n\t\t\t\t<li>De l\u2019exp\u00e9rience \u00e0 traiter Autoplus, le MVR, les lettres d\u2019exp\u00e9rience et d\u2019autres documents de souscription relativement \u00e0 l\u2019assurance auto.<\/li>\r\n\t\t\t\t<li>Des \u00e9tudes en affaires, commerce, \u00e9conomie ou marketing, ou de l\u2019exp\u00e9rience de travail \u00e9quivalente.<\/li>\r\n\t\t\t\t<li>De pr\u00e9f\u00e9rence, une d\u00e9signation PAA ou CAAC, ou vous \u00eates en train de l\u2019obtenir.<\/li>\r\n\t\t\t\t<li>De l\u2019exp\u00e9rience ou de l\u2019int\u00e9r\u00eat en assurance de la qualit\u00e9 et les essais est tr\u00e8s d\u00e9sirable.<\/li>\r\n\t\t\t\t<li>La volont\u00e9 et la capacit\u00e9 d\u2019obtenir un certificat d\u2019agent en assurance de dommages.<\/li>\r\n\t\t\t\t<li>L\u2019aisance en anglais; le fran\u00e7ais est un atout.<\/li>\r\n\t\t\t\t<li>De l\u2019exp\u00e9rience en Ontario, au Qu\u00e9bec et\/ou en Alberta en assurance auto est pr\u00e9f\u00e9r\u00e9e.<\/li>\r\n\t\t\t<\/ul>\r\n\r\n\t\t\t<h2>Votre r\u00e9mun\u00e9ration et vos avantages sociaux<\/h2>\r\n\t\t\t<p>Vous aimez le fait que Square One personnalise votre r\u00e9mun\u00e9ration et vos avantages sociaux tout comme elle personnalise les polices de ses clients. Votre r\u00e9gime de r\u00e9mun\u00e9ration et d\u2019avantages sociaux tr\u00e8s concurrentiel comprend ce qui suit&nbsp;:<\/p>\r\n\t\t\t<ul>\r\n\t\t\t\t<li>Salaire annuel commen\u00e7ant \u00e0 53&nbsp;594&nbsp;$ et allant \u00e0 70&nbsp;000&nbsp;$.<\/li>\r\n\t\t\t\t<li>Un programme de participation aux b\u00e9n\u00e9fices de la compagnie.<\/li>\r\n\t\t\t\t<li>3 semaines de vacances d\u00e8s le d\u00e9but de votre emploi et une semaine suppl\u00e9mentaire apr\u00e8s 3 ans d\u2019anciennet\u00e9 seulement.<\/li>\r\n\t\t\t\t<li>Couverture m\u00e9dicale, dentaire, visuelle et assurance-maladie compl\u00e9mentaire.<\/li>\r\n\t\t\t\t<li>Une protection d\u2019invalidit\u00e9 de longue dur\u00e9e.<\/li>\r\n\t\t\t\t<li>Une formation interne et externe aux frais de Square One.<\/li>\r\n\t\t\t<\/ul>\r\n\t\t\t\r\n\t\t\t<h2>Accessibilit\u00e9<\/h2>\r\n\t\t\t<p>Square One accepte et encourage les demandes des personnes handicap\u00e9es. Les candidats participant \u00e0 un concours de s\u00e9lection peuvent acc\u00e9der \u00e0 des mesures d\u2019adaptation pendant toutes les \u00e9tapes du processus.\r\n\r\n\t\t\t<h2>Pourquoi travailler chez Square One?<\/h2>\r\n\t\t\t<p>La r\u00e9ponse la plus courte et la plus simple? Vous voulez faire partie d\u2019une \u00e9quipe tr\u00e8s soud\u00e9e o\u00f9 l\u2019expertise de chaque employ\u00e9 est respect\u00e9e et estim\u00e9e. Vous en avez assez de travailler dans des compagnies o\u00f9 l\u2019on vous dit quoi faire et comment le faire, sans vous r\u00e9mun\u00e9rer \u00e9quitablement. Pour de plus amples renseignements sur Square One, veuillez cliquer sur le bouton ci-dessous.<\/p>\r\n\t\t\t<p class=\"pb-3\"><a class=\"btn btn-primary\" href=\"\/fr\/carrieres\" title=\"Carri\u00e8res\">Lisez la suite<\/a><\/p>\r\n\t\t\r\n<\/div>\r\n<\/section>\r\n\r\n<section id=\"how-to\" class=\"bg-shape shape-blue-curve-up xwide-mobile\">\r\n<div class=\"container-fluid pb-6\">\r\n<h2>Comment postuler<\/h2>\r\n<p class='display-4'>Veuillez acheminer votre CV \u00e0 careers@squareone.ca d\u2019ici le 12&nbsp;f\u00e9vrier&nbsp;2025. Votre CV doit clairement indiquer en quoi vous respectez les qualifications. Nous nous engageons \u00e0 r\u00e9pondre \u00e0 tous les candidats et \u00e0 toutes les questions.<\/p>\r\n<p><a class=\"btn btn-primary\" href=\"mailto:careers@squareone.ca\" title=\"Envoyez-nous un message\">Envoyez-nous un message<\/a><\/p>\r\n<\/div>\r\n<\/section>","protected":false},"excerpt":{"rendered":"<p>Coordinateur, Produits et souscription, assurance auto La fa\u00e7on dont l\u2019assurance habitation et auto est distribu\u00e9e, ex\u00e9cut\u00e9e et offerte \u00e9volue. Le public est beaucoup plus nombreux \u00e0 rechercher, \u00e0 souscrire et \u00e0 g\u00e9rer l\u2019assurance en ligne. Vous d\u00e9sirez poursuivre votre carri\u00e8re chez une compagnie progressiste qui se surpasse dans l\u2019espace en ligne? Nous sommes le seul [&hellip;]<\/p>\n","protected":false},"author":43,"featured_media":0,"parent":47917,"menu_order":0,"comment_status":"closed","ping_status":"closed","template":"","meta":{"_acf_changed":false,"footnotes":""},"class_list":["post-74444","page","type-page","status-publish","hentry"],"acf":[],"_links":{"self":[{"href":"https:\/\/www.squareone.ca\/fr\/wp-json\/wp\/v2\/pages\/74444","targetHints":{"allow":["GET"]}}],"collection":[{"href":"https:\/\/www.squareone.ca\/fr\/wp-json\/wp\/v2\/pages"}],"about":[{"href":"https:\/\/www.squareone.ca\/fr\/wp-json\/wp\/v2\/types\/page"}],"author":[{"embeddable":true,"href":"https:\/\/www.squareone.ca\/fr\/wp-json\/wp\/v2\/users\/43"}],"replies":[{"embeddable":true,"href":"https:\/\/www.squareone.ca\/fr\/wp-json\/wp\/v2\/comments?post=74444"}],"version-history":[{"count":0,"href":"https:\/\/www.squareone.ca\/fr\/wp-json\/wp\/v2\/pages\/74444\/revisions"}],"up":[{"embeddable":true,"href":"https:\/\/www.squareone.ca\/fr\/wp-json\/wp\/v2\/pages\/47917"}],"wp:attachment":[{"href":"https:\/\/www.squareone.ca\/fr\/wp-json\/wp\/v2\/media?parent=74444"}],"curies":[{"name":"wp","href":"https:\/\/api.w.org\/{rel}","templated":true}]}}