{"id":74537,"date":"2025-02-18T15:46:12","date_gmt":"2025-02-18T23:46:12","guid":{"rendered":"https:\/\/www.squareone.ca\/centres-ressources\/assurance-auto\/tous-les-risques"},"modified":"2025-11-20T12:01:42","modified_gmt":"2025-11-20T20:01:42","slug":"tous-les-risques","status":"publish","type":"page","link":"https:\/\/www.squareone.ca\/fr\/centres-ressources\/assurance-auto\/tous-les-risques","title":{"rendered":"Assurance tous les risques en assurance auto"},"content":{"rendered":"<section id='intro' class=\"bg-shape-split bg-sub-page-hero\">\r\n\t<div class=\"bg-position\">\r\n\t    <div class=\"container-fluid\">\r\n\t        <div class=\"row align-items-center\">\r\n\t            <div class=\"col-12 col-lg-8\">\r\n\t                <h1>La couverture tous les risques en assurance auto<\/h1>\r\n<strong>Article r\u00e9dig\u00e9 par <a href=\"\/fr\/a-propos-de-nous\/contributeurs#seamus-mckale\" title=\"Auteur : Seamus McKale\">Seamus McKale<\/a><\/strong>\r\n\t                <p class=\"pb-3\"><strong>Article \u00e9valu\u00e9 par <a href=\"\/fr\/a-propos-de-nous\/experts\/daniel-mirkovic\" title=\"Expert : Daniel Mirkovic\">Daniel Mirkovic<\/a><\/strong><\/p> \r\n\t                <p class=\"pb-4\" style=\"margin-top:-24px\">Mis \u00e0 jour le 18 septembre 2025<\/p>\r\n\t            <\/div>\r\n\t        <\/div>\r\n\r\n\t        <div class=\"row\">\r\n\t            <div class=\"col-lg-8\">\r\n\r\n\t                <p class=\"display-4\">L\u2019assurance auto offre plusieurs solutions pour prot\u00e9ger votre v\u00e9hicule. Parmi les options les plus int\u00e9ressantes, on retrouve la couverture <strong>tous les risques<\/strong>.<\/p>\r\n\r\n\t                <p class=\"display-4\">Si vous vous demandiez ce que c\u2019est la couverture tous les risques, vous \u00eates \u00e0 la bonne place. Lisez la suite pour obtenir de plus amples renseignements.<\/p>\r\n\r\n\t                <p class=\"pt-2\"><img loading=\"lazy\" decoding=\"async\" src=\"https:\/\/cdn.squareone.ca\/wp-content\/uploads\/2023\/10\/19104648\/all-perils-car-insurance.jpg\" title=\"L\u2019assurance tous les risques en assurance auto\" alt=\"Une auto rouge endommag\u00e9e par un arbre tomb\u00e9 avec des d\u00e9chets \u00e9parpill\u00e9 autour\" width=\"248\" height=\"165\" class=\"img-fluid\" rel=\"noopener noreferrer\"><\/p>\r\n\t            <\/div>\r\n\r\n\t            <div class=\"col-lg-3 offset-lg-1\">\r\n\r\n\t                <p class=\"mb-2 display-4 pt-4 pt-lg-0 pt-mb-0\"><strong>Th\u00e8mes<\/strong><\/p>\r\n\r\n\t                <ul class=\"list-unstyled link-list display-4\">\r\n\t                  <li><a href='#what-it-means'>Qu\u2019est-ce que la notion tous les risques?<\/a><\/li>\r\n\t                  \t<ul class=\"link-list display-6\">\r\n                            <li type=\"disc\" style=\"font-size:18px\"><a href=\"#deductibles\">Franchises<\/a><\/li>\r\n                            <li type=\"disc\" style=\"font-size:18px\"><a href=\"#costs\">Frais<\/a><\/li>\r\n                        <\/ul>\r\n\t                  <li><a href=\"#ap-vs-specified\">Couverture tous les risques vs risques sp\u00e9cifi\u00e9s<\/a><\/li>\t                    \r\n\t                <\/ul>\r\n\r\n\t            <\/div>\r\n\t        <\/div>  \r\n\t    <\/div>\r\n\t<\/div>\r\n\t<div class=\"bg-bottom\"><\/div>\r\n<\/section>\r\n\r\n<section>\r\n<div class=\"container-fluid py-6\">\r\n    <div class=\"row\">\r\n        <div class=\"col-12 col-lg-8\">\r\n\r\n\t\t\t<h2 id=\"what-it-means\">Que signifie l\u2019assurance tous les risques?<\/h2>\r\n\r\n\t\t\t\t<p>En assurance, un <a href=\"\/fr\/centres-ressources\/lexique-assurance\/risque\" title=\"D\u00e9finition : risque\">risque<\/a> est quelque chose qui cause les pertes ou dommages. Peril\u00a0\u00bb>peril<\/a> is something that causes loss or damage. Le vol, la collision, l\u2019incendie et la gr\u00eale sont des exemples de risques.<\/p>\r\n\r\n\t\t\t\t<p>Par cons\u00e9quent, une police d\u2019assurance auto tous les risques prot\u00e8ge votre v\u00e9hicule contre la majorit\u00e9 des sinistres.<\/p>\r\n\r\n\t\t\t\t<p> <strong>Tous les risques<\/strong> signifie que la police d\u2019assurance prot\u00e8ge contre tous les sinistres pour lesquels la couverture est offerte. Certaines choses, comme la d\u00e9faillance m\u00e9canique, ne sont pas couvertes par l\u2019assurance automobile et ne sont pas incluses dans la couverture tous les risques, en cons\u00e9quence. Cependant, la couverture tous les risques est tr\u00e8s \u00e9tendue\u00a0: elle prot\u00e8ge votre v\u00e9hicule contre presque toute cause ordinaire de pertes ou dommages physiques.<\/p>\r\n\r\n\t\t\t\t<p>Effectivement, la couverture tous les risques est le regroupement des garanties <a href=\"\/fr\/centres-ressources\/assurance-auto\/garantie-comprehensive\" title=\"Initiation \u00e0 l\u2019assurance compr\u00e9hensive en assurance auto\">Compr\u00e9hensive<\/a> et <a href=\"\/fr\/centres-ressources\/assurance-auto\/couverture-collision\" title=\"Initiation \u00e0 la garantie Collision en assurance auto\">Collision<\/a>.<\/p>\r\n\r\n\t\t\t\t<p>Cela dit, la couverture tous les risques propose une protection contre le vol un peu plus \u00e9tendue. En outre, \u00e0 la diff\u00e9rence de la couverture compr\u00e9hensive normale, la garantie tous les risques couvre le vol du v\u00e9hicule assur\u00e9 par un membre de votre r\u00e9sidence. Cette couverture peut s\u2019av\u00e9rer pratique si vous vivez avec des colocataires que vous ne connaissez pas tr\u00e8s bien.<\/p>\r\n\r\n\t\t\t\t<p>Dans la plupart des cas, la couverture tous les risques est facultative.<\/p>\r\n\r\n\t\t\t\t<p>Si vous louez ou financez votre v\u00e9hicule, votre bailleur ou pr\u00eateur vous exigera de souscrire une couverture compr\u00e9hensive et pour collision. Or, les bailleurs et pr\u00eateurs acceptent g\u00e9n\u00e9ralement l\u2019assurance tous les risques. Apr\u00e8s tout, cette couverture est sup\u00e9rieure \u00e0 la combinaison compr\u00e9hensive-collision.<\/p>\r\n\r\n\t\t\t\t<p>La couverture tous les risques est \u00e9galement admissible en Saskatchewan et au Manitoba, o\u00f9 les couvertures compr\u00e9hensive et pour collision sont obligatoires. Au Manitoba, la <a href=\"https:\/\/www.mpi.mb.ca\/fr\/assurer-un-nouveau-vehicule\/\" title=\"Soci\u00e9t\u00e9 d\u2019assurance publique du Manitoba : Assurer un nouveau v\u00e9hicule\" rel=\"noopener noreferrer\" target=\"_blank\">police d\u2019assurance auto normale<\/a> comprend la couverture tous les risques par d\u00e9faut.<\/p> \r\n\r\n\t\t\t<h3 id=\"deductibles\">Couverture et franchises de l\u2019assurance tous les risques<\/h3>\r\n\r\n\t\t\t\t<p>L\u2019une des diff\u00e9rences entre la couverture tous les risques et les autres couvertures c\u2019est la <a href=\"\/fr\/centres-ressources\/lexique-assurance\/franchise\" title=\"D\u00e9finition : franchise\">franchise<\/a>. Une franchise est le montant qu\u2019un titulaire de police doit payer lorsqu\u2019il pr\u00e9sente une r\u00e9clamation, avant que la compagnie d\u2019assurance r\u00e8gle le reste.<\/p>\r\n\r\n\t\t\t\t<p>La plupart des polices d\u2019assurance auto comprennent des franchises s\u00e9par\u00e9es pour les r\u00e9clamations dans le cadre des couvertures compr\u00e9hensive et pour collision. La garantie tous les risques, elle, ne comprend qu\u2019une franchise. Bien que cela simplifie la police, il s\u2019agit d\u2019une lame \u00e0 double tranchant, car la franchise compr\u00e9hensive est g\u00e9n\u00e9ralement moins \u00e9lev\u00e9e que la franchise tous les risques.<\/p>\r\n\r\n\t\t\t\t<p>N\u00e9anmoins, il existe une gamme de franchises parmi lesquelles vous pouvez choisir quand vous souscrivez votre police. R\u00e9sultat\u00a0: vous pourrez trouver le juste milieu entre couverture et co\u00fbt. Parlons de co\u00fbt\u2026<\/p>\r\n\r\n\t\t\t<h3 id=\"costs\">Frais de la couverture tous les risques<\/h3>\r\n\r\n\t\t\t\t<p>La prime d\u2019une police d\u2019assurance auto varie selon le v\u00e9hicule, le conducteur et le fournisseur d\u2019assurance. Toutefois, la couverture tous les risques est g\u00e9n\u00e9ralement plus dispendieuse que les autres couvertures.<\/p>\r\n\r\n\t\t\t\t<p>Apr\u00e8s tout, il s\u2019agit de la couverture la plus \u00e9tendue sur le march\u00e9. Heureusement, la diff\u00e9rence de frais est souvent g\u00e9rable en raison de la franchise plus \u00e9lev\u00e9e.<\/p>\r\n\r\n\t\t\t\t<p>Si vous \u00eates pr\u00e9occup\u00e9 par la prime, vous pouvez souscrire les couvertures compr\u00e9hensive ou pour collision s\u00e9par\u00e9ment, l\u2019une sans l\u2019autre. Cela d\u00e9pend des r\u00e9parations que vous pouvez vous permettre de payer de votre poche. Dans le cadre de la couverture tous les risques, vous aurez \u00e0 payer votre franchise, mais la plupart des sinistres involontaires seront couverts.<\/p>\r\n\r\n\t\t\t<\/div>\r\n        <\/div>\r\n    <\/div>\r\n<\/section>\r\n\r\n\t<section class=\"bg-transparent\">\n\t\t<img decoding=\"async\" src=\"\/sales\/images\/bgs\/bg-mid-page-cta-general-top.svg\" style=\"width: 100%; vertical-align: bottom; position: relative; top: 1px\"\/>\n\t\t\n\t\t<div class=\"bg-darkTeal py-3\">\t\t\t\n\t\t\t<div class=\"container-fluid\">\n\t\t\t\t<div class=\"row d-flex align-items-center pb-5\">\n\t\t\t\t\t<div class=\"col-12 col-md-8 offset-md-2 px-lg-5 pb-5 pb-lg-0\">\n\t\t\t\t\t\t<div class=\"h6 mb-4 text-primary text-uppercase text-center\">\n\t\t\t\t\t\t\tCela ne prend que 5\u00a0minutes \n\t\t\t\t\t\t<\/div>\t\t\n\t\t\t\t\t\t\t\t\t\t\t\n\t\t\t\t\t\t<p class=\"lead px-lg-5 text-white\">\n\t\t\t\t\t\t\t<strong class=\"d-inline-block text-uc-first\">Pr\u00eat \u00e0 obtenir une soumission en ligne? <\/strong> Votre temps est aussi pr\u00e9cieux que vos possessions. Obtenez une soumission d'assurance habitation en <strong>5 minutes<\/strong>. C\u2019est moins de temps qu\u2019il n\u2019en faut pour faire la file pour un caf\u00e9.\n\t\t\t\t\t\t<\/p>\t\t\t\n\t\n\t\t\t\t\t\t<div id=\"sq1-qw-9f69c6b3cf0c\" class=\"sq1-quote-widget mb-4 text-white\" data-quote-widget-type=\"HOME\" data-has-custom-text=\"true\">\n\t\t\t\t\t\t\t<div class=\"input-group input-group-focus-within bg-white my-4\">\n\t\t\t\t\t\t\t\t<div>\n\t\t\t\t\t\t\t\t\t<div class=\"input-group-text\">\n\t\t\t\t\t\t\t\t\t\t<i class=\"fa fa-map-marker d-block text-black\"><\/i>\n\t\t\t\t\t\t\t\t\t<\/div>\n\t\t\t\t\t\t\t\t<\/div>\n\t\t\t\t\t\t\t\t<input type=\"text\" class=\"form-control\" style=\"padding: 10px;\" placeholder=\"Enter an address\" aria-label=\"Inscrivez votre adresse pour obtenir une soumission\"\/>\n\t\t\t\t\t\t\t\t<div>\n\t\t\t\t\t\t\t\t\t<button class=\"btn btn-primary\">Obtenir une soumission en ligne d\u00e8s maintenant<\/button>\n\t\t\t\t\t\t\t\t<\/div>\n\t\t\t\t\t\t\t<\/div>\n\t\t\t\t\t\t<\/div>\n\t\t\t\t\t\t\n\t\t\t\t\t\t<p class=\"small text-white\">Avant de commencer, veuillez lire notre <a href=\"https:\/\/www.squareone.ca\/fr\/politique-confidentialite\" target=\"_blank\" rel=\"noreferrer noopener\">Politique de confidentialit\u00e9<\/a> et nos <a href=\"https:\/\/www.squareone.ca\/fr\/conditions-utilisation\" target=\"_blank\" rel=\"noreferrer noopener\">Conditions d\u2019utilisation<\/a>.<\/p>\t\n\t\n\t\t\t\t\t\t<script type=\"text\/javascript\">\n\t\t\t\t\t\t(function() {\n\t\t\t\t\t\t\tdocument.addEventListener('soiMiscJsLoaded', function() {\n\t\t\t\t\t\t        $(document).ready(function() {\n\t\t\t\t\t\t\t\t\tsoiQuoteWidget.processFormWidget('\/sales\/index.php\/json_quote_widget?rand=' +Math.random(), 'qwContainer'); \/\/populate quoting widget with content from symfony.\n\t\t\t\t\t\t\t\t});\n\t\t\t\t\t\t\t});\n\t\t\t\t\t\t})();\n\t\t\t\t\t\t<\/script>\n\t\t\t\t\t<\/div>\n\t\t\t\t<\/div>\n\t\t\t<\/div>\n\t\t<\/div>\n\t\t\n\t\t<img decoding=\"async\" src=\"\/sales\/images\/bgs\/bg-mid-page-cta-general-bottom.svg\" style=\"width: 100%; vertical-align: top\"\/>\t\t\n\t<\/section>\r\n\r\n<section>\r\n    <div class=\"container-fluid py-6\">\r\n        <div class=\"row\">\r\n            <div class=\"col-12 col-lg-8\">\t\t\t\t\r\n\r\n\t\t\t\t<h2 id=\"ap-vs-specified\">Couverture tous les risques vs risques sp\u00e9cifi\u00e9s<\/h2>\r\n\r\n\t\t\t\t\t<p>Si vous donnez plus d\u2019importance \u00e0 la prime par rapport \u00e0 la protection, la couverture risques sp\u00e9cifi\u00e9s est une solution \u00e0 prendre en consid\u00e9ration.<\/p>\r\n\r\n\t\t\t\t\t<p>La couverture tous les risques prot\u00e8ge contre tous les types de dommages, \u00e0 l\u2019exception des quelques exclusions de la police. Or, la couverture risques sp\u00e9cifi\u00e9s ne prot\u00e8ge contre une courte liste de sinistres.<\/p>\r\n\r\n\t\t\t\t\tPar exemple, au <a href=\"https:\/\/lautorite.qc.ca\/fileadmin\/lautorite\/formulaires\/professionnels\/assureurs\/automobile\/fpq_1.pdf\" title=\"Protection 4 : Garantie contre des risques sp\u00e9cifiques\" rel=\"noopener noreferrer\" target=\"_blank\">Qu\u00e9bec<\/a> la couverture risques sp\u00e9cifi\u00e9s couvre les dommages occasionn\u00e9s par les sinistres suivants\u00a0:<\/p>\r\n\r\n\t\t\t\t\t<ul>\r\n\t\t\t\t\t\t<li>L\u2019incendie<\/li>\r\n\t\t\t\t\t\t<li>Le vol et les tentatives de vol<\/li>\r\n\t\t\t\t\t\t<li>La foudre<\/li>\r\n\t\t\t\t\t\t<li>Les temp\u00eates de vent<\/li>\r\n\t\t\t\t\t\t<li>La gr\u00eale<\/li>\r\n\t\t\t\t\t\t<li>Les tremblements de terre<\/li>\r\n\t\t\t\t\t\t<li>Les explosions<\/li>\r\n\t\t\t\t\t\t<li>Les \u00e9meutes et les mouvements populaires<\/li>\r\n\t\t\t\t\t\t<li>L\u2019atterrissage forc\u00e9 ou la chute d\u2019un a\u00e9ronef ou d\u2019une partie de cet appareil<\/li>\r\n\t\t\t\t\t\t<li>L&rsquo;\u00e9chouement, la submersion, l&rsquo;incendie, le d\u00e9raillement ou la collision de tout wagon de chemin de fer, bateau ou d\u00e9panneuse servant \u00e0 transporter un v\u00e9hicule assur\u00e9<\/li>\r\n\t\t\t\t\t<\/ul>\r\n\r\n\t\t\t\t\t<p>La plupart des provinces et fournisseurs offrent une protection contre une liste de sinistres semblable. Cependant, la couverture risques sp\u00e9cifi\u00e9s n\u2019est pas un choix courant, car la couverture compr\u00e9hensive est meilleure, quoiqu\u2019un peu plus dispendieuse.<\/p>\r\n\r\n\t\t\t\t\t<p><strong>Vous voulez en savoir plus?<\/strong> Consultez notre <a href=\"\/fr\/centres-ressources\/assurance-auto\" title=\"Centre de ressources : assurance auto\">Centre de ressources : assurance auto<\/a> pour acc\u00e9der \u00e0 des articles pratiques. Ensuite, <a href=\"\/fr\/auto\" title=\"Obtenir une soumission d\u2019assurance auto\"> obtenir une soumission d\u2019assurance auto<\/a> en ligne en moins de 5 minutes et d\u00e9couvrez \u00e0 quel point la couverture personnalis\u00e9e peut \u00eatre abordable.<\/p>\r\n\r\n\t\t\t\t\t<div class=\"row py-3\">\r\n<div class=\"col-12\">\r\n<div class=\"card review\" style=\"box-shadow: 0 2px 4px rgba(0,0,0,0.07);background-color:#f4f4f4;\">\r\n<div class=\"card-body\">\r\n\t<p class=\"text-primary h4\">\u00c0 propos de l\u2019expert&nbsp;: Daniel Mirkovic<\/p>\r\n\t<p>Cofondateur de Square One comptant plus de 25&nbsp;ans dans le secteur de l\u2019assurance, Daniel \u00e9tait vice-pr\u00e9sident des services d\u2019assurance et de voyage de la British Columbia Automobile Association (BCAA). Daniel est titulaire d'un baccalaur\u00e9at \u00e8s commerce et d'une ma\u00eetrise \u00e8s administration des affaires, tous deux obtenus \u00e0 la Sauder School of Business de l'universit\u00e9 de la Colombie-Britannique. Daniel est muni de la d\u00e9signation CAAC et d\u2019un certificat en assurance de dommages niveau&nbsp;3 en Colombie-Britannique, en Alberta, en Saskatchewan, au Manitoba et en Ontario.<\/p>\r\n<\/div>\r\n<\/div>\r\n<\/div>\r\n<\/div>\r\n\r\n\t\t\t<\/div>\r\n        <\/div>\r\n    <\/div>\r\n<\/section>\r\n<script type=\"application\/ld+json\">\r\n{\r\n  \"@context\": \"https:\/\/schema.org\",\r\n  \"@graph\": [\r\n    {\r\n      \"@type\": [\"WebPage\", \"Article\"],\r\n      \"@id\": \"https:\/\/www.squareone.ca\/fr\/centres-ressources\/assurance-auto\/tous-les-risques\",\r\n      \"url\": \"https:\/\/www.squareone.ca\/fr\/centres-ressources\/assurance-auto\/tous-les-risques\",\r\n      \"inLanguage\": \"fr-CA\",\r\n      \"isAccessibleForFree\": true,\r\n      \"headline\": \"Specified perils car insurance coverage\",\r\n      \"description\": \"La garantie Tous les risques est une assurance facultative qui r\u00e9unit les couvertures collision et compr\u00e9hensive, ainsi que la protection contre le vol.\",\r\n      \"publisher\": {\r\n        \"@id\": \"https:\/\/www.squareone.ca\/fr\"\r\n      },\r\n      \"author\": {\r\n        \"@id\": \"#seamus-mckale\"\r\n      },\r\n      \"reviewedBy\": {\r\n        \"@id\": \"https:\/\/www.squareone.ca\/fr\/a-propos-de-nous\/experts\/daniel-mirkovic\"\r\n      }\r\n    },\r\n    {\r\n      \"@type\": \"InsuranceAgency\",\r\n      \"@id\": \"https:\/\/www.squareone.ca\/fr\",\r\n      \"name\": \"Assurances Square One\",\r\n      \"url\": \"https:\/\/www.squareone.ca\/fr\",\r\n      \"logo\": \"https:\/\/cdn.squareone.ca\/wp-content\/uploads\/2021\/04\/09094743\/square-one-logomark-default-md-1.png\",\r\n      \"address\": {\r\n        \"@type\": \"PostalAddress\",\r\n        \"streetAddress\": \"1410-650 W Georgia St\",\r\n        \"addressLocality\": \"Vancouver\",\r\n        \"addressRegion\": \"BC\",\r\n        \"postalCode\": \"V6B 4N8\",\r\n        \"addressCountry\": \"CA\"\r\n      },\r\n      \"telephone\": \"+1-855-331-6933\",\r\n      \"areaServed\": [\"BC\", \"AB\", \"SK\", \"MB\", \"ON\", \"QC\"],\r\n      \"feesAndCommissionsSpecification\": \"https:\/\/www.squareone.ca\/fr\/transparence\"\r\n    },\r\n    {\r\n      \"@type\": \"Person\",\r\n      \"@id\": \"#seamus-mckale\",\r\n      \"name\": \"Seamus McKale\",\r\n      \"url\": \"https:\/\/www.squareone.ca\/fr\/a-propos-de-nous\/membres-equipe#seamus-mckale\",\r\n      \"description\": \"Seamus a 15 ans d\u2019exp\u00e9rience en marketing, avec sp\u00e9cialisation en publicit\u00e9 multim\u00e9dia, r\u00e9daction technique et contenu sur l\u2019assurance personnelle.\",\r\n      \"jobTitle\": \"Sp\u00e9cialiste de marketing de contenu\",\r\n      \"worksFor\": {\r\n        \"@id\": \"https:\/\/www.squareone.ca\/fr\"\r\n      },\r\n      \"hasCredential\": [\r\n        {\r\n          \"@type\": \"EducationalOccupationalCredential\",\r\n          \"name\": \"Certificat en assurance de dommages de la C.-B., niveau 1\"\r\n        },\r\n        {\r\n          \"@type\": \"EducationalOccupationalCredential\",\r\n          \"name\": \"Certificat en assurance de dommages de l\u2019Ontario\"\r\n        }\r\n      ],\r\n      \"knowsAbout\": [\r\n        \"Marketing\",\r\n        \"Publicit\u00e9 multim\u00e9dia\",\r\n        \"R\u00e9daction technique\",\r\n        \"Assurance des particuliers\"\r\n      ],\r\n      \"sameAs\": [\r\n        \"https:\/\/www.linkedin.com\/in\/seamus-m-83801a2b\/\"\r\n      ]\r\n    },\r\n    {\r\n      \"@type\": \"Person\",\r\n      \"@id\": \"https:\/\/www.squareone.ca\/fr\/a-propos-de-nous\/experts\/daniel-mirkovic\",\r\n      \"name\": \"Daniel Mirkovic\",\r\n      \"url\": \"https:\/\/www.squareone.ca\/fr\/a-propos-de-nous\/experts\/daniel-mirkovic\",\r\n      \"description\": \"Daniel poss\u00e8de de vastes connaissances en assurance, acquises au cours de plus de 25 ans d\u2019exprience dans le secteur.\",\r\n      \"jobTitle\": \"Cofondateur et PDG\",\r\n      \"worksFor\": {\r\n        \"@id\": \"https:\/\/www.squareone.ca\/fr\"\r\n      },\r\n      \"alumniOf\": {\r\n        \"@type\": \"CollegeOrUniversity\",\r\n        \"name\": \"Sauder School of Business at the University of British Columbia\"\r\n      },\r\n      \"hasCredential\": [\r\n        {\r\n          \"@type\": \"EducationalOccupationalCredential\",\r\n          \"name\": \"Courtier d\u2019assurance agr\u00e9\u00e9 du Canada (CAAC)\"\r\n        },\r\n        {\r\n          \"@type\": \"EducationalOccupationalCredential\",\r\n          \"name\": \"Certificat en assurance de dommages, niveau 3 (BC, AB, SK, MB, ON)\"\r\n        }\r\n      ],\r\n      \"knowsAbout\": [\r\n        \"Assurance propri\u00e9taire occupant\",\r\n        \"Assurance locataire\",\r\n        \"Assurance copropri\u00e9taire\",\r\n        \"Assurance auto\",\r\n        \"Assurance automobile de collection\",\r\n        \"Assurance maladie\",\r\n        \"Assurance-vie\",\r\n        \"L\u2019assurance invalidit\u00e9 de longue dur\u00e9e\",\r\n        \"Assurance v\u00e9t\u00e9rinaire\",\r\n        \"Assurance-voyage\",\r\n        \"Planification d\u2019affaires et strat\u00e9gique\",\r\n        \"Publicit\u00e9 s'adressant directement aux consommateurs\",\r\n        \"D\u00e9veloppement des produits\",\r\n        \"Conception de l\u2019exp\u00e9rience des utilisateurs\"\r\n      ],\r\n      \"sameAs\": [\r\n        \"https:\/\/www.linkedin.com\/in\/danielmirkovic\"\r\n      ]\r\n    },\r\n    {\r\n      \"@type\": \"FAQPage\",\r\n      \"mainEntity\": [\r\n        {\r\n          \"@type\": \"Question\",\r\n          \"name\": \"Qu\u2019est-ce que la notion tous les risques?\",\r\n          \"acceptedAnswer\": {\r\n            \"@type\": \"Answer\",\r\n            \"text\": \"En assurance, un risque est un \u00e9v\u00e9nement qui occasionne des pertes ou dommages. Le vol, la collision, l\u2019incendie et la gr\u00eale sont des exemples de risques. Par cons\u00e9quent, une police d\u2019assurance auto tous les risques prot\u00e8ge votre v\u00e9hicule contre la majorit\u00e9 des sinistres. Tous les risques signifie que la police d\u2019assurance prot\u00e8ge contre tous les sinistres pour lesquels la couverture est offerte.\"\r\n          }\r\n        },\r\n        {\r\n          \"@type\": \"Question\",\r\n          \"name\": \"Tous les risques vs risques sp\u00e9cifi\u00e9s?\",\r\n          \"acceptedAnswer\": {\r\n            \"@type\": \"Answer\",\r\n            \"text\": \"La couverture tous les risques prot\u00e8ge contre tous les types de dommages, \u00e0 l\u2019exception des quelques exclusions de la police. Or, la couverture risques sp\u00e9cifi\u00e9s ne prot\u00e8ge contre une courte liste de sinistres.\"\r\n          }\r\n        }\r\n      ]\r\n    }\r\n  ]\r\n}\r\n<\/script>","protected":false},"excerpt":{"rendered":"<p>La couverture tous les risques en assurance auto Article \u00e9valu\u00e9 par Daniel Mirkovic L\u2019assurance auto offre plusieurs solutions pour prot\u00e9ger votre v\u00e9hicule. Parmi les options les plus int\u00e9ressantes, on retrouve la couverture tous les risques. Si vous vous demandiez ce que c\u2019est la couverture tous les risques, vous \u00eates \u00e0 la bonne place. Lisez la [&hellip;]<\/p>\n","protected":false},"author":20,"featured_media":67289,"parent":69398,"menu_order":0,"comment_status":"closed","ping_status":"closed","template":"page-article-new.php","meta":{"_acf_changed":false,"footnotes":""},"class_list":["post-74537","page","type-page","status-publish","has-post-thumbnail","hentry"],"acf":[],"_links":{"self":[{"href":"https:\/\/www.squareone.ca\/fr\/wp-json\/wp\/v2\/pages\/74537","targetHints":{"allow":["GET"]}}],"collection":[{"href":"https:\/\/www.squareone.ca\/fr\/wp-json\/wp\/v2\/pages"}],"about":[{"href":"https:\/\/www.squareone.ca\/fr\/wp-json\/wp\/v2\/types\/page"}],"author":[{"embeddable":true,"href":"https:\/\/www.squareone.ca\/fr\/wp-json\/wp\/v2\/users\/20"}],"replies":[{"embeddable":true,"href":"https:\/\/www.squareone.ca\/fr\/wp-json\/wp\/v2\/comments?post=74537"}],"version-history":[{"count":4,"href":"https:\/\/www.squareone.ca\/fr\/wp-json\/wp\/v2\/pages\/74537\/revisions"}],"predecessor-version":[{"id":77478,"href":"https:\/\/www.squareone.ca\/fr\/wp-json\/wp\/v2\/pages\/74537\/revisions\/77478"}],"up":[{"embeddable":true,"href":"https:\/\/www.squareone.ca\/fr\/wp-json\/wp\/v2\/pages\/69398"}],"wp:featuredmedia":[{"embeddable":true,"href":"https:\/\/www.squareone.ca\/fr\/wp-json\/wp\/v2\/media\/67289"}],"wp:attachment":[{"href":"https:\/\/www.squareone.ca\/fr\/wp-json\/wp\/v2\/media?parent=74537"}],"curies":[{"name":"wp","href":"https:\/\/api.w.org\/{rel}","templated":true}]}}