{"id":74624,"date":"2025-02-28T15:51:50","date_gmt":"2025-02-28T23:51:50","guid":{"rendered":"https:\/\/www.squareone.ca\/centres-ressources\/proprietaires-maisons-et-coproprietes\/maisons-batiments-ecenergetiques-au-canada"},"modified":"2026-01-29T09:26:58","modified_gmt":"2026-01-29T17:26:58","slug":"maisons-batiments-ecenergetiques-au-canada","status":"publish","type":"page","link":"https:\/\/www.squareone.ca\/fr\/centres-ressources\/proprietaire-occupant\/maisons-batiments-ecoenergetiques-au-canada","title":{"rendered":"Maisons et b\u00e2timents \u00e9co\u00e9nerg\u00e9tiques au Canada"},"content":{"rendered":"<section id='intro' class=\"bg-shape-split bg-sub-page-hero\">\r\n    <div class=\"bg-position\">\r\n        <div class=\"container-fluid\">\r\n            <div class=\"row align-items-center\">\r\n                <div class=\"col-12 col-lg-8\">\r\n                    <h1>Maisons et b\u00e2timents \u00e9co\u00e9nerg\u00e9tiques au Canada<\/h1>\r\n                    <strong>Article r\u00e9dig\u00e9 par l'\u00e9quipe de Square One<\/strong>\r\n                    <p><\/p>\r\n                    <p class=\"pb-4\" style=\"margin-top:-24px\">Mis \u00e0 jour le 27 f\u00e9vrier 2025<\/p>\r\n                <\/div>\r\n            <\/div>\r\n\r\n            <div class=\"row\">\r\n                <div class=\"col-lg-8\">\r\n                    <p class=\"display-4\">Une maison \u00e9co\u00e9nerg\u00e9tique est une habitation dans laquelle l\u2019humidit\u00e9 et la chaleur entrant et sortant sont contr\u00f4l\u00e9es. Une maison \u00e9co\u00e9nerg\u00e9tique est plus \u00e9conomique et \u00e9cologique. Les maisons neuves peuvent \u00eatre construites selon des normes \u00e9cologiques sp\u00e9cifiques, alors que les maisons existantes peuvent \u00eatre r\u00e9nov\u00e9es ou r\u00e9am\u00e9nag\u00e9es pour devenir plus \u00e9co\u00e9nerg\u00e9tiques. Lisez la suite pour d\u00e9couvrir les solutions \u00e9co\u00e9nerg\u00e9tiques offertes.<\/p>\r\n                    <p class=\"pt-2\"><img loading=\"lazy\" decoding=\"async\" src=\"https:\/\/sq1-wordpress-prod.s3.us-west-2.amazonaws.com\/wp-content\/uploads\/2016\/05\/30070924\/Energy-Efficient-Homes-and-Buildings-in-Canada.jpg\" title=\"Maisons et b\u00e2timents \u00e9co\u00e9nerg\u00e9tiques au Canada\" alt=\"Un homme et un enfant ins\u00e8rent des pi\u00e8ces de monnaie dans une tirelire  \u00e0 l'int\u00e9rieur d'un contour de maison\" width=\"248\" height=\"186\" class=\"img-fluid\" rel=\"noopener noreferrer\" \/><\/p>\r\n                <\/div>\r\n\r\n                <div class=\"col-lg-3 offset-lg-1\">\r\n                    <p class=\"mb-2 display-4 pt-4 pt-lg-0 pt-mb-0\"><strong>Th\u00e8mes<\/strong><\/p>\r\n                    <ul class=\"list-unstyled link-list display-4\">\r\n                        <li><a href='#Whole-home'>Approche de syst\u00e8me pour maison enti\u00e8re<\/a><\/li>\r\n                        <li><a href='#Energy-star'>Energy Star<\/a><\/li>\r\n                        <li><a href='#Passive-house'>Norme de la maison passive<\/a><\/li>\r\n                        <li><a href='#R-2000'>R-2000<\/a><\/li>\r\n                        <li><a href='#Net-zero'>Consommation \u00e9nerg\u00e9tique nette z\u00e9ro<\/a><\/li>\r\n                        <li><a href='#Own-improvements'>Vos propres am\u00e9liorations<\/a><\/li>\r\n                        <li><a href='#EnergyEfficientHomes_FAQ'>Questions fr\u00e9quemment pos\u00e9es<\/a><\/li>     \r\n                    <\/ul>\r\n                <\/div>\r\n            <\/div>  \r\n        <\/div>\r\n    <\/div>\r\n    <div class=\"bg-bottom\"><\/div>\r\n<\/section>\r\n\r\n<section>\r\n<div class=\"container-fluid py-6\">\r\n    <div class=\"row\">\r\n        <div class=\"col-12 col-lg-8\">\r\n\r\n          <h2 id=\"Whole-home\">Approche de syst\u00e8me pour maison enti\u00e8re<\/h2>\r\n            <p>Votre maison est bien plus qu\u2019un plancher, quatre murs et un toit. Il s\u2019agit d\u2019un syst\u00e8me qui g\u00e8re les flux de la chaleur, de l\u2019air et de l\u2019humidit\u00e9. Les am\u00e9liorations en technologie du b\u00e2timent permettent de mieux contr\u00f4ler ces \u00e9l\u00e9ments et d\u2019am\u00e9liorer l\u2019aspect \u00e9co\u00e9nerg\u00e9tique d\u2019une maison. <\/p>\r\n\r\n            <p>D\u2019apr\u00e8s l\u2019organisation sans but lucratif CityGreen, l\u2019utilisation \u00e9nerg\u00e9tique d\u2019une maison r\u00e9sidentielle se partage ainsi\u00a0:<\/p>\r\n            <ul>\r\n                <li>Chauffage localis\u00e9, 46 pour cent<\/li>\r\n                <li>Chauffage d\u2019eau, 30 pour cent<\/li>\r\n                <li>\u00c9lectrom\u00e9nagers, 17 pour cent<\/li>\r\n                <li>\u00c9clairage, 6 pour cent<\/li>\r\n                <li>Climatisation, 1 pour cent<\/li>\r\n            <\/ul>\r\n\r\n            <p>Toutes les maisons ne sont pas \u00e9gales en mati\u00e8re d&rsquo;efficacit\u00e9 \u00e9nerg\u00e9tique. Au Canada, il y a une gamme de normes qui indiquent si une maison neuve respecte des crit\u00e8res d\u2019utilisation \u00e9nerg\u00e9tique sp\u00e9cifiques. Il vaut le coup de conna\u00eetre les normes majeures, qui rel\u00e8vent d\u2019\u00c9nerGuide, la marque officielle du gouvernement du Canada  associ\u00e9e au programme d&rsquo;\u00e9tiquetage et de cote de rendement \u00e9nerg\u00e9tique.<\/p>\r\n\r\n            <p>La cote d\u2019\u00c9nerGuide permet aux acheteurs de comparer le rendement \u00e9co\u00e9nerg\u00e9tique d\u2019un produit comparativement \u00e0 d\u2019autres produits semblables. Vous pouvez obtenir une <a href=\"https:\/\/ressources-naturelles.canada.ca\/efficacite-energetique\/efficacite-energitique-produits\/energuide?_gl=1*p1g7pi*_ga*MTcwOTM3MDQyMS4xNzQwNjg3NDM0*_ga_C2N57Y7DX5*MTc0MDY4NzQzMy4xLjEuMTc0MDY4NzkxOS4wLjAuMA..\" title=\"\u00c9nerGuide au Canada\" rel=\"noopener noreferrer\" target=\"_blank\">cote \u00c9nerGuide<\/a> pour votre maison par l\u2019interm\u00e9diaire d&rsquo;une \u00e9valuation effectu\u00e9e par un conseiller d\u2019\u00e9nergie d\u2019usage domestique agr\u00e9\u00e9 de Ressources naturelles Canada. Celui-ci \u00e9valuera et analysera ce qui suit\u00a0:<\/p>\r\n            <ul>\r\n                <li>L&rsquo;\u00e9quipement de <a href=\"\/fr\/centres-ressources\/connaitre-votre-habitation\/thermopompe\" title=\"Initiation aux thermopompes\">chauffage et de climatisation<\/a><\/li>\r\n                <li>L&rsquo;\u00e9quipement de ventilation<\/li>\r\n                <li>Les syst\u00e8mes d\u2019eau chaude domestiques<\/li>\r\n                <li>Le taux d\u2019infiltration ou de fuite de l\u2019air<\/li>\r\n                <li>Les barri\u00e8res \u00e0 l\u2019air\/\u00e0 la vapeur<\/li>\r\n                <li>Les niveaux d\u2019isolation<\/li>\r\n            <\/ul>\r\n\r\n            <p>Vous recevrez un rapport qui sugg\u00e9rera des moyens d\u2019am\u00e9liorer le rendement \u00e9co\u00e9nerg\u00e9tique de votre domicile et d\u2019\u00e9conomiser, ainsi qu&rsquo;une \u00e9tiquette de cote de syst\u00e8me \u00c9nerGuide.<\/p>\r\n            <p>Passons \u00e0 des types de normes \u00e9nerg\u00e9tiques qui peuvent \u00eatre appliqu\u00e9es \u00e0 des maisons nouvellement construites.<\/p>\r\n\r\n\r\n            <h2 id=\"Energy-star\">Energy Star<\/h2>\r\n            <p>Les maisons homologu\u00e9es Energy Star respectent des normes de construction sup\u00e9rieures \u00e0 celles \u00e9tablies par les codes du b\u00e2timent. Elles sont construites par un constructeur homologu\u00e9 Energy Star et contiennent des \u00e9lectrom\u00e9nagers Energy Star \u2014 ceux qui sont dans le meilleur 15 \u00e0 30\u00a0pour cent de leur cat\u00e9gorie en ce qui concerne le rendement \u00e9co\u00e9nerg\u00e9tique. Ces \u00e9lectrom\u00e9nagers ont une cote \u00c9nerGuide de 80 ou plus.<\/p>\r\n\t\t\t\r\n\t\t\t <\/div>\r\n        <\/div>\r\n    <\/div>\r\n<\/section>\r\n\r\n\t<section class=\"bg-transparent\">\n\t\t<img decoding=\"async\" src=\"\/sales\/images\/bgs\/bg-mid-page-cta-general-top.svg\" style=\"width: 100%; vertical-align: bottom; position: relative; top: 1px\"\/>\n\t\t\n\t\t<div class=\"bg-darkTeal py-3\">\t\t\t\n\t\t\t<div class=\"container-fluid\">\n\t\t\t\t<div class=\"row d-flex align-items-center pb-5\">\n\t\t\t\t\t<div class=\"col-12 col-md-8 offset-md-2 px-lg-5 pb-5 pb-lg-0\">\n\t\t\t\t\t\t<div class=\"h6 mb-4 text-primary text-uppercase text-center\">\n\t\t\t\t\t\t\tCela ne prend que 5\u00a0minutes \n\t\t\t\t\t\t<\/div>\t\t\n\t\t\t\t\t\t\t\t\t\t\t\n\t\t\t\t\t\t<p class=\"lead px-lg-5 text-white\">\n\t\t\t\t\t\t\t<strong class=\"d-inline-block text-uc-first\">Pr\u00eat \u00e0 obtenir une soumission en ligne? <\/strong> Votre temps est aussi pr\u00e9cieux que vos possessions. Obtenez une soumission d'assurance habitation en <strong>5 minutes<\/strong>. C\u2019est moins de temps qu\u2019il n\u2019en faut pour faire la file pour un caf\u00e9.\n\t\t\t\t\t\t<\/p>\t\t\t\n\t\n\t\t\t\t\t\t<div id=\"sq1-qw-ef4b5eb31080\" class=\"sq1-quote-widget mb-4 text-white\" data-quote-widget-type=\"HOME\" data-has-custom-text=\"true\">\n\t\t\t\t\t\t\t<div class=\"input-group input-group-focus-within bg-white my-4\">\n\t\t\t\t\t\t\t\t<div>\n\t\t\t\t\t\t\t\t\t<div class=\"input-group-text\">\n\t\t\t\t\t\t\t\t\t\t<i class=\"fa fa-map-marker d-block text-black\"><\/i>\n\t\t\t\t\t\t\t\t\t<\/div>\n\t\t\t\t\t\t\t\t<\/div>\n\t\t\t\t\t\t\t\t<input type=\"text\" class=\"form-control\" style=\"padding: 10px;\" placeholder=\"Enter an address\" aria-label=\"Inscrivez votre adresse pour obtenir une soumission\"\/>\n\t\t\t\t\t\t\t\t<div>\n\t\t\t\t\t\t\t\t\t<button class=\"btn btn-primary\">Obtenir une soumission en ligne d\u00e8s maintenant<\/button>\n\t\t\t\t\t\t\t\t<\/div>\n\t\t\t\t\t\t\t<\/div>\n\t\t\t\t\t\t<\/div>\n\t\t\t\t\t\t\n\t\t\t\t\t\t<p class=\"small text-white\">Avant de commencer, veuillez lire notre <a href=\"https:\/\/www.squareone.ca\/fr\/politique-confidentialite\" target=\"_blank\" rel=\"noreferrer noopener\">Politique de confidentialit\u00e9<\/a> et nos <a href=\"https:\/\/www.squareone.ca\/fr\/conditions-utilisation\" target=\"_blank\" rel=\"noreferrer noopener\">Conditions d\u2019utilisation<\/a>.<\/p>\t\n\t\n\t\t\t\t\t\t<script type=\"text\/javascript\">\n\t\t\t\t\t\t(function() {\n\t\t\t\t\t\t\tdocument.addEventListener('soiMiscJsLoaded', function() {\n\t\t\t\t\t\t        $(document).ready(function() {\n\t\t\t\t\t\t\t\t\tsoiQuoteWidget.processFormWidget('\/sales\/index.php\/json_quote_widget?rand=' +Math.random(), 'qwContainer'); \/\/populate quoting widget with content from symfony.\n\t\t\t\t\t\t\t\t});\n\t\t\t\t\t\t\t});\n\t\t\t\t\t\t})();\n\t\t\t\t\t\t<\/script>\n\t\t\t\t\t<\/div>\n\t\t\t\t<\/div>\n\t\t\t<\/div>\n\t\t<\/div>\n\t\t\n\t\t<img decoding=\"async\" src=\"\/sales\/images\/bgs\/bg-mid-page-cta-general-bottom.svg\" style=\"width: 100%; vertical-align: top\"\/>\t\t\n\t<\/section>\r\n\r\n<section>\r\n    <div class=\"container-fluid py-6\">\r\n        <div class=\"row\">\r\n            <div class=\"col-12 col-lg-8\">\r\n\r\n            <h2 id=\"Passive-house\">Norme de la maison passive<\/h2>\r\n \r\n            <p>N\u00e9e en Europe, la norme de la maison passive privil\u00e9gie des maisons \u00e9conomiques et \u00e0 basse consommation d\u2019\u00e9nergie, et munies de syst\u00e8mes de chauffage et de climatisation moins complexes, d\u2019apr\u00e8s le <a href=\"https:\/\/www.cagbc.org\/fr\/\" target=\"_blank\" rel=\"noopener noreferrer\">Conseil du b\u00e2timent durable du Canada<\/a>. Cette norme de conception et de construction rigoureuse a un objectif d\u2019\u00e9conomies \u00e9nerg\u00e9tiques de 80\u00a0% \u00e0 90\u00a0% par b\u00e2timent. Elle s\u2019assure que le b\u00e2timent est herm\u00e9tique et bien isol\u00e9 afin de r\u00e9duire consid\u00e9rablement les besoins \u00e9nerg\u00e9tiques. <\/p>\r\n\t\t\t\r\n\t\t\t<p>De nombreuses villes adoptent la norme de la maison passive pour leurs propres codes du b\u00e2timent. Cette <a href=\"https:\/\/www.youtube.com\/watch?v=0MuvwgT5nfY&#038;t=125s\" title=\"Vid\u00e9o Une maison passive c\u2019est quoi\" rel=\"noopener noreferrer\" target=\"_blank\"> courte vid\u00e9o<\/a> explique ce que c\u2019est une maison passive.<\/p>\r\n\r\n\r\n            <h2 id=\"R-2000\">R-2000<\/h2>\r\n            <p>Les maisons passives sont construites conform\u00e9ment \u00e0 la <a href=\"https:\/\/ressources-naturelles.canada.ca\/efficacite-energetique\/efficacite-energitique-maison\/r-2000-maisons-ecologiques?_gl=1*1m1208r*_ga*MTcwOTM3MDQyMS4xNzQwNjg3NDM0*_ga_C2N57Y7DX5*MTc0MDY5NjkwNi4yLjEuMTc0MDY5ODQxOC4wLjAuMA..\" title=\"R-2000 : maisonbs \u00e9cologiques\" target=\"_blank\" rel=\"noopener noreferrer\">norme\u00a0R-2000<\/a>, qui est entr\u00e9e en vigueur en 2012. Elles sont la r\u00e9f\u00e9rence en ce qui concerne les maisons \u00e9co\u00e9nerg\u00e9tiques. Les maisons passives sont construites par des constructeurs homologu\u00e9s R-2000 \u00e0 l\u2019aide de la technologie \u00e0 la fine pointe. D\u2019habitude, une maison passive est dot\u00e9e des caract\u00e9ristiques suivantes\u00a0:<\/p>\r\n            <ul>\r\n                <li>Des niveaux d\u2019isolation plus \u00e9lev\u00e9s dans les murs, les plafonds et les sous-sols<\/li>\r\n                <li>Des portes et fen\u00eatres \u00e9co\u00e9nerg\u00e9tiques<\/li>\r\n                <li>Un syst\u00e8me de chauffage \u00e9co\u00e9nerg\u00e9tique<\/li>\r\n                <li>Une ventilation m\u00e9canique pour toute la maison<\/li>\r\n                <li>Des essais pour assurer que les fuites d\u2019air sont minimales<\/li>\r\n                <li>Des installations de conservation de l\u2019eau.<\/li>\r\n            <\/ul>\r\n\r\n            <p>Apr\u00e8s l\u2019inspection et l\u2019approbation, les maisons homologu\u00e9es R-2000 re\u00e7oivent un certificat de Ressources naturelles Canada et une \u00e9tiquette qui est appos\u00e9e sur le panneau \u00e9lectrique.<\/p>\r\n\r\n\r\n            <h2 id=\"Net-zero\">Maison \u00e0 consommation \u00e9nerg\u00e9tique nette z\u00e9ro<\/h2>\r\n            <p>Une maison \u00e0 consommation \u00e9nerg\u00e9tique nette z\u00e9ro (CENZ) est une maison qui produit annuellement autant d\u2019\u00e9nergie qu\u2019elle en consomme. Au Canada, ce genre de maison n\u2019est pas encore offerte sur le march\u00e9, mais le gouvernement collabore avec des intervenants pour essayer et \u00e9valuer des prototypes qui respectent cette norme. \u00c0 l\u2019heure actuelle, la construction d\u2019une maison \u00e0 CENZ est co\u00fbteuse. Toutefois, le gouvernement vise \u00e0 r\u00e9duire les frais des technologies requises pour construire des logements \u00e0 CENZ \u00e0 grande \u00e9chelle.<\/p>\r\n\r\n\r\n            <h2 id=\"Own-improvements\">Vos propres am\u00e9liorations<\/h2>\r\n            <p>Il est toujours possible d\u2019am\u00e9liorer le rendement \u00e9co\u00e9nerg\u00e9tique d\u2019une maison existante. Une \u00e9valuation dans le cadre de l\u2019initiative \u00c9nerGuide constitue une solution, mais il y a des am\u00e9liorations que vous pouvez apporter vous-m\u00eame\u00a0:<\/p>\r\n            <ul>\r\n                <li>Installation d&rsquo;un syst\u00e8me de chauffage \u00e0 haut rendement Energy Star<\/li>\r\n                <li>Am\u00e9lioration de l\u2019isolation dans les murs, le grenier, le sous-sol et le vide sanitaire<\/li>\r\n                <li>Mise \u00e0 niveau de votre syst\u00e8me de chauffage d\u2019eau, et installez des pommes de douche \u00e0 d\u00e9bit r\u00e9duit, des toilettes \u00e0 double chasse et des a\u00e9rateurs de robinet<\/li>\r\n                <li>Pr\u00e9vention d&rsquo;une partie des fuites d\u2019air de votre maison \u00e0 l\u2019aide des coupe-bises.<\/li>\r\n            <\/ul>\r\n\r\n            <p>Si vous envisagez d\u2019effectuer ces am\u00e9liorations, v\u00e9rifiez si le gouvernement provincial ou municipal offre des programmes d\u2019incitatifs ou des rabais pour all\u00e9ger les co\u00fbts. R\u00e9sultat\u00a0: vous pouvez faire des \u00e9conomies au court terme tout en am\u00e9liorant le rendement \u00e9co\u00e9nerg\u00e9tique de votre domicile au long terme.<\/p>\r\n\r\n\r\n<h2 id=\"EnergyEfficientHomes_FAQ\">Questions fr\u00e9quemment pos\u00e9es<\/h2>\r\n \r\n<h3>Quel est l\u2019inconv\u00e9nient des maisons \u00e9co\u00e9nerg\u00e9tiques?<\/h3>\r\n<p>Souvent, la construction d\u2019une maison \u00e9co\u00e9nerg\u00e9tique co\u00fbte plus cher au d\u00e9but, car les syst\u00e8mes, mat\u00e9riaux et \u00e9lectros \u00e9co\u00e9nerg\u00e9tiques sont typiquement plus dispendieux que leurs \u00e9quivalents \u00e0 faible rendement \u00e9nerg\u00e9tique.<\/p>\r\n\r\n<h3>\u00c7a co\u00fbte combien construire une maison \u00e9co\u00e9nerg\u00e9tique au Canada?<\/h3>\r\n<p>En fonction de la port\u00e9e des am\u00e9liorations vis\u00e9es, la construction d\u2019une maison \u00e9co\u00e9nerg\u00e9tique co\u00fbte en moyen 10\u00a0% de plus.<\/p>\r\n\r\n<h3>Y a-t-il des rabais?<\/h3>\r\n<p>Il existe de nombreux rabais pour les maisons \u00e9co\u00e9nerg\u00e9tiques, y compris des rabais f\u00e9d\u00e9raux, comme la <a href=\"https:\/\/ressources-naturelles.canada.ca\/efficacite-energetique\/efficacite-energitique-maison\/initiative-canadienne-maisons-plus-vertes\/subvention-canadienne-maisons-plus-vertes?_gl=1*naf2x0*_ga*MTcwOTM3MDQyMS4xNzQwNjg3NDM0*_ga_C2N57Y7DX5*MTc0MDc3MjU2MC41LjAuMTc0MDc3MjU2MC4wLjAuMA..\" Title=\"Subvention canadienne pour des maisons plus vertes\" rel=\"noopener noreferrer\" target=\"_blank\">Subvention canadienne pour des maisons plus vertes<\/a>. Les gouvernements municipaux et les compagnies des services publics offrent \u00e9galement des rabais.<\/p>\r\n\r\n<p><strong>Vous voulez en savoir plus?<\/strong> Consultez notre <a href=\"\/fr\/centres-ressources\/proprietaire-occupant\" title=\"Centre de ressources : propri\u00e9taire occupant\">Centre de ressources&nbsp;: propri\u00e9taire occupant<\/a> pour acc\u00e9der \u00e0 des articles pour vous guider sur la vie de propri\u00e9taire. Ensuite, <a href=\"\/fr\/soumission-assurance-habitation-en-ligne\" title=\"Obtenir une soumission d\u2019assurance habitation en ligne\">obtenez une soumission d'assurance habitation en ligne<\/a> en moins de 5\u00a0minutes et d\u00e9couvrez \u00e0 quel point l\u2019assurance habitation personnalis\u00e9e peut \u00eatre abordable.<\/p>\r\n\r\n        <\/div>\r\n    <\/div>\r\n<\/div>\r\n<\/section>\r\n<script type=\"application\/ld+json\">\r\n{\r\n  \"@context\": \"https:\/\/schema.org\",\r\n  \"@type\": \"WebPage\",\r\n  \"mainEntityOfPage\": {\r\n    \"@type\": \"Article\",\r\n    \"@id\": \"https:\/\/www.squareone.ca\/fr\/centres-ressources\/proprietaire-occupant\/maisons-batiments-ecoenergetiques-au-canada\"\r\n  },\r\n  \"author\": [\r\n    {\r\n      \"@type\": \"Person\",\r\n      \"name\": \"Square One team\"\r\n    }\r\n  ],\r\n  \"headline\": \"Maisons et b\u00e2timents \u00e9co\u00e9nerg\u00e9tiques au Canada\",\r\n  \"datePublished\": \"\",\r\n  \"dateModified\": \"\",\r\n  \"inLanguage\": \"fr-CA\",\r\n  \"isAccessibleForFree\": true\r\n}\r\n<\/script>\r\n<script type=\"application\/ld+json\">\r\n{\r\n  \"@context\": \"https:\/\/schema.org\",\r\n  \"@type\": \"FAQPage\",\r\n  \"mainEntity\": [{\r\n    \"@type\": \"Question\",\r\n    \"name\": \"Quels est l\u2019inconv\u00e9nient des maisons \u00e9co\u00e9nerg\u00e9tiques?\",\r\n    \"acceptedAnswer\": {\r\n      \"@type\": \"Answer\",\r\n      \"text\": \"Souvent, la construction d\u2019une maison \u00e9co\u00e9nerg\u00e9tique co\u00fbte plus cher au d\u00e9but, car les syst\u00e8mes, mat\u00e9riaux et \u00e9lectros \u00e9co\u00e9nerg\u00e9tiques sont typiquement plus dispendieux que leurs \u00e9quivalents \u00e0 faible rendement \u00e9nerg\u00e9tique.\"\r\n    }\r\n  },{\r\n    \"@type\": \"Question\",\r\n    \"name\": \"\u00c7a co\u00fbte combien construire une maison \u00e9co\u00e9nerg\u00e9tique au Canada?\",\r\n    \"acceptedAnswer\": {\r\n      \"@type\": \"Answer\",\r\n      \"text\": \"En fonction de la port\u00e9e des am\u00e9liorations vis\u00e9es, la construction d\u2019une maison \u00e9co\u00e9nerg\u00e9tique co\u00fbte en moyen 10 % de plus.\"\r\n    }\r\n  },{\r\n    \"@type\": \"Question\",\r\n    \"name\": \"Y a-t-il des rabais?\",\r\n    \"acceptedAnswer\": {\r\n      \"@type\": \"Answer\",\r\n      \"text\": \"Il existe de nombreux rabais pour les maisons \u00e9co\u00e9nerg\u00e9tiques, y compris des rabais f\u00e9d\u00e9raux, comme la Subvention canadienne pour des maisons plus vertes. Les gouvernements municipaux et les compagnies des services publics offrent \u00e9galement des rabais.\"\r\n    }\r\n  }]\r\n}\r\n<\/script>\r\n","protected":false},"excerpt":{"rendered":"<p>Maisons et b\u00e2timents \u00e9co\u00e9nerg\u00e9tiques au Canada Une maison \u00e9co\u00e9nerg\u00e9tique est une habitation dans laquelle l\u2019humidit\u00e9 et la chaleur entrant et sortant sont contr\u00f4l\u00e9es. Une maison \u00e9co\u00e9nerg\u00e9tique est plus \u00e9conomique et \u00e9cologique. Les maisons neuves peuvent \u00eatre construites selon des normes \u00e9cologiques sp\u00e9cifiques, alors que les maisons existantes peuvent \u00eatre r\u00e9nov\u00e9es ou r\u00e9am\u00e9nag\u00e9es pour devenir plus [&hellip;]<\/p>\n","protected":false},"author":2,"featured_media":74076,"parent":48241,"menu_order":0,"comment_status":"closed","ping_status":"closed","template":"page-article-new.php","meta":{"_acf_changed":false,"footnotes":""},"class_list":["post-74624","page","type-page","status-publish","has-post-thumbnail","hentry"],"acf":[],"_links":{"self":[{"href":"https:\/\/www.squareone.ca\/fr\/wp-json\/wp\/v2\/pages\/74624","targetHints":{"allow":["GET"]}}],"collection":[{"href":"https:\/\/www.squareone.ca\/fr\/wp-json\/wp\/v2\/pages"}],"about":[{"href":"https:\/\/www.squareone.ca\/fr\/wp-json\/wp\/v2\/types\/page"}],"author":[{"embeddable":true,"href":"https:\/\/www.squareone.ca\/fr\/wp-json\/wp\/v2\/users\/2"}],"replies":[{"embeddable":true,"href":"https:\/\/www.squareone.ca\/fr\/wp-json\/wp\/v2\/comments?post=74624"}],"version-history":[{"count":4,"href":"https:\/\/www.squareone.ca\/fr\/wp-json\/wp\/v2\/pages\/74624\/revisions"}],"predecessor-version":[{"id":78111,"href":"https:\/\/www.squareone.ca\/fr\/wp-json\/wp\/v2\/pages\/74624\/revisions\/78111"}],"up":[{"embeddable":true,"href":"https:\/\/www.squareone.ca\/fr\/wp-json\/wp\/v2\/pages\/48241"}],"wp:featuredmedia":[{"embeddable":true,"href":"https:\/\/www.squareone.ca\/fr\/wp-json\/wp\/v2\/media\/74076"}],"wp:attachment":[{"href":"https:\/\/www.squareone.ca\/fr\/wp-json\/wp\/v2\/media?parent=74624"}],"curies":[{"name":"wp","href":"https:\/\/api.w.org\/{rel}","templated":true}]}}