{"id":74655,"date":"2025-03-07T14:58:48","date_gmt":"2025-03-07T22:58:48","guid":{"rendered":"https:\/\/www.squareone.ca\/centres-ressources\/proprietaires-maisons-et-coproprietes\/habitations-nette-zero"},"modified":"2026-01-29T09:24:13","modified_gmt":"2026-01-29T17:24:13","slug":"habitations-nette-zero","status":"publish","type":"page","link":"https:\/\/www.squareone.ca\/fr\/centres-ressources\/proprietaire-occupant\/habitations-nette-zero","title":{"rendered":"Qu\u2019est-ce qu\u2019une habitation nette z\u00e9ro ou \u00e0 consommation \u00e9nerg\u00e9tique nette z\u00e9ro?"},"content":{"rendered":"<section id='intro' class=\"bg-shape-split bg-sub-page-hero\">\r\n    <div class=\"bg-position\">\r\n        <div class=\"container-fluid\">\r\n            <div class=\"row align-items-center\">\r\n                <div class=\"col-12 col-lg-8\">\r\n                    <h1>Qu\u2019est-ce qu\u2019une habitation nette z\u00e9ro ou \u00e0 consommation \u00e9nerg\u00e9tique nette z\u00e9ro?<\/h1>\r\n<strong>Article r\u00e9dig\u00e9 par l'\u00e9quipe de Square One<\/strong>\r\n                    <p><strong>Reviewed by <a title=\"Expert: <p><strong>Article \u00e9valu\u00e9 par <a title=\"Expert : Matt Hope\" href=\"https:\/\/www.squareone.ca\/fr\/a-propos-de-nous\/experts#energy\">Matt Hope<\/a><\/strong><\/p>\r\n                    <p class=\"pb-4\" style=\"margin-top:-24px\">Mis \u00e0 jour le 6 mars 2025<\/p>\r\n                <\/div>\r\n            <\/div>\r\n\r\n            <div class=\"row\">\r\n                <div class=\"col-lg-8\">\r\n                    <p class=\"display-4\">Dans un monde fr\u00e9n\u00e9tique en \u00e9volution, les gens doivent s\u2019y adapter ou risquent d\u2019\u00eatre laiss\u00e9s en arri\u00e8re. Des technologies que nous ne pouvions pas envisager il y a dix ans sont devenues monnaie courante, comme les t\u00e9l\u00e9phones intelligents, les assistants informatiques \u00e0 commande vocale et la diffusion audio et vid\u00e9o en continu, entre autres.<\/p>\r\n                    <p class=\"display-4\">Le changement climatique a \u00e9galement surlign\u00e9 les enjeux de la pollution et les sources d\u2019\u00e9nergie non renouvelable. D\u2019apr\u00e8s <a href=\"https:\/\/www.canada.ca\/fr\/services\/environnement\/meteo\/changementsclimatiques\/plan-climatique\/survol-plan-climatique\/environnement-sain-economie-saine.html\" title=\"Un environnement sain et une \u00e9conomie saine : Ressources naturelles Canada\" rel=\"noopener noreferrer\" target=\"_blank\">Ressources naturelles Canada<\/a>, le logement est \u00e0 l\u2019origine de 11\u00a0% des \u00e9missions \u00e0 effet de serre du pays. L\u2019une des solutions \u00e0 ce probl\u00e8me est l\u2019habitation nette z\u00e9ro, une innovation qui pourrait bient\u00f4t devenir la norme en construction du logement.<\/p>\r\n                    <p class=\"pt-2\"><img decoding=\"async\" src=\"https:\/\/cdn.squareone.ca\/wp-content\/uploads\/2021\/10\/05133524\/net-zero-homes.jpg\" alt=\"Une habitation nette z\u00e9ro moderne avec panneaux solaires et couleurs ext\u00e9rieures vives.\" width=\"248px\" class=\"img-fluid\" rel=\"noopener noreferrer\" \/><\/p>\r\n                <\/div>\r\n\t\t\t\t\r\n               <div class=\"col-lg-3 offset-lg-1\">\r\n                    <p class=\"mb-2 display-4 pt-4 pt-lg-0 pt-mb-0\"><strong>Th\u00e8mes<\/strong><\/p>\r\n                    <ul class=\"list-unstyled link-list display-4\">\r\n                        <li><a href='#Net-zero-home'>Qu\u2019est-ce qu\u2019une habitation nette z\u00e9ro ou \u00e0 consommation \u00e9nerg\u00e9tique nette z\u00e9ro?\r\n                        <li><a href='#Features'>Caract\u00e9ristiques<\/a><\/li>\r\n                        <li><a href='#Benefits'>Avantages<\/a><\/li>       \r\n                    <\/ul>\r\n                <\/div>\r\n            <\/div>  \r\n        <\/div>\r\n    <\/div>\r\n    <div class=\"bg-bottom\"><\/div>\r\n<\/section>\r\n\r\n<section>\r\n<div class=\"container-fluid py-6\">\r\n    <div class=\"row\">\r\n        <div class=\"col-12 col-lg-8\">\r\n\r\n            <h2 id=\"Net-zero-home\">Qu\u2019est-ce qu\u2019une habitation nette z\u00e9ro ou \u00e0 consommation \u00e9nerg\u00e9tique nette z\u00e9ro?<\/h2>\r\n                               <p>Une habitation nette z\u00e9ro est un logement qui privil\u00e9gie la conservation \u00e9nerg\u00e9tique et qui g\u00e9n\u00e8re annuellement autant d\u2019\u00e9nergie qu\u2019il en consomme, gr\u00e2ce aux progr\u00e8s en m\u00e9thodes de construction et en production\/conservation d\u2019\u00e9nergie.<\/p>\r\n            <p>Cela ne signifie pas forc\u00e9ment que les habitations nette-z\u00e9ro sont compl\u00e8tement ind\u00e9pendantes du r\u00e9seau \u00e9lectrique. Elles peuvent consommer de l\u2019\u00e9nergie du r\u00e9seau en retournant l\u2019\u00e9nergie exc\u00e9dentaire quand elles g\u00e9n\u00e8rent plus d\u2019\u00e9nergie qu\u2019elles peuvent en consommer. \u00c0 condition que la consommation \u00e9nerg\u00e9tique de l\u2019habitation soit z\u00e9ro, on peut l\u2019appeler \u00ab\u00a0habitation nette z\u00e9ro\u00a0\u00bb.<\/p>\r\n            <p>Les maisons nette z\u00e9ro sont \u00e9quip\u00e9es de <a href=\"https:\/\/www.hydroquebec.com\/solaire\/\" title=\"Syst\u00e8me photovolta\u00efque\" rel=\"noopener noreferrer\" target=\"_blank\">syst\u00e8mes photovolta\u00efques<\/a> qui permettent la capture et l\u2019utilisation de l\u2019\u00e9nergie solaire renouvelable. Selon la Soci\u00e9t\u00e9 canadienne d&rsquo;hypoth\u00e8ques et de logement (SCHL), les habitations nette z\u00e9ro peuvent comprendre des technologies et pratiques qui rehaussent la qualit\u00e9 de l\u2019air et le confort int\u00e9rieurs, r\u00e9duisent l\u2019impact \u00e9cologique, conservent les ressources naturelles et am\u00e9liorent l\u2019accessibilit\u00e9 des prix.<\/p>\r\n            <p>Si vous n\u2019\u00eates pas pr\u00eat \u00e0 <a href=\"\/fr\/centres-ressources\/ameliorations-domiciliaires\/panneaux-solaires\" title=\"Les avantages et inconv\u00e9nients des panneaux solaires\">investir dans les panneaux solaires<\/a>, il existe des maisons nette z\u00e9ro qui sont construites pour permettre l\u2019installation des panneaux solaires \u00e0 une date ult\u00e9rieure sans modification majeure.<\/p>\r\n            <p>En 2017, l\u2019Association canadienne des constructeurs d&rsquo;habitations a lanc\u00e9 un programme de certification d\u2019habitations pour reconna\u00eetre les habitations nette z\u00e9ro et promouvoir leur construction. Il est possible que, gr\u00e2ce \u00e0 des changements aux codes du b\u00e2timent, tous les nouveaux logements doivent respecter une norme nette z\u00e9ro d\u2019ici 2030.<\/p>          \r\n\r\n            \r\n            <h2 id=\"Features\">Caract\u00e9ristiques des habitations nette z\u00e9ro<\/h2>\r\n\t\t\t\r\n            <p>Les habitations nette z\u00e9ro ont trois objectifs\u00a0: l\u2019installation des syst\u00e8mes d\u2019\u00e9nergie renouvelable, la r\u00e9duction des exigences \u00e9nerg\u00e9tiques et l\u2019exploitation efficace. <\/p>\r\n            <p>Au Canada, la plupart des maisons nette z\u00e9ro sont \u00e9quip\u00e9es de syst\u00e8mes photovolta\u00efques qui transforment la lumi\u00e8re du soleil en \u00e9lectricit\u00e9. Elles ont l\u2019avantage d\u2019\u00eatre faciles \u00e0 entretenir, s\u00e9curitaires et fiables tout en ne g\u00e9n\u00e9rant aucune \u00e9mission ou pollution sur les lieux. Il y a \u00e9galement des panneaux solaires qui produisent de l\u2019eau chaude.<\/p>\r\n            <p>Une habitation nette z\u00e9ro r\u00e9duit les besoins \u00e9nerg\u00e9tiques de plusieurs fa\u00e7ons. G\u00e9n\u00e9ralement, tout le b\u00e2timent est isol\u00e9 pour <a href=\"\/fr\/centres-ressources\/ameliorations-domiciliaires\/chauffer-efficacement-votre-habitation\" title=\"Comment chauffer efficacement votre habitation\">emp\u00eacher la fuite de l\u2019air chaud ou froid<\/a> en fonction de la saison. D\u2019habitude, la maison est orient\u00e9e est-ouest pour que bon nombre des fen\u00eatres donnent sur le sud. On veut ainsi profiter de la lumi\u00e8re et de la chaleur du soleil, et r\u00e9duire les frais \u00e9nerg\u00e9tiques. <\/p>\r\n            <p>Les maisons nette z\u00e9ro peuvent aussi \u00eatre \u00e9quip\u00e9es de porte-\u00e0-faux qui offrent de l\u2019ombre pour refroidir le logement. Elles ont souvent un syst\u00e8me de ventilation m\u00e9canique \u00e9co\u00e9nerg\u00e9tique qui \u00e9change l\u2019air vici\u00e9 int\u00e9rieur contre l\u2019air frais ext\u00e9rieur, afin de privil\u00e9gier un environnement des plus sains. <\/p>\r\n            <p>Pour r\u00e9cup\u00e9rer de l\u2019\u00e9nergie qui pourrait \u00eatre gaspill\u00e9e pendant l\u2019\u00e9vacuation de l\u2019air et des eaux us\u00e9es, les maisons nette z\u00e9ro pourraient incorporer des syst\u00e8mes de r\u00e9cup\u00e9ration de chaleur et des <a href=\"https:\/\/www.hydro.mb.ca\/fr\/guides\/home-water-heating\/\" title=\"Syst\u00e8mes de r\u00e9cup\u00e9ration de chaleur des eaux d\u2019\u00e9vacuation\" rel=\"noopener noreferrer\" target=\"_blank\">eaux d\u2019\u00e9vacuation<\/a>.<\/p>\r\n            <p>Les \u00e9lectrom\u00e9nagers et les luminaires, ainsi que les syst\u00e8mes de chauffage et de refroidissement, doivent \u00eatre conformes \u00e0 la conception \u00e9co\u00e9nerg\u00e9tique de la maison.<\/p> \r\n            <p>Pour les propri\u00e9taires occupants soucieux de la consommation de l\u2019\u00e9nergie, il est envisageable d\u2019avoir un tableau de bord qui affiche des donn\u00e9es en temps r\u00e9el sur la consommation et la production \u00e9nerg\u00e9tique de l\u2019habitation pour que les r\u00e9sidents puissent adapter leur comportement en cons\u00e9quence.<\/p>\r\n\t\t\t\r\n\t\t\t<\/div>\r\n        <\/div>\r\n    <\/div>\r\n<\/section>\r\n\r\n\t<section class=\"bg-transparent\">\n\t\t<img decoding=\"async\" src=\"\/sales\/images\/bgs\/bg-mid-page-cta-general-top.svg\" style=\"width: 100%; vertical-align: bottom; position: relative; top: 1px\"\/>\n\t\t\n\t\t<div class=\"bg-darkTeal py-3\">\t\t\t\n\t\t\t<div class=\"container-fluid\">\n\t\t\t\t<div class=\"row d-flex align-items-center pb-5\">\n\t\t\t\t\t<div class=\"col-12 col-md-8 offset-md-2 px-lg-5 pb-5 pb-lg-0\">\n\t\t\t\t\t\t<div class=\"h6 mb-4 text-primary text-uppercase text-center\">\n\t\t\t\t\t\t\tCela ne prend que 5\u00a0minutes \n\t\t\t\t\t\t<\/div>\t\t\n\t\t\t\t\t\t\t\t\t\t\t\n\t\t\t\t\t\t<p class=\"lead px-lg-5 text-white\">\n\t\t\t\t\t\t\t<strong class=\"d-inline-block text-uc-first\">Pr\u00eat \u00e0 obtenir une soumission en ligne? <\/strong> Votre temps est aussi pr\u00e9cieux que vos possessions. Obtenez une soumission d'assurance habitation en <strong>5 minutes<\/strong>. C\u2019est moins de temps qu\u2019il n\u2019en faut pour faire la file pour un caf\u00e9.\n\t\t\t\t\t\t<\/p>\t\t\t\n\t\n\t\t\t\t\t\t<div id=\"sq1-qw-f893e036a84b\" class=\"sq1-quote-widget mb-4 text-white\" data-quote-widget-type=\"HOME\" data-has-custom-text=\"true\">\n\t\t\t\t\t\t\t<div class=\"input-group input-group-focus-within bg-white my-4\">\n\t\t\t\t\t\t\t\t<div>\n\t\t\t\t\t\t\t\t\t<div class=\"input-group-text\">\n\t\t\t\t\t\t\t\t\t\t<i class=\"fa fa-map-marker d-block text-black\"><\/i>\n\t\t\t\t\t\t\t\t\t<\/div>\n\t\t\t\t\t\t\t\t<\/div>\n\t\t\t\t\t\t\t\t<input type=\"text\" class=\"form-control\" style=\"padding: 10px;\" placeholder=\"Enter an address\" aria-label=\"Inscrivez votre adresse pour obtenir une soumission\"\/>\n\t\t\t\t\t\t\t\t<div>\n\t\t\t\t\t\t\t\t\t<button class=\"btn btn-primary\">Obtenir une soumission en ligne d\u00e8s maintenant<\/button>\n\t\t\t\t\t\t\t\t<\/div>\n\t\t\t\t\t\t\t<\/div>\n\t\t\t\t\t\t<\/div>\n\t\t\t\t\t\t\n\t\t\t\t\t\t<p class=\"small text-white\">Avant de commencer, veuillez lire notre <a href=\"https:\/\/www.squareone.ca\/fr\/politique-confidentialite\" target=\"_blank\" rel=\"noreferrer noopener\">Politique de confidentialit\u00e9<\/a> et nos <a href=\"https:\/\/www.squareone.ca\/fr\/conditions-utilisation\" target=\"_blank\" rel=\"noreferrer noopener\">Conditions d\u2019utilisation<\/a>.<\/p>\t\n\t\n\t\t\t\t\t\t<script type=\"text\/javascript\">\n\t\t\t\t\t\t(function() {\n\t\t\t\t\t\t\tdocument.addEventListener('soiMiscJsLoaded', function() {\n\t\t\t\t\t\t        $(document).ready(function() {\n\t\t\t\t\t\t\t\t\tsoiQuoteWidget.processFormWidget('\/sales\/index.php\/json_quote_widget?rand=' +Math.random(), 'qwContainer'); \/\/populate quoting widget with content from symfony.\n\t\t\t\t\t\t\t\t});\n\t\t\t\t\t\t\t});\n\t\t\t\t\t\t})();\n\t\t\t\t\t\t<\/script>\n\t\t\t\t\t<\/div>\n\t\t\t\t<\/div>\n\t\t\t<\/div>\n\t\t<\/div>\n\t\t\n\t\t<img decoding=\"async\" src=\"\/sales\/images\/bgs\/bg-mid-page-cta-general-bottom.svg\" style=\"width: 100%; vertical-align: top\"\/>\t\t\n\t<\/section>\r\n\r\n<section>\r\n    <div class=\"container-fluid py-6\">\r\n        <div class=\"row\">\r\n            <div class=\"col-12 col-lg-8\">\r\n\r\n\r\n            <h2 id=\"Benefits\">Les avantages des habitations nette z\u00e9ro<\/h2>\r\n\t\t\t\r\n            <p>Les arguments sentimentaux ne vont pas forc\u00e9ment convaincre le public d\u2019accepter l\u2019id\u00e9e des habitations nette z\u00e9ro. Dans cette optique, les changements aux codes du b\u00e2timent pourraient s\u2019av\u00e9rer plus efficaces. N\u00e9anmoins, il existe d\u2019autres raisons pour adopter la notion d\u2019habitation nette z\u00e9ro.<\/p>\r\n            <p>Les propri\u00e9taires occupant r\u00e9sidant dans les habitations nette z\u00e9ro font des \u00e9conomies. Bien que l\u2019investissement initial dans l\u2019habitation puisse \u00eatre plus \u00e9lev\u00e9 comparativement \u00e0 une habitation traditionnelle, le propri\u00e9taire occupant r\u00e9cup\u00e9rera les frais au long terme. \u00c0 part les frais de branchement au r\u00e9seau, il n\u2019y a aucune facture \u00e9nerg\u00e9tique \u00e0 payer, de quoi all\u00e9ger les portefeuilles. Par ailleurs, on fait des \u00e9conomies sur l\u2019eau. <\/p>\r\n            <p>Les habitations nette z\u00e9ro sont \u00e9quip\u00e9es d\u2019\u00e9lectrom\u00e9nagers \u00e9co\u00e9nerg\u00e9tiques. R\u00e9sultat\u00a0: la machine \u00e0 laver, les toilettes et le lave-vaisselle consomment moins d\u2019eau que les \u00e9lectrom\u00e9nagers traditionnels. Et l\u2019entretien est beaucoup plus facile, par-dessus le march\u00e9! \u00c9tant donn\u00e9 que les habitations nette z\u00e9ro sont dot\u00e9es de syst\u00e8mes d\u2019air frais et d\u2019une construction herm\u00e9tique, elles sont faciles \u00e0 nettoyer\u00a0: pas de moisissure ou d\u00e9g\u00e2ts d\u2019eau et moins de poussi\u00e8re. <\/p>\r\n            <p>Finalement, les habitations \u00e9co\u00e9nerg\u00e9tiques ont une valeur de revente plus \u00e9lev\u00e9e sur un march\u00e9 soucieux des co\u00fbts \u00e9nerg\u00e9tiques. Qui ne veut pas vivre dans une habitation qui permet des \u00e9conomies sur les factures \u00e9nerg\u00e9tiques, tout en appuyant l\u2019environnement?<\/p>\r\n            <p>\u00c0 la lumi\u00e8re de ces avantages et compte tenu de l\u2019aspect \u00e9cologique, seriez-vous int\u00e9ress\u00e9 par une habitation nette z\u00e9ro?<\/p>\r\n\t\t\t\r\n            <p><strong>Vous voulez en savoir plus?<\/strong> Consultez notre <a href=\"\/fr\/centres-ressources\/proprietaire-occupant\" title=\"Centre de ressources : propri\u00e9taire occupant\">Centre de ressources&nbsp;: propri\u00e9taire occupant<\/a> pour acc\u00e9der \u00e0 des articles pour vous guider sur la vie de propri\u00e9taire. Ensuite, <a href=\"\/fr\/soumission-assurance-habitation-en-ligne\" title=\"Obtenir une soumission d\u2019assurance habitation en ligne\">obtenez une soumission d'assurance habitation en ligne<\/a> en moins de 5\u00a0minutes et d\u00e9couvrez \u00e0 quel point l\u2019assurance habitation personnalis\u00e9e peut \u00eatre abordable.<\/p>\r\n\r\n            <div class=\"row py-3\">\r\n<div class=\"col-12\">\r\n<div class=\"card review\" style=\"box-shadow: 0 2px 4px rgba(0,0,0,0.07);background-color:#f4f4f4;\">\r\n<div class=\"card-body\">\r\n\t<p class=\"text-primary h4\">\u00c0 propos de l\u2019expert&nbsp;: Matt Hope<\/p>\r\n\t<p>Cofondateur et chef de l\u2019exploitation de FindEnergy.com, une compagnie qui informe les consommateurs de la source de leur \u00e9nergie et le prix de l\u2019\u00e9nergie relativement aux zones avoisinantes. Pour b\u00e2tir la compagnie FindEnergy.com, Matt a pass\u00e9 presque trois ans \u00e0 d\u00e9chiffrer les donn\u00e9es sur l\u2019\u00e9nergie recueillies par diverses agences gouvernementales.<\/p>\r\n<\/div>\r\n<\/div>\r\n<\/div>\r\n<\/div>\r\n\r\n        <\/div>\r\n    <\/div>\r\n<\/div>\r\n<\/section>\r\n<script type=\"application\/ld+json\">\r\n{\r\n  \"@context\": \"https:\/\/schema.org\",\r\n  \"@type\": \"WebPage\",\r\n  \"mainEntityOfPage\": {\r\n    \"@type\": \"Article\",\r\n    \"@id\": \"https:\/\/www.squareone.ca\/fr\/centres-ressources\/proprietaire-occupant\/habitations-nette-zero\"\r\n  },\r\n  \"author\": [\r\n    {\r\n      \"@type\": \"Person\",\r\n      \"name\": \"Square One team\"\r\n    }\r\n  ],\r\n  \"reviewedBy\": [\r\n    {\r\n      \"@type\": \"Person\",\r\n      \"name\": \"Matt Hope\",\r\n      \"url\": \"https:\/\/www.squareone.ca\/fr\/a-propos-de-nous\/experts#energy\"\r\n    }\r\n  ],\r\n  \"headline\": \"Qu\u2019est-ce qu\u2019une habitation nette z\u00e9ro ou \u00e0 consommation \u00e9nerg\u00e9tique nette z\u00e9ro?\",\r\n  \"datePublished\": \"\",\r\n  \"dateModified\": \"\",\r\n  \"inLanguage\": \"fr-CA\",\r\n  \"isAccessibleForFree\": true\r\n}\r\n<\/script>\r\n<script type=\"application\/ld+json\">\r\n{\r\n  \"@context\": \"https:\/\/schema.org\",\r\n  \"@type\": \"FAQPage\",\r\n  \"mainEntity\": {\r\n    \"@type\": \"Question\",\r\n    \"name\": \"Qu\u2019est-ce qu\u2019une habitation nette-z\u00e9ro?\",\r\n    \"acceptedAnswer\": {\r\n      \"@type\": \"Answer\",\r\n      \"text\": \"Une habitation nette z\u00e9ro est un logement qui privil\u00e9gie la conservation \u00e9nerg\u00e9tique et qui g\u00e9n\u00e8re annuellement autant d\u2019\u00e9nergie qu\u2019il en consomme, gr\u00e2ce aux progr\u00e8s en m\u00e9thodes de construction et en production\/conservation d\u2019\u00e9nergie.\"\r\n    }\r\n  }\r\n}\r\n<\/script>\r\n","protected":false},"excerpt":{"rendered":"<p>Qu\u2019est-ce qu\u2019une habitation nette z\u00e9ro ou \u00e0 consommation \u00e9nerg\u00e9tique nette z\u00e9ro? Reviewed by<\/p>\n","protected":false},"author":2,"featured_media":74662,"parent":48241,"menu_order":0,"comment_status":"closed","ping_status":"closed","template":"page-article-new.php","meta":{"_acf_changed":false,"footnotes":""},"class_list":["post-74655","page","type-page","status-publish","has-post-thumbnail","hentry"],"acf":[],"_links":{"self":[{"href":"https:\/\/www.squareone.ca\/fr\/wp-json\/wp\/v2\/pages\/74655","targetHints":{"allow":["GET"]}}],"collection":[{"href":"https:\/\/www.squareone.ca\/fr\/wp-json\/wp\/v2\/pages"}],"about":[{"href":"https:\/\/www.squareone.ca\/fr\/wp-json\/wp\/v2\/types\/page"}],"author":[{"embeddable":true,"href":"https:\/\/www.squareone.ca\/fr\/wp-json\/wp\/v2\/users\/2"}],"replies":[{"embeddable":true,"href":"https:\/\/www.squareone.ca\/fr\/wp-json\/wp\/v2\/comments?post=74655"}],"version-history":[{"count":7,"href":"https:\/\/www.squareone.ca\/fr\/wp-json\/wp\/v2\/pages\/74655\/revisions"}],"predecessor-version":[{"id":78109,"href":"https:\/\/www.squareone.ca\/fr\/wp-json\/wp\/v2\/pages\/74655\/revisions\/78109"}],"up":[{"embeddable":true,"href":"https:\/\/www.squareone.ca\/fr\/wp-json\/wp\/v2\/pages\/48241"}],"wp:featuredmedia":[{"embeddable":true,"href":"https:\/\/www.squareone.ca\/fr\/wp-json\/wp\/v2\/media\/74662"}],"wp:attachment":[{"href":"https:\/\/www.squareone.ca\/fr\/wp-json\/wp\/v2\/media?parent=74655"}],"curies":[{"name":"wp","href":"https:\/\/api.w.org\/{rel}","templated":true}]}}