{"id":74720,"date":"2025-03-13T09:34:19","date_gmt":"2025-03-13T16:34:19","guid":{"rendered":"https:\/\/www.squareone.ca\/centres-ressources\/proprietaires-maisons-et-coproprietes\/degats-jardin-retablissement-et-nettoyage-apres-hiver"},"modified":"2025-09-22T12:33:41","modified_gmt":"2025-09-22T19:33:41","slug":"degats-jardin-retablissement-et-nettoyage-apres-hiver","status":"publish","type":"page","link":"https:\/\/www.squareone.ca\/fr\/centres-ressources\/proprietaire-occupant\/degats-jardin-retablissement-et-nettoyage-apres-hiver","title":{"rendered":"Dommages au jardin : r\u00e9tablissement et nettoyage apr\u00e8s l\u2019hiver"},"content":{"rendered":"<section id='intro' class=\"bg-shape-split bg-sub-page-hero\">\r\n    <div class=\"bg-position\">\r\n        <div class=\"container-fluid\">\r\n            <div class=\"row align-items-center\">\r\n                <div class=\"col-12 col-lg-8\">\r\n                    <h1>Dommages au jardin : r\u00e9tablissement et nettoyage apr\u00e8s l\u2019hiver<\/h1>\r\n                    <strong>Article r\u00e9dig\u00e9 par l'\u00e9quipe de Square One<\/strong>\r\n                    <p><\/p>\r\n                    <p class=\"pb-4\" style=\"margin-top:-24px\">Mis \u00e0 jour le 10 mars 2025<\/p>\r\n                <\/div>\r\n            <\/div>\r\n\r\n            <div class=\"row\">\r\n                <div class=\"col-lg-8\">\r\n                    <p class=\"display-4\">Les passionn\u00e9s du jardinage ont h\u00e2te de voir l\u2019arriv\u00e9e du printemps et de red\u00e9couvrir les joies de la terre. Toutefois, il est possible que le froid ait fait des ravages dans votre jardin pendant l\u2019hiver.<\/p>\r\n\t\t\t\t\t<p class='display-4'>Avant de planter et de d\u00e9sherber, vous devrez v\u00e9rifier <a ref=\"https:\/\/www.squareone.ca\/fr\/centres-ressources\/proprietaire-occupant\/assurer-amenagement-paysager\" title=\"Comment assurer l\u2019am\u00e9nagement paysager, les cl\u00f4tures et l\u2019\u00e9quipement de jardinage\">l\u2019\u00e9tat de votre jardin<\/a>.<\/p>\r\n\t\t\t\t\t\r\n\t\t\t\t\t<\/div>\r\n\t\t\t\t\t\r\n                <div class=\"col-lg-3 offset-lg-1\">\r\n                    <p class=\"mb-2 display-4 pt-4 pt-lg-0 pt-mb-0\"><strong>Th\u00e8mes<\/strong><\/p>\r\n                    <ul class=\"list-unstyled link-list display-4\">\r\n                        <li><a href='#Storm-damage'>D\u00e9g\u00e2ts caus\u00e9s par les temp\u00eates d\u2019hiver<\/a><\/li>\r\n                        <li><a href='#Branches'>Branches mortes<\/a><\/li>\r\n                        <li><a href='#Frost'>Protection des plantes contre le gel<\/a><\/li>\r\n                        <li><a href='#Road-salt'>Effets n\u00e9fastes du sel de voirie<\/a><\/li>\r\n                        <li><a href='#Burn'>Plantes et arbres touch\u00e9s par les br\u00fblures de froid<\/a><\/li>\r\n                        <li><a href='#Repair'>R\u00e9tablissement du jardin apr\u00e8s l\u2019hiver<\/a><\/li>   \r\n                    <\/ul>\r\n                <\/div>\r\n            <\/div>  \r\n        <\/div>\r\n    <\/div>\r\n    <div class=\"bg-bottom\"><\/div>\r\n<\/section>\r\n\r\n<section>\r\n<div class=\"container-fluid py-6\">\r\n    <div class=\"row\">\r\n        <div class=\"col-12 col-lg-8\">\r\n\r\n\t\t\t<h2 id=\"Storm-damage\">D\u00e9g\u00e2ts caus\u00e9s par les temp\u00eates d\u2019hiver<\/h2>\r\n\t\t\t\r\n            <p>Les d\u00e9g\u00e2ts hivernaux sont in\u00e9vitables, mais l\u2019exp\u00e9rience du jardinier lui permet de pr\u00e9voir les probl\u00e8mes et de trouver des solutions pour que les plantes, arbres et arbustes prosp\u00e8rent. Le jardinier habile prend des mesures pr\u00e9ventives avant la venue de l\u2019hiver. G\u00e9n\u00e9ralement, le fait d\u2019arroser les plantes jusqu\u2019\u00e0 ce que le sol g\u00e8le \u00e0 l\u2019automne constitue une fa\u00e7on d\u2019att\u00e9nuer les d\u00e9g\u00e2ts, tout comme le paillage des plantes. <\/p>\r\n            <p>Il est difficile d\u2019\u00e9valuer les dommages avant que la temp\u00e9rature monte et les plantes reprennent vie. Pendant l\u2019hiver, les plantes conservent de l\u2019\u00e9nergie dans leurs tiges et racines. C\u2019est le rel\u00e2che de cette \u00e9nergie \u00e0 l\u2019arriv\u00e9e de la chaleur du printemps qui permet aux fleurs et aux feuilles de s\u2019\u00e9panouir. En revanche, si vos plantes sont brun\u00e2tres et sans vie, il est possible que l\u2019hiver les ait endommag\u00e9es.<\/p>\r\n            <p>Examinons certains des probl\u00e8mes d\u2019hiver courants et les mesures que vous pouvez prendre pour conserver la vitalit\u00e9 de votre jardin.<\/p>\r\n\r\n\r\n            <h2 id=\"Branches\">Comment traiter les branches mortes<\/h2>\r\n\r\n            <p>Ne vous pr\u00e9cipitez pas \u00e0 tailler les branches abattues par les temp\u00eates de neige, \u00e0 moins qu\u2019elles pr\u00e9sentent un risque. Attendez la fin de l\u2019hiver avant de les tailler afin de stimuler la croissance. <a href=\"https:\/\/dujardindansmavie.com\/conseils-idees\/quand-tailler-les-arbustes\/\" title=\"Conseils pour r\u00e9ussir la taille de vos arbustes au printemps\" target=\"_blank\" rel=\"noopener noreferrer\">Taillez les branches<\/a> et les brindilles \u00e0 0,65\u00a0centim\u00e8tre d\u2019un bourgeon vif ou du collet de la branche vive la plus proche.<\/p>\r\n            <p>S\u2019il y a trop de branches mortes, il vaut mieux remplacer l\u2019arbuste. L\u2019ann\u00e9e suivante, enlevez les branches partiellement mortes ou faibles avant le d\u00e9but de l\u2019hiver pour ainsi prot\u00e9ger vos arbres et arbustes.<\/p>\r\n            <p>Si la neige s\u2019est accumul\u00e9e sur les branches vives, d\u00e9blayez-la \u00e0 l\u2019aide d\u2019un balai en balayant vers le haut. L\u2019accumulation de la neige p\u00e8se sur les branches et peut les briser.<\/p>\r\n\r\n\r\n            <h2 id=\"Frost\">Protection des plantes contre le gel<\/h2>\r\n\t\t\t\r\n            <img decoding=\"async\" loading=\"lazy\" src=\"https:\/\/cdn.squareone.ca\/wp-content\/uploads\/2017\/02\/28023421\/Protect-Plants-From-Frost.jpg\" width=\"800\" height=\"533\" alt=\"Des gla\u00e7ons se forment sur des branches d'arbres abvec des chatons bruns pendant le gel d'hiver\" class=\"img-fluid mb-5\" \/>\r\n            <p>Les plantes avec des racines superficielles, comme les azal\u00e9es, peuvent \u00eatre pouss\u00e9es du sol pendant que le sol g\u00e8le et d\u00e9g\u00e8le. Leurs racines n\u2019ont pas beaucoup de contact avec le sol et peuvent \u00eatre dess\u00e9ch\u00e9es par le vent. <\/p>\r\n            <p>Si le sol pousse la plante de la terre, replantez-la d\u00e8s que le sol d\u00e9g\u00e8le. S\u2019il s\u2019agit d\u2019une petite plante, vous pourriez la repousser dans la terre avec les doigts. L\u2019ann\u00e9e suivante, mettez du <a href=\"https:\/\/www.gammvert.fr\/conseils-idees\/paillage-pourquoi-et-comment-le-realiser#%C3%80%20lire%20%C3%A9galement\" title=\"Paillage : pourquoi et comment le r\u00e9aliser?\" target=\"_blank\" rel=\"noopener noreferrer\">paillage<\/a> \u00e0 la base des plantes pour conserver une temp\u00e9rature constante.<\/p>\r\n\t\t\t\r\n\t\t\t<\/div>\r\n        <\/div>\r\n    <\/div>\r\n<\/section>\r\n\r\n\t<section class=\"bg-transparent\">\n\t\t<img decoding=\"async\" src=\"\/sales\/images\/bgs\/bg-mid-page-cta-general-top.svg\" style=\"width: 100%; vertical-align: bottom; position: relative; top: 1px\"\/>\n\t\t\n\t\t<div class=\"bg-darkTeal py-3\">\t\t\t\n\t\t\t<div class=\"container-fluid\">\n\t\t\t\t<div class=\"row d-flex align-items-center pb-5\">\n\t\t\t\t\t<div class=\"col-12 col-md-8 offset-md-2 px-lg-5 pb-5 pb-lg-0\">\n\t\t\t\t\t\t<div class=\"h6 mb-4 text-primary text-uppercase text-center\">\n\t\t\t\t\t\t\tCela ne prend que 5\u00a0minutes \n\t\t\t\t\t\t<\/div>\t\t\n\t\t\t\t\t\t\t\t\t\t\t\n\t\t\t\t\t\t<p class=\"lead px-lg-5 text-white\">\n\t\t\t\t\t\t\t<strong class=\"d-inline-block text-uc-first\">Pr\u00eat \u00e0 obtenir une soumission en ligne? <\/strong> Votre temps est aussi pr\u00e9cieux que vos possessions. Obtenez une soumission d'assurance habitation en <strong>5 minutes<\/strong>. C\u2019est moins de temps qu\u2019il n\u2019en faut pour faire la file pour un caf\u00e9.\n\t\t\t\t\t\t<\/p>\t\t\t\n\t\n\t\t\t\t\t\t<div id=\"sq1-qw-17f7ff9b6ab8\" class=\"sq1-quote-widget mb-4 text-white\" data-quote-widget-type=\"HOME\" data-has-custom-text=\"true\">\n\t\t\t\t\t\t\t<div class=\"input-group input-group-focus-within bg-white my-4\">\n\t\t\t\t\t\t\t\t<div>\n\t\t\t\t\t\t\t\t\t<div class=\"input-group-text\">\n\t\t\t\t\t\t\t\t\t\t<i class=\"fa fa-map-marker d-block text-black\"><\/i>\n\t\t\t\t\t\t\t\t\t<\/div>\n\t\t\t\t\t\t\t\t<\/div>\n\t\t\t\t\t\t\t\t<input type=\"text\" class=\"form-control\" style=\"padding: 10px;\" placeholder=\"Enter an address\" aria-label=\"Inscrivez votre adresse pour obtenir une soumission\"\/>\n\t\t\t\t\t\t\t\t<div>\n\t\t\t\t\t\t\t\t\t<button class=\"btn btn-primary\">Obtenir une soumission en ligne d\u00e8s maintenant<\/button>\n\t\t\t\t\t\t\t\t<\/div>\n\t\t\t\t\t\t\t<\/div>\n\t\t\t\t\t\t<\/div>\n\t\t\t\t\t\t\n\t\t\t\t\t\t<p class=\"small text-white\">Avant de commencer, veuillez lire notre <a href=\"https:\/\/www.squareone.ca\/fr\/politique-confidentialite\" target=\"_blank\" rel=\"noreferrer noopener\">Politique de confidentialit\u00e9<\/a> et nos <a href=\"https:\/\/www.squareone.ca\/fr\/conditions-utilisation\" target=\"_blank\" rel=\"noreferrer noopener\">Conditions d\u2019utilisation<\/a>.<\/p>\t\n\t\n\t\t\t\t\t\t<script type=\"text\/javascript\">\n\t\t\t\t\t\t(function() {\n\t\t\t\t\t\t\tdocument.addEventListener('soiMiscJsLoaded', function() {\n\t\t\t\t\t\t        $(document).ready(function() {\n\t\t\t\t\t\t\t\t\tsoiQuoteWidget.processFormWidget('\/sales\/index.php\/json_quote_widget?rand=' +Math.random(), 'qwContainer'); \/\/populate quoting widget with content from symfony.\n\t\t\t\t\t\t\t\t});\n\t\t\t\t\t\t\t});\n\t\t\t\t\t\t})();\n\t\t\t\t\t\t<\/script>\n\t\t\t\t\t<\/div>\n\t\t\t\t<\/div>\n\t\t\t<\/div>\n\t\t<\/div>\n\t\t\n\t\t<img decoding=\"async\" src=\"\/sales\/images\/bgs\/bg-mid-page-cta-general-bottom.svg\" style=\"width: 100%; vertical-align: top\"\/>\t\t\n\t<\/section>\r\n\r\n<section>\r\n    <div class=\"container-fluid py-6\">\r\n        <div class=\"row\">\r\n            <div class=\"col-12 col-lg-8\">\r\n            \r\n            <h2 id=\"Road-salt\">Les effets n\u00e9fastes du sel de voirie<\/h2>\r\n            \r\n\t\t\t<p>Bien que le sel de voirie fonde la glace sur les marches et l\u2019all\u00e9e, c\u2019est un ennemi majeur des plantes. Le sel dissolu peut endommager les plantes et rendre la structure du sol plus compact. Les plantes ont plus de difficult\u00e9 \u00e0 acc\u00e9der \u00e0 des substances nutritives et \u00e0 l\u2019eau dans un sol plus compact. <\/p>\r\n            <p>\u00c9cartez la neige charg\u00e9e de sel des plantes et arbres et ne laissez pas les eaux de ruissellement atteindre leurs racines. Vous pouvez planter de la haie ou des arbres sempervirents r\u00e9sistants au sel pour prot\u00e9ger votre jardin du sel de voirie.<\/p>\r\n            <p>Si vous ne pouvez pas emp\u00eacher les eaux de ruissellement \u00e0 atteindre les plantes en d\u00e9but de printemps, vous pouvez nettoyer les aires touch\u00e9es \u00e0 grande eau pendant de deux \u00e0 trois heures. R\u00e9p\u00e9tez ce traitement quelques jours apr\u00e8s. Si l\u2019embrun sal\u00e9 atteint vos plantes durant l\u2019hiver, rincez les branches et le feuillage touch\u00e9s et r\u00e9p\u00e9tez en d\u00e9but de printemps.<\/p>\r\n\r\n\r\n            <h2 id=\"Burn\">Plantes et arbres touch\u00e9s par les br\u00fblures de froid<\/h2>\r\n            \r\n\t\t\t<img decoding=\"async\" loading=\"lazy\" src=\"https:\/\/cdn.squareone.ca\/wp-content\/uploads\/2017\/02\/28023701\/Winter-Burn-Your-Plants-and-Trees.jpg\" width=\"800\" height=\"533\" alt=\"Un b\u00e2timent rouge partiellement couvert de neige, avec une mangeoire suspendue d'une arbre.\" class=\"img-fluid mb-5\" \/>\r\n            <p>Les vents d\u2019hiver peuvent dess\u00e9cher les feuilles des arbres sempervirents. Certaines esp\u00e8ces deviennent brun\u00e2tres ou bronzent lorsqu\u2019elles sont expos\u00e9es \u00e0 des vents s\u00e9v\u00e8res, un effet qui peut \u00eatre pris pour une maladie fongique. G\u00e9n\u00e9ralement, leur couleur normale revient au printemps alors que la nouvelle croissance commence, \u00e0 moins que les conditions m\u00e9t\u00e9orologiques soient s\u00e9v\u00e8res ou prolong\u00e9es. <\/p>\r\n            <p>Dans de telles situations, l\u2019eau tombe des aiguilles avant qu\u2019elle ne soit remplac\u00e9e par l\u2019eau du sol. R\u00e9sultat\u00a0: les aiguilles se dess\u00e8chent et tombent. Les arbres latifoli\u00e9s, comme les rhododendrons, ont une apparence roussie s\u2019ils ne re\u00e7oivent pas l\u2019eau assez rapidement; les bouts de leurs feuilles bouclent et brunissent. Le paillage peut emp\u00eacher cela, car il r\u00e9duit la perte d\u2019eau.<\/p>\r\n\t\t\t\r\n\t\t\t\r\n            <h2 id=\"Repair\">R\u00e9tablissement du jardin apr\u00e8s l\u2019hiver<\/h2>\r\n            \r\n\t\t\t<p>M\u00eame les jardins les mieux soign\u00e9s subissent des d\u00e9g\u00e2ts pendant l\u2019hiver. Pour obtenir des conseils suppl\u00e9mentaires sur l\u2019entretien de votre jardin pendant l\u2019hiver et sur la mani\u00e8re de le r\u00e9tablir, consultez un professionnel dans un centre de jardinage local.<\/p> \r\n\r\n\r\n\t\t\t\r\n\t            \r\n\r\n<p><strong>Vous voulez en savoir plus?<\/strong> Consultez notre <a href=\"\/fr\/centres-ressources\/proprietaire-occupant\" title=\"Centre de ressources : propri\u00e9taire occupant\">Centre de ressources&nbsp;: propri\u00e9taire occupant<\/a> pour acc\u00e9der \u00e0 des articles pour vous guider sur la vie de propri\u00e9taire. Ensuite, <a href=\"\/fr\/soumission-assurance-habitation-en-ligne\" title=\"Obtenir une soumission d\u2019assurance habitation en ligne\">obtenez une soumission d'assurance habitation en ligne<\/a> en moins de 5\u00a0minutes et d\u00e9couvrez \u00e0 quel point l\u2019assurance habitation personnalis\u00e9e peut \u00eatre abordable.<\/p>\r\n\r\n    \t<\/div>\r\n\t<\/div>  \r\n\t<\/div>\r\n<\/section>\r\n","protected":false},"excerpt":{"rendered":"<p>Dommages au jardin : r\u00e9tablissement et nettoyage apr\u00e8s l\u2019hiver Les passionn\u00e9s du jardinage ont h\u00e2te de voir l\u2019arriv\u00e9e du printemps et de red\u00e9couvrir les joies de la terre. Toutefois, il est possible que le froid ait fait des ravages dans votre jardin pendant l\u2019hiver. Avant de planter et de d\u00e9sherber, vous devrez v\u00e9rifier l\u2019\u00e9tat de [&hellip;]<\/p>\n","protected":false},"author":2,"featured_media":74722,"parent":48241,"menu_order":0,"comment_status":"closed","ping_status":"closed","template":"page-article-new.php","meta":{"_acf_changed":false,"footnotes":""},"class_list":["post-74720","page","type-page","status-publish","has-post-thumbnail","hentry"],"acf":[],"_links":{"self":[{"href":"https:\/\/www.squareone.ca\/fr\/wp-json\/wp\/v2\/pages\/74720","targetHints":{"allow":["GET"]}}],"collection":[{"href":"https:\/\/www.squareone.ca\/fr\/wp-json\/wp\/v2\/pages"}],"about":[{"href":"https:\/\/www.squareone.ca\/fr\/wp-json\/wp\/v2\/types\/page"}],"author":[{"embeddable":true,"href":"https:\/\/www.squareone.ca\/fr\/wp-json\/wp\/v2\/users\/2"}],"replies":[{"embeddable":true,"href":"https:\/\/www.squareone.ca\/fr\/wp-json\/wp\/v2\/comments?post=74720"}],"version-history":[{"count":2,"href":"https:\/\/www.squareone.ca\/fr\/wp-json\/wp\/v2\/pages\/74720\/revisions"}],"predecessor-version":[{"id":76914,"href":"https:\/\/www.squareone.ca\/fr\/wp-json\/wp\/v2\/pages\/74720\/revisions\/76914"}],"up":[{"embeddable":true,"href":"https:\/\/www.squareone.ca\/fr\/wp-json\/wp\/v2\/pages\/48241"}],"wp:featuredmedia":[{"embeddable":true,"href":"https:\/\/www.squareone.ca\/fr\/wp-json\/wp\/v2\/media\/74722"}],"wp:attachment":[{"href":"https:\/\/www.squareone.ca\/fr\/wp-json\/wp\/v2\/media?parent=74720"}],"curies":[{"name":"wp","href":"https:\/\/api.w.org\/{rel}","templated":true}]}}