{"id":74773,"date":"2025-03-18T13:57:55","date_gmt":"2025-03-18T20:57:55","guid":{"rendered":"https:\/\/www.squareone.ca\/centres-ressources\/proprietaires-maisons-et-coproprietes\/louer-votre-habitation-pendant-vos-vacances"},"modified":"2025-12-08T12:40:58","modified_gmt":"2025-12-08T20:40:58","slug":"louer-votre-habitation-pendant-vos-vacances","status":"publish","type":"page","link":"https:\/\/www.squareone.ca\/fr\/centres-ressources\/proprietaire-occupant\/%20louer-votre-habitation-%20pendant-vos-vacances","title":{"rendered":"8 conseils pour louer votre habitation pendant que vous \u00eates en vacances"},"content":{"rendered":"<section id='intro' class=\"bg-shape-split bg-sub-page-hero\">\r\n    <div class=\"bg-position\">\r\n        <div class=\"container-fluid\">\r\n            <div class=\"row align-items-center\">\r\n                <div class=\"col-12 col-lg-8\">\r\n                    <h1>8 conseils pour louer votre habitation pendant que vous \u00eates en vacances<\/h1>\r\n<strong>Article r\u00e9dig\u00e9 par l'\u00e9quipe de Square One<\/strong>\r\n                   <p><strong>Article \u00e9valu\u00e9 par <a title=\"Expert : Connor Griffiths\" href=\"https:\/\/www.squareone.ca\/fr\/a-propos-de-nous\/experts#short-term\">Connor Griffiths<\/a><\/strong><\/p>\r\n                    <p class=\"pb-4\" style=\"margin-top:-24px\">Mis \u00e0 jour le 13 mars 2025<\/p>                    \r\n                <\/div>\r\n            <\/div>\r\n\r\n            <div class=\"row\">\r\n                <div class=\"col-lg-8\">\r\n                    <p class=\"display-4\">Vous planifiez le voyage de vos r\u00eaves, un mois \u00e0 la campagne, lorsque vous r\u00e9alisez que <a href=\"\/fr\/centres-ressources\/proprietaire-occupant\/logements-vacants\" title=\"Comment assurer un logement vacant\">votre habitation sera vide<\/a> pendant cette p\u00e9riode. Peut-\u00eatre vous venez d\u2019acheter un chalet qui sera inoccup\u00e9 pendant tout l\u2019\u00e9t\u00e9. Pourquoi ne pas le louer \u00e0 des tiers?<\/p>\r\n                    <p class=\"display-4\">Louer votre habitation, copropri\u00e9t\u00e9 ou r\u00e9sidence de vacances est une id\u00e9e s\u00e9duisante, car les revenus du loyer peuvent compenser une partie des frais de vos propres vacances. Toutefois, il y a des co\u00fbts, de la pr\u00e9paration et du travail associ\u00e9s avec la location de votre propri\u00e9t\u00e9. Avant de faire le saut, informez-vous des tenants et aboutissants de la location des propri\u00e9t\u00e9s de vacances.<\/p>\r\n                    <p class=\"pt-2\"><img loading=\"lazy\" decoding=\"async\" src=\"https:\/\/cdn.squareone.ca\/wp-content\/uploads\/2022\/02\/08172519\/renting-out-your-home-while-on-vacation.jpg\" alt=\"Une personne en vacances \u00e0 la plage lit un livre avec un panier de pique-nique \u00e0 c\u00f4t\u00e9\" title=\"Location de votre habitation pendant que vous \u00eates en vacances\" width=\"248\" height=\"165\" class=\"img-fluid\" rel=\"noopener noreferrer\" \/><\/p>\r\n                <\/div>\r\n                \r\n                <div class=\"col-lg-3 offset-lg-1\">\r\n                    <p class=\"mb-2 display-4 pt-4 pt-lg-0 pt-mb-0\"><strong>Th\u00e8mes<\/strong><\/p>\r\n                    <ul class=\"list-unstyled link-list display-4\">\r\n                        <li><a href='#legalities'>Les aspects l\u00e9gaux<\/a><\/li>\r\n                        <li><a href='#research'>Les recherches<\/a><\/li>\r\n                        <li><a href='#investigate'>Les solutions d\u2019assurance<\/a><\/li> \r\n                        <li><a href='#safety'>La s\u00e9curit\u00e9 avant tout<\/a><\/li> \r\n                        <li><a href='#cleanliness'>L\u2019importance de la propret\u00e9<\/a><\/li> \r\n                        <li><a href='#price'>Le juste prix<\/a><\/li> \r\n                        <li><a href='#screen'>La v\u00e9rification des ant\u00e9c\u00e9dents des locataires<\/a><\/li> \r\n                        <li><a href='#host'>L\u2019h\u00f4te g\u00e9nial<\/a><\/li>   \r\n                        <li><a href='#RentingOutHomeWhileOnVacation_FAQ'>Questions fr\u00e9quemment pos\u00e9es<\/a><\/li>    \r\n                    <\/ul>\r\n                <\/div>\r\n            <\/div>  \r\n        <\/div>\r\n    <\/div>\r\n    <div class=\"bg-bottom\"><\/div>\r\n<\/section>\r\n\r\n<section>\r\n<div class=\"container-fluid py-6\">\r\n    <div class=\"row\">\r\n        <div class=\"col-12 col-lg-8\">\r\n\r\n<h2>8 conseils pour louer votre habitation pendant que vous \u00eates en vacances<\/h2>\r\n\r\n            <h3 id=\"legalities\">1. Les aspects l\u00e9gaux<\/h3>\r\n            <p>Avant d&rsquo;annoncer la mise en location de votre maison ou de votre copropri\u00e9t\u00e9, assurez-vous que les r\u00e8glements de votre municipalit\u00e9 l&rsquo;autorisent. Si vous vivez dans une copropri\u00e9t\u00e9 ou un appartement, v\u00e9rifiez les r\u00e8glements au sujet de la sous-location.<\/p>\r\n\r\n            <h3 id=\"research\">2. Les recherches<\/h3>\r\n\r\n            <p>Avant de mettre en location votre habitation sur l\u2019un des sites Web populaires, comparez les avantages et les exigences de chacun d\u2019entre eux. Combien d\u2019assurance des tiers offrent-ils? Quel pourcentage des recettes conserveront-ils? Vous devez \u00e9galement bien conna\u00eetre le march\u00e9.<\/p>\r\n\r\n            <p>Vous avez le droit d\u2019annoncer votre propri\u00e9t\u00e9 sur plus d\u2019un site Web; voici quelques options\u00a0:<\/p> \r\n            <ol>\r\n                <li><a href=\"https:\/\/www.airbnb.ca\/\" target=\"_blank\" rel=\"noopener noreferrer\">Airbnb<\/a><\/li>\r\n                <li><a href=\"https:\/\/www.vrbo.com\/fr-ca\/\" title=\"vrbo.com\" rel=\"noopener noreferrer\" target=\"_blank\">VRBO<\/a><\/li>\r\n                <li><a href=\"https:\/\/www.logisquebec.com\/subscription-annonce\" title=\"Logisquebec.com\/subscription-annonce\" rel=\"noopener noreferrer\" target=\"_blank\">Logis Qu\u00e9bec<\/a><\/li>\r\n            <\/ol>\r\n\r\n            <h3 id=\"investigate\">3. Les solutions d\u2019assurance<\/h3> \r\n\r\n            <p>Assurez-vous que votre <a href=\"\/fr\/centres-ressources\/proprietaire-bailleur\/assurance-proprietaire-bailleur\">assurance couvre les propri\u00e9t\u00e9s locatives<\/a>, car beaucoup de polices l\u2019excluent. Les compagnies de location comme Airbnb offrent une assurance qui couvre certains dommages mat\u00e9riels involontaires. En revanche, <a href=\"\/fr\/centres-ressources\/bases-assurance\/assurance-responsabilite-civile\" title=\"Qu\u2019est-ce que l\u2019assurance responsabilit\u00e9 civile?\">l\u2019assurance responsabilit\u00e9 civile<\/a> n\u2019est g\u00e9n\u00e9ralement pas incluse\u00a0: cette couverture est requise si quelqu\u2019un subit des blessures sur vos lieux. N\u2019oubliez pas de v\u00e9rifier que vous avez la couverture appropri\u00e9e aupr\u00e8s de votre fournisseur d\u2019assurance.<\/p> \r\n\r\n            <p>Si vous louez votre habitation \u00e0 des tiers, vous devez absolument leur demander s\u2019ils ont de l\u2019assurance habitation ou <a href=\"\/fr\/locataire\" title=\"Assurance locataire\">une assurance locataire<\/a>. Demandez le num\u00e9ro de police et le nom de leur fournisseur d\u2019assurance, au cas o\u00f9 vous devez pr\u00e9senter une r\u00e9clamation aupr\u00e8s de celui-ci.<\/p>\r\n\r\n            <h3 id=\"safety\">4. Mettre la s\u00e9curit\u00e9 en avant<\/h3>\r\n\r\n            <p>Avant d\u2019accueillir vos locataires, assurez-vous que votre maison ou copropri\u00e9t\u00e9 ne pr\u00e9sente aucun <a href=\"\/fr\/centres-ressources\/securite-domiciliaire-personnelle\/electromenagers-dangers-et-conseils-de-securite\" title=\"Risques des \u00e9lectrom\u00e9nagers et conseils de s\u00e9curit\u00e9\">risque s\u00e9curitaire<\/a>. V\u00e9rifiez que les d\u00e9tecteurs de fum\u00e9e fonctionnent et assurez-vous que les escaliers et les balustrades sont en bon \u00e9tat.<\/p>\r\n            \r\n            <\/div>\r\n        <\/div>\r\n    <\/div>\r\n<\/section>\r\n\r\n\t<section class=\"bg-transparent\">\n\t\t<img decoding=\"async\" src=\"\/sales\/images\/bgs\/bg-mid-page-cta-general-top.svg\" style=\"width: 100%; vertical-align: bottom; position: relative; top: 1px\"\/>\n\t\t\n\t\t<div class=\"bg-darkTeal py-3\">\t\t\t\n\t\t\t<div class=\"container-fluid\">\n\t\t\t\t<div class=\"row d-flex align-items-center pb-5\">\n\t\t\t\t\t<div class=\"col-12 col-md-8 offset-md-2 px-lg-5 pb-5 pb-lg-0\">\n\t\t\t\t\t\t<div class=\"h6 mb-4 text-primary text-uppercase text-center\">\n\t\t\t\t\t\t\tCela ne prend que 5\u00a0minutes \n\t\t\t\t\t\t<\/div>\t\t\n\t\t\t\t\t\t\t\t\t\t\t\n\t\t\t\t\t\t<p class=\"lead px-lg-5 text-white\">\n\t\t\t\t\t\t\t<strong class=\"d-inline-block text-uc-first\">Pr\u00eat \u00e0 obtenir une soumission en ligne? <\/strong> Votre temps est aussi pr\u00e9cieux que vos possessions. Obtenez une soumission d'assurance habitation en <strong>5 minutes<\/strong>. C\u2019est moins de temps qu\u2019il n\u2019en faut pour faire la file pour un caf\u00e9.\n\t\t\t\t\t\t<\/p>\t\t\t\n\t\n\t\t\t\t\t\t<div id=\"sq1-qw-cb4b4dc182a0\" class=\"sq1-quote-widget mb-4 text-white\" data-quote-widget-type=\"HOME\" data-has-custom-text=\"true\">\n\t\t\t\t\t\t\t<div class=\"input-group input-group-focus-within bg-white my-4\">\n\t\t\t\t\t\t\t\t<div>\n\t\t\t\t\t\t\t\t\t<div class=\"input-group-text\">\n\t\t\t\t\t\t\t\t\t\t<i class=\"fa fa-map-marker d-block text-black\"><\/i>\n\t\t\t\t\t\t\t\t\t<\/div>\n\t\t\t\t\t\t\t\t<\/div>\n\t\t\t\t\t\t\t\t<input type=\"text\" class=\"form-control\" style=\"padding: 10px;\" placeholder=\"Enter an address\" aria-label=\"Inscrivez votre adresse pour obtenir une soumission\"\/>\n\t\t\t\t\t\t\t\t<div>\n\t\t\t\t\t\t\t\t\t<button class=\"btn btn-primary\">Obtenir une soumission en ligne d\u00e8s maintenant<\/button>\n\t\t\t\t\t\t\t\t<\/div>\n\t\t\t\t\t\t\t<\/div>\n\t\t\t\t\t\t<\/div>\n\t\t\t\t\t\t\n\t\t\t\t\t\t<p class=\"small text-white\">Avant de commencer, veuillez lire notre <a href=\"https:\/\/www.squareone.ca\/fr\/politique-confidentialite\" target=\"_blank\" rel=\"noreferrer noopener\">Politique de confidentialit\u00e9<\/a> et nos <a href=\"https:\/\/www.squareone.ca\/fr\/conditions-utilisation\" target=\"_blank\" rel=\"noreferrer noopener\">Conditions d\u2019utilisation<\/a>.<\/p>\t\n\t\n\t\t\t\t\t\t<script type=\"text\/javascript\">\n\t\t\t\t\t\t(function() {\n\t\t\t\t\t\t\tdocument.addEventListener('soiMiscJsLoaded', function() {\n\t\t\t\t\t\t        $(document).ready(function() {\n\t\t\t\t\t\t\t\t\tsoiQuoteWidget.processFormWidget('\/sales\/index.php\/json_quote_widget?rand=' +Math.random(), 'qwContainer'); \/\/populate quoting widget with content from symfony.\n\t\t\t\t\t\t\t\t});\n\t\t\t\t\t\t\t});\n\t\t\t\t\t\t})();\n\t\t\t\t\t\t<\/script>\n\t\t\t\t\t<\/div>\n\t\t\t\t<\/div>\n\t\t\t<\/div>\n\t\t<\/div>\n\t\t\n\t\t<img decoding=\"async\" src=\"\/sales\/images\/bgs\/bg-mid-page-cta-general-bottom.svg\" style=\"width: 100%; vertical-align: top\"\/>\t\t\n\t<\/section>\r\n\r\n<section>\r\n    <div class=\"container-fluid py-6\">\r\n        <div class=\"row\">\r\n            <div class=\"col-12 col-lg-8\">\r\n\r\n            <h3 id=\"cleanliness\">5. L\u2019importance de la propret\u00e9<\/h3>\r\n\r\n            <p>Si votre propri\u00e9t\u00e9 locative n\u2019est pas \u00e0 proximit\u00e9 de chez vous ou si vous comptez louer votre r\u00e9sidence principale, vous devrez programmer le nettoyage de la propri\u00e9t\u00e9 entre locataires. <\/p>\r\n            <p>Si la propri\u00e9t\u00e9 se trouve sur un terrain, vous devrez \u00e9galement pr\u00e9voir que quelqu\u2019un s&rsquo;occupe du gazon en \u00e9t\u00e9 ou d\u00e9blaie la neige en hiver. Il faut tenir en compte les frais pour ces t\u00e2ches lorsque vous calculez les co\u00fbts et les avantages de la location de votre propri\u00e9t\u00e9.<\/p>\r\n\r\n            <h3 id=\"price\">6. Le juste prix<\/h3>\r\n\r\n            <p>D\u00e9terminez un prix raisonnable pour votre propri\u00e9t\u00e9 locative. Faites des recherches sur les taux demand\u00e9s par les h\u00f4tels et propri\u00e9t\u00e9s de votre r\u00e9gion annonc\u00e9es en ligne. Vous voulez proposer un taux qui correspond aux taux sur le march\u00e9. L\u2019emplacement de la propri\u00e9t\u00e9 est \u00e9galement important. \u00cates-vous \u00e0 proximit\u00e9 des lieux d\u2019int\u00e9r\u00eat? Dans ce cas, vous pourriez demander un peu plus. Si votre taux d\u2019occupation est toujours autour de 100\u00a0pour cent, il est probable que votre taux est trop bas.<p> \r\n\r\n            <h3 id=\"screen\">7. V\u00e9rification des ant\u00e9c\u00e9dents des locataires<\/h3>\r\n\r\n            <p>Votre propri\u00e9t\u00e9 vous est pr\u00e9cieuse, alors vous ne voulez pas la louer \u00e0 n\u2019importe qui. Demandez des r\u00e9f\u00e9rences, recherchez les noms des candidats en ligne ou lisez les \u00e9valuations faites par leurs h\u00f4tes ant\u00e9rieurs.  Au moment de la signature du contrat de bail, demandez une caution et assurez-vous que le locataire est conscient des conditions du remboursement de la caution.<\/p>\r\n\r\n            <h3 id=\"host\">8. L\u2019h\u00f4te g\u00e9nial<\/h3>\r\n\r\n            <p>Bon nombre de sites Web demandent \u00e0 leurs invit\u00e9s d\u2019\u00e9valuer leur exp\u00e9rience. Si vous voulez obtenir une cote positive, vous avez int\u00e9r\u00eat \u00e0 dorloter vos invit\u00e9s. Pr\u00e9parez un dossier d\u2019information, que vous pouvez organiser dans un cartable. Le dossier devrait comprendre les r\u00e8gles de la maison, les num\u00e9ros d\u2019urgence, de l\u2019information sur les lieux d\u2019int\u00e9r\u00eat locaux, les choix de restaurants et des renseignements sur les transports en commun.<\/p>\r\n\r\n            <p>Offrez une bouteille de vin ou des friandises \u00e0 vos invit\u00e9s pour impressionner vos invit\u00e9s. De plus, assurez-vous qu\u2019il y a assez de fournitures sur place, comme les serviettes, le papier hygi\u00e9nique, le savon et le d\u00e9tergent \u00e0 vaisselle. Consultez l&rsquo;article suivant pour obtenir d&rsquo;autres id\u00e9es&nbsp;: <a href=\"\/fr\/centres-ressources\/proprietaire-occupant\/conseils-location-airbnb\" title=\"21 conseils de location pour les h\u00f4tes Airbnb\">21 conseils de location pour les h\u00f4tes Airbnb<\/a>.<\/p>\r\n\r\n            <p>Bien que la location de votre propri\u00e9t\u00e9 constitue une possibilit\u00e9 de gagner des revenus suppl\u00e9mentaires pour financer vos voyages, vous devez soigneusement \u00e9valuer les avantages et inconv\u00e9nients, car il y a beaucoup de travail \u00e0 faire. Certaines soci\u00e9t\u00e9s de copropri\u00e9taires et compagnies de gestion immobili\u00e8res interdisent la location des propri\u00e9t\u00e9s ou imposent certaines conditions que vous devez respecter. <\/p> \r\n\r\n            <p>Les taxes sont \u00e9galement importantes. D\u2019apr\u00e8s <a href=\"https:\/\/www.bdo.ca\/fr-ca\/insights\/tax-planning-strategies-cottage-owners\" target=\"_blank\" rel=\"noopener noreferrer\" title=\"BDO Canada\">BDO Canada<\/a>, \u00ab\u00a0Les revenus tir\u00e9s de la location de votre chalet sont imposables. Toutefois, vous pouvez d\u00e9duire des d\u00e9penses admissibles pour r\u00e9duire ces revenus. <\/p><p>Les d\u00e9penses peuvent inclure une portion raisonnable des frais de fonctionnement du chalet, de m\u00eame que les frais directement associ\u00e9s \u00e0 la location de la propri\u00e9t\u00e9 (comme le nettoyage, la publicit\u00e9, les commissions et autres frais des agents de location ainsi que les frais de gestion de la propri\u00e9t\u00e9)\u00a0\u00bb. Informez-vous en cons\u00e9quence.<\/p>\r\n\r\n\r\n            <h2 id=\"RentingOutHomeWhileOnVacation_FAQ\">Questions fr\u00e9quemment pos\u00e9es<\/h2>\r\n             \r\n            <h3>Puis-je louer ma maison si j\u2019ai une hypoth\u00e8que?<\/h3>\r\n\r\n            <p>Vous pouvez louer une habitation hypoth\u00e9qu\u00e9e, \u00e0 condition que votre entente hypoth\u00e9caire le permette. Souvent, lorsque vous signez un contrat hypoth\u00e9caire, vous acceptez que votre habitation soit occup\u00e9e par le propri\u00e9taire. Si vous souhaitez avoir des locataires, vous devrez parler avec votre pr\u00eateur hypoth\u00e9caire en premier.<\/p>\r\n\r\n            <h3>Les propri\u00e9t\u00e9s Airbnb s\u2019inscrivent-elles dans le cadre de la location?<\/h3>\r\n\r\n            <p>Le fait de louer votre habitation par l\u2019interm\u00e9diaire d\u2019Airbnb, de VRBO ou de sites Web semblables constitue une location \u00e0 toutes fins utiles. Par exemple, selon l\u2019Agence du revenu du Canada (ARC), les revenus issus de la location de votre habitation constituent des revenus locatifs, qu\u2019il s\u2019agisse d\u2019une nuit ou 365\u00a0nuits.<\/p>\r\n\r\n            <h3>Les revenus locatifs s\u2019inscrivent-ils dans le cadre de l\u2019emploi ind\u00e9pendant?<\/h3>\r\n            <p>G\u00e9n\u00e9ralement, les revenus locatifs ne s\u2019inscrivent pas dans le cadre des revenus issus de l\u2019emploi ind\u00e9pendant. Toutefois, les revenus locatifs pourraient \u00eatre imposables \u00e0 titre de revenus d\u2019emploi ind\u00e9pendant si vous offrez \u00e0 vos locataires des services suppl\u00e9mentaires au-del\u00e0 des installations ou services publics, comme si vous exploitiez une entreprise locative comparativement \u00e0 la simple location de votre propri\u00e9t\u00e9.<\/p>\r\n\r\n            <p><strong>Vous voulez en savoir plus?<\/strong> Consultez notre <a href=\"\/fr\/centres-ressources\/proprietaire-occupant\" title=\"Centre de ressources : propri\u00e9taire occupant\">Centre de ressources&nbsp;: propri\u00e9taire occupant<\/a> pour acc\u00e9der \u00e0 des articles pour vous guider sur la vie de propri\u00e9taire. Ensuite, <a href=\"\/fr\/soumission-assurance-habitation-en-ligne\" title=\"Obtenir une soumission d\u2019assurance habitation en ligne\">obtenez une soumission d'assurance habitation en ligne<\/a> en moins de 5\u00a0minutes et d\u00e9couvrez \u00e0 quel point l\u2019assurance habitation personnalis\u00e9e peut \u00eatre abordable.<\/p>\r\n\r\n            <div class=\"row py-3\">\r\n<div class=\"col-12\">\r\n<div class=\"card review\" style=\"box-shadow: 0 2px 4px rgba(0,0,0,0.07);background-color:#f4f4f4;\">\r\n<div class=\"card-body\">\r\n\t<p class=\"text-primary h4\">\u00c0 propos de l\u2019expert&nbsp;: Connor Griffiths<\/p>\r\n\t<p>Connor Griffiths est PDG de la compagnie de gestion de locations de vacances Lifty Life Vacation Rentals et responsable du contenu du logiciel de locations de vacances chef de file Hostaway.com. Connor a 7&nbsp;ans d\u2019exp\u00e9rience dans le secteur o\u00f9 il a fait ses d\u00e9buts \u00e0 titre d\u2019h\u00f4te Airbnb et gestionnaire de recettes de la compagnie de solutions de service et de technologie Jetstream Solutions. Il est \u00e9galement titulaire d\u2019un baccalaur\u00e9at en administration d\u2019affaires de l\u2019universit\u00e9 Kwantlen en Colombie-Britannique.<\/p>\r\n<\/div>\r\n<\/div>\r\n<\/div>\r\n<\/div>\r\n            \r\n        <\/div>\r\n    <\/div>\r\n<\/div>\r\n<\/section>\r\n<script type=\"application\/ld+json\">\r\n{\r\n  \"@context\": \"https:\/\/schema.org\",\r\n  \"@type\": \"WebPage\",\r\n  \"mainEntityOfPage\": {\r\n    \"@type\": \"Article\",\r\n    \"@id\": \"https:\/\/www.squareone.ca\/fr\/centres-ressources\/proprietaire-occupant\/louer-votre-habitation-pendant-vos-vacances\"\r\n  },\r\n  \"author\": [\r\n    {\r\n      \"@type\": \"Person\",\r\n      \"name\": \"Square One team\"\r\n    }\r\n  ],\r\n  \"reviewedBy\": [\r\n    {\r\n      \"@type\": \"Person\",\r\n      \"name\": \"Connor Griffiths\",\r\n      \"url\": \"https:\/\/www.squareone.ca\/fr\/a-propos-de-nous\/experts#short-term\"\r\n    }\r\n  ],\r\n  \"headline\": \"8 conseils pour louer votre habitation pendant que vous \u00eates en vacances\",\r\n  \"datePublished\": \"2025-04-30\",\r\n  \"dateModified\": \"2025-04-30\",\r\n  \"inLanguage\": \"fr-CA\",\r\n  \"isAccessibleForFree\": true\r\n}\r\n<\/script>\r\n\r\n<script type=\"application\/ld+json\">\r\n{\r\n  \"@context\": \"https:\/\/schema.org\",\r\n  \"@type\": \"FAQPage\",\r\n  \"mainEntity\": [\r\n    {\r\n      \"@type\": \"Question\",\r\n      \"name\": \"Puis-je louer ma maison si j\u2019ai une hypoth\u00e8que?\",\r\n      \"acceptedAnswer\": {\r\n        \"@type\": \"Answer\",\r\n        \"text\": \"Vous pouvez louer une habitation hypoth\u00e9qu\u00e9e, \u00e0 condition que votre entente hypoth\u00e9caire le permette. Souvent, lorsque vous signez un contrat hypoth\u00e9caire, vous acceptez que votre habitation soit occup\u00e9e par le propri\u00e9taire. Si vous souhaitez avoir des locataires, vous devrez parler avec votre pr\u00eateur hypoth\u00e9caire en premier.\"\r\n      }\r\n    },\r\n    {\r\n      \"@type\": \"Question\",\r\n      \"name\": \"Les propri\u00e9t\u00e9s Airbnb s\u2019inscrivent-elles dans le cadre de la location?\",\r\n      \"acceptedAnswer\": {\r\n        \"@type\": \"Answer\",\r\n        \"text\": \"Le fait de louer votre habitation par l\u2019interm\u00e9diaire d\u2019Airbnb, de VRBO ou de sites Web semblables constitue une location \u00e0 toutes fins utiles. Par exemple, selon l\u2019Agence du revenu du Canada (ARC), les revenus issus de la location de votre habitation constituent des revenus locatifs, qu\u2019il s\u2019agisse d\u2019une nuit ou 365 nuits.\"\r\n      }\r\n    },\r\n    {\r\n      \"@type\": \"Question\",\r\n      \"name\": \"Les revenus locatifs s\u2019inscrivent-ils dans le cadre de l\u2019emploi ind\u00e9pendant?\",\r\n      \"acceptedAnswer\": {\r\n        \"@type\": \"Answer\",\r\n        \"text\": \"G\u00e9n\u00e9ralement, les revenus locatifs ne s\u2019inscrivent pas dans le cadre des revenus issus de l\u2019emploi ind\u00e9pendant. Toutefois, les revenus locatifs pourraient \u00eatre imposables \u00e0 titre de revenus d\u2019emploi ind\u00e9pendant si vous offrez \u00e0 vos locataires des services suppl\u00e9mentaires au-del\u00e0 des installations ou service publics, comme si vous exploitiez une entreprise locative comparative \u00e0 la simple location de votre propri\u00e9t\u00e9.\"\r\n      }\r\n    }\r\n  ]\r\n}\r\n<\/script>\r\n","protected":false},"excerpt":{"rendered":"<p>8 conseils pour louer votre habitation pendant que vous \u00eates en vacances Article \u00e9valu\u00e9 par Connor Griffiths Vous planifiez le voyage de vos r\u00eaves, un mois \u00e0 la campagne, lorsque vous r\u00e9alisez que votre habitation sera vide pendant cette p\u00e9riode. Peut-\u00eatre vous venez d\u2019acheter un chalet qui sera inoccup\u00e9 pendant tout l\u2019\u00e9t\u00e9. Pourquoi ne pas [&hellip;]<\/p>\n","protected":false},"author":2,"featured_media":74781,"parent":48241,"menu_order":0,"comment_status":"closed","ping_status":"closed","template":"page-article-new.php","meta":{"_acf_changed":false,"footnotes":""},"class_list":["post-74773","page","type-page","status-publish","has-post-thumbnail","hentry"],"acf":[],"_links":{"self":[{"href":"https:\/\/www.squareone.ca\/fr\/wp-json\/wp\/v2\/pages\/74773","targetHints":{"allow":["GET"]}}],"collection":[{"href":"https:\/\/www.squareone.ca\/fr\/wp-json\/wp\/v2\/pages"}],"about":[{"href":"https:\/\/www.squareone.ca\/fr\/wp-json\/wp\/v2\/types\/page"}],"author":[{"embeddable":true,"href":"https:\/\/www.squareone.ca\/fr\/wp-json\/wp\/v2\/users\/2"}],"replies":[{"embeddable":true,"href":"https:\/\/www.squareone.ca\/fr\/wp-json\/wp\/v2\/comments?post=74773"}],"version-history":[{"count":7,"href":"https:\/\/www.squareone.ca\/fr\/wp-json\/wp\/v2\/pages\/74773\/revisions"}],"predecessor-version":[{"id":77655,"href":"https:\/\/www.squareone.ca\/fr\/wp-json\/wp\/v2\/pages\/74773\/revisions\/77655"}],"up":[{"embeddable":true,"href":"https:\/\/www.squareone.ca\/fr\/wp-json\/wp\/v2\/pages\/48241"}],"wp:featuredmedia":[{"embeddable":true,"href":"https:\/\/www.squareone.ca\/fr\/wp-json\/wp\/v2\/media\/74781"}],"wp:attachment":[{"href":"https:\/\/www.squareone.ca\/fr\/wp-json\/wp\/v2\/media?parent=74773"}],"curies":[{"name":"wp","href":"https:\/\/api.w.org\/{rel}","templated":true}]}}