{"id":74797,"date":"2025-03-20T12:01:29","date_gmt":"2025-03-20T19:01:29","guid":{"rendered":"https:\/\/www.squareone.ca\/centres-ressources\/proprietaires-maisons-et-coproprietes\/maison-active-et-comment-elle-peut-ameliorer-notre-experience"},"modified":"2025-09-23T14:40:35","modified_gmt":"2025-09-23T21:40:35","slug":"maison-active-et-comment-elle-peut-ameliorer-notre-experience","status":"publish","type":"page","link":"https:\/\/www.squareone.ca\/fr\/centres-ressources\/proprietaire-occupant\/maison-active","title":{"rendered":"Qu\u2019est-ce qu\u2019une maison active?"},"content":{"rendered":"<section id='intro' class=\"bg-shape-split bg-sub-page-hero\">\r\n    <div class=\"bg-position\">\r\n        <div class=\"container-fluid\">\r\n            <div class=\"row align-items-center\">\r\n                <div class=\"col-12 cpl-lg-8\">\r\n                    <h1>Qu&rsquo;est-ce qu&rsquo;une maison active?<\/h1>\r\n                    <strong>Article r\u00e9dig\u00e9 par l'\u00e9quipe de Square One<\/strong>\r\n                    <p><\/p>\r\n                    <p class=\"pb-4\" style=\"margin-top:-24px\">Mis \u00e0 jour le 19 mars 2025<\/p>\r\n                <\/div>\r\n            <\/div>\r\n\r\n            <div class=\"row\">\r\n                <div class=\"col-lg-8\">\r\n                    <p class=\"display-4\">\u00c0 mesure que les gens deviennent plus pr\u00e9occup\u00e9s par leur impact sur l\u2019environnement, il est normal que l\u2019on se demande si notre style de vie contribue \u00e0 la pollution qui transforme la plan\u00e8te. Les professionnels qui cr\u00e9ent les environnements dans lesquels nous passons la plupart de notre temps, comme les architectes et les constructeurs, sont \u00e9galement pr\u00e9occup\u00e9s par cet enjeu.<\/p>\r\n                    <p class=\"display-4\">La <a href=\"\/fr\/centres-ressources\/proprietaire-occupant\/habitations-nette-zero\" title=\"Qu\u2019est-ce qu\u2019une habitation nette z\u00e9ro?\">maison nette z\u00e9ro<\/a> gagne en popularit\u00e9, car elle est carboneutre\u00a0: ce type d\u2019habitation g\u00e9n\u00e8re autant d\u2019\u00e9nergie qu\u2019elle en consomme. La notion de maison active, elle, a vu le jour en Europe.<\/p>\r\n                    <p class=\"pt-2\"><img decoding=\"async\" src=\"https:\/\/cdn.squareone.ca\/wp-content\/uploads\/2019\/12\/04021618\/active-house-comfort.jpg\" width=\"248px\" class=\"img-fluid\" alt=\"Un salle de s\u00e9jour moderne avec fauteuils bruns, une table blanche et un petit tapis.\" rel=\"noopener noreferrer\" \/><\/p>\r\n                <\/div>\r\n\r\n                <div class=\"col-lg-3 offset-lg-1\">\r\n                    <p class=\"mb-2 display-4 pt-4 pt-lg-0 pt-mb-0\"><strong>Th\u00e8mes<\/strong><\/p>\r\n                    <ul class=\"list-unstyled link-list display-4\">\r\n                        <li><a href='#Active-house'>Qu\u2019est-ce qu\u2019une maison active?<\/a><\/li>\r\n                        <li><a href='#Comfort'>Le confort dans une maison active<\/a><\/li>\r\n                        <li><a href='#Energy'>L\u2019\u00e9nergie et la maison active<\/a><\/li>\r\n                        <li><a href='#Environment'>L\u2019environnement et votre maison active<\/a><\/li>\r\n                    <\/ul>\r\n                <\/div>\r\n            <\/div>  \r\n        <\/div>\r\n    <\/div>\r\n    <div class=\"bg-bottom\"><\/div>\r\n<\/section>\r\n\r\n<section>\r\n<div class=\"container-fluid py-6\">\r\n    <div class=\"row\">\r\n        <div class=\"col-12 col-lg-8\">\r\n\r\n            <h2 id=\"Active-house\">Qu\u2019est-ce qu\u2019une maison active?<\/h2>\r\n            \r\n            <p>Bas\u00e9e \u00e0 Bruxelles, <a href=\"https:\/\/www.rehva.eu\/rehva-journal\/chapter\/active-house-alliance-a-network-for-development-of-sustainable-buildings\" title=\"Active House Alliance\" rel=\"noopener noreferrer\" target=\"_blank\">l\u2019Active House Alliance<\/a> d\u00e9crit une maison active comme une \u00ab\u00a0vision de b\u00e2timents offrant une vie plus saine et plus confortable \u00e0 leurs r\u00e9sidents, sans impact n\u00e9gatif sur le climat et l&rsquo;environnement\u00a0\u00bb. Une habitation homologu\u00e9e maison active est ax\u00e9e sur trois facteurs cl\u00e9s\u00a0: l\u2019\u00e9nergie, l\u2019environnement et le confort.<\/p>\r\n\r\n            <p>L\u2019alliance explique chacun de ces facteurs plus en profondeur. Une maison active est \u00e9conome en \u00e9nergie et \u00ab\u00a0toute l&rsquo;\u00e9nergie n\u00e9cessaire est fournie par des sources d&rsquo;\u00e9nergie renouvelables int\u00e9gr\u00e9es au b\u00e2timent ou par le syst\u00e8me \u00e9nerg\u00e9tique collectif et le r\u00e9seau \u00e9lectrique \u00e0 proximit\u00e9\u00a0\u00bb. Une maison active interagit positivement avec l\u2019environnement \u00ab\u00a0gr\u00e2ce \u00e0 une relation optimis\u00e9e avec le contexte local, \u00e0 une utilisation cibl\u00e9e des ressources et \u00e0 son impact environnemental global tout au long de son cycle de vie\u00a0\u00bb.<\/p> \r\n\r\n            <p>\u00ab\u00a0Une maison active cr\u00e9e des conditions int\u00e9rieures plus saines et plus confortables pour ses occupants, et le b\u00e2timent assure un apport g\u00e9n\u00e9reux de lumi\u00e8re naturelle et d&rsquo;air frais. Les mat\u00e9riaux utilis\u00e9s ont un impact positif sur le confort et le climat int\u00e9rieur\u00a0\u00bb.<\/p>\r\n\r\n            <p>La notion de maison active est un mod\u00e8le qui aide les propri\u00e9taires occupants \u00e0 r\u00e9duire leur empreinte carbonique tout en encourageant les architectes et constructeurs \u00e0 cr\u00e9er et \u00e0 mettre en \u0153uvre des conceptions innovatrices. Pour \u00e9valuer une maison active, l\u2019alliance examine la mani\u00e8re dont chacun de ces facteurs a \u00e9t\u00e9 int\u00e9gr\u00e9.<\/p>\r\n            \r\n            <h2 id=\"Comfort\">Le confort dans une maison active<\/h2>\r\n            \r\n\t\t\t<img decoding=\"async\" loading=\"lazy\" src=\"https:\/\/cdn.squareone.ca\/wp-content\/uploads\/2019\/12\/04021618\/active-house-comfort.jpg\" title=\"Int\u00e9rieur d'une maison active\" alt=\"Salle de s\u00e9jour avec bois franc, meubles contemporains et grandes fen\u00eatres\" width=\"800px\" class=\"img-fluid mb-5\" \/>\r\n            \r\n            <p>Une maison active offre un environnement qui privil\u00e9gie l\u2019utilisation intelligente de la lumi\u00e8re et de la chaleur. Elle privil\u00e9gie une abondance de lumi\u00e8re naturelle et de l\u2019air frais, ainsi qu\u2019un environnement thermique appropri\u00e9. <\/p>\r\n\r\n            <p>La lumi\u00e8re naturelle est r\u00e9put\u00e9e am\u00e9liorer l\u2019humeur et le bien-\u00eatre. R\u00e9sultat\u00a0: la maison active offre beaucoup de lumi\u00e8re et des vues plaisantes depuis les fen\u00eatres. \u00c9tant donn\u00e9 que le climat thermique influence \u00e9galement l\u2019humeur et le bien-\u00eatre, la temp\u00e9rature int\u00e9rieure devrait \u00eatre conserv\u00e9e \u00e0 un niveau confortable\u00a0; pas trop chaud en \u00e9t\u00e9 et pas trop froid en hiver. Les objectifs climatiques devraient \u00eatre r\u00e9alis\u00e9s sans consommer de l\u2019\u00e9nergie inutilement.<\/p>\r\n\r\n            <p>Bien que la bonne qualit\u00e9 de l\u2019air \u00e0 l\u2019int\u00e9rieur soit importante, il ne faut pas consommer une quantit\u00e9 d&rsquo;\u00e9nergie excessive pour y arriver. Une combinaison de ventilation naturelle et de techniques m\u00e9caniques peut \u00eatre employ\u00e9e pour atteindre les normes de qualit\u00e9 de l\u2019air. Les syst\u00e8mes choisis doivent \u00e9galement fournir une ventilation appropri\u00e9e pour l\u2019\u00e9vacuation dans les pi\u00e8ces humides, comme les salles de bain avec douche.<\/p>\r\n\t\t\t\r\n\t\t\t<\/div>\r\n        <\/div>\r\n    <\/div>\r\n<\/section>\r\n\r\n\t<section class=\"bg-transparent\">\n\t\t<img decoding=\"async\" src=\"\/sales\/images\/bgs\/bg-mid-page-cta-general-top.svg\" style=\"width: 100%; vertical-align: bottom; position: relative; top: 1px\"\/>\n\t\t\n\t\t<div class=\"bg-darkTeal py-3\">\t\t\t\n\t\t\t<div class=\"container-fluid\">\n\t\t\t\t<div class=\"row d-flex align-items-center pb-5\">\n\t\t\t\t\t<div class=\"col-12 col-md-8 offset-md-2 px-lg-5 pb-5 pb-lg-0\">\n\t\t\t\t\t\t<div class=\"h6 mb-4 text-primary text-uppercase text-center\">\n\t\t\t\t\t\t\tCela ne prend que 5\u00a0minutes \n\t\t\t\t\t\t<\/div>\t\t\n\t\t\t\t\t\t\t\t\t\t\t\n\t\t\t\t\t\t<p class=\"lead px-lg-5 text-white\">\n\t\t\t\t\t\t\t<strong class=\"d-inline-block text-uc-first\">Pr\u00eat \u00e0 obtenir une soumission en ligne? <\/strong> Votre temps est aussi pr\u00e9cieux que vos possessions. Obtenez une soumission d'assurance habitation en <strong>5 minutes<\/strong>. C\u2019est moins de temps qu\u2019il n\u2019en faut pour faire la file pour un caf\u00e9.\n\t\t\t\t\t\t<\/p>\t\t\t\n\t\n\t\t\t\t\t\t<div id=\"sq1-qw-cc62f7400317\" class=\"sq1-quote-widget mb-4 text-white\" data-quote-widget-type=\"HOME\" data-has-custom-text=\"true\">\n\t\t\t\t\t\t\t<div class=\"input-group input-group-focus-within bg-white my-4\">\n\t\t\t\t\t\t\t\t<div>\n\t\t\t\t\t\t\t\t\t<div class=\"input-group-text\">\n\t\t\t\t\t\t\t\t\t\t<i class=\"fa fa-map-marker d-block text-black\"><\/i>\n\t\t\t\t\t\t\t\t\t<\/div>\n\t\t\t\t\t\t\t\t<\/div>\n\t\t\t\t\t\t\t\t<input type=\"text\" class=\"form-control\" style=\"padding: 10px;\" placeholder=\"Enter an address\" aria-label=\"Inscrivez votre adresse pour obtenir une soumission\"\/>\n\t\t\t\t\t\t\t\t<div>\n\t\t\t\t\t\t\t\t\t<button class=\"btn btn-primary\">Obtenir une soumission en ligne d\u00e8s maintenant<\/button>\n\t\t\t\t\t\t\t\t<\/div>\n\t\t\t\t\t\t\t<\/div>\n\t\t\t\t\t\t<\/div>\n\t\t\t\t\t\t\n\t\t\t\t\t\t<p class=\"small text-white\">Avant de commencer, veuillez lire notre <a href=\"https:\/\/www.squareone.ca\/fr\/politique-confidentialite\" target=\"_blank\" rel=\"noreferrer noopener\">Politique de confidentialit\u00e9<\/a> et nos <a href=\"https:\/\/www.squareone.ca\/fr\/conditions-utilisation\" target=\"_blank\" rel=\"noreferrer noopener\">Conditions d\u2019utilisation<\/a>.<\/p>\t\n\t\n\t\t\t\t\t\t<script type=\"text\/javascript\">\n\t\t\t\t\t\t(function() {\n\t\t\t\t\t\t\tdocument.addEventListener('soiMiscJsLoaded', function() {\n\t\t\t\t\t\t        $(document).ready(function() {\n\t\t\t\t\t\t\t\t\tsoiQuoteWidget.processFormWidget('\/sales\/index.php\/json_quote_widget?rand=' +Math.random(), 'qwContainer'); \/\/populate quoting widget with content from symfony.\n\t\t\t\t\t\t\t\t});\n\t\t\t\t\t\t\t});\n\t\t\t\t\t\t})();\n\t\t\t\t\t\t<\/script>\n\t\t\t\t\t<\/div>\n\t\t\t\t<\/div>\n\t\t\t<\/div>\n\t\t<\/div>\n\t\t\n\t\t<img decoding=\"async\" src=\"\/sales\/images\/bgs\/bg-mid-page-cta-general-bottom.svg\" style=\"width: 100%; vertical-align: top\"\/>\t\t\n\t<\/section>\r\n\r\n<section>\r\n    <div class=\"container-fluid py-6\">\r\n        <div class=\"row\">\r\n            <div class=\"col-12 col-lg-8\">\r\n\r\n            <h2 id=\"Energy\">Les maisons actives et l\u2019\u00e9nergie<\/h2>\r\n            <p>La conception d\u2019une maison active doit incorporer des moyens de <a href=\"\/fr\/centres-ressources\/ameliorations-domiciliaires\/chauffer-efficacement-votre-habitation\" title=\"Comment chauffer efficacement votre habitation\">minimiser la perte de chaleur<\/a> et optimiser les exigences \u00e9nerg\u00e9tiques. \u00c0 l\u2019\u00e9chelle mondiale, on estime que le chauffage, la climatisation et l\u2019\u00e9lectricit\u00e9 comptent pour 40\u00a0pour cent de la consommation \u00e9nerg\u00e9tique dans les immeubles. Par cons\u00e9quent, les architectes dessinant des maisons actives doivent prendre en consid\u00e9ration l\u2019offre et le rendement de l\u2019\u00e9nergie pendant le cycle de vie de l\u2019immeuble. <\/p>\r\n\r\n            <p>Heureusement, les syst\u00e8mes, comme les <a href=\"\/fr\/centres-ressources\/ameliorations-domiciliaires\/panneaux-solaires\" title=\"Les avantages et inconv\u00e9nients des panneaux solaires?\">panneaux solaires photovolta\u00efques<\/a>, deviennent plus abordables et efficaces, tout comme les produits d\u2019isolation. Il y a \u00e9galement des fournaises \u00e0 biomasse sur le march\u00e9 qui utilisent des mati\u00e8res durables, comme les granul\u00e9s de bois, pour g\u00e9n\u00e9rer de l\u2019\u00e9nergie qui fournit de la chaleur et de la lumi\u00e8re dans la maison, pendant que les chaudi\u00e8res \u00e0 biomasse fournissent de l\u2019eau chaude. Une maison active a pour objet d\u2019utiliser des sources d\u2019\u00e9nergie renouvelables et carboneutres.<\/p>\r\n\r\n\r\n            <h2 id=\"Environment\">L\u2019environnement et votre maison active<\/h2>\r\n            <p>Deux pr\u00e9occupations importantes dans la cr\u00e9ation d&rsquo;une maison active sont son impact sur l&rsquo;environnement pendant la construction et l&rsquo;utilisation de mat\u00e9riaux de construction \u00e9cologiques. Il est important de tenir compte des \u00e9missions dans l\u2019air, l\u2019eau et le sol, comme l\u2019appauvrissement de l\u2019ozone, qui ont lieu pendant la construction. De plus, les lignes directrices de l\u2019Active House Alliance sugg\u00e8rent que le contenu recycl\u00e9 de tous les mat\u00e9riaux de l\u2019immeuble est pris en consid\u00e9ration et qu\u2019ils durent pendant un minimum de 50\u00a0ans.<\/p>\r\n\r\n            <p>La maison active minimise \u00e9galement l\u2019utilisation de l\u2019eau douce, \u00e0 l\u2019aide des pommes de douche et des toilettes \u00e0 faible d\u00e9bit, ainsi que d\u2019autres dispositifs qui \u00e9conomisent de l\u2019eau.<\/p>\r\n\r\n            <p>Cela semble-t-il d\u00e9courageant? Pas de panique! M\u00eame si vous n\u2019avez pas l\u2019occasion de construire une maison \u00e0 partir de z\u00e9ro, vous pouvez appliquer les principes de la maison active \u00e0 votre maison existante. Pour la construction d\u2019une maison neuve, vous pouvez collaborer avec un architecte qui est familier avec les principes de la maison active pour obtenir le meilleur r\u00e9sultat pour vous, votre famille et l\u2019environnement.<\/p>\r\n\t\t\t\r\n            \t\t\t\r\n            <p><strong>Vous voulez en savoir plus?<\/strong> Consultez notre <a href=\"\/fr\/centres-ressources\/proprietaire-occupant\" title=\"Centre de ressources : propri\u00e9taire occupant\">Centre de ressources&nbsp;: propri\u00e9taire occupant<\/a> pour acc\u00e9der \u00e0 des articles pour vous guider sur la vie de propri\u00e9taire. Ensuite, <a href=\"\/fr\/soumission-assurance-habitation-en-ligne\" title=\"Obtenir une soumission d\u2019assurance habitation en ligne\">obtenez une soumission d'assurance habitation en ligne<\/a> en moins de 5\u00a0minutes et d\u00e9couvrez \u00e0 quel point l\u2019assurance habitation personnalis\u00e9e peut \u00eatre abordable.<\/p>\r\n        <\/div>\r\n    <\/div>\r\n<\/div>\r\n<\/section>\r\n<script type=\"application\/ld+json\">\r\n{\r\n  \"@context\": \"https:\/\/schema.org\",\r\n  \"@type\": \"WebPage\",\r\n  \"mainEntityOfPage\": {\r\n    \"@type\": \"Article\",\r\n    \"@id\": \"https:\/\/www.squareone.ca\/fr\/centres-ressources\/proprietaire-occupant\/maison-active\"\r\n  },\r\n  \"author\": [\r\n    {\r\n      \"@type\": \"Person\",\r\n      \"name\": \"Square One team\"\r\n    }\r\n  ],\r\n  \"headline\": \"Qu\u2019est-ce qu\u2019une maison active?\",\r\n  \"datePublished\": \"2025-05-26\",\r\n  \"dateModified\": \"2025-05-26\",\r\n  \"inLanguage\": \"fr-CA\",\r\n  \"isAccessibleForFree\": true\r\n}\r\n<\/script>\r\n\r\n<script type=\"application\/ld+json\">\r\n{\r\n  \"@context\": \"https:\/\/schema.org\",\r\n  \"@type\": \"FAQPage\",\r\n  \"mainEntity\": [\r\n    {\r\n      \"@type\": \"Question\",\r\n      \"name\": \"Qu\u2019est-ce qu\u2019une maison active?\",\r\n      \"acceptedAnswer\": {\r\n        \"@type\": \"Answer\",\r\n        \"text\": \"Bas\u00e9e \u00e0 Bruxelles, l\u2019Active House Alliance d\u00e9crit une maison active comme une \u00ab vision de b\u00e2timents offrant une vie plus saine et plus confortable \u00e0 leurs r\u00e9sidents, sans impact n\u00e9gatif sur le climat et l'environnement \u00bb. Une habitation homologu\u00e9e maison active doit privil\u00e9gier trois facteurs cl\u00e9s : l\u2019\u00e9nergie, l\u2019environnement et le confort.\"\r\n      }\r\n    }\r\n  ]\r\n}\r\n<\/script>","protected":false},"excerpt":{"rendered":"<p>Qu&rsquo;est-ce qu&rsquo;une maison active? \u00c0 mesure que les gens deviennent plus pr\u00e9occup\u00e9s par leur impact sur l\u2019environnement, il est normal que l\u2019on se demande si notre style de vie contribue \u00e0 la pollution qui transforme la plan\u00e8te. Les professionnels qui cr\u00e9ent les environnements dans lesquels nous passons la plupart de notre temps, comme les architectes [&hellip;]<\/p>\n","protected":false},"author":2,"featured_media":74799,"parent":48241,"menu_order":0,"comment_status":"closed","ping_status":"closed","template":"page-article-new.php","meta":{"_acf_changed":false,"footnotes":""},"class_list":["post-74797","page","type-page","status-publish","has-post-thumbnail","hentry"],"acf":[],"_links":{"self":[{"href":"https:\/\/www.squareone.ca\/fr\/wp-json\/wp\/v2\/pages\/74797","targetHints":{"allow":["GET"]}}],"collection":[{"href":"https:\/\/www.squareone.ca\/fr\/wp-json\/wp\/v2\/pages"}],"about":[{"href":"https:\/\/www.squareone.ca\/fr\/wp-json\/wp\/v2\/types\/page"}],"author":[{"embeddable":true,"href":"https:\/\/www.squareone.ca\/fr\/wp-json\/wp\/v2\/users\/2"}],"replies":[{"embeddable":true,"href":"https:\/\/www.squareone.ca\/fr\/wp-json\/wp\/v2\/comments?post=74797"}],"version-history":[{"count":5,"href":"https:\/\/www.squareone.ca\/fr\/wp-json\/wp\/v2\/pages\/74797\/revisions"}],"predecessor-version":[{"id":76927,"href":"https:\/\/www.squareone.ca\/fr\/wp-json\/wp\/v2\/pages\/74797\/revisions\/76927"}],"up":[{"embeddable":true,"href":"https:\/\/www.squareone.ca\/fr\/wp-json\/wp\/v2\/pages\/48241"}],"wp:featuredmedia":[{"embeddable":true,"href":"https:\/\/www.squareone.ca\/fr\/wp-json\/wp\/v2\/media\/74799"}],"wp:attachment":[{"href":"https:\/\/www.squareone.ca\/fr\/wp-json\/wp\/v2\/media?parent=74797"}],"curies":[{"name":"wp","href":"https:\/\/api.w.org\/{rel}","templated":true}]}}