{"id":75035,"date":"2025-04-23T10:46:10","date_gmt":"2025-04-23T17:46:10","guid":{"rendered":"https:\/\/www.squareone.ca\/centres-ressources\/bases-assurance-conseils\/impacts-tarifs"},"modified":"2026-03-20T11:39:06","modified_gmt":"2026-03-20T18:39:06","slug":"impacts-tarifs","status":"publish","type":"page","link":"https:\/\/www.squareone.ca\/fr\/centres-ressources\/bases-assurance\/impacts-tarifs","title":{"rendered":"Comment les tarifs influencent-ils l\u2019assurance?"},"content":{"rendered":"<section id='intro' class=\"bg-shape-split bg-sub-page-hero\">\r\n    <div class=\"bg-position\">\r\n        <div class=\"container-fluid\">\r\n            <div class=\"row align-items-center\">\r\n                <div class=\"col-12 col-lg-8\">\r\n\t\t\t\t\t<h1>Comment les tarifs influencent-ils l\u2019assurance?<\/h1>\r\n\t\t\t\t\t<strong>Article r\u00e9dig\u00e9 par <a href=\"\/fr\/a-propos-de-nous\/contributeurs#seamus-mckale\" title=\"Auteur : Seamus McKale\">Seamus McKale<\/a><\/strong>\r\n\t\t\t\t\t<p class=\"pb-3\"><strong>Article \u00e9valu\u00e9 par <a href=\"https:\/\/www.squareone.ca\/about-us\/experts\/daniel-mirkovic\" title=\"Expert : Daniel Mirkovic\">Daniel Mirkovic<\/a><\/strong><\/p> \r\n\t\t\t\t\t<p class=\"pb-4\" style=\"margin-top:-24px\">Mis \u00e0 jour le 17 avril 2025<\/p>\r\n\t\t\t\t<\/div>\r\n\t\t\t<\/div>\r\n\t\t\t\r\n\t\t\t<div class=\"row\">\r\n\t\t\t\t<div class=\"col-lg-8\">\r\n\r\n\t\t\t\t\t<p class=\"display-4\">\u00c0 l\u2019heure actuelle, les tarifs font couler beaucoup d\u2019encre au Canada et aux \u00c9tats-Unis. Tout comme les autres industries, l\u2019assurance n\u2019est pas \u00e0 l\u2019abri des tarifs impos\u00e9s par l&rsquo;administration am\u00e9ricaine sur les biens canadiens. Cela dit, il faudrait plus de temps pour d\u00e9terminer les r\u00e9percussions de cette guerre commerciale.<\/p>\r\n\r\n\t\t\t\t\t<p class=\"display-4\">Dans cet article, nous examinerons comment cette guerre tarifaire touche votre assurance habitation et auto. Abordons la question plus en d\u00e9tail.<\/p>\r\n\r\n\t\t\t\t\t<p class=\"pt-2\"><img decoding=\"async\" src=\"https:\/\/cdn.squareone.ca\/wp-content\/uploads\/2025\/04\/16145101\/tariffs-trade-war-insurance.jpg\" width=\"248px\" class=\"img-fluid\" rel=\"noopener noreferrer\" alt=\"Des conteneurs d\u2019exp\u00e9dition de diff\u00e9rentes couleurs superpos\u00e9s\" title=\"Comment les tarifs influencent-ils l\u2019assurance?\"\/><\/p>\t\t\t\t\r\n\t\t\t\t<\/div>\r\n\t\t\r\n\t\t\t\t<div class=\"col-lg-3 offset-lg-1\">\r\n\t\t\t\t\t<p class=\"mb-2 display-4 pt-4 pt-lg-0 ot-mb-0\"><strong>Th\u00e8mes<\/strong><\/p>\r\n\r\n\t\t\t\t\t\t<ul class=\"list-unstyled link-list display-4\">\r\n\t\t\t\t\t\t\t<li><a href='#what-are-tariffs'>Qu\u2019est-ce qu\u2019un tarif?<\/a><\/li>\r\n\t\t\t\t\t\t\t<li><a href='#insurance-effects'>R\u00e9percussions sur l\u2019assurance<\/a><\/li>\r\n\t\t\t\t\t\t\t\t<ul class=\"link-list display-6\">\r\n                            \t\t<li type=\"disc\" style=\"font-size:18px\"><a href=\"#home-insurance\">Assurance habitation<\/a><\/li>\r\n                            \t\t<li type=\"disc\" style=\"font-size:18px\"><a href=\"#car-insurance\">Assurance auto<\/a><\/li>\r\n                        \t\t<\/ul>\r\n\t\t\t\t\t\t\t<li><a href='#provider-response'>R\u00e9action des fournisseurs<\/a><\/li>\r\n\t\t\t\t\t\t\t<li><a href='#what-can-you-do'>Que pouvez-vous faire?<\/a><\/li>\r\n                        <\/ul>\r\n                <\/div>\r\n            <\/div>  \r\n        <\/div>\r\n    <\/div>\r\n    <div class=\"bg-bottom\"><\/div>\r\n<\/section>\r\n\r\n<section>\r\n    <div class=\"container-fluid py-6\">\r\n        <div class=\"row\">\r\n            <div class=\"col-12 col-lg-8\">\r\n\t\t\t\t    \r\n\t\t\t\t    \r\n\r\n\t\t\t\t<h2 id=\"what-are-tariffs\">Qu\u2019est-ce qu\u2019un tarif?<\/h2>\r\n\r\n\t\t\t\t    <p>Un tarif est une taxe impos\u00e9e par un pays sur les biens import\u00e9s d\u2019un autre pays.<\/p>\r\n\r\n\t\t\t\t    <p>En th\u00e9orie, les tarifs n\u2019influencent que les prix dans le pays qui les impose. Par exemple, les tarifs am\u00e9ricains ne s&rsquo;appliquent qu&rsquo;aux biens entrant sur le territoire am\u00e9ricain; ils n&rsquo;affectent pas directement les biens au Canada ou ceux qui entrent dans le pays.<\/p>\r\n\r\n\t\t\t\t    <p>Toutefois, bon nombre de pays, y compris le Canada, ont r\u00e9pliqu\u00e9 en imposant leurs propres tarifs sur les biens en provenance des \u00c9tats-Unis. \u00c9tant donn\u00e9 que le Canada importe annuellement \u00e0 peu pr\u00e8s 500\u00a0milliards de dollars de biens des \u00c9tats-Unis, les r\u00e9percussions sont in\u00e9vitables. Bien que les tarifs de repr\u00e9sailles impos\u00e9s par le Canada ne s\u2019appliquent qu\u2019\u00e0 des biens sp\u00e9cifiques, les consommateurs canadiens verront des hausses de prix un peu partout, y compris dans le secteur de l\u2019assurance.<\/p>\r\n\r\n<p>Les biens soumis aux tarifs ont \u00e9t\u00e9 modifi\u00e9s \u00e0 plusieurs reprises au cours de la guerre commerciale actuelle. Plus r\u00e9cemment, en septembre\u00a02025, le gouvernement du Canada a supprim\u00e9 les tarifs en repr\u00e9sailles, \u00e0 l&rsquo;exception des v\u00e9hicules, de l&rsquo;acier et de l&rsquo;aluminium. Le gouvernement conserve une liste \u00e0 jour des <a href=\"https:\/\/www.canada.ca\/fr\/ministere-finances\/programmes\/politiques-finances-echanges-internationaux\/reponse-canada-droits-douane-americains\/liste-complete-produits-americains-assujettis-contre-mesures-tarifaires.html\" title=\"Liste compl\u00e8te des produits am\u00e9ricains assujettis \u00e0 des contre-mesures tarifaires\" rel=\"noopener noreferrer\" target=\"_blank\">tarifs<\/a> \u00e0 des fins de r\u00e9f\u00e9rence.<\/p>\r\n\r\n\t\t\t\t<h2 id=\"insurance-effects\">Comment les tarifs influencent-ils l\u2019assurance?<\/h2>\r\n\r\n\t\t\t\t    <p>Tout simplement, si les prix augmentent en g\u00e9n\u00e9ral, les primes d\u2019assurance suivront. L\u2019assurance habitation et auto couvre les objets physiques (v\u00e9hicules, biens meubles, etc.). Lorsque les frais de r\u00e9paration ou de remplacement des biens augmentent, les primes d\u2019assurance montent en cons\u00e9quence.<\/p>\r\n\r\n\t\t\t\t    <h3 id=\"home-insurance\">Assurance habitation<\/h3>\r\n\r\n\t\t\t\t    <p>L\u2019assurance habitation couvre votre maison et la plupart des biens meubles \u00e0 l\u2019int\u00e9rieur. \u00c9tant donn\u00e9 la port\u00e9e des biens assur\u00e9s, il est probable que les divers tarifs toucheront les primes d\u2019assurance habitation.<\/p>\r\n\r\n\t\t\t\t    <ul>\r\n\t\t\t\t        <li><strong>Les tarifs sur l\u2019acier et l\u2019aluminium.<\/strong> Le 13\u00a0mars\u00a02025, le Canada a impos\u00e9 un tarif de 25\u00a0% sur ces biens. Ces tarifs sont toujours en vigueur en septembre\u00a02025. De nombreux outils et mat\u00e9riaux de construction s\u2019inscrivent dans le cadre de la gamme des tarifs qui pourraient provoquer la hausse des frais de construction<sup><a href=\"#cite1\">1<\/a><\/sup>. Les mat\u00e9riaux de construction repr\u00e9sentent jusqu\u2019\u00e0 un tiers des frais de l\u2019assurance des biens.<\/li>\r\n\t\t\t\t        <li><strong>Les tarifs sur les biens divers. <\/strong>\u00c0 compter du 13\u00a0mars\u00a02025, le Canada a impos\u00e9 des tarifs de 25\u00a0% sur une vaste gamme de biens am\u00e9ricains, de l\u2019\u00e9quipement sportif aux produits c\u00e9ramiques, en passant par les moniteurs d\u2019ordinateur. Le remplacement de ces biens (s\u2019ils proviennent des \u00c9tats-Unis) sera plus dispendieux pour les fournisseurs d\u2019assurance<sup><a href=\"#cite1\">1<\/a><\/sup>. Ces tarifs ont \u00e9t\u00e9 supprim\u00e9 le 1<sup>er<\/sup>\u00a0septembre\u00a02025.<\/li>\r\n\t\t\t\t    <\/ul>\r\n\r\n\t\t\t\t    <h3 id=\"car-insurance\">Assurance auto<\/h3>\r\n\r\n\t\t\t\t    <p>L\u2019assurance auto, pour ce qui est des biens mat\u00e9riels, se limite \u00e0 la couverture des v\u00e9hicules. Malheureusement, les v\u00e9hicules se trouvent dans la ligne de mire de la guerre tarifaire. On pr\u00e9voit que l\u2019assurance auto sera durement frapp\u00e9e par les tarifs<sup><a href=\"#cite2\">2<\/a><\/sup>.<\/p>\r\n\r\n\t\t\t\t    <p>Le 1<sup>er<\/sup>\u00a0septembre\u00a02025, le Canada a impos\u00e9 un tarif de 25\u00a0% sur les v\u00e9hicules en provenance des \u00c9tats-Unis, ainsi que sur l&rsquo;aluminium et l&rsquo;acier. Les tarifs sur l\u2019acier, l\u2019aluminium et les autres m\u00e9taux influenceront \u00e9galement le prix d\u2019achat des v\u00e9hicules neufs. Les tarifs sur les v\u00e9hicules s&rsquo;appliquent aux pi\u00e8ces ainsi que les v\u00e9hicules assembl\u00e9s. Dans l\u2019ensemble, le prix d\u2019achat des v\u00e9hicules neufs devrait augmenter de 3\u00a0000\u00a0$ \u00e0 12\u00a0000\u00a0$<sup><a href=\"#cite4\">4<\/a><\/sup>.<\/p>\r\n\r\n\t\t\t\t    <p>Des frais de remplacement de v\u00e9hicule plus \u00e9lev\u00e9s toucheront les primes d\u2019assurance auto. Les fournisseurs d\u2019assurance auto verront une hausse des co\u00fbts de r\u00e8glement de sinistre. R\u00e9sultat\u00a0: les primes augmenteront pour couvrir ces frais. De plus, il peut y avoir des interruptions dans la cha\u00eene d\u2019approvisionnement, ce qui pourrait provoquer la hausse des frais des r\u00e9parations et prolonger les d\u00e9lais.<\/p>\r\n\r\n\t\t\t\t<h2 id=\"provider-response\">Comment r\u00e9agissent les fournisseurs d\u2019assurance en cons\u00e9quence?<\/h2>\r\n\r\n\t\t\t\t    <p>\u00c9tant donn\u00e9 la port\u00e9e des tarifs et les \u00e9ventuelles interruptions de la cha\u00eene d\u2019approvisionnement, il sera difficile d\u2019\u00e9viter les augmentations. Toutefois, les fournisseurs d\u2019assurance ont pris quelques mesures en r\u00e9ponse.<\/p>\r\n\r\n\t\t\t\t    <p>Pour la plupart, ils recherchent des solutions \u00e0 l\u2019ext\u00e9rieur des \u00c9tats-Unis pour leurs cha\u00eenes d\u2019approvisionnement. Qu\u2019il s\u2019agisse des pi\u00e8ces pour la r\u00e9paration d\u2019une voiture ou des mat\u00e9riels de construction pour la r\u00e9paration d\u2019une maison, il est possible de remplacer les fournisseurs bas\u00e9s aux \u00c9tats-Unis par des fournisseurs canadiens (ou d\u2019autres fournisseurs non am\u00e9ricains).<\/p>\r\n\r\n\t\t\t\t<h2 id=\"what-can-you-do\">Comment pouvez-vous r\u00e9duire votre prime?<\/h2>\r\n\r\n\t\t\t\t    <p>Les assur\u00e9s ne peuvent pas faire grand-chose contre la source des hausses des primes reli\u00e9es au commerce. N\u00e9anmoins, il existe des solutions pour r\u00e9duire les primes, peu importe la raison de l\u2019augmentation.<\/p>\r\n\r\n\t\t\t\t    <ul>\r\n\t\t\t\t        <li>Augmentez vos franchises. Votre prime baissera en cons\u00e9quence, mais vous paierez plus si vous pr\u00e9sentez une r\u00e9clamation.<\/li>\r\n\t\t\t\t        <li>Assurez-vous que vous n\u2019\u00eates pas trop assur\u00e9. Par exemple, pr\u00e9parez un <a href=\"\/fr\/centres-ressources\/bases-assurance\/assure-possessions-neuves\" title=\"Comment faire un inventaire de la maison\">inventaire de la maison<\/a> pour vous assurer que la limitation pour vos biens meubles n\u2019est pas trop \u00e9lev\u00e9e.<\/li>\r\n\t\t\t\t        <li>Modifiez votre habitation ou vos habitudes de conduite. Vous pourriez r\u00e9duire votre prime si vous installez certaines fonctionnalit\u00e9s de s\u00e9curit\u00e9 dans votre maison, comme un clapet anti-refoulement. Si vous d\u00e9cidez de conduire moins, vous pouvez \u00e9conomiser sur votre assurance auto.<\/li>\r\n\t\t\t\t        <li>Communiquez avec votre fournisseur d\u2019assurance. Il est possible que vous soyez admissible \u00e0 des rabais suppl\u00e9mentaires. Votre fournisseur d\u2019assurance peut vous aider \u00e0 passer en revue vos options et limitations de couverture pour d\u00e9terminer s\u2019il y a des possibilit\u00e9s de r\u00e9duire votre prime.<\/li>\r\n\t\t\t\t    <\/ul>\r\n\r\n\t\t\t\t    <p>Consultez la ressource ci-dessous pour obtenir des conseils sur la r\u00e9duction de votre prime d\u2019assurance\u00a0:<\/p>\r\n\r\n\t\t\t\t    <ul>\r\n\t\t\t\t\t    <li><a href=\"https:\/\/www.squareone.ca\/resource-centres\/insurance-basics\/ways-to-save-money\" title=\"Comment \u00e9conomiser sur l'assurance habitation\">Comment \u00e9conomiser sur votre assurance habitation<\/a><\/li>\r\n\r\n<li><a href=\"https:\/\/www.squareone.ca\/fr\/centres-ressources\/assurance-auto\/economiser-assurance-auto\" title=\"16 conseils pour \u00e9conomiser sur l\u2019assurance auto au Canada\">Comment \u00e9conomiser sur l\u2019assurance auto<\/a><\/li>\r\n\t\t\t\t\t    \r\n\t\t\t\t    <\/ul>\r\n\r\n\t\t\t\t    <p><strong>Sources<\/strong><\/p>\r\n\r\n\t\t\t\t    <ol>\r\n\r\n\t\t\t\t    \t<li id=\"cite1\">Minist\u00e8re des Finances Canada. \u00ab\u00a0Liste des produits en provenance des \u00c9tats-Unis assujettis \u00e0 des droits de douane de 25 % \u00e0 compter du 13 mars 2025\u00a0\u00bb. Minist\u00e8re des Finances Canada<\/i>, 12\u00a0mars\u00a02025, <a href=\"https:\/\/www.canada.ca\/fr\/ministere-finances\/nouvelles\/2025\/03\/liste-des-produits-en-provenance-des-etats-unis-assujettis-a-des-droits-de-douane-de-25--a-compter-du-13-mars-2025.html\" title=\"Liste des produits en provenance des \u00c9tats-Unis assujettis \u00e0 des droits de douane de 25 % \u00e0 compter du 13 mars 2025\" rel=\"noopener noreferrer\" target=\"_blank\">www.canada.ca\/fr\/ministere-finances\/nouvelles\/2025\/03\/liste-des-produits-en-provenance-des-etats-unis-assujettis-a-des-droits-de-douane-de-25&#8211;a-compter-du-13-mars-2025.html<\/a>.<\/li> \r\n\r\n\t\t\t\t    \t<li id=\"cite2\">Radio-Canada. \u00ab\u00a0Tarifs douaniers\u00a0: votre assurance automobile co\u00fbtera-t-elle plus cher?\u00a0\u00bb. <i>Radio-Canada.ca<\/i>, 1<sup>er<\/sup>\u00a0avril\u00a02025, <a href=\"https:\/\/ici.radio-canada.ca\/nouvelle\/2152208\/reparation-voiture-prix-hausse-assurance-tarifs\" title=\"Tarifs douaniers : votre assurance automobile co\u00fbtera-t-elle plus cher?\" rel=\"noopener noreferrer\" target=\"_blank\">https:\/\/ici.radio-canada.ca\/nouvelle\/2152208\/reparation-voiture-prix-hausse-assurance-tarifs<\/a>.<\/li>\r\n\r\n\t\t\t\t    \t<li id=\"cite3\">Gouvernement du Canada. \u00ab\u00a0L\u2019 Accord Canada-\u00c9tats-Unis-Mexique (ACEUM)\u00a0\u00bb. <i>Gouvernement du Canada<\/i>, 3\u00a0f\u00e9vrier\u00a02025, <a href=\"https:\/\/www.international.gc.ca\/trade-commerce\/trade-agreements-accords-commerciaux\/agr-acc\/cusma-aceum\/index.aspx?lang=fra\" title=\"L\u2019 Accord Canada-\u00c9tats-Unis-Mexique (ACEUM)\" rel=\"noopener noreferrer\" target=\"_blank\">www.international.gc.ca\/trade-commerce\/trade-agreements-accords-commerciaux\/agr-acc\/cusma-aceum\/index.aspx?lang=fra<\/a>.<\/li>\r\n\r\n\t\t\t\t    \t<li id=\"cite4\">Radio-Canada. \u00ab\u00a0Carney r\u00e9plique \u00e0 Trump avec 25\u00a0% de tarifs sur les voitures am\u00e9ricaines\u00a0\u00bb. <i>Radio-Canada<\/i>, 3\u00a0avril\u00a02025, <a href=\"https:\/\/ici.radio-canada.ca\/nouvelle\/2153308\/mark-carney-donald-trump-tarifs-voitures\" title=\"Carney r\u00e9plique \u00e0 Trump avec 25 % de tarifs sur les voitures am\u00e9ricaines\" rel=\"noopener noreferrer\" target=\"_blank\">https:\/\/ici.radio-canada.ca\/nouvelle\/2153308\/mark-carney-donald-trump-tarifs-voitures<\/a>.<\/li>\r\n\r\n\t\t\t\t    \t<li id=\"cite5\">Radio-Canada. \u00ab\u00a0Est-ce que les tarifs feront augmenter le prix des voitures?\u00a0\u00bb. <i>Radio-Canada<\/i>, 4\u00a0avril\u00a02025, <a href=\"https:\/\/ici.radio-canada.ca\/nouvelle\/2153453\/automobile-concessionnaire-tarifs-prix-trump\" title=\"Est-ce que les tarifs feront augmenter le prix des voitures?\" rel=\"noopener noreferrer\" target=\"_blank\">https:\/\/ici.radio-canada.ca\/nouvelle\/2153453\/automobile-concessionnaire-tarifs-prix-trump<\/a>.<\/li>\r\n\r\n\t\t\t\t    \t\r\n\t\t\t\t    <\/ol>\r\n\r\n\t\t\t\t\t<p><strong>Vous voulez en savoir plus?<\/strong> Consultez notre <a href=\"\/fr\/centres-ressources\/bases-assurance\" title=\"Centre de ressources : bases de l\u2019assurance habitation\">Centre de ressources&nbsp;: bases de l\u2019assurance habitation<\/a> pour acc\u00e9der \u00e0 des dizaines d\u2019articles pratiques pour vous guider sur les tenants et aboutissants de l\u2019assurance habitation. Ensuite, <a href=\"\/fr\/soumission-assurance-habitation-en-ligne\" title=\"Obtenir une soumission d\u2019assurance habitation en ligne\">obtenez une soumission d'assurance habitation en ligne<\/a> en moins de 5\u00a0minutes et d\u00e9couvrez \u00e0 quel point l\u2019assurance habitation personnalis\u00e9e peut \u00eatre abordable.<\/p>\r\n\r\n\t\t\t\t\t<div class=\"row py-3\">\r\n<div class=\"col-12\">\r\n<div class=\"card review\" style=\"box-shadow: 0 2px 4px rgba(0,0,0,0.07);background-color:#f4f4f4;\">\r\n<div class=\"card-body\">\r\n\t<p class=\"text-primary h4\">\u00c0 propos de l\u2019expert&nbsp;: Daniel Mirkovic<\/p>\r\n\t<p>Cofondateur de Square One comptant plus de 25&nbsp;ans dans le secteur de l\u2019assurance, Daniel \u00e9tait vice-pr\u00e9sident des services d\u2019assurance et de voyage de la British Columbia Automobile Association (BCAA). Daniel est titulaire d'un baccalaur\u00e9at \u00e8s commerce et d'une ma\u00eetrise \u00e8s administration des affaires, tous deux obtenus \u00e0 la Sauder School of Business de l'universit\u00e9 de la Colombie-Britannique. Daniel est muni de la d\u00e9signation CAAC et d\u2019un certificat en assurance de dommages niveau&nbsp;3 en Colombie-Britannique, en Alberta, en Saskatchewan, au Manitoba et en Ontario.<\/p>\r\n<\/div>\r\n<\/div>\r\n<\/div>\r\n<\/div>\r\n\r\n\t\t\t<\/div>\r\n\t\t<\/div>\r\n\u00a0 \u00a0 <\/div>\r\n<\/section>\r\n<script type=\"application\/ld+json\">\r\n{\r\n  \"@context\": \"https:\/\/schema.org\",\r\n  \"@type\": \"WebPage\",\r\n  \"mainEntityOfPage\": {\r\n    \"@type\": \"Article\",\r\n    \"@id\": \"https:\/\/www.squareone.ca\/fr\/centres-ressources\/bases-assurance\/impact-tarifs\"\r\n  },\r\n  \"author\": [\r\n    {\r\n      \"@type\": \"Person\",\r\n      \"name\": \"Seamus McKale\",\r\n      \"url\": \"https:\/\/www.squareone.ca\/a-propos-de-nous\/contributeurs#seamus-mckale\"\r\n    }\r\n  ],\r\n  \"reviewedBy\": [\r\n    {\r\n      \"@type\": \"Person\",\r\n      \"name\": \"Daniel Mirkovic\",\r\n      \"url\": \"https:\/\/www.squareone.ca\/fr\/a-propos-de-nous\/experts\/daniel-mirkovic\"\r\n    }\r\n  ],\r\n  \"headline\": \"Comment les tarifs influencent-ils l\u2019assurance?\",\r\n  \"datePublished\": \"2025-04-17\",\r\n  \"dateModified\": \"2025-04-17\",\r\n  \"inLanguage\": \"fr-CA\",\r\n  \"isAccessibleForFree\": true\r\n}\r\n<\/script>","protected":false},"excerpt":{"rendered":"<p>Comment les tarifs influencent-ils l\u2019assurance? Article \u00e9valu\u00e9 par Daniel Mirkovic \u00c0 l\u2019heure actuelle, les tarifs font couler beaucoup d\u2019encre au Canada et aux \u00c9tats-Unis. Tout comme les autres industries, l\u2019assurance n\u2019est pas \u00e0 l\u2019abri des tarifs impos\u00e9s par l&rsquo;administration am\u00e9ricaine sur les biens canadiens. Cela dit, il faudrait plus de temps pour d\u00e9terminer les r\u00e9percussions [&hellip;]<\/p>\n","protected":false},"author":20,"featured_media":74973,"parent":50045,"menu_order":0,"comment_status":"closed","ping_status":"closed","template":"page-article-new.php","meta":{"_acf_changed":false,"footnotes":""},"class_list":["post-75035","page","type-page","status-publish","has-post-thumbnail","hentry"],"acf":[],"_links":{"self":[{"href":"https:\/\/www.squareone.ca\/fr\/wp-json\/wp\/v2\/pages\/75035","targetHints":{"allow":["GET"]}}],"collection":[{"href":"https:\/\/www.squareone.ca\/fr\/wp-json\/wp\/v2\/pages"}],"about":[{"href":"https:\/\/www.squareone.ca\/fr\/wp-json\/wp\/v2\/types\/page"}],"author":[{"embeddable":true,"href":"https:\/\/www.squareone.ca\/fr\/wp-json\/wp\/v2\/users\/20"}],"replies":[{"embeddable":true,"href":"https:\/\/www.squareone.ca\/fr\/wp-json\/wp\/v2\/comments?post=75035"}],"version-history":[{"count":12,"href":"https:\/\/www.squareone.ca\/fr\/wp-json\/wp\/v2\/pages\/75035\/revisions"}],"predecessor-version":[{"id":78587,"href":"https:\/\/www.squareone.ca\/fr\/wp-json\/wp\/v2\/pages\/75035\/revisions\/78587"}],"up":[{"embeddable":true,"href":"https:\/\/www.squareone.ca\/fr\/wp-json\/wp\/v2\/pages\/50045"}],"wp:featuredmedia":[{"embeddable":true,"href":"https:\/\/www.squareone.ca\/fr\/wp-json\/wp\/v2\/media\/74973"}],"wp:attachment":[{"href":"https:\/\/www.squareone.ca\/fr\/wp-json\/wp\/v2\/media?parent=75035"}],"curies":[{"name":"wp","href":"https:\/\/api.w.org\/{rel}","templated":true}]}}