{"id":75210,"date":"2025-05-12T13:50:33","date_gmt":"2025-05-12T20:50:33","guid":{"rendered":"https:\/\/www.squareone.ca\/centres-ressources\/bases-assurance-conseils\/assurance-tremblement-terre"},"modified":"2025-10-01T11:46:13","modified_gmt":"2025-10-01T18:46:13","slug":"assurance-tremblement-terre","status":"publish","type":"page","link":"https:\/\/www.squareone.ca\/fr\/centres-ressources\/bases-assurance\/assurance-tremblement-terre","title":{"rendered":"Assurance contre le tremblement de terre au Canada"},"content":{"rendered":"<main><section id='intro' class=\"bg-shape-split bg-sub-page-hero\">\r\n    <div class=\"bg-position\">\r\n        <div class=\"container-fluid\">\r\n            <div class=\"row align-items-center\">\r\n                <div class=\"col-12 col-lg-8\">\r\n                    <h1>Assurance contre le tremblement de terre au Canada<\/h1>\r\n                    <strong>Article r\u00e9dig\u00e9 par <a href=\"\/fr\/a-propos-de-nous\/contributeurs#seamus-mckale\" title=\"Auteur : Seamus McKale\">Seamus McKale<\/a><\/strong>\r\n                    <p class=\"pb-3\"><strong>Article \u00e9valu\u00e9 par <a href=\"\/fr\/a-propos-de-nous\/experts\/daniel-mirkovic\" title=\"Expert : Daniel Mirkovic\">Daniel Mirkovic<\/a><\/strong><\/p> \r\n                    <p class=\"pb-4\" style=\"margin-top:-24px\">Mis \u00e0 jour le 24 f\u00e9vrier 2025<\/p>\r\n                <\/div>\r\n            <\/div>\r\n\r\n            <div class=\"row\">\r\n                <div class=\"col-lg-8\">\r\n\r\n                    <p class=\"display-4\">Le risque de tremblement de terre n\u2019est pas \u00e9gal partout au Canada, mais un s\u00e9isme peut avoir lieu n\u2019importe o\u00f9. Dans certaines r\u00e9gions, un s\u00e9isme pose un risque tr\u00e8s grave.<\/p>\r\n\r\n                    <p class=\"display-4\">Heureusement, l\u2019assurance contre le tremblement de terre est offerte dans les quatre coins du pays. \u00c0 cette page, nous expliquerons comment la couverture pour le tremblement de terre fonctionne et comment vous pouvez prot\u00e9ger votre domicile contre l\u2019un des \u00e9v\u00e9nements naturels les plus d\u00e9vastateurs.<\/p>\r\n\r\n                    <p class=\"pt-2\"><img loading=\"lazy\" decoding=\"async\" src=\"https:\/\/cdn.squareone.ca\/wp-content\/uploads\/2022\/06\/09124824\/earthquake.jpg\" alt=\"Tremblement de terre\" width=\"248\" height=\"124\" class=\"img-fluid\" rel=\"noopener noreferrer\" \/><\/p>\r\n                <\/div>\r\n\r\n                <div class=\"col-lg-3 offset-lg-1\">          \r\n                    <p class=\"mb-2 display-4 pt-4 pt-lg-0 pt-mb-0\"><strong>Th\u00e8mes<\/strong><\/p>\r\n                        <ul class=\"list-unstyled link-list display-4\">\r\n                            <li><a href=\"#Earthquake\">Qu\u2019est-ce que l\u2019assurance contre le tremblement de terre?<\/a><\/li>\r\n                                <ul class=\"link-list display-6\">\r\n                                    <li type=\"disc\" style=\"font-size:18px\"><a href=\"#is-it-worth-it\">Vaut-elle le coup?<\/a><\/li>\r\n                                    <li type=\"disc\" style=\"font-size:18px\"><a href=\"#costs\">Frais<\/a><\/li>\r\n                                <\/ul>                            \r\n                            <li><a href=\"#Coverage\">Qu\u2019est-ce qui est couvert par l\u2019assurance tremblement de terre?<\/a><\/li>\r\n                            <li><a href=\"#Plan\">Pr\u00e9parez un plan d\u2019urgence en cas de tremblement de terre<\/a><\/li>                            \r\n                        <\/ul>\r\n                <\/div>\r\n            <\/div>  \r\n        <\/div>\r\n    <\/div>\r\n    <div class=\"bg-bottom\"><\/div>\r\n<\/section>\r\n\r\n<section>\r\n    <div class=\"container-fluid py-6\">\r\n        <div class=\"row\">\r\n            <div class=\"col-12 col-lg-8\">\r\n\r\n                <div class=\"row pb-6\">\r\n                    <div class=\"col-12\">\r\n                        <div class=\"card review\" style='background-color:#FFE0C9'>\r\n                            <div class=\"card-body\">\r\n                                <p class=\"h3\">L\u2019essentiel<\/p>\r\n                                <ul class='mb-0'>\r\n                                    <li>Certaines r\u00e9gions au Canada pr\u00e9sentent un risque \u00e9lev\u00e9 de tremblement de terre, mais un s\u00e9isme peut survenir partout.<\/li>\r\n                                    <li>La plupart des polices d\u2019assurance habitation ne comprennent pas la couverture pour le tremblement de terre.<\/li>\r\n                                    <li>Les propri\u00e9taires occupants dans les r\u00e9gions \u00e0 risque de s\u00e9isme devraient prendre des mesures de protection, dont la souscription d\u2019assurance contre le tremblement de terre.<\/li>\r\n                                <\/ul>\r\n                            <\/div>\r\n                        <\/div>\r\n                    <\/div>\r\n                <\/div>              \r\n\r\n                <h2 id=\"Earthquake\">Qu\u2019est-ce que l\u2019assurance contre le tremblement de terre?<\/h2>\r\n\r\n                    <p>L\u2019assurance contre le tremblement de terre est une couverture propos\u00e9e par bon nombre de fournisseurs d\u2019assurance habitation. Il s&rsquo;agit d&rsquo;une protection qui s\u2019inscrit dans le cadre d\u2019une police d\u2019assurance habitation, \u00e0 titre facultatif, d&rsquo;habitude. L\u2019assurance contre le tremblement de terre couvre les dommages \u00e0 votre maison et \u00e0 vos biens d\u00e9coulant d\u2019un s\u00e9isme. Typiquement, cette assurance couvre les <a href=\"\/fr\/centres-ressources\/bases-assurance\/frais-subsistance-supplementaires\" title=\"Frais de subsistance suppl\u00e9mentaires\">frais de subsistance suppl\u00e9mentaires<\/a> si vous devez quitter votre domicile en raison des dommages provoqu\u00e9s par un s\u00e9isme.<\/p>\r\n\r\n                    <p>\u00c9tant donn\u00e9 qu&rsquo;elle couvre bien plus que les dommages caus\u00e9s aux structures (comme les maisons), la couverture pour le tremblement de terre est \u00e9galement avantageuse pour les locataires ou les copropri\u00e9taires.<\/p>\r\n\r\n                    <p>Esp\u00e9rons que vous n\u2019aurez jamais besoin de l\u2019utiliser, mais l\u2019assurance contre le tremblement de terre est une couverture importante au Canada. Certaines r\u00e9gions sont plus \u00e0 risque que d\u2019autres, comme le sud-ouest de la Colombie-Britannique et le sud du Qu\u00e9bec, mais un tremblement de terre peut survenir partout. Au Canada, il y a plus de 5\u00a0000\u00a0s\u00e9ismes par an<sup><a href=\"#cite1\">1<\/a><\/sup>.<\/p>\r\n\r\n                    <p>Si vous vivez dans une zone sismique, vous avez int\u00e9r\u00eat \u00e0 souscrire une assurance contre le tremblement de terre. <p>Les polices d\u2019assurance habitation traditionnelles ne comprennent pas les pertes ou dommages occasionn\u00e9s par le tremblement de terre; si vous voulez cette protection, vous devez la demander aupr\u00e8s de votre assureur. Typiquement, l\u2019assurance tremblement de terre comporte sa propre limitation et une <a href=\"\/fr\/centres-ressources\/lexique-assurance\/franchise\" title=\"D\u00e9finition : franchise\">franchise<\/a>, qui est g\u00e9n\u00e9ralement plus \u00e9lev\u00e9e que la franchise de base.<\/p>\r\n\r\n                    <h3 id=\"is-it-worth-it\">L\u2019assurance contre le tremblement de terre vaut-elle le coup?<\/h3>\r\n\r\n                    <p>Bien que cette assurance ne comprenne pas de frais suppl\u00e9mentaires, nous la recommandons vivement pour toutes les r\u00e9sidences principales. Vous ne voulez pas prendre le risque de vous en passer.<\/p>\r\n\r\n                    <p>Malgr\u00e9 le risque de tremblement de terre dans les quatre coins du Canada, le nombre de polices souscrites est assez faible, m\u00eame dans les r\u00e9gions \u00e0 risque. En Colombie-Britannique, la province la plus \u00e0 risque de s\u00e9isme, le taux de souscription de l\u2019assurance contre le tremblement de terre se situe entre 10 % \u00e0 70 %, surtout dans les zones \u00e0 risque plus \u00e9lev\u00e9. Toutefois, au Qu\u00e9bec, o\u00f9 certaines r\u00e9gions pr\u00e9sentent un risque \u00e9lev\u00e9 de s\u00e9isme, seulement 4\u00a0% des polices d\u2019assurance comprennent une protection contre le tremblement de terre<sup><a href=\"#cite2\">2<\/a>.<\/sup><\/p>\r\n\r\n                    <p>Il y a plusieurs raisons qui expliquent cette tendance. <p>Une partie du public est persuad\u00e9e que les assureurs ne sont pas en mesure de r\u00e9gler les r\u00e9clamations admissibles d\u00e9coulant d\u2019un \u00e9v\u00e9nement majeur, comme un s\u00e9isme catastrophique. Ceci n\u2019est pas vrai\u00a0: les assureurs tiennent compte des s\u00e9ismes dans le cadre de leur tarification afin d\u2019\u00e9tablir des r\u00e9serves pour r\u00e9gler les r\u00e9clamations en d\u00e9coulant. Dans cette optique, les compagnies d\u2019assurance ont d\u2019autres recours pour combler leurs engagements\u00a0:<\/p>\r\n\r\n                    <ul>\r\n                        <li><p>Les assureurs souscrivent une protection contre les catastrophes aupr\u00e8s des compagnies de r\u00e9assurance. Ce type d\u2019assurance aide \u00e0 \u00e9tendre le risque global et les frais des catastrophes.<\/li>\r\n                        <li>Les compagnies d\u2019assurance au Canada sont lourdement r\u00e9gul\u00e9es par les gouvernements provincial et f\u00e9d\u00e9ral. Entre autres, les organismes gouvernementaux supervisent la solvabilit\u00e9 des compagnies.<\/li>\r\n                        <li>Les compagnies d\u2019assurance doivent \u00eatre membres de la <a href=\"https:\/\/www.pacicc.ca\/fr\/\" target=\"_blank\" title=\"PACICC.ca\/fr\" rel=\"noreferrer noopener\">Soci\u00e9t\u00e9 d&rsquo;indemnisation en mati\u00e8re d&rsquo;assurances IARD (SIMA)<\/a>. Si une compagnie d\u2019assurance fait faillite, la SIMA r\u00e9glera automatiquement toutes les r\u00e9clamations admissibles de la compagnie, \u00e0 condition qu\u2019elle soit membre admissible. Effectivement, cette soci\u00e9t\u00e9 joue un r\u00f4le semblable \u00e0 celui de la Soci\u00e9t\u00e9 d\u2019assurance d\u00e9p\u00f4ts du Canada, une organisation qui prot\u00e8ge les comptes d\u2019\u00e9pargne en cas de faillite d\u2019une banque.<\/li>\r\n                    <\/ul>\r\n\r\n                    <p>Par ailleurs, la plupart des gens sous-estiment le risque de s\u00e9isme auquel leur domicile est expos\u00e9. D\u2019autres personnes trouvent que les frais suppl\u00e9mentaires ne valent pas le co\u00fbt, mais l\u2019assurance contre le tremblement de terre n\u2019est pas forc\u00e9ment dispendieuse.<\/p>\r\n\r\n                    <h3 id=\"costs\">Frais<\/h3>\r\n\r\n                    <p>Les frais de cette assurance varient selon le risque de s\u00e9isme local, ainsi que le montant de couverture requis et la franchise s\u00e9lectionn\u00e9e.<\/p>\r\n\r\n                    <p>Dans une zone \u00e0 risque faible, cette couverture pourrait co\u00fbter seulement 15\u00a0$ par an. Dans des zones \u00e0 risque \u00e9lev\u00e9, comme Vancouver ou Montr\u00e9al, la couverture pour tremblement de terre co\u00fbte de 150\u00a0$ \u00e0 500\u00a0$ par an pour une police d\u2019assurance maison. Pour les locataires de maison, d&rsquo;appartement ou de copropri\u00e9t\u00e9, l\u2019assurance co\u00fbte de 5\u00a0$ \u00e0 50\u00a0$ par an.<\/p>\r\n\r\n                <h2 id=\"Coverage\">Qu\u2019est-ce qui est couvert par l\u2019assurance tremblement de terre?<\/h2>\r\n\r\n                    <p>Cette assurance couvre les pertes ou dommages caus\u00e9s par les secousses sismiques. Elle ne couvre pas les pertes ou dommages provoqu\u00e9s par les glissements de terrain, de neige ou d\u2019autres formes de glissement de terre. Elle ne couvre pas non plus les pertes ou dommages caus\u00e9s par les tsunamis ou les raz-de-mar\u00e9e d\u00e9coulant d\u2019un s\u00e9isme.<\/p>\r\n\r\n                    <h3>Propri\u00e9taire occupant<\/h3>\r\n\r\n                    <p>Si vous \u00eates propri\u00e9taire de votre maison, l\u2019assurance contre le tremblement de terre couvrira les pertes ou dommages \u00e0 votre b\u00e2timent et \u00e0 vos biens meubles. Souvent, cette assurance comprend les frais de subsistance suppl\u00e9mentaires, ce qui comprend les frais suppl\u00e9mentaires que vous engagez si vous devez quitter votre domicile pendant les r\u00e9parations. Ces frais pourraient comprendre les chambres d\u2019h\u00f4tel et les repas, entre autres.<\/p>\r\n\r\n                    <h3>Copropri\u00e9taires<\/h3>\r\n\r\n                    <p>Si vous \u00eates copropri\u00e9taire, votre syndicat de copropri\u00e9taires est responsable d\u2019assurer votre immeuble. Votre <a href=\"\/fr\/coproprietaire\" title=\"Assurance copropri\u00e9taire\"> police d\u2019assurance copropri\u00e9taire<\/a> personnelle doit comprendre l\u2019assurance contre le tremblement de terre afin de couvrir vos biens meubles, les mises \u00e0 niveau \u00e0 votre unit\u00e9 et les frais de subsistance suppl\u00e9mentaires. Il est possible que votre police couvre les cotisations impos\u00e9es en raison d\u2019une carence dans l\u2019assurance du syndicat de copropri\u00e9taires.<\/p>\r\n\r\n                    <p>Si vous \u00eates copropri\u00e9taire vivant dans un immeuble de copropri\u00e9t\u00e9 qui subit des dommages caus\u00e9s par un s\u00e9isme, il pourrait avoir une <a href=\"\/fr\/centres-ressources\/lexique-assurance\/cotisation\" title=\"D\u00e9finition : cotisation\">cotisation<\/a> impos\u00e9e \u00e0 chaque unit\u00e9 pour couvrir la franchise de l\u2019immeuble. Ceci est tr\u00e8s important \u00e0 retenir\u00a0: vous pouvez souscrire une couverture pour cette \u00e9ventualit\u00e9 en vertu de votre police de copropri\u00e9taire (par exemple, la <a href=\"\/fr\/centres-ressources\/coproprietaire\/garantie-coproprietaires\" title=\"Garantie pour copropri\u00e9taires\">Garantie pour copropri\u00e9taires<\/a> de Square One). Toutefois, le sinistre doit \u00eatre couvert dans le cadre de votre police. Par cons\u00e9quent, si vous n\u2019avez pas souscrit une assurance contre le tremblement de terre pour vos biens meubles, vous ne serez pas indemnis\u00e9 en cas de cotisation impos\u00e9e par votre syndicat de copropri\u00e9taires.<\/p>\r\n\r\n                    <h3>Locataire<\/h3>\r\n\r\n                    <p>Si vous louez votre habitation, l\u2019assurance tremblement de terre dans votre police de locataire couvrira vos biens meubles ainsi que les frais de subsistance suppl\u00e9mentaires.<\/p>\r\n\r\n                <h2 id=\"Plan\">Pr\u00e9paration pour un tremblement de terre<\/h2>\r\n\r\n                    <p>Vous pouvez obtenir de plus amples renseignements sur l\u2019assurance contre les s\u00e9ismes \u00e0 la <a href=\"\/fr\/habitation\/tremblement-terre\" title=\"Assurance tremblement de terre\">page sur l\u2019assurance tremblement de terre<\/a> de Square One<\/a>. Square One a sa propre approche pour l\u2019assurance contre le tremblement de terre\u00a0: nous l\u2019offrons sur toutes les polices que nous vendons.<\/p>\r\n\r\n                    <p>En plus d\u2019assurer votre domicile contre les s\u00e9ismes, vous devez pr\u00e9parer un plan d\u2019urgence en cas de tremblement de terre. Il y a plusieurs mesures que vous pouvez prendre pour prot\u00e9ger votre habitation contre un tremblement de terre.<\/p>\r\n\r\n                    <p>D\u00e9couvrez comment pr\u00e9parer votre habitation et votre famille pour un s\u00e9isme en consultant notre page de <a href=\"\/fr\/centres-ressources\/securite-domiciliaire-personnelle\/preparation-tremblement-terre\" title=\"Pr\u00e9paration pour un tremblement de terre\">pr\u00e9paration pour un tremblement de terre<\/a>. Nous vous recommandons de consulter le site Web du gouvernement du Canada <a href=\"https:\/\/www.preparez-vous.gc.ca\/index-fr.aspx\" title=\"Pr\u00e9parez-vous\" rel=\"noopener noreferrer\" target=\"_blank\">Pr\u00e9parez-vous<\/a> pour obtenir de plus amples renseignements.<\/p>\r\n\r\n                    <p><strong>Sources<\/strong><\/p>\r\n\r\n                    <ol>\r\n                        <li id=\"cite1\">Gouvernement du Canada. \u00ab\u00a0Se pr\u00e9parer aux s\u00e9ismes.\u00a0\u00bb <i>Pr\u00e9parez-vous<\/i>, 8\u00a0octobre\u00a02024, <a href=\"https:\/\/www.preparez-vous.gc.ca\/cnt\/hzd\/rthqks-fr.aspx\" title=\"Se pr\u00e9parer aux s\u00e9ismes\" rel=\"noopener noreferrer\" target=\"_blank\">https:\/\/www.preparez-vous.gc.ca\/cnt\/hzd\/rthqks-fr.aspx<\/a><\/li>\r\n                        <li id=\"cite2\">Portail de l\u2019assurance. \u201cAssurance tremblements de terre : pourquoi les assureurs doivent agir.\u201d <i>portail-assurance.ca<\/i>, <a href=\"https:\/\/portail-assurance.ca\/article\/assurance-tremblements-de-terre-pourquoi-les-assureurs-doivent-agir\/\" title=\"Assurance tremblements de terre : pourquoi les assureurs doivent agir\" target=\"_blank\">https:\/\/portail-assurance.ca\/article\/assurance-tremblements-de-terre-pourquoi-les-assureurs-doivent-agir<\/a>.<\/li>\r\n                    <\/ol>\r\n\r\n                    <p><strong>Vous voulez en savoir plus?<\/strong> Consultez notre <a href=\"\/fr\/centres-ressources\/bases-assurance\" title=\"Centre de ressources : bases de l\u2019assurance habitation\">Centre de ressources&nbsp;: bases de l\u2019assurance habitation<\/a> pour acc\u00e9der \u00e0 des dizaines d\u2019articles pratiques pour vous guider sur les tenants et aboutissants de l\u2019assurance habitation. Ensuite, <a href=\"\/fr\/soumission-assurance-habitation-en-ligne\" title=\"Obtenir une soumission d\u2019assurance habitation en ligne\">obtenez une soumission d'assurance habitation en ligne<\/a> en moins de 5\u00a0minutes et d\u00e9couvrez \u00e0 quel point l\u2019assurance habitation personnalis\u00e9e peut \u00eatre abordable.<\/p>\r\n\r\n                    <div class=\"row py-3\">\r\n<div class=\"col-12\">\r\n<div class=\"card review\" style=\"box-shadow: 0 2px 4px rgba(0,0,0,0.07);background-color:#f4f4f4;\">\r\n<div class=\"card-body\">\r\n\t<p class=\"text-primary h4\">\u00c0 propos de l\u2019expert&nbsp;: Daniel Mirkovic<\/p>\r\n\t<p>Cofondateur de Square One comptant plus de 25&nbsp;ans dans le secteur de l\u2019assurance, Daniel \u00e9tait vice-pr\u00e9sident des services d\u2019assurance et de voyage de la British Columbia Automobile Association (BCAA). Daniel est titulaire d'un baccalaur\u00e9at \u00e8s commerce et d'une ma\u00eetrise \u00e8s administration des affaires, tous deux obtenus \u00e0 la Sauder School of Business de l'universit\u00e9 de la Colombie-Britannique. Daniel est muni de la d\u00e9signation CAAC et d\u2019un certificat en assurance de dommages niveau&nbsp;3 en Colombie-Britannique, en Alberta, en Saskatchewan, au Manitoba et en Ontario.<\/p>\r\n<\/div>\r\n<\/div>\r\n<\/div>\r\n<\/div>\r\n\r\n            <\/div>\r\n        <\/div>\r\n    <\/div>\r\n<\/section>\r\n<main>\r\n<script type=\"application\/ld+json\">\r\n{\r\n  \"@context\": \"https:\/\/schema.org\",\r\n  \"@type\": \"WebPage\",\r\n  \"mainEntityOfPage\": {\r\n    \"@type\": \"Article\",\r\n    \"@id\": \"https:\/\/publictest.squareone.ca\/resource-centres\/insurance-basics\/earthquake-insurance\"\r\n  },\r\n  \"author\": [\r\n    {\r\n      \"@type\": \"Person\",\r\n      \"name\": \"Seamus McKale\",\r\n      \"url\": \"https:\/\/publictest.squareone.ca\/about-us\/team-members#seamus-mckale\"\r\n    }\r\n  ],\r\n  \"reviewedBy\": [\r\n    {\r\n      \"@type\": \"Person\",\r\n      \"name\": \"Daniel Mirkovic\",\r\n      \"url\": \"https:\/\/publictest.squareone.ca\/about-us\/experts\/daniel-mirkovic\"\r\n    }\r\n  ],\r\n  \"headline\": \"Assurance tremblement de terre au Canada\",\r\n  \"datePublished\": \"\",\r\n  \"dateModified\": \"\",\r\n  \"inLanguage\": \"fr-CA\",\r\n  \"isAccessibleForFree\": true\r\n}\r\n<\/script>\r\n<script type=\"application\/ld+json\">\r\n{\r\n  \"@context\": \"https:\/\/schema.org\",\r\n  \"@type\": \"FAQPage\",\r\n  \"mainEntity\": [{\r\n    \"@type\": \"Question\",\r\n    \"name\": \"L\u2019assurance contre le tremblement de terre vaut-elle le co\u00fbt?\",\r\n    \"acceptedAnswer\": {\r\n      \"@type\": \"Answer\",\r\n      \"text\": \"Bien que cette assurance puisse \u00eatre dispendieuse pour les propri\u00e9taires occupants, nous la recommandons vivement pour toutes les r\u00e9sidences principales. Vous ne voulez pas prendre le risque de vous en passer. Dans une zone \u00e0 risque faible, cette couverture ne pourrait co\u00fbter que 15 $ par an. Dans des zones \u00e0 risque \u00e9lev\u00e9, comme Vancouver ou Montr\u00e9al, la couverture pour tremblement de terre co\u00fbte de 150\u00a0$ \u00e0 500\u00a0$ par an pour une police d\u2019assurance maison. Pour les locataires de maison, d\u2019appartement ou de copropri\u00e9t\u00e9, l\u2019assurance co\u00fbte de 5 $ \u00e0 50 $ par an.\"\r\n    }\r\n  },{\r\n    \"@type\": \"Question\",\r\n    \"name\": \"Qu\u2019est-ce qui est couvert par l\u2019assurance tremblement de terre?\",\r\n    \"acceptedAnswer\": {\r\n      \"@type\": \"Answer\",\r\n      \"text\": \"Cette assurance couvre les pertes ou dommages caus\u00e9s par les secousses sismiques. Elle ne couvre pas les pertes ou dommages provoqu\u00e9s par les glissements de terrain, de neige ou d\u2019autres formes de glissement de terre. Elle ne couvre pas non plus les pertes ou dommages caus\u00e9s par les tsunamis ou les raz-de-mar\u00e9e d\u00e9coulant d\u2019un s\u00e9isme. Si vous \u00eates propri\u00e9taire de votre maison, l\u2019assurance contre le tremblement de terre couvrira les pertes ou dommages \u00e0 votre b\u00e2timent et \u00e0 vos biens meubles. Si vous \u00eates copropri\u00e9taire, votre syndicat de copropri\u00e9taires est responsable d\u2019assurer votre immeuble. Votre police d\u2019assurance copropri\u00e9taire personnelle doit comprendre l\u2019assurance contre le tremblement de terre afin de couvrir vos biens meubles, les mises \u00e0 niveau \u00e0 votre unit\u00e9 et les frais de subsistance suppl\u00e9mentaires. Si vous louez votre habitation, l\u2019assurance contre le tremblement de terre dans votre police de locataire couvrira vos biens meubles et les frais de subsistance suppl\u00e9mentaires.\"\r\n    }\r\n  }]\r\n}\r\n<\/script>\r\n","protected":false},"excerpt":{"rendered":"<p>Assurance contre le tremblement de terre au Canada Article \u00e9valu\u00e9 par Daniel Mirkovic Le risque de tremblement de terre n\u2019est pas \u00e9gal partout au Canada, mais un s\u00e9isme peut avoir lieu n\u2019importe o\u00f9. Dans certaines r\u00e9gions, un s\u00e9isme pose un risque tr\u00e8s grave. Heureusement, l\u2019assurance contre le tremblement de terre est offerte dans les quatre [&hellip;]<\/p>\n","protected":false},"author":20,"featured_media":58291,"parent":50045,"menu_order":0,"comment_status":"closed","ping_status":"closed","template":"page-article-new.php","meta":{"_acf_changed":false,"footnotes":""},"class_list":["post-75210","page","type-page","status-publish","has-post-thumbnail","hentry"],"acf":[],"_links":{"self":[{"href":"https:\/\/www.squareone.ca\/fr\/wp-json\/wp\/v2\/pages\/75210","targetHints":{"allow":["GET"]}}],"collection":[{"href":"https:\/\/www.squareone.ca\/fr\/wp-json\/wp\/v2\/pages"}],"about":[{"href":"https:\/\/www.squareone.ca\/fr\/wp-json\/wp\/v2\/types\/page"}],"author":[{"embeddable":true,"href":"https:\/\/www.squareone.ca\/fr\/wp-json\/wp\/v2\/users\/20"}],"replies":[{"embeddable":true,"href":"https:\/\/www.squareone.ca\/fr\/wp-json\/wp\/v2\/comments?post=75210"}],"version-history":[{"count":9,"href":"https:\/\/www.squareone.ca\/fr\/wp-json\/wp\/v2\/pages\/75210\/revisions"}],"predecessor-version":[{"id":77071,"href":"https:\/\/www.squareone.ca\/fr\/wp-json\/wp\/v2\/pages\/75210\/revisions\/77071"}],"up":[{"embeddable":true,"href":"https:\/\/www.squareone.ca\/fr\/wp-json\/wp\/v2\/pages\/50045"}],"wp:featuredmedia":[{"embeddable":true,"href":"https:\/\/www.squareone.ca\/fr\/wp-json\/wp\/v2\/media\/58291"}],"wp:attachment":[{"href":"https:\/\/www.squareone.ca\/fr\/wp-json\/wp\/v2\/media?parent=75210"}],"curies":[{"name":"wp","href":"https:\/\/api.w.org\/{rel}","templated":true}]}}