{"id":75270,"date":"2025-05-14T15:22:10","date_gmt":"2025-05-14T22:22:10","guid":{"rendered":"https:\/\/www.squareone.ca\/centres-ressources\/securite-domiciliaire-personnelle\/tremblement-terre"},"modified":"2025-09-25T15:31:24","modified_gmt":"2025-09-25T22:31:24","slug":"tremblement-terre","status":"publish","type":"page","link":"https:\/\/www.squareone.ca\/fr\/centres-ressources\/securite-domiciliaire-personnelle\/preparation-tremblement-terre","title":{"rendered":"Pr\u00e9paration pour un tremblement de terre"},"content":{"rendered":"<section id='intro' class=\"bg-shape-split bg-sub-page-hero\">\r\n    <div class=\"bg-position\">\r\n        <div class=\"container-fluid\">\r\n            <div class=\"row align-items-center\">\r\n                <div class=\"col-12 col-lg-8\">\r\n                    <h1>Pr\u00e9paration pour un tremblement de terre<\/h1>\r\n                    <strong>Article r\u00e9dig\u00e9 par l'\u00e9quipe de Square One<\/strong>\r\n                    <p><strong>Article \u00e9valu\u00e9 par <a title=\"Experte : Jackie Kloosterboer\" href=\"\/fr\/a-propos-de-nous\/experts#disaster\">Jackie Kloosterboer<\/a><\/strong><\/p>\r\n                    <p class=\"pb-4\" style=\"margin-top:-24px\">Mis \u00e0 jour le 25 juin 2024<\/p>\r\n                <\/div>\r\n            <\/div>\r\n\r\n            <div class=\"row\">\r\n                <div class=\"col-lg-8\">\r\n                    <p class=\"display-4\">Il est facile de penser \u00e0 toutes les choses que nous devrions faire pour nous pr\u00e9parer pour un tremblement de terre, mais l\u2019ex\u00e9cution c\u2019est autre chose. Dans cet article, nous examinerons quelques mesures simples que vous pouvez prendre pour mieux vous pr\u00e9parer pour un s\u00e9isme (ou toute autre catastrophe naturelle).<\/p>\r\n                    <p class=\"pt-2\"><img loading=\"lazy\" decoding=\"async\" src=\"https:\/\/cdn.squareone.ca\/wp-content\/uploads\/2011\/07\/30071345\/article-earthquakes-e1560463913145.jpg\" title=\"Pr\u00e9paration pour un tremblement de terre\" alt=\"Une rue endommag\u00e9e par un tremblement de terre\" width=\"248\" height=\"186\" class=\"img-fluid\" rel=\"noopener noreferrer\" \/><\/p>\r\n                <\/div>\r\n\r\n                <div class=\"col-lg-3 offset-lg-1\">          \r\n                    <p class=\"mb-2 display-4 pt-4 pt-lg-0 pt-mb-0\"><strong>Th\u00e8mes<\/strong><\/p>\r\n                        <ul class=\"list-unstyled link-list display-4\">\r\n                            <li><a href='#Home-kit'>Trousse de tremblement de terre pour la maison<\/a><\/li>\r\n                            <li><a href='#Mobile-kit'>Trousse de tremblement de terre mobile<\/a><\/li>\r\n                            <li><a href='#Emergency-plan'>Plan d\u2019urgence<\/a><\/li>\r\n<li><a href=\"#Tips\">Protection de votre logement<\/a><\/li>\r\n                            <li><a href='#Earthquake-insurance'>Assurance contre le tremblement de terre<\/a><\/li>\r\n                            <li><a href='#Square-One'>La diff\u00e9rence Square One<\/a><\/li>\r\n                        <\/ul>\r\n                <\/div>\r\n            <\/div>  \r\n        <\/div>\r\n    <\/div>\r\n    <div class=\"bg-bottom\"><\/div>\r\n<\/section>\r\n\r\n<section>\r\n    <div class=\"container-fluid py-6\">\r\n        <div class=\"row\">\r\n            <div class=\"col-12 col-lg-8\">\r\n\r\n            <h2 id=\"Home-kit\">Pr\u00e9parez une trousse de tremblement de terre pour la maison<\/h2>\r\n\r\n            <p>Pr\u00e9parez une trousse de tremblement de terre. Si la liste ci-dessous est trop intimidante, pr\u00e9parez l\u2019un des \u00e9l\u00e9ments sur la liste par semaine jusqu\u2019\u00e0 ce que vous ayez tout organis\u00e9 (indice : commencez par l\u2019eau et la nourriture)\u00a0:<\/p>\r\n\r\n            <ul>\r\n                <li><p><strong>Eau.<\/strong> Il faut avoir un approvisionnement d\u2019eau qui durera un minimum de trois jours. Cela \u00e9quivaut \u00e0 12\u00a0litres par personne.<\/p><\/li>\r\n                <li><p><strong>Alimentation.<\/strong> Il faut avoir suffisamment de nourriture pour trois jours. Choisissez des aliments non p\u00e9rissables, nutritifs et faciles \u00e0 transporter, et que vous aimeriez manger. Les barres de prot\u00e9ine et \u00e9nerg\u00e9tiques ou les aliments de remplacement de repas constituent des solutions pratiques. N\u2019oubliez pas que vous n\u2019aurez pas forc\u00e9ment un acc\u00e8s \u00e0 des fournitures de cuisson ou une cuisini\u00e8re; dans cette optique, il est envisageable de choisir des aliments pr\u00eats \u00e0 manger ou \u00e0 boire. Si vous avez un barbecue \u00e0 gaz, vous pouvez vous en servir pour faire la cuisine.<\/p><\/li>\r\n                <li><p><strong>M\u00e9dicaments.<\/strong> Encore une fois, vous devez en pr\u00e9voir pour trois jours. N\u2019oubliez pas de dresser une liste de vos m\u00e9dicaments sur ordonnance. Si vous avez un animal de compagnie, assurez-vous d\u2019inclure son alimentation et tout m\u00e9dicament requis. Avant d\u2019entreposer les m\u00e9dicaments, consultez votre m\u00e9decin.<\/p><\/li>\r\n                <li><p><strong>Documents importants.<\/strong> Faites des copies de votre permis de conduire, de votre passeport, de votre certificat de naissance et de vos <a href=\"\/fr\/centres-ressources\/lexique-assurance\/conditions-particulieres\" title=\"D\u00e9finition : conditions particuli\u00e8res\">documents d\u2019assurance<\/a>. Rangez-les en lieu s\u00fbr \u00e0 l\u2019ext\u00e9rieur de votre domicile. Il est aussi une bonne id\u00e9e de conserver des cl\u00e9s de rechange pour votre v\u00e9hicule et votre habitation, ainsi que de l\u2019argent en esp\u00e8ces en petites coupures.<\/p><\/li>\r\n                <li><p><strong>Fournitures de soins de premiers secours et d\u2019hygi\u00e8ne.<\/strong> Incluez des articles comme l\u2019eau de Javel, le savon, le d\u00e9sinfectant pour les mains, le papier hygi\u00e9nique, les serviettes et les masques.<\/p><\/li>\r\n                <li><p><strong>Outils et fournitures.<\/strong> Incluez des articles comme un couteau tout usage, un ouvre-bo\u00eete manuel, une torche \u00e9lectrique, des piles, une radio \u00e0 piles ou \u00e0 manivelle et du ruban adh\u00e9sif.<\/p><\/li>\r\n                <li><p><strong>V\u00eatements et literie.<\/strong> Assurez-vous d\u2019avoir suffisamment de v\u00eatements et de couvertures pour chaque membre de votre famille.<\/p><\/li>\r\n                <li><p><strong>Chargeurs portables pour votre t\u00e9l\u00e9phone.<\/strong> Ces appareils sont facilement accessibles. Chargez-les \u00e0 l\u2019avance pour avoir une source d\u2019alimentation en cas d\u2019urgence. De cette mani\u00e8re, vous pourrez communiquer avec votre famille ou le personnel d\u2019urgence au besoin.<\/p><\/li>\r\n            <\/ul>\r\n\r\n            <h2 id=\"Mobile-kit\">Pr\u00e9parez une trousse de tremblement de terre pour la maison<\/h2>\r\n\r\n            <p>Jetez \u00e9galement un \u0153il aux fournitures que vous avez dans votre v\u00e9hicule. Si un tremblement de terre ou une autre catastrophe naturelle survient, il est possible que vous deviez quitter votre domicile pendant un jour ou deux. Il existe beaucoup de solutions int\u00e9ressantes pour les trousses de premiers soins pr\u00e9emball\u00e9es. Consultez la <a href=\"https:\/\/products.redcross.ca\/fr\" title=\"Shop Red Cross\" target=\"_blank\" rel=\"noopener noreferrer\">Croix-Rouge canadienne<\/a> pour voir des exemples. Conservez une trousse \u00e0 la maison, dans l\u2019auto et au bureau. <\/p>\r\n\r\n            <h2 id=\"Emergency-plan\">Dressez votre plan d\u2019urgence avec votre famille<\/h2>\r\n\r\n            <h3>Lieux de rassemblement<\/h3>\r\n\r\n            <p>Une fois que vous aurez pr\u00e9par\u00e9 votre trousse d\u2019urgence, dressez votre plan d\u2019urgence en compagnie de votre famille. Choisissez un lieu de rassemblement pour votre famille au cas o\u00f9 vous devez \u00e9vacuer votre logement. Choisissez un endroit pr\u00e8s de votre domicile et un lieu \u00e0 l\u2019ext\u00e9rieur de votre quartier au cas o\u00f9 vous ne pouvez pas rentrer chez vous tout de suite. D\u00e9signez quelqu\u2019un qui cherchera vos enfants \u00e0 l\u2019\u00e9cole ou \u00e0 la garderie si vous n\u2019en \u00eates pas en mesure.<\/p>\r\n\r\n            <p>Si vous travaillez pr\u00e8s de chez vous, d\u00e9signez un lieu de rassemblement familial \u00e0 proximit\u00e9 de votre bureau. De cette fa\u00e7on, si vous ne pouvez pas rentrer \u00e0 la maison, vous pourrez toujours retrouver votre famille. Pendant une urgence, il est possible que les t\u00e9l\u00e9phones ne fonctionnent pas. Un lieu de rassemblement pr\u00e9\u00e9tabli \u00e9vitera beaucoup de frustration et d\u2019incertitude.<\/p>\r\n\r\n            <h3>Personnes-ressources en cas d\u2019urgence<\/h3>\r\n\r\n            <p>Pr\u00e9parez une liste de personnes-ressources, y compris des personnes-ressources chez la police et les pompiers. Ajoutez un ami ou un membre de votre famille \u00e0 l\u2019ext\u00e9rieur de votre province que chaque membre de la famille peut contacter. N\u2019oubliez pas que, pendant une catastrophe majeure, les t\u00e9l\u00e9phones cellulaires ne devraient \u00eatre utilis\u00e9s qu\u2019en situation d\u2019urgence.<\/p>\r\n\r\n            <p>Gardez cette liste de num\u00e9ros dans votre portefeuille, votre sac \u00e0 main ou \u00e0 port\u00e9e de main. Ceci est important si vous oubliez ou ne pouvez pas acc\u00e9der aux personnes-ressources sauvegard\u00e9es dans votre t\u00e9l\u00e9phone.<\/p>\r\n\r\n            <h3>Routes d\u2019\u00e9vacuation<\/h3>\r\n\r\n            <p>Pr\u00e9voyez deux ou trois routes d\u2019\u00e9vacuation au cas o\u00f9 certaines routes sont ferm\u00e9es.<\/p>\r\n\r\n            <p>Vous devriez \u00e9galement planifier des routes d\u2019\u00e9vacuation depuis votre domicile \u00e0 votre lieu de rassemblement. Planifiez des routes depuis chaque chambre de la maison et pratiquez-les. \u00c0 force de pratique, on y arrive\u00a0: il est important que les membres de votre famille prennent la bonne d\u00e9cision pendant une situation stressante.<\/p>\r\n\r\n<h2 id=\"Tips\">Conseils de protection de votre domicile<\/h2>\r\n\r\n\t\t\t<p>Si vous <a href=\"https:\/\/www.seismescanada.rncan.gc.ca\/hazard-alea\/simphaz-fr.php\" title=\"Carte simplifi\u00e9e de l'al\u00e9a sismique du Canada\" target=\"_blank\" rel=\"noopener noreferrer\">vivez dans une zone sismique<\/a>, il y a des mesures que vous pouvez prendre pour minimiser les d\u00e9g\u00e2ts. Voici un r\u00e9capitulatif des mesures \u00e0 prendre \u00e0 long terme\u00a0:<\/p>\r\n\r\n\t\t\t<h3>Renforcez la fondation, les murs et le toit<\/h3>\r\n\r\n\t\t\t<p>Un peu de renforcement aidera la maison \u00e0 r\u00e9sister au glissement lat\u00e9ral et vertical de la terre. Vous avez int\u00e9r\u00eat \u00e0 consulter un professionnel qui vous prodiguera des conseils et vous aidera \u00e0 apporter des am\u00e9liorations. Vous trouverez ci-dessous certaines des recommandations de <a href=\"https:\/\/www.earthquakescanada.nrcan.gc.ca\/index-fr.php\" title=\"S\u00e9ismes Canada\" rel=\"noopener noreferrer\" target=\"_blank\">S\u00e9ismes Canada<\/a>\u00a0:<\/p>\r\n\r\n\t\t\t<ul>\r\n\t\t\t\t<li><p>Installez une pellicule r\u00e9sistante aux bris ou du verre tremp\u00e9 ou arm\u00e9.<\/p><\/li>\r\n\t\t\t\t<li><p>Installez des \u00e9l\u00e9ments d\u2019immobilisation afin de minimiser la d\u00e9formation et la fissuration si votre maison est construite de style non sym\u00e9trique.<\/p><\/li>\r\n\t\t\t\t<li><p>Assurez-vous que les poteaux de soutien sont bien renforc\u00e9s et ancr\u00e9s dans le sol.<\/p><\/li>\r\n\t\t\t\t<li><p>Si votre domicile est chauff\u00e9 par le gaz naturel, utilisez des raccords de tuyauterie flexibles pour les \u00e9lectrom\u00e9nagers \u00e0 gaz pour emp\u00eacher les ruptures. Des robinets de gaz activ\u00e9s par s\u00e9isme peuvent \u00eatre install\u00e9s pour couper le gaz pendant des tremblements de terre s\u00e9v\u00e8res.<\/p><\/li>\r\n\t\t\t\t<li><p>R\u00e9parez des fissures dans les blocs ext\u00e9rieurs ou les briques afin d\u2019emp\u00eacher la chute de ceux-ci pendant un s\u00e9isme.<\/p><\/li>\r\n\t\t\t\t<li><p>Emp\u00eachez la chute des blocs \u00e0 travers le plafond en renfor\u00e7ant le plafond en dessous de la chemin\u00e9e. Vous pouvez \u00e9galement installer un support en acier renforc\u00e9 sur la chemin\u00e9e.<\/p><\/li>\r\n\t\t\t\t<li><p>S\u00e9curisez les <a href=\"\/fr\/centres-ressources\/ameliorations-domiciliaires\/types-de-toiture\" title=\"Initiation aux types de toiture\">tuiles de toiture<\/a>, surtout les tuiles de terre battue qui sont vuln\u00e9rables aux s\u00e9ismes.<\/p><\/li>\r\n\t\t\t<\/ul>\r\n\r\n\t\t\t<h3>S\u00e9curisez les biens meubles de votre habitation<\/h3>\r\n\r\n\t\t\t<p>Pendant un s\u00e9isme s\u00e9v\u00e8re, les objets non s\u00e9curis\u00e9s sont \u00e0 l\u2019origine de nombreuses blessures \u00e9vitables. Les objets bien s\u00e9curis\u00e9s posent moins de risque pendant un tremblement de terre.<\/p>\r\n\r\n\t\t\t<ul>\r\n\t\t\t\t<li><p>Les crochets ou cintres de s\u00e9curit\u00e9 pour les cadres ou les miroirs emp\u00eachent les dommages, le verre bris\u00e9 et les l\u00e9sions.<\/p><\/li>\r\n\t\t\t\t<li><p>Mettez des tapis capitonn\u00e9s antid\u00e9rapants en dessous les objets d\u00e9licats, comme les t\u00e9l\u00e9viseurs.<\/p><\/li>\r\n\t\t\t\t<li><p>Des loquets s\u00e9curit\u00e9-enfants pour les portes d\u2019armoire et les traverses pour les vitrines emp\u00eachent l\u2019ouverture involontaire des portes.<\/p><\/li>\r\n\t\t\t\t<li><p>Vous devriez ranger les articles inflammables et les produits chimiques en position verticale \u00e0 l\u2019\u00e9cart de la chaleur.<\/p><\/li>\r\n\t\t\t\t<li><p>Des articles pr\u00e9cieux et les documents importants devraient \u00eatre rang\u00e9s dans un endroit r\u00e9sistant au feu.<\/p><\/li>\r\n\t\t\t\t<li><p>Fixez les biblioth\u00e8ques et les \u00e9tag\u00e8res aux murs de mani\u00e8re s\u00e9curitaire.<\/p><\/li>\r\n\t\t\t<\/ul>\r\n<h3>Examinez les lieux entourant votre domicile<\/h3>\r\n\r\n\t\t\t<p>Un tremblement de terre fait \u00e9norm\u00e9ment de d\u00e9g\u00e2ts \u00e0 l\u2019ext\u00e9rieur, aussi.<\/p>\r\n\r\n\t\t\t<ul>\r\n\t\t\t\t<li><p>Rep\u00e9rez des arbres en mauvais \u00e9tat ou qui se penchent.<\/p><\/li>\r\n\t\t\t\t<li><p>Pr\u00eatez attention \u00e0 des lignes d\u2019\u00e9lectricit\u00e9 \u00e0 proximit\u00e9 de votre maison. Elles peuvent constituer un danger si elles tombent sur la maison.<\/p><\/li>\r\n\t\t\t\t<li><p>Renforcez les ajouts \u00e0 la maison, comme les auvents ou les porches, de sorte qu\u2019ils ne se s\u00e9parent pas de la maison.<\/p><\/li>\r\n\t\t\t\t<li><p>V\u00e9rifiez s\u2019il y a d\u2019autres dangers, comme les r\u00e9servoirs ou les tours d\u2019eau, ainsi que les b\u00e2timents en mauvais \u00e9tat.  Si vous vivez dans une zone de faille majeure, vous devriez prendre en consid\u00e9ration la possibilit\u00e9 de d\u00e9m\u00e9nager si le risque est assez \u00e9lev\u00e9.<\/p><\/li>\r\n\t\t\t<\/ul>\r\n\r\n\t\t\t<h3>Examinez l\u2019\u00e9tat du sol dans votre localit\u00e9<\/h3> \r\n\r\n\t\t\t<p>Communiquez avec un ing\u00e9nieur des sols ou un expert en construction local pour d\u00e9terminer le type de sol sur votre terrain.<\/p>\r\n\r\n\t\t\t<ul>\r\n\t\t\t\t<li><p>Si le sol est pauvre, il est possible que vous deviez renforcer la fondation de votre maison. Le sol pauvre est compos\u00e9 de sable ou de gravier meuble profond, de terre battue limoneuse ou de sol granulaire mou ou satur\u00e9. Le sol satur\u00e9 peut se transformer en liquide pendant un s\u00e9isme. Le sol se transforme en sables mouvants qui ne peuvent pas <a href=\"\/fr\/centres-ressources\/ameliorations-domiciliaires\/types-fondation-maison\" title=\"Types de fondation de maison\">soutenir une fondation<\/a>.<\/p><\/li>\r\n\t\t\t\t<li><p>Le sol solide, en revanche, comprend des \u00e9l\u00e9ments comme la fondation rocheuse. Les formations de roche profondes et intactes, ainsi que les sols rigides, sont plus r\u00e9sistantes aux s\u00e9ismes. Ce type de sol minimise le transfert des vibrations sismiques \u00e0 la fondation de la maison.<\/p><\/li>\r\n\t\t\t<\/ul>\r\n\r\n\r\n            <h2 id=\"Earthquake-insurance\">Assurance contre le tremblement de terre<\/h2>\r\n\r\n            <h3>Couverture<\/h3>\r\n\r\n            <p>Vous avez int\u00e9r\u00eat \u00e0 v\u00e9rifier que votre assurance habitation comprend une <a href=\"\/fr\/habitation\/tremblement-terre\" title=\"Assurance tremblement de terre\">couverture pour le tremblement de terre<\/a>.<\/p> \r\n\r\n            <p>Chez Square One, la couverture pour le tremblement de terre est automatiquement incluse \u00e0 titre de risque assur\u00e9 en vertu du <a href=\"\/fr\/centres-ressources\/proprietaire-occupant\/couverture-cout-reparation-reconstruction-garanti\" title=\"Co\u00fbt de r\u00e9paration ou de reconstruction garanti : le guide int\u00e9gral\">co\u00fbt de r\u00e9paration ou de reconstruction garanti<\/a> pour votre domicile. Certains fournisseurs d\u2019assurance habitation exigent que vous souscriviez une couverture pour le tremblement de terre. Le co\u00fbt de cette couverture est en fonction du niveau de risque de tremblement de terre dans la r\u00e9gion dans laquelle se situe votre habitation. Par exemple, les habitations en Colombie-Britannique pr\u00e9sentent un risque plus \u00e9lev\u00e9 que celles en Ontario.<\/p>\r\n\r\n            <h3>Franchises<\/h3>\r\n\r\n            <p>Dans la plupart des cas, vous verrez une franchise s\u00e9par\u00e9e consid\u00e9rablement plus \u00e9lev\u00e9e pour tremblement de terre, comparativement \u00e0 votre franchise de police normale.<\/p> \r\n\r\n            <p>D\u2019habitude, votre <a href=\"\/fr\/centres-ressources\/bases-assurance\/choisir-la-franchise-appropriee\" title=\"Qu\u2019est-ce qu\u2019une franchise et quelles sont les solutions propos\u00e9es?\">franchise pour tremblement de terre<\/a> est le r\u00e9sultat d\u2019un pourcentage. Par exemple, si le co\u00fbt de reconstruction de votre maison s\u2019\u00e9l\u00e8ve \u00e0 500\u00a0000\u00a0$ et vous avez une couverture de 250\u00a0000\u00a0$ pour vos biens meubles, une franchise de 5\u00a0% appliqu\u00e9e \u00e0 la valeur de votre propri\u00e9t\u00e9 serait de 37\u00a0500\u00a0$. En effet, en cas de tremblement de terre majeur, les d\u00e9g\u00e2ts seraient consid\u00e9rables et augmenteraient le co\u00fbt des mat\u00e9riaux et de la main-d&rsquo;\u0153uvre n\u00e9cessaires \u00e0 la reconstruction de votre maison.<\/p>\r\n\r\n            <p>Il existe plusieurs solutions de franchise pour tremblement de terre. En s\u00e9lectionnant une franchise plus \u00e9lev\u00e9e, il est possible que vous <a href=\"\/fr\/centres-ressources\/bases-assurance\/moyens-economiser\" title=\"9 fa\u00e7ons d\u2019\u00e9conomiser de l\u2019argent sur votre assurance habitation\">fassiez des \u00e9conomies sur votre prime d\u2019assurance<\/a>, car vous acceptez de payer un plus grand pourcentage du r\u00e8glement.<\/p>\r\n            \r\n            <h3>D\u00e9finition de sinistre<\/h3>\r\n            \r\n            <p>Vous devriez \u00e9galement confirmer comment votre fournisseur d\u2019assurance d\u00e9finit la notion de <a href=\"\/fr\/centres-ressources\/lexique-assurance\/sinistre\" title=\"D\u00e9finition : sinistre\">sinistre unique<\/a> en ce qui concerne les tremblements de terre, car il y a toujours la possibilit\u00e9 de r\u00e9pliques sismiques.<\/p>\r\n\r\n            <h2 id=\"Square-One\">La diff\u00e9rence Square One<\/h2>\r\n\r\n            <p>Chez Square One, pour ce qui est des tremblements de terre, un sinistre unique se d\u00e9finit par tous les mouvements de terre ayant lieu dans une p\u00e9riode de 168\u00a0heures cons\u00e9cutives suivant la secousse initiale. Il est \u00e9galement important de noter que les d\u00e9g\u00e2ts caus\u00e9s par les tsunamis sont <a href=\"\/fr\/centres-ressources\/bases-assurance\/exclusions-police-assurance-habitation\" title=\"Initiation aux exclusions d\u2019une police d\u2019assurance habitation?\">g\u00e9n\u00e9ralement exclus<\/a> de votre assurance habitation, m\u00eame si le tsunami a \u00e9t\u00e9 provoqu\u00e9 par un tremblement de terre.<\/p>\r\n\r\n            <p><strong>Vous voulez en savoir plus?<\/strong> Consultez notre <a href=\"\/fr\/centres-ressources\/securite-domiciliaire-personnelle\" title=\"Centre de ressources : s\u00e9curit\u00e9 domiciliaire et personnelle\">Centre de ressources&nbsp;: s\u00e9curit\u00e9 domiciliaire et personnelle<\/a> pour d\u00e9couvriri comment prot\u00e9ger votre famille et votre domicile. Ensuite, <a href=\"\/fr\/soumission-assurance-habitation-en-ligne\" title=\"Obtenir une soumission d\u2019assurance habitation en ligne\">obtenez une soumission d'assurance habitation en ligne<\/a> en moins de 5\u00a0minutes et d\u00e9couvrez \u00e0 quel point l\u2019assurance habitation personnalis\u00e9e peut \u00eatre abordable.<\/p>\r\n\r\n            <div class=\"row py-3\">\r\n<div class=\"col-12\">\r\n<div class=\"card review\" style=\"box-shadow: 0 2px 4px rgba(0,0,0,0.07);background-color:#f4f4f4;\">\r\n<div class=\"card-body\">\r\n    <p class=\"text-primary h4\">\u00c0 propos de l\u2019experte&nbsp;: Jackie Kloosterboer<\/p>\r\n    <p>Jackie Kloosterboer exploite une entreprise de communication orale qui s\u2019appelle Survive It. En sa qualit\u00e9 d\u2019experte en pr\u00e9paration aux catastrophes, Jackie organise environ 100&nbsp;ateliers sur la pr\u00e9paration aux catastrophes par an destin\u00e9s aux particuliers et aux groupes. Jackie est d\u00e9cor\u00e9e de la M\u00e9daille du jubil\u00e9 de diamant de la reine Elizabeth II et a re\u00e7u le prix d\u2019excellence de la Northwest Preparedness Society en reconnaissance de son d\u00e9vouement \u00e0 la prestation des services de soutien d\u2019urgence et de l\u2019\u00e9ducation en pr\u00e9paration aux catastrophes.<\/p>\r\n<\/div>\r\n<\/div>\r\n<\/div>\r\n<\/div>\r\n\r\n<\/div>\r\n    <\/div>\r\n<\/div>\r\n<\/section>\r\n<script type=\"application\/ld+json\">\r\n{\r\n  \"@context\": \"https:\/\/schema.org\",\r\n  \"@type\": \"WebPage\",\r\n  \"mainEntityOfPage\": {\r\n    \"@type\": \"Article\",\r\n    \"@id\": \"https:\/\/www.squareone.ca\/centres-ressources\/securite-domiciliaire-personnelle\/preparation-tremblement-terre\"\r\n  },\r\n  \"author\": [\r\n    {\r\n      \"@type\": \"Person\",\r\n      \"name\": \"Square One team\"\r\n    }\r\n  ],\r\n  \"reviewedBy\": [\r\n    {\r\n      \"@type\": \"Person\",\r\n      \"name\": \"Jackie Kloosterboer\",\r\n      \"url\": \"https:\/\/www.squareone.ca\/fr\/a-propos-de-nous\/experts#disaster\"\r\n    }\r\n  ],\r\n  \"headline\": \"Pr\u00e9paration pour un tremblement de terre\",\r\n  \"datePublished\": \"2024-06-25\",\r\n  \"dateModified\": \"2024-06-25\",\r\n  \"inLanguage\": \"fr-CA\",\r\n  \"isAccessibleForFree\": true\r\n}\r\n<\/script>\r\n","protected":false},"excerpt":{"rendered":"<p>Pr\u00e9paration pour un tremblement de terre Article \u00e9valu\u00e9 par Jackie Kloosterboer Il est facile de penser \u00e0 toutes les choses que nous devrions faire pour nous pr\u00e9parer pour un tremblement de terre, mais l\u2019ex\u00e9cution c\u2019est autre chose. Dans cet article, nous examinerons quelques mesures simples que vous pouvez prendre pour mieux vous pr\u00e9parer pour un [&hellip;]<\/p>\n","protected":false},"author":2,"featured_media":75272,"parent":51337,"menu_order":0,"comment_status":"open","ping_status":"closed","template":"page-article-new.php","meta":{"_acf_changed":false,"footnotes":""},"class_list":["post-75270","page","type-page","status-publish","has-post-thumbnail","hentry"],"acf":[],"_links":{"self":[{"href":"https:\/\/www.squareone.ca\/fr\/wp-json\/wp\/v2\/pages\/75270","targetHints":{"allow":["GET"]}}],"collection":[{"href":"https:\/\/www.squareone.ca\/fr\/wp-json\/wp\/v2\/pages"}],"about":[{"href":"https:\/\/www.squareone.ca\/fr\/wp-json\/wp\/v2\/types\/page"}],"author":[{"embeddable":true,"href":"https:\/\/www.squareone.ca\/fr\/wp-json\/wp\/v2\/users\/2"}],"replies":[{"embeddable":true,"href":"https:\/\/www.squareone.ca\/fr\/wp-json\/wp\/v2\/comments?post=75270"}],"version-history":[{"count":4,"href":"https:\/\/www.squareone.ca\/fr\/wp-json\/wp\/v2\/pages\/75270\/revisions"}],"predecessor-version":[{"id":77012,"href":"https:\/\/www.squareone.ca\/fr\/wp-json\/wp\/v2\/pages\/75270\/revisions\/77012"}],"up":[{"embeddable":true,"href":"https:\/\/www.squareone.ca\/fr\/wp-json\/wp\/v2\/pages\/51337"}],"wp:featuredmedia":[{"embeddable":true,"href":"https:\/\/www.squareone.ca\/fr\/wp-json\/wp\/v2\/media\/75272"}],"wp:attachment":[{"href":"https:\/\/www.squareone.ca\/fr\/wp-json\/wp\/v2\/media?parent=75270"}],"curies":[{"name":"wp","href":"https:\/\/api.w.org\/{rel}","templated":true}]}}