{"id":75794,"date":"2025-07-03T14:14:47","date_gmt":"2025-07-03T21:14:47","guid":{"rendered":"https:\/\/www.squareone.ca\/centres-ressources\/proprietaire-vehicule\/stationnement-colline"},"modified":"2026-04-22T12:40:25","modified_gmt":"2026-04-22T19:40:25","slug":"stationnement-colline","status":"publish","type":"page","link":"https:\/\/www.squareone.ca\/fr\/centres-ressources\/proprietaire-vehicule\/stationnement-colline","title":{"rendered":"Comment stationner (correctement) dans une colline"},"content":{"rendered":"<section id='intro' class=\"bg-shape-split bg-sub-page-hero\">\r\n    <div class=\"bg-position\">\r\n        <div class=\"container-fluid\">\r\n            <div class=\"row align-items-center\">\r\n                <div class=\"col-12 col-lg-8\">\r\n                    <h1>Comment stationner (correctement) dans une colline<\/h1>\r\n                    <strong>Article r\u00e9dig\u00e9 par <a href=\"\/fr\/a-propos-de-nous\/contributeurs#seamus-mckale\" title=\"Auteur : Seamus McKale\">Seamus McKale<\/a><\/strong>\r\n                    <p><strong>Article \u00e9valu\u00e9 par <a href=\"\/fr\/a-propos-de-nous\/experts#automotive\" title=\"Experte : Jil McIntosh\">Jil McIntosh<\/a><\/strong><\/p> \r\n                    <p class=\"pb-4\" style=\"margin-top:-24px\">Mis \u00e0 jour le 18 septembre 2025<\/p>\r\n                <\/div>\r\n            <\/div>\r\n\r\n            <div class=\"row\">\r\n                <div class=\"col-lg-8\">\r\n\r\n                    <p class=\"display-4\">Tout le monde sait stationner son auto, mais stationner dans une colline est une autre histoire. \u00c0 la diff\u00e9rence du stationnement sur terrain plat, le stationnement dans une pente exige quelques mesures s\u00e9curitaires suppl\u00e9mentaires.<\/p>\r\n\r\n                    <p class=\"display-4\">Tout d\u2019abord, vous devez orienter les roues dans un certain sens\u00a0: \u00e0 droite si vous stationnez en descente ou, si vous stationnez en mont\u00e9e, \u00e0 gauche si vous stationnez contre la bordure de chauss\u00e9e et \u00e0 droite s\u2019il n\u2019y a pas de bordure.<\/p>\r\n\r\n                    <p class=\"display-4\">Que vous stationniez en mont\u00e9e ou en descente, que la rue soit bord\u00e9e ou non, que vous conduisiez une auto automatique ou manuelle, suivez les conseils dans ce guide pour stationner votre auto en toute s\u00e9curit\u00e9.<\/p>\r\n\r\n                    <p class=\"pt-2\"><img loading=\"lazy\" decoding=\"async\" src=\"https:\/\/cdn.squareone.ca\/wp-content\/uploads\/2024\/12\/12081945\/how-to-park-on-a-hill.jpg\" title=\"Comment stationner dans une colline\" width=\"248\" height=\"165\" class=\"img-fluid\" rel=\"noopener noreferrer\"><\/p>\r\n                <\/div>\r\n\r\n                <div class=\"col-lg-3 offset-lg-1\">\r\n\r\n                    <p class=\"mb-2 display-4 pt-4 pt-lg-0 pt-mb-0\"><strong>Th\u00e8mes<\/strong><\/p>\r\n\r\n                    <ul class=\"list-unstyled link-list display-4\">\r\n                        <li><a href='#parking-on-hills'>Stationnement dans une colline<\/a><\/li>\r\n                            <ul class=\"link-list display-6\">\r\n                                <li type=\"disc\" style=\"font-size:18px\"><a href=\"#turning-the-wheels\">Orientation des roues<\/a><\/li>\r\n                                <li type=\"disc\" style=\"font-size:18px\"><a href=\"#parking-automatic\">Stationnement d\u2019un v\u00e9hicule \u00e0 transmission automatique<\/a><\/li>\r\n                                <li type=\"disc\" style=\"font-size:18px\"><a href=\"#parking-manual\">Stationnement d\u2019un v\u00e9hicule \u00e0 transmission manuelle<\/a><\/li>\r\n                            <\/ul>\r\n                        <li><a href=\"#hill-parking-laws\">Lois sur le stationnement dans une colline<\/a><\/li>\r\n                            <ul class=\"link-list display-6\">\r\n                                <li type=\"disc\" style=\"font-size:18px\"><a href=\"\/resource-centres\/vehicle-owner\/parking-on-hills#:~:text=For%20example,side%20of%20the%20highway\">Exemple de r\u00e8glement provincial<\/a><\/li>\r\n                            <\/ul>                        \r\n                        <li><a href=\"#common-questions\">Questions fr\u00e9quemment pos\u00e9es<\/a><\/li>\r\n                    <\/ul>\r\n\r\n                <\/div>\r\n            <\/div>  \r\n        <\/div>\r\n    <\/div>\r\n    <div class=\"bg-bottom\"><\/div>\r\n<\/section>\r\n\r\n<section>\r\n<div class=\"container-fluid py-6\">\r\n    <div class=\"row\">\r\n        <div class=\"col-12 col-lg-8\">\r\n\r\n                <div class=\"row pb-6\">\r\n                    <div class=\"col-12\">\r\n                        <div class=\"card review\" style='background-color:#FFE0C9'>\r\n                            <div class=\"card-body\">\r\n                                <p class=\"h3\">L\u2019essentiel<\/p>\r\n                                <ul class='mb-0'>\r\n                                    <li>Lorsque vous stationnez dans une colline en descente, orientez les roues vers la droite. Si vous stationnez en mont\u00e9e et la rue est bord\u00e9e, orientez les roues vers la gauche. Si vous stationnez en mont\u00e9e et la rue n\u2019est pas bord\u00e9e, orientez les roues vers la droite.<\/li>\r\n                                    <li>Il faut toujours appliquer le frein \u00e0 main lorsque vous stationnez dans une colline.<\/li>\r\n                                    <li>Dans certaines provinces, vous pouvez recevoir une contravention si vous stationnez votre v\u00e9hicule incorrectement dans une colline.<\/li>\r\n                                <\/ul>\r\n                            <\/div>\r\n                        <\/div>\r\n                    <\/div>\r\n                <\/div>\r\n\r\n                <h2 id=\"parking-on-hills\">Comment stationner dans une colline (en mont\u00e9e ou en descente)<\/h2>\r\n\r\n                    <p>La premi\u00e8re \u00e9tape est la m\u00eame\u00a0: stationnez l\u2019auto normalement. Faites attention \u00e0 l\u2019acc\u00e9l\u00e9rateur et aux freins, surtout si vous faites le cr\u00e9neau \u00e0 proximit\u00e9 d\u2019autres v\u00e9hicules. N\u2019oubliez pas que la force de la gravit\u00e9 influence votre v\u00e9hicule aussi.<\/p>\r\n\r\n                    <p>Les pneus ne devraient \u00eatre stationn\u00e9s \u00e0 <strong>au plus 30\u00a0centim\u00e8tres de la bordure de la chauss\u00e9e<\/strong> (s\u2019il y en a)<sup><a href=\"#cite1\">1<\/a><\/sup>. Une fois que vous aurez immobilis\u00e9 l\u2019auto, orientez les roues avant de couper le contact. Si la rue est bord\u00e9e, vous pouvez laisser l\u2019auto rouler jusqu\u2019\u00e0 ce que les pneus touchent doucement la bordure.<\/p>\r\n\r\n                    <p>Voici la partie essentielle\u00a0:<\/p>\r\n\r\n                    <h3 id=\"turning-the-wheels\">Dans quel sens orienter les roues?<\/h3>\r\n\r\n                    <p>Lorsque vous stationnez dans une colline, l\u2019orientation des roues d\u00e9pend de deux choses\u00a0: si vous \u00eates en mont\u00e9e ou en descente et si la rue est bord\u00e9e ou non.<\/p>\r\n\r\n                    <img decoding=\"async\" src=\"https:\/\/cdn.squareone.ca\/wp-content\/uploads\/2024\/12\/12081947\/parking-on-hills-infographic.png\" title=\"Orientation des roues d\u2019auto stationn\u00e9e dans une colline\" alt=\"Image d\u00e9montrant la fa\u00e7on d\u2019orienter les roues d\u2019un v\u00e9hicule stationn\u00e9 sur une colline, d\u2019abord sur une rue bord\u00e9e, ensuite sur une rue sans bordure\" class=\"mb-5 img-fluid\" width=\"100%\">\r\n\r\n                    <table class=\"table table-borderless\" style=\"text-align: center;\">\r\n                        <tbody>\r\n\r\n                            <tr>\r\n                                <td style=\"width: 25%;\">\r\n                                    <p><strong>En descente <\/strong><br>\r\n                                    <strong>(rue bord\u00e9e)<\/strong><\/p>\r\n                                <\/td>\r\n\r\n                                <td style=\"width: 25%;\">\r\n                                    <p><strong>En mont\u00e9e <\/strong><br>\r\n                                    <strong>(rue bord\u00e9e)<\/strong><\/p>\r\n                                <\/td>\r\n\r\n                                <td style=\"width: 25%;\">\r\n                                    <p><strong>En descente <\/strong><br>\r\n                                    <strong>(rue sans bordure)<\/strong><\/p>\r\n                                <\/td>\r\n\r\n                                <td style=\"width: 25%;\">\r\n                                    <p><strong>En mont\u00e9e<\/strong><br>\r\n                                    <strong>(rue sans bordure)<\/strong><\/p>\r\n                                <\/td>\r\n                            <\/tr>\r\n\r\n                            <tr>\r\n                                <td style=\"width: 25%;\">\r\n\r\n                                    <p>Droite<\/p>\r\n\r\n                                <\/td>\r\n\r\n                                <td style=\"width: 25%;\">\r\n\r\n                                    <p>Gauche<\/p>\r\n\r\n                                <\/td>\r\n\r\n                                <td style=\"width: 25%;\">\r\n\r\n                                    <p>Droite<\/p>\r\n\r\n                                <\/td>\r\n\r\n                                <td style=\"width: 25%;\">\r\n\r\n                                    <p>Droite<\/p>\r\n\r\n                                <\/td>\r\n                            <\/tr>\r\n\r\n                        <\/tbody>\r\n                    <\/table>\r\n\r\n                    <p>Pour r\u00e9sumer, orientez les roues vers la droite si vous stationnez en descente. Si vous stationnez en mont\u00e9e, orientez les roues vers la gauche si la rue est bord\u00e9e ou vers la droite si la rue n\u2019est pas bord\u00e9e.<\/p>\r\n\r\n                    <p>Pourquoi? Si les freins l\u00e2chent et l\u2019auto commence \u00e0 rouler, elle se heurtera contre la bordure et s\u2019arr\u00eatera. Si la rue n\u2019est pas bord\u00e9e, l\u2019auto roulera \u00e0 l\u2019\u00e9cart de la rue au lieu de rouler dans la circulation.<\/p>\r\n\r\n                    <p>Apr\u00e8s avoir correctement orient\u00e9 les roues, serrez le frein \u00e0 main (autrement appel\u00e9 frein de secours ou frein auxiliaire) et passez la transmission au rapport correct. Ce processus est diff\u00e9rent pour les transmissions automatique et manuelles.<\/p>\r\n\r\n                    <h3>Le type de transmission est important\u00a0:<\/h3>\r\n\r\n                    <div class=\"row py-2\">\r\n                        <div class=\"col-12\">\r\n                            <div class=\"card review\" style='background-color:#B5E0EB'>\r\n                                <div class=\"card-body\">\r\n\r\n                                    <h3 id=\"parking-automatic\">Stationnement d\u2019une auto automatique<\/h3>\r\n\r\n                                    <p>Si votre auto est automatique, orientez les roues correctement, ensuite\u00a0:<\/p>\r\n\r\n                                    <ol>\r\n                                        <li>Appliquez le frein \u00e0 main<\/li>\r\n                                        <li>Mettez le v\u00e9hicule en position P (stationnement)<\/li>\r\n                                    <\/ol>\r\n\r\n                                    <p>Le fait de serrer le frein \u00e0 main lorsque vous stationnez l\u2019auto sur une colline r\u00e9duit la pression sur la transmission (surtout le cliquet de stationnement).<\/p>\r\n\r\n                                    <h3 id=\"parking-manual\">Stationnement d\u2019une auto manuelle<\/h3>\r\n\r\n                                    <p>Si vous conduisez une auto \u00e0 transmission manuelle, suivez les \u00e9tapes ci-dessous apr\u00e8s avoir orient\u00e9 les roues\u00a0:<\/p>\r\n\r\n                                    <ol>\r\n                                        <li>Appliquez le frein \u00e0 main<\/li>\r\n                                        <li>Passez \u00e0 la premi\u00e8re vitesse (si vous \u00eates en mont\u00e9e) ou en marche arri\u00e8re (si vous \u00eates en descente)<\/li>\r\n                                    <\/ol>\r\n\r\n                                    <p>Lorsque vous passez \u00e0 une vitesse en sens oppos\u00e9 \u00e0 la colline, la transmission peut servir de frein auxiliaire si le frein \u00e0 main l\u00e2che.<\/p>\r\n\r\n                                <\/div>\r\n                            <\/div>\r\n                        <\/div>\r\n                    <\/div>\r\n\r\n                    <p><\/p>                                 \r\n\r\n                    <p>Que votre auto soit manuelle ou automatique, <strong>serrez toujours le frein \u00e0 main lorsque vous stationnez dans une colline<\/strong>.<\/p>\r\n\r\n                <h2 id=\"hill-parking-laws\">R\u00e8glements de stationnement dans une colline<\/h2>\r\n\r\n                    <p>Il y a des raisons s\u00e9curitaires pour orienter les roues et pour appliquer le frein \u00e0 main dans une pente, en plus des raisons juridiques. Dans certaines provinces, la loi exige que vous orientiez les roues lorsque vous stationnez dans une colline.<\/p>\r\n\r\n                    <p>Par exemple, le Code de la s\u00e9curit\u00e9 routi\u00e8re du Qu\u00e9bec exige l\u2019application du frein d\u2019urgence ainsi que l\u2019orientation des roues<sup><a href=\"#cite1\">1<\/a><\/sup>. Le manque de respect de ces r\u00e8glements peut donner lieu \u00e0 une contravention.<\/p>\r\n\r\n                    <p>Les lois sur le <a href=\"\/fr\/centres-ressources\/proprietaire-vehicule\/questions-stationnement\" title=\"Guide sur le stationnement\">stationnement<\/a> dans une colline n\u2019existent pas dans toutes les provinces. N\u00e9anmoins, le bon stationnement n\u2019est pas super compliqu\u00e9\u00a0: mieux vaut pr\u00e9venir que gu\u00e9rir.<\/p>\r\n\r\n                <h2 id=\"common-questions\">Questions fr\u00e9quemment pos\u00e9es<\/h2>\r\n\r\n                    <h3>Puis-je recevoir une contravention pour stationner incorrectement dans une colline?<\/h3>\r\n\r\n                    <p>Dans certaines provinces, vous pourriez recevoir une amende pour stationner incorrectement dans une pente. Par exemple, en Colombie-Britannique, au Qu\u00e9bec, en Nouvelle-\u00c9cosse et dans d\u2019autres provinces, la loi exige que vous preniez certaines mesures lorsque vous stationnez dans une colline. Au minimum, cela comprend l\u2019orientation des roues pour \u00e9viter que le v\u00e9hicule ne roule pas dans la circulation. De plus, vous pourriez \u00eatre oblig\u00e9 d\u2019appliquer le frein de stationnement.<\/p>\r\n\r\n                    <h3>Dans quelle vitesse devrais-je laisser l\u2019auto lorsque je stationne dans une pente?<\/h3>\r\n\r\n                    <p>Si votre v\u00e9hicule est manuel, passez \u00e0 la premi\u00e8re vitesse en mont\u00e9e ou en marche arri\u00e8re si vous stationnez en descente. Si votre auto est automatique, mettez le v\u00e9hicule en position de stationnement (P). Dans les deux cas, appliquez le frein de stationnement.<\/p>\r\n\r\n                    <h3>Comment devrais-je stationner mon auto en mont\u00e9e dans une rue bord\u00e9e?<\/h3>\r\n\r\n                    <p>Si vous stationnez en mont\u00e9e et la rue est bord\u00e9e, orientez les roues vers la gauche. Si votre auto est \u00e9quip\u00e9e d\u2019une transmission automatique, mettez-la en position de stationnement et serrez le frein \u00e8 main. Si votre auto est \u00e9quip\u00e9e d\u2019une transmission manuelle, stationnez-la en premi\u00e8re vitesse afin qu\u2019elle ne recule.<\/p>\r\n\r\n                    <p><strong>Sources<\/strong><\/p>\r\n\r\n                     <li id=\"cite1\">Code la s\u00e9curit\u00e9 routi\u00e8re. \u00ab\u00a01986, c. 91; 2018, c. 7, a 1.\u00a0\u00bb. <i>https:\/\/www.legisquebec.gouv.qc.ca\/fr<\/i>, <a href=\"https:\/\/www.legisquebec.gouv.qc.ca\/fr\/document\/lc\/C-24.2\" title=\"Code de la s\u00e9curit\u00e9 routi\u00e8re\" rel=\"noopener noreferrer\" target=\"_blank\">legisquebec.gouv.qc.ca\/fr\/document\/lc\/C-24.2<\/a>. Consult\u00e9 le 12\u00a0novembre\u00a02024.<\/li>\r\n\r\n                        <\/ol>\r\n\r\n                    <strong>Vous voulez en savoir plus?<\/strong> Consultez notre <a title=\"Centre de ressources pour les propri\u00e9taires de v\u00e9hicule\" href=\"https:\/\/www.squareone.ca\/fr\/centres-ressources\/proprietaire-vehicule\">centre de ressources pour les propri\u00e9taires de v\u00e9hicule<\/a> pour des articles pratiques. Vous pouvez \u00e9galement obtenir une <a title=\"Obtenir une soumission d'assurance auto en ligne\" href=\"https:\/\/www.squareone.ca\/car\">soumission d'assurance auto en ligne<\/a> en moins de 5&nbsp;minutes et d\u00e9couvrir jusqu'\u00e0 quel point la couverture personnalis\u00e9e peut \u00eatre abordable.\r\n\r\n                    <div class=\"row py-3\">\r\n    <div class=\"col-12\">\r\n        <div class=\"card review\" style=\"background-color:#f0f0f2\">\r\n            <div class=\"card-body\">\r\n                <p class=\"text-primary h4\">\u00c0 propos de l'experte&nbsp;: Jil McIntosh<\/p>\r\n                <p>Jil McIntosh \u00e9crit au sujet des autos depuis belle lurette. Ses articles couvrent une vaste gamme de th\u00e8mes, comme les \u00e9valuations d\u2019autos neuves, l\u2019histoire automobile, la technologie v\u00e9hicule, les nouvelles sur l\u2019industrie. En outre, elle r\u00e9dige des articles pour des publications, comme Driving.ca, AutoTrader.ca, Automotive News Canada, Old Autos, Toronto Star Wheels et autres. Membre de l\u2019Association des journalistes automobile du Canada (AJAC), elle a gagn\u00e9 de nombreux prix, notamment journaliste automobile de l\u2019ann\u00e9e.<\/p>\r\n            <\/div>\r\n        <\/div>\r\n    <\/div>\r\n<\/div>\r\n\r\n            <\/div>\r\n        <\/div>\r\n    <\/div>\r\n<\/section>\r\n<script type=\"application\/ld+json\">\r\n{\r\n  \"@context\": \"https:\/\/schema.org\",\r\n  \"@graph\": [\r\n    {\r\n      \"@type\": [\"WebPage\", \"HowTo\"],\r\n      \"@id\": \"https:\/\/www.squareone.ca\/fr\/centres-ressources\/proprietaire-vehicule\/stationnement-colline\",\r\n      \"url\": \"https:\/\/www.squareone.ca\/fr\/centres-ressources\/proprietaire-vehicule\/stationnement-colline\",\r\n      \"inLanguage\": \"fr-CA\",\r\n      \"isAccessibleForFree\": true,\r\n      \"name\": \"Comment stationner (correctement) dans une colline\",\r\n      \"description\": \"Un guide qui explique les mesures \u00e0 suivre pour stationner un v\u00e9hicule dans une colline, en mont\u00e9e et en descente, avec ou sans bordure de rue, afin d\u2019emp\u00eacher le v\u00e9hicule de rouler.\",\r\n      \"publisher\": {\r\n        \"@id\": \"https:\/\/www.squareone.ca\/fr\"\r\n      },\r\n      \"author\": {\r\n        \"@id\": \"#seamus-mckale\"\r\n      },\r\n      \"reviewedBy\": {\r\n        \"@id\": \"https:\/\/www.squareone.ca\/fr\/a-propos-de-nous\/experts#jil-mcintosh\"\r\n      },\r\n      \"citation\": [\r\n        {\r\n        },\r\n        {\r\n          \"@type\": \"CreativeWork\",\r\n          \"name\": \"Code de la s\u00e9curit\u00e9 routi\u00e8re. 1986, c. 91; 2018, c. 7, a 1.\",\r\n          \"url\": \"https:\/\/www.legisquebec.gouv.qc.ca\/fr\/document\/lc\/C-24.2\"\r\n        },\r\n        {\r\n          }\r\n      ],\r\n      \"step\": [\r\n        {\r\n          \"@type\": \"HowToStep\",\r\n          \"name\": \"Stationnez votre v\u00e9hicule et orienter les roues\",\r\n          \"text\": \"Stationnez votre v\u00e9hicule \u00e0 un maximum de 30 cm de la bordure. Avant de couper le moteur, orientez les roues vers le droit si vous stationnez en descente (sans ou avec bordure) et et en mont\u00e9e sans bordure. Orientez les roues vers le gauche seulement si vous stationnez en mont\u00e9e avec bordure.\"\r\n        },\r\n        {\r\n          \"@type\": \"HowToStep\",\r\n          \"name\": \"Appliquez le frein \u00e0 main\",\r\n          \"text\": \"Appliquez le frein \u00e0 main. Il s\u2019agit d\u2019une \u00e9tape critique pour emp\u00eacher la pression sur la transmission e pour vous assurer que le v\u00e9hicule ne roule pas.\"\r\n        },\r\n        {\r\n          \"@type\": \"HowToStep\",\r\n          \"name\": \"Utilisez la vitesse correcte\",\r\n          \"text\": \"Pour les v\u00e9hicules automatiques, passez en position de stationnement (P). Pour les v\u00e9hicules \u00e0 transmission manuelle, passez \u00e0 la premi\u00e8re vitesse en mont\u00e9e ou en marche arri\u00e8re en descente. La compression du moteur sert de frein suppl\u00e9mentaire dans ce cas.\"\r\n        }\r\n      ]\r\n    },\r\n    {\r\n      \"@type\": \"InsuranceAgency\",\r\n      \"@id\": \"https:\/\/www.squareone.ca\/fr\",\r\n      \"name\": \"Assurances Square One\",\r\n      \"url\": \"https:\/\/www.squareone.ca\/fr\",\r\n      \"logo\": \"https:\/\/cdn.squareone.ca\/wp-content\/uploads\/2021\/04\/09094743\/square-one-logomark-default-md-1.png\",\r\n      \"address\": {\r\n        \"@type\": \"PostalAddress\",\r\n        \"streetAddress\": \"1410-650 W Georgia St\",\r\n        \"addressLocality\": \"Vancouver\",\r\n        \"addressRegion\": \"BC\",\r\n        \"postalCode\": \"V6B 4N8\",\r\n        \"addressCountry\": \"CA\"\r\n      },\r\n      \"telephone\": \"+1-855-331-6933\",\r\n      \"areaServed\": [\"BC\", \"AB\", \"SK\", \"MB\", \"ON\", \"QC\"],\r\n      \"feesAndCommissionsSpecification\": \"https:\/\/www.squareone.ca\/fr\/transparence\"\r\n    },\r\n    {\r\n      \"@type\": \"Person\",\r\n      \"@id\": \"#seamus-mckale\",\r\n      \"name\": \"Seamus McKale\",\r\n      \"url\": \"https:\/\/www.squareone.ca\/fr\/a-propos-de-nous\/membres-equipe#seamus-mckale\",\r\n      \"description\": \"Seamus a 15 ans d\u2019exp\u00e9rience en marketing, avec sp\u00e9cialisation en publicit\u00e9 multim\u00e9dia, r\u00e9daction technique et contenu sur l\u2019assurance personnelle.\",\r\n      \"jobTitle\": \"Sp\u00e9cialiste de marketing de contenu\",\r\n      \"worksFor\": {\r\n        \"@id\": \"https:\/\/www.squareone.ca\/fr\"\r\n      },\r\n      \"hasCredential\": [\r\n        {\r\n          \"@type\": \"EducationalOccupationalCredential\",\r\n          \"name\": \"Certificat en assurance de dommages de la C.-B., niveau 1\"\r\n        },\r\n        {\r\n          \"@type\": \"EducationalOccupationalCredential\",\r\n          \"name\": \"Certificat en assurance de dommages de l\u2019Ontario\"\r\n        }\r\n      ],\r\n      \"knowsAbout\": [\r\n        \"Marketing\",\r\n        \"Publicit\u00e9 multim\u00e9dia\",\r\n        \"R\u00e9daction technique\",\r\n        \"Assurance des particuliers\"\r\n      ],\r\n      \"sameAs\": [\r\n        \"https:\/\/www.linkedin.com\/in\/seamus-m-83801a2b\/\"\r\n      ]\r\n    },\r\n    {\r\n      \"@type\": \"Person\",\r\n      \"@id\": \"https:\/\/www.squareone.ca\/fr\/a-propos-de-nous\/experts#jil-mcintosh\",\r\n      \"name\": \"Jil McIntosh\",\r\n      \"url\": \"https:\/\/www.squareone.ca\/fr\/a-propos-de-nous\/experts#automotive\",\r\n      \"description\": \"Jil McIntosh \u00e9crit des articles sur les automobiles depuis des ann\u00e9es, y compris des \u00e9valuations des nouvelles autos, l\u2019histoire automobile, la technologie automobile et les derni\u00e8res nouvelles du secteur. Membre de l\u2019Association des journalistes automobile du Canada (AJAC), elle a gagn\u00e9 de nombreux prix, notamment journaliste automobile de l\u2019ann\u00e9e.\",\r\n      \"jobTitle\": \"R\u00e9dacteur automobile\",\r\n      \"knowsAbout\": [\r\n        \"\u00c9valuations automobiles\",\r\n        \"Histoire automobiles\",\r\n        \"Technologie automobile\",\r\n        \"Nouvelles du secteur automobile\"\r\n      ]\r\n    },\r\n    {\r\n      \"@type\": \"FAQPage\",\r\n      \"mainEntity\": [\r\n        {\r\n          \"@type\": \"Question\",\r\n          \"name\": \"Puis-je recevoir une contravention pour stationner incorrectement dans une colline?\",\r\n          \"acceptedAnswer\": {\r\n            \"@type\": \"Answer\",\r\n            \"text\": \"Oui. Dans les provinces comme la Colombie-Britannique, le Qu\u00e9bec et la Nouvelle-\u00c9cosse, la loi exige que les roues soient orient\u00e9es vers la bordure ou la chauss\u00e9e et que le frein \u00e0 main soit appliqu\u00e9 lorsque vous stationnez votre auto sur une colline. Le manque de respect de ces lois peut entra\u00eener une contravention.\"\r\n          }\r\n        },\r\n        {\r\n          \"@type\": \"Question\",\r\n          \"name\": \"Dans quelle vitesse devrais-je laisser l\u2019auto lorsque je stationne dans une pente?\",\r\n          \"acceptedAnswer\": {\r\n            \"@type\": \"Answer\",\r\n            \"text\": \"Pour les autos \u00e0 transmission manuelle : Premi\u00e8re vitesse en mont\u00e9e, marche arri\u00e8re en descente. Pour les autos \u00e0 transmission automatique : Stationnement (P). Dans les deux cas, appliquez toujours le frein \u00e0 main.\"\r\n          }\r\n        },\r\n        {\r\n          \"@type\": \"Question\",\r\n          \"name\": \"Comment devrais-je stationner mon auto en mont\u00e9e dans une rue bord\u00e9e?\",\r\n          \"acceptedAnswer\": {\r\n            \"@type\": \"Answer\",\r\n            \"text\": \"Orientez les roues vers le gauche. Si l\u2019auto roule, les roues se heurteront contre la bordure. Les autos \u00e0 transmission manuelle devraient \u00eatre mises en premi\u00e8re vitesse, les autos automatiques en stationnement et le frein \u00e0 main doit \u00eatre appliqu\u00e9.\"\r\n          }\r\n        }\r\n      ]\r\n    }\r\n  ]\r\n}\r\n<\/script>\r\n","protected":false},"excerpt":{"rendered":"<p>Comment stationner (correctement) dans une colline Article \u00e9valu\u00e9 par Jil McIntosh Tout le monde sait stationner son auto, mais stationner dans une colline est une autre histoire. \u00c0 la diff\u00e9rence du stationnement sur terrain plat, le stationnement dans une pente exige quelques mesures s\u00e9curitaires suppl\u00e9mentaires. Tout d\u2019abord, vous devez orienter les roues dans un certain [&hellip;]<\/p>\n","protected":false},"author":20,"featured_media":74068,"parent":73111,"menu_order":0,"comment_status":"closed","ping_status":"closed","template":"page-article-new.php","meta":{"_acf_changed":false,"footnotes":""},"class_list":["post-75794","page","type-page","status-publish","has-post-thumbnail","hentry"],"acf":[],"_links":{"self":[{"href":"https:\/\/www.squareone.ca\/fr\/wp-json\/wp\/v2\/pages\/75794","targetHints":{"allow":["GET"]}}],"collection":[{"href":"https:\/\/www.squareone.ca\/fr\/wp-json\/wp\/v2\/pages"}],"about":[{"href":"https:\/\/www.squareone.ca\/fr\/wp-json\/wp\/v2\/types\/page"}],"author":[{"embeddable":true,"href":"https:\/\/www.squareone.ca\/fr\/wp-json\/wp\/v2\/users\/20"}],"replies":[{"embeddable":true,"href":"https:\/\/www.squareone.ca\/fr\/wp-json\/wp\/v2\/comments?post=75794"}],"version-history":[{"count":7,"href":"https:\/\/www.squareone.ca\/fr\/wp-json\/wp\/v2\/pages\/75794\/revisions"}],"predecessor-version":[{"id":78996,"href":"https:\/\/www.squareone.ca\/fr\/wp-json\/wp\/v2\/pages\/75794\/revisions\/78996"}],"up":[{"embeddable":true,"href":"https:\/\/www.squareone.ca\/fr\/wp-json\/wp\/v2\/pages\/73111"}],"wp:featuredmedia":[{"embeddable":true,"href":"https:\/\/www.squareone.ca\/fr\/wp-json\/wp\/v2\/media\/74068"}],"wp:attachment":[{"href":"https:\/\/www.squareone.ca\/fr\/wp-json\/wp\/v2\/media?parent=75794"}],"curies":[{"name":"wp","href":"https:\/\/api.w.org\/{rel}","templated":true}]}}