{"id":76068,"date":"2025-08-18T10:16:51","date_gmt":"2025-08-18T17:16:51","guid":{"rendered":"https:\/\/www.squareone.ca\/vol-bicyclette-2025"},"modified":"2025-08-18T14:54:01","modified_gmt":"2025-08-18T21:54:01","slug":"vol-bicyclette-2025","status":"publish","type":"page","link":"https:\/\/www.squareone.ca\/fr\/vol-bicyclette-2025","title":{"rendered":"D\u2019apr\u00e8s Square One, le vol des bicyclettes augmente de 138 % pendant l\u2019\u00e9t\u00e9"},"content":{"rendered":"<section class=\"bg-shape-split bg-sub-page-hero\">\r\n    <div class=\"bg-position\">\r\n        <div class=\"container-fluid\">\r\n            <div class='row'>\r\n                <div class='col-12 col-lg-9'>\r\n\r\n                    <h1>D\u2019apr\u00e8s Square One, le vol des bicyclettes augmente de 138&nbsp;% pendant l\u2019\u00e9t\u00e9<\/h1>\r\n\r\n                    <p class='display-4'>7&nbsp;ao\u00fbt&nbsp;2025<\/p>\r\n\r\n                    <p class='display-4'>Vancouver (Colombie-Britannique)&nbsp;: Au Canada, l\u2019\u00e9t\u00e9 est le moment de sortir la bicyclette, mais malheureusement, c\u2019est aussi la saison du vol. Selon les statistiques sur le vol des bicyclettes fournies par divers corps policiers de grandes villes canadiennes, on observe une augmentation spectaculaire de 138&nbsp;% des cas signal\u00e9s durant la p\u00e9riode estivale, soit du &nbsp;1<sup>er<\/sup>&nbsp;juin au 30 septembre par rapport au reste de l\u2019ann\u00e9e.<\/p>\r\n             <\/div>\r\n            <\/div>\r\n        <\/div>\r\n    <\/div>\r\n<div class=\"bg-bottom\"><\/div>\r\n<\/section>\r\n\r\n<section id=\"required\" class=\"xwide-mobile py-6\">\r\n    <div class=\"container-fluid\">\r\n\r\n        <p>Il existe plusieurs tendances en ce qui concerne les heures et les lieux du vol de bicyclette.<\/p>\r\n\r\n        <img decoding=\"async\" src=\"https:\/\/cdn.squareone.ca\/wp-content\/uploads\/2025\/08\/18145304\/Vols-de-bicyclette-declares-par-mois-2018-a-2024-scaled.png\" title=\"Vols de bicyclette d\u00e9clar\u00e9s par mois de 2018 \u00e0 2024\" alt=\"Graphique des vols de bicyclette d\u00e9clar\u00e9s dans chaque mois de 2018 \u00e0 2024\" class=\"mb-5 img-fluid\" loading=\"lazy\" \/>\r\n        <div class=\"mb-3\">  \r\n            <small><i>Donn\u00e9es de Vancouver, de Toronto, de Victoria, de Winnipeg et de Regina.<\/i><\/small>\r\n        <\/div>        \r\n\r\n        <p>Malgr\u00e9 la hausse du nombre de vols en \u00e9t\u00e9, le nombre de vols totaux dans toutes les villes faisant l\u2019objet de l\u2019\u00e9tude \u00e9tait \u00e0 la baisse. L\u2019unique ville dans laquelle les vols de bicyclette tendaient \u00e0 la hausse \u00e9tait Montr\u00e9al. Remarquez que les donn\u00e9es de 2023 et 2024 manquaient pour la M\u00e9tropole au moment de la publication de ce communiqu\u00e9. Le d\u00e9clin est \u00e9galement \u00e9vident si on corrige les donn\u00e9es pour la croissance de la population<sup>1,2<\/sup>.<\/p>\r\n\r\n        <img decoding=\"async\" src=\"https:\/\/cdn.squareone.ca\/wp-content\/uploads\/2025\/08\/18145307\/Nombre-total-des-vols-de-bicyclette-par-an-scaled.png\" title=\"Nombre total des vols de bicyclette par ann\u00e9e\" alt=\"Graphique de tous les vols de bicyclette d\u00e9clar\u00e9s dans sept villes canadiennes entre 2018 \u00e0 2024\" class=\"mb-5 img-fluid\" loading=\"lazy\" \/>        \r\n\r\n        <p><\/p>\r\n\r\n        <img decoding=\"async\" src=\"https:\/\/cdn.squareone.ca\/wp-content\/uploads\/2025\/08\/18145301\/Vols-de-bicyclette-declares-par-an-par-100-000-residents-scaled.png\" title=\"Nombre total de vols de bicyclette d\u00e9clar\u00e9s par an, par 100&nbsp;000&nbsp;r\u00e9sidents\" alt=\"Graphique de tous les vols de bicyclette d\u00e9clar\u00e9s par 100&nbsp;000&nbsp;r\u00e9sidents dans sept villes canadiennes entre 2018 et 2024\" class=\"mb-5 img-fluid\" loading=\"lazy\" \/>        \r\n        <div class=\"mb-3\">  \r\n            <small>Les donn\u00e9es de 2023 et de 2024 pour Montr\u00e9al et Calgary ne sont pas disponibles. Les chiffres par 100&nbsp;000&nbsp;r\u00e9sidents sont ajust\u00e9s selon la population et croissance estim\u00e9e dans le territoire de comp\u00e9tence du service de police de chaque ville.<\/small>\r\n        <\/div>\r\n\r\n        <p>Les lieux de vol de bicyclette n\u2019ont pas \u00e9t\u00e9 d\u00e9clar\u00e9s par tous les services de police. Square One a class\u00e9 les lieux de vol d\u00e9clar\u00e9s de Vancouver, de Toronto, de Victoria et de Winnipeg entre 2016 et 2024 pour un total de plus de 68&nbsp;000&nbsp;vols. Voici les lieux de vol de bicyclette les plus courants&nbsp;:<\/p>\r\n\r\n        <ol>\r\n            <li>Propri\u00e9t\u00e9 r\u00e9sidentielle&nbsp;: 40&nbsp;%<\/li>\r\n            <li>Ext\u00e9rieur (parcs, rues, etc.)&nbsp;: 33&nbsp;%<\/li>\r\n            <li>Propri\u00e9t\u00e9 commerciale&nbsp;: 15&nbsp;%<\/li>\r\n            <li>Installations d\u2019enseignement&nbsp;: 4&nbsp;%<\/li>\r\n            <li>V\u00e9hicules ou installations de transport en commun&nbsp;: 1&nbsp;%<\/li>\r\n            <li>Autre&nbsp;: 7&nbsp;%<\/li>\r\n        <\/ol>\r\n\r\n        <p>Les vols dans les r\u00e9sidences \u00e9taient les plus courants dans chaque ville, \u00e0 l\u2019exception de Vancouver, o\u00f9 les vols dans les lieux publics ext\u00e9rieurs \u00e9taient plus r\u00e9pandus. Beaucoup de vols dans les r\u00e9sidences ont \u00e9t\u00e9 d\u00e9clar\u00e9s, ce qui comprend les bicyclettes entrepos\u00e9es dans les garages ou cabanons.<\/p>\r\n\r\n        <p>Bien que le nombre global de vols de bicyclettes ait baiss\u00e9, on recommande que les cyclistes soient vigilants et prennent des mesures s\u00e9curitaires pour prot\u00e9ger leurs v\u00e9los. Seuls 15&nbsp;% des bicyclettes vol\u00e9es sont r\u00e9cup\u00e9r\u00e9es<sup>3<\/sup>. Voici quelques mesures que vous pouvez prendre pour r\u00e9duire le risque de vol et pour augmenter la possibilit\u00e9 de r\u00e9cup\u00e9ration&nbsp;:<\/p>\r\n\r\n        <ul>\r\n            <li><strong>Procurez-vous un cadenas pour bicyclette de qualit\u00e9.<\/strong> M\u00eame le meilleur cadenas sur le march\u00e9 ne peut pas emp\u00eacher un voleur d\u00e9termin\u00e9. Un cadenas de qualit\u00e9 peut encourager un voleur \u00e0 choisir une cible plus facile. Une combinaison de plusieurs types de cadenas (par exemple, un cadenas en U en acier tremp\u00e9 plus un cadenas de cha\u00eene) aidera, car le voleur devra d\u00e9faire plus d\u2019un cadenas.<\/li>\r\n            <li><strong>Enregistrez votre bicyclette.<\/strong> De nombreux services de police offrent des programmes d\u2019enregistrement de bicyclette pour faciliter l\u2019\u00e9ventuelle r\u00e9cup\u00e9ration du v\u00e9lo en cas de vol. <a href=\"https:\/\/project529.com\/garage\" title=\"Project 529\" rel=\"noopener noreferrer\" target=\"_blank\">529&nbsp;Garage<\/a> est un programme qui appuie la r\u00e9cup\u00e9ration des bicyclettes vol\u00e9es par l\u2019interm\u00e9diaire d\u2019un service d\u2019enregistrement gratuit et des partenariats avec la police et d\u2019autres organisations. Conservez des photos \u00e0 jour de votre bicyclette dans votre t\u00e9l\u00e9phone.<\/li>\r\n            <li><strong>Stationnez votre bicyclette dans des lieux s\u00e9curis\u00e9s.<\/strong> Si vous devez stationner votre bicyclette dans un lieu public, serrez la bicyclette dans un support \u00e0 v\u00e9los ancr\u00e9 dans le terrain ou dans un immeuble. Vous devriez s\u00e9curiser les roues et le ch\u00e2ssis au support. Recherchez des lieux de stationnement avec beaucoup de gens et ne laissez pas des accessoires sur votre bicyclette. Ne laissez pas votre bicyclette dans un lieu public la nuit.<\/li>\r\n        <\/ul>\r\n\r\n        <p>Si votre bicyclette est vol\u00e9e et pas r\u00e9cup\u00e9r\u00e9e, il est possible que vous puissiez revendiquer la perte en vertu de votre assurance habitation, \u00e0 condition que vous ayez une couverture ad\u00e9quate.<\/p>\r\n\r\n        <p>\u00ab&nbsp;Bon nombre de polices d\u2019assurance habitation comprennent un certain niveau de couverture pour les bicyclettes&nbsp;\u00bb d\u00e9clare Daniel Mirkovic, pr\u00e9sident-directeur g\u00e9n\u00e9ral de Square One. \u00ab&nbsp;Cependant, la limitation de couverture n\u2019est pas toujours tr\u00e8s \u00e9lev\u00e9e. Par cons\u00e9quent, il est envisageable de souscrire une couverture suppl\u00e9mentaire pour les bicyclettes haut de gamme&nbsp;\u00bb, rench\u00e9rit-il. Chez Square One, les clients peuvent souscrire la couverture pour bicyclettes au montant de leur choix. Seules les bicyclettes d\u2019une valeur de plus de 3&nbsp;000&nbsp;$ doivent \u00eatre inscrites.<\/p>\r\n\r\n        <p>\u00ab&nbsp;Nous recommandons que les propri\u00e9taires de bicyclette v\u00e9rifient leurs polices d\u2019assurance habitation en ce qui concerne la couverture pour bicyclette. Surtout les propri\u00e9taires des bicyclettes haut de gamme ou de bicyclettes \u00e9lectriques, car la couverture de base sur la plupart des polices ne sera pas suffisante&nbsp;\u00bb constate-t-il.<\/p>\r\n\r\n        <p>\u00ab&nbsp;Par ailleurs, la couverture de responsabilit\u00e9 civile de votre police d\u2019assurance habitation vous prot\u00e9gera si vous blessez un tiers ou endommagez ses biens involontairement pendant que vous exploitez votre bicyclette&nbsp;\u00bb, conclut-il.<\/p>\r\n\r\n        <p>Pour obtenir de plus amples renseignements sur les solutions d\u2019assurance de bicyclette, communiquez avec votre fournisseur d\u2019assurance ou consultez  <a href=\"\/\" title=\"Site Web de Square One website\">squareone.ca\/fr<\/a>.<\/p>\r\n\r\n        <p>-30-<\/p>\r\n\r\n        <ol>\r\n            <li><i>Services de police municipaux desservant une population de 100&nbsp;000&nbsp;habitants et plus, Canada, 2018.<\/i> Statistique Canada. Consult\u00e9 le 20&nbsp;juin&nbsp;2025 au <a href=\"https:\/\/www150.statcan.gc.ca\/n1\/pub\/85-002-x\/2019001\/article\/00015\/tbl\/tbl05-fra.htm\"\r\n\r\ntitle=\"Services de police municipaux desservant une population de 100 000 habitants et plus\"\r\n\r\nrel=\"noopener noreferrer\"\r\n\r\ntarget=\"_blank\">www150.statcan.gc.ca\/n1\/pub\/85-002-x\/2019001\/article\/00015\/tbl\/tbl05-fra.htm<\/a>.<\/li> \r\n                \r\n               \r\n            <li><i>Estimations de la population, 1<sup>er<\/sup>&nbsp;juillet, selon la r\u00e9gion m\u00e9tropolitaine de recensement et l&rsquo;agglom\u00e9ration de recensement, limites de 2021.<\/i> Statistique Canada. Consult\u00e9 le 20&nbsp;juin&nbsp;2025 au <a href=\"https:\/\/www150.statcan.gc.ca\/t1\/tbl1\/fr\/tv.action?pid=1710014801&#038;amp%3BpickMembers%5B0%5D=2.1&#038;amp%3BpickMembers%5B1%5D=3.1&#038;amp%3BcubeTimeFrame.startYear=2017&#038;amp%3BcubeTimeFrame.endYear=2024&#038;amp%3BreferencePeriods=20170101%2C20240101&#038;request_locale=fr\" title=\"Estimations de la population, 1er juillet, selon la r\u00e9gion m\u00e9tropolitaine de recensement et l'agglom\u00e9ration de recensement\"\r\n\r\nrel=\"noopener noreferrer\"\r\n\r\ntarget=\"_blank\">www150.statcan.gc.ca\/t1\/tbl1\/fr\/tv.action?pid=1710014801&#038;amp%3BpickMembers%5B0%5D=2.1&#038;amp%3BpickMembers%5B1%5D=3.1&#038;amp%3BcubeTimeFrame.startYear=2017&#038;amp%3BcubeTimeFrame.endYear=2024&#038;amp%3BreferencePeriods=20170101%2C20240101&#038;request_locale=fr<\/a>.<\/li> \r\n            <li><i>Patterns in Bike Theft and Recovery<\/i>. Cohen, A. et al. Consult\u00e9 le 20&nbsp;juin&nbsp;2025 au <a \r\n                href=\"https:\/\/doi.org\/10.32866\/001c.90056\"\r\n                title=\"Patterns in Bike Theft and Recovery\"\r\n                rel=\"noopener noreferrer\"\r\n                target=\"_blank\">doi.org\/10.32866\/001c.90056<\/a>.<\/li>\r\n        <\/ol>    \r\n            \r\n\r\n        <p><strong>\u00c0 propos de Square One<\/strong><\/p>\r\n\r\n        <p>\u00c9tablie en 2011, Square One est un fournisseur d\u2019assurance en ligne bas\u00e9 \u00e0 Vancouver et qui exploite ses activit\u00e9s en Colombie-Britannique, en Alberta, en Saskatchewan, au Manitoba, en Ontario et au Qu\u00e9bec. Square One propose une assurance abordable en un langage clair, avec une couverture personnalisable et un service \u00e0 la client\u00e8le impeccable. Square One offre des polices pour propri\u00e9taire occupant, copropri\u00e9taire, locataire et propri\u00e9taire bailleur, en plus de l\u2019assurance auto au Qu\u00e9bec et en Ontario. Pour obtenir de plus amples renseignements ou une soumission en assurance habitation, veuillez consulter <a href=\"\/\" title='Site Web de Square One'>squareone.ca\/fr<\/a>.<\/p>\r\n\r\n        <p>Pour de plus amples renseignements sur le pr\u00e9sent communiqu\u00e9 de presse, veuillez communiquer avec&nbsp;:<\/p>\r\n\r\n        <p><strong>Aneel Mattu<\/strong><br \/>\r\n        Directeur, Marketing<br \/>\r\n        Assurances Square One<br\/>\r\n        <a class=\"strong tel sq1-phone-number\" href=\"tel:1-855-331-6933\" style=\"text-decoration:none\">1.855.331.6933<\/a> poste 127<br \/>\r\n        778.919.2096 (mobile)<br \/>\r\n        <a href=\"mailto:aneel.mattu@squareone.ca\">aneel.mattu@squareone.ca<\/a><\/p>\r\n\r\n        <p>\u00c9tabli en 2011, Square One est un fournisseur d\u2019assurance habitation et auto en ligne. Square One offre l\u2019assurance habitation au Qu\u00e9bec, en Colombie-Britannique, en Alberta, en Saskatchewan, au Manitoba et en Ontario. Elle offre l\u2019assurance auto au Qu\u00e9bec et en Ontario et pr\u00e9voit l\u2019offrir dans d\u2019autres provinces. Square One met l\u2019accent sur la prestation d\u2019assurance habitation et auto adaptable aux besoins individuels des clients. Pour de plus amples renseignements, veuillez consulter <a href='\/' title='Site Web de Square One'>squareone.ca\/fr<\/a>.<\/p>\r\n                \r\n    <\/div>\r\n<\/section>\r\n","protected":false},"excerpt":{"rendered":"<p>D\u2019apr\u00e8s Square One, le vol des bicyclettes augmente de 138&nbsp;% pendant l\u2019\u00e9t\u00e9 7&nbsp;ao\u00fbt&nbsp;2025 Vancouver (Colombie-Britannique)&nbsp;: Au Canada, l\u2019\u00e9t\u00e9 est le moment de sortir la bicyclette, mais malheureusement, c\u2019est aussi la saison du vol. Selon les statistiques sur le vol des bicyclettes fournies par divers corps policiers de grandes villes canadiennes, on observe une augmentation spectaculaire [&hellip;]<\/p>\n","protected":false},"author":20,"featured_media":0,"parent":0,"menu_order":0,"comment_status":"closed","ping_status":"closed","template":"","meta":{"_acf_changed":false,"footnotes":""},"class_list":["post-76068","page","type-page","status-publish","hentry"],"acf":[],"_links":{"self":[{"href":"https:\/\/www.squareone.ca\/fr\/wp-json\/wp\/v2\/pages\/76068","targetHints":{"allow":["GET"]}}],"collection":[{"href":"https:\/\/www.squareone.ca\/fr\/wp-json\/wp\/v2\/pages"}],"about":[{"href":"https:\/\/www.squareone.ca\/fr\/wp-json\/wp\/v2\/types\/page"}],"author":[{"embeddable":true,"href":"https:\/\/www.squareone.ca\/fr\/wp-json\/wp\/v2\/users\/20"}],"replies":[{"embeddable":true,"href":"https:\/\/www.squareone.ca\/fr\/wp-json\/wp\/v2\/comments?post=76068"}],"version-history":[{"count":4,"href":"https:\/\/www.squareone.ca\/fr\/wp-json\/wp\/v2\/pages\/76068\/revisions"}],"predecessor-version":[{"id":76084,"href":"https:\/\/www.squareone.ca\/fr\/wp-json\/wp\/v2\/pages\/76068\/revisions\/76084"}],"wp:attachment":[{"href":"https:\/\/www.squareone.ca\/fr\/wp-json\/wp\/v2\/media?parent=76068"}],"curies":[{"name":"wp","href":"https:\/\/api.w.org\/{rel}","templated":true}]}}