{"id":77804,"date":"2025-12-17T12:01:16","date_gmt":"2025-12-17T20:01:16","guid":{"rendered":"https:\/\/www.squareone.ca\/centres-ressources\/lexique-assurance\/definition-antecedents-sinistre"},"modified":"2025-12-17T14:55:59","modified_gmt":"2025-12-17T22:55:59","slug":"definition-antecedents-sinistre","status":"publish","type":"page","link":"https:\/\/www.squareone.ca\/fr\/centres-ressources\/lexique-assurance\/antecedents-sinistre","title":{"rendered":"D\u00e9finition : ant\u00e9c\u00e9dents de sinistre"},"content":{"rendered":"<section id='intro' class=\"bg-shape-split bg-sub-page-hero\">\r\n\t<div class=\"bg-position\">\r\n\t\t<div class=\"container-fluid\">\r\n\t\t\t<div class=\"row align-items-center\">\r\n\t\t\t\t<div class=\"col-12 col-lg-8\">                \r\n\t\t\t\t\t<h1>Ant\u00e9c\u00e9dents de sinistre<\/h1>\r\n\t\t\t\t\t<strong>Article r\u00e9dig\u00e9 par <a href=\"\/fr\/a-propos-de-nous\/contributeurs#seamus-mckale\" title=\"Auteur : Seamus McKale\">Seamus McKale<\/a><\/strong>\r\n                                        <p class=\"pb-3\"><strong>Article \u00e9valu\u00e9 par <a href=\"\/fr\/a-propos-de-nous\/experts\/daniel-mirkovic\" title=\"Expert : Daniel Mirkovic\">Daniel Mirkovic<\/a><\/strong><\/p> \r\n\t\t\t\t\t<p class=\"pb-4\" style=\"margin-top:-24px\">Mis \u00e0 jour le 16 d\u00e9cembre 2025<\/p>\r\n\t\t\t\t<\/div>\r\n\t\t\t<\/div>\r\n \r\n\t\t\t<div class=\"row\">\r\n\t\t\t\t<div class=\"col-lg-8\">\r\n\t\t\t\t\t<p class='mb-0'>Nom<\/p>\r\n\t\t\t\t\t<P>an-t\u00e9-c\u00e9-dents-de-si-ni-stre | \u0251\u0303tesed\u0251\u0303 d\u00f8 sinist\u0281<\/p>\r\n\t\t\t\t\t<p class=\"display-4\"><strong><span class='text-orange'>D\u00e9finition :<\/span> La totalit\u00e9 des r\u00e9clamations pr\u00e9sent\u00e9es par un assur\u00e9 au cours des cinq \u00e0 sept ann\u00e9es pr\u00e9c\u00e9dentes.<\/strong><\/p>\r\n\t\t\t\t\t<p class=\"display-4\"><i>Selon ses <strong>ant\u00e9c\u00e9dents de sinistre<\/strong>, Lukas a re\u00e7u un rabais sur son assurance habitation.<\/i><\/p>                   \r\n\t\t\t\t<\/div>\r\n\r\n\t\t\t\t<div class=\"col-lg-3 offset-lg-1\">          \r\n\t\t\t\t\t<p class=\"mb-2 display-4 pt-4 pt-lg-0 pt-mb-0\"><strong>Th\u00e8mes<\/strong><\/p>\r\n\t\t\t\t\t<ul class=\"list-unstyled link-list display-4\">\r\n\t\t\t\t\t\t<li><a href='#What-it-is'>Qu\u2019est-ce que les ant\u00e9c\u00e9dents de sinistre?<\/a><\/li>\r\n\t\t\t\t\t\t<li><a href='#Coverage'>Ant\u00e9c\u00e9dents de sinistre et couverture<\/a><\/li>\r\n\t\t\t\t\t\t<li><a href='#History-letter'>Lettre d\u2019ant\u00e9c\u00e9dents de sinistre<\/a><\/li>\r\n\t\t\t\t\t<\/ul>\r\n\t\t\t\t<\/div>\r\n\t\t\t<\/div>  \r\n\t\t<\/div>\r\n\t<\/div>\r\n\t<div class=\"bg-bottom\"><\/div>\r\n<\/section>\r\n\r\n<section>\r\n    <div class=\"container-fluid py-6\">\r\n        <div class=\"row\">\r\n            <div class=\"col-12 col-lg-8\">\r\n                <div class=\"row pb-6\">\r\n                    <div class=\"col-12\">\r\n                        <div class=\"card review\" style='background-color:#FFE0C9'>\r\n                            <div class=\"card-body\">\r\n                                <p class=\"h3\">L\u2019essentiel<\/p>\r\n                                <ul class='mb-0'>\r\n \t\t\t\t\t<li>Les ant\u00e9c\u00e9dents de sinistre sont une histoire des r\u00e9clamations en assurance que vous avez pr\u00e9sent\u00e9es par le pass\u00e9.<\/li>\r\n\t\t\t\t\t<li>Le fait de ne pas avoir pr\u00e9sent\u00e9 de r\u00e9clamation, m\u00eame en assurance locataire, peut vous aider \u00e0 \u00e9conomiser sur les primes.<\/li>\r\n\t\t\t\t\t<li>Les compagnies d\u2019assurance consultent vos ant\u00e9c\u00e9dents de sinistre afin de d\u00e9terminer les couvertures et primes. Plus il y a des r\u00e9clamations, plus la prime sera \u00e9lev\u00e9e.<\/li>\r\n                                <\/ul>\r\n                            <\/div>\r\n                        <\/div>\r\n                    <\/div>\r\n                <\/div>\r\n\r\n\t\t\t\t<h2 id=\"What-it-is\">Qu\u2019est-ce qu\u2019une r\u00e9clamation en assurance?<\/h2>\r\n\t\t\t\t<p>Les ant\u00e9c\u00e9dents de sinistre sont effectivement un dossier de l\u2019exp\u00e9rience en assurance d\u2019un particulier. Lorsque vous subissez un sinistre et pr\u00e9sentez une <a href=\"\/fr\/centres-ressources\/lexique-assurance\/reclamation\" title=\"D\u00e9finition : r\u00e9clamation\">r\u00e9clamation<\/a>, les d\u00e9tails sur cette r\u00e9clamation feront partie de vos ant\u00e9c\u00e9dents de sinistre. La nature du sinistre, l\u2019origine des dommages, le montant r\u00e9gl\u00e9 par l\u2019assureur et d\u2019autres d\u00e9tails semblables s\u2019inscrivent tous dans les ant\u00e9c\u00e9dents de sinistre.\r\n\r\n\t\t\t\t<p>Les fournisseurs d\u2019assurance consultent vos ant\u00e9c\u00e9dents de sinistre pour d\u00e9terminer votre prime. G\u00e9n\u00e9ralement, ils s\u2019int\u00e9ressent aux derni\u00e8res 3 \u00e0 6\u00a0ans. Les r\u00e9clamations plus r\u00e9centes sont plus importantes que les r\u00e9clamations plus au pass\u00e9.<\/p>\r\n\r\n\t\t\t\t<p>\u00c0 la diff\u00e9rence des ant\u00e9c\u00e9dents de cr\u00e9dit, qui affichent les habitudes financi\u00e8res d\u2019un particulier, les ant\u00e9c\u00e9dents de sinistre mettent l\u2019accent sur l\u2019exp\u00e9rience et l\u2019utilisation de l\u2019assurance.<\/p>\r\n\r\n\r\n\t\t\t\t<h2 id=\"Coverage\">Comment les ant\u00e9c\u00e9dents de sinistre influencent-ils la couverture?<\/h2>\r\n\r\n\t\t\t\t<p>Les ant\u00e9c\u00e9dents de sinistre sont parmi les nombreux facteurs examin\u00e9s par une compagnie d\u2019assurance pour d\u00e9terminer les couvertures et primes d\u2019une police. Un dossier d\u2019assurance rempli de r\u00e9clamations ne plaira pas aux <a href=\"\/fr\/centres-ressources\/lexique-assurance\/souscripteur\" title=\"D\u00e9finition : souscripteur\">souscripteurs<\/a>. Sur le plan statistique, une histoire de r\u00e9clamations multiples signifie qu\u2019il y a plus de possibilit\u00e9s que le client pr\u00e9sente des r\u00e9clamations \u00e0 l\u2019avenir. R\u00e9sultat\u00a0: le client aura des primes plus \u00e9lev\u00e9es. Dans des cas particuli\u00e8rement extr\u00eames, il est possible que le fournisseur refuse de souscrire l\u2019assurance.<\/p>\r\n\r\n\t\t\t\t<p>Quant \u00e0 l&rsquo;augmentation des primes, elle varie selon le cas et l\u2019assureur. Certains types de r\u00e9clamations sont pires que d\u2019autres. Par exemple, les r\u00e9clamations pour les <a href=\"\/fr\/centres-ressources\/bases-assurance\/degats-eau\" title=\"Article : Peut-on souscrire une assurance contre les d\u00e9g\u00e2ts d\u2019eau?\">d\u00e9g\u00e2ts d\u2019eau<\/a> donnent lieu souvent \u00e0 des hausses de primes en assurance habitation, car les dommages caus\u00e9s par l\u2019eau, comme la moisissure, entra\u00eenent des r\u00e9parations dispendieuses. Le caract\u00e8re r\u00e9cent des r\u00e9clamations est \u00e9galement un facteur important\u00a0: une r\u00e9clamation pr\u00e9sent\u00e9e il y a six mois est plus importante qu\u2019une r\u00e9clamation pr\u00e9sent\u00e9e il y a cinq ou six ans.<\/p>\r\n\t\t\t\t\r\n\t\t\t\t<p>En revanche, un dossier d&rsquo;ant\u00e9c\u00e9dents de sinistre blanc comme neige plaira \u00e0 plus d\u2019un souscripteur. Un dossier sans sinistre indique que vous \u00eates capable d\u2019emp\u00eacher des pertes \u00e9vitables. Si vos ant\u00e9c\u00e9dents d\u2019assurance habitation proviennent de la m\u00eame propri\u00e9t\u00e9, c\u2019est une indication que votre habitation est en bon \u00e9tat et bien entretenue. La plupart des assureurs offrent un rabais aux clients ayant des ant\u00e9c\u00e9dents de sinistre sans r\u00e9clamation.<\/p>\r\n\t\t\t\t\r\n\t\t\t\t<p>Il faut noter cependant\u00a0:<\/p>\r\n\t\t\t\t\r\n\t\t\t\t<p>L\u2019assurance locataire s\u2019inscrit \u00e9galement dans le cadre d\u2019un dossier sans sinistre. Si vous n\u2019avez pas pr\u00e9sent\u00e9 une r\u00e9clamation en assurance locataire pendant dix ans, au moment d\u2019acheter une maison, vous recevrez probablement une prime moins \u00e9lev\u00e9e que quelqu\u2019un qui n\u2019a jamais pris la peine de souscrire une assurance locataire.<\/p>\r\n\r\n\r\n\t\t\t\t<h2 id=\"History-letter\">Qu\u2019est-ce qu\u2019une lettre d\u2019ant\u00e9c\u00e9dents de sinistre?<\/h2>\r\n\r\n\t\t\t\t<p>Une lettre d\u2019ant\u00e9c\u00e9dents de sinistre (autrement appel\u00e9e rapport d\u2019histoire de sinistre ou lettre d\u2019exp\u00e9rience) est un document officiel issu de votre assureur qui d\u00e9crit votre histoire de r\u00e9clamations. Cette lettre constate les biens assur\u00e9s, les <a href=\"\/fr\/centres-ressources\/lexique-assurance\/assure-designe\" title=\"D\u00e9finition : assur\u00e9 d\u00e9sign\u00e9\">assur\u00e9s d\u00e9sign\u00e9s<\/a> ainsi que les r\u00e9clamations pr\u00e9sent\u00e9es, le cas \u00e9ch\u00e9ant. Elle comprend la raison pour la fin du contrat, qu\u2019il s\u2019agisse d\u2019une r\u00e9siliation de la part de l\u2019assureur ou de l\u2019assur\u00e9.<\/p>\r\n\r\n\t\t\t\t<p>Une lettre d\u2019ant\u00e9c\u00e9dents de sinistre n\u2019est pas toujours requise lorsque vous changez d\u2019assureur, car l\u2019assureur peut consulter vos ant\u00e9c\u00e9dents de sinistre \u00e0 l\u2019aide des bases de donn\u00e9es comme le <a href=\"https:\/\/iis.cgi.com\/RapidWeb\/en\/property-risk\/default.aspx\" title=\"IIS: Habitational Insurance Tracking System\" rel=\"noopener noreferrer\" target=\"_blank\">Habitational Insurance Tracking System (HITS)<\/a>. Si vous d\u00e9m\u00e9nagez dans un autre pays cependant, une lettre d\u2019ant\u00e9c\u00e9dents de sinistre vous aidera. Il est probable que les assureurs dans d\u2019autres pays ne peuvent pas consulter vos ant\u00e9c\u00e9dents de sinistre canadiens eux-m\u00eames.<\/p>\r\n\r\n\t\t\t\t<p>Si vous avez besoin d&rsquo;une lettre d\u2019ant\u00e9c\u00e9dents de sinistre, vous n\u2019avez qu\u2019\u00e0 demander votre assureur. Il sera ravi de vous en donner.<\/p>\r\n\r\n\t\t\t\t<p><strong>Vous recherchez une d\u00e9finition en assurance?<\/strong> Consultez notre <a href=\"\/fr\/centres-ressources\/lexique-assurance\" title=\"Centre de ressources : lexique de l'assurance\">Centre de ressources&nbsp;: lexique de l\u2019assurance<\/a> pour acc\u00e9der \u00e0 des d\u00e9finitions faciles \u00e0 comprendre des termes les plus courants de l'assurance. Ensuite, <a href=\"\/fr\/soumission-assurance-habitation-en-ligne\" title=\"Obtenir une soumission d\u2019assurance habitation en ligne\">obtenez une soumission d'assurance habitation en ligne<\/a> en moins de 5\u00a0minutes et d\u00e9couvrez \u00e0 quel point l\u2019assurance habitation personnalis\u00e9e peut \u00eatre abordable.<\/p>\r\n\r\n\t\t\t\t<div class=\"row py-3\">\r\n<div class=\"col-12\">\r\n<div class=\"card review\" style=\"box-shadow: 0 2px 4px rgba(0,0,0,0.07);background-color:#f4f4f4;\">\r\n<div class=\"card-body\">\r\n\t<p class=\"text-primary h4\">\u00c0 propos de l\u2019expert&nbsp;: Daniel Mirkovic<\/p>\r\n\t<p>Cofondateur de Square One comptant plus de 25&nbsp;ans dans le secteur de l\u2019assurance, Daniel \u00e9tait vice-pr\u00e9sident des services d\u2019assurance et de voyage de la British Columbia Automobile Association (BCAA). Daniel est titulaire d'un baccalaur\u00e9at \u00e8s commerce et d'une ma\u00eetrise \u00e8s administration des affaires, tous deux obtenus \u00e0 la Sauder School of Business de l'universit\u00e9 de la Colombie-Britannique. Daniel est muni de la d\u00e9signation CAAC et d\u2019un certificat en assurance de dommages niveau&nbsp;3 en Colombie-Britannique, en Alberta, en Saskatchewan, au Manitoba et en Ontario.<\/p>\r\n<\/div>\r\n<\/div>\r\n<\/div>\r\n<\/div>\r\n\t\t\t<\/div>\r\n\t\t<\/div>\r\n\t<\/div>\r\n<\/section>\r\n<script type=\"application\/ld+json\">\r\n{\r\n  \"@context\": \"https:\/\/schema.org\",\r\n  \"@graph\": [\r\n    {\r\n      \"@type\": [\"WebPage\", \"DefinedTerm\"],\r\n      \"@id\": \"https:\/\/www.squareone.ca\/fr\/centres-ressources\/lexique-assurance\/antecedents-sinistre\",\r\n      \"url\": \"https:\/\/www.squareone.ca\/fr\/centres-ressources\/lexique-assurance\/antecedents-sinistre\",\r\n      \"inLanguage\": \"fr-CA\",\r\n      \"isAccessibleForFree\": true,\r\n      \"name\": \"Ant\u00e9c\u00e9dents de sinistre\",\r\n      \"description\": \"La totalit\u00e9 des r\u00e9clamations pr\u00e9sent\u00e9es par un assur\u00e9, normalement dans les 5 \u00e0 7\u00a0ans pr\u00e9c\u00e9dents.\",\r\n      \"inDefinedTermSet\": {\r\n        \"@type\": \"DefinedTermSet\",\r\n        \"name\": \"Lexique de l\u2019assurance de Square One\",\r\n        \"url\": \"https:\/\/www.squareone.ca\/fr\/centres-ressources\/lexique-assurance\"\r\n      },\r\n      \"publisher\": {\r\n        \"@id\": \"https:\/\/www.squareone.ca\/fr\"\r\n      },\r\n      \"author\": {\r\n        \"@id\": \"#seamus-mckale\"\r\n      },\r\n      \"reviewedBy\": {\r\n        \"@id\": \"https:\/\/www.squareone.ca\/fr\/a-propos-de-nous\/experts\/daniel-mirkovic#person\"\r\n      }\r\n    },\r\n    {\r\n      \"@type\": \"InsuranceAgency\",\r\n      \"@id\": \"https:\/\/www.squareone.ca\/fr\",\r\n      \"name\": \"Assurances Square One\",\r\n      \"url\": \"https:\/\/www.squareone.ca\/fr\",\r\n      \"logo\": \"https:\/\/cdn.squareone.ca\/wp-content\/uploads\/2021\/04\/09094743\/square-one-logomark-default-md-1.png\",\r\n      \"address\": {\r\n        \"@type\": \"PostalAddress\",\r\n        \"streetAddress\": \"1410-650 W Georgia St\",\r\n        \"addressLocality\": \"Vancouver\",\r\n        \"addressRegion\": \"BC\",\r\n        \"postalCode\": \"V6B 4N8\",\r\n        \"addressCountry\": \"CA\"\r\n      },\r\n      \"telephone\": \"+1-855-331-6933\",\r\n      \"areaServed\": [\"BC\", \"AB\", \"SK\", \"MB\", \"ON\", \"QC\"],\r\n      \"feesAndCommissionsSpecification\": \"https:\/\/www.squareone.ca\/fr\/transparence\"\r\n    },\r\n    {\r\n      \"@type\": \"Person\",\r\n      \"@id\": \"#seamus-mckale\",\r\n      \"name\": \"Seamus McKale\",\r\n      \"url\": \"https:\/\/www.squareone.ca\/fr\/a-propos-de-nous\/membres-equipe#seamus-mckale\",\r\n      \"description\": \"Seamus a 15 ans d\u2019exp\u00e9rience en marketing, avec sp\u00e9cialisation en publicit\u00e9 multim\u00e9dia, r\u00e9daction technique et contenu sur l\u2019assurance personnelle.\",\r\n      \"jobTitle\": \"Sp\u00e9cialiste de marketing de contenu\",\r\n      \"worksFor\": {\r\n        \"@id\": \"https:\/\/www.squareone.ca\/fr\"\r\n      },\r\n      \"hasCredential\": [\r\n        {\r\n          \"@type\": \"EducationalOccupationalCredential\",\r\n          \"name\": \"Certificat en assurance de dommages de la C.-B., niveau 1\"\r\n        },\r\n        {\r\n          \"@type\": \"EducationalOccupationalCredential\",\r\n          \"name\": \"Certificat en assurance de dommages de l\u2019Ontario\"\r\n        }\r\n      ],\r\n      \"knowsAbout\": [\r\n        \"Marketing\",\r\n        \"Publicit\u00e9 multim\u00e9dia\",\r\n        \"R\u00e9daction technique\",\r\n        \"Assurance des particuliers\"\r\n      ],\r\n      \"sameAs\": [\r\n        \"https:\/\/www.linkedin.com\/in\/seamus-m-83801a2b\/\"\r\n      ]\r\n    },\r\n    {\r\n      \"@type\": \"Person\",\r\n      \"@id\": \"https:\/\/www.squareone.ca\/fr\/a-propos-de-nous\/experts\/daniel-mirkovic#person\",\r\n      \"name\": \"Daniel Mirkovic\",\r\n      \"url\": \"https:\/\/www.squareone.ca\/fr\/a-propos-de-nous\/experts\/daniel-mirkovic\",\r\n      \"description\": \"Daniel poss\u00e8de de vastes connaissances en assurance, acquises au cours de plus de 25 ans d\u2019exp\u00e9rience dans le secteur.\",\r\n      \"jobTitle\": \"Cofondateur et PDG\",\r\n      \"worksFor\": {\r\n        \"@id\": \"https:\/\/www.squareone.ca\/fr\"\r\n      },\r\n      \"alumniOf\": {\r\n        \"@type\": \"CollegeOrUniversity\",\r\n        \"name\": \"Sauder School of Business at the University of British Columbia\"\r\n      },\r\n      \"hasCredential\": [\r\n        {\r\n          \"@type\": \"EducationalOccupationalCredential\",\r\n          \"name\": \"Courtier d\u2019assurance agr\u00e9\u00e9 du Canada (CAAC)\"\r\n        },\r\n        {\r\n          \"@type\": \"EducationalOccupationalCredential\",\r\n          \"name\": \"Certificat en assurance de dommages, niveau 3 (BC, AB, SK, MB, ON)\"\r\n        }\r\n      ],\r\n      \"knowsAbout\": [\r\n        \"Assurance propri\u00e9taire occupant\",\r\n        \"Assurance locataire\",\r\n        \"Assurance copropri\u00e9taire\",\r\n        \"Assurance auto\",\r\n        \"Assurance automobile de collection\",\r\n        \"Assurance maladie\",\r\n        \"Assurance-vie\",\r\n        \"L\u2019assurance invalidit\u00e9 de longue dur\u00e9e\",\r\n        \"Assurance v\u00e9t\u00e9rinaire\",\r\n        \"Assurance-voyage\",\r\n        \"Planification d\u2019affaires et strat\u00e9gique\",\r\n        \"Publicit\u00e9 s'adressant directement aux consommateurs\",\r\n        \"D\u00e9veloppement des produits\",\r\n        \"Conception de l\u2019exp\u00e9rience des utilisateurs\"\r\n      ],\r\n      \"sameAs\": [\r\n        \"https:\/\/www.linkedin.com\/in\/danielmirkovic\"\r\n      ]\r\n    },\r\n    {\r\n      \"@type\": \"FAQPage\",\r\n      \"mainEntity\": [\r\n        {\r\n          \"@type\": \"Question\",\r\n          \"name\": \"Qu\u2019est-ce que les ant\u00e9c\u00e9dents de sinistre?\",\r\n          \"acceptedAnswer\": {\r\n            \"@type\": \"Answer\",\r\n            \"text\": \"Les ant\u00e9c\u00e9dents de sinistre sont la fiche de l\u2019exp\u00e9rience d\u2019assurance d\u2019un particulier. Lorsque vous subissez un sinistre et pr\u00e9sentez a r\u00e9clamation, les d\u00e9tails sur cette r\u00e9clamation feront partie de vos ant\u00e9c\u00e9dents de sinistre. La nature du sinistre, l\u2019origine des dommages, le montant r\u00e9gl\u00e9 par l\u2019assureur et d\u2019autres d\u00e9tails semblables s\u2019inscrivent tous dans les ant\u00e9c\u00e9dents de sinistre. \u00c0 la diff\u00e9rence des ant\u00e9c\u00e9dents de cr\u00e9dit, qui affichent les habitudes financi\u00e8res d\u2019un particulier, les ant\u00e9c\u00e9dents de sinistre mettent l\u2019accent sur l\u2019exp\u00e9rience et l\u2019utilisation d\u2019assurance.\"\r\n          }\r\n        },\r\n        {\r\n          \"@type\": \"Question\",\r\n          \"name\": \"Comment les ant\u00e9c\u00e9dents de sinistre influencent-ils la couvertur?\",\r\n          \"acceptedAnswer\": {\r\n            \"@type\": \"Answer\",\r\n            \"text\": \"Les ant\u00e9c\u00e9dents de sinistre sont parmi les nombreux facteurs examin\u00e9s par les compagnies d\u2019assurance pour d\u00e9terminer les couvertures et primes. Un dossier d\u2019assurance rempli de r\u00e9clamations ne plaira pas aux souscripteurs. Sur le plan statistique, une histoire de r\u00e9clamations multiples signifie qu\u2019il y a plus de possibilit\u00e9s de r\u00e9clamations \u00e0 l\u2019avenir. R\u00e9sultat\u00a0: le client aura des primes plus \u00e9lev\u00e9es. Dans des cas particuli\u00e8rement extr\u00eames, il est possible que le fournisseur refuse de souscrire l\u2019assurance.\"\r\n          }\r\n        },\r\n        {\r\n          \"@type\": \"Question\",\r\n          \"name\": \"Qu\u2019est-ce qu\u2019une lettre d\u2019ant\u00e9c\u00e9dents de sinistre?\",\r\n          \"acceptedAnswer\": {\r\n            \"@type\": \"Answer\",\r\n            \"text\": \"Une lettre d\u2019ant\u00e9c\u00e9dents de sinistre (autrement appel\u00e9e rapport d\u2019histoire de sinistre ou lettre d\u2019exp\u00e9rience) est un document officiel issu de votre assureur qui d\u00e9crit votre histoire de r\u00e9clamations. Cette lettre constate les biens assur\u00e9s, les assur\u00e9s d\u00e9sign\u00e9s ainsi que les r\u00e9clamations pr\u00e9sent\u00e9es, le cas \u00e9ch\u00e9ant. Elle comprend la raison pour la fin du contrat, qu\u2019il s\u2019agisse d\u2019une r\u00e9siliation de l\u2019assureur ou l\u2019assur\u00e9. Une lettre d\u2019ant\u00e9c\u00e9dents de sinistre n\u2019est pas toujours requise lorsque vous changez d\u2019assureur, car l\u2019assureur peut consulter vos ant\u00e9c\u00e9dents de sinistre \u00e0 l\u2019aide des bases de donn\u00e9es comme le Habitational Insurance Tracking System (HITS).\"\r\n          }\r\n        }\r\n      ]\r\n    }\r\n  ]\r\n}\r\n<\/script>\r\n","protected":false},"excerpt":{"rendered":"<p>Ant\u00e9c\u00e9dents de sinistre Article \u00e9valu\u00e9 par Daniel Mirkovic Nom an-t\u00e9-c\u00e9-dents-de-si-ni-stre | \u0251\u0303tesed\u0251\u0303 d\u00f8 sinist\u0281 D\u00e9finition : La totalit\u00e9 des r\u00e9clamations pr\u00e9sent\u00e9es par un assur\u00e9 au cours des cinq \u00e0 sept ann\u00e9es pr\u00e9c\u00e9dentes. Selon ses ant\u00e9c\u00e9dents de sinistre, Lukas a re\u00e7u un rabais sur son assurance habitation. Th\u00e8mes Qu\u2019est-ce que les ant\u00e9c\u00e9dents de sinistre? Ant\u00e9c\u00e9dents de [&hellip;]<\/p>\n","protected":false},"author":2,"featured_media":0,"parent":53157,"menu_order":0,"comment_status":"closed","ping_status":"closed","template":"page-article-new.php","meta":{"_acf_changed":false,"footnotes":""},"class_list":["post-77804","page","type-page","status-publish","hentry"],"acf":[],"_links":{"self":[{"href":"https:\/\/www.squareone.ca\/fr\/wp-json\/wp\/v2\/pages\/77804","targetHints":{"allow":["GET"]}}],"collection":[{"href":"https:\/\/www.squareone.ca\/fr\/wp-json\/wp\/v2\/pages"}],"about":[{"href":"https:\/\/www.squareone.ca\/fr\/wp-json\/wp\/v2\/types\/page"}],"author":[{"embeddable":true,"href":"https:\/\/www.squareone.ca\/fr\/wp-json\/wp\/v2\/users\/2"}],"replies":[{"embeddable":true,"href":"https:\/\/www.squareone.ca\/fr\/wp-json\/wp\/v2\/comments?post=77804"}],"version-history":[{"count":1,"href":"https:\/\/www.squareone.ca\/fr\/wp-json\/wp\/v2\/pages\/77804\/revisions"}],"predecessor-version":[{"id":77806,"href":"https:\/\/www.squareone.ca\/fr\/wp-json\/wp\/v2\/pages\/77804\/revisions\/77806"}],"up":[{"embeddable":true,"href":"https:\/\/www.squareone.ca\/fr\/wp-json\/wp\/v2\/pages\/53157"}],"wp:attachment":[{"href":"https:\/\/www.squareone.ca\/fr\/wp-json\/wp\/v2\/media?parent=77804"}],"curies":[{"name":"wp","href":"https:\/\/api.w.org\/{rel}","templated":true}]}}